{"id":51959,"date":"2019-01-29T11:06:59","date_gmt":"2019-01-29T10:06:59","guid":{"rendered":"https:\/\/worldofflowerpots.com\/uber-uns\/"},"modified":"2019-03-11T21:06:27","modified_gmt":"2019-03-11T20:06:27","slug":"uber-uns","status":"publish","type":"page","link":"https:\/\/worldofflowerpots.com\/de\/uber-uns\/","title":{"rendered":"\u00dcber uns"},"content":{"rendered":"<p>[vc_row css=&#8220;.vc_custom_1546882069330{padding-top: 40px !important;padding-bottom: 60px !important;}&#8220;][vc_column offset=&#8220;vc_col-lg-offset-1 vc_col-lg-10 vc_col-md-offset-1 vc_col-md-10&#8243; css=&#8220;.vc_custom_1545302080900{padding-bottom: 30px !important;}&#8220;]<div id=\"ultimate-heading-623469f3528ed03ee\" class=\"uvc-heading ult-adjust-bottom-margin ultimate-heading-623469f3528ed03ee uvc-7535 \" data-hspacer=\"no_spacer\"  data-halign=\"center\" style=\"text-align:center\"><div class=\"uvc-heading-spacer no_spacer\" style=\"top\"><\/div><div class=\"uvc-main-heading ult-responsive\"  data-ultimate-target='.uvc-heading.ultimate-heading-623469f3528ed03ee h2'  data-responsive-json-new='{\"font-size\":\"desktop:28px;mobile:20px;\",\"line-height\":\"desktop:38px;mobile:30px;\"}' ><h2 style=\"font-family:&#039;Poppins&#039;;font-weight:300;margin-bottom:42px;\">F\u00fcr Architekten, St\u00e4dteplaner und den GaLaBau<\/h2><\/div><div class=\"uvc-sub-heading ult-responsive\"  data-ultimate-target='.uvc-heading.ultimate-heading-623469f3528ed03ee .uvc-sub-heading '  data-responsive-json-new='{\"font-size\":\"desktop:16px;\",\"line-height\":\"desktop:28px;\"}'  style=\"font-family:&#039;Open Sans&#039;;font-weight:300;\">Unser Portfolio umfasst eine ganze Reihe stilvoller und stilechter Blument\u00f6pfe aus hochwertigen und vor allem innovativen Materialien. Denn f\u00fcr uns ist Realit\u00e4t etwas, in dem Ihre Vorstellungen von dauerhafter Bepflanzung gedeihen k\u00f6nnen \u2013 anstatt im herk\u00f6mmlichen Grau des Alltags unterzugehen.<\/p>\n<p>Hierf\u00fcr setzen wir uns ein. Mit Produkten, die ihresgleichen suchen. Mit Kreativit\u00e4t und nicht zuletzt Materialien, die Sie \u00fcberraschen werden.<\/div><\/div>[\/vc_column][\/vc_row][vc_row bg_type=&#8220;image&#8220; parallax_style=&#8220;vcpb-default&#8220; bg_image_new=&#8220;id^50165|url^https:\/\/worldofflowerpots.com\/wp-content\/uploads\/2018\/12\/donice-plastikowe-na-taras-2-1024&#215;577.jpg|caption^null|alt^null|title^donice-plastikowe-na-taras-2-1024&#215;577|description^null&#8220; bg_override=&#8220;full&#8220; css=&#8220;.vc_custom_1546856070893{padding-top: 230px !important;padding-bottom: 230px !important;}&#8220;][vc_column][\/vc_column][\/vc_row][vc_row css=&#8220;.vc_custom_1548757621578{padding-top: 40px !important;padding-bottom: 60px !important;}&#8220;][vc_column offset=&#8220;vc_col-lg-offset-1 vc_col-lg-10 vc_col-md-offset-1 vc_col-md-10&#8243;]<div id=\"ultimate-heading-855969f3528ed046a\" class=\"uvc-heading ult-adjust-bottom-margin ultimate-heading-855969f3528ed046a uvc-6967 \" data-hspacer=\"no_spacer\"  data-halign=\"center\" style=\"text-align:center\"><div class=\"uvc-heading-spacer no_spacer\" style=\"top\"><\/div><div class=\"uvc-main-heading ult-responsive\"  data-ultimate-target='.uvc-heading.ultimate-heading-855969f3528ed046a h2'  data-responsive-json-new='{\"font-size\":\"desktop:28px;mobile:20px;\",\"line-height\":\"desktop:38px;mobile:30px;\"}' ><h2 style=\"font-family:&#039;Poppins&#039;;font-weight:300;margin-bottom:42px;\">WOF - das Land der Inspiration<\/h2><\/div><div class=\"uvc-sub-heading ult-responsive\"  data-ultimate-target='.uvc-heading.ultimate-heading-855969f3528ed046a .uvc-sub-heading '  data-responsive-json-new='{\"font-size\":\"desktop:16px;\",\"line-height\":\"desktop:28px;\"}'  style=\"font-family:&#039;Open Sans&#039;;font-weight:300;\">Das finden Sie in Deutschland nur bei WORLD OF FLOWERPOTS, Ihrem Spezialisten f\u00fcr eine Au\u00dfengestaltung mit bleibendem Eindruck \u2013 ganz gleich, ob Sie als Architekt, im Garten- und Landschaftsbau oder f\u00fcr die Gestaltung einer Stadt bzw. Gemeinde t\u00e4tig sind.<\/div><\/div>[\/vc_column][\/vc_row][vc_row gap=&#8220;20&#8243; css=&#8220;.vc_custom_1545306704943{padding-top: 40px !important;padding-bottom: 60px !important;}&#8220;][vc_column width=&#8220;1\/3&#8243; css=&#8220;.vc_custom_1545307220348{padding-bottom: 0px !important;}&#8220;]<div class=\"ult-new-ib ult-ib-effect-style2  ult-ib-resp ult-ib2-min-height \" data-min-width=\"768\" data-max-width=\"900\" style=\"background:#000000; opacity:0; \" data-opacity=\"0.8\" data-hover-opacity=\"0.5\"  data-min-height=\"250\" ><img decoding=\"async\" class=\"ult-new-ib-img\" style=\"opacity:0.8;\" alt=\"null\" src=\"https:\/\/worldofflowerpots.com\/wp-content\/uploads\/2018\/12\/blumenkuebel-beton-martina-und-cristina-weiss-schwerin.jpg\"  data-min-height=\"250\"   \/><div id=\"interactive-banner-wrap-1209\" class=\"ult-new-ib-desc\" style=\"\"><h2 class=\"ult-new-ib-title ult-responsive\"  data-ultimate-target='#interactive-banner-wrap-1209 .ult-new-ib-title'  data-responsive-json-new='{\"font-size\":\"desktop:20px;\",\"line-height\":\"desktop:28px;\"}'  style=\"font-family:&#039;Poppins&#039;;font-weight:500;\">Pflanzk\u00fcbel beton<\/h2><div class=\"ult-new-ib-content ult-responsive\"  data-ultimate-target='#interactive-banner-wrap-1209 .ult-new-ib-content'  data-responsive-json-new='{\"font-size\":\"desktop:12px;\",\"line-height\":\"desktop:24px;\"}'  style=\"font-family:&#039;Open Sans&#039;;font-weight:normal;\"><p>Wir bieten elegante T\u00f6pfe der Premium-Klasse aus Beton, die nach h\u00f6chsten Qualit\u00e4tsstandards hergestellt werden.<\/p><\/div><\/div><a class=\"ult-new-ib-link\" href=\"https:\/\/worldofflowerpots.de\/pflanzkubel-beton\/\"  ><\/a><\/div><script type=\"text\/javascript\">\n\t\t\t(function($){\n\t\t\t\t$(document).ready(function(){\n\t\t\t\t\t$(\".ult-new-ib\").css(\"opacity\",\"1\");\n\t\t\t\t});\n\t\t\t})(jQuery);\n\t\t\t<\/script>[\/vc_column][vc_column width=&#8220;1\/3&#8243;]<div class=\"ult-new-ib ult-ib-effect-style2  ult-ib-resp ult-ib2-min-height \" data-min-width=\"768\" data-max-width=\"900\" style=\"background:#000000; opacity:0; \" data-opacity=\"0.8\" data-hover-opacity=\"0.5\"  data-min-height=\"250\" ><img decoding=\"async\" class=\"ult-new-ib-img\" style=\"opacity:0.8;\" alt=\"null\" src=\"https:\/\/worldofflowerpots.com\/wp-content\/uploads\/2018\/12\/pflanzkuebel-gross-alessio-5-material-aluminium.jpg\"  data-min-height=\"250\"   \/><div id=\"interactive-banner-wrap-5230\" class=\"ult-new-ib-desc\" style=\"\"><h2 class=\"ult-new-ib-title ult-responsive\"  data-ultimate-target='#interactive-banner-wrap-5230 .ult-new-ib-title'  data-responsive-json-new='{\"font-size\":\"desktop:20px;\",\"line-height\":\"desktop:28px;\"}'  style=\"font-family:&#039;Poppins&#039;;font-weight:500;\">Pflanzk\u00fcbel aluminium<\/h2><div class=\"ult-new-ib-content ult-responsive\"  data-ultimate-target='#interactive-banner-wrap-5230 .ult-new-ib-content'  data-responsive-json-new='{\"font-size\":\"desktop:12px;\",\"line-height\":\"desktop:24px;\"}'  style=\"font-family:&#039;Open Sans&#039;;font-weight:normal;\"><p>Elegant, langlebig und sehr funktional, und vor allem sind sie T\u00f6pfe aus leichten Materialien, die in jeder Farbe und f\u00fcr jede Umgebung erh\u00e4ltlich sind.<\/p><\/div><\/div><a class=\"ult-new-ib-link\" href=\"https:\/\/worldofflowerpots.de\/pflanzkubel-aluminium\/\"  ><\/a><\/div><script type=\"text\/javascript\">\n\t\t\t(function($){\n\t\t\t\t$(document).ready(function(){\n\t\t\t\t\t$(\".ult-new-ib\").css(\"opacity\",\"1\");\n\t\t\t\t});\n\t\t\t})(jQuery);\n\t\t\t<\/script>[\/vc_column][vc_column width=&#8220;1\/3&#8243;]<div class=\"ult-new-ib ult-ib-effect-style2  ult-ib-resp ult-ib2-min-height \" data-min-width=\"768\" data-max-width=\"900\" style=\"background:#000000; opacity:0; \" data-opacity=\"0.8\" data-hover-opacity=\"0.5\"  data-min-height=\"250\" ><img decoding=\"async\" class=\"ult-new-ib-img\" style=\"opacity:0.8;\" alt=\"null\" src=\"https:\/\/worldofflowerpots.com\/wp-content\/uploads\/2018\/12\/pflanzkuebel-gross-vaso-2-cortenstahl.jpg\"  data-min-height=\"250\"   \/><div id=\"interactive-banner-wrap-1703\" class=\"ult-new-ib-desc\" style=\"\"><h2 class=\"ult-new-ib-title ult-responsive\"  data-ultimate-target='#interactive-banner-wrap-1703 .ult-new-ib-title'  data-responsive-json-new='{\"font-size\":\"desktop:20px;\",\"line-height\":\"desktop:28px;\"}'  style=\"font-family:&#039;Poppins&#039;;font-weight:500;\">Pflanzk\u00fcbel Cortenstahl<\/h2><div class=\"ult-new-ib-content ult-responsive\"  data-ultimate-target='#interactive-banner-wrap-1703 .ult-new-ib-content'  data-responsive-json-new='{\"font-size\":\"desktop:12px;\",\"line-height\":\"desktop:24px;\"}'  style=\"font-family:&#039;Open Sans&#039;;font-weight:normal;\"><p>Pflanzk\u00fcbel Cortenstahl ist ein beeindruckendes Element der kleinen Architektur, das sich urspr\u00fcnglich im offenen Raum pr\u00e4sentiert.<\/p><\/div><\/div><a class=\"ult-new-ib-link\" href=\"https:\/\/worldofflowerpots.de\/pflanzkubel-cortenstahl\/\"  ><\/a><\/div><script type=\"text\/javascript\">\n\t\t\t(function($){\n\t\t\t\t$(document).ready(function(){\n\t\t\t\t\t$(\".ult-new-ib\").css(\"opacity\",\"1\");\n\t\t\t\t});\n\t\t\t})(jQuery);\n\t\t\t<\/script>[\/vc_column][vc_column width=&#8220;1\/3&#8243;]<div class=\"ult-new-ib ult-ib-effect-style2  ult-ib-resp ult-ib2-min-height \" data-min-width=\"768\" data-max-width=\"900\" style=\"background:#000000; opacity:0; \" data-opacity=\"0.8\" data-hover-opacity=\"0.5\"  data-min-height=\"250\" ><img decoding=\"async\" class=\"ult-new-ib-img\" style=\"opacity:0.8;\" alt=\"null\" src=\"https:\/\/worldofflowerpots.com\/wp-content\/uploads\/2018\/12\/pflanzkuebel-fiberglas-marco-1-home.jpg\"  data-min-height=\"250\"   \/><div id=\"interactive-banner-wrap-9389\" class=\"ult-new-ib-desc\" style=\"\"><h2 class=\"ult-new-ib-title ult-responsive\"  data-ultimate-target='#interactive-banner-wrap-9389 .ult-new-ib-title'  data-responsive-json-new='{\"font-size\":\"desktop:20px;\",\"line-height\":\"desktop:28px;\"}'  style=\"font-family:&#039;Poppins&#039;;font-weight:500;\">Pflanzk\u00fcbel fiberglas<\/h2><div class=\"ult-new-ib-content ult-responsive\"  data-ultimate-target='#interactive-banner-wrap-9389 .ult-new-ib-content'  data-responsive-json-new='{\"font-size\":\"desktop:12px;\",\"line-height\":\"desktop:24px;\"}'  style=\"font-family:&#039;Open Sans&#039;;font-weight:normal;\"><p>T\u00f6pfe aus leichten Materialien wie Glasfaser (Polyesterharz und Glasmatte) zeichnen sich durch eine au\u00dfergew\u00f6hnliche Haltbarkeit aus und sind eine ideale L\u00f6sung f\u00fcr jeden Innenbereich.<\/p><\/div><\/div><a class=\"ult-new-ib-link\" href=\"https:\/\/worldofflowerpots.de\/pflanzkubel-fiberglas\/\"  ><\/a><\/div><script type=\"text\/javascript\">\n\t\t\t(function($){\n\t\t\t\t$(document).ready(function(){\n\t\t\t\t\t$(\".ult-new-ib\").css(\"opacity\",\"1\");\n\t\t\t\t});\n\t\t\t})(jQuery);\n\t\t\t<\/script>[\/vc_column][vc_column width=&#8220;1\/3&#8243;]<div class=\"ult-new-ib ult-ib-effect-style2  ult-ib-resp ult-ib2-min-height \" data-min-width=\"768\" data-max-width=\"900\" style=\"background:#000000; opacity:0; \" data-opacity=\"0.8\" data-hover-opacity=\"0.5\"  data-min-height=\"250\" ><img decoding=\"async\" class=\"ult-new-ib-img\" style=\"opacity:0.8;\" alt=\"null\" src=\"https:\/\/worldofflowerpots.com\/wp-content\/uploads\/2018\/12\/pflanzkuebel-beton-hydra-medio-grande-serie-design.jpg\"  data-min-height=\"250\"   \/><div id=\"interactive-banner-wrap-1251\" class=\"ult-new-ib-desc\" style=\"\"><h2 class=\"ult-new-ib-title ult-responsive\"  data-ultimate-target='#interactive-banner-wrap-1251 .ult-new-ib-title'  data-responsive-json-new='{\"font-size\":\"desktop:20px;\",\"line-height\":\"desktop:28px;\"}'  style=\"font-family:&#039;Poppins&#039;;font-weight:500;\">Design Pflanzk\u00fcbel\u2029 Ultrabeton<\/h2><div class=\"ult-new-ib-content ult-responsive\"  data-ultimate-target='#interactive-banner-wrap-1251 .ult-new-ib-content'  data-responsive-json-new='{\"font-size\":\"desktop:12px;\",\"line-height\":\"desktop:24px;\"}'  style=\"font-family:&#039;Open Sans&#039;;font-weight:normal;\"><p>Wir bieten moderne Anordnungen aus Beton, das Produkt zeichnet sich durch hervorragende Qualit\u00e4tsparameter aus, die sich in einer hervorragenden Optik widerspiegeln.<\/p><\/div><\/div><a class=\"ult-new-ib-link\" href=\"https:\/\/worldofflowerpots.de\/design-pflanzkubel-ultrabeton\/\"  ><\/a><\/div><script type=\"text\/javascript\">\n\t\t\t(function($){\n\t\t\t\t$(document).ready(function(){\n\t\t\t\t\t$(\".ult-new-ib\").css(\"opacity\",\"1\");\n\t\t\t\t});\n\t\t\t})(jQuery);\n\t\t\t<\/script>[\/vc_column][vc_column width=&#8220;1\/3&#8243;]<div class=\"ult-new-ib ult-ib-effect-style2  ult-ib-resp ult-ib2-min-height \" data-min-width=\"768\" data-max-width=\"900\" style=\"background:#000000; opacity:0; \" data-opacity=\"0.8\" data-hover-opacity=\"0.5\"  data-min-height=\"250\" ><img decoding=\"async\" class=\"ult-new-ib-img\" style=\"opacity:0.8;\" alt=\"null\" src=\"https:\/\/worldofflowerpots.com\/wp-content\/uploads\/2018\/12\/feuerstelle-fuer-garten-corten-fiamma.jpg\"  data-min-height=\"250\"   \/><div id=\"interactive-banner-wrap-8825\" class=\"ult-new-ib-desc\" style=\"\"><h2 class=\"ult-new-ib-title ult-responsive\"  data-ultimate-target='#interactive-banner-wrap-8825 .ult-new-ib-title'  data-responsive-json-new='{\"font-size\":\"desktop:20px;\",\"line-height\":\"desktop:28px;\"}'  style=\"font-family:&#039;Poppins&#039;;font-weight:500;\">Feuerstelle f\u00fcr garten<\/h2><div class=\"ult-new-ib-content ult-responsive\"  data-ultimate-target='#interactive-banner-wrap-8825 .ult-new-ib-content'  data-responsive-json-new='{\"font-size\":\"desktop:12px;\",\"line-height\":\"desktop:24px;\"}'  style=\"font-family:&#039;Open Sans&#039;;font-weight:normal;\"><p>Bei der Planung der Anordnung der einzelnen G\u00e4rten lohnt es sich, dar\u00fcber nachzudenken, einen Ort zu schaffen, der auch an kalten Herbstabenden einen Platz bietet.<\/p><\/div><\/div><a class=\"ult-new-ib-link\" href=\"https:\/\/worldofflowerpots.de\/feuerstelle-fur-garten\/\"  ><\/a><\/div><script type=\"text\/javascript\">\n\t\t\t(function($){\n\t\t\t\t$(document).ready(function(){\n\t\t\t\t\t$(\".ult-new-ib\").css(\"opacity\",\"1\");\n\t\t\t\t});\n\t\t\t})(jQuery);\n\t\t\t<\/script>[\/vc_column][\/vc_row]<\/p>\n","protected":false},"excerpt":{"rendered":"<p>[vc_row css=&#8220;.vc_custom_1546882069330{padding-top: 40px !important;padding-bottom: 60px !important;}&#8220;][vc_column offset=&#8220;vc_col-lg-offset-1 vc_col-lg-10 vc_col-md-offset-1 vc_col-md-10&#8243; css=&#8220;.vc_custom_1545302080900{padding-bottom: 30px !important;}&#8220;][\/vc_column][\/vc_row][vc_row bg_type=&#8220;image&#8220; parallax_style=&#8220;vcpb-default&#8220; bg_image_new=&#8220;id^50165|url^https:\/\/worldofflowerpots.com\/wp-content\/uploads\/2018\/12\/donice-plastikowe-na-taras-2-1024&#215;577.jpg|caption^null|alt^null|title^donice-plastikowe-na-taras-2-1024&#215;577|description^null&#8220; bg_override=&#8220;full&#8220; css=&#8220;.vc_custom_1546856070893{padding-top: 230px !important;padding-bottom: 230px !important;}&#8220;][vc_column][\/vc_column][\/vc_row][vc_row css=&#8220;.vc_custom_1548757621578{padding-top: 40px !important;padding-bottom: 60px !important;}&#8220;][vc_column offset=&#8220;vc_col-lg-offset-1 vc_col-lg-10 vc_col-md-offset-1 vc_col-md-10&#8243;][\/vc_column][\/vc_row][vc_row gap=&#8220;20&#8243; css=&#8220;.vc_custom_1545306704943{padding-top: 40px !important;padding-bottom: 60px !important;}&#8220;][vc_column width=&#8220;1\/3&#8243; css=&#8220;.vc_custom_1545307220348{padding-bottom: 0px !important;}&#8220;][\/vc_column][vc_column width=&#8220;1\/3&#8243;][\/vc_column][vc_column width=&#8220;1\/3&#8243;][\/vc_column][vc_column width=&#8220;1\/3&#8243;][\/vc_column][vc_column width=&#8220;1\/3&#8243;][\/vc_column][vc_column width=&#8220;1\/3&#8243;][\/vc_column][\/vc_row]<\/p>\n","protected":false},"author":1,"featured_media":0,"parent":0,"menu_order":0,"comment_status":"closed","ping_status":"closed","template":"","meta":{"_acf_changed":false},"class_list":["post-51959","page","type-page","status-publish","hentry","description-off"],"acf":[],"yoast_head":"<!-- This site is optimized with the Yoast SEO plugin v27.5 - https:\/\/yoast.com\/product\/yoast-seo-wordpress\/ -->\n<title>\u00dcber uns | Blumenk\u00fcbel World of Flowerpots - Pflanzk\u00fcbel beton, blumentr\u00f6ge, blumenk\u00fcbel gro\u00df, cortenstahl, fiberglas<\/title>\n<meta name=\"robots\" content=\"index, follow, max-snippet:-1, max-image-preview:large, max-video-preview:-1\" \/>\n<link rel=\"canonical\" href=\"https:\/\/worldofflowerpots.com\/uber-uns\/\" \/>\n<meta property=\"og:locale\" content=\"de_DE\" \/>\n<meta property=\"og:type\" content=\"article\" \/>\n<meta property=\"og:title\" content=\"\u00dcber uns | Blumenk\u00fcbel World of Flowerpots - Pflanzk\u00fcbel beton, blumentr\u00f6ge, blumenk\u00fcbel gro\u00df, cortenstahl, fiberglas\" \/>\n<meta property=\"og:description\" content=\"[vc_row css=&#8220;.vc_custom_1546882069330{padding-top: 40px !important;padding-bottom: 60px !important;}&#8220;][vc_column offset=&#8220;vc_col-lg-offset-1 vc_col-lg-10 vc_col-md-offset-1 vc_col-md-10&#8243; css=&#8220;.vc_custom_1545302080900{padding-bottom: 30px !important;}&#8220;][\/vc_column][\/vc_row][vc_row bg_type=&#8220;image&#8220; parallax_style=&#8220;vcpb-default&#8220; bg_image_new=&#8220;id^50165|url^https:\/\/worldofflowerpots.com\/wp-content\/uploads\/2018\/12\/donice-plastikowe-na-taras-2-1024&#215;577.jpg|caption^null|alt^null|title^donice-plastikowe-na-taras-2-1024&#215;577|description^null&#8220; bg_override=&#8220;full&#8220; css=&#8220;.vc_custom_1546856070893{padding-top: 230px !important;padding-bottom: 230px !important;}&#8220;][vc_column][\/vc_column][\/vc_row][vc_row css=&#8220;.vc_custom_1548757621578{padding-top: 40px !important;padding-bottom: 60px !important;}&#8220;][vc_column offset=&#8220;vc_col-lg-offset-1 vc_col-lg-10 vc_col-md-offset-1 vc_col-md-10&#8243;][\/vc_column][\/vc_row][vc_row gap=&#8220;20&#8243; css=&#8220;.vc_custom_1545306704943{padding-top: 40px !important;padding-bottom: 60px !important;}&#8220;][vc_column width=&#8220;1\/3&#8243; css=&#8220;.vc_custom_1545307220348{padding-bottom: 0px !important;}&#8220;][\/vc_column][vc_column width=&#8220;1\/3&#8243;][\/vc_column][vc_column width=&#8220;1\/3&#8243;][\/vc_column][vc_column width=&#8220;1\/3&#8243;][\/vc_column][vc_column width=&#8220;1\/3&#8243;][\/vc_column][vc_column width=&#8220;1\/3&#8243;][\/vc_column][\/vc_row]\" \/>\n<meta property=\"og:url\" content=\"https:\/\/worldofflowerpots.com\/uber-uns\/\" \/>\n<meta property=\"og:site_name\" content=\"Blumenk\u00fcbel World of Flowerpots\" \/>\n<meta property=\"article:modified_time\" content=\"2019-03-11T20:06:27+00:00\" \/>\n<meta name=\"twitter:card\" content=\"summary_large_image\" \/>\n<meta name=\"twitter:label1\" content=\"Gesch\u00e4tzte Lesezeit\" \/>\n\t<meta name=\"twitter:data1\" content=\"6\u00a0Minuten\" \/>\n<script type=\"application\/ld+json\" class=\"yoast-schema-graph\">{\"@context\":\"https:\\\/\\\/schema.org\",\"@graph\":[{\"@type\":\"WebPage\",\"@id\":\"https:\\\/\\\/worldofflowerpots.com\\\/uber-uns\\\/\",\"url\":\"https:\\\/\\\/worldofflowerpots.com\\\/uber-uns\\\/\",\"name\":\"\u00dcber uns | Blumenk\u00fcbel World of Flowerpots - Pflanzk\u00fcbel beton, blumentr\u00f6ge, blumenk\u00fcbel gro\u00df, cortenstahl, fiberglas\",\"isPartOf\":{\"@id\":\"https:\\\/\\\/worldofflowerpots.com\\\/#website\"},\"datePublished\":\"2019-01-29T10:06:59+00:00\",\"dateModified\":\"2019-03-11T20:06:27+00:00\",\"breadcrumb\":{\"@id\":\"https:\\\/\\\/worldofflowerpots.com\\\/uber-uns\\\/#breadcrumb\"},\"inLanguage\":\"de\",\"potentialAction\":[{\"@type\":\"ReadAction\",\"target\":[\"https:\\\/\\\/worldofflowerpots.com\\\/uber-uns\\\/\"]}]},{\"@type\":\"BreadcrumbList\",\"@id\":\"https:\\\/\\\/worldofflowerpots.com\\\/uber-uns\\\/#breadcrumb\",\"itemListElement\":[{\"@type\":\"ListItem\",\"position\":1,\"name\":\"Strona g\u0142\u00f3wna\",\"item\":\"https:\\\/\\\/worldofflowerpots.com\\\/blumenkuebel-grosse-auswahl\\\/\"},{\"@type\":\"ListItem\",\"position\":2,\"name\":\"\u00dcber uns\"}]},{\"@type\":\"WebSite\",\"@id\":\"https:\\\/\\\/worldofflowerpots.com\\\/#website\",\"url\":\"https:\\\/\\\/worldofflowerpots.com\\\/\",\"name\":\"Blumenk\u00fcbel World of Flowerpots\",\"description\":\"Pflanzk\u00fcbel beton, blumentr\u00f6ge, blumenk\u00fcbel gro\u00df, cortenstahl, fiberglas\",\"potentialAction\":[{\"@type\":\"SearchAction\",\"target\":{\"@type\":\"EntryPoint\",\"urlTemplate\":\"https:\\\/\\\/worldofflowerpots.com\\\/?s={search_term_string}\"},\"query-input\":{\"@type\":\"PropertyValueSpecification\",\"valueRequired\":true,\"valueName\":\"search_term_string\"}}],\"inLanguage\":\"de\"}]}<\/script>\n<!-- \/ Yoast SEO plugin. -->","yoast_head_json":{"title":"\u00dcber uns | Blumenk\u00fcbel World of Flowerpots - Pflanzk\u00fcbel beton, blumentr\u00f6ge, blumenk\u00fcbel gro\u00df, cortenstahl, fiberglas","robots":{"index":"index","follow":"follow","max-snippet":"max-snippet:-1","max-image-preview":"max-image-preview:large","max-video-preview":"max-video-preview:-1"},"canonical":"https:\/\/worldofflowerpots.com\/uber-uns\/","og_locale":"de_DE","og_type":"article","og_title":"\u00dcber uns | Blumenk\u00fcbel World of Flowerpots - Pflanzk\u00fcbel beton, blumentr\u00f6ge, blumenk\u00fcbel gro\u00df, cortenstahl, fiberglas","og_description":"[vc_row css=&#8220;.vc_custom_1546882069330{padding-top: 40px !important;padding-bottom: 60px !important;}&#8220;][vc_column offset=&#8220;vc_col-lg-offset-1 vc_col-lg-10 vc_col-md-offset-1 vc_col-md-10&#8243; css=&#8220;.vc_custom_1545302080900{padding-bottom: 30px !important;}&#8220;][\/vc_column][\/vc_row][vc_row bg_type=&#8220;image&#8220; parallax_style=&#8220;vcpb-default&#8220; bg_image_new=&#8220;id^50165|url^https:\/\/worldofflowerpots.com\/wp-content\/uploads\/2018\/12\/donice-plastikowe-na-taras-2-1024&#215;577.jpg|caption^null|alt^null|title^donice-plastikowe-na-taras-2-1024&#215;577|description^null&#8220; bg_override=&#8220;full&#8220; css=&#8220;.vc_custom_1546856070893{padding-top: 230px !important;padding-bottom: 230px !important;}&#8220;][vc_column][\/vc_column][\/vc_row][vc_row css=&#8220;.vc_custom_1548757621578{padding-top: 40px !important;padding-bottom: 60px !important;}&#8220;][vc_column offset=&#8220;vc_col-lg-offset-1 vc_col-lg-10 vc_col-md-offset-1 vc_col-md-10&#8243;][\/vc_column][\/vc_row][vc_row gap=&#8220;20&#8243; css=&#8220;.vc_custom_1545306704943{padding-top: 40px !important;padding-bottom: 60px !important;}&#8220;][vc_column width=&#8220;1\/3&#8243; css=&#8220;.vc_custom_1545307220348{padding-bottom: 0px !important;}&#8220;][\/vc_column][vc_column width=&#8220;1\/3&#8243;][\/vc_column][vc_column width=&#8220;1\/3&#8243;][\/vc_column][vc_column width=&#8220;1\/3&#8243;][\/vc_column][vc_column width=&#8220;1\/3&#8243;][\/vc_column][vc_column width=&#8220;1\/3&#8243;][\/vc_column][\/vc_row]","og_url":"https:\/\/worldofflowerpots.com\/uber-uns\/","og_site_name":"Blumenk\u00fcbel World of Flowerpots","article_modified_time":"2019-03-11T20:06:27+00:00","twitter_card":"summary_large_image","twitter_misc":{"Gesch\u00e4tzte Lesezeit":"6\u00a0Minuten"},"schema":{"@context":"https:\/\/schema.org","@graph":[{"@type":"WebPage","@id":"https:\/\/worldofflowerpots.com\/uber-uns\/","url":"https:\/\/worldofflowerpots.com\/uber-uns\/","name":"\u00dcber uns | Blumenk\u00fcbel World of Flowerpots - Pflanzk\u00fcbel beton, blumentr\u00f6ge, blumenk\u00fcbel gro\u00df, cortenstahl, fiberglas","isPartOf":{"@id":"https:\/\/worldofflowerpots.com\/#website"},"datePublished":"2019-01-29T10:06:59+00:00","dateModified":"2019-03-11T20:06:27+00:00","breadcrumb":{"@id":"https:\/\/worldofflowerpots.com\/uber-uns\/#breadcrumb"},"inLanguage":"de","potentialAction":[{"@type":"ReadAction","target":["https:\/\/worldofflowerpots.com\/uber-uns\/"]}]},{"@type":"BreadcrumbList","@id":"https:\/\/worldofflowerpots.com\/uber-uns\/#breadcrumb","itemListElement":[{"@type":"ListItem","position":1,"name":"Strona g\u0142\u00f3wna","item":"https:\/\/worldofflowerpots.com\/blumenkuebel-grosse-auswahl\/"},{"@type":"ListItem","position":2,"name":"\u00dcber uns"}]},{"@type":"WebSite","@id":"https:\/\/worldofflowerpots.com\/#website","url":"https:\/\/worldofflowerpots.com\/","name":"Blumenk\u00fcbel World of Flowerpots","description":"Pflanzk\u00fcbel beton, blumentr\u00f6ge, blumenk\u00fcbel gro\u00df, cortenstahl, fiberglas","potentialAction":[{"@type":"SearchAction","target":{"@type":"EntryPoint","urlTemplate":"https:\/\/worldofflowerpots.com\/?s={search_term_string}"},"query-input":{"@type":"PropertyValueSpecification","valueRequired":true,"valueName":"search_term_string"}}],"inLanguage":"de"}]}},"_links":{"self":[{"href":"https:\/\/worldofflowerpots.com\/de\/wp-json\/wp\/v2\/pages\/51959","targetHints":{"allow":["GET"]}}],"collection":[{"href":"https:\/\/worldofflowerpots.com\/de\/wp-json\/wp\/v2\/pages"}],"about":[{"href":"https:\/\/worldofflowerpots.com\/de\/wp-json\/wp\/v2\/types\/page"}],"author":[{"embeddable":true,"href":"https:\/\/worldofflowerpots.com\/de\/wp-json\/wp\/v2\/users\/1"}],"replies":[{"embeddable":true,"href":"https:\/\/worldofflowerpots.com\/de\/wp-json\/wp\/v2\/comments?post=51959"}],"version-history":[{"count":5,"href":"https:\/\/worldofflowerpots.com\/de\/wp-json\/wp\/v2\/pages\/51959\/revisions"}],"predecessor-version":[{"id":55317,"href":"https:\/\/worldofflowerpots.com\/de\/wp-json\/wp\/v2\/pages\/51959\/revisions\/55317"}],"wp:attachment":[{"href":"https:\/\/worldofflowerpots.com\/de\/wp-json\/wp\/v2\/media?parent=51959"}],"curies":[{"name":"wp","href":"https:\/\/api.w.org\/{rel}","templated":true}]}}