{"id":51964,"date":"2019-01-29T11:30:45","date_gmt":"2019-01-29T10:30:45","guid":{"rendered":"https:\/\/worldofflowerpots.com\/impressum\/"},"modified":"2019-04-19T13:29:49","modified_gmt":"2019-04-19T11:29:49","slug":"impressum","status":"publish","type":"page","link":"https:\/\/worldofflowerpots.com\/de\/impressum\/","title":{"rendered":"Impressum"},"content":{"rendered":"<p>[vc_row css=&#8220;.vc_custom_1547414666762{padding-top: 40px !important;padding-bottom: 80px !important;}&#8220;][vc_column css=&#8220;.vc_custom_1547414601895{padding-bottom: 30px !important;}&#8220;]<div id=\"ultimate-heading-353069f35285e0494\" class=\"uvc-heading ult-adjust-bottom-margin ultimate-heading-353069f35285e0494 uvc-639 \" data-hspacer=\"no_spacer\"  data-halign=\"center\" style=\"text-align:center\"><div class=\"uvc-heading-spacer no_spacer\" style=\"top\"><\/div><div class=\"uvc-main-heading ult-responsive\"  data-ultimate-target='.uvc-heading.ultimate-heading-353069f35285e0494 h4'  data-responsive-json-new='{\"font-size\":\"desktop:28px;\",\"line-height\":\"desktop:36px;\"}' ><h4 style=\"font-family:&#039;Poppins&#039;;font-weight:300;margin-bottom:14px;\">WOF Sp. z o.o.<\/h4><\/div><div class=\"uvc-sub-heading ult-responsive\"  data-ultimate-target='.uvc-heading.ultimate-heading-353069f35285e0494 .uvc-sub-heading '  data-responsive-json-new='{\"font-size\":\"desktop:16px;\",\"line-height\":\"desktop:28px;\"}'  style=\"font-family:&#039;Open Sans&#039;;font-weight:300;\">ul. Broniewskiego 15, 47-225 K\u0119dzierzyn-Ko\u017ale,<br \/>\nNIP(USt-ID)PL 6172203672, REGON 302261238, KRS 0000452062<\/div><\/div><div class=\"ult-spacer spacer-69f35285e0505\" data-id=\"69f35285e0505\" data-height=\"24\" data-height-mobile=\"24\" data-height-tab=\"24\" data-height-tab-portrait=\"\" data-height-mobile-landscape=\"\" style=\"clear:both;display:block;\"><\/div><div id=\"ultimate-heading-36869f35285e053b\" class=\"uvc-heading ult-adjust-bottom-margin ultimate-heading-36869f35285e053b uvc-8820 \" data-hspacer=\"no_spacer\"  data-halign=\"center\" style=\"text-align:center\"><div class=\"uvc-heading-spacer no_spacer\" style=\"top\"><\/div><div class=\"uvc-main-heading ult-responsive\"  data-ultimate-target='.uvc-heading.ultimate-heading-36869f35285e053b h4'  data-responsive-json-new='{\"font-size\":\"desktop:18px;\",\"line-height\":\"desktop:24px;\"}' ><h4 style=\"font-family:&#039;Poppins&#039;;font-weight:normal;font-style:normal;\">Telefon<\/h4><\/div><div class=\"uvc-sub-heading ult-responsive\"  data-ultimate-target='.uvc-heading.ultimate-heading-36869f35285e053b .uvc-sub-heading '  data-responsive-json-new='{\"font-size\":\"desktop:16px;\",\"line-height\":\"desktop:28px;\"}'  style=\"font-family:&#039;Open Sans&#039;;font-weight:300;\"><a href=\"tel:+48777070911\">+48 77 70 70 911<\/a><\/div><\/div><div class=\"ult-spacer spacer-69f35285e0573\" data-id=\"69f35285e0573\" data-height=\"12\" data-height-mobile=\"12\" data-height-tab=\"12\" data-height-tab-portrait=\"\" data-height-mobile-landscape=\"\" style=\"clear:both;display:block;\"><\/div><div id=\"ultimate-heading-172069f35285e05a1\" class=\"uvc-heading ult-adjust-bottom-margin ultimate-heading-172069f35285e05a1 uvc-6465 \" data-hspacer=\"no_spacer\"  data-halign=\"center\" style=\"text-align:center\"><div class=\"uvc-heading-spacer no_spacer\" style=\"top\"><\/div><div class=\"uvc-main-heading ult-responsive\"  data-ultimate-target='.uvc-heading.ultimate-heading-172069f35285e05a1 h4'  data-responsive-json-new='{\"font-size\":\"desktop:18px;\",\"line-height\":\"desktop:24px;\"}' ><h4 style=\"font-family:&#039;Poppins&#039;;font-weight:normal;font-style:normal;\">E-mail<\/h4><\/div><div class=\"uvc-sub-heading ult-responsive\"  data-ultimate-target='.uvc-heading.ultimate-heading-172069f35285e05a1 .uvc-sub-heading '  data-responsive-json-new='{\"font-size\":\"desktop:16px;\",\"line-height\":\"desktop:28px;\"}'  style=\"font-family:&#039;Open Sans&#039;;font-weight:300;\"><a href=\"mailto:info@worldofflowerpots.com\">info@worldofflowerpots.com<\/a><\/div><\/div>[\/vc_column][\/vc_row][vc_row full_width=&#8220;stretch_row_content_no_spaces&#8220; css=&#8220;.vc_custom_1547414654563{margin-bottom: -40px !important;}&#8220;][vc_column][vc_gmaps link=&#8220;#E-8_JTNDaWZyYW1lJTIwc3JjJTNEJTIyaHR0cHMlM0ElMkYlMkZ3d3cuZ29vZ2xlLmNvbSUyRm1hcHMlMkZlbWJlZCUzRnBiJTNEJTIxMW0xOCUyMTFtMTIlMjExbTMlMjExZDIwMzY2LjkzOTgzNTM2NTUyMyUyMTJkMTguMjQ0NDgwNzE5NTI0NzIlMjEzZDUwLjM1NTUyNDIwMDY1NTk5JTIxMm0zJTIxMWYwJTIxMmYwJTIxM2YwJTIxM20yJTIxMWkxMDI0JTIxMmk3NjglMjE0ZjEzLjElMjEzbTMlMjExbTIlMjExczB4NDcxMTExM2I0MWM5MzBjZiUyNTNBMHg5NzY1YTUxOTgyZTMyNDI1JTIxMnNXJTI1QzUlMjU4MmFkeXMlMjVDNSUyNTgyYXdhJTJCQnJvbmlld3NraWVnbyUyQjE1JTI1MkMlMkI0Ny0yMDAlMkJLJTI1QzQlMjU5OWR6aWVyenluLUtvJTI1QzUlMjVCQWxlJTI1MkMlMkJQb2xza2ElMjE1ZTAlMjEzbTIlMjExc3BsJTIxMnNjaCUyMTR2MTU0NzQxNDYzMzc0NSUyMiUyMHdpZHRoJTNEJTIyNjAwJTIyJTIwaGVpZ2h0JTNEJTIyNDUwJTIyJTIwZnJhbWVib3JkZXIlM0QlMjIwJTIyJTIwc3R5bGUlM0QlMjJib3JkZXIlM0EwJTIyJTIwYWxsb3dmdWxsc2NyZWVuJTNFJTNDJTJGaWZyYW1lJTNF&#8220;][\/vc_column][\/vc_row]<\/p>\n","protected":false},"excerpt":{"rendered":"<p>[vc_row css=&#8220;.vc_custom_1547414666762{padding-top: 40px !important;padding-bottom: 80px !important;}&#8220;][vc_column css=&#8220;.vc_custom_1547414601895{padding-bottom: 30px !important;}&#8220;][\/vc_column][\/vc_row][vc_row full_width=&#8220;stretch_row_content_no_spaces&#8220; css=&#8220;.vc_custom_1547414654563{margin-bottom: -40px !important;}&#8220;][vc_column][vc_gmaps link=&#8220;#E-8_JTNDaWZyYW1lJTIwc3JjJTNEJTIyaHR0cHMlM0ElMkYlMkZ3d3cuZ29vZ2xlLmNvbSUyRm1hcHMlMkZlbWJlZCUzRnBiJTNEJTIxMW0xOCUyMTFtMTIlMjExbTMlMjExZDIwMzY2LjkzOTgzNTM2NTUyMyUyMTJkMTguMjQ0NDgwNzE5NTI0NzIlMjEzZDUwLjM1NTUyNDIwMDY1NTk5JTIxMm0zJTIxMWYwJTIxMmYwJTIxM2YwJTIxM20yJTIxMWkxMDI0JTIxMmk3NjglMjE0ZjEzLjElMjEzbTMlMjExbTIlMjExczB4NDcxMTExM2I0MWM5MzBjZiUyNTNBMHg5NzY1YTUxOTgyZTMyNDI1JTIxMnNXJTI1QzUlMjU4MmFkeXMlMjVDNSUyNTgyYXdhJTJCQnJvbmlld3NraWVnbyUyQjE1JTI1MkMlMkI0Ny0yMDAlMkJLJTI1QzQlMjU5OWR6aWVyenluLUtvJTI1QzUlMjVCQWxlJTI1MkMlMkJQb2xza2ElMjE1ZTAlMjEzbTIlMjExc3BsJTIxMnNjaCUyMTR2MTU0NzQxNDYzMzc0NSUyMiUyMHdpZHRoJTNEJTIyNjAwJTIyJTIwaGVpZ2h0JTNEJTIyNDUwJTIyJTIwZnJhbWVib3JkZXIlM0QlMjIwJTIyJTIwc3R5bGUlM0QlMjJib3JkZXIlM0EwJTIyJTIwYWxsb3dmdWxsc2NyZWVuJTNFJTNDJTJGaWZyYW1lJTNF&#8220;][\/vc_column][\/vc_row]<\/p>\n","protected":false},"author":1,"featured_media":0,"parent":0,"menu_order":0,"comment_status":"closed","ping_status":"closed","template":"","meta":{"_acf_changed":false},"class_list":["post-51964","page","type-page","status-publish","hentry","description-off"],"acf":[],"yoast_head":"<!-- This site is optimized with the Yoast SEO plugin v27.5 - https:\/\/yoast.com\/product\/yoast-seo-wordpress\/ -->\n<title>Impressum | Blumenk\u00fcbel World of Flowerpots - Pflanzk\u00fcbel beton, blumentr\u00f6ge, blumenk\u00fcbel gro\u00df, cortenstahl, fiberglas<\/title>\n<meta name=\"robots\" content=\"index, follow, max-snippet:-1, max-image-preview:large, max-video-preview:-1\" \/>\n<link rel=\"canonical\" href=\"https:\/\/worldofflowerpots.com\/impressum\/\" \/>\n<meta property=\"og:locale\" content=\"de_DE\" \/>\n<meta property=\"og:type\" content=\"article\" \/>\n<meta property=\"og:title\" content=\"Impressum | Blumenk\u00fcbel World of Flowerpots - Pflanzk\u00fcbel beton, blumentr\u00f6ge, blumenk\u00fcbel gro\u00df, cortenstahl, fiberglas\" \/>\n<meta property=\"og:description\" content=\"[vc_row css=&#8220;.vc_custom_1547414666762{padding-top: 40px !important;padding-bottom: 80px !important;}&#8220;][vc_column css=&#8220;.vc_custom_1547414601895{padding-bottom: 30px !important;}&#8220;][\/vc_column][\/vc_row][vc_row full_width=&#8220;stretch_row_content_no_spaces&#8220; css=&#8220;.vc_custom_1547414654563{margin-bottom: -40px !important;}&#8220;][vc_column][vc_gmaps link=&#8220;#E-8_JTNDaWZyYW1lJTIwc3JjJTNEJTIyaHR0cHMlM0ElMkYlMkZ3d3cuZ29vZ2xlLmNvbSUyRm1hcHMlMkZlbWJlZCUzRnBiJTNEJTIxMW0xOCUyMTFtMTIlMjExbTMlMjExZDIwMzY2LjkzOTgzNTM2NTUyMyUyMTJkMTguMjQ0NDgwNzE5NTI0NzIlMjEzZDUwLjM1NTUyNDIwMDY1NTk5JTIxMm0zJTIxMWYwJTIxMmYwJTIxM2YwJTIxM20yJTIxMWkxMDI0JTIxMmk3NjglMjE0ZjEzLjElMjEzbTMlMjExbTIlMjExczB4NDcxMTExM2I0MWM5MzBjZiUyNTNBMHg5NzY1YTUxOTgyZTMyNDI1JTIxMnNXJTI1QzUlMjU4MmFkeXMlMjVDNSUyNTgyYXdhJTJCQnJvbmlld3NraWVnbyUyQjE1JTI1MkMlMkI0Ny0yMDAlMkJLJTI1QzQlMjU5OWR6aWVyenluLUtvJTI1QzUlMjVCQWxlJTI1MkMlMkJQb2xza2ElMjE1ZTAlMjEzbTIlMjExc3BsJTIxMnNjaCUyMTR2MTU0NzQxNDYzMzc0NSUyMiUyMHdpZHRoJTNEJTIyNjAwJTIyJTIwaGVpZ2h0JTNEJTIyNDUwJTIyJTIwZnJhbWVib3JkZXIlM0QlMjIwJTIyJTIwc3R5bGUlM0QlMjJib3JkZXIlM0EwJTIyJTIwYWxsb3dmdWxsc2NyZWVuJTNFJTNDJTJGaWZyYW1lJTNF&#8220;][\/vc_column][\/vc_row]\" \/>\n<meta property=\"og:url\" content=\"https:\/\/worldofflowerpots.com\/impressum\/\" \/>\n<meta property=\"og:site_name\" content=\"Blumenk\u00fcbel World of Flowerpots\" \/>\n<meta property=\"article:modified_time\" content=\"2019-04-19T11:29:49+00:00\" \/>\n<meta name=\"twitter:card\" content=\"summary_large_image\" \/>\n<meta name=\"twitter:label1\" content=\"Gesch\u00e4tzte Lesezeit\" \/>\n\t<meta name=\"twitter:data1\" content=\"2\u00a0Minuten\" \/>\n<script type=\"application\/ld+json\" class=\"yoast-schema-graph\">{\"@context\":\"https:\\\/\\\/schema.org\",\"@graph\":[{\"@type\":\"WebPage\",\"@id\":\"https:\\\/\\\/worldofflowerpots.com\\\/impressum\\\/\",\"url\":\"https:\\\/\\\/worldofflowerpots.com\\\/impressum\\\/\",\"name\":\"Impressum | Blumenk\u00fcbel World of Flowerpots - Pflanzk\u00fcbel beton, blumentr\u00f6ge, blumenk\u00fcbel gro\u00df, cortenstahl, fiberglas\",\"isPartOf\":{\"@id\":\"https:\\\/\\\/worldofflowerpots.com\\\/#website\"},\"datePublished\":\"2019-01-29T10:30:45+00:00\",\"dateModified\":\"2019-04-19T11:29:49+00:00\",\"breadcrumb\":{\"@id\":\"https:\\\/\\\/worldofflowerpots.com\\\/impressum\\\/#breadcrumb\"},\"inLanguage\":\"de\",\"potentialAction\":[{\"@type\":\"ReadAction\",\"target\":[\"https:\\\/\\\/worldofflowerpots.com\\\/impressum\\\/\"]}]},{\"@type\":\"BreadcrumbList\",\"@id\":\"https:\\\/\\\/worldofflowerpots.com\\\/impressum\\\/#breadcrumb\",\"itemListElement\":[{\"@type\":\"ListItem\",\"position\":1,\"name\":\"Strona g\u0142\u00f3wna\",\"item\":\"https:\\\/\\\/worldofflowerpots.com\\\/blumenkuebel-grosse-auswahl\\\/\"},{\"@type\":\"ListItem\",\"position\":2,\"name\":\"Impressum\"}]},{\"@type\":\"WebSite\",\"@id\":\"https:\\\/\\\/worldofflowerpots.com\\\/#website\",\"url\":\"https:\\\/\\\/worldofflowerpots.com\\\/\",\"name\":\"Blumenk\u00fcbel World of Flowerpots\",\"description\":\"Pflanzk\u00fcbel beton, blumentr\u00f6ge, blumenk\u00fcbel gro\u00df, cortenstahl, fiberglas\",\"potentialAction\":[{\"@type\":\"SearchAction\",\"target\":{\"@type\":\"EntryPoint\",\"urlTemplate\":\"https:\\\/\\\/worldofflowerpots.com\\\/?s={search_term_string}\"},\"query-input\":{\"@type\":\"PropertyValueSpecification\",\"valueRequired\":true,\"valueName\":\"search_term_string\"}}],\"inLanguage\":\"de\"}]}<\/script>\n<!-- \/ Yoast SEO plugin. -->","yoast_head_json":{"title":"Impressum | Blumenk\u00fcbel World of Flowerpots - Pflanzk\u00fcbel beton, blumentr\u00f6ge, blumenk\u00fcbel gro\u00df, cortenstahl, fiberglas","robots":{"index":"index","follow":"follow","max-snippet":"max-snippet:-1","max-image-preview":"max-image-preview:large","max-video-preview":"max-video-preview:-1"},"canonical":"https:\/\/worldofflowerpots.com\/impressum\/","og_locale":"de_DE","og_type":"article","og_title":"Impressum | Blumenk\u00fcbel World of Flowerpots - Pflanzk\u00fcbel beton, blumentr\u00f6ge, blumenk\u00fcbel gro\u00df, cortenstahl, fiberglas","og_description":"[vc_row css=&#8220;.vc_custom_1547414666762{padding-top: 40px !important;padding-bottom: 80px !important;}&#8220;][vc_column css=&#8220;.vc_custom_1547414601895{padding-bottom: 30px !important;}&#8220;][\/vc_column][\/vc_row][vc_row full_width=&#8220;stretch_row_content_no_spaces&#8220; css=&#8220;.vc_custom_1547414654563{margin-bottom: -40px !important;}&#8220;][vc_column][vc_gmaps link=&#8220;#E-8_JTNDaWZyYW1lJTIwc3JjJTNEJTIyaHR0cHMlM0ElMkYlMkZ3d3cuZ29vZ2xlLmNvbSUyRm1hcHMlMkZlbWJlZCUzRnBiJTNEJTIxMW0xOCUyMTFtMTIlMjExbTMlMjExZDIwMzY2LjkzOTgzNTM2NTUyMyUyMTJkMTguMjQ0NDgwNzE5NTI0NzIlMjEzZDUwLjM1NTUyNDIwMDY1NTk5JTIxMm0zJTIxMWYwJTIxMmYwJTIxM2YwJTIxM20yJTIxMWkxMDI0JTIxMmk3NjglMjE0ZjEzLjElMjEzbTMlMjExbTIlMjExczB4NDcxMTExM2I0MWM5MzBjZiUyNTNBMHg5NzY1YTUxOTgyZTMyNDI1JTIxMnNXJTI1QzUlMjU4MmFkeXMlMjVDNSUyNTgyYXdhJTJCQnJvbmlld3NraWVnbyUyQjE1JTI1MkMlMkI0Ny0yMDAlMkJLJTI1QzQlMjU5OWR6aWVyenluLUtvJTI1QzUlMjVCQWxlJTI1MkMlMkJQb2xza2ElMjE1ZTAlMjEzbTIlMjExc3BsJTIxMnNjaCUyMTR2MTU0NzQxNDYzMzc0NSUyMiUyMHdpZHRoJTNEJTIyNjAwJTIyJTIwaGVpZ2h0JTNEJTIyNDUwJTIyJTIwZnJhbWVib3JkZXIlM0QlMjIwJTIyJTIwc3R5bGUlM0QlMjJib3JkZXIlM0EwJTIyJTIwYWxsb3dmdWxsc2NyZWVuJTNFJTNDJTJGaWZyYW1lJTNF&#8220;][\/vc_column][\/vc_row]","og_url":"https:\/\/worldofflowerpots.com\/impressum\/","og_site_name":"Blumenk\u00fcbel World of Flowerpots","article_modified_time":"2019-04-19T11:29:49+00:00","twitter_card":"summary_large_image","twitter_misc":{"Gesch\u00e4tzte Lesezeit":"2\u00a0Minuten"},"schema":{"@context":"https:\/\/schema.org","@graph":[{"@type":"WebPage","@id":"https:\/\/worldofflowerpots.com\/impressum\/","url":"https:\/\/worldofflowerpots.com\/impressum\/","name":"Impressum | Blumenk\u00fcbel World of Flowerpots - Pflanzk\u00fcbel beton, blumentr\u00f6ge, blumenk\u00fcbel gro\u00df, cortenstahl, fiberglas","isPartOf":{"@id":"https:\/\/worldofflowerpots.com\/#website"},"datePublished":"2019-01-29T10:30:45+00:00","dateModified":"2019-04-19T11:29:49+00:00","breadcrumb":{"@id":"https:\/\/worldofflowerpots.com\/impressum\/#breadcrumb"},"inLanguage":"de","potentialAction":[{"@type":"ReadAction","target":["https:\/\/worldofflowerpots.com\/impressum\/"]}]},{"@type":"BreadcrumbList","@id":"https:\/\/worldofflowerpots.com\/impressum\/#breadcrumb","itemListElement":[{"@type":"ListItem","position":1,"name":"Strona g\u0142\u00f3wna","item":"https:\/\/worldofflowerpots.com\/blumenkuebel-grosse-auswahl\/"},{"@type":"ListItem","position":2,"name":"Impressum"}]},{"@type":"WebSite","@id":"https:\/\/worldofflowerpots.com\/#website","url":"https:\/\/worldofflowerpots.com\/","name":"Blumenk\u00fcbel World of Flowerpots","description":"Pflanzk\u00fcbel beton, blumentr\u00f6ge, blumenk\u00fcbel gro\u00df, cortenstahl, fiberglas","potentialAction":[{"@type":"SearchAction","target":{"@type":"EntryPoint","urlTemplate":"https:\/\/worldofflowerpots.com\/?s={search_term_string}"},"query-input":{"@type":"PropertyValueSpecification","valueRequired":true,"valueName":"search_term_string"}}],"inLanguage":"de"}]}},"_links":{"self":[{"href":"https:\/\/worldofflowerpots.com\/de\/wp-json\/wp\/v2\/pages\/51964","targetHints":{"allow":["GET"]}}],"collection":[{"href":"https:\/\/worldofflowerpots.com\/de\/wp-json\/wp\/v2\/pages"}],"about":[{"href":"https:\/\/worldofflowerpots.com\/de\/wp-json\/wp\/v2\/types\/page"}],"author":[{"embeddable":true,"href":"https:\/\/worldofflowerpots.com\/de\/wp-json\/wp\/v2\/users\/1"}],"replies":[{"embeddable":true,"href":"https:\/\/worldofflowerpots.com\/de\/wp-json\/wp\/v2\/comments?post=51964"}],"version-history":[{"count":4,"href":"https:\/\/worldofflowerpots.com\/de\/wp-json\/wp\/v2\/pages\/51964\/revisions"}],"predecessor-version":[{"id":59815,"href":"https:\/\/worldofflowerpots.com\/de\/wp-json\/wp\/v2\/pages\/51964\/revisions\/59815"}],"wp:attachment":[{"href":"https:\/\/worldofflowerpots.com\/de\/wp-json\/wp\/v2\/media?parent=51964"}],"curies":[{"name":"wp","href":"https:\/\/api.w.org\/{rel}","templated":true}]}}