{"id":52016,"date":"2019-01-29T13:35:17","date_gmt":"2019-01-29T12:35:17","guid":{"rendered":"https:\/\/worldofflowerpots.com\/design-pflanzkubel-ultrabeton\/"},"modified":"2019-04-23T13:34:47","modified_gmt":"2019-04-23T11:34:47","slug":"design-pflanzkubel-ultrabeton","status":"publish","type":"page","link":"https:\/\/worldofflowerpots.com\/de\/design-pflanzkubel-ultrabeton\/","title":{"rendered":"Design Pflanzk\u00fcbel Ultrabeton"},"content":{"rendered":"<p>[vc_row bg_type=&#8220;image&#8220; parallax_style=&#8220;vcpb-default&#8220; bg_image_new=&#8220;id^51933|url^https:\/\/worldofflowerpots.com\/wp-content\/uploads\/2019\/01\/Donice-betonowe-z-ultra-betonu-w-ogrodzie.jpg|caption^null|alt^null|title^Donice-betonowe-z-ultra-betonu-w-ogrodzie|description^null&#8220; bg_image_repeat=&#8220;no-repeat&#8220; bg_override=&#8220;ex-full&#8220; enable_overlay=&#8220;enable_overlay_value&#8220; overlay_color=&#8220;rgba(0,0,0,0.2)&#8220; css=&#8220;.vc_custom_1548718616348{padding-top: 150px !important;padding-bottom: 150px !important;}&#8220;][vc_column offset=&#8220;vc_col-lg-offset-1 vc_col-lg-10 vc_col-md-offset-1 vc_col-md-10&#8243;]<div id=\"ultimate-heading-359369f354ba1fea3\" class=\"uvc-heading ult-adjust-bottom-margin ultimate-heading-359369f354ba1fea3 uvc-3488 \" data-hspacer=\"no_spacer\"  data-halign=\"center\" style=\"text-align:center\"><div class=\"uvc-heading-spacer no_spacer\" style=\"top\"><\/div><div class=\"uvc-main-heading ult-responsive\"  data-ultimate-target='.uvc-heading.ultimate-heading-359369f354ba1fea3 h1'  data-responsive-json-new='{\"font-size\":\"desktop:34px;mobile:24px;\",\"line-height\":\"desktop:44px;mobile:34px;\"}' ><h1 style=\"font-family:&#039;Poppins&#039;;font-weight:300;color:#ffffff;margin-bottom:42px;\">DESIGN PFLANZK\u00dcBEL AUS BETON \u2013 ULTRABETON<\/h1><\/div><div class=\"uvc-sub-heading ult-responsive\"  data-ultimate-target='.uvc-heading.ultimate-heading-359369f354ba1fea3 .uvc-sub-heading '  data-responsive-json-new='{\"font-size\":\"desktop:16px;\",\"line-height\":\"desktop:28px;\"}'  style=\"font-family:&#039;Open Sans&#039;;font-weight:normal;font-style:normal;color:#f4f4f4;\"><\/p>\n<div class=\"hidden-mob\">Mit dem Ultrabeton \u2013 Blumenk\u00fcbel aus Beton erhalten Sie einen stabilen und wetterfesten Pflanzk\u00fcbel. Das graue Gestein der Ultrabeton-Pflanzk\u00fcbel passt zu s\u00e4mtlichen Farbt\u00f6nen Ihrer Gartenm\u00f6bel durch seine Schlichtheit. F\u00fcr den Transport scheint das Eigengewicht etwas l\u00e4stig. Steht der Ultrabeton Blumenk\u00fcbel erst einmal, dann steht er auch und f\u00e4llt nicht bei jedem kleinen Windzug um, wie vergleichbare leichtere K\u00fcbel. Ein weiterer Vorteil ergibt sich aus der Langlebigkeit der Ultrabeton Pflanz- und Design Pflanzk\u00fcbel. So sind sie Wetter und frostfest und erf\u00fcllen somit einen weiteren Vorteil in der Nutzung. Gerade die Standfestigkeit bei hochgewachsenen Pflanzen muss an dieser Stelle nochmals hervorgehoben werden. Zur kreativen Gestaltung von privaten und auch von \u00f6ffentlichen Garten- und Parkanlagen bietet die Angebotspalette viele kombinierbare Produkte an. F\u00fcr den Besucher sind die robusten K\u00fcbel mit ihren Bepflanzungen ein attraktiver Blickfang. Design und Nutzungsvorteil werden hier in Einklang gebracht.<\/div>\n<div class=\"gap\" style=\"line-height: 10px; height: 10px;\"><\/div><a class=\"link-inside\" href=\"https:\/\/worldofflowerpots.de\/shop\/\">ALLE MODELLE<\/a><\/p>\n<p><\/div><\/div>[\/vc_column][\/vc_row][vc_row css=&#8220;.vc_custom_1548698054848{border-bottom-width: 1px !important;padding-top: 40px !important;padding-bottom: 20px !important;border-bottom-color: #ededed !important;border-bottom-style: solid !important;}&#8220;][vc_column css=&#8220;.vc_custom_1548516273032{padding-bottom: 30px !important;}&#8220; offset=&#8220;vc_col-lg-offset-1 vc_col-lg-10 vc_col-md-offset-1 vc_col-md-10&#8243;]<div id=\"ultimate-heading-805869f354ba1ff75\" class=\"uvc-heading ult-adjust-bottom-margin ultimate-heading-805869f354ba1ff75 uvc-4437 \" data-hspacer=\"no_spacer\"  data-halign=\"center\" style=\"text-align:center\"><div class=\"uvc-heading-spacer no_spacer\" style=\"top\"><\/div><div class=\"uvc-main-heading ult-responsive\"  data-ultimate-target='.uvc-heading.ultimate-heading-805869f354ba1ff75 h2'  data-responsive-json-new='{\"font-size\":\"desktop:28px;mobile:20px;\",\"line-height\":\"desktop:38px;mobile:30px;\"}' ><h2 style=\"font-family:&#039;Poppins&#039;;font-weight:300;margin-bottom:42px;\">PFLANZTR\u00d6GE AUS BETON<\/h2><\/div><div class=\"uvc-sub-heading ult-responsive\"  data-ultimate-target='.uvc-heading.ultimate-heading-805869f354ba1ff75 .uvc-sub-heading '  data-responsive-json-new='{\"font-size\":\"desktop:16px;\",\"line-height\":\"desktop:28px;\"}'  style=\"font-family:&#039;Open Sans&#039;;font-weight:300;\">Unsere stabilen und wetterfesten T\u00f6pfe aus Beton gen\u00fcgen h\u00f6chsten Anspr\u00fcchen. Sie bieten maximale Frostsicherheit und verleihen G\u00e4rten, Trassen und Balkonen einen besonderen Flair. In unterschiedlichen Gr\u00f6\u00dfen und Varianten bieten sie vielf\u00e4ltige M\u00f6glichkeiten Akzente zu setzen. Das hohe Eigengewicht der Blumentr\u00f6ge aus Beton bietet auch hochwachsenden Pflanzen eine gute Standsicherheit, auch wenn das moderne Design die K\u00fcbel locker und leicht erscheinen l\u00e4sst. Die Pflanzk\u00fcbel aus Beton sind in den Farben Grau, Schwarz und Wei\u00df erh\u00e4ltlich und passen so optimal zu jeder Pflasterung. Im Gegensatz zu vielen Pflanztr\u00f6gen aus Kunststoff ist der Beton dauerhaft UV-best\u00e4ndig und unverw\u00fcstlich, sodass Sie lange Freude daran haben werden.<\/div><\/div>[\/vc_column][vc_column css=&#8220;.vc_custom_1545305019274{padding-bottom: 30px !important;}&#8220;]<div class=\"woocommerce columns-4 \"><\/div>[\/vc_column][\/vc_row][vc_row css=&#8220;.vc_custom_1548717996948{padding-top: 40px !important;padding-bottom: 60px !important;}&#8220;][vc_column css=&#8220;.vc_custom_1548516273032{padding-bottom: 30px !important;}&#8220; offset=&#8220;vc_col-lg-offset-1 vc_col-lg-10 vc_col-md-offset-1 vc_col-md-10&#8243;]<div id=\"ultimate-heading-89469f354ba2c60f\" class=\"uvc-heading ult-adjust-bottom-margin ultimate-heading-89469f354ba2c60f uvc-1320 \" data-hspacer=\"no_spacer\"  data-halign=\"center\" style=\"text-align:center\"><div class=\"uvc-heading-spacer no_spacer\" style=\"top\"><\/div><div class=\"uvc-main-heading ult-responsive\"  data-ultimate-target='.uvc-heading.ultimate-heading-89469f354ba2c60f h2'  data-responsive-json-new='{\"font-size\":\"desktop:28px;mobile:20px;\",\"line-height\":\"desktop:38px;mobile:30px;\"}' ><h2 style=\"font-family:&#039;Poppins&#039;;font-weight:300;margin-bottom:42px;\">ZEIT F\u00dcR DESIGN PFLANZK\u00dcBEL BETON IM GARTEN<\/h2><\/div><div class=\"uvc-sub-heading ult-responsive\"  data-ultimate-target='.uvc-heading.ultimate-heading-89469f354ba2c60f .uvc-sub-heading '  data-responsive-json-new='{\"font-size\":\"desktop:16px;\",\"line-height\":\"desktop:28px;\"}'  style=\"font-family:&#039;Open Sans&#039;;font-weight:300;\">Hochwertiges Material und optisch eine Augenweide \u2013 so \u00fcberzeugen die aus Beton gegossenen Pflanzenk\u00fcbel im mediterranen Streifenlook. Die Design Pflanzk\u00fcbel sind besonders f\u00fcr den Einsatz im Au\u00dfenbereich zu empfehlen und verleihen jedem Garten, jeder Terrasse und jedem Balkon einen ganz eigenen Zauber und Charme. In unterschiedlichen Gr\u00f6\u00dfen und Formen verleihen sie einer jeden in sie gepflanzten Blume einen ganz besonderen Charakter. Ob in grau, schwarz oder wei\u00df \u2013 sie lassen sich in jedes Gartenbild harmonisch integrieren. Dazu sind die die Design Pflanzenk\u00fcbel noch UV-best\u00e4ndig und in ihrer Sch\u00f6nheit einfach unverw\u00fcstlich. Ob Blumenmeer, Strauch oder kleines B\u00e4umchen \u2013 hier erh\u00e4lt jede Pflanze den richtigen Platz.<\/div><\/div>[\/vc_column][\/vc_row][vc_row bg_type=&#8220;image&#8220; parallax_style=&#8220;vcpb-default&#8220; bg_image_new=&#8220;id^52022|url^https:\/\/worldofflowerpots.com\/wp-content\/uploads\/2019\/01\/beton-pflanzkuebel-im-garten-arten.jpg|caption^null|alt^null|title^beton-pflanzkuebel-im-garten-arten|description^null&#8220; bg_image_repeat=&#8220;no-repeat&#8220; bg_override=&#8220;ex-full&#8220; enable_overlay=&#8220;enable_overlay_value&#8220; overlay_color=&#8220;rgba(0,0,0,0.2)&#8220; css=&#8220;.vc_custom_1548765726861{padding-top: 150px !important;padding-bottom: 150px !important;}&#8220;][vc_column offset=&#8220;vc_col-lg-offset-1 vc_col-lg-10 vc_col-md-offset-1 vc_col-md-10&#8243;]<div id=\"ultimate-heading-541169f354ba2c65c\" class=\"uvc-heading ult-adjust-bottom-margin ultimate-heading-541169f354ba2c65c uvc-2931 \" data-hspacer=\"no_spacer\"  data-halign=\"center\" style=\"text-align:center\"><div class=\"uvc-heading-spacer no_spacer\" style=\"top\"><\/div><div class=\"uvc-main-heading ult-responsive\"  data-ultimate-target='.uvc-heading.ultimate-heading-541169f354ba2c65c h2'  data-responsive-json-new='{\"font-size\":\"desktop:34px;mobile:24px;\",\"line-height\":\"desktop:44px;mobile:34px;\"}' ><h2 style=\"font-family:&#039;Poppins&#039;;font-weight:300;color:#ffffff;margin-bottom:42px;\">DESIGN PFLANZK\u00dcBEL ALS BLICKFANG IM GARTEN<\/h2><\/div><div class=\"uvc-sub-heading ult-responsive\"  data-ultimate-target='.uvc-heading.ultimate-heading-541169f354ba2c65c .uvc-sub-heading '  data-responsive-json-new='{\"font-size\":\"desktop:16px;\",\"line-height\":\"desktop:28px;\"}'  style=\"font-family:&#039;Open Sans&#039;;font-weight:normal;font-style:normal;color:#f4f4f4;\"><\/p>\n<div class=\"hidden-mob\">Jede Zierpflanze, ob Palme, Olivenbaum oder einfache Geranien wird mit einem Design Pflanzenk\u00fcbel zum dekoraktiven Blickfang. Dabei ist es gleich, ob auf dem Balkon, auf der Terrasse, im Garten oder in Gr\u00fcnanlagen, unsere Pflanzk\u00fcbel aus Beton setzen Akzente. In unterschiedlichen Varianten und Gr\u00f6\u00dfen. Dabei bieten sie eine hohe Frostsicherheit und trotzen allen Witterungseinfl\u00fcssen. Da sie f\u00fcr den Au\u00dfenbereich konzipiert sind, ist das Material UV-best\u00e4ndig. Unsere stylishen Design Pflanzk\u00fcbel lassen sich perfekt in unterschiedlichsten Gartenkonzepten einsetzen. Auf rustikalen Steintreppen und Pflasterungen entfalten sie genauso ihre Wirkung wie in G\u00e4rten mit modernen Elementen wie gro\u00dffl\u00e4chigen Kiesbeeten und glatten Pflasterungen. Sie sind in den Farben Grau, Schwarz und Wei\u00df erh\u00e4ltlich.<\/div>\n<p><\/div><\/div>[\/vc_column][\/vc_row][vc_row gap=&#8220;20&#8243; css_animation=&#8220;none&#8220; css=&#8220;.vc_custom_1548765811678{padding-top: 40px !important;padding-bottom: 60px !important;}&#8220;][vc_column width=&#8220;1\/2&#8243; css=&#8220;.vc_custom_1546879472904{padding-bottom: 30px !important;}&#8220;]<div class=\"shortcode-single-image-wrap alignleft  vc_custom_1548718644142\" ><div class=\"shortcode-single-image\"><div class=\"fancy-media-wrap  layzr-bg\" style=\"\"><img loading=\"lazy\" decoding=\"async\" class=\"preload-me lazy-load\" src=\"data:image\/svg+xml,%3Csvg%20xmlns%3D&#39;http%3A%2F%2Fwww.w3.org%2F2000%2Fsvg&#39;%20viewBox%3D&#39;0%200%20600%20500&#39;%2F%3E\" data-src=\"https:\/\/worldofflowerpots.com\/wp-content\/uploads\/2019\/01\/Donice-betonowe-ogrodowe-z-ultra-betonu-2-600x500.jpg\" data-srcset=\"https:\/\/worldofflowerpots.com\/wp-content\/uploads\/2019\/01\/Donice-betonowe-ogrodowe-z-ultra-betonu-2-600x500.jpg 600w, https:\/\/worldofflowerpots.com\/wp-content\/uploads\/2019\/01\/Donice-betonowe-ogrodowe-z-ultra-betonu-2-868x724.jpg 868w\" width=\"600\" height=\"500\"  data-dt-location=\"https:\/\/worldofflowerpots.com\/de\/donice-ultra-beton\/donice-betonowe-ogrodowe-z-ultra-betonu-3\/\" style=\"\" alt=\"\" \/><\/div><\/div><\/div><div id=\"ultimate-heading-847169f354ba2d1ab\" class=\"uvc-heading ult-adjust-bottom-margin ultimate-heading-847169f354ba2d1ab uvc-5522 \" data-hspacer=\"no_spacer\"  data-halign=\"left\" style=\"text-align:left\"><div class=\"uvc-heading-spacer no_spacer\" style=\"top\"><\/div><div class=\"uvc-main-heading ult-responsive\"  data-ultimate-target='.uvc-heading.ultimate-heading-847169f354ba2d1ab h2'  data-responsive-json-new='{\"font-size\":\"desktop:18px;\",\"line-height\":\"desktop:32px;\"}' ><h2 style=\"font-family:&#039;Poppins&#039;;font-weight:normal;font-style:normal;margin-bottom:16px;\">PFLANZK\u00dcBEL AUS BETON F\u00dcR DEN AUSSENBEREICH<\/h2><\/div><div class=\"uvc-sub-heading ult-responsive\"  data-ultimate-target='.uvc-heading.ultimate-heading-847169f354ba2d1ab .uvc-sub-heading '  data-responsive-json-new='{\"font-size\":\"desktop:16px;\",\"line-height\":\"desktop:28px;\"}'  style=\"font-family:&#039;Open Sans&#039;;font-weight:300;\">Ob einzeln neben der Eingangst\u00fcre oder in Gruppen im Zufahrtsbereich, die Pflanzk\u00fcbel aus qualitativ hochwertigem Ultrabeton sorgen f\u00fcr ein harmonisches Ambiente. Die handgemachten K\u00fcbel gibt es in verschiedenen Gr\u00f6\u00dfen. Dadurch eignen sie sich ideal f\u00fcr alle Arten von Topfpflanzen sowie f\u00fcr kleine Zierb\u00e4umchen.<\/div><\/div>[\/vc_column][vc_column width=&#8220;1\/2&#8243; css=&#8220;.vc_custom_1546879475585{padding-bottom: 30px !important;}&#8220;]<div class=\"shortcode-single-image-wrap alignleft  vc_custom_1548718666080\" ><div class=\"shortcode-single-image\"><div class=\"fancy-media-wrap  layzr-bg\" style=\"\"><img loading=\"lazy\" decoding=\"async\" class=\"preload-me lazy-load\" src=\"data:image\/svg+xml,%3Csvg%20xmlns%3D&#39;http%3A%2F%2Fwww.w3.org%2F2000%2Fsvg&#39;%20viewBox%3D&#39;0%200%20600%20500&#39;%2F%3E\" data-src=\"https:\/\/worldofflowerpots.com\/wp-content\/uploads\/2019\/01\/Donice-betonowe-z-ultra-betonu-przed-budynkiem-2-600x500.jpeg\" data-srcset=\"https:\/\/worldofflowerpots.com\/wp-content\/uploads\/2019\/01\/Donice-betonowe-z-ultra-betonu-przed-budynkiem-2-600x500.jpeg 600w, https:\/\/worldofflowerpots.com\/wp-content\/uploads\/2019\/01\/Donice-betonowe-z-ultra-betonu-przed-budynkiem-2-1087x905.jpeg 1087w\" width=\"600\" height=\"500\"  data-dt-location=\"https:\/\/worldofflowerpots.com\/de\/donice-ultra-beton\/donice-betonowe-z-ultra-betonu-przed-budynkiem-4\/\" style=\"\" alt=\"\" \/><\/div><\/div><\/div><div id=\"ultimate-heading-487869f354ba2d805\" class=\"uvc-heading ult-adjust-bottom-margin ultimate-heading-487869f354ba2d805 uvc-4552 \" data-hspacer=\"no_spacer\"  data-halign=\"left\" style=\"text-align:left\"><div class=\"uvc-heading-spacer no_spacer\" style=\"top\"><\/div><div class=\"uvc-main-heading ult-responsive\"  data-ultimate-target='.uvc-heading.ultimate-heading-487869f354ba2d805 h2'  data-responsive-json-new='{\"font-size\":\"desktop:18px;\",\"line-height\":\"desktop:32px;\"}' ><h2 style=\"font-family:&#039;Poppins&#039;;font-weight:normal;font-style:normal;margin-bottom:16px;\">BLUMENK\u00dcBEL BETON PERFEKTION F\u00dcR TERRASSE<\/h2><\/div><div class=\"uvc-sub-heading ult-responsive\"  data-ultimate-target='.uvc-heading.ultimate-heading-487869f354ba2d805 .uvc-sub-heading '  data-responsive-json-new='{\"font-size\":\"desktop:16px;\",\"line-height\":\"desktop:28px;\"}'  style=\"font-family:&#039;Open Sans&#039;;font-weight:300;\">Blumenk\u00fcbel gibt es in unterschiedlichen Materialien, Farben und Ausf\u00fchrungen. Doch keine ist wohl so standhaft und belastbar wie die Varianten aus Beton. Blumenk\u00fcbel aus Beton sind wetterfest und hitzebest\u00e4ndig. Dabei wirken sie schon lange nicht mehr so plump und eint\u00f6nig wie fr\u00fcher. Pflanzk\u00fcbel aus Ultrabeton sind stilsicher verarbeitet, in unterschiedlichen Formen mit diversen Verzierungen und in vielen Farben erh\u00e4ltlich. Sie bringen einen gewissen Stil in Garten und auf die Terrasse und \u00fcberzeugen mit neuem modernem Design.<\/div><\/div>[\/vc_column][\/vc_row][vc_row bg_type=&#8220;image&#8220; parallax_style=&#8220;vcpb-default&#8220; bg_image_new=&#8220;id^52019|url^https:\/\/worldofflowerpots.com\/wp-content\/uploads\/2019\/01\/pflanzkuebel-beton-fuer-menschen-die-mehr-wollen-hydra-2.jpg|caption^null|alt^null|title^pflanzkuebel-beton-fuer-menschen-die-mehr-wollen-hydra-2|description^null&#8220; bg_image_repeat=&#8220;no-repeat&#8220; bg_override=&#8220;ex-full&#8220; enable_overlay=&#8220;enable_overlay_value&#8220; overlay_color=&#8220;rgba(0,0,0,0.2)&#8220; css=&#8220;.vc_custom_1548765684657{padding-top: 150px !important;padding-bottom: 150px !important;}&#8220;][vc_column offset=&#8220;vc_col-lg-offset-1 vc_col-lg-10 vc_col-md-offset-1 vc_col-md-10&#8243;]<div id=\"ultimate-heading-420969f354ba2d84d\" class=\"uvc-heading ult-adjust-bottom-margin ultimate-heading-420969f354ba2d84d uvc-395 \" data-hspacer=\"no_spacer\"  data-halign=\"center\" style=\"text-align:center\"><div class=\"uvc-heading-spacer no_spacer\" style=\"top\"><\/div><div class=\"uvc-main-heading ult-responsive\"  data-ultimate-target='.uvc-heading.ultimate-heading-420969f354ba2d84d h2'  data-responsive-json-new='{\"font-size\":\"desktop:34px;mobile:24px;\",\"line-height\":\"desktop:44px;mobile:34px;\"}' ><h2 style=\"font-family:&#039;Poppins&#039;;font-weight:300;color:#ffffff;margin-bottom:42px;\">PFLANZK\u00dcBEL BETON F\u00dcR MENSCHEN DIE MEHR WOLLEN<\/h2><\/div><div class=\"uvc-sub-heading ult-responsive\"  data-ultimate-target='.uvc-heading.ultimate-heading-420969f354ba2d84d .uvc-sub-heading '  data-responsive-json-new='{\"font-size\":\"desktop:16px;\",\"line-height\":\"desktop:28px;\"}'  style=\"font-family:&#039;Open Sans&#039;;font-weight:normal;font-style:normal;color:#f4f4f4;\"><\/p>\n<div class=\"hidden-mob\">Bei einem K\u00fcbel aus Beton werden nur modernste Materialien in absolut sorgf\u00e4ltiger und aufw\u00e4ndiger Verarbeitung hergestellt. Dies spiegelt sich nat\u00fcrlich im umwerfenden Design wieder &#8211; zeitlos, schlicht und trotzdem elegant! Qualitativ Hochwertig, langlebig und pflegleicht &#8211; so l\u00e4sst sich ein Pflanztrog aus Beton am Besten beschreiben! Erh\u00e4ltlich in den unterschiedlichsten Gr\u00f6\u00dfen und Formen passen sie garantiert in jede beliebige Gr\u00fcnanlage.<\/div>\n<p><\/div><\/div>[\/vc_column][\/vc_row]<\/p>\n","protected":false},"excerpt":{"rendered":"<p>[vc_row bg_type=&#8220;image&#8220; parallax_style=&#8220;vcpb-default&#8220; bg_image_new=&#8220;id^51933|url^https:\/\/worldofflowerpots.com\/wp-content\/uploads\/2019\/01\/Donice-betonowe-z-ultra-betonu-w-ogrodzie.jpg|caption^null|alt^null|title^Donice-betonowe-z-ultra-betonu-w-ogrodzie|description^null&#8220; bg_image_repeat=&#8220;no-repeat&#8220; bg_override=&#8220;ex-full&#8220; enable_overlay=&#8220;enable_overlay_value&#8220; overlay_color=&#8220;rgba(0,0,0,0.2)&#8220; css=&#8220;.vc_custom_1548718616348{padding-top: 150px !important;padding-bottom: 150px !important;}&#8220;][vc_column offset=&#8220;vc_col-lg-offset-1 vc_col-lg-10 vc_col-md-offset-1 vc_col-md-10&#8243;][\/vc_column][\/vc_row][vc_row css=&#8220;.vc_custom_1548698054848{border-bottom-width: 1px !important;padding-top: 40px !important;padding-bottom: 20px !important;border-bottom-color: #ededed !important;border-bottom-style: solid !important;}&#8220;][vc_column css=&#8220;.vc_custom_1548516273032{padding-bottom: 30px !important;}&#8220; offset=&#8220;vc_col-lg-offset-1 vc_col-lg-10 vc_col-md-offset-1 vc_col-md-10&#8243;][\/vc_column][vc_column css=&#8220;.vc_custom_1545305019274{padding-bottom: 30px !important;}&#8220;][\/vc_column][\/vc_row][vc_row css=&#8220;.vc_custom_1548717996948{padding-top: 40px !important;padding-bottom: 60px !important;}&#8220;][vc_column css=&#8220;.vc_custom_1548516273032{padding-bottom: 30px !important;}&#8220; offset=&#8220;vc_col-lg-offset-1 vc_col-lg-10 vc_col-md-offset-1 vc_col-md-10&#8243;][\/vc_column][\/vc_row][vc_row bg_type=&#8220;image&#8220; parallax_style=&#8220;vcpb-default&#8220; bg_image_new=&#8220;id^52022|url^https:\/\/worldofflowerpots.com\/wp-content\/uploads\/2019\/01\/beton-pflanzkuebel-im-garten-arten.jpg|caption^null|alt^null|title^beton-pflanzkuebel-im-garten-arten|description^null&#8220; bg_image_repeat=&#8220;no-repeat&#8220; bg_override=&#8220;ex-full&#8220;&hellip;<\/p>\n","protected":false},"author":1,"featured_media":0,"parent":0,"menu_order":0,"comment_status":"closed","ping_status":"closed","template":"","meta":{"_acf_changed":false},"class_list":["post-52016","page","type-page","status-publish","hentry","description-off"],"acf":[],"yoast_head":"<!-- This site is optimized with the Yoast SEO plugin v27.5 - https:\/\/yoast.com\/product\/yoast-seo-wordpress\/ -->\n<title>Design Pflanzk\u00fcbel aus Beton | Blumenk\u00fcbel World of Flowerpots<\/title>\n<meta name=\"description\" content=\"Pflanzk\u00fcbel aus Ultrabeton sind in stilsicher Design und gut verarbeitet, in unterschiedlichen Formen mit diversen Verzierungen in drei Farben erh\u00e4ltlich\" \/>\n<meta name=\"robots\" content=\"index, follow, max-snippet:-1, max-image-preview:large, max-video-preview:-1\" \/>\n<link rel=\"canonical\" href=\"https:\/\/worldofflowerpots.com\/design-pflanzkubel-ultrabeton\/\" \/>\n<meta property=\"og:locale\" content=\"de_DE\" \/>\n<meta property=\"og:type\" content=\"article\" \/>\n<meta property=\"og:title\" content=\"Design Pflanzk\u00fcbel aus Beton | Blumenk\u00fcbel World of Flowerpots\" \/>\n<meta property=\"og:description\" content=\"Pflanzk\u00fcbel aus Ultrabeton sind in stilsicher Design und gut verarbeitet, in unterschiedlichen Formen mit diversen Verzierungen in drei Farben erh\u00e4ltlich\" \/>\n<meta property=\"og:url\" content=\"https:\/\/worldofflowerpots.com\/design-pflanzkubel-ultrabeton\/\" \/>\n<meta property=\"og:site_name\" content=\"Blumenk\u00fcbel World of Flowerpots\" \/>\n<meta property=\"article:modified_time\" content=\"2019-04-23T11:34:47+00:00\" \/>\n<meta name=\"twitter:card\" content=\"summary_large_image\" \/>\n<meta name=\"twitter:label1\" content=\"Gesch\u00e4tzte Lesezeit\" \/>\n\t<meta name=\"twitter:data1\" content=\"8\u00a0Minuten\" \/>\n<script type=\"application\/ld+json\" class=\"yoast-schema-graph\">{\"@context\":\"https:\\\/\\\/schema.org\",\"@graph\":[{\"@type\":\"WebPage\",\"@id\":\"https:\\\/\\\/worldofflowerpots.com\\\/design-pflanzkubel-ultrabeton\\\/\",\"url\":\"https:\\\/\\\/worldofflowerpots.com\\\/design-pflanzkubel-ultrabeton\\\/\",\"name\":\"Design Pflanzk\u00fcbel aus Beton | Blumenk\u00fcbel World of Flowerpots\",\"isPartOf\":{\"@id\":\"https:\\\/\\\/worldofflowerpots.com\\\/#website\"},\"datePublished\":\"2019-01-29T12:35:17+00:00\",\"dateModified\":\"2019-04-23T11:34:47+00:00\",\"description\":\"Pflanzk\u00fcbel aus Ultrabeton sind in stilsicher Design und gut verarbeitet, in unterschiedlichen Formen mit diversen Verzierungen in drei Farben erh\u00e4ltlich\",\"breadcrumb\":{\"@id\":\"https:\\\/\\\/worldofflowerpots.com\\\/design-pflanzkubel-ultrabeton\\\/#breadcrumb\"},\"inLanguage\":\"de\",\"potentialAction\":[{\"@type\":\"ReadAction\",\"target\":[\"https:\\\/\\\/worldofflowerpots.com\\\/design-pflanzkubel-ultrabeton\\\/\"]}]},{\"@type\":\"BreadcrumbList\",\"@id\":\"https:\\\/\\\/worldofflowerpots.com\\\/design-pflanzkubel-ultrabeton\\\/#breadcrumb\",\"itemListElement\":[{\"@type\":\"ListItem\",\"position\":1,\"name\":\"Strona g\u0142\u00f3wna\",\"item\":\"https:\\\/\\\/worldofflowerpots.com\\\/blumenkuebel-grosse-auswahl\\\/\"},{\"@type\":\"ListItem\",\"position\":2,\"name\":\"Design Pflanzk\u00fcbel Ultrabeton\"}]},{\"@type\":\"WebSite\",\"@id\":\"https:\\\/\\\/worldofflowerpots.com\\\/#website\",\"url\":\"https:\\\/\\\/worldofflowerpots.com\\\/\",\"name\":\"Blumenk\u00fcbel World of Flowerpots\",\"description\":\"Pflanzk\u00fcbel beton, blumentr\u00f6ge, blumenk\u00fcbel gro\u00df, cortenstahl, fiberglas\",\"potentialAction\":[{\"@type\":\"SearchAction\",\"target\":{\"@type\":\"EntryPoint\",\"urlTemplate\":\"https:\\\/\\\/worldofflowerpots.com\\\/?s={search_term_string}\"},\"query-input\":{\"@type\":\"PropertyValueSpecification\",\"valueRequired\":true,\"valueName\":\"search_term_string\"}}],\"inLanguage\":\"de\"}]}<\/script>\n<!-- \/ Yoast SEO plugin. -->","yoast_head_json":{"title":"Design Pflanzk\u00fcbel aus Beton | Blumenk\u00fcbel World of Flowerpots","description":"Pflanzk\u00fcbel aus Ultrabeton sind in stilsicher Design und gut verarbeitet, in unterschiedlichen Formen mit diversen Verzierungen in drei Farben erh\u00e4ltlich","robots":{"index":"index","follow":"follow","max-snippet":"max-snippet:-1","max-image-preview":"max-image-preview:large","max-video-preview":"max-video-preview:-1"},"canonical":"https:\/\/worldofflowerpots.com\/design-pflanzkubel-ultrabeton\/","og_locale":"de_DE","og_type":"article","og_title":"Design Pflanzk\u00fcbel aus Beton | Blumenk\u00fcbel World of Flowerpots","og_description":"Pflanzk\u00fcbel aus Ultrabeton sind in stilsicher Design und gut verarbeitet, in unterschiedlichen Formen mit diversen Verzierungen in drei Farben erh\u00e4ltlich","og_url":"https:\/\/worldofflowerpots.com\/design-pflanzkubel-ultrabeton\/","og_site_name":"Blumenk\u00fcbel World of Flowerpots","article_modified_time":"2019-04-23T11:34:47+00:00","twitter_card":"summary_large_image","twitter_misc":{"Gesch\u00e4tzte Lesezeit":"8\u00a0Minuten"},"schema":{"@context":"https:\/\/schema.org","@graph":[{"@type":"WebPage","@id":"https:\/\/worldofflowerpots.com\/design-pflanzkubel-ultrabeton\/","url":"https:\/\/worldofflowerpots.com\/design-pflanzkubel-ultrabeton\/","name":"Design Pflanzk\u00fcbel aus Beton | Blumenk\u00fcbel World of Flowerpots","isPartOf":{"@id":"https:\/\/worldofflowerpots.com\/#website"},"datePublished":"2019-01-29T12:35:17+00:00","dateModified":"2019-04-23T11:34:47+00:00","description":"Pflanzk\u00fcbel aus Ultrabeton sind in stilsicher Design und gut verarbeitet, in unterschiedlichen Formen mit diversen Verzierungen in drei Farben erh\u00e4ltlich","breadcrumb":{"@id":"https:\/\/worldofflowerpots.com\/design-pflanzkubel-ultrabeton\/#breadcrumb"},"inLanguage":"de","potentialAction":[{"@type":"ReadAction","target":["https:\/\/worldofflowerpots.com\/design-pflanzkubel-ultrabeton\/"]}]},{"@type":"BreadcrumbList","@id":"https:\/\/worldofflowerpots.com\/design-pflanzkubel-ultrabeton\/#breadcrumb","itemListElement":[{"@type":"ListItem","position":1,"name":"Strona g\u0142\u00f3wna","item":"https:\/\/worldofflowerpots.com\/blumenkuebel-grosse-auswahl\/"},{"@type":"ListItem","position":2,"name":"Design Pflanzk\u00fcbel Ultrabeton"}]},{"@type":"WebSite","@id":"https:\/\/worldofflowerpots.com\/#website","url":"https:\/\/worldofflowerpots.com\/","name":"Blumenk\u00fcbel World of Flowerpots","description":"Pflanzk\u00fcbel beton, blumentr\u00f6ge, blumenk\u00fcbel gro\u00df, cortenstahl, fiberglas","potentialAction":[{"@type":"SearchAction","target":{"@type":"EntryPoint","urlTemplate":"https:\/\/worldofflowerpots.com\/?s={search_term_string}"},"query-input":{"@type":"PropertyValueSpecification","valueRequired":true,"valueName":"search_term_string"}}],"inLanguage":"de"}]}},"_links":{"self":[{"href":"https:\/\/worldofflowerpots.com\/de\/wp-json\/wp\/v2\/pages\/52016","targetHints":{"allow":["GET"]}}],"collection":[{"href":"https:\/\/worldofflowerpots.com\/de\/wp-json\/wp\/v2\/pages"}],"about":[{"href":"https:\/\/worldofflowerpots.com\/de\/wp-json\/wp\/v2\/types\/page"}],"author":[{"embeddable":true,"href":"https:\/\/worldofflowerpots.com\/de\/wp-json\/wp\/v2\/users\/1"}],"replies":[{"embeddable":true,"href":"https:\/\/worldofflowerpots.com\/de\/wp-json\/wp\/v2\/comments?post=52016"}],"version-history":[{"count":10,"href":"https:\/\/worldofflowerpots.com\/de\/wp-json\/wp\/v2\/pages\/52016\/revisions"}],"predecessor-version":[{"id":60025,"href":"https:\/\/worldofflowerpots.com\/de\/wp-json\/wp\/v2\/pages\/52016\/revisions\/60025"}],"wp:attachment":[{"href":"https:\/\/worldofflowerpots.com\/de\/wp-json\/wp\/v2\/media?parent=52016"}],"curies":[{"name":"wp","href":"https:\/\/api.w.org\/{rel}","templated":true}]}}