{"id":52370,"date":"2019-02-05T14:43:52","date_gmt":"2019-02-05T13:43:52","guid":{"rendered":"https:\/\/worldofflowerpots.com\/?page_id=52370"},"modified":"2019-04-16T18:43:48","modified_gmt":"2019-04-16T16:43:48","slug":"balkon-blumenkasten","status":"publish","type":"page","link":"https:\/\/worldofflowerpots.com\/de\/balkon-blumenkasten\/","title":{"rendered":"Balkon Blumenkasten"},"content":{"rendered":"<p>[vc_row bg_type=&#8220;image&#8220; parallax_style=&#8220;vcpb-default&#8220; bg_image_new=&#8220;id^52371|url^https:\/\/worldofflowerpots.com\/wp-content\/uploads\/2019\/02\/blumenkuebel-aluminium-in-garten-edoardo-2-1024&#215;576.jpg|caption^null|alt^null|title^blumenkuebel-aluminium-in-garten-edoardo-2-1024&#215;576|description^null&#8220; bg_image_repeat=&#8220;no-repeat&#8220; bg_override=&#8220;ex-full&#8220; enable_overlay=&#8220;enable_overlay_value&#8220; overlay_color=&#8220;rgba(0,0,0,0.2)&#8220; css=&#8220;.vc_custom_1549374229083{padding-top: 150px !important;padding-bottom: 150px !important;}&#8220;][vc_column offset=&#8220;vc_col-lg-offset-1 vc_col-lg-10 vc_col-md-offset-1 vc_col-md-10&#8243;]<div id=\"ultimate-heading-355869f352873587d\" class=\"uvc-heading ult-adjust-bottom-margin ultimate-heading-355869f352873587d uvc-7025 \" data-hspacer=\"no_spacer\"  data-halign=\"center\" style=\"text-align:center\"><div class=\"uvc-heading-spacer no_spacer\" style=\"top\"><\/div><div class=\"uvc-main-heading ult-responsive\"  data-ultimate-target='.uvc-heading.ultimate-heading-355869f352873587d h1'  data-responsive-json-new='{\"font-size\":\"desktop:34px;mobile:24px;\",\"line-height\":\"desktop:44px;mobile:34px;\"}' ><h1 style=\"font-family:&#039;Poppins&#039;;font-weight:300;color:#ffffff;margin-bottom:42px;\">Balkon Blumenkasten \u2013 platzsparender Au\u00dfenschmuck f\u00fcr gr\u00fcne Pracht<\/h1><\/div><div class=\"uvc-sub-heading ult-responsive\"  data-ultimate-target='.uvc-heading.ultimate-heading-355869f352873587d .uvc-sub-heading '  data-responsive-json-new='{\"font-size\":\"desktop:16px;\",\"line-height\":\"desktop:28px;\"}'  style=\"font-family:&#039;Open Sans&#039;;font-weight:normal;font-style:normal;color:#f4f4f4;\"><\/p>\n<div class=\"hidden-mob\">Sch\u00f6ne Blumenk\u00e4sten sind auf jedem noch so kleinen Balkon eine Alternative zum fehlenden Garten. Ihre eigene Form kommt besonders gut mit Pflanzen zur Geltung, die farblich und in der Wuchsform zum rechteckigen, quadratischen oder runden Kasten passen.<\/div>\n<p><\/div><\/div>[\/vc_column][\/vc_row][vc_row css=&#8220;.vc_custom_1548698054848{border-bottom-width: 1px !important;padding-top: 40px !important;padding-bottom: 20px !important;border-bottom-color: #ededed !important;border-bottom-style: solid !important;}&#8220;][vc_column css=&#8220;.vc_custom_1548516273032{padding-bottom: 30px !important;}&#8220; offset=&#8220;vc_col-lg-offset-1 vc_col-lg-10 vc_col-md-offset-1 vc_col-md-10&#8243;]<div id=\"ultimate-heading-104369f35287358f1\" class=\"uvc-heading ult-adjust-bottom-margin ultimate-heading-104369f35287358f1 uvc-9308 \" data-hspacer=\"no_spacer\"  data-halign=\"center\" style=\"text-align:center\"><div class=\"uvc-heading-spacer no_spacer\" style=\"top\"><\/div><div class=\"uvc-main-heading ult-responsive\"  data-ultimate-target='.uvc-heading.ultimate-heading-104369f35287358f1 h2'  data-responsive-json-new='{\"font-size\":\"desktop:28px;mobile:20px;\",\"line-height\":\"desktop:38px;mobile:30px;\"}' ><h2 style=\"font-family:&#039;Poppins&#039;;font-weight:300;margin-bottom:42px;\">Gestaltung des Balkons mit h\u00fcbschen Blumenk\u00e4sten<\/h2><\/div><div class=\"uvc-sub-heading ult-responsive\"  data-ultimate-target='.uvc-heading.ultimate-heading-104369f35287358f1 .uvc-sub-heading '  data-responsive-json-new='{\"font-size\":\"desktop:16px;\",\"line-height\":\"desktop:28px;\"}'  style=\"font-family:&#039;Open Sans&#039;;font-weight:300;\">Rechteckige Blumenk\u00e4sten werden auf einem Balkon meist an der Br\u00fcstung angeh\u00e4ngt oder aufgeschraubt. Sie sind deutlich leichter als Pflanzk\u00fcbel f\u00fcr den Garten. In der rechteckigen Form und klassischen Aufstellung wirken vor allem vielbl\u00fchende H\u00e4ngegew\u00e4chse und \u00fcppige Bodendecker mit eher zierlichen, aber vielen Bl\u00fcten sch\u00f6n. Wer mehr Abwechslung liebt, kann stattdessen auch einen Balkon Blumenkasten in runder Form aufstellen. Runde Balkonk\u00e4sten sehen vor allem mit Zierb\u00e4umchen oder mittelhoch wachsenden Zierstr\u00e4uchern, Schilf oder hohen Blumenb\u00fcschen sch\u00f6n aus.<\/p>\n<p><\/div><\/div>[\/vc_column][vc_column css=&#8220;.vc_custom_1545305019274{padding-bottom: 30px !important;}&#8220;]<div class=\"woocommerce columns-4 \"><\/div>[\/vc_column][\/vc_row]<\/p>\n","protected":false},"excerpt":{"rendered":"<p>[vc_row bg_type=&#8220;image&#8220; parallax_style=&#8220;vcpb-default&#8220; bg_image_new=&#8220;id^52371|url^https:\/\/worldofflowerpots.com\/wp-content\/uploads\/2019\/02\/blumenkuebel-aluminium-in-garten-edoardo-2-1024&#215;576.jpg|caption^null|alt^null|title^blumenkuebel-aluminium-in-garten-edoardo-2-1024&#215;576|description^null&#8220; bg_image_repeat=&#8220;no-repeat&#8220; bg_override=&#8220;ex-full&#8220; enable_overlay=&#8220;enable_overlay_value&#8220; overlay_color=&#8220;rgba(0,0,0,0.2)&#8220; css=&#8220;.vc_custom_1549374229083{padding-top: 150px !important;padding-bottom: 150px !important;}&#8220;][vc_column offset=&#8220;vc_col-lg-offset-1 vc_col-lg-10 vc_col-md-offset-1 vc_col-md-10&#8243;][\/vc_column][\/vc_row][vc_row css=&#8220;.vc_custom_1548698054848{border-bottom-width: 1px !important;padding-top: 40px !important;padding-bottom: 20px !important;border-bottom-color: #ededed !important;border-bottom-style: solid !important;}&#8220;][vc_column css=&#8220;.vc_custom_1548516273032{padding-bottom: 30px !important;}&#8220; offset=&#8220;vc_col-lg-offset-1 vc_col-lg-10 vc_col-md-offset-1 vc_col-md-10&#8243;][\/vc_column][vc_column css=&#8220;.vc_custom_1545305019274{padding-bottom: 30px !important;}&#8220;][\/vc_column][\/vc_row]<\/p>\n","protected":false},"author":1,"featured_media":0,"parent":0,"menu_order":0,"comment_status":"closed","ping_status":"closed","template":"","meta":{"_acf_changed":false},"class_list":["post-52370","page","type-page","status-publish","hentry","description-off"],"acf":[],"yoast_head":"<!-- This site is optimized with the Yoast SEO plugin v27.5 - https:\/\/yoast.com\/product\/yoast-seo-wordpress\/ -->\n<title>Balkon Blumenkasten | Blumenk\u00fcbel World of Flowerpots -<\/title>\n<meta name=\"description\" content=\"Blumenk\u00e4sten sind auf jedem noch so kleinen Balkon eine Alternative zum fehlenden Garten. Gross oder klein in aluminium oder Fiberglas\" \/>\n<meta name=\"robots\" content=\"index, follow, max-snippet:-1, max-image-preview:large, max-video-preview:-1\" \/>\n<link rel=\"canonical\" href=\"https:\/\/worldofflowerpots.com\/balkon-blumenkasten\/\" \/>\n<meta property=\"og:locale\" content=\"de_DE\" \/>\n<meta property=\"og:type\" content=\"article\" \/>\n<meta property=\"og:title\" content=\"Balkon Blumenkasten | Blumenk\u00fcbel World of Flowerpots -\" \/>\n<meta property=\"og:description\" content=\"Blumenk\u00e4sten sind auf jedem noch so kleinen Balkon eine Alternative zum fehlenden Garten. Gross oder klein in aluminium oder Fiberglas\" \/>\n<meta property=\"og:url\" content=\"https:\/\/worldofflowerpots.com\/balkon-blumenkasten\/\" \/>\n<meta property=\"og:site_name\" content=\"Blumenk\u00fcbel World of Flowerpots\" \/>\n<meta property=\"article:modified_time\" content=\"2019-04-16T16:43:48+00:00\" \/>\n<meta name=\"twitter:card\" content=\"summary_large_image\" \/>\n<meta name=\"twitter:label1\" content=\"Gesch\u00e4tzte Lesezeit\" \/>\n\t<meta name=\"twitter:data1\" content=\"2\u00a0Minuten\" \/>\n<script type=\"application\/ld+json\" class=\"yoast-schema-graph\">{\"@context\":\"https:\\\/\\\/schema.org\",\"@graph\":[{\"@type\":\"WebPage\",\"@id\":\"https:\\\/\\\/worldofflowerpots.com\\\/balkon-blumenkasten\\\/\",\"url\":\"https:\\\/\\\/worldofflowerpots.com\\\/balkon-blumenkasten\\\/\",\"name\":\"Balkon Blumenkasten | Blumenk\u00fcbel World of Flowerpots -\",\"isPartOf\":{\"@id\":\"https:\\\/\\\/worldofflowerpots.com\\\/#website\"},\"datePublished\":\"2019-02-05T13:43:52+00:00\",\"dateModified\":\"2019-04-16T16:43:48+00:00\",\"description\":\"Blumenk\u00e4sten sind auf jedem noch so kleinen Balkon eine Alternative zum fehlenden Garten. Gross oder klein in aluminium oder Fiberglas\",\"breadcrumb\":{\"@id\":\"https:\\\/\\\/worldofflowerpots.com\\\/balkon-blumenkasten\\\/#breadcrumb\"},\"inLanguage\":\"de\",\"potentialAction\":[{\"@type\":\"ReadAction\",\"target\":[\"https:\\\/\\\/worldofflowerpots.com\\\/balkon-blumenkasten\\\/\"]}]},{\"@type\":\"BreadcrumbList\",\"@id\":\"https:\\\/\\\/worldofflowerpots.com\\\/balkon-blumenkasten\\\/#breadcrumb\",\"itemListElement\":[{\"@type\":\"ListItem\",\"position\":1,\"name\":\"Strona g\u0142\u00f3wna\",\"item\":\"https:\\\/\\\/worldofflowerpots.com\\\/blumenkuebel-grosse-auswahl\\\/\"},{\"@type\":\"ListItem\",\"position\":2,\"name\":\"Balkon Blumenkasten\"}]},{\"@type\":\"WebSite\",\"@id\":\"https:\\\/\\\/worldofflowerpots.com\\\/#website\",\"url\":\"https:\\\/\\\/worldofflowerpots.com\\\/\",\"name\":\"Blumenk\u00fcbel World of Flowerpots\",\"description\":\"Pflanzk\u00fcbel beton, blumentr\u00f6ge, blumenk\u00fcbel gro\u00df, cortenstahl, fiberglas\",\"potentialAction\":[{\"@type\":\"SearchAction\",\"target\":{\"@type\":\"EntryPoint\",\"urlTemplate\":\"https:\\\/\\\/worldofflowerpots.com\\\/?s={search_term_string}\"},\"query-input\":{\"@type\":\"PropertyValueSpecification\",\"valueRequired\":true,\"valueName\":\"search_term_string\"}}],\"inLanguage\":\"de\"}]}<\/script>\n<!-- \/ Yoast SEO plugin. -->","yoast_head_json":{"title":"Balkon Blumenkasten | Blumenk\u00fcbel World of Flowerpots -","description":"Blumenk\u00e4sten sind auf jedem noch so kleinen Balkon eine Alternative zum fehlenden Garten. Gross oder klein in aluminium oder Fiberglas","robots":{"index":"index","follow":"follow","max-snippet":"max-snippet:-1","max-image-preview":"max-image-preview:large","max-video-preview":"max-video-preview:-1"},"canonical":"https:\/\/worldofflowerpots.com\/balkon-blumenkasten\/","og_locale":"de_DE","og_type":"article","og_title":"Balkon Blumenkasten | Blumenk\u00fcbel World of Flowerpots -","og_description":"Blumenk\u00e4sten sind auf jedem noch so kleinen Balkon eine Alternative zum fehlenden Garten. Gross oder klein in aluminium oder Fiberglas","og_url":"https:\/\/worldofflowerpots.com\/balkon-blumenkasten\/","og_site_name":"Blumenk\u00fcbel World of Flowerpots","article_modified_time":"2019-04-16T16:43:48+00:00","twitter_card":"summary_large_image","twitter_misc":{"Gesch\u00e4tzte Lesezeit":"2\u00a0Minuten"},"schema":{"@context":"https:\/\/schema.org","@graph":[{"@type":"WebPage","@id":"https:\/\/worldofflowerpots.com\/balkon-blumenkasten\/","url":"https:\/\/worldofflowerpots.com\/balkon-blumenkasten\/","name":"Balkon Blumenkasten | Blumenk\u00fcbel World of Flowerpots -","isPartOf":{"@id":"https:\/\/worldofflowerpots.com\/#website"},"datePublished":"2019-02-05T13:43:52+00:00","dateModified":"2019-04-16T16:43:48+00:00","description":"Blumenk\u00e4sten sind auf jedem noch so kleinen Balkon eine Alternative zum fehlenden Garten. Gross oder klein in aluminium oder Fiberglas","breadcrumb":{"@id":"https:\/\/worldofflowerpots.com\/balkon-blumenkasten\/#breadcrumb"},"inLanguage":"de","potentialAction":[{"@type":"ReadAction","target":["https:\/\/worldofflowerpots.com\/balkon-blumenkasten\/"]}]},{"@type":"BreadcrumbList","@id":"https:\/\/worldofflowerpots.com\/balkon-blumenkasten\/#breadcrumb","itemListElement":[{"@type":"ListItem","position":1,"name":"Strona g\u0142\u00f3wna","item":"https:\/\/worldofflowerpots.com\/blumenkuebel-grosse-auswahl\/"},{"@type":"ListItem","position":2,"name":"Balkon Blumenkasten"}]},{"@type":"WebSite","@id":"https:\/\/worldofflowerpots.com\/#website","url":"https:\/\/worldofflowerpots.com\/","name":"Blumenk\u00fcbel World of Flowerpots","description":"Pflanzk\u00fcbel beton, blumentr\u00f6ge, blumenk\u00fcbel gro\u00df, cortenstahl, fiberglas","potentialAction":[{"@type":"SearchAction","target":{"@type":"EntryPoint","urlTemplate":"https:\/\/worldofflowerpots.com\/?s={search_term_string}"},"query-input":{"@type":"PropertyValueSpecification","valueRequired":true,"valueName":"search_term_string"}}],"inLanguage":"de"}]}},"_links":{"self":[{"href":"https:\/\/worldofflowerpots.com\/de\/wp-json\/wp\/v2\/pages\/52370","targetHints":{"allow":["GET"]}}],"collection":[{"href":"https:\/\/worldofflowerpots.com\/de\/wp-json\/wp\/v2\/pages"}],"about":[{"href":"https:\/\/worldofflowerpots.com\/de\/wp-json\/wp\/v2\/types\/page"}],"author":[{"embeddable":true,"href":"https:\/\/worldofflowerpots.com\/de\/wp-json\/wp\/v2\/users\/1"}],"replies":[{"embeddable":true,"href":"https:\/\/worldofflowerpots.com\/de\/wp-json\/wp\/v2\/comments?post=52370"}],"version-history":[{"count":4,"href":"https:\/\/worldofflowerpots.com\/de\/wp-json\/wp\/v2\/pages\/52370\/revisions"}],"predecessor-version":[{"id":59603,"href":"https:\/\/worldofflowerpots.com\/de\/wp-json\/wp\/v2\/pages\/52370\/revisions\/59603"}],"wp:attachment":[{"href":"https:\/\/worldofflowerpots.com\/de\/wp-json\/wp\/v2\/media?parent=52370"}],"curies":[{"name":"wp","href":"https:\/\/api.w.org\/{rel}","templated":true}]}}