{"id":52377,"date":"2019-02-05T14:46:15","date_gmt":"2019-02-05T13:46:15","guid":{"rendered":"https:\/\/worldofflowerpots.com\/?page_id=52377"},"modified":"2019-04-16T19:22:00","modified_gmt":"2019-04-16T17:22:00","slug":"blumenkasten","status":"publish","type":"page","link":"https:\/\/worldofflowerpots.com\/de\/blumenkasten\/","title":{"rendered":"Blumenkasten"},"content":{"rendered":"<p>[vc_row bg_type=&#8220;image&#8220; parallax_style=&#8220;vcpb-default&#8220; bg_image_new=&#8220;id^52371|url^https:\/\/worldofflowerpots.com\/wp-content\/uploads\/2019\/02\/blumenkuebel-aluminium-in-garten-edoardo-2-1024&#215;576.jpg|caption^null|alt^null|title^blumenkuebel-aluminium-in-garten-edoardo-2-1024&#215;576|description^null&#8220; bg_image_repeat=&#8220;no-repeat&#8220; bg_override=&#8220;ex-full&#8220; enable_overlay=&#8220;enable_overlay_value&#8220; overlay_color=&#8220;rgba(0,0,0,0.2)&#8220; css=&#8220;.vc_custom_1549374229083{padding-top: 150px !important;padding-bottom: 150px !important;}&#8220;][vc_column offset=&#8220;vc_col-lg-offset-1 vc_col-lg-10 vc_col-md-offset-1 vc_col-md-10&#8243;]<div id=\"ultimate-heading-447769f3529094eff\" class=\"uvc-heading ult-adjust-bottom-margin ultimate-heading-447769f3529094eff uvc-6051 \" data-hspacer=\"no_spacer\"  data-halign=\"center\" style=\"text-align:center\"><div class=\"uvc-heading-spacer no_spacer\" style=\"top\"><\/div><div class=\"uvc-main-heading ult-responsive\"  data-ultimate-target='.uvc-heading.ultimate-heading-447769f3529094eff h2'  data-responsive-json-new='{\"font-size\":\"desktop:34px;mobile:24px;\",\"line-height\":\"desktop:44px;mobile:34px;\"}' ><h2 style=\"font-family:&#039;Poppins&#039;;font-weight:300;color:#ffffff;margin-bottom:42px;\">Der Blumenkasten ist weit mehr als ein Pflanzbeh\u00e4lter<\/h2><\/div><div class=\"uvc-sub-heading ult-responsive\"  data-ultimate-target='.uvc-heading.ultimate-heading-447769f3529094eff .uvc-sub-heading '  data-responsive-json-new='{\"font-size\":\"desktop:16px;\",\"line-height\":\"desktop:28px;\"}'  style=\"font-family:&#039;Open Sans&#039;;font-weight:normal;font-style:normal;color:#f4f4f4;\"><\/p>\n<div class=\"hidden-mob\">Durch ansprechende Blumenk\u00e4sten kommen Pflanzen erst richtig zur Geltung \u2013 und das ganzj\u00e4hrig. Sie tragen dazu bei, dass sich Blumen oder Kr\u00e4uter rundum wohlf\u00fchlen. Ob in klassischer Form, mediterran oder supermodern: Blumenk\u00e4sten bieten optimale Wachstumsbedingungen f\u00fcr fast jede Pflanze, sei es auf dem Balkon oder der Terrasse.<\/div>\n<p><\/div><\/div>[\/vc_column][\/vc_row][vc_row css=&#8220;.vc_custom_1548698054848{border-bottom-width: 1px !important;padding-top: 40px !important;padding-bottom: 20px !important;border-bottom-color: #ededed !important;border-bottom-style: solid !important;}&#8220;][vc_column css=&#8220;.vc_custom_1548516273032{padding-bottom: 30px !important;}&#8220; offset=&#8220;vc_col-lg-offset-1 vc_col-lg-10 vc_col-md-offset-1 vc_col-md-10&#8243;]<div id=\"ultimate-heading-219769f3529094f51\" class=\"uvc-heading ult-adjust-bottom-margin ultimate-heading-219769f3529094f51 uvc-6348 \" data-hspacer=\"no_spacer\"  data-halign=\"center\" style=\"text-align:center\"><div class=\"uvc-heading-spacer no_spacer\" style=\"top\"><\/div><div class=\"uvc-main-heading ult-responsive\"  data-ultimate-target='.uvc-heading.ultimate-heading-219769f3529094f51 h2'  data-responsive-json-new='{\"font-size\":\"desktop:28px;mobile:20px;\",\"line-height\":\"desktop:38px;mobile:30px;\"}' ><h2 style=\"font-family:&#039;Poppins&#039;;font-weight:300;margin-bottom:42px;\">Tolle Produktvielfalt und viele Gestaltungsm\u00f6glichkeiten<\/h2><\/div><div class=\"uvc-sub-heading ult-responsive\"  data-ultimate-target='.uvc-heading.ultimate-heading-219769f3529094f51 .uvc-sub-heading '  data-responsive-json-new='{\"font-size\":\"desktop:16px;\",\"line-height\":\"desktop:28px;\"}'  style=\"font-family:&#039;Open Sans&#039;;font-weight:300;\">Viele Gestaltungs- und Pflanzideen lassen sich mit trendstarken Blumenk\u00e4sten leicht umsetzen. Die gro\u00dfe Auswahl erm\u00f6glicht, dass sich f\u00fcr jedes Umfeld und f\u00fcr jede Pflanzenart das passende Modell finden l\u00e4sst. Blumenk\u00e4sten aus Kunststoff, Terrakotta oder Metall sehen einfach schick aus, versch\u00f6nern Fenster oder Balkongel\u00e4nder und heben die Sch\u00f6nheit der Pflanzen besonders hervor.<\/p>\n<p><\/div><\/div>[\/vc_column][vc_column css=&#8220;.vc_custom_1545305019274{padding-bottom: 30px !important;}&#8220;]<div class=\"woocommerce columns-4 \"><\/div>[\/vc_column][\/vc_row]<\/p>\n","protected":false},"excerpt":{"rendered":"<p>[vc_row bg_type=&#8220;image&#8220; parallax_style=&#8220;vcpb-default&#8220; bg_image_new=&#8220;id^52371|url^https:\/\/worldofflowerpots.com\/wp-content\/uploads\/2019\/02\/blumenkuebel-aluminium-in-garten-edoardo-2-1024&#215;576.jpg|caption^null|alt^null|title^blumenkuebel-aluminium-in-garten-edoardo-2-1024&#215;576|description^null&#8220; bg_image_repeat=&#8220;no-repeat&#8220; bg_override=&#8220;ex-full&#8220; enable_overlay=&#8220;enable_overlay_value&#8220; overlay_color=&#8220;rgba(0,0,0,0.2)&#8220; css=&#8220;.vc_custom_1549374229083{padding-top: 150px !important;padding-bottom: 150px !important;}&#8220;][vc_column offset=&#8220;vc_col-lg-offset-1 vc_col-lg-10 vc_col-md-offset-1 vc_col-md-10&#8243;][\/vc_column][\/vc_row][vc_row css=&#8220;.vc_custom_1548698054848{border-bottom-width: 1px !important;padding-top: 40px !important;padding-bottom: 20px !important;border-bottom-color: #ededed !important;border-bottom-style: solid !important;}&#8220;][vc_column css=&#8220;.vc_custom_1548516273032{padding-bottom: 30px !important;}&#8220; offset=&#8220;vc_col-lg-offset-1 vc_col-lg-10 vc_col-md-offset-1 vc_col-md-10&#8243;][\/vc_column][vc_column css=&#8220;.vc_custom_1545305019274{padding-bottom: 30px !important;}&#8220;][\/vc_column][\/vc_row]<\/p>\n","protected":false},"author":1,"featured_media":0,"parent":0,"menu_order":0,"comment_status":"closed","ping_status":"closed","template":"","meta":{"_acf_changed":false},"class_list":["post-52377","page","type-page","status-publish","hentry","description-off"],"acf":[],"yoast_head":"<!-- This site is optimized with the Yoast SEO plugin v27.5 - https:\/\/yoast.com\/product\/yoast-seo-wordpress\/ -->\n<title>Blumenkasten klein oder gross | Blumenk\u00fcbel World of Flowerpots<\/title>\n<meta name=\"description\" content=\"Aluminium,beton oder fiberglas bieten unsere Blumenk\u00e4sten optimale Wachstumsbedingungen f\u00fcr fast jede Pflanze, sei es auf dem Balkon oder der Terrasse.\" \/>\n<meta name=\"robots\" content=\"index, follow, max-snippet:-1, max-image-preview:large, max-video-preview:-1\" \/>\n<link rel=\"canonical\" href=\"https:\/\/worldofflowerpots.com\/blumenkasten\/\" \/>\n<meta property=\"og:locale\" content=\"de_DE\" \/>\n<meta property=\"og:type\" content=\"article\" \/>\n<meta property=\"og:title\" content=\"Blumenkasten klein oder gross | Blumenk\u00fcbel World of Flowerpots\" \/>\n<meta property=\"og:description\" content=\"Aluminium,beton oder fiberglas bieten unsere Blumenk\u00e4sten optimale Wachstumsbedingungen f\u00fcr fast jede Pflanze, sei es auf dem Balkon oder der Terrasse.\" \/>\n<meta property=\"og:url\" content=\"https:\/\/worldofflowerpots.com\/blumenkasten\/\" \/>\n<meta property=\"og:site_name\" content=\"Blumenk\u00fcbel World of Flowerpots\" \/>\n<meta property=\"article:modified_time\" content=\"2019-04-16T17:22:00+00:00\" \/>\n<meta name=\"twitter:card\" content=\"summary_large_image\" \/>\n<meta name=\"twitter:label1\" content=\"Gesch\u00e4tzte Lesezeit\" \/>\n\t<meta name=\"twitter:data1\" content=\"2\u00a0Minuten\" \/>\n<script type=\"application\/ld+json\" class=\"yoast-schema-graph\">{\"@context\":\"https:\\\/\\\/schema.org\",\"@graph\":[{\"@type\":\"WebPage\",\"@id\":\"https:\\\/\\\/worldofflowerpots.com\\\/blumenkasten\\\/\",\"url\":\"https:\\\/\\\/worldofflowerpots.com\\\/blumenkasten\\\/\",\"name\":\"Blumenkasten klein oder gross | Blumenk\u00fcbel World of Flowerpots\",\"isPartOf\":{\"@id\":\"https:\\\/\\\/worldofflowerpots.com\\\/#website\"},\"datePublished\":\"2019-02-05T13:46:15+00:00\",\"dateModified\":\"2019-04-16T17:22:00+00:00\",\"description\":\"Aluminium,beton oder fiberglas bieten unsere Blumenk\u00e4sten optimale Wachstumsbedingungen f\u00fcr fast jede Pflanze, sei es auf dem Balkon oder der Terrasse.\",\"breadcrumb\":{\"@id\":\"https:\\\/\\\/worldofflowerpots.com\\\/blumenkasten\\\/#breadcrumb\"},\"inLanguage\":\"de\",\"potentialAction\":[{\"@type\":\"ReadAction\",\"target\":[\"https:\\\/\\\/worldofflowerpots.com\\\/blumenkasten\\\/\"]}]},{\"@type\":\"BreadcrumbList\",\"@id\":\"https:\\\/\\\/worldofflowerpots.com\\\/blumenkasten\\\/#breadcrumb\",\"itemListElement\":[{\"@type\":\"ListItem\",\"position\":1,\"name\":\"Strona g\u0142\u00f3wna\",\"item\":\"https:\\\/\\\/worldofflowerpots.com\\\/blumenkuebel-grosse-auswahl\\\/\"},{\"@type\":\"ListItem\",\"position\":2,\"name\":\"Blumenkasten\"}]},{\"@type\":\"WebSite\",\"@id\":\"https:\\\/\\\/worldofflowerpots.com\\\/#website\",\"url\":\"https:\\\/\\\/worldofflowerpots.com\\\/\",\"name\":\"Blumenk\u00fcbel World of Flowerpots\",\"description\":\"Pflanzk\u00fcbel beton, blumentr\u00f6ge, blumenk\u00fcbel gro\u00df, cortenstahl, fiberglas\",\"potentialAction\":[{\"@type\":\"SearchAction\",\"target\":{\"@type\":\"EntryPoint\",\"urlTemplate\":\"https:\\\/\\\/worldofflowerpots.com\\\/?s={search_term_string}\"},\"query-input\":{\"@type\":\"PropertyValueSpecification\",\"valueRequired\":true,\"valueName\":\"search_term_string\"}}],\"inLanguage\":\"de\"}]}<\/script>\n<!-- \/ Yoast SEO plugin. -->","yoast_head_json":{"title":"Blumenkasten klein oder gross | Blumenk\u00fcbel World of Flowerpots","description":"Aluminium,beton oder fiberglas bieten unsere Blumenk\u00e4sten optimale Wachstumsbedingungen f\u00fcr fast jede Pflanze, sei es auf dem Balkon oder der Terrasse.","robots":{"index":"index","follow":"follow","max-snippet":"max-snippet:-1","max-image-preview":"max-image-preview:large","max-video-preview":"max-video-preview:-1"},"canonical":"https:\/\/worldofflowerpots.com\/blumenkasten\/","og_locale":"de_DE","og_type":"article","og_title":"Blumenkasten klein oder gross | Blumenk\u00fcbel World of Flowerpots","og_description":"Aluminium,beton oder fiberglas bieten unsere Blumenk\u00e4sten optimale Wachstumsbedingungen f\u00fcr fast jede Pflanze, sei es auf dem Balkon oder der Terrasse.","og_url":"https:\/\/worldofflowerpots.com\/blumenkasten\/","og_site_name":"Blumenk\u00fcbel World of Flowerpots","article_modified_time":"2019-04-16T17:22:00+00:00","twitter_card":"summary_large_image","twitter_misc":{"Gesch\u00e4tzte Lesezeit":"2\u00a0Minuten"},"schema":{"@context":"https:\/\/schema.org","@graph":[{"@type":"WebPage","@id":"https:\/\/worldofflowerpots.com\/blumenkasten\/","url":"https:\/\/worldofflowerpots.com\/blumenkasten\/","name":"Blumenkasten klein oder gross | Blumenk\u00fcbel World of Flowerpots","isPartOf":{"@id":"https:\/\/worldofflowerpots.com\/#website"},"datePublished":"2019-02-05T13:46:15+00:00","dateModified":"2019-04-16T17:22:00+00:00","description":"Aluminium,beton oder fiberglas bieten unsere Blumenk\u00e4sten optimale Wachstumsbedingungen f\u00fcr fast jede Pflanze, sei es auf dem Balkon oder der Terrasse.","breadcrumb":{"@id":"https:\/\/worldofflowerpots.com\/blumenkasten\/#breadcrumb"},"inLanguage":"de","potentialAction":[{"@type":"ReadAction","target":["https:\/\/worldofflowerpots.com\/blumenkasten\/"]}]},{"@type":"BreadcrumbList","@id":"https:\/\/worldofflowerpots.com\/blumenkasten\/#breadcrumb","itemListElement":[{"@type":"ListItem","position":1,"name":"Strona g\u0142\u00f3wna","item":"https:\/\/worldofflowerpots.com\/blumenkuebel-grosse-auswahl\/"},{"@type":"ListItem","position":2,"name":"Blumenkasten"}]},{"@type":"WebSite","@id":"https:\/\/worldofflowerpots.com\/#website","url":"https:\/\/worldofflowerpots.com\/","name":"Blumenk\u00fcbel World of Flowerpots","description":"Pflanzk\u00fcbel beton, blumentr\u00f6ge, blumenk\u00fcbel gro\u00df, cortenstahl, fiberglas","potentialAction":[{"@type":"SearchAction","target":{"@type":"EntryPoint","urlTemplate":"https:\/\/worldofflowerpots.com\/?s={search_term_string}"},"query-input":{"@type":"PropertyValueSpecification","valueRequired":true,"valueName":"search_term_string"}}],"inLanguage":"de"}]}},"_links":{"self":[{"href":"https:\/\/worldofflowerpots.com\/de\/wp-json\/wp\/v2\/pages\/52377","targetHints":{"allow":["GET"]}}],"collection":[{"href":"https:\/\/worldofflowerpots.com\/de\/wp-json\/wp\/v2\/pages"}],"about":[{"href":"https:\/\/worldofflowerpots.com\/de\/wp-json\/wp\/v2\/types\/page"}],"author":[{"embeddable":true,"href":"https:\/\/worldofflowerpots.com\/de\/wp-json\/wp\/v2\/users\/1"}],"replies":[{"embeddable":true,"href":"https:\/\/worldofflowerpots.com\/de\/wp-json\/wp\/v2\/comments?post=52377"}],"version-history":[{"count":3,"href":"https:\/\/worldofflowerpots.com\/de\/wp-json\/wp\/v2\/pages\/52377\/revisions"}],"predecessor-version":[{"id":59609,"href":"https:\/\/worldofflowerpots.com\/de\/wp-json\/wp\/v2\/pages\/52377\/revisions\/59609"}],"wp:attachment":[{"href":"https:\/\/worldofflowerpots.com\/de\/wp-json\/wp\/v2\/media?parent=52377"}],"curies":[{"name":"wp","href":"https:\/\/api.w.org\/{rel}","templated":true}]}}