{"id":52390,"date":"2019-01-18T15:13:37","date_gmt":"2019-01-18T14:13:37","guid":{"rendered":"https:\/\/worldofflowerpots.com\/sklep\/unkategorisiert\/blumenkubel-mit-rollen-fabio\/"},"modified":"2019-04-12T08:58:52","modified_gmt":"2019-04-12T06:58:52","slug":"blumenkubel-mit-rollen-fabio","status":"publish","type":"product","link":"https:\/\/worldofflowerpots.com\/de\/sortiment\/blumenkubel-mit-rollen-fabio\/","title":{"rendered":"Blumenk\u00fcbel mit rollen Fabio"},"content":{"rendered":"<h2>Blumenk\u00fcbel mit rollen Fabio Mobil \u2013 aus der Gruppe der neuen T\u00f6pfe WHEELS<\/h2>\n<p>Direkt am Puls der Zeit angesiedelt ist der neue Trend Garten, Haus, Terrasse, Office und Praxis kreativ-flexibel zu begr\u00fcnen. Moderne Gartent\u00f6pfe werden mit praktischen R\u00e4dern ausgestattet, um ihren Transport zu erleichtern oder sie eben nach Lust und Laune umstellen zu k\u00f6nnen. Vorbei sind die Zeiten, als eine Bananenstaude immer an derselben Stelle stehen musste! Besonders bei grossen Pflanzen und B\u00e4umchen ist dies ein echter Vorteil gegen\u00fcber einem unbeweglichen Pot. Perfekt ist \u201eFabio Mobil\u201d nicht nur f\u00fcr Garten und Gr\u00fcnfl\u00e4chen, sondern auch f\u00fcr die Dekoration von Balkon, Terrasse, Eingangshallen, Praxis- oder B\u00fcror\u00e4umen. Zusammen mit dem schicken Fabio-Topf k\u00f6nnen Sie eine ganz besondere Atmosp\u00e4re schaffen, in der sich jeder Bewohner oder Besucher gleich wohl f\u00fchlt.<\/p>\n<h2>Der ganz besondere Blumetrog \u2013 Fabio<\/h2>\n<p>\u201eFabio Mobil\u201d ist rechteckig und besteht aus dem leichten, langlebigen und rostfreien Material Aluminium. Er wird matt oder gl\u00e4nzend in RAL-Farben geliefert. Der Standard-Topf ist im Boden mit einigen Drainagel\u00f6chern versehen. Eingebaute R\u00e4der erm\u00f6glichen es Ihnen, ganz leicht die T\u00f6pfe \u00fcberall hinbewegen zu k\u00f6nnen. Die Masse des Topfes sind: Breite 80 cm, L\u00e4nge 100 cm und H\u00f6he 60 cm. Blumenk\u00fcbel mit rollen wiegt ca. 46 Kg und fasst 465 Liter Erde. Die sichtbare Verwendung hochwertiger Materialien macht Fabio alleine schon zu einem eleganten, minimalistischen und stilvollen Dekorationojekt. Direkt auf dem Platz vor Ihrem Haus oder dem Office positioniert, wirkt dieser Pflanzenbeh\u00e4lter einladend und zeigt dem Besucher sozusagen Ihre Visitenkarte. Die Wirkung des langlebigen, witterungsbest\u00e4ndigen Materials der T\u00f6pfe, wird Ihnen viel Freude bereiten!<\/p>\n<h2>Eine originelle und universelle L\u00f6sung<\/h2>\n<p>Die Verwendung des Materials Aluminium macht dieses Accessoire resistent gegen Witterung, das Gewicht sch\u00fctzt die Pflanzen bei Sturm vor dem Umst\u00fcrzen, das grosse Fassungsverm\u00f6gen erlaubt die Bepflanzung mit gro\u00dfen Str\u00e4uchern oder richtigen B\u00e4umchen. Der moderne Look der T\u00f6pfe bringt eine klare Linie und sachliche Stimmung mit. Das ist einmal etwas Neues im Garten. Diese Sachlichkeit passt auch sehr gut vor ein Gesch\u00e4ftsgeb\u00e4ude oder in eine Engangshalle. Die Verf\u00fcgbarkeit vieler Farbt\u00f6ne erweitert den Anwendungshorizont von Blumenk\u00fcbel mit rollen \u201eFabio Mobil\u201d noch weiter. RAL-Farben stehen in Matt, Seidenmatt oder Gl\u00e4nzend zur Verf\u00fcgung.<\/p>\n","protected":false},"excerpt":{"rendered":"<p>Material: 2 mm Aluminiumblech<br \/>\nFarbe: Pulverbeschichtung<br \/>\nStandard: RAL9016,7012,7021<br \/>\nAb 5 St\u00fcck jede Ral Farbe m\u00f6glich<br \/>\nGewicht : 46kg<br \/>\nAbmessungen B800mm H625mm L1000mm<br \/>\nUV-resistent, Wetterfest<br \/>\nFrostbest\u00e4ndig bei gew\u00e4hrleistetem Wasserablauf<\/p>\n","protected":false},"featured_media":58710,"template":"","meta":{"_acf_changed":false},"product_brand":[],"product_cat":[269,266],"product_tag":[],"class_list":{"0":"post-52390","1":"product","2":"type-product","3":"status-publish","4":"has-post-thumbnail","6":"product_cat-pflanzkuebel-aluminium","7":"product_cat-pflanzkuebel-mit-rollen","8":"description-off","9":"tm-has-options","11":"first","12":"instock","13":"shipping-taxable","14":"purchasable","15":"product-type-simple"},"acf":[],"yoast_head":"<!-- This site is optimized with the Yoast SEO plugin v27.5 - https:\/\/yoast.com\/product\/yoast-seo-wordpress\/ -->\n<title>Blumenk\u00fcbel mit rollen aus Aluminium Pulverbeschichtet in anthrazit<\/title>\n<meta name=\"description\" content=\"Die Verwendung des Materials Aluminium macht dieses Accessoire resistent gegen Witterung, das Gewicht sch\u00fctzt die Pflanzen bei Sturm vor dem Umst\u00fcrzen\" \/>\n<meta name=\"robots\" content=\"index, follow, max-snippet:-1, max-image-preview:large, max-video-preview:-1\" \/>\n<link rel=\"canonical\" href=\"https:\/\/worldofflowerpots.com\/sklep\/blumenkubel-mit-rollen-fabio\/\" \/>\n<meta property=\"og:locale\" content=\"de_DE\" \/>\n<meta property=\"og:type\" content=\"article\" \/>\n<meta property=\"og:title\" content=\"Blumenk\u00fcbel mit rollen aus Aluminium Pulverbeschichtet in anthrazit\" \/>\n<meta property=\"og:description\" content=\"Die Verwendung des Materials Aluminium macht dieses Accessoire resistent gegen Witterung, das Gewicht sch\u00fctzt die Pflanzen bei Sturm vor dem Umst\u00fcrzen\" \/>\n<meta property=\"og:url\" content=\"https:\/\/worldofflowerpots.com\/sklep\/blumenkubel-mit-rollen-fabio\/\" \/>\n<meta property=\"og:site_name\" content=\"Blumenk\u00fcbel World of Flowerpots\" \/>\n<meta property=\"article:modified_time\" content=\"2019-04-12T06:58:52+00:00\" \/>\n<meta property=\"og:image\" content=\"https:\/\/worldofflowerpots.com\/wp-content\/uploads\/2019\/01\/blumenk\u00fcbel-mit-rollen-Fabio-Mobile.jpg\" \/>\n\t<meta property=\"og:image:width\" content=\"4000\" \/>\n\t<meta property=\"og:image:height\" content=\"3000\" \/>\n\t<meta property=\"og:image:type\" content=\"image\/jpeg\" \/>\n<meta name=\"twitter:card\" content=\"summary_large_image\" \/>\n<meta name=\"twitter:label1\" content=\"Gesch\u00e4tzte Lesezeit\" \/>\n\t<meta name=\"twitter:data1\" content=\"2\u00a0Minuten\" \/>\n<script type=\"application\/ld+json\" class=\"yoast-schema-graph\">{\"@context\":\"https:\\\/\\\/schema.org\",\"@graph\":[{\"@type\":\"WebPage\",\"@id\":\"https:\\\/\\\/worldofflowerpots.com\\\/sklep\\\/blumenkubel-mit-rollen-fabio\\\/\",\"url\":\"https:\\\/\\\/worldofflowerpots.com\\\/sklep\\\/blumenkubel-mit-rollen-fabio\\\/\",\"name\":\"Blumenk\u00fcbel mit rollen aus Aluminium Pulverbeschichtet in anthrazit\",\"isPartOf\":{\"@id\":\"https:\\\/\\\/worldofflowerpots.com\\\/#website\"},\"primaryImageOfPage\":{\"@id\":\"https:\\\/\\\/worldofflowerpots.com\\\/sklep\\\/blumenkubel-mit-rollen-fabio\\\/#primaryimage\"},\"image\":{\"@id\":\"https:\\\/\\\/worldofflowerpots.com\\\/sklep\\\/blumenkubel-mit-rollen-fabio\\\/#primaryimage\"},\"thumbnailUrl\":\"https:\\\/\\\/worldofflowerpots.com\\\/wp-content\\\/uploads\\\/2019\\\/01\\\/blumenk\u00fcbel-mit-rollen-Fabio-Mobile.jpg\",\"datePublished\":\"2019-01-18T14:13:37+00:00\",\"dateModified\":\"2019-04-12T06:58:52+00:00\",\"description\":\"Die Verwendung des Materials Aluminium macht dieses Accessoire resistent gegen Witterung, das Gewicht sch\u00fctzt die Pflanzen bei Sturm vor dem Umst\u00fcrzen\",\"breadcrumb\":{\"@id\":\"https:\\\/\\\/worldofflowerpots.com\\\/sklep\\\/blumenkubel-mit-rollen-fabio\\\/#breadcrumb\"},\"inLanguage\":\"de\",\"potentialAction\":[{\"@type\":\"ReadAction\",\"target\":[\"https:\\\/\\\/worldofflowerpots.com\\\/sklep\\\/blumenkubel-mit-rollen-fabio\\\/\"]}]},{\"@type\":\"ImageObject\",\"inLanguage\":\"de\",\"@id\":\"https:\\\/\\\/worldofflowerpots.com\\\/sklep\\\/blumenkubel-mit-rollen-fabio\\\/#primaryimage\",\"url\":\"https:\\\/\\\/worldofflowerpots.com\\\/wp-content\\\/uploads\\\/2019\\\/01\\\/blumenk\u00fcbel-mit-rollen-Fabio-Mobile.jpg\",\"contentUrl\":\"https:\\\/\\\/worldofflowerpots.com\\\/wp-content\\\/uploads\\\/2019\\\/01\\\/blumenk\u00fcbel-mit-rollen-Fabio-Mobile.jpg\",\"width\":4000,\"height\":3000},{\"@type\":\"BreadcrumbList\",\"@id\":\"https:\\\/\\\/worldofflowerpots.com\\\/sklep\\\/blumenkubel-mit-rollen-fabio\\\/#breadcrumb\",\"itemListElement\":[{\"@type\":\"ListItem\",\"position\":1,\"name\":\"Strona g\u0142\u00f3wna\",\"item\":\"https:\\\/\\\/worldofflowerpots.com\\\/blumenkuebel-grosse-auswahl\\\/\"},{\"@type\":\"ListItem\",\"position\":2,\"name\":\"Shop\",\"item\":\"https:\\\/\\\/worldofflowerpots.com\\\/sortiment\\\/\"},{\"@type\":\"ListItem\",\"position\":3,\"name\":\"Blumenk\u00fcbel mit rollen Fabio\"}]},{\"@type\":\"WebSite\",\"@id\":\"https:\\\/\\\/worldofflowerpots.com\\\/#website\",\"url\":\"https:\\\/\\\/worldofflowerpots.com\\\/\",\"name\":\"Blumenk\u00fcbel World of Flowerpots\",\"description\":\"Pflanzk\u00fcbel beton, blumentr\u00f6ge, blumenk\u00fcbel gro\u00df, cortenstahl, fiberglas\",\"potentialAction\":[{\"@type\":\"SearchAction\",\"target\":{\"@type\":\"EntryPoint\",\"urlTemplate\":\"https:\\\/\\\/worldofflowerpots.com\\\/?s={search_term_string}\"},\"query-input\":{\"@type\":\"PropertyValueSpecification\",\"valueRequired\":true,\"valueName\":\"search_term_string\"}}],\"inLanguage\":\"de\"}]}<\/script>\n<!-- \/ Yoast SEO plugin. -->","yoast_head_json":{"title":"Blumenk\u00fcbel mit rollen aus Aluminium Pulverbeschichtet in anthrazit","description":"Die Verwendung des Materials Aluminium macht dieses Accessoire resistent gegen Witterung, das Gewicht sch\u00fctzt die Pflanzen bei Sturm vor dem Umst\u00fcrzen","robots":{"index":"index","follow":"follow","max-snippet":"max-snippet:-1","max-image-preview":"max-image-preview:large","max-video-preview":"max-video-preview:-1"},"canonical":"https:\/\/worldofflowerpots.com\/sklep\/blumenkubel-mit-rollen-fabio\/","og_locale":"de_DE","og_type":"article","og_title":"Blumenk\u00fcbel mit rollen aus Aluminium Pulverbeschichtet in anthrazit","og_description":"Die Verwendung des Materials Aluminium macht dieses Accessoire resistent gegen Witterung, das Gewicht sch\u00fctzt die Pflanzen bei Sturm vor dem Umst\u00fcrzen","og_url":"https:\/\/worldofflowerpots.com\/sklep\/blumenkubel-mit-rollen-fabio\/","og_site_name":"Blumenk\u00fcbel World of Flowerpots","article_modified_time":"2019-04-12T06:58:52+00:00","og_image":[{"width":4000,"height":3000,"url":"https:\/\/worldofflowerpots.com\/wp-content\/uploads\/2019\/01\/blumenk\u00fcbel-mit-rollen-Fabio-Mobile.jpg","type":"image\/jpeg"}],"twitter_card":"summary_large_image","twitter_misc":{"Gesch\u00e4tzte Lesezeit":"2\u00a0Minuten"},"schema":{"@context":"https:\/\/schema.org","@graph":[{"@type":"WebPage","@id":"https:\/\/worldofflowerpots.com\/sklep\/blumenkubel-mit-rollen-fabio\/","url":"https:\/\/worldofflowerpots.com\/sklep\/blumenkubel-mit-rollen-fabio\/","name":"Blumenk\u00fcbel mit rollen aus Aluminium Pulverbeschichtet in anthrazit","isPartOf":{"@id":"https:\/\/worldofflowerpots.com\/#website"},"primaryImageOfPage":{"@id":"https:\/\/worldofflowerpots.com\/sklep\/blumenkubel-mit-rollen-fabio\/#primaryimage"},"image":{"@id":"https:\/\/worldofflowerpots.com\/sklep\/blumenkubel-mit-rollen-fabio\/#primaryimage"},"thumbnailUrl":"https:\/\/worldofflowerpots.com\/wp-content\/uploads\/2019\/01\/blumenk\u00fcbel-mit-rollen-Fabio-Mobile.jpg","datePublished":"2019-01-18T14:13:37+00:00","dateModified":"2019-04-12T06:58:52+00:00","description":"Die Verwendung des Materials Aluminium macht dieses Accessoire resistent gegen Witterung, das Gewicht sch\u00fctzt die Pflanzen bei Sturm vor dem Umst\u00fcrzen","breadcrumb":{"@id":"https:\/\/worldofflowerpots.com\/sklep\/blumenkubel-mit-rollen-fabio\/#breadcrumb"},"inLanguage":"de","potentialAction":[{"@type":"ReadAction","target":["https:\/\/worldofflowerpots.com\/sklep\/blumenkubel-mit-rollen-fabio\/"]}]},{"@type":"ImageObject","inLanguage":"de","@id":"https:\/\/worldofflowerpots.com\/sklep\/blumenkubel-mit-rollen-fabio\/#primaryimage","url":"https:\/\/worldofflowerpots.com\/wp-content\/uploads\/2019\/01\/blumenk\u00fcbel-mit-rollen-Fabio-Mobile.jpg","contentUrl":"https:\/\/worldofflowerpots.com\/wp-content\/uploads\/2019\/01\/blumenk\u00fcbel-mit-rollen-Fabio-Mobile.jpg","width":4000,"height":3000},{"@type":"BreadcrumbList","@id":"https:\/\/worldofflowerpots.com\/sklep\/blumenkubel-mit-rollen-fabio\/#breadcrumb","itemListElement":[{"@type":"ListItem","position":1,"name":"Strona g\u0142\u00f3wna","item":"https:\/\/worldofflowerpots.com\/blumenkuebel-grosse-auswahl\/"},{"@type":"ListItem","position":2,"name":"Shop","item":"https:\/\/worldofflowerpots.com\/sortiment\/"},{"@type":"ListItem","position":3,"name":"Blumenk\u00fcbel mit rollen Fabio"}]},{"@type":"WebSite","@id":"https:\/\/worldofflowerpots.com\/#website","url":"https:\/\/worldofflowerpots.com\/","name":"Blumenk\u00fcbel World of Flowerpots","description":"Pflanzk\u00fcbel beton, blumentr\u00f6ge, blumenk\u00fcbel gro\u00df, cortenstahl, fiberglas","potentialAction":[{"@type":"SearchAction","target":{"@type":"EntryPoint","urlTemplate":"https:\/\/worldofflowerpots.com\/?s={search_term_string}"},"query-input":{"@type":"PropertyValueSpecification","valueRequired":true,"valueName":"search_term_string"}}],"inLanguage":"de"}]}},"_links":{"self":[{"href":"https:\/\/worldofflowerpots.com\/de\/wp-json\/wp\/v2\/product\/52390","targetHints":{"allow":["GET"]}}],"collection":[{"href":"https:\/\/worldofflowerpots.com\/de\/wp-json\/wp\/v2\/product"}],"about":[{"href":"https:\/\/worldofflowerpots.com\/de\/wp-json\/wp\/v2\/types\/product"}],"wp:featuredmedia":[{"embeddable":true,"href":"https:\/\/worldofflowerpots.com\/de\/wp-json\/wp\/v2\/media\/58710"}],"wp:attachment":[{"href":"https:\/\/worldofflowerpots.com\/de\/wp-json\/wp\/v2\/media?parent=52390"}],"wp:term":[{"taxonomy":"product_brand","embeddable":true,"href":"https:\/\/worldofflowerpots.com\/de\/wp-json\/wp\/v2\/product_brand?post=52390"},{"taxonomy":"product_cat","embeddable":true,"href":"https:\/\/worldofflowerpots.com\/de\/wp-json\/wp\/v2\/product_cat?post=52390"},{"taxonomy":"product_tag","embeddable":true,"href":"https:\/\/worldofflowerpots.com\/de\/wp-json\/wp\/v2\/product_tag?post=52390"}],"curies":[{"name":"wp","href":"https:\/\/api.w.org\/{rel}","templated":true}]}}