{"id":52393,"date":"2019-01-18T15:13:37","date_gmt":"2019-01-18T14:13:37","guid":{"rendered":"https:\/\/worldofflowerpots.com\/sklep\/unkategorisiert\/pflanzkubel-auf-rollen-ivo\/"},"modified":"2019-04-12T09:00:37","modified_gmt":"2019-04-12T07:00:37","slug":"pflanzkuebel-auf-rollen-aus-aluminium-in-anthrazit","status":"publish","type":"product","link":"https:\/\/worldofflowerpots.com\/de\/sortiment\/pflanzkuebel-auf-rollen-aus-aluminium-in-anthrazit\/","title":{"rendered":"Pflanzk\u00fcbel auf rollen IVO"},"content":{"rendered":"<h2>IVO, stilvoller Pflanzk\u00fcbel mit Rollen aus Aluminium<\/h2>\n<p>Besonders dann, wenn Blumenk\u00fcbel einmal verschoben werden m\u00fcssen, sind Pflanzk\u00fcbel auf Rollen eine praktische Sache. Unsere rollenden Pflanzk\u00fcbel bestehen zus\u00e4tzlich aus dem leichten Material Aluminium und lassen sich deshalb besonders einfach transportieren. Das Modell IVO ist besonders handlich und klein und eignet sich gut dazu, es in einer Gruppe anzuordnen. Aber auch allein aufgestellt bietet IVO einen sch\u00f6nen Blickfang.<\/p>\n<h2>Unser Blumenk\u00fcbel IVO hat die Form eines W\u00fcrfels<\/h2>\n<p>Unser Blumentrog IVO ist w\u00fcrfelf\u00f6rmig und hat die Ma\u00dfe 60 cm x 60 cm x 60 cm. Mit nur 21 kg Gewicht ist er ausgesprochen leicht. Da er zus\u00e4tzlich zu diesem geringen Gewicht auch ein Pflanzk\u00fcbel auf Rollen ist, l\u00e4sst sich IVO gut verschieben, wenn es einmal sein muss oder er nicht grunds\u00e4tzlich am gleichen Platz stehen soll.<\/p>\n<h2>Unsere Pflanzgef\u00e4\u00dfe aus Aluminium sind elegant und zweckm\u00e4\u00dfig zugleich<\/h2>\n<p>Metall wirkt bei einem Blumenk\u00fcbel ausgesprochen stilvoll und elegant. In diesem bildsch\u00f6nen Material kommen Ihre Pflanzen- und Blumen-Arrangements wunderbar zur Geltung und bieten einen herrlichen Blickfang. Innen sind unsere Blumenk\u00fcbel aus Aluminium mit w\u00e4rmendem Styropor ausgekleidet. Diese Innenbeschichtung sch\u00fctzt Ihre Blumen und Pflanzen vor K\u00e4lte, ist aber genauso wie die Au\u00dfenwand aus 2 mm dickem Aluminium ausgesprochen leicht. Wenn Sie nach diesen Erkl\u00e4rungen noch mehr Fragen bez\u00fcglich unseres rollenden Pflanzk\u00fcbels IVO haben sollten, nehmen Sie einfach Kontakt mit unserem Verkaufsteam auf. Wir beraten Sie selbstverst\u00e4ndlich gern.<\/p>\n","protected":false},"excerpt":{"rendered":"<p>Material: 2 mm Aluminiumblech<br \/>\nFarbe: Pulverbeschichtung<br \/>\nStandard: RAL9016,7012,7021<br \/>\nAb 5 St\u00fcck jede Ral Farbe m\u00f6glich<br \/>\nGewicht : 21kg<br \/>\nAbmessungen B600mm\u00a0H617mm L600mm<br \/>\nUV-resistent, Wetterfest<br \/>\n<strong>Frostbest\u00e4ndig bei gew\u00e4hrleistetem Wasserablauf<\/strong><\/p>\n","protected":false},"featured_media":58720,"template":"","meta":{"_acf_changed":false},"product_brand":[],"product_cat":[269,266],"product_tag":[],"class_list":{"0":"post-52393","1":"product","2":"type-product","3":"status-publish","4":"has-post-thumbnail","6":"product_cat-pflanzkuebel-aluminium","7":"product_cat-pflanzkuebel-mit-rollen","8":"description-off","9":"tm-has-options","11":"first","12":"instock","13":"shipping-taxable","14":"purchasable","15":"product-type-simple"},"acf":[],"yoast_head":"<!-- This site is optimized with the Yoast SEO plugin v27.5 - https:\/\/yoast.com\/product\/yoast-seo-wordpress\/ -->\n<title>Pflanzk\u00fcbel auf rollen aus metall in anthrazit pulverbeschichtet<\/title>\n<meta name=\"description\" content=\"Unsere rollenden Pflanzk\u00fcbel bestehen zus\u00e4tzlich aus dem leichten Material Aluminium und lassen sich deshalb besonders einfach transportieren.\" \/>\n<meta name=\"robots\" content=\"index, follow, max-snippet:-1, max-image-preview:large, max-video-preview:-1\" \/>\n<link rel=\"canonical\" href=\"https:\/\/worldofflowerpots.com\/sklep\/pflanzkuebel-auf-rollen-aus-aluminium-in-anthrazit\/\" \/>\n<meta property=\"og:locale\" content=\"de_DE\" \/>\n<meta property=\"og:type\" content=\"article\" \/>\n<meta property=\"og:title\" content=\"Pflanzk\u00fcbel auf rollen aus metall in anthrazit pulverbeschichtet\" \/>\n<meta property=\"og:description\" content=\"Unsere rollenden Pflanzk\u00fcbel bestehen zus\u00e4tzlich aus dem leichten Material Aluminium und lassen sich deshalb besonders einfach transportieren.\" \/>\n<meta property=\"og:url\" content=\"https:\/\/worldofflowerpots.com\/sklep\/pflanzkuebel-auf-rollen-aus-aluminium-in-anthrazit\/\" \/>\n<meta property=\"og:site_name\" content=\"Blumenk\u00fcbel World of Flowerpots\" \/>\n<meta property=\"article:modified_time\" content=\"2019-04-12T07:00:37+00:00\" \/>\n<meta property=\"og:image\" content=\"https:\/\/worldofflowerpots.com\/wp-content\/uploads\/2019\/01\/Pflanzk\u00fcbel-auf-rollen-Ivo-Mobile.jpg\" \/>\n\t<meta property=\"og:image:width\" content=\"4000\" \/>\n\t<meta property=\"og:image:height\" content=\"3000\" \/>\n\t<meta property=\"og:image:type\" content=\"image\/jpeg\" \/>\n<meta name=\"twitter:card\" content=\"summary_large_image\" \/>\n<meta name=\"twitter:label1\" content=\"Gesch\u00e4tzte Lesezeit\" \/>\n\t<meta name=\"twitter:data1\" content=\"1\u00a0Minute\" \/>\n<script type=\"application\/ld+json\" class=\"yoast-schema-graph\">{\"@context\":\"https:\\\/\\\/schema.org\",\"@graph\":[{\"@type\":\"WebPage\",\"@id\":\"https:\\\/\\\/worldofflowerpots.com\\\/sklep\\\/pflanzkuebel-auf-rollen-aus-aluminium-in-anthrazit\\\/\",\"url\":\"https:\\\/\\\/worldofflowerpots.com\\\/sklep\\\/pflanzkuebel-auf-rollen-aus-aluminium-in-anthrazit\\\/\",\"name\":\"Pflanzk\u00fcbel auf rollen aus metall in anthrazit pulverbeschichtet\",\"isPartOf\":{\"@id\":\"https:\\\/\\\/worldofflowerpots.com\\\/#website\"},\"primaryImageOfPage\":{\"@id\":\"https:\\\/\\\/worldofflowerpots.com\\\/sklep\\\/pflanzkuebel-auf-rollen-aus-aluminium-in-anthrazit\\\/#primaryimage\"},\"image\":{\"@id\":\"https:\\\/\\\/worldofflowerpots.com\\\/sklep\\\/pflanzkuebel-auf-rollen-aus-aluminium-in-anthrazit\\\/#primaryimage\"},\"thumbnailUrl\":\"https:\\\/\\\/worldofflowerpots.com\\\/wp-content\\\/uploads\\\/2019\\\/01\\\/Pflanzk\u00fcbel-auf-rollen-Ivo-Mobile.jpg\",\"datePublished\":\"2019-01-18T14:13:37+00:00\",\"dateModified\":\"2019-04-12T07:00:37+00:00\",\"description\":\"Unsere rollenden Pflanzk\u00fcbel bestehen zus\u00e4tzlich aus dem leichten Material Aluminium und lassen sich deshalb besonders einfach transportieren.\",\"breadcrumb\":{\"@id\":\"https:\\\/\\\/worldofflowerpots.com\\\/sklep\\\/pflanzkuebel-auf-rollen-aus-aluminium-in-anthrazit\\\/#breadcrumb\"},\"inLanguage\":\"de\",\"potentialAction\":[{\"@type\":\"ReadAction\",\"target\":[\"https:\\\/\\\/worldofflowerpots.com\\\/sklep\\\/pflanzkuebel-auf-rollen-aus-aluminium-in-anthrazit\\\/\"]}]},{\"@type\":\"ImageObject\",\"inLanguage\":\"de\",\"@id\":\"https:\\\/\\\/worldofflowerpots.com\\\/sklep\\\/pflanzkuebel-auf-rollen-aus-aluminium-in-anthrazit\\\/#primaryimage\",\"url\":\"https:\\\/\\\/worldofflowerpots.com\\\/wp-content\\\/uploads\\\/2019\\\/01\\\/Pflanzk\u00fcbel-auf-rollen-Ivo-Mobile.jpg\",\"contentUrl\":\"https:\\\/\\\/worldofflowerpots.com\\\/wp-content\\\/uploads\\\/2019\\\/01\\\/Pflanzk\u00fcbel-auf-rollen-Ivo-Mobile.jpg\",\"width\":4000,\"height\":3000},{\"@type\":\"BreadcrumbList\",\"@id\":\"https:\\\/\\\/worldofflowerpots.com\\\/sklep\\\/pflanzkuebel-auf-rollen-aus-aluminium-in-anthrazit\\\/#breadcrumb\",\"itemListElement\":[{\"@type\":\"ListItem\",\"position\":1,\"name\":\"Strona g\u0142\u00f3wna\",\"item\":\"https:\\\/\\\/worldofflowerpots.com\\\/blumenkuebel-grosse-auswahl\\\/\"},{\"@type\":\"ListItem\",\"position\":2,\"name\":\"Shop\",\"item\":\"https:\\\/\\\/worldofflowerpots.com\\\/sortiment\\\/\"},{\"@type\":\"ListItem\",\"position\":3,\"name\":\"Pflanzk\u00fcbel auf rollen IVO\"}]},{\"@type\":\"WebSite\",\"@id\":\"https:\\\/\\\/worldofflowerpots.com\\\/#website\",\"url\":\"https:\\\/\\\/worldofflowerpots.com\\\/\",\"name\":\"Blumenk\u00fcbel World of Flowerpots\",\"description\":\"Pflanzk\u00fcbel beton, blumentr\u00f6ge, blumenk\u00fcbel gro\u00df, cortenstahl, fiberglas\",\"potentialAction\":[{\"@type\":\"SearchAction\",\"target\":{\"@type\":\"EntryPoint\",\"urlTemplate\":\"https:\\\/\\\/worldofflowerpots.com\\\/?s={search_term_string}\"},\"query-input\":{\"@type\":\"PropertyValueSpecification\",\"valueRequired\":true,\"valueName\":\"search_term_string\"}}],\"inLanguage\":\"de\"}]}<\/script>\n<!-- \/ Yoast SEO plugin. -->","yoast_head_json":{"title":"Pflanzk\u00fcbel auf rollen aus metall in anthrazit pulverbeschichtet","description":"Unsere rollenden Pflanzk\u00fcbel bestehen zus\u00e4tzlich aus dem leichten Material Aluminium und lassen sich deshalb besonders einfach transportieren.","robots":{"index":"index","follow":"follow","max-snippet":"max-snippet:-1","max-image-preview":"max-image-preview:large","max-video-preview":"max-video-preview:-1"},"canonical":"https:\/\/worldofflowerpots.com\/sklep\/pflanzkuebel-auf-rollen-aus-aluminium-in-anthrazit\/","og_locale":"de_DE","og_type":"article","og_title":"Pflanzk\u00fcbel auf rollen aus metall in anthrazit pulverbeschichtet","og_description":"Unsere rollenden Pflanzk\u00fcbel bestehen zus\u00e4tzlich aus dem leichten Material Aluminium und lassen sich deshalb besonders einfach transportieren.","og_url":"https:\/\/worldofflowerpots.com\/sklep\/pflanzkuebel-auf-rollen-aus-aluminium-in-anthrazit\/","og_site_name":"Blumenk\u00fcbel World of Flowerpots","article_modified_time":"2019-04-12T07:00:37+00:00","og_image":[{"width":4000,"height":3000,"url":"https:\/\/worldofflowerpots.com\/wp-content\/uploads\/2019\/01\/Pflanzk\u00fcbel-auf-rollen-Ivo-Mobile.jpg","type":"image\/jpeg"}],"twitter_card":"summary_large_image","twitter_misc":{"Gesch\u00e4tzte Lesezeit":"1\u00a0Minute"},"schema":{"@context":"https:\/\/schema.org","@graph":[{"@type":"WebPage","@id":"https:\/\/worldofflowerpots.com\/sklep\/pflanzkuebel-auf-rollen-aus-aluminium-in-anthrazit\/","url":"https:\/\/worldofflowerpots.com\/sklep\/pflanzkuebel-auf-rollen-aus-aluminium-in-anthrazit\/","name":"Pflanzk\u00fcbel auf rollen aus metall in anthrazit pulverbeschichtet","isPartOf":{"@id":"https:\/\/worldofflowerpots.com\/#website"},"primaryImageOfPage":{"@id":"https:\/\/worldofflowerpots.com\/sklep\/pflanzkuebel-auf-rollen-aus-aluminium-in-anthrazit\/#primaryimage"},"image":{"@id":"https:\/\/worldofflowerpots.com\/sklep\/pflanzkuebel-auf-rollen-aus-aluminium-in-anthrazit\/#primaryimage"},"thumbnailUrl":"https:\/\/worldofflowerpots.com\/wp-content\/uploads\/2019\/01\/Pflanzk\u00fcbel-auf-rollen-Ivo-Mobile.jpg","datePublished":"2019-01-18T14:13:37+00:00","dateModified":"2019-04-12T07:00:37+00:00","description":"Unsere rollenden Pflanzk\u00fcbel bestehen zus\u00e4tzlich aus dem leichten Material Aluminium und lassen sich deshalb besonders einfach transportieren.","breadcrumb":{"@id":"https:\/\/worldofflowerpots.com\/sklep\/pflanzkuebel-auf-rollen-aus-aluminium-in-anthrazit\/#breadcrumb"},"inLanguage":"de","potentialAction":[{"@type":"ReadAction","target":["https:\/\/worldofflowerpots.com\/sklep\/pflanzkuebel-auf-rollen-aus-aluminium-in-anthrazit\/"]}]},{"@type":"ImageObject","inLanguage":"de","@id":"https:\/\/worldofflowerpots.com\/sklep\/pflanzkuebel-auf-rollen-aus-aluminium-in-anthrazit\/#primaryimage","url":"https:\/\/worldofflowerpots.com\/wp-content\/uploads\/2019\/01\/Pflanzk\u00fcbel-auf-rollen-Ivo-Mobile.jpg","contentUrl":"https:\/\/worldofflowerpots.com\/wp-content\/uploads\/2019\/01\/Pflanzk\u00fcbel-auf-rollen-Ivo-Mobile.jpg","width":4000,"height":3000},{"@type":"BreadcrumbList","@id":"https:\/\/worldofflowerpots.com\/sklep\/pflanzkuebel-auf-rollen-aus-aluminium-in-anthrazit\/#breadcrumb","itemListElement":[{"@type":"ListItem","position":1,"name":"Strona g\u0142\u00f3wna","item":"https:\/\/worldofflowerpots.com\/blumenkuebel-grosse-auswahl\/"},{"@type":"ListItem","position":2,"name":"Shop","item":"https:\/\/worldofflowerpots.com\/sortiment\/"},{"@type":"ListItem","position":3,"name":"Pflanzk\u00fcbel auf rollen IVO"}]},{"@type":"WebSite","@id":"https:\/\/worldofflowerpots.com\/#website","url":"https:\/\/worldofflowerpots.com\/","name":"Blumenk\u00fcbel World of Flowerpots","description":"Pflanzk\u00fcbel beton, blumentr\u00f6ge, blumenk\u00fcbel gro\u00df, cortenstahl, fiberglas","potentialAction":[{"@type":"SearchAction","target":{"@type":"EntryPoint","urlTemplate":"https:\/\/worldofflowerpots.com\/?s={search_term_string}"},"query-input":{"@type":"PropertyValueSpecification","valueRequired":true,"valueName":"search_term_string"}}],"inLanguage":"de"}]}},"_links":{"self":[{"href":"https:\/\/worldofflowerpots.com\/de\/wp-json\/wp\/v2\/product\/52393","targetHints":{"allow":["GET"]}}],"collection":[{"href":"https:\/\/worldofflowerpots.com\/de\/wp-json\/wp\/v2\/product"}],"about":[{"href":"https:\/\/worldofflowerpots.com\/de\/wp-json\/wp\/v2\/types\/product"}],"wp:featuredmedia":[{"embeddable":true,"href":"https:\/\/worldofflowerpots.com\/de\/wp-json\/wp\/v2\/media\/58720"}],"wp:attachment":[{"href":"https:\/\/worldofflowerpots.com\/de\/wp-json\/wp\/v2\/media?parent=52393"}],"wp:term":[{"taxonomy":"product_brand","embeddable":true,"href":"https:\/\/worldofflowerpots.com\/de\/wp-json\/wp\/v2\/product_brand?post=52393"},{"taxonomy":"product_cat","embeddable":true,"href":"https:\/\/worldofflowerpots.com\/de\/wp-json\/wp\/v2\/product_cat?post=52393"},{"taxonomy":"product_tag","embeddable":true,"href":"https:\/\/worldofflowerpots.com\/de\/wp-json\/wp\/v2\/product_tag?post=52393"}],"curies":[{"name":"wp","href":"https:\/\/api.w.org\/{rel}","templated":true}]}}