{"id":52396,"date":"2019-01-18T15:13:36","date_gmt":"2019-01-18T14:13:36","guid":{"rendered":"https:\/\/worldofflowerpots.com\/sklep\/unkategorisiert\/pflanzkubel-mit-rollen-ernesto\/"},"modified":"2019-04-12T09:03:37","modified_gmt":"2019-04-12T07:03:37","slug":"pflanzkubel-mit-rollen-ernesto","status":"publish","type":"product","link":"https:\/\/worldofflowerpots.com\/de\/sortiment\/pflanzkubel-mit-rollen-ernesto\/","title":{"rendered":"Pflanzk\u00fcbel mit rollen Ernesto"},"content":{"rendered":"<div id=\"tab-description\" class=\"woocommerce-Tabs-panel woocommerce-Tabs-panel--description panel wc-tab entry-content\" role=\"tabpanel\" aria-labelledby=\"tab-title-description\">\n<div class=\"nm-row\">\n<div class=\"col-xs-12\">\n<div class=\"nm-tabs-panel-inner\">\n<h2>\u201eErnesto\u201d als moderne Gestaltungsidee<\/h2>\n<p>Werden Sie aktiv und gestalten Sie Raum und Garten aktiv mit neuertigen Elementen. Eines davon k\u00f6nnte \u201eErnesto\u201d sein, der rollende Blumentopf. Ernesto ist mobil, variabel einsetzbar, optisch ein Hingucker und sehr praktisch f\u00fcr die Pflanzenpflege. Beschreiten Sie neue Wege auf der Terrasse, in Garten, Haus, B\u00fcro oder Praxis! Angesagtes minimalistisches Design trifft N\u00fctzlichkeit.<\/p>\n<h2>Gartengestaltung wirklich leicht gemacht<\/h2>\n<p>Pflanzk\u00fcbel mit rollen Ernesto Mobil aus Aluminium ist ein moderner und rollbarer Blumentopf in Standardtopf-Gr\u00f6sse: Breite 80cm, L\u00e4nge 100 cm und H\u00f6he 60cm. Er wird matt oder gl\u00e4nzend lackiert in RAL-Farben geliefert und hat die Kapazit\u00e4t von 510 Litern. Auch kleinere, gr\u00f6\u00dfere Gr\u00f6\u00dfen und andere Proportionen sind verf\u00fcgbar. Die eingebauten R\u00e4der auf der Unterseite des Blumentopfs sind eine praktische Idee und erm\u00f6glichen einfachen Transport, trotz des Gewichts des Topfes von 49 Kg. Vergessen Sie die fahrbaren Untersetzer aus Holz oder Metallgitter. Regelm\u00e4ssig brechen die Halterungen oder R\u00e4der weg, wenn zu viel Gewicht darauf lastet oder die Witterung daran genagt hat. Pflanzk\u00fcbel mit rollen sind eine \u00e4usserst praktische L\u00f6sung und erm\u00f6glichen eine flexible \u00c4nderung des Standorts der Pflanze, wenn gew\u00fcnscht. Auch gro\u00dfe und schwere T\u00f6pfe sind ohne jede Anstrengung zu bewegen. Ob nach Lust und Laune oder je nach Witterung, kann man einfach und schnell den Standort der Pflanze wechseln. Die Drainagel\u00f6cher auf der Unterseite von \u201eErnesto Mobil\u201d verhindern unerw\u00fcnschte Wasseransammlungen.<\/p>\n<h2>Das Modell \u201eErnesto\u201d \u00fcberzeugt<\/h2>\n<p>Pflanzk\u00fcbel mit rollen aus innovativen und modernen Materialien k\u00f6nnen langlebige Dekorationsobjekte in Haus und Garten sein. Je nach Stilrichtung und Einrichtung gibt es heutzutage viel mehr M\u00f6glichkeiten der Gestaltung. Man kann mit so einem High-Tech-Blumentopf ganz neue kreative Wege gehen. Bezaubernde M\u00f6glichkeiten er\u00f6ffnen sich mit einem modernen Topf-System wie \u201eMobil Ernesto\u201d. Ihre Lieblingspflanze kann jetzt fast \u00fcberall hingerollt werden und dort den perfekten Standort finden. Altbacken war gestern, peppen Sie Garten, Terrasse, Wohn- oder sogar Arbeitsr\u00e4ume mit innovativen Blumentopfsystemen stylisch auf!<\/p>\n<\/div>\n<\/div>\n<\/div>\n<\/div>\n","protected":false},"excerpt":{"rendered":"<div class=\"nm-product-summary-inner-col nm-product-summary-inner-col-2\">\n<div class=\"woocommerce-product-details__short-description\">\n<p>Material: 2 mm Aluminiumblech<br \/>\nFarbe: Pulverbeschichtung<br \/>\nStandard: RAL9016,7012,7021<br \/>\nAb 5 St\u00fcck jede Ral Farbe m\u00f6glich<br \/>\nGewicht : 45kg<br \/>\nAbmessungen B800mm\u00a0H825mm L800mm<br \/>\nUV-resistent, Wetterfest<br \/>\n<strong>Frostbest\u00e4ndig bei gew\u00e4hrleistetem Wasserablauf<\/strong><\/p>\n<\/div>\n<\/div>\n","protected":false},"featured_media":58730,"template":"","meta":{"_acf_changed":false},"product_brand":[],"product_cat":[269,266],"product_tag":[],"class_list":{"0":"post-52396","1":"product","2":"type-product","3":"status-publish","4":"has-post-thumbnail","6":"product_cat-pflanzkuebel-aluminium","7":"product_cat-pflanzkuebel-mit-rollen","8":"description-off","9":"tm-has-options","11":"first","12":"instock","13":"shipping-taxable","14":"purchasable","15":"product-type-simple"},"acf":[],"yoast_head":"<!-- This site is optimized with the Yoast SEO plugin v27.5 - https:\/\/yoast.com\/product\/yoast-seo-wordpress\/ -->\n<title>Pflanzk\u00fcbel mit rollen aus aluminium anthrazit pulverbeschichtet<\/title>\n<meta name=\"description\" content=\"Vergessen Sie die fahrbaren Untersetzer aus Holz oder Metallgitter. Bezaubernde M\u00f6glichkeiten er\u00f6ffnen sich mit einem modernen Topf Ernesto\" \/>\n<meta name=\"robots\" content=\"index, follow, max-snippet:-1, max-image-preview:large, max-video-preview:-1\" \/>\n<link rel=\"canonical\" href=\"https:\/\/worldofflowerpots.com\/sklep\/pflanzkubel-mit-rollen-ernesto\/\" \/>\n<meta property=\"og:locale\" content=\"de_DE\" \/>\n<meta property=\"og:type\" content=\"article\" \/>\n<meta property=\"og:title\" content=\"Pflanzk\u00fcbel mit rollen aus aluminium anthrazit pulverbeschichtet\" \/>\n<meta property=\"og:description\" content=\"Vergessen Sie die fahrbaren Untersetzer aus Holz oder Metallgitter. Bezaubernde M\u00f6glichkeiten er\u00f6ffnen sich mit einem modernen Topf Ernesto\" \/>\n<meta property=\"og:url\" content=\"https:\/\/worldofflowerpots.com\/sklep\/pflanzkubel-mit-rollen-ernesto\/\" \/>\n<meta property=\"og:site_name\" content=\"Blumenk\u00fcbel World of Flowerpots\" \/>\n<meta property=\"article:modified_time\" content=\"2019-04-12T07:03:37+00:00\" \/>\n<meta property=\"og:image\" content=\"https:\/\/worldofflowerpots.com\/wp-content\/uploads\/2019\/01\/Pflanzk\u00fcbel-mit-rollen-Ernesto-Mobile.jpg\" \/>\n\t<meta property=\"og:image:width\" content=\"4000\" \/>\n\t<meta property=\"og:image:height\" content=\"3000\" \/>\n\t<meta property=\"og:image:type\" content=\"image\/jpeg\" \/>\n<meta name=\"twitter:card\" content=\"summary_large_image\" \/>\n<meta name=\"twitter:label1\" content=\"Gesch\u00e4tzte Lesezeit\" \/>\n\t<meta name=\"twitter:data1\" content=\"2\u00a0Minuten\" \/>\n<script type=\"application\/ld+json\" class=\"yoast-schema-graph\">{\"@context\":\"https:\\\/\\\/schema.org\",\"@graph\":[{\"@type\":\"WebPage\",\"@id\":\"https:\\\/\\\/worldofflowerpots.com\\\/sklep\\\/pflanzkubel-mit-rollen-ernesto\\\/\",\"url\":\"https:\\\/\\\/worldofflowerpots.com\\\/sklep\\\/pflanzkubel-mit-rollen-ernesto\\\/\",\"name\":\"Pflanzk\u00fcbel mit rollen aus aluminium anthrazit pulverbeschichtet\",\"isPartOf\":{\"@id\":\"https:\\\/\\\/worldofflowerpots.com\\\/#website\"},\"primaryImageOfPage\":{\"@id\":\"https:\\\/\\\/worldofflowerpots.com\\\/sklep\\\/pflanzkubel-mit-rollen-ernesto\\\/#primaryimage\"},\"image\":{\"@id\":\"https:\\\/\\\/worldofflowerpots.com\\\/sklep\\\/pflanzkubel-mit-rollen-ernesto\\\/#primaryimage\"},\"thumbnailUrl\":\"https:\\\/\\\/worldofflowerpots.com\\\/wp-content\\\/uploads\\\/2019\\\/01\\\/Pflanzk\u00fcbel-mit-rollen-Ernesto-Mobile.jpg\",\"datePublished\":\"2019-01-18T14:13:36+00:00\",\"dateModified\":\"2019-04-12T07:03:37+00:00\",\"description\":\"Vergessen Sie die fahrbaren Untersetzer aus Holz oder Metallgitter. Bezaubernde M\u00f6glichkeiten er\u00f6ffnen sich mit einem modernen Topf Ernesto\",\"breadcrumb\":{\"@id\":\"https:\\\/\\\/worldofflowerpots.com\\\/sklep\\\/pflanzkubel-mit-rollen-ernesto\\\/#breadcrumb\"},\"inLanguage\":\"de\",\"potentialAction\":[{\"@type\":\"ReadAction\",\"target\":[\"https:\\\/\\\/worldofflowerpots.com\\\/sklep\\\/pflanzkubel-mit-rollen-ernesto\\\/\"]}]},{\"@type\":\"ImageObject\",\"inLanguage\":\"de\",\"@id\":\"https:\\\/\\\/worldofflowerpots.com\\\/sklep\\\/pflanzkubel-mit-rollen-ernesto\\\/#primaryimage\",\"url\":\"https:\\\/\\\/worldofflowerpots.com\\\/wp-content\\\/uploads\\\/2019\\\/01\\\/Pflanzk\u00fcbel-mit-rollen-Ernesto-Mobile.jpg\",\"contentUrl\":\"https:\\\/\\\/worldofflowerpots.com\\\/wp-content\\\/uploads\\\/2019\\\/01\\\/Pflanzk\u00fcbel-mit-rollen-Ernesto-Mobile.jpg\",\"width\":4000,\"height\":3000},{\"@type\":\"BreadcrumbList\",\"@id\":\"https:\\\/\\\/worldofflowerpots.com\\\/sklep\\\/pflanzkubel-mit-rollen-ernesto\\\/#breadcrumb\",\"itemListElement\":[{\"@type\":\"ListItem\",\"position\":1,\"name\":\"Strona g\u0142\u00f3wna\",\"item\":\"https:\\\/\\\/worldofflowerpots.com\\\/blumenkuebel-grosse-auswahl\\\/\"},{\"@type\":\"ListItem\",\"position\":2,\"name\":\"Shop\",\"item\":\"https:\\\/\\\/worldofflowerpots.com\\\/sortiment\\\/\"},{\"@type\":\"ListItem\",\"position\":3,\"name\":\"Pflanzk\u00fcbel mit rollen Ernesto\"}]},{\"@type\":\"WebSite\",\"@id\":\"https:\\\/\\\/worldofflowerpots.com\\\/#website\",\"url\":\"https:\\\/\\\/worldofflowerpots.com\\\/\",\"name\":\"Blumenk\u00fcbel World of Flowerpots\",\"description\":\"Pflanzk\u00fcbel beton, blumentr\u00f6ge, blumenk\u00fcbel gro\u00df, cortenstahl, fiberglas\",\"potentialAction\":[{\"@type\":\"SearchAction\",\"target\":{\"@type\":\"EntryPoint\",\"urlTemplate\":\"https:\\\/\\\/worldofflowerpots.com\\\/?s={search_term_string}\"},\"query-input\":{\"@type\":\"PropertyValueSpecification\",\"valueRequired\":true,\"valueName\":\"search_term_string\"}}],\"inLanguage\":\"de\"}]}<\/script>\n<!-- \/ Yoast SEO plugin. -->","yoast_head_json":{"title":"Pflanzk\u00fcbel mit rollen aus aluminium anthrazit pulverbeschichtet","description":"Vergessen Sie die fahrbaren Untersetzer aus Holz oder Metallgitter. Bezaubernde M\u00f6glichkeiten er\u00f6ffnen sich mit einem modernen Topf Ernesto","robots":{"index":"index","follow":"follow","max-snippet":"max-snippet:-1","max-image-preview":"max-image-preview:large","max-video-preview":"max-video-preview:-1"},"canonical":"https:\/\/worldofflowerpots.com\/sklep\/pflanzkubel-mit-rollen-ernesto\/","og_locale":"de_DE","og_type":"article","og_title":"Pflanzk\u00fcbel mit rollen aus aluminium anthrazit pulverbeschichtet","og_description":"Vergessen Sie die fahrbaren Untersetzer aus Holz oder Metallgitter. Bezaubernde M\u00f6glichkeiten er\u00f6ffnen sich mit einem modernen Topf Ernesto","og_url":"https:\/\/worldofflowerpots.com\/sklep\/pflanzkubel-mit-rollen-ernesto\/","og_site_name":"Blumenk\u00fcbel World of Flowerpots","article_modified_time":"2019-04-12T07:03:37+00:00","og_image":[{"width":4000,"height":3000,"url":"https:\/\/worldofflowerpots.com\/wp-content\/uploads\/2019\/01\/Pflanzk\u00fcbel-mit-rollen-Ernesto-Mobile.jpg","type":"image\/jpeg"}],"twitter_card":"summary_large_image","twitter_misc":{"Gesch\u00e4tzte Lesezeit":"2\u00a0Minuten"},"schema":{"@context":"https:\/\/schema.org","@graph":[{"@type":"WebPage","@id":"https:\/\/worldofflowerpots.com\/sklep\/pflanzkubel-mit-rollen-ernesto\/","url":"https:\/\/worldofflowerpots.com\/sklep\/pflanzkubel-mit-rollen-ernesto\/","name":"Pflanzk\u00fcbel mit rollen aus aluminium anthrazit pulverbeschichtet","isPartOf":{"@id":"https:\/\/worldofflowerpots.com\/#website"},"primaryImageOfPage":{"@id":"https:\/\/worldofflowerpots.com\/sklep\/pflanzkubel-mit-rollen-ernesto\/#primaryimage"},"image":{"@id":"https:\/\/worldofflowerpots.com\/sklep\/pflanzkubel-mit-rollen-ernesto\/#primaryimage"},"thumbnailUrl":"https:\/\/worldofflowerpots.com\/wp-content\/uploads\/2019\/01\/Pflanzk\u00fcbel-mit-rollen-Ernesto-Mobile.jpg","datePublished":"2019-01-18T14:13:36+00:00","dateModified":"2019-04-12T07:03:37+00:00","description":"Vergessen Sie die fahrbaren Untersetzer aus Holz oder Metallgitter. Bezaubernde M\u00f6glichkeiten er\u00f6ffnen sich mit einem modernen Topf Ernesto","breadcrumb":{"@id":"https:\/\/worldofflowerpots.com\/sklep\/pflanzkubel-mit-rollen-ernesto\/#breadcrumb"},"inLanguage":"de","potentialAction":[{"@type":"ReadAction","target":["https:\/\/worldofflowerpots.com\/sklep\/pflanzkubel-mit-rollen-ernesto\/"]}]},{"@type":"ImageObject","inLanguage":"de","@id":"https:\/\/worldofflowerpots.com\/sklep\/pflanzkubel-mit-rollen-ernesto\/#primaryimage","url":"https:\/\/worldofflowerpots.com\/wp-content\/uploads\/2019\/01\/Pflanzk\u00fcbel-mit-rollen-Ernesto-Mobile.jpg","contentUrl":"https:\/\/worldofflowerpots.com\/wp-content\/uploads\/2019\/01\/Pflanzk\u00fcbel-mit-rollen-Ernesto-Mobile.jpg","width":4000,"height":3000},{"@type":"BreadcrumbList","@id":"https:\/\/worldofflowerpots.com\/sklep\/pflanzkubel-mit-rollen-ernesto\/#breadcrumb","itemListElement":[{"@type":"ListItem","position":1,"name":"Strona g\u0142\u00f3wna","item":"https:\/\/worldofflowerpots.com\/blumenkuebel-grosse-auswahl\/"},{"@type":"ListItem","position":2,"name":"Shop","item":"https:\/\/worldofflowerpots.com\/sortiment\/"},{"@type":"ListItem","position":3,"name":"Pflanzk\u00fcbel mit rollen Ernesto"}]},{"@type":"WebSite","@id":"https:\/\/worldofflowerpots.com\/#website","url":"https:\/\/worldofflowerpots.com\/","name":"Blumenk\u00fcbel World of Flowerpots","description":"Pflanzk\u00fcbel beton, blumentr\u00f6ge, blumenk\u00fcbel gro\u00df, cortenstahl, fiberglas","potentialAction":[{"@type":"SearchAction","target":{"@type":"EntryPoint","urlTemplate":"https:\/\/worldofflowerpots.com\/?s={search_term_string}"},"query-input":{"@type":"PropertyValueSpecification","valueRequired":true,"valueName":"search_term_string"}}],"inLanguage":"de"}]}},"_links":{"self":[{"href":"https:\/\/worldofflowerpots.com\/de\/wp-json\/wp\/v2\/product\/52396","targetHints":{"allow":["GET"]}}],"collection":[{"href":"https:\/\/worldofflowerpots.com\/de\/wp-json\/wp\/v2\/product"}],"about":[{"href":"https:\/\/worldofflowerpots.com\/de\/wp-json\/wp\/v2\/types\/product"}],"wp:featuredmedia":[{"embeddable":true,"href":"https:\/\/worldofflowerpots.com\/de\/wp-json\/wp\/v2\/media\/58730"}],"wp:attachment":[{"href":"https:\/\/worldofflowerpots.com\/de\/wp-json\/wp\/v2\/media?parent=52396"}],"wp:term":[{"taxonomy":"product_brand","embeddable":true,"href":"https:\/\/worldofflowerpots.com\/de\/wp-json\/wp\/v2\/product_brand?post=52396"},{"taxonomy":"product_cat","embeddable":true,"href":"https:\/\/worldofflowerpots.com\/de\/wp-json\/wp\/v2\/product_cat?post=52396"},{"taxonomy":"product_tag","embeddable":true,"href":"https:\/\/worldofflowerpots.com\/de\/wp-json\/wp\/v2\/product_tag?post=52396"}],"curies":[{"name":"wp","href":"https:\/\/api.w.org\/{rel}","templated":true}]}}