{"id":52399,"date":"2019-01-18T15:13:13","date_gmt":"2019-01-18T14:13:13","guid":{"rendered":"https:\/\/worldofflowerpots.com\/sklep\/unkategorisiert\/pflanzkubel-aus-metall-vittorio-3\/"},"modified":"2019-04-24T18:02:17","modified_gmt":"2019-04-24T16:02:17","slug":"pflanzkubel-aus-metall-vittorio-3","status":"publish","type":"product","link":"https:\/\/worldofflowerpots.com\/de\/sortiment\/pflanzkubel-aus-metall-vittorio-3\/","title":{"rendered":"Pflanzk\u00fcbel aus Metall Vittorio 3"},"content":{"rendered":"<h3>Der Pflanzk\u00fcbel aus Metall der Serie Vittorio 3 als Dekorationselement.<\/h3>\n<p>Der hier vorgestellte Pflanzk\u00fcbel aus Metall aus dem Programm Vittorio 3 ist ein relativ gro\u00dfer K\u00fcbel der sich gerade in Eingangsbereichen repr\u00e4sentativ aufstellen l\u00e4sst. Sie erhalten diesen auch in wei\u00df und grau. Ab f\u00fcnf georderten K\u00fcbeln liefern wir Ihnen diesen auch in einer individuellen Farbe aus dem RAL Tableau. So haben Sie die Chance, mit diesen K\u00fcbel ganz speziell an Ihr Design anzupassen. Dies unterstreicht im B\u00fcro oder auf Messen die Marke des Unternehmens und st\u00e4rkt den Wiedererkennungswert. Der K\u00fcbel ist f\u00fcr eine Pflanze bestens geeignet und ist einfach zu bepflanzen.<\/p>\n<h3>Der Pflanzenk\u00fcbel anthrazit<\/h3>\n<p>Wer auf der Suche nach einzigartigen Gestaltungsl\u00f6sungen f\u00fcr die Terrasse ist, der wird mit dem Pflanzk\u00fcbel anthrazit mehr als gl\u00fccklich. Dieser Pflanzk\u00fcbel erm\u00f6glicht ein ausgesprochen elegantes Design und hebt sich dennoch deutlich von herk\u00f6mmlichen Pflanzk\u00fcbeln ab. Durch diese L\u00f6sungen werden Pflanzen elegant hervorgehoben ohne die Atmosph\u00e4re auf Terrassen zu durchbrechen. Edel, anmutig aber stets unauff\u00e4llig im Hintergrund verweilend, liefert der Blumenk\u00fcbel anthrazit eine ideale M\u00f6glichkeit, die Dekoration auf der Terrasse oder dem Balkon zu vervollst\u00e4ndigen. Anders als die meisten Blumenk\u00fcbel besticht der K\u00fcbel in der Farbe Anthrazit weder durch Musterungen noch knallige Farben. Stattdessen unterstreicht das zeitlose Design viele Einsatzorte auf gelungene Art und Weise.<\/p>\n<h4>Der erstklassige Blumenk\u00fcbel sorgt f\u00fcr Stil und Eleganz auf der Terrasse<\/h4>\n<p>Wenn Sie den Pflanzk\u00fcbel anthrazit f\u00fcr Ihre Zwecke nutzen, werden Sie schnell merken wie Sie diesen K\u00fcbel problemlos auf Terrassen integrieren k\u00f6nnen. Der Blumenk\u00fcbel anthrazit z\u00e4hlt zu einem der wohl beliebtesten Pflanzenk\u00fcbel die von den meisten Kunden gew\u00e4hlt werden, um die Terrasse mit dekorativen Elementen zu bereichern, das Gesamtbild jedoch nicht ma\u00dfgeblich zu ver\u00e4ndern. \u00dcberzeugen Sie sich von der erstklassigen Qualit\u00e4t der Pflanzk\u00fcbel anthrazit und nutzen Sie diese Beh\u00e4ltnisse f\u00fcr Ihre Zwecke. Der Blumenk\u00fcbel anthrazit wird Sie restlos zu begeistern wissen.<\/p>\n","protected":false},"excerpt":{"rendered":"<p>Material: 2 mm Aluminiumblech<br \/>\nFarbe: Pulverbeschichtung<br \/>\nStandard: RAL9016,7012,7021<br \/>\nAb 5 St\u00fcck jede Ral Farbe m\u00f6glich<br \/>\nGewicht : 20kg<br \/>\nAbmessungen B500mm H1000mm L500mm<br \/>\nUV-resistent, Wetterfest<br \/>\nFrostbest\u00e4ndig bei gew\u00e4hrleistetem Wasserablauf<\/p>\n","protected":false},"featured_media":58741,"template":"","meta":{"_acf_changed":false},"product_brand":[],"product_cat":[269],"product_tag":[],"class_list":{"0":"post-52399","1":"product","2":"type-product","3":"status-publish","4":"has-post-thumbnail","6":"product_cat-pflanzkuebel-aluminium","7":"description-off","8":"tm-has-options","10":"first","11":"instock","12":"shipping-taxable","13":"purchasable","14":"product-type-simple"},"acf":[],"yoast_head":"<!-- This site is optimized with the Yoast SEO plugin v27.5 - https:\/\/yoast.com\/product\/yoast-seo-wordpress\/ -->\n<title>Pflanzk\u00fcbel aus Metall Vittorio 3 | Blumenk\u00fcbel World of Flowerpots<\/title>\n<meta name=\"description\" content=\"Der Pflanzk\u00fcbel aus Aluminium ist Pulverbeschichtet Der Pflanzk\u00fcbel aus Aluminium ist Pulverbeschichtet geeignet f\u00fcr drau\u00dfen und Innen\" \/>\n<meta name=\"robots\" content=\"index, follow, max-snippet:-1, max-image-preview:large, max-video-preview:-1\" \/>\n<link rel=\"canonical\" href=\"https:\/\/worldofflowerpots.com\/sklep\/pflanzkubel-aus-metall-vittorio-3\/\" \/>\n<meta property=\"og:locale\" content=\"de_DE\" \/>\n<meta property=\"og:type\" content=\"article\" \/>\n<meta property=\"og:title\" content=\"Pflanzk\u00fcbel aus Metall Vittorio 3 | Blumenk\u00fcbel World of Flowerpots\" \/>\n<meta property=\"og:description\" content=\"Der Pflanzk\u00fcbel aus Aluminium ist Pulverbeschichtet Der Pflanzk\u00fcbel aus Aluminium ist Pulverbeschichtet geeignet f\u00fcr drau\u00dfen und Innen\" \/>\n<meta property=\"og:url\" content=\"https:\/\/worldofflowerpots.com\/sklep\/pflanzkubel-aus-metall-vittorio-3\/\" \/>\n<meta property=\"og:site_name\" content=\"Blumenk\u00fcbel World of Flowerpots\" \/>\n<meta property=\"article:modified_time\" content=\"2019-04-24T16:02:17+00:00\" \/>\n<meta property=\"og:image\" content=\"https:\/\/worldofflowerpots.com\/wp-content\/uploads\/2019\/01\/Pflanzk\u00fcbel-aus-Metall-Vittorio-3.jpg\" \/>\n\t<meta property=\"og:image:width\" content=\"2280\" \/>\n\t<meta property=\"og:image:height\" content=\"1612\" \/>\n\t<meta property=\"og:image:type\" content=\"image\/jpeg\" \/>\n<meta name=\"twitter:card\" content=\"summary_large_image\" \/>\n<meta name=\"twitter:label1\" content=\"Gesch\u00e4tzte Lesezeit\" \/>\n\t<meta name=\"twitter:data1\" content=\"2\u00a0Minuten\" \/>\n<script type=\"application\/ld+json\" class=\"yoast-schema-graph\">{\"@context\":\"https:\\\/\\\/schema.org\",\"@graph\":[{\"@type\":\"WebPage\",\"@id\":\"https:\\\/\\\/worldofflowerpots.com\\\/sklep\\\/pflanzkubel-aus-metall-vittorio-3\\\/\",\"url\":\"https:\\\/\\\/worldofflowerpots.com\\\/sklep\\\/pflanzkubel-aus-metall-vittorio-3\\\/\",\"name\":\"Pflanzk\u00fcbel aus Metall Vittorio 3 | Blumenk\u00fcbel World of Flowerpots\",\"isPartOf\":{\"@id\":\"https:\\\/\\\/worldofflowerpots.com\\\/#website\"},\"primaryImageOfPage\":{\"@id\":\"https:\\\/\\\/worldofflowerpots.com\\\/sklep\\\/pflanzkubel-aus-metall-vittorio-3\\\/#primaryimage\"},\"image\":{\"@id\":\"https:\\\/\\\/worldofflowerpots.com\\\/sklep\\\/pflanzkubel-aus-metall-vittorio-3\\\/#primaryimage\"},\"thumbnailUrl\":\"https:\\\/\\\/worldofflowerpots.com\\\/wp-content\\\/uploads\\\/2019\\\/01\\\/Pflanzk\u00fcbel-aus-Metall-Vittorio-3.jpg\",\"datePublished\":\"2019-01-18T14:13:13+00:00\",\"dateModified\":\"2019-04-24T16:02:17+00:00\",\"description\":\"Der Pflanzk\u00fcbel aus Aluminium ist Pulverbeschichtet Der Pflanzk\u00fcbel aus Aluminium ist Pulverbeschichtet geeignet f\u00fcr drau\u00dfen und Innen\",\"breadcrumb\":{\"@id\":\"https:\\\/\\\/worldofflowerpots.com\\\/sklep\\\/pflanzkubel-aus-metall-vittorio-3\\\/#breadcrumb\"},\"inLanguage\":\"de\",\"potentialAction\":[{\"@type\":\"ReadAction\",\"target\":[\"https:\\\/\\\/worldofflowerpots.com\\\/sklep\\\/pflanzkubel-aus-metall-vittorio-3\\\/\"]}]},{\"@type\":\"ImageObject\",\"inLanguage\":\"de\",\"@id\":\"https:\\\/\\\/worldofflowerpots.com\\\/sklep\\\/pflanzkubel-aus-metall-vittorio-3\\\/#primaryimage\",\"url\":\"https:\\\/\\\/worldofflowerpots.com\\\/wp-content\\\/uploads\\\/2019\\\/01\\\/Pflanzk\u00fcbel-aus-Metall-Vittorio-3.jpg\",\"contentUrl\":\"https:\\\/\\\/worldofflowerpots.com\\\/wp-content\\\/uploads\\\/2019\\\/01\\\/Pflanzk\u00fcbel-aus-Metall-Vittorio-3.jpg\",\"width\":2280,\"height\":1612},{\"@type\":\"BreadcrumbList\",\"@id\":\"https:\\\/\\\/worldofflowerpots.com\\\/sklep\\\/pflanzkubel-aus-metall-vittorio-3\\\/#breadcrumb\",\"itemListElement\":[{\"@type\":\"ListItem\",\"position\":1,\"name\":\"Strona g\u0142\u00f3wna\",\"item\":\"https:\\\/\\\/worldofflowerpots.com\\\/blumenkuebel-grosse-auswahl\\\/\"},{\"@type\":\"ListItem\",\"position\":2,\"name\":\"Shop\",\"item\":\"https:\\\/\\\/worldofflowerpots.com\\\/sortiment\\\/\"},{\"@type\":\"ListItem\",\"position\":3,\"name\":\"Pflanzk\u00fcbel aus Metall Vittorio 3\"}]},{\"@type\":\"WebSite\",\"@id\":\"https:\\\/\\\/worldofflowerpots.com\\\/#website\",\"url\":\"https:\\\/\\\/worldofflowerpots.com\\\/\",\"name\":\"Blumenk\u00fcbel World of Flowerpots\",\"description\":\"Pflanzk\u00fcbel beton, blumentr\u00f6ge, blumenk\u00fcbel gro\u00df, cortenstahl, fiberglas\",\"potentialAction\":[{\"@type\":\"SearchAction\",\"target\":{\"@type\":\"EntryPoint\",\"urlTemplate\":\"https:\\\/\\\/worldofflowerpots.com\\\/?s={search_term_string}\"},\"query-input\":{\"@type\":\"PropertyValueSpecification\",\"valueRequired\":true,\"valueName\":\"search_term_string\"}}],\"inLanguage\":\"de\"}]}<\/script>\n<!-- \/ Yoast SEO plugin. -->","yoast_head_json":{"title":"Pflanzk\u00fcbel aus Metall Vittorio 3 | Blumenk\u00fcbel World of Flowerpots","description":"Der Pflanzk\u00fcbel aus Aluminium ist Pulverbeschichtet Der Pflanzk\u00fcbel aus Aluminium ist Pulverbeschichtet geeignet f\u00fcr drau\u00dfen und Innen","robots":{"index":"index","follow":"follow","max-snippet":"max-snippet:-1","max-image-preview":"max-image-preview:large","max-video-preview":"max-video-preview:-1"},"canonical":"https:\/\/worldofflowerpots.com\/sklep\/pflanzkubel-aus-metall-vittorio-3\/","og_locale":"de_DE","og_type":"article","og_title":"Pflanzk\u00fcbel aus Metall Vittorio 3 | Blumenk\u00fcbel World of Flowerpots","og_description":"Der Pflanzk\u00fcbel aus Aluminium ist Pulverbeschichtet Der Pflanzk\u00fcbel aus Aluminium ist Pulverbeschichtet geeignet f\u00fcr drau\u00dfen und Innen","og_url":"https:\/\/worldofflowerpots.com\/sklep\/pflanzkubel-aus-metall-vittorio-3\/","og_site_name":"Blumenk\u00fcbel World of Flowerpots","article_modified_time":"2019-04-24T16:02:17+00:00","og_image":[{"width":2280,"height":1612,"url":"https:\/\/worldofflowerpots.com\/wp-content\/uploads\/2019\/01\/Pflanzk\u00fcbel-aus-Metall-Vittorio-3.jpg","type":"image\/jpeg"}],"twitter_card":"summary_large_image","twitter_misc":{"Gesch\u00e4tzte Lesezeit":"2\u00a0Minuten"},"schema":{"@context":"https:\/\/schema.org","@graph":[{"@type":"WebPage","@id":"https:\/\/worldofflowerpots.com\/sklep\/pflanzkubel-aus-metall-vittorio-3\/","url":"https:\/\/worldofflowerpots.com\/sklep\/pflanzkubel-aus-metall-vittorio-3\/","name":"Pflanzk\u00fcbel aus Metall Vittorio 3 | Blumenk\u00fcbel World of Flowerpots","isPartOf":{"@id":"https:\/\/worldofflowerpots.com\/#website"},"primaryImageOfPage":{"@id":"https:\/\/worldofflowerpots.com\/sklep\/pflanzkubel-aus-metall-vittorio-3\/#primaryimage"},"image":{"@id":"https:\/\/worldofflowerpots.com\/sklep\/pflanzkubel-aus-metall-vittorio-3\/#primaryimage"},"thumbnailUrl":"https:\/\/worldofflowerpots.com\/wp-content\/uploads\/2019\/01\/Pflanzk\u00fcbel-aus-Metall-Vittorio-3.jpg","datePublished":"2019-01-18T14:13:13+00:00","dateModified":"2019-04-24T16:02:17+00:00","description":"Der Pflanzk\u00fcbel aus Aluminium ist Pulverbeschichtet Der Pflanzk\u00fcbel aus Aluminium ist Pulverbeschichtet geeignet f\u00fcr drau\u00dfen und Innen","breadcrumb":{"@id":"https:\/\/worldofflowerpots.com\/sklep\/pflanzkubel-aus-metall-vittorio-3\/#breadcrumb"},"inLanguage":"de","potentialAction":[{"@type":"ReadAction","target":["https:\/\/worldofflowerpots.com\/sklep\/pflanzkubel-aus-metall-vittorio-3\/"]}]},{"@type":"ImageObject","inLanguage":"de","@id":"https:\/\/worldofflowerpots.com\/sklep\/pflanzkubel-aus-metall-vittorio-3\/#primaryimage","url":"https:\/\/worldofflowerpots.com\/wp-content\/uploads\/2019\/01\/Pflanzk\u00fcbel-aus-Metall-Vittorio-3.jpg","contentUrl":"https:\/\/worldofflowerpots.com\/wp-content\/uploads\/2019\/01\/Pflanzk\u00fcbel-aus-Metall-Vittorio-3.jpg","width":2280,"height":1612},{"@type":"BreadcrumbList","@id":"https:\/\/worldofflowerpots.com\/sklep\/pflanzkubel-aus-metall-vittorio-3\/#breadcrumb","itemListElement":[{"@type":"ListItem","position":1,"name":"Strona g\u0142\u00f3wna","item":"https:\/\/worldofflowerpots.com\/blumenkuebel-grosse-auswahl\/"},{"@type":"ListItem","position":2,"name":"Shop","item":"https:\/\/worldofflowerpots.com\/sortiment\/"},{"@type":"ListItem","position":3,"name":"Pflanzk\u00fcbel aus Metall Vittorio 3"}]},{"@type":"WebSite","@id":"https:\/\/worldofflowerpots.com\/#website","url":"https:\/\/worldofflowerpots.com\/","name":"Blumenk\u00fcbel World of Flowerpots","description":"Pflanzk\u00fcbel beton, blumentr\u00f6ge, blumenk\u00fcbel gro\u00df, cortenstahl, fiberglas","potentialAction":[{"@type":"SearchAction","target":{"@type":"EntryPoint","urlTemplate":"https:\/\/worldofflowerpots.com\/?s={search_term_string}"},"query-input":{"@type":"PropertyValueSpecification","valueRequired":true,"valueName":"search_term_string"}}],"inLanguage":"de"}]}},"_links":{"self":[{"href":"https:\/\/worldofflowerpots.com\/de\/wp-json\/wp\/v2\/product\/52399","targetHints":{"allow":["GET"]}}],"collection":[{"href":"https:\/\/worldofflowerpots.com\/de\/wp-json\/wp\/v2\/product"}],"about":[{"href":"https:\/\/worldofflowerpots.com\/de\/wp-json\/wp\/v2\/types\/product"}],"wp:featuredmedia":[{"embeddable":true,"href":"https:\/\/worldofflowerpots.com\/de\/wp-json\/wp\/v2\/media\/58741"}],"wp:attachment":[{"href":"https:\/\/worldofflowerpots.com\/de\/wp-json\/wp\/v2\/media?parent=52399"}],"wp:term":[{"taxonomy":"product_brand","embeddable":true,"href":"https:\/\/worldofflowerpots.com\/de\/wp-json\/wp\/v2\/product_brand?post=52399"},{"taxonomy":"product_cat","embeddable":true,"href":"https:\/\/worldofflowerpots.com\/de\/wp-json\/wp\/v2\/product_cat?post=52399"},{"taxonomy":"product_tag","embeddable":true,"href":"https:\/\/worldofflowerpots.com\/de\/wp-json\/wp\/v2\/product_tag?post=52399"}],"curies":[{"name":"wp","href":"https:\/\/api.w.org\/{rel}","templated":true}]}}