{"id":52402,"date":"2019-01-18T15:13:13","date_gmt":"2019-01-18T14:13:13","guid":{"rendered":"https:\/\/worldofflowerpots.com\/sklep\/unkategorisiert\/metall-blumentopf-vittorio-2\/"},"modified":"2019-04-12T09:12:14","modified_gmt":"2019-04-12T07:12:14","slug":"metall-blumentopf-vittorio-2","status":"publish","type":"product","link":"https:\/\/worldofflowerpots.com\/de\/sortiment\/metall-blumentopf-vittorio-2\/","title":{"rendered":"Metall blumentopf Vittorio 2"},"content":{"rendered":"<h2>Metall Blumentopf anthrazit aus Aluminium<\/h2>\n<p>Stilvoll und elegant pr\u00e4sentiert sich dieser Pflanztopf in der Modefarbe Anthrazit (RAL 7021). Die rechteckige Form ist sehr praktisch und passt sehr gut in den Au\u00dfenbereich. Ein wundersch\u00f6ner Metall Blumentopf aus Aluminium ist das Modell Vittorio 2. Der rechteckige K\u00fcbel mit einer H\u00f6he von einem Meter ist ideal f\u00fcr Eingangsbereiche sowie verschiedene andere R\u00e4ume im Haus sowie im Garten. F\u00fcr den gewerblichen wie auch Messebereich ist damit dieser K\u00fcbel ein sch\u00f6nes und ansprechendes Dekorationselement.<\/p>\n<h2>Der Pflanzk\u00fcbel anthrazit ist in vielen Gr\u00f6\u00dfen lieferbar<\/h2>\n<p>Diese sch\u00f6ne Pflanzk\u00fcbel ist in vielen verschiedenen Gr\u00f6\u00dfen lieferbar. W\u00e4hlen Sie die passende Gr\u00f6\u00dfe f\u00fcr sich aus oder kombinieren Sie bei Bedarf diesen Pflanztopf auch in unterschiedlichen Gr\u00f6\u00dfen miteinander.<\/p>\n<h2>Das Material Aluminium<\/h2>\n<p>Der Metall Blumentopf\u00a0 besteht aus Aluminium ist ist durch diese Materialwahl auf nat\u00fcrliche Weise vor Korrosion gesch\u00fctzt. Sch\u00e4den durch Frosteinwirkung oder eine fr\u00fchzeitige Alterung sind deshalb nicht zu bef\u00fcrchten. Sie werden lange Freude an diesem eleganten Pflanzgef\u00e4\u00df haben.Der K\u00fcbel ist in unterschiedlichen Farben lieferbar. Neben wei\u00df und grau erhalten Sie den Blumenk\u00fcbel in anthrazit. Ab f\u00fcnf bestellten K\u00fcbeln liefern wir Ihre Pflanzk\u00fcbel in einer von Ihnen frei zu w\u00e4hlenden RAL Farbe aus.Mit seinen 16 Kilogramm Eigengewicht ist der K\u00fcbel einfach zu transportieren und kann schnell und bequem umgestellt werden.<\/p>\n<h2>Auch Sonderw\u00fcnsche sind denkbar<\/h2>\n<p>Wir sind flexibel, was die W\u00fcnsche unserer Kunden anbelangt. Sollte Ihnen wider Erwarten unser Pflanzk\u00fcbel anthrazit in der angebotenen Form und Farbe nicht zusagen, k\u00f6nnen wir auch bei Bedarf eine Sonderanfertigung nach Ihren W\u00fcnschen herstellen. Wegen der gew\u00fcnschten Form oder Farbe k\u00f6nnen Sie sich gern mit uns in Verbindung setzen.<\/p>\n","protected":false},"excerpt":{"rendered":"<p>Material: 2 mm Aluminiumblech<br \/>\nFarbe: Pulverbeschichtung<br \/>\nStandard: RAL9016,7012,7021<br \/>\nAb 5 St\u00fcck jede Ral Farbe m\u00f6glich<br \/>\nGewicht : 16kg<br \/>\nAbmessungen B400mm H1000mm L400mm<br \/>\nUV-resistent, Wetterfest<br \/>\nFrostbest\u00e4ndig bei gew\u00e4hrleistetem Wasserablauf<\/p>\n","protected":false},"featured_media":58751,"template":"","meta":{"_acf_changed":false},"product_brand":[],"product_cat":[269],"product_tag":[],"class_list":{"0":"post-52402","1":"product","2":"type-product","3":"status-publish","4":"has-post-thumbnail","6":"product_cat-pflanzkuebel-aluminium","7":"description-off","8":"tm-has-options","10":"first","11":"instock","12":"shipping-taxable","13":"purchasable","14":"product-type-simple"},"acf":[],"yoast_head":"<!-- This site is optimized with the Yoast SEO plugin v27.5 - https:\/\/yoast.com\/product\/yoast-seo-wordpress\/ -->\n<title>Metall blumentopf Vittorio 2 | Blumenk\u00fcbel World of Flowerpots - Pflanzk\u00fcbel beton, blumentr\u00f6ge, blumenk\u00fcbel gro\u00df, cortenstahl, fiberglas<\/title>\n<meta name=\"robots\" content=\"index, follow, max-snippet:-1, max-image-preview:large, max-video-preview:-1\" \/>\n<link rel=\"canonical\" href=\"https:\/\/worldofflowerpots.com\/sklep\/metall-blumentopf-vittorio-2\/\" \/>\n<meta property=\"og:locale\" content=\"de_DE\" \/>\n<meta property=\"og:type\" content=\"article\" \/>\n<meta property=\"og:title\" content=\"Metall blumentopf Vittorio 2 | Blumenk\u00fcbel World of Flowerpots - Pflanzk\u00fcbel beton, blumentr\u00f6ge, blumenk\u00fcbel gro\u00df, cortenstahl, fiberglas\" \/>\n<meta property=\"og:description\" content=\"Material: 2 mm Aluminiumblech Farbe: Pulverbeschichtung Standard: RAL9016,7012,7021 Ab 5 St\u00fcck jede Ral Farbe m\u00f6glich Gewicht : 16kg Abmessungen B400mm H1000mm L400mm UV-resistent, Wetterfest Frostbest\u00e4ndig bei gew\u00e4hrleistetem Wasserablauf\" \/>\n<meta property=\"og:url\" content=\"https:\/\/worldofflowerpots.com\/sklep\/metall-blumentopf-vittorio-2\/\" \/>\n<meta property=\"og:site_name\" content=\"Blumenk\u00fcbel World of Flowerpots\" \/>\n<meta property=\"article:modified_time\" content=\"2019-04-12T07:12:14+00:00\" \/>\n<meta property=\"og:image\" content=\"https:\/\/worldofflowerpots.com\/wp-content\/uploads\/2019\/01\/metall-blumentopf-Vittorio-2.jpg\" \/>\n\t<meta property=\"og:image:width\" content=\"2280\" \/>\n\t<meta property=\"og:image:height\" content=\"1612\" \/>\n\t<meta property=\"og:image:type\" content=\"image\/jpeg\" \/>\n<meta name=\"twitter:card\" content=\"summary_large_image\" \/>\n<meta name=\"twitter:label1\" content=\"Gesch\u00e4tzte Lesezeit\" \/>\n\t<meta name=\"twitter:data1\" content=\"1\u00a0Minute\" \/>\n<script type=\"application\/ld+json\" class=\"yoast-schema-graph\">{\"@context\":\"https:\\\/\\\/schema.org\",\"@graph\":[{\"@type\":\"WebPage\",\"@id\":\"https:\\\/\\\/worldofflowerpots.com\\\/sklep\\\/metall-blumentopf-vittorio-2\\\/\",\"url\":\"https:\\\/\\\/worldofflowerpots.com\\\/sklep\\\/metall-blumentopf-vittorio-2\\\/\",\"name\":\"Metall blumentopf Vittorio 2 | Blumenk\u00fcbel World of Flowerpots - Pflanzk\u00fcbel beton, blumentr\u00f6ge, blumenk\u00fcbel gro\u00df, cortenstahl, fiberglas\",\"isPartOf\":{\"@id\":\"https:\\\/\\\/worldofflowerpots.com\\\/#website\"},\"primaryImageOfPage\":{\"@id\":\"https:\\\/\\\/worldofflowerpots.com\\\/sklep\\\/metall-blumentopf-vittorio-2\\\/#primaryimage\"},\"image\":{\"@id\":\"https:\\\/\\\/worldofflowerpots.com\\\/sklep\\\/metall-blumentopf-vittorio-2\\\/#primaryimage\"},\"thumbnailUrl\":\"https:\\\/\\\/worldofflowerpots.com\\\/wp-content\\\/uploads\\\/2019\\\/01\\\/metall-blumentopf-Vittorio-2.jpg\",\"datePublished\":\"2019-01-18T14:13:13+00:00\",\"dateModified\":\"2019-04-12T07:12:14+00:00\",\"breadcrumb\":{\"@id\":\"https:\\\/\\\/worldofflowerpots.com\\\/sklep\\\/metall-blumentopf-vittorio-2\\\/#breadcrumb\"},\"inLanguage\":\"de\",\"potentialAction\":[{\"@type\":\"ReadAction\",\"target\":[\"https:\\\/\\\/worldofflowerpots.com\\\/sklep\\\/metall-blumentopf-vittorio-2\\\/\"]}]},{\"@type\":\"ImageObject\",\"inLanguage\":\"de\",\"@id\":\"https:\\\/\\\/worldofflowerpots.com\\\/sklep\\\/metall-blumentopf-vittorio-2\\\/#primaryimage\",\"url\":\"https:\\\/\\\/worldofflowerpots.com\\\/wp-content\\\/uploads\\\/2019\\\/01\\\/metall-blumentopf-Vittorio-2.jpg\",\"contentUrl\":\"https:\\\/\\\/worldofflowerpots.com\\\/wp-content\\\/uploads\\\/2019\\\/01\\\/metall-blumentopf-Vittorio-2.jpg\",\"width\":2280,\"height\":1612},{\"@type\":\"BreadcrumbList\",\"@id\":\"https:\\\/\\\/worldofflowerpots.com\\\/sklep\\\/metall-blumentopf-vittorio-2\\\/#breadcrumb\",\"itemListElement\":[{\"@type\":\"ListItem\",\"position\":1,\"name\":\"Strona g\u0142\u00f3wna\",\"item\":\"https:\\\/\\\/worldofflowerpots.com\\\/blumenkuebel-grosse-auswahl\\\/\"},{\"@type\":\"ListItem\",\"position\":2,\"name\":\"Shop\",\"item\":\"https:\\\/\\\/worldofflowerpots.com\\\/sortiment\\\/\"},{\"@type\":\"ListItem\",\"position\":3,\"name\":\"Metall blumentopf Vittorio 2\"}]},{\"@type\":\"WebSite\",\"@id\":\"https:\\\/\\\/worldofflowerpots.com\\\/#website\",\"url\":\"https:\\\/\\\/worldofflowerpots.com\\\/\",\"name\":\"Blumenk\u00fcbel World of Flowerpots\",\"description\":\"Pflanzk\u00fcbel beton, blumentr\u00f6ge, blumenk\u00fcbel gro\u00df, cortenstahl, fiberglas\",\"potentialAction\":[{\"@type\":\"SearchAction\",\"target\":{\"@type\":\"EntryPoint\",\"urlTemplate\":\"https:\\\/\\\/worldofflowerpots.com\\\/?s={search_term_string}\"},\"query-input\":{\"@type\":\"PropertyValueSpecification\",\"valueRequired\":true,\"valueName\":\"search_term_string\"}}],\"inLanguage\":\"de\"}]}<\/script>\n<!-- \/ Yoast SEO plugin. -->","yoast_head_json":{"title":"Metall blumentopf Vittorio 2 | Blumenk\u00fcbel World of Flowerpots - Pflanzk\u00fcbel beton, blumentr\u00f6ge, blumenk\u00fcbel gro\u00df, cortenstahl, fiberglas","robots":{"index":"index","follow":"follow","max-snippet":"max-snippet:-1","max-image-preview":"max-image-preview:large","max-video-preview":"max-video-preview:-1"},"canonical":"https:\/\/worldofflowerpots.com\/sklep\/metall-blumentopf-vittorio-2\/","og_locale":"de_DE","og_type":"article","og_title":"Metall blumentopf Vittorio 2 | Blumenk\u00fcbel World of Flowerpots - Pflanzk\u00fcbel beton, blumentr\u00f6ge, blumenk\u00fcbel gro\u00df, cortenstahl, fiberglas","og_description":"Material: 2 mm Aluminiumblech Farbe: Pulverbeschichtung Standard: RAL9016,7012,7021 Ab 5 St\u00fcck jede Ral Farbe m\u00f6glich Gewicht : 16kg Abmessungen B400mm H1000mm L400mm UV-resistent, Wetterfest Frostbest\u00e4ndig bei gew\u00e4hrleistetem Wasserablauf","og_url":"https:\/\/worldofflowerpots.com\/sklep\/metall-blumentopf-vittorio-2\/","og_site_name":"Blumenk\u00fcbel World of Flowerpots","article_modified_time":"2019-04-12T07:12:14+00:00","og_image":[{"width":2280,"height":1612,"url":"https:\/\/worldofflowerpots.com\/wp-content\/uploads\/2019\/01\/metall-blumentopf-Vittorio-2.jpg","type":"image\/jpeg"}],"twitter_card":"summary_large_image","twitter_misc":{"Gesch\u00e4tzte Lesezeit":"1\u00a0Minute"},"schema":{"@context":"https:\/\/schema.org","@graph":[{"@type":"WebPage","@id":"https:\/\/worldofflowerpots.com\/sklep\/metall-blumentopf-vittorio-2\/","url":"https:\/\/worldofflowerpots.com\/sklep\/metall-blumentopf-vittorio-2\/","name":"Metall blumentopf Vittorio 2 | Blumenk\u00fcbel World of Flowerpots - Pflanzk\u00fcbel beton, blumentr\u00f6ge, blumenk\u00fcbel gro\u00df, cortenstahl, fiberglas","isPartOf":{"@id":"https:\/\/worldofflowerpots.com\/#website"},"primaryImageOfPage":{"@id":"https:\/\/worldofflowerpots.com\/sklep\/metall-blumentopf-vittorio-2\/#primaryimage"},"image":{"@id":"https:\/\/worldofflowerpots.com\/sklep\/metall-blumentopf-vittorio-2\/#primaryimage"},"thumbnailUrl":"https:\/\/worldofflowerpots.com\/wp-content\/uploads\/2019\/01\/metall-blumentopf-Vittorio-2.jpg","datePublished":"2019-01-18T14:13:13+00:00","dateModified":"2019-04-12T07:12:14+00:00","breadcrumb":{"@id":"https:\/\/worldofflowerpots.com\/sklep\/metall-blumentopf-vittorio-2\/#breadcrumb"},"inLanguage":"de","potentialAction":[{"@type":"ReadAction","target":["https:\/\/worldofflowerpots.com\/sklep\/metall-blumentopf-vittorio-2\/"]}]},{"@type":"ImageObject","inLanguage":"de","@id":"https:\/\/worldofflowerpots.com\/sklep\/metall-blumentopf-vittorio-2\/#primaryimage","url":"https:\/\/worldofflowerpots.com\/wp-content\/uploads\/2019\/01\/metall-blumentopf-Vittorio-2.jpg","contentUrl":"https:\/\/worldofflowerpots.com\/wp-content\/uploads\/2019\/01\/metall-blumentopf-Vittorio-2.jpg","width":2280,"height":1612},{"@type":"BreadcrumbList","@id":"https:\/\/worldofflowerpots.com\/sklep\/metall-blumentopf-vittorio-2\/#breadcrumb","itemListElement":[{"@type":"ListItem","position":1,"name":"Strona g\u0142\u00f3wna","item":"https:\/\/worldofflowerpots.com\/blumenkuebel-grosse-auswahl\/"},{"@type":"ListItem","position":2,"name":"Shop","item":"https:\/\/worldofflowerpots.com\/sortiment\/"},{"@type":"ListItem","position":3,"name":"Metall blumentopf Vittorio 2"}]},{"@type":"WebSite","@id":"https:\/\/worldofflowerpots.com\/#website","url":"https:\/\/worldofflowerpots.com\/","name":"Blumenk\u00fcbel World of Flowerpots","description":"Pflanzk\u00fcbel beton, blumentr\u00f6ge, blumenk\u00fcbel gro\u00df, cortenstahl, fiberglas","potentialAction":[{"@type":"SearchAction","target":{"@type":"EntryPoint","urlTemplate":"https:\/\/worldofflowerpots.com\/?s={search_term_string}"},"query-input":{"@type":"PropertyValueSpecification","valueRequired":true,"valueName":"search_term_string"}}],"inLanguage":"de"}]}},"_links":{"self":[{"href":"https:\/\/worldofflowerpots.com\/de\/wp-json\/wp\/v2\/product\/52402","targetHints":{"allow":["GET"]}}],"collection":[{"href":"https:\/\/worldofflowerpots.com\/de\/wp-json\/wp\/v2\/product"}],"about":[{"href":"https:\/\/worldofflowerpots.com\/de\/wp-json\/wp\/v2\/types\/product"}],"wp:featuredmedia":[{"embeddable":true,"href":"https:\/\/worldofflowerpots.com\/de\/wp-json\/wp\/v2\/media\/58751"}],"wp:attachment":[{"href":"https:\/\/worldofflowerpots.com\/de\/wp-json\/wp\/v2\/media?parent=52402"}],"wp:term":[{"taxonomy":"product_brand","embeddable":true,"href":"https:\/\/worldofflowerpots.com\/de\/wp-json\/wp\/v2\/product_brand?post=52402"},{"taxonomy":"product_cat","embeddable":true,"href":"https:\/\/worldofflowerpots.com\/de\/wp-json\/wp\/v2\/product_cat?post=52402"},{"taxonomy":"product_tag","embeddable":true,"href":"https:\/\/worldofflowerpots.com\/de\/wp-json\/wp\/v2\/product_tag?post=52402"}],"curies":[{"name":"wp","href":"https:\/\/api.w.org\/{rel}","templated":true}]}}