{"id":52405,"date":"2019-01-18T15:13:13","date_gmt":"2019-01-18T14:13:13","guid":{"rendered":"https:\/\/worldofflowerpots.com\/sklep\/unkategorisiert\/metall-blumenkubel-vittorio-1\/"},"modified":"2019-04-12T09:14:04","modified_gmt":"2019-04-12T07:14:04","slug":"metall-blumenkubel-vittorio-1","status":"publish","type":"product","link":"https:\/\/worldofflowerpots.com\/de\/sortiment\/metall-blumenkubel-vittorio-1\/","title":{"rendered":"Metall Blumenk\u00fcbel Vittorio 1"},"content":{"rendered":"<h2>Vittorio 1 Metall blumenk\u00fcbel aus lackiertem Aluminium mit verblendetem Styropor<\/h2>\n<p>Der eigene Garten ist doch nur halb so sch\u00f6n ohne Terrasse. Inspirationen, praktische Tipps und Ideen zur Gestaltung Ihrer Terrasse finden Sie in diesem Artikel. Die Lackierung gibt es in drei RAL-Graustufen mit matter Ausf\u00fchrung. quaderf\u00f6rmige Metall Blumenk\u00fcbel hat eine 5 cm dicke Styroporwandung mit einer 5 cm im Durchmesser gro\u00dfen runden Boden\u00f6ffnung. Das verblendende Aluminium ist 2 mm stark und mit der Pulverlackierung kratz-, riss und korrosionsfest. Das Konzept bietet eine hohe Lebensdauer und nur durch die K\u00fcbelf\u00fcllung bestimmte Wuchsbedingungen f\u00fcr ihre Bepflanzungswahl.<\/p>\n<h2>Kompakte Pflanzenk\u00fcbel f\u00fcr jede Gelegenheit<\/h2>\n<p>Mit der zentrierten Boden\u00f6ffnung kann der Vittorio 1 sowohl am Boden fixiert und von unten bew\u00e4ssert und mit D\u00fcnger versorgt werden. Das F\u00fcllvolumen ist mit 300 mm X 300 mm X 700 mm angegeben und sorgt bei F\u00fcllung mit normaler Blumenerde f\u00fcr einen ganzj\u00e4hrig soliden Stand. Damit ist er ideal als Blumenk\u00fcbel f\u00fcr Terrasse, Garten, Dachterrasse geeignet. Das Pulverlackfinisch des Aluminiums und das edle Quaderdesign mit angenehm anzusehender Oberfl\u00e4che sind f\u00fcr jeden direkten Blick attraktiv. Die schmutzabweisenden Eigenschaften der Verblendung machen den Metal Blumenk\u00fcbel zu einer arbeitsextensiven, langfristig sch\u00f6nen L\u00f6sung f\u00fcr viele farbige wie gr\u00fcne Bepflanzungen. Das Styropor legt au\u00dferdem kaum fest, welche Bepflanzung hineinkommt. Es gibt die beste Flexibilit\u00e4t bei der Wahl und kann nur schwer verbessert werden. Mit dem Vittorio haben sie eine hochwertige, hohe L\u00f6sung f\u00fcr gerne tiefwurzelnde Pflanzen aus vertretbarem und g\u00fcnstigem Material.<\/p>\n<h2>Die Lage der Terrasse<\/h2>\n<p>Grunds\u00e4tzlich baut man eine Terrasse immer in Richtung S\u00fcden. So kann man von Morgen bis Abend die Sonne geniessen. Falls der Platz im S\u00fcden fehlt und die Terrasse f\u00fcr den Norden geplant ist, sollten Sie zwischen Haus und Terrasse ein bisschen Platz lassen. Ansonsten hat man meistens Schatten.<\/p>\n<h2>Passende Blumengef\u00e4ss<\/h2>\n<p>Mit 40 cm X 40 cm X 80 cm ist der Vittorio 1 ein f\u00fcr mittelgro\u00dfe Pflanzen, Stauden oder kleine B\u00fcsche und B\u00e4ume geeigneter Blumenk\u00fcbel. Er ist aus hochwertigem, leichtem und wasserabweisendem Styropor. Seine Verblendung ist lackiertes Aluminum. Beide Materialien sind au\u00dfergew\u00f6hnlich Witterungs- und Umweltbest\u00e4ndig.<\/p>\n","protected":false},"excerpt":{"rendered":"<p>Material: 2 mm Aluminiumblech<br \/>\nFarbe: Pulverbeschichtung<br \/>\nStandard: RAL9016,7012,7021<br \/>\nAb 5 St\u00fcck jede Ral Farbe m\u00f6glich<br \/>\nGewicht : 13kg<br \/>\nAbmessungen B400mm H800mm L400mm<br \/>\nUV-resistent, Wetterfest<br \/>\nFrostbest\u00e4ndig bei gew\u00e4hrleistetem Wasserablauf<\/p>\n","protected":false},"featured_media":58761,"template":"","meta":{"_acf_changed":false},"product_brand":[],"product_cat":[269],"product_tag":[],"class_list":{"0":"post-52405","1":"product","2":"type-product","3":"status-publish","4":"has-post-thumbnail","6":"product_cat-pflanzkuebel-aluminium","7":"description-off","8":"tm-has-options","10":"first","11":"instock","12":"shipping-taxable","13":"purchasable","14":"product-type-simple"},"acf":[],"yoast_head":"<!-- This site is optimized with the Yoast SEO plugin v27.5 - https:\/\/yoast.com\/product\/yoast-seo-wordpress\/ -->\n<title>Metall Blumenk\u00fcbel Vittorio 1 | Blumenk\u00fcbel World of Flowerpots - Pflanzk\u00fcbel beton, blumentr\u00f6ge, blumenk\u00fcbel gro\u00df, cortenstahl, fiberglas<\/title>\n<meta name=\"robots\" content=\"index, follow, max-snippet:-1, max-image-preview:large, max-video-preview:-1\" \/>\n<link rel=\"canonical\" href=\"https:\/\/worldofflowerpots.com\/sklep\/metall-blumenkubel-vittorio-1\/\" \/>\n<meta property=\"og:locale\" content=\"de_DE\" \/>\n<meta property=\"og:type\" content=\"article\" \/>\n<meta property=\"og:title\" content=\"Metall Blumenk\u00fcbel Vittorio 1 | Blumenk\u00fcbel World of Flowerpots - Pflanzk\u00fcbel beton, blumentr\u00f6ge, blumenk\u00fcbel gro\u00df, cortenstahl, fiberglas\" \/>\n<meta property=\"og:description\" content=\"Material: 2 mm Aluminiumblech Farbe: Pulverbeschichtung Standard: RAL9016,7012,7021 Ab 5 St\u00fcck jede Ral Farbe m\u00f6glich Gewicht : 13kg Abmessungen B400mm H800mm L400mm UV-resistent, Wetterfest Frostbest\u00e4ndig bei gew\u00e4hrleistetem Wasserablauf\" \/>\n<meta property=\"og:url\" content=\"https:\/\/worldofflowerpots.com\/sklep\/metall-blumenkubel-vittorio-1\/\" \/>\n<meta property=\"og:site_name\" content=\"Blumenk\u00fcbel World of Flowerpots\" \/>\n<meta property=\"article:modified_time\" content=\"2019-04-12T07:14:04+00:00\" \/>\n<meta property=\"og:image\" content=\"https:\/\/worldofflowerpots.com\/wp-content\/uploads\/2019\/01\/Metall-blumenk\u00fcbel-Vittorio-1.jpg\" \/>\n\t<meta property=\"og:image:width\" content=\"2280\" \/>\n\t<meta property=\"og:image:height\" content=\"1612\" \/>\n\t<meta property=\"og:image:type\" content=\"image\/jpeg\" \/>\n<meta name=\"twitter:card\" content=\"summary_large_image\" \/>\n<meta name=\"twitter:label1\" content=\"Gesch\u00e4tzte Lesezeit\" \/>\n\t<meta name=\"twitter:data1\" content=\"2\u00a0Minuten\" \/>\n<script type=\"application\/ld+json\" class=\"yoast-schema-graph\">{\"@context\":\"https:\\\/\\\/schema.org\",\"@graph\":[{\"@type\":\"WebPage\",\"@id\":\"https:\\\/\\\/worldofflowerpots.com\\\/sklep\\\/metall-blumenkubel-vittorio-1\\\/\",\"url\":\"https:\\\/\\\/worldofflowerpots.com\\\/sklep\\\/metall-blumenkubel-vittorio-1\\\/\",\"name\":\"Metall Blumenk\u00fcbel Vittorio 1 | Blumenk\u00fcbel World of Flowerpots - Pflanzk\u00fcbel beton, blumentr\u00f6ge, blumenk\u00fcbel gro\u00df, cortenstahl, fiberglas\",\"isPartOf\":{\"@id\":\"https:\\\/\\\/worldofflowerpots.com\\\/#website\"},\"primaryImageOfPage\":{\"@id\":\"https:\\\/\\\/worldofflowerpots.com\\\/sklep\\\/metall-blumenkubel-vittorio-1\\\/#primaryimage\"},\"image\":{\"@id\":\"https:\\\/\\\/worldofflowerpots.com\\\/sklep\\\/metall-blumenkubel-vittorio-1\\\/#primaryimage\"},\"thumbnailUrl\":\"https:\\\/\\\/worldofflowerpots.com\\\/wp-content\\\/uploads\\\/2019\\\/01\\\/Metall-blumenk\u00fcbel-Vittorio-1.jpg\",\"datePublished\":\"2019-01-18T14:13:13+00:00\",\"dateModified\":\"2019-04-12T07:14:04+00:00\",\"breadcrumb\":{\"@id\":\"https:\\\/\\\/worldofflowerpots.com\\\/sklep\\\/metall-blumenkubel-vittorio-1\\\/#breadcrumb\"},\"inLanguage\":\"de\",\"potentialAction\":[{\"@type\":\"ReadAction\",\"target\":[\"https:\\\/\\\/worldofflowerpots.com\\\/sklep\\\/metall-blumenkubel-vittorio-1\\\/\"]}]},{\"@type\":\"ImageObject\",\"inLanguage\":\"de\",\"@id\":\"https:\\\/\\\/worldofflowerpots.com\\\/sklep\\\/metall-blumenkubel-vittorio-1\\\/#primaryimage\",\"url\":\"https:\\\/\\\/worldofflowerpots.com\\\/wp-content\\\/uploads\\\/2019\\\/01\\\/Metall-blumenk\u00fcbel-Vittorio-1.jpg\",\"contentUrl\":\"https:\\\/\\\/worldofflowerpots.com\\\/wp-content\\\/uploads\\\/2019\\\/01\\\/Metall-blumenk\u00fcbel-Vittorio-1.jpg\",\"width\":2280,\"height\":1612},{\"@type\":\"BreadcrumbList\",\"@id\":\"https:\\\/\\\/worldofflowerpots.com\\\/sklep\\\/metall-blumenkubel-vittorio-1\\\/#breadcrumb\",\"itemListElement\":[{\"@type\":\"ListItem\",\"position\":1,\"name\":\"Strona g\u0142\u00f3wna\",\"item\":\"https:\\\/\\\/worldofflowerpots.com\\\/blumenkuebel-grosse-auswahl\\\/\"},{\"@type\":\"ListItem\",\"position\":2,\"name\":\"Shop\",\"item\":\"https:\\\/\\\/worldofflowerpots.com\\\/sortiment\\\/\"},{\"@type\":\"ListItem\",\"position\":3,\"name\":\"Metall Blumenk\u00fcbel Vittorio 1\"}]},{\"@type\":\"WebSite\",\"@id\":\"https:\\\/\\\/worldofflowerpots.com\\\/#website\",\"url\":\"https:\\\/\\\/worldofflowerpots.com\\\/\",\"name\":\"Blumenk\u00fcbel World of Flowerpots\",\"description\":\"Pflanzk\u00fcbel beton, blumentr\u00f6ge, blumenk\u00fcbel gro\u00df, cortenstahl, fiberglas\",\"potentialAction\":[{\"@type\":\"SearchAction\",\"target\":{\"@type\":\"EntryPoint\",\"urlTemplate\":\"https:\\\/\\\/worldofflowerpots.com\\\/?s={search_term_string}\"},\"query-input\":{\"@type\":\"PropertyValueSpecification\",\"valueRequired\":true,\"valueName\":\"search_term_string\"}}],\"inLanguage\":\"de\"}]}<\/script>\n<!-- \/ Yoast SEO plugin. -->","yoast_head_json":{"title":"Metall Blumenk\u00fcbel Vittorio 1 | Blumenk\u00fcbel World of Flowerpots - Pflanzk\u00fcbel beton, blumentr\u00f6ge, blumenk\u00fcbel gro\u00df, cortenstahl, fiberglas","robots":{"index":"index","follow":"follow","max-snippet":"max-snippet:-1","max-image-preview":"max-image-preview:large","max-video-preview":"max-video-preview:-1"},"canonical":"https:\/\/worldofflowerpots.com\/sklep\/metall-blumenkubel-vittorio-1\/","og_locale":"de_DE","og_type":"article","og_title":"Metall Blumenk\u00fcbel Vittorio 1 | Blumenk\u00fcbel World of Flowerpots - Pflanzk\u00fcbel beton, blumentr\u00f6ge, blumenk\u00fcbel gro\u00df, cortenstahl, fiberglas","og_description":"Material: 2 mm Aluminiumblech Farbe: Pulverbeschichtung Standard: RAL9016,7012,7021 Ab 5 St\u00fcck jede Ral Farbe m\u00f6glich Gewicht : 13kg Abmessungen B400mm H800mm L400mm UV-resistent, Wetterfest Frostbest\u00e4ndig bei gew\u00e4hrleistetem Wasserablauf","og_url":"https:\/\/worldofflowerpots.com\/sklep\/metall-blumenkubel-vittorio-1\/","og_site_name":"Blumenk\u00fcbel World of Flowerpots","article_modified_time":"2019-04-12T07:14:04+00:00","og_image":[{"width":2280,"height":1612,"url":"https:\/\/worldofflowerpots.com\/wp-content\/uploads\/2019\/01\/Metall-blumenk\u00fcbel-Vittorio-1.jpg","type":"image\/jpeg"}],"twitter_card":"summary_large_image","twitter_misc":{"Gesch\u00e4tzte Lesezeit":"2\u00a0Minuten"},"schema":{"@context":"https:\/\/schema.org","@graph":[{"@type":"WebPage","@id":"https:\/\/worldofflowerpots.com\/sklep\/metall-blumenkubel-vittorio-1\/","url":"https:\/\/worldofflowerpots.com\/sklep\/metall-blumenkubel-vittorio-1\/","name":"Metall Blumenk\u00fcbel Vittorio 1 | Blumenk\u00fcbel World of Flowerpots - Pflanzk\u00fcbel beton, blumentr\u00f6ge, blumenk\u00fcbel gro\u00df, cortenstahl, fiberglas","isPartOf":{"@id":"https:\/\/worldofflowerpots.com\/#website"},"primaryImageOfPage":{"@id":"https:\/\/worldofflowerpots.com\/sklep\/metall-blumenkubel-vittorio-1\/#primaryimage"},"image":{"@id":"https:\/\/worldofflowerpots.com\/sklep\/metall-blumenkubel-vittorio-1\/#primaryimage"},"thumbnailUrl":"https:\/\/worldofflowerpots.com\/wp-content\/uploads\/2019\/01\/Metall-blumenk\u00fcbel-Vittorio-1.jpg","datePublished":"2019-01-18T14:13:13+00:00","dateModified":"2019-04-12T07:14:04+00:00","breadcrumb":{"@id":"https:\/\/worldofflowerpots.com\/sklep\/metall-blumenkubel-vittorio-1\/#breadcrumb"},"inLanguage":"de","potentialAction":[{"@type":"ReadAction","target":["https:\/\/worldofflowerpots.com\/sklep\/metall-blumenkubel-vittorio-1\/"]}]},{"@type":"ImageObject","inLanguage":"de","@id":"https:\/\/worldofflowerpots.com\/sklep\/metall-blumenkubel-vittorio-1\/#primaryimage","url":"https:\/\/worldofflowerpots.com\/wp-content\/uploads\/2019\/01\/Metall-blumenk\u00fcbel-Vittorio-1.jpg","contentUrl":"https:\/\/worldofflowerpots.com\/wp-content\/uploads\/2019\/01\/Metall-blumenk\u00fcbel-Vittorio-1.jpg","width":2280,"height":1612},{"@type":"BreadcrumbList","@id":"https:\/\/worldofflowerpots.com\/sklep\/metall-blumenkubel-vittorio-1\/#breadcrumb","itemListElement":[{"@type":"ListItem","position":1,"name":"Strona g\u0142\u00f3wna","item":"https:\/\/worldofflowerpots.com\/blumenkuebel-grosse-auswahl\/"},{"@type":"ListItem","position":2,"name":"Shop","item":"https:\/\/worldofflowerpots.com\/sortiment\/"},{"@type":"ListItem","position":3,"name":"Metall Blumenk\u00fcbel Vittorio 1"}]},{"@type":"WebSite","@id":"https:\/\/worldofflowerpots.com\/#website","url":"https:\/\/worldofflowerpots.com\/","name":"Blumenk\u00fcbel World of Flowerpots","description":"Pflanzk\u00fcbel beton, blumentr\u00f6ge, blumenk\u00fcbel gro\u00df, cortenstahl, fiberglas","potentialAction":[{"@type":"SearchAction","target":{"@type":"EntryPoint","urlTemplate":"https:\/\/worldofflowerpots.com\/?s={search_term_string}"},"query-input":{"@type":"PropertyValueSpecification","valueRequired":true,"valueName":"search_term_string"}}],"inLanguage":"de"}]}},"_links":{"self":[{"href":"https:\/\/worldofflowerpots.com\/de\/wp-json\/wp\/v2\/product\/52405","targetHints":{"allow":["GET"]}}],"collection":[{"href":"https:\/\/worldofflowerpots.com\/de\/wp-json\/wp\/v2\/product"}],"about":[{"href":"https:\/\/worldofflowerpots.com\/de\/wp-json\/wp\/v2\/types\/product"}],"wp:featuredmedia":[{"embeddable":true,"href":"https:\/\/worldofflowerpots.com\/de\/wp-json\/wp\/v2\/media\/58761"}],"wp:attachment":[{"href":"https:\/\/worldofflowerpots.com\/de\/wp-json\/wp\/v2\/media?parent=52405"}],"wp:term":[{"taxonomy":"product_brand","embeddable":true,"href":"https:\/\/worldofflowerpots.com\/de\/wp-json\/wp\/v2\/product_brand?post=52405"},{"taxonomy":"product_cat","embeddable":true,"href":"https:\/\/worldofflowerpots.com\/de\/wp-json\/wp\/v2\/product_cat?post=52405"},{"taxonomy":"product_tag","embeddable":true,"href":"https:\/\/worldofflowerpots.com\/de\/wp-json\/wp\/v2\/product_tag?post=52405"}],"curies":[{"name":"wp","href":"https:\/\/api.w.org\/{rel}","templated":true}]}}