{"id":52446,"date":"2019-01-18T15:12:21","date_gmt":"2019-01-18T14:12:21","guid":{"rendered":"https:\/\/worldofflowerpots.com\/sklep\/unkategorisiert\/pflanzkubel-quadratisch-anthrazit-alessio-7\/"},"modified":"2019-04-12T10:14:16","modified_gmt":"2019-04-12T08:14:16","slug":"pflanzkubel-quadratisch-anthrazit-alessio-7","status":"publish","type":"product","link":"https:\/\/worldofflowerpots.com\/de\/sortiment\/pflanzkubel-quadratisch-anthrazit-alessio-7\/","title":{"rendered":"Pflanzk\u00fcbel quadratisch anthrazit Alessio 7"},"content":{"rendered":"<h2>Grosse Pflanzk\u00fcbel quadratisch anthrazit und Sichtschutz<\/h2>\n<p>Ihre Terrasse soll kein Park f\u00fcr Nachbarn und Jugend werden, sondern ein privater Platz f\u00fcr Sie und Ihre Familie. Ein Sichtschutz gibt spendet Privatsph\u00e4re und schafft eine angenehme Atmosph\u00e4re. Vergessen Sie nicht die Steckdosen und den Anschluss f\u00fcr den Gartenschlauch. Sonst m\u00fcssen Sie Ihre Pflanzen immer mit der m\u00fchsamen Spritzkanne giesen.<\/p>\n<h2>Der Pflanzk\u00fcbel XXL bietet den Pflanzen und Blumen nat\u00fcrlich auch den ben\u00f6tigten Platz zum Wachsen<\/h2>\n<p>Zuelzt m\u00f6chten wir noch mit auf den Weg geben, dass Sie zuerst auf die Baubeh\u00f6rde gehen und nachfragen, ob Sie eine Baugenehmigung brauchen. Falls dies der Fall sein sollte und Sie keine haben, k\u00f6nnte dies zu Problemen f\u00fchren. Wir w\u00fcnschen Ihenen viel Spass mit ihrer neuen Terrasse.Der Pflanzk\u00fcbel quadratisch anthrazit Alessio 7 ist ein sehr hochwertiger, schicker und eleganter Blumentopf. Er sieht jedoch nicht nur sehr ansprechend und modern aus, auch die Qualit\u00e4t und die Verarbeitung sind absolut top. Ein weiterer Vorteil ist, dass der Blumentopf Alessio 7 auch sehr gut als Sichtschutz genutzt werden kann.<\/p>\n<h2>Der Belag<\/h2>\n<p>Steinplatten oder Steinpflaster sind robust, dauerhaft und \u00fcber mehrere Stunden w\u00e4rmen sie sich auf. Holz ist angemehmer um Barfuss zu laufen und w\u00e4rmt sich schneller auf. Hier muss man jedoch aufpassen, dass nichts fault! Hier erhalten Sie einen Pflanzk\u00fcbel quadratisch anthrazit auch\u00a0 in\u00a0 unterschiedlichen Lackierungen. Die Standart Farben sind dabei wei\u00df, grau und Anthrazit. Ab einer Bestellmenge von f\u00fcnf Blumenk\u00fcbel Metal kann die Farbe frei gew\u00e4hlt werden. Somit erhalten Sie auch individuelle Pflanzgef\u00e4\u00dfe ganz nach Ihren W\u00fcnschen.<\/p>\n<h2>Alessio 7 ist ein Pflanzk\u00fcbel quadratisch anthrazit dass vor allem in \u00f6ffentlichen Bereichen aufgestellt werden kann<\/h2>\n<p>Die Abmessung ist dabei 1200\u00d71200 mm bei einem Volumen von 1152 Litern und einem Gewicht von 47 Kilogramm. Alleine aufgrund dieser Dimensionen hat dieses Pflanzgef\u00e4\u00df einen sicheren Stand und kann nur schwer weck getragen werden. Das erschwert Vandalismus und Sachbesch\u00e4digungen. So kann der K\u00fcbel auch an unbewachten stellen gut aufgebaut sein<\/p>\n<h2>Der Pflanzk\u00fcbel XXL erf\u00fcllt somit selbst die h\u00f6chsten Anforderungen und Bed\u00fcrfnisse an einen modernen und robusten Pflanzk\u00fcbel<\/h2>\n<p>Aufgrund der speziellen Lackierung, ist eine lange Haltbarkeit gew\u00e4hrleistet. Eine sonderlich aufwendige Pflege ben\u00f6tigt der Pflanzk\u00fcbel XXL Alessio 7 nicht. Wer einen hochwertigen und eleganten Pflanzenk\u00fcbel sucht, der hat mit dem Modell Alessio 7 auf alle F\u00e4lle genau die richtige Wahl und Entscheidung getroffen. Der Pflanzk\u00fcbel XXL ist in den Farben Anthrazit, Grau und Wei\u00df erh\u00e4ltlich. Ab einer Bestellmenge von 5 St\u00fcck, kann die Farbe der Lackierung frei gew\u00e4hlt werden. Somit ist sichergestellt, dass der Pflanzk\u00fcbel der Serie Alessio auch perfekt auf dem Balkon, die Terrasse oder in einem Eingangsbereich passt. Das Gewicht sorgt zudem daf\u00fcr, dass der Pflanzk\u00fcbel Alessio 7 auch immer fest und sicher steht.<\/p>\n","protected":false},"excerpt":{"rendered":"<p>Material: 2 mm Aluminiumblech<br \/>\nFarbe: Pulverbeschichtung<br \/>\nStandard: RAL9016,7012,7021<br \/>\nAb 5 St\u00fcck jede Ral Farbe m\u00f6glich<br \/>\nGewicht : 47kg<br \/>\nAbmessungen B1200mm\u00a0H800mm L1200mm<br \/>\nUV-resistent, Wetterfest<br \/>\n<strong>Frostbest\u00e4ndig bei gew\u00e4hrleistetem Wasserablauf<\/strong><\/p>\n","protected":false},"featured_media":58891,"template":"","meta":{"_acf_changed":false},"product_brand":[],"product_cat":[269],"product_tag":[],"class_list":{"0":"post-52446","1":"product","2":"type-product","3":"status-publish","4":"has-post-thumbnail","6":"product_cat-pflanzkuebel-aluminium","7":"description-off","8":"tm-has-options","10":"first","11":"instock","12":"shipping-taxable","13":"purchasable","14":"product-type-simple"},"acf":[],"yoast_head":"<!-- This site is optimized with the Yoast SEO plugin v27.5 - https:\/\/yoast.com\/product\/yoast-seo-wordpress\/ -->\n<title>Pflanzk\u00fcbel quadratisch anthrazit Alessio 7 | Blumenk\u00fcbel World of Flowerpots - Pflanzk\u00fcbel beton, blumentr\u00f6ge, blumenk\u00fcbel gro\u00df, cortenstahl, fiberglas<\/title>\n<meta name=\"robots\" content=\"index, follow, max-snippet:-1, max-image-preview:large, max-video-preview:-1\" \/>\n<link rel=\"canonical\" href=\"https:\/\/worldofflowerpots.com\/sklep\/pflanzkubel-quadratisch-anthrazit-alessio-7\/\" \/>\n<meta property=\"og:locale\" content=\"de_DE\" \/>\n<meta property=\"og:type\" content=\"article\" \/>\n<meta property=\"og:title\" content=\"Pflanzk\u00fcbel quadratisch anthrazit Alessio 7 | Blumenk\u00fcbel World of Flowerpots - Pflanzk\u00fcbel beton, blumentr\u00f6ge, blumenk\u00fcbel gro\u00df, cortenstahl, fiberglas\" \/>\n<meta property=\"og:description\" content=\"Material: 2 mm Aluminiumblech Farbe: Pulverbeschichtung Standard: RAL9016,7012,7021 Ab 5 St\u00fcck jede Ral Farbe m\u00f6glich Gewicht : 47kg Abmessungen B1200mm\u00a0H800mm L1200mm UV-resistent, Wetterfest Frostbest\u00e4ndig bei gew\u00e4hrleistetem Wasserablauf\" \/>\n<meta property=\"og:url\" content=\"https:\/\/worldofflowerpots.com\/sklep\/pflanzkubel-quadratisch-anthrazit-alessio-7\/\" \/>\n<meta property=\"og:site_name\" content=\"Blumenk\u00fcbel World of Flowerpots\" \/>\n<meta property=\"article:modified_time\" content=\"2019-04-12T08:14:16+00:00\" \/>\n<meta property=\"og:image\" content=\"https:\/\/worldofflowerpots.com\/wp-content\/uploads\/2019\/01\/Pflanzk\u00fcbel-quadratisch-anthrazit-Alessio-7.jpg\" \/>\n\t<meta property=\"og:image:width\" content=\"2280\" \/>\n\t<meta property=\"og:image:height\" content=\"1612\" \/>\n\t<meta property=\"og:image:type\" content=\"image\/jpeg\" \/>\n<meta name=\"twitter:card\" content=\"summary_large_image\" \/>\n<meta name=\"twitter:label1\" content=\"Gesch\u00e4tzte Lesezeit\" \/>\n\t<meta name=\"twitter:data1\" content=\"2\u00a0Minuten\" \/>\n<script type=\"application\/ld+json\" class=\"yoast-schema-graph\">{\"@context\":\"https:\\\/\\\/schema.org\",\"@graph\":[{\"@type\":\"WebPage\",\"@id\":\"https:\\\/\\\/worldofflowerpots.com\\\/sklep\\\/pflanzkubel-quadratisch-anthrazit-alessio-7\\\/\",\"url\":\"https:\\\/\\\/worldofflowerpots.com\\\/sklep\\\/pflanzkubel-quadratisch-anthrazit-alessio-7\\\/\",\"name\":\"Pflanzk\u00fcbel quadratisch anthrazit Alessio 7 | Blumenk\u00fcbel World of Flowerpots - Pflanzk\u00fcbel beton, blumentr\u00f6ge, blumenk\u00fcbel gro\u00df, cortenstahl, fiberglas\",\"isPartOf\":{\"@id\":\"https:\\\/\\\/worldofflowerpots.com\\\/#website\"},\"primaryImageOfPage\":{\"@id\":\"https:\\\/\\\/worldofflowerpots.com\\\/sklep\\\/pflanzkubel-quadratisch-anthrazit-alessio-7\\\/#primaryimage\"},\"image\":{\"@id\":\"https:\\\/\\\/worldofflowerpots.com\\\/sklep\\\/pflanzkubel-quadratisch-anthrazit-alessio-7\\\/#primaryimage\"},\"thumbnailUrl\":\"https:\\\/\\\/worldofflowerpots.com\\\/wp-content\\\/uploads\\\/2019\\\/01\\\/Pflanzk\u00fcbel-quadratisch-anthrazit-Alessio-7.jpg\",\"datePublished\":\"2019-01-18T14:12:21+00:00\",\"dateModified\":\"2019-04-12T08:14:16+00:00\",\"breadcrumb\":{\"@id\":\"https:\\\/\\\/worldofflowerpots.com\\\/sklep\\\/pflanzkubel-quadratisch-anthrazit-alessio-7\\\/#breadcrumb\"},\"inLanguage\":\"de\",\"potentialAction\":[{\"@type\":\"ReadAction\",\"target\":[\"https:\\\/\\\/worldofflowerpots.com\\\/sklep\\\/pflanzkubel-quadratisch-anthrazit-alessio-7\\\/\"]}]},{\"@type\":\"ImageObject\",\"inLanguage\":\"de\",\"@id\":\"https:\\\/\\\/worldofflowerpots.com\\\/sklep\\\/pflanzkubel-quadratisch-anthrazit-alessio-7\\\/#primaryimage\",\"url\":\"https:\\\/\\\/worldofflowerpots.com\\\/wp-content\\\/uploads\\\/2019\\\/01\\\/Pflanzk\u00fcbel-quadratisch-anthrazit-Alessio-7.jpg\",\"contentUrl\":\"https:\\\/\\\/worldofflowerpots.com\\\/wp-content\\\/uploads\\\/2019\\\/01\\\/Pflanzk\u00fcbel-quadratisch-anthrazit-Alessio-7.jpg\",\"width\":2280,\"height\":1612},{\"@type\":\"BreadcrumbList\",\"@id\":\"https:\\\/\\\/worldofflowerpots.com\\\/sklep\\\/pflanzkubel-quadratisch-anthrazit-alessio-7\\\/#breadcrumb\",\"itemListElement\":[{\"@type\":\"ListItem\",\"position\":1,\"name\":\"Strona g\u0142\u00f3wna\",\"item\":\"https:\\\/\\\/worldofflowerpots.com\\\/blumenkuebel-grosse-auswahl\\\/\"},{\"@type\":\"ListItem\",\"position\":2,\"name\":\"Shop\",\"item\":\"https:\\\/\\\/worldofflowerpots.com\\\/sortiment\\\/\"},{\"@type\":\"ListItem\",\"position\":3,\"name\":\"Pflanzk\u00fcbel quadratisch anthrazit Alessio 7\"}]},{\"@type\":\"WebSite\",\"@id\":\"https:\\\/\\\/worldofflowerpots.com\\\/#website\",\"url\":\"https:\\\/\\\/worldofflowerpots.com\\\/\",\"name\":\"Blumenk\u00fcbel World of Flowerpots\",\"description\":\"Pflanzk\u00fcbel beton, blumentr\u00f6ge, blumenk\u00fcbel gro\u00df, cortenstahl, fiberglas\",\"potentialAction\":[{\"@type\":\"SearchAction\",\"target\":{\"@type\":\"EntryPoint\",\"urlTemplate\":\"https:\\\/\\\/worldofflowerpots.com\\\/?s={search_term_string}\"},\"query-input\":{\"@type\":\"PropertyValueSpecification\",\"valueRequired\":true,\"valueName\":\"search_term_string\"}}],\"inLanguage\":\"de\"}]}<\/script>\n<!-- \/ Yoast SEO plugin. -->","yoast_head_json":{"title":"Pflanzk\u00fcbel quadratisch anthrazit Alessio 7 | Blumenk\u00fcbel World of Flowerpots - Pflanzk\u00fcbel beton, blumentr\u00f6ge, blumenk\u00fcbel gro\u00df, cortenstahl, fiberglas","robots":{"index":"index","follow":"follow","max-snippet":"max-snippet:-1","max-image-preview":"max-image-preview:large","max-video-preview":"max-video-preview:-1"},"canonical":"https:\/\/worldofflowerpots.com\/sklep\/pflanzkubel-quadratisch-anthrazit-alessio-7\/","og_locale":"de_DE","og_type":"article","og_title":"Pflanzk\u00fcbel quadratisch anthrazit Alessio 7 | Blumenk\u00fcbel World of Flowerpots - Pflanzk\u00fcbel beton, blumentr\u00f6ge, blumenk\u00fcbel gro\u00df, cortenstahl, fiberglas","og_description":"Material: 2 mm Aluminiumblech Farbe: Pulverbeschichtung Standard: RAL9016,7012,7021 Ab 5 St\u00fcck jede Ral Farbe m\u00f6glich Gewicht : 47kg Abmessungen B1200mm\u00a0H800mm L1200mm UV-resistent, Wetterfest Frostbest\u00e4ndig bei gew\u00e4hrleistetem Wasserablauf","og_url":"https:\/\/worldofflowerpots.com\/sklep\/pflanzkubel-quadratisch-anthrazit-alessio-7\/","og_site_name":"Blumenk\u00fcbel World of Flowerpots","article_modified_time":"2019-04-12T08:14:16+00:00","og_image":[{"width":2280,"height":1612,"url":"https:\/\/worldofflowerpots.com\/wp-content\/uploads\/2019\/01\/Pflanzk\u00fcbel-quadratisch-anthrazit-Alessio-7.jpg","type":"image\/jpeg"}],"twitter_card":"summary_large_image","twitter_misc":{"Gesch\u00e4tzte Lesezeit":"2\u00a0Minuten"},"schema":{"@context":"https:\/\/schema.org","@graph":[{"@type":"WebPage","@id":"https:\/\/worldofflowerpots.com\/sklep\/pflanzkubel-quadratisch-anthrazit-alessio-7\/","url":"https:\/\/worldofflowerpots.com\/sklep\/pflanzkubel-quadratisch-anthrazit-alessio-7\/","name":"Pflanzk\u00fcbel quadratisch anthrazit Alessio 7 | Blumenk\u00fcbel World of Flowerpots - Pflanzk\u00fcbel beton, blumentr\u00f6ge, blumenk\u00fcbel gro\u00df, cortenstahl, fiberglas","isPartOf":{"@id":"https:\/\/worldofflowerpots.com\/#website"},"primaryImageOfPage":{"@id":"https:\/\/worldofflowerpots.com\/sklep\/pflanzkubel-quadratisch-anthrazit-alessio-7\/#primaryimage"},"image":{"@id":"https:\/\/worldofflowerpots.com\/sklep\/pflanzkubel-quadratisch-anthrazit-alessio-7\/#primaryimage"},"thumbnailUrl":"https:\/\/worldofflowerpots.com\/wp-content\/uploads\/2019\/01\/Pflanzk\u00fcbel-quadratisch-anthrazit-Alessio-7.jpg","datePublished":"2019-01-18T14:12:21+00:00","dateModified":"2019-04-12T08:14:16+00:00","breadcrumb":{"@id":"https:\/\/worldofflowerpots.com\/sklep\/pflanzkubel-quadratisch-anthrazit-alessio-7\/#breadcrumb"},"inLanguage":"de","potentialAction":[{"@type":"ReadAction","target":["https:\/\/worldofflowerpots.com\/sklep\/pflanzkubel-quadratisch-anthrazit-alessio-7\/"]}]},{"@type":"ImageObject","inLanguage":"de","@id":"https:\/\/worldofflowerpots.com\/sklep\/pflanzkubel-quadratisch-anthrazit-alessio-7\/#primaryimage","url":"https:\/\/worldofflowerpots.com\/wp-content\/uploads\/2019\/01\/Pflanzk\u00fcbel-quadratisch-anthrazit-Alessio-7.jpg","contentUrl":"https:\/\/worldofflowerpots.com\/wp-content\/uploads\/2019\/01\/Pflanzk\u00fcbel-quadratisch-anthrazit-Alessio-7.jpg","width":2280,"height":1612},{"@type":"BreadcrumbList","@id":"https:\/\/worldofflowerpots.com\/sklep\/pflanzkubel-quadratisch-anthrazit-alessio-7\/#breadcrumb","itemListElement":[{"@type":"ListItem","position":1,"name":"Strona g\u0142\u00f3wna","item":"https:\/\/worldofflowerpots.com\/blumenkuebel-grosse-auswahl\/"},{"@type":"ListItem","position":2,"name":"Shop","item":"https:\/\/worldofflowerpots.com\/sortiment\/"},{"@type":"ListItem","position":3,"name":"Pflanzk\u00fcbel quadratisch anthrazit Alessio 7"}]},{"@type":"WebSite","@id":"https:\/\/worldofflowerpots.com\/#website","url":"https:\/\/worldofflowerpots.com\/","name":"Blumenk\u00fcbel World of Flowerpots","description":"Pflanzk\u00fcbel beton, blumentr\u00f6ge, blumenk\u00fcbel gro\u00df, cortenstahl, fiberglas","potentialAction":[{"@type":"SearchAction","target":{"@type":"EntryPoint","urlTemplate":"https:\/\/worldofflowerpots.com\/?s={search_term_string}"},"query-input":{"@type":"PropertyValueSpecification","valueRequired":true,"valueName":"search_term_string"}}],"inLanguage":"de"}]}},"_links":{"self":[{"href":"https:\/\/worldofflowerpots.com\/de\/wp-json\/wp\/v2\/product\/52446","targetHints":{"allow":["GET"]}}],"collection":[{"href":"https:\/\/worldofflowerpots.com\/de\/wp-json\/wp\/v2\/product"}],"about":[{"href":"https:\/\/worldofflowerpots.com\/de\/wp-json\/wp\/v2\/types\/product"}],"wp:featuredmedia":[{"embeddable":true,"href":"https:\/\/worldofflowerpots.com\/de\/wp-json\/wp\/v2\/media\/58891"}],"wp:attachment":[{"href":"https:\/\/worldofflowerpots.com\/de\/wp-json\/wp\/v2\/media?parent=52446"}],"wp:term":[{"taxonomy":"product_brand","embeddable":true,"href":"https:\/\/worldofflowerpots.com\/de\/wp-json\/wp\/v2\/product_brand?post=52446"},{"taxonomy":"product_cat","embeddable":true,"href":"https:\/\/worldofflowerpots.com\/de\/wp-json\/wp\/v2\/product_cat?post=52446"},{"taxonomy":"product_tag","embeddable":true,"href":"https:\/\/worldofflowerpots.com\/de\/wp-json\/wp\/v2\/product_tag?post=52446"}],"curies":[{"name":"wp","href":"https:\/\/api.w.org\/{rel}","templated":true}]}}