{"id":52449,"date":"2019-01-18T15:12:21","date_gmt":"2019-01-18T14:12:21","guid":{"rendered":"https:\/\/worldofflowerpots.com\/sklep\/unkategorisiert\/wetterfeste-pflanzkubel-alessio-6\/"},"modified":"2019-04-12T10:20:47","modified_gmt":"2019-04-12T08:20:47","slug":"wetterfeste-pflanzkubel-alessio-6","status":"publish","type":"product","link":"https:\/\/worldofflowerpots.com\/de\/sortiment\/wetterfeste-pflanzkubel-alessio-6\/","title":{"rendered":"Wetterfeste pflanzk\u00fcbel Alessio 6"},"content":{"rendered":"<h2>Mit wetterfeste Pflanzk\u00fcbel den Garten sch\u00f6n gestalten<\/h2>\n<p>Vielleicht haben Sie sich schon einmal dar\u00fcber Gedanken gemacht, wie Sie den Garten in der besten Weise ausschm\u00fccken k\u00f6nnen. Das gilt nat\u00fcrlich auch f\u00fcr eine Terrasse oder den Balkon. Es ist immer wichtig, dass Sie zur Gestaltung eines Freisitzes die richtigen Pflanzen verwenden. Gute Blumen wirken nur dann richtig sch\u00f6n, wenn sie in dem passenden Blumenk\u00fcbel gezogen werden. Jetzt kann man sich vielleicht fragen, welche Anforderungen an einen K\u00fcbel f\u00fcr Blumen gestellt werden sollten., Sicher kann man sagen, dass die Blumen in einem sch\u00f6nen Topf oder \u00dcbertopf noch besser zur Geltung kommen. Hier k\u00f6nnen Sie sich die Auswahl bei Alessio einmal n\u00e4her ansehen.<\/p>\n<h2>Was macht die \u00dcbert\u00f6pfe von Alessio so besonders?<\/h2>\n<p>Sie k\u00f6nnen davon ausgehen, dass Sie eine besonders gute Qualit\u00e4t haben. Das hei\u00dft auch, dass Sie an einem wetterfeste Pflanzk\u00fcbel in der Regel viele Jahre Ihre Freude haben werden, Daneben ist es so, dass ein sch\u00f6ner \u00dcbertopf eine echte Bereicherung f\u00fcr Garten oder Terrasse darstellen kann. In dem Fall f\u00fchlen Sie sich innerhalb der eigenen vier W\u00e4nde wesentlich wohler. Sie k\u00f6nnen sich online sehr gut ansehen., was in dem Bereich alles m\u00f6glich ist. Es ist immer von Vorteil, wenn die Ware dabei ist, die Sie sich vorgestellt haben. Wenn Sie diese noch zu einem guten Preis erhalten, k\u00f6nnen Sie sehr zufrieden sein. Erkundigen Sie sich daher nach den M\u00f6glichkeiten in der Sparte. Es lohnt sich.<\/p>\n<h2>Der\u00a0Pflanzk\u00fcbel Anthrazit\u00a0wird mit seiner besonderen Optik zum attraktiven Designobjekt f\u00fcr den Au\u00dfenbereich<\/h2>\n<p>Dieses exklusive Modell von World of Flowerpots in quadratischer Form verspricht ausreichend Platz f\u00fcr die Bepflanzung und ist solide verarbeitet. Mit dem wetterfeste Pflanzk\u00fcbel l\u00e4sst sich der Au\u00dfenbereich stilvoll gestalten. Es bietet sich f\u00fcr Terrassen, Parkanlagen, den Eingangsbereich von Geb\u00e4uden und viele weitere Bereiche drinnen und drau\u00dfen an. Aluminium gilt als \u00e4u\u00dferst robust und verspricht eine lange Lebensdauer. Das rostfreie und wetterbest\u00e4ndige Material l\u00e4sst sich leicht reinigen und bewahrt seine Form. Der Pflanzk\u00fcbel Alessio 6 wird in mehreren sch\u00f6nen Standardfarben angeboten und ist auch in Wunschfarbe erh\u00e4ltlich. Damit erm\u00f6glicht dieser hochwertige Pflanzk\u00fcbel eine Vielzahl an individuellen Gestaltungsm\u00f6glichkeiten und f\u00fcgt sich harmonisch in seine Umgebung ein.<\/p>\n","protected":false},"excerpt":{"rendered":"<p>Material: 2 mm Aluminiumblech<br \/>\nFarbe: Pulverbeschichtung<br \/>\nStandard: RAL9016,7012,7021<br \/>\nAb 5 St\u00fcck jede Ral Farbe m\u00f6glich<br \/>\nGewicht : 45kg<br \/>\nAbmessungen B1000mm H1000mm L1000mm<br \/>\nUV-resistent, Wetterfest<br \/>\nFrostbest\u00e4ndig bei gew\u00e4hrleistetem Wasserablauf<\/p>\n","protected":false},"featured_media":58901,"template":"","meta":{"_acf_changed":false},"product_brand":[],"product_cat":[269],"product_tag":[],"class_list":{"0":"post-52449","1":"product","2":"type-product","3":"status-publish","4":"has-post-thumbnail","6":"product_cat-pflanzkuebel-aluminium","7":"description-off","8":"tm-has-options","10":"first","11":"instock","12":"shipping-taxable","13":"purchasable","14":"product-type-simple"},"acf":[],"yoast_head":"<!-- This site is optimized with the Yoast SEO plugin v27.5 - https:\/\/yoast.com\/product\/yoast-seo-wordpress\/ -->\n<title>Wetterfeste pflanzk\u00fcbel Alessio 6 - World of Flowerpots<\/title>\n<meta name=\"robots\" content=\"index, follow, max-snippet:-1, max-image-preview:large, max-video-preview:-1\" \/>\n<link rel=\"canonical\" href=\"https:\/\/worldofflowerpots.com\/sklep\/wetterfeste-pflanzkubel-alessio-6\/\" \/>\n<meta property=\"og:locale\" content=\"de_DE\" \/>\n<meta property=\"og:type\" content=\"article\" \/>\n<meta property=\"og:title\" content=\"Wetterfeste pflanzk\u00fcbel Alessio 6 - World of Flowerpots\" \/>\n<meta property=\"og:description\" content=\"Material: 2 mm Aluminiumblech Farbe: Pulverbeschichtung Standard: RAL9016,7012,7021 Ab 5 St\u00fcck jede Ral Farbe m\u00f6glich Gewicht : 45kg Abmessungen B1000mm H1000mm L1000mm UV-resistent, Wetterfest Frostbest\u00e4ndig bei gew\u00e4hrleistetem Wasserablauf\" \/>\n<meta property=\"og:url\" content=\"https:\/\/worldofflowerpots.com\/sklep\/wetterfeste-pflanzkubel-alessio-6\/\" \/>\n<meta property=\"og:site_name\" content=\"Blumenk\u00fcbel World of Flowerpots\" \/>\n<meta property=\"article:modified_time\" content=\"2019-04-12T08:20:47+00:00\" \/>\n<meta property=\"og:image\" content=\"https:\/\/worldofflowerpots.com\/wp-content\/uploads\/2019\/01\/wetterfeste-pflanzk\u00fcbel-Alessio-6.jpg\" \/>\n\t<meta property=\"og:image:width\" content=\"2280\" \/>\n\t<meta property=\"og:image:height\" content=\"1612\" \/>\n\t<meta property=\"og:image:type\" content=\"image\/jpeg\" \/>\n<meta name=\"twitter:card\" content=\"summary_large_image\" \/>\n<meta name=\"twitter:label1\" content=\"Gesch\u00e4tzte Lesezeit\" \/>\n\t<meta name=\"twitter:data1\" content=\"2\u00a0Minuten\" \/>\n<script type=\"application\/ld+json\" class=\"yoast-schema-graph\">{\"@context\":\"https:\\\/\\\/schema.org\",\"@graph\":[{\"@type\":\"WebPage\",\"@id\":\"https:\\\/\\\/worldofflowerpots.com\\\/sklep\\\/wetterfeste-pflanzkubel-alessio-6\\\/\",\"url\":\"https:\\\/\\\/worldofflowerpots.com\\\/sklep\\\/wetterfeste-pflanzkubel-alessio-6\\\/\",\"name\":\"Wetterfeste pflanzk\u00fcbel Alessio 6 - World of Flowerpots\",\"isPartOf\":{\"@id\":\"https:\\\/\\\/worldofflowerpots.com\\\/#website\"},\"primaryImageOfPage\":{\"@id\":\"https:\\\/\\\/worldofflowerpots.com\\\/sklep\\\/wetterfeste-pflanzkubel-alessio-6\\\/#primaryimage\"},\"image\":{\"@id\":\"https:\\\/\\\/worldofflowerpots.com\\\/sklep\\\/wetterfeste-pflanzkubel-alessio-6\\\/#primaryimage\"},\"thumbnailUrl\":\"https:\\\/\\\/worldofflowerpots.com\\\/wp-content\\\/uploads\\\/2019\\\/01\\\/wetterfeste-pflanzk\u00fcbel-Alessio-6.jpg\",\"datePublished\":\"2019-01-18T14:12:21+00:00\",\"dateModified\":\"2019-04-12T08:20:47+00:00\",\"breadcrumb\":{\"@id\":\"https:\\\/\\\/worldofflowerpots.com\\\/sklep\\\/wetterfeste-pflanzkubel-alessio-6\\\/#breadcrumb\"},\"inLanguage\":\"de\",\"potentialAction\":[{\"@type\":\"ReadAction\",\"target\":[\"https:\\\/\\\/worldofflowerpots.com\\\/sklep\\\/wetterfeste-pflanzkubel-alessio-6\\\/\"]}]},{\"@type\":\"ImageObject\",\"inLanguage\":\"de\",\"@id\":\"https:\\\/\\\/worldofflowerpots.com\\\/sklep\\\/wetterfeste-pflanzkubel-alessio-6\\\/#primaryimage\",\"url\":\"https:\\\/\\\/worldofflowerpots.com\\\/wp-content\\\/uploads\\\/2019\\\/01\\\/wetterfeste-pflanzk\u00fcbel-Alessio-6.jpg\",\"contentUrl\":\"https:\\\/\\\/worldofflowerpots.com\\\/wp-content\\\/uploads\\\/2019\\\/01\\\/wetterfeste-pflanzk\u00fcbel-Alessio-6.jpg\",\"width\":2280,\"height\":1612},{\"@type\":\"BreadcrumbList\",\"@id\":\"https:\\\/\\\/worldofflowerpots.com\\\/sklep\\\/wetterfeste-pflanzkubel-alessio-6\\\/#breadcrumb\",\"itemListElement\":[{\"@type\":\"ListItem\",\"position\":1,\"name\":\"Strona g\u0142\u00f3wna\",\"item\":\"https:\\\/\\\/worldofflowerpots.com\\\/blumenkuebel-grosse-auswahl\\\/\"},{\"@type\":\"ListItem\",\"position\":2,\"name\":\"Shop\",\"item\":\"https:\\\/\\\/worldofflowerpots.com\\\/sortiment\\\/\"},{\"@type\":\"ListItem\",\"position\":3,\"name\":\"Wetterfeste pflanzk\u00fcbel Alessio 6\"}]},{\"@type\":\"WebSite\",\"@id\":\"https:\\\/\\\/worldofflowerpots.com\\\/#website\",\"url\":\"https:\\\/\\\/worldofflowerpots.com\\\/\",\"name\":\"Blumenk\u00fcbel World of Flowerpots\",\"description\":\"Pflanzk\u00fcbel beton, blumentr\u00f6ge, blumenk\u00fcbel gro\u00df, cortenstahl, fiberglas\",\"potentialAction\":[{\"@type\":\"SearchAction\",\"target\":{\"@type\":\"EntryPoint\",\"urlTemplate\":\"https:\\\/\\\/worldofflowerpots.com\\\/?s={search_term_string}\"},\"query-input\":{\"@type\":\"PropertyValueSpecification\",\"valueRequired\":true,\"valueName\":\"search_term_string\"}}],\"inLanguage\":\"de\"}]}<\/script>\n<!-- \/ Yoast SEO plugin. -->","yoast_head_json":{"title":"Wetterfeste pflanzk\u00fcbel Alessio 6 - World of Flowerpots","robots":{"index":"index","follow":"follow","max-snippet":"max-snippet:-1","max-image-preview":"max-image-preview:large","max-video-preview":"max-video-preview:-1"},"canonical":"https:\/\/worldofflowerpots.com\/sklep\/wetterfeste-pflanzkubel-alessio-6\/","og_locale":"de_DE","og_type":"article","og_title":"Wetterfeste pflanzk\u00fcbel Alessio 6 - World of Flowerpots","og_description":"Material: 2 mm Aluminiumblech Farbe: Pulverbeschichtung Standard: RAL9016,7012,7021 Ab 5 St\u00fcck jede Ral Farbe m\u00f6glich Gewicht : 45kg Abmessungen B1000mm H1000mm L1000mm UV-resistent, Wetterfest Frostbest\u00e4ndig bei gew\u00e4hrleistetem Wasserablauf","og_url":"https:\/\/worldofflowerpots.com\/sklep\/wetterfeste-pflanzkubel-alessio-6\/","og_site_name":"Blumenk\u00fcbel World of Flowerpots","article_modified_time":"2019-04-12T08:20:47+00:00","og_image":[{"width":2280,"height":1612,"url":"https:\/\/worldofflowerpots.com\/wp-content\/uploads\/2019\/01\/wetterfeste-pflanzk\u00fcbel-Alessio-6.jpg","type":"image\/jpeg"}],"twitter_card":"summary_large_image","twitter_misc":{"Gesch\u00e4tzte Lesezeit":"2\u00a0Minuten"},"schema":{"@context":"https:\/\/schema.org","@graph":[{"@type":"WebPage","@id":"https:\/\/worldofflowerpots.com\/sklep\/wetterfeste-pflanzkubel-alessio-6\/","url":"https:\/\/worldofflowerpots.com\/sklep\/wetterfeste-pflanzkubel-alessio-6\/","name":"Wetterfeste pflanzk\u00fcbel Alessio 6 - World of Flowerpots","isPartOf":{"@id":"https:\/\/worldofflowerpots.com\/#website"},"primaryImageOfPage":{"@id":"https:\/\/worldofflowerpots.com\/sklep\/wetterfeste-pflanzkubel-alessio-6\/#primaryimage"},"image":{"@id":"https:\/\/worldofflowerpots.com\/sklep\/wetterfeste-pflanzkubel-alessio-6\/#primaryimage"},"thumbnailUrl":"https:\/\/worldofflowerpots.com\/wp-content\/uploads\/2019\/01\/wetterfeste-pflanzk\u00fcbel-Alessio-6.jpg","datePublished":"2019-01-18T14:12:21+00:00","dateModified":"2019-04-12T08:20:47+00:00","breadcrumb":{"@id":"https:\/\/worldofflowerpots.com\/sklep\/wetterfeste-pflanzkubel-alessio-6\/#breadcrumb"},"inLanguage":"de","potentialAction":[{"@type":"ReadAction","target":["https:\/\/worldofflowerpots.com\/sklep\/wetterfeste-pflanzkubel-alessio-6\/"]}]},{"@type":"ImageObject","inLanguage":"de","@id":"https:\/\/worldofflowerpots.com\/sklep\/wetterfeste-pflanzkubel-alessio-6\/#primaryimage","url":"https:\/\/worldofflowerpots.com\/wp-content\/uploads\/2019\/01\/wetterfeste-pflanzk\u00fcbel-Alessio-6.jpg","contentUrl":"https:\/\/worldofflowerpots.com\/wp-content\/uploads\/2019\/01\/wetterfeste-pflanzk\u00fcbel-Alessio-6.jpg","width":2280,"height":1612},{"@type":"BreadcrumbList","@id":"https:\/\/worldofflowerpots.com\/sklep\/wetterfeste-pflanzkubel-alessio-6\/#breadcrumb","itemListElement":[{"@type":"ListItem","position":1,"name":"Strona g\u0142\u00f3wna","item":"https:\/\/worldofflowerpots.com\/blumenkuebel-grosse-auswahl\/"},{"@type":"ListItem","position":2,"name":"Shop","item":"https:\/\/worldofflowerpots.com\/sortiment\/"},{"@type":"ListItem","position":3,"name":"Wetterfeste pflanzk\u00fcbel Alessio 6"}]},{"@type":"WebSite","@id":"https:\/\/worldofflowerpots.com\/#website","url":"https:\/\/worldofflowerpots.com\/","name":"Blumenk\u00fcbel World of Flowerpots","description":"Pflanzk\u00fcbel beton, blumentr\u00f6ge, blumenk\u00fcbel gro\u00df, cortenstahl, fiberglas","potentialAction":[{"@type":"SearchAction","target":{"@type":"EntryPoint","urlTemplate":"https:\/\/worldofflowerpots.com\/?s={search_term_string}"},"query-input":{"@type":"PropertyValueSpecification","valueRequired":true,"valueName":"search_term_string"}}],"inLanguage":"de"}]}},"_links":{"self":[{"href":"https:\/\/worldofflowerpots.com\/de\/wp-json\/wp\/v2\/product\/52449","targetHints":{"allow":["GET"]}}],"collection":[{"href":"https:\/\/worldofflowerpots.com\/de\/wp-json\/wp\/v2\/product"}],"about":[{"href":"https:\/\/worldofflowerpots.com\/de\/wp-json\/wp\/v2\/types\/product"}],"wp:featuredmedia":[{"embeddable":true,"href":"https:\/\/worldofflowerpots.com\/de\/wp-json\/wp\/v2\/media\/58901"}],"wp:attachment":[{"href":"https:\/\/worldofflowerpots.com\/de\/wp-json\/wp\/v2\/media?parent=52449"}],"wp:term":[{"taxonomy":"product_brand","embeddable":true,"href":"https:\/\/worldofflowerpots.com\/de\/wp-json\/wp\/v2\/product_brand?post=52449"},{"taxonomy":"product_cat","embeddable":true,"href":"https:\/\/worldofflowerpots.com\/de\/wp-json\/wp\/v2\/product_cat?post=52449"},{"taxonomy":"product_tag","embeddable":true,"href":"https:\/\/worldofflowerpots.com\/de\/wp-json\/wp\/v2\/product_tag?post=52449"}],"curies":[{"name":"wp","href":"https:\/\/api.w.org\/{rel}","templated":true}]}}