{"id":52466,"date":"2019-01-18T15:11:58","date_gmt":"2019-01-18T14:11:58","guid":{"rendered":"https:\/\/worldofflowerpots.com\/sklep\/unkategorisiert\/pflanzkubel-quadratisch-50x50-alessio-1\/"},"modified":"2019-04-12T12:33:22","modified_gmt":"2019-04-12T10:33:22","slug":"pflanzkubel-quadratisch-50x50-alessio-1","status":"publish","type":"product","link":"https:\/\/worldofflowerpots.com\/de\/sortiment\/pflanzkubel-quadratisch-50x50-alessio-1\/","title":{"rendered":"Pflanzk\u00fcbel quadratisch 50\u00d750 Alessio 1"},"content":{"rendered":"<h2>Pflanzk\u00fcbel quadratisch 50\u00d750\u00a0 Alessio 1 \u2013 ein tolles Dekoelement im Innen- und Au\u00dfenbereich<\/h2>\n<p>Damit Ihre Pflanzen, mit denen Sie Ihre Wohnung, Ihren Wintergarten, Ihren Balkon, Ihre Terrasse, Ihr B\u00fcro, Ihren Garten oder Ihren Eingangsbereich versch\u00f6nern, tats\u00e4chlich dekorativ aussehen, brauchen Sie geeignete Pflanztr\u00f6ge und \u00dcbert\u00f6pfe.<\/p>\n<h2>Alessio 1 \u2013 perfekt f\u00fcr Innen- und Au\u00dfenbereiche<\/h2>\n<p>Der eckige Pflanztrog Alessio 1 ist 50 cm hoch, 50 cm breit und besitzt einen Durchmesser von 50 cm. Eckige Pflanztr\u00f6ge ben\u00f6tigen nur eine geringe Fl\u00e4che zum Aufstellen, sodass mehrere Pflanztr\u00f6ge Alessio 1 platzsparend nebeneinander aufgestellt werden k\u00f6nnen. Da der Pflanztrog aus Aluminium gefertigt wurde, betr\u00e4gt sein Eigengewicht nur 12 Kilogramm. Mit einem Gesamtvolumen von 110 Litern bietet der eckige Pflanztrog jeder Pflanze ausreichend Platz zum Gedeihen. Aluminium ist best\u00e4ndig gegen Hitze, UV-Strahlung, Frost und Regen. Sie k\u00f6nnen deshalb Ihren Blumenk\u00fcbel ungesch\u00fctzt ganzj\u00e4hrig im Freien stehen lassen. Der Pflanzk\u00fcbel quadratisch 50\u00d750\u00a0 ist dar\u00fcber hinaus gro\u00df genug, um einen Mini-Kr\u00e4utergarten oder eine Blumeninsel anzulegen. Werden mehrere Alessio 1 mit hoch wachsenden Pflanzen nebeneinander aufgestellt, l\u00e4sst sich ein repr\u00e4sentativer Sichtschutz gestalten. Sie k\u00f6nnen wahlweise mehrere Pflanzk\u00fcbel Alessio miteinander oder mit anderen Blumenk\u00fcbeln zu einem dekorativen Pflanzenensemble dekorieren.<\/p>\n<h2>Alessio 1 gestaltet Pflanzen zum Blickfang<\/h2>\n<p>Wie s\u00e4mtliche Pflanztr\u00f6ge des Herstellers WORLD OF FLOWERPOTS bestechen auch die Modelle aus der exklusiven Serie Alessio 1 durch eine attraktive Optik und setzt jede Pflanze auf eine besondere Art in Szene. Die schwarze RAL-Lackierung f\u00fcgt sich harmonisch in jede Raumgestaltung ein und bereichert diese. Damit Ihr Pflanztrog viele Jahre lang an seinem Standort stehen bleiben kann, sollten Sie diesen vorher sorgf\u00e4ltig ausw\u00e4hlen.Damit man seine Wohnung und die Terrasse mit sch\u00f6nen Pflanzen dekorieren kann, sind auch die passenden \u00dcbert\u00f6pfe und Blumenk\u00fcbel sehr wichtig, um die Pflanzen auch richtig zur Geltung bringen zu k\u00f6nnen. Alessio 1 ist ein Pflanzenk\u00fcbel, der mit seinem faszinierenden Design jeden begeistert und durch seine Imposanz in jedem Raum zum Highlight wird. Der Blumenk\u00fcbel Alessio 1 besticht durch ein faszinierendes Design und eine hervorragende Verarbeitung.Der Alessio 1 ist ein Blumenk\u00fcbel und sorgt mit seinem attraktiven Design in jedem Raum f\u00fcr eine besondere Ausstrahlung. Durch seine Gr\u00f6\u00dfe wird er zu einem Blickfang in jedem Raum und bringt jede Pflanze auf besondere Weise zur Geltung. In der Farbe Schwarz passt er sich dem Raum sehr gut an und versch\u00f6nert jedes Wohndesign.<\/p>\n","protected":false},"excerpt":{"rendered":"<p>Material: 2 mm Aluminiumblech<br \/>\nFarbe: Pulverbeschichtung<br \/>\nStandard: RAL9016,7012,7021<br \/>\nAb 5 St\u00fcck jede Ral Farbe m\u00f6glich<br \/>\nGewicht : 12kg<br \/>\nAbmessungen B500mm H500mm L500mm<br \/>\nUV-resistent, Wetterfest<br \/>\nFrostbest\u00e4ndig bei gew\u00e4hrleistetem Wasserablauf<\/p>\n","protected":false},"featured_media":58981,"template":"","meta":{"_acf_changed":false},"product_brand":[],"product_cat":[269],"product_tag":[],"class_list":{"0":"post-52466","1":"product","2":"type-product","3":"status-publish","4":"has-post-thumbnail","6":"product_cat-pflanzkuebel-aluminium","7":"description-off","8":"tm-has-options","10":"first","11":"instock","12":"shipping-taxable","13":"purchasable","14":"product-type-simple"},"acf":[],"yoast_head":"<!-- This site is optimized with the Yoast SEO plugin v27.5 - https:\/\/yoast.com\/product\/yoast-seo-wordpress\/ -->\n<title>Pflanzk\u00fcbel quadratisch 50\u00d750 Alessio 1 | Blumenk\u00fcbel World of Flowerpots - Pflanzk\u00fcbel beton, blumentr\u00f6ge, blumenk\u00fcbel gro\u00df, cortenstahl, fiberglas<\/title>\n<meta name=\"robots\" content=\"index, follow, max-snippet:-1, max-image-preview:large, max-video-preview:-1\" \/>\n<link rel=\"canonical\" href=\"https:\/\/worldofflowerpots.com\/sklep\/pflanzkubel-quadratisch-50x50-alessio-1\/\" \/>\n<meta property=\"og:locale\" content=\"de_DE\" \/>\n<meta property=\"og:type\" content=\"article\" \/>\n<meta property=\"og:title\" content=\"Pflanzk\u00fcbel quadratisch 50\u00d750 Alessio 1 | Blumenk\u00fcbel World of Flowerpots - Pflanzk\u00fcbel beton, blumentr\u00f6ge, blumenk\u00fcbel gro\u00df, cortenstahl, fiberglas\" \/>\n<meta property=\"og:description\" content=\"Material: 2 mm Aluminiumblech Farbe: Pulverbeschichtung Standard: RAL9016,7012,7021 Ab 5 St\u00fcck jede Ral Farbe m\u00f6glich Gewicht : 12kg Abmessungen B500mm H500mm L500mm UV-resistent, Wetterfest Frostbest\u00e4ndig bei gew\u00e4hrleistetem Wasserablauf\" \/>\n<meta property=\"og:url\" content=\"https:\/\/worldofflowerpots.com\/sklep\/pflanzkubel-quadratisch-50x50-alessio-1\/\" \/>\n<meta property=\"og:site_name\" content=\"Blumenk\u00fcbel World of Flowerpots\" \/>\n<meta property=\"article:modified_time\" content=\"2019-04-12T10:33:22+00:00\" \/>\n<meta property=\"og:image\" content=\"https:\/\/worldofflowerpots.com\/wp-content\/uploads\/2019\/01\/Pflanzk\u00fcbel-quadratisch-50x50-Alessio-1.jpg\" \/>\n\t<meta property=\"og:image:width\" content=\"2280\" \/>\n\t<meta property=\"og:image:height\" content=\"1612\" \/>\n\t<meta property=\"og:image:type\" content=\"image\/jpeg\" \/>\n<meta name=\"twitter:card\" content=\"summary_large_image\" \/>\n<meta name=\"twitter:label1\" content=\"Gesch\u00e4tzte Lesezeit\" \/>\n\t<meta name=\"twitter:data1\" content=\"2\u00a0Minuten\" \/>\n<script type=\"application\/ld+json\" class=\"yoast-schema-graph\">{\"@context\":\"https:\\\/\\\/schema.org\",\"@graph\":[{\"@type\":\"WebPage\",\"@id\":\"https:\\\/\\\/worldofflowerpots.com\\\/sklep\\\/pflanzkubel-quadratisch-50x50-alessio-1\\\/\",\"url\":\"https:\\\/\\\/worldofflowerpots.com\\\/sklep\\\/pflanzkubel-quadratisch-50x50-alessio-1\\\/\",\"name\":\"Pflanzk\u00fcbel quadratisch 50\u00d750 Alessio 1 | Blumenk\u00fcbel World of Flowerpots - Pflanzk\u00fcbel beton, blumentr\u00f6ge, blumenk\u00fcbel gro\u00df, cortenstahl, fiberglas\",\"isPartOf\":{\"@id\":\"https:\\\/\\\/worldofflowerpots.com\\\/#website\"},\"primaryImageOfPage\":{\"@id\":\"https:\\\/\\\/worldofflowerpots.com\\\/sklep\\\/pflanzkubel-quadratisch-50x50-alessio-1\\\/#primaryimage\"},\"image\":{\"@id\":\"https:\\\/\\\/worldofflowerpots.com\\\/sklep\\\/pflanzkubel-quadratisch-50x50-alessio-1\\\/#primaryimage\"},\"thumbnailUrl\":\"https:\\\/\\\/worldofflowerpots.com\\\/wp-content\\\/uploads\\\/2019\\\/01\\\/Pflanzk\u00fcbel-quadratisch-50x50-Alessio-1.jpg\",\"datePublished\":\"2019-01-18T14:11:58+00:00\",\"dateModified\":\"2019-04-12T10:33:22+00:00\",\"breadcrumb\":{\"@id\":\"https:\\\/\\\/worldofflowerpots.com\\\/sklep\\\/pflanzkubel-quadratisch-50x50-alessio-1\\\/#breadcrumb\"},\"inLanguage\":\"de\",\"potentialAction\":[{\"@type\":\"ReadAction\",\"target\":[\"https:\\\/\\\/worldofflowerpots.com\\\/sklep\\\/pflanzkubel-quadratisch-50x50-alessio-1\\\/\"]}]},{\"@type\":\"ImageObject\",\"inLanguage\":\"de\",\"@id\":\"https:\\\/\\\/worldofflowerpots.com\\\/sklep\\\/pflanzkubel-quadratisch-50x50-alessio-1\\\/#primaryimage\",\"url\":\"https:\\\/\\\/worldofflowerpots.com\\\/wp-content\\\/uploads\\\/2019\\\/01\\\/Pflanzk\u00fcbel-quadratisch-50x50-Alessio-1.jpg\",\"contentUrl\":\"https:\\\/\\\/worldofflowerpots.com\\\/wp-content\\\/uploads\\\/2019\\\/01\\\/Pflanzk\u00fcbel-quadratisch-50x50-Alessio-1.jpg\",\"width\":2280,\"height\":1612},{\"@type\":\"BreadcrumbList\",\"@id\":\"https:\\\/\\\/worldofflowerpots.com\\\/sklep\\\/pflanzkubel-quadratisch-50x50-alessio-1\\\/#breadcrumb\",\"itemListElement\":[{\"@type\":\"ListItem\",\"position\":1,\"name\":\"Strona g\u0142\u00f3wna\",\"item\":\"https:\\\/\\\/worldofflowerpots.com\\\/blumenkuebel-grosse-auswahl\\\/\"},{\"@type\":\"ListItem\",\"position\":2,\"name\":\"Shop\",\"item\":\"https:\\\/\\\/worldofflowerpots.com\\\/sortiment\\\/\"},{\"@type\":\"ListItem\",\"position\":3,\"name\":\"Pflanzk\u00fcbel quadratisch 50\u00d750 Alessio 1\"}]},{\"@type\":\"WebSite\",\"@id\":\"https:\\\/\\\/worldofflowerpots.com\\\/#website\",\"url\":\"https:\\\/\\\/worldofflowerpots.com\\\/\",\"name\":\"Blumenk\u00fcbel World of Flowerpots\",\"description\":\"Pflanzk\u00fcbel beton, blumentr\u00f6ge, blumenk\u00fcbel gro\u00df, cortenstahl, fiberglas\",\"potentialAction\":[{\"@type\":\"SearchAction\",\"target\":{\"@type\":\"EntryPoint\",\"urlTemplate\":\"https:\\\/\\\/worldofflowerpots.com\\\/?s={search_term_string}\"},\"query-input\":{\"@type\":\"PropertyValueSpecification\",\"valueRequired\":true,\"valueName\":\"search_term_string\"}}],\"inLanguage\":\"de\"}]}<\/script>\n<!-- \/ Yoast SEO plugin. -->","yoast_head_json":{"title":"Pflanzk\u00fcbel quadratisch 50\u00d750 Alessio 1 | Blumenk\u00fcbel World of Flowerpots - Pflanzk\u00fcbel beton, blumentr\u00f6ge, blumenk\u00fcbel gro\u00df, cortenstahl, fiberglas","robots":{"index":"index","follow":"follow","max-snippet":"max-snippet:-1","max-image-preview":"max-image-preview:large","max-video-preview":"max-video-preview:-1"},"canonical":"https:\/\/worldofflowerpots.com\/sklep\/pflanzkubel-quadratisch-50x50-alessio-1\/","og_locale":"de_DE","og_type":"article","og_title":"Pflanzk\u00fcbel quadratisch 50\u00d750 Alessio 1 | Blumenk\u00fcbel World of Flowerpots - Pflanzk\u00fcbel beton, blumentr\u00f6ge, blumenk\u00fcbel gro\u00df, cortenstahl, fiberglas","og_description":"Material: 2 mm Aluminiumblech Farbe: Pulverbeschichtung Standard: RAL9016,7012,7021 Ab 5 St\u00fcck jede Ral Farbe m\u00f6glich Gewicht : 12kg Abmessungen B500mm H500mm L500mm UV-resistent, Wetterfest Frostbest\u00e4ndig bei gew\u00e4hrleistetem Wasserablauf","og_url":"https:\/\/worldofflowerpots.com\/sklep\/pflanzkubel-quadratisch-50x50-alessio-1\/","og_site_name":"Blumenk\u00fcbel World of Flowerpots","article_modified_time":"2019-04-12T10:33:22+00:00","og_image":[{"width":2280,"height":1612,"url":"https:\/\/worldofflowerpots.com\/wp-content\/uploads\/2019\/01\/Pflanzk\u00fcbel-quadratisch-50x50-Alessio-1.jpg","type":"image\/jpeg"}],"twitter_card":"summary_large_image","twitter_misc":{"Gesch\u00e4tzte Lesezeit":"2\u00a0Minuten"},"schema":{"@context":"https:\/\/schema.org","@graph":[{"@type":"WebPage","@id":"https:\/\/worldofflowerpots.com\/sklep\/pflanzkubel-quadratisch-50x50-alessio-1\/","url":"https:\/\/worldofflowerpots.com\/sklep\/pflanzkubel-quadratisch-50x50-alessio-1\/","name":"Pflanzk\u00fcbel quadratisch 50\u00d750 Alessio 1 | Blumenk\u00fcbel World of Flowerpots - Pflanzk\u00fcbel beton, blumentr\u00f6ge, blumenk\u00fcbel gro\u00df, cortenstahl, fiberglas","isPartOf":{"@id":"https:\/\/worldofflowerpots.com\/#website"},"primaryImageOfPage":{"@id":"https:\/\/worldofflowerpots.com\/sklep\/pflanzkubel-quadratisch-50x50-alessio-1\/#primaryimage"},"image":{"@id":"https:\/\/worldofflowerpots.com\/sklep\/pflanzkubel-quadratisch-50x50-alessio-1\/#primaryimage"},"thumbnailUrl":"https:\/\/worldofflowerpots.com\/wp-content\/uploads\/2019\/01\/Pflanzk\u00fcbel-quadratisch-50x50-Alessio-1.jpg","datePublished":"2019-01-18T14:11:58+00:00","dateModified":"2019-04-12T10:33:22+00:00","breadcrumb":{"@id":"https:\/\/worldofflowerpots.com\/sklep\/pflanzkubel-quadratisch-50x50-alessio-1\/#breadcrumb"},"inLanguage":"de","potentialAction":[{"@type":"ReadAction","target":["https:\/\/worldofflowerpots.com\/sklep\/pflanzkubel-quadratisch-50x50-alessio-1\/"]}]},{"@type":"ImageObject","inLanguage":"de","@id":"https:\/\/worldofflowerpots.com\/sklep\/pflanzkubel-quadratisch-50x50-alessio-1\/#primaryimage","url":"https:\/\/worldofflowerpots.com\/wp-content\/uploads\/2019\/01\/Pflanzk\u00fcbel-quadratisch-50x50-Alessio-1.jpg","contentUrl":"https:\/\/worldofflowerpots.com\/wp-content\/uploads\/2019\/01\/Pflanzk\u00fcbel-quadratisch-50x50-Alessio-1.jpg","width":2280,"height":1612},{"@type":"BreadcrumbList","@id":"https:\/\/worldofflowerpots.com\/sklep\/pflanzkubel-quadratisch-50x50-alessio-1\/#breadcrumb","itemListElement":[{"@type":"ListItem","position":1,"name":"Strona g\u0142\u00f3wna","item":"https:\/\/worldofflowerpots.com\/blumenkuebel-grosse-auswahl\/"},{"@type":"ListItem","position":2,"name":"Shop","item":"https:\/\/worldofflowerpots.com\/sortiment\/"},{"@type":"ListItem","position":3,"name":"Pflanzk\u00fcbel quadratisch 50\u00d750 Alessio 1"}]},{"@type":"WebSite","@id":"https:\/\/worldofflowerpots.com\/#website","url":"https:\/\/worldofflowerpots.com\/","name":"Blumenk\u00fcbel World of Flowerpots","description":"Pflanzk\u00fcbel beton, blumentr\u00f6ge, blumenk\u00fcbel gro\u00df, cortenstahl, fiberglas","potentialAction":[{"@type":"SearchAction","target":{"@type":"EntryPoint","urlTemplate":"https:\/\/worldofflowerpots.com\/?s={search_term_string}"},"query-input":{"@type":"PropertyValueSpecification","valueRequired":true,"valueName":"search_term_string"}}],"inLanguage":"de"}]}},"_links":{"self":[{"href":"https:\/\/worldofflowerpots.com\/de\/wp-json\/wp\/v2\/product\/52466","targetHints":{"allow":["GET"]}}],"collection":[{"href":"https:\/\/worldofflowerpots.com\/de\/wp-json\/wp\/v2\/product"}],"about":[{"href":"https:\/\/worldofflowerpots.com\/de\/wp-json\/wp\/v2\/types\/product"}],"wp:featuredmedia":[{"embeddable":true,"href":"https:\/\/worldofflowerpots.com\/de\/wp-json\/wp\/v2\/media\/58981"}],"wp:attachment":[{"href":"https:\/\/worldofflowerpots.com\/de\/wp-json\/wp\/v2\/media?parent=52466"}],"wp:term":[{"taxonomy":"product_brand","embeddable":true,"href":"https:\/\/worldofflowerpots.com\/de\/wp-json\/wp\/v2\/product_brand?post=52466"},{"taxonomy":"product_cat","embeddable":true,"href":"https:\/\/worldofflowerpots.com\/de\/wp-json\/wp\/v2\/product_cat?post=52466"},{"taxonomy":"product_tag","embeddable":true,"href":"https:\/\/worldofflowerpots.com\/de\/wp-json\/wp\/v2\/product_tag?post=52466"}],"curies":[{"name":"wp","href":"https:\/\/api.w.org\/{rel}","templated":true}]}}