{"id":52490,"date":"2019-01-18T15:11:05","date_gmt":"2019-01-18T14:11:05","guid":{"rendered":"https:\/\/worldofflowerpots.com\/sklep\/unkategorisiert\/pflanzgefas-fiberglas-carlo-3\/"},"modified":"2019-04-15T14:19:56","modified_gmt":"2019-04-15T12:19:56","slug":"pflanzkuebel-innen-hoch-carlo-3","status":"publish","type":"product","link":"https:\/\/worldofflowerpots.com\/de\/sortiment\/pflanzkuebel-innen-hoch-carlo-3\/","title":{"rendered":"pflanzgef\u00e4\u00df fiberglas Carlo 3"},"content":{"rendered":"<h2>Lang und schlang ist unsere Pflanzgef\u00e4\u00df fiberglas Carlo 3<\/h2>\n<p>Die Firma World Of Flowerpots bietet eine riesige Auswahl an Pflanzgef\u00e4\u00df fiberglas, die f\u00fcr die verschiedensten Dekorationszwecke und Pflanzen geeignet sind. Blumen kasten der Serie Carlo sind aus Fiberglas gefertigt und haben einen quadratischen Querschnitt. Dabei weisen sie eine relativ gro\u00dfe H\u00f6he auf, die von 80 bis 120 Zentimeter reicht.<\/p>\n<h2>Der sch\u00f6ne lange K\u00fcbel ist in mehreren Farben erh\u00e4ltlich<\/h2>\n<p>Der Pflanzgef\u00e4\u00df fiberglas Carlo 3 hat einen Querschnitt von 40 x 40 Zentimetern und ist 120 Zentimeter hoch. Sein Volumen betr\u00e4gt 192 Liter bei einem vergleichsweise geringen Eigengewicht von gerade einmal 23 Kilogramm. Seine schlanke und hohe Form macht dieses Pflanzgef\u00e4\u00df ideal geeignet f\u00fcr einzelne B\u00e4ume oder Str\u00e4ucher mit einem stark ausgepr\u00e4gten Wurzelsystem. In dem gro\u00dfen, tiefen Pflanzk\u00fcbel finden sie nicht nur gen\u00fcgend N\u00e4hrstoffe, sondern k\u00f6nnen sich in der Erdschicht tief verankern, fast so wie in der freien Natur. Der Blumen kasten ist in mehreren Farben lieferbar, so dass er den Anforderungen des Kunden entspricht. Ab einer Bestellmenge von 4 St\u00fcck kann die Farbe individuell gestaltet werden.<\/p>\n<h2>Pflanzen f\u00fchlen sich wohl in unseren Carlo 3<\/h2>\n<p>Daher ist der moderne Blumen kasten Fiberglas Modell Carlo 3 auch eine gute Wahl f\u00fcr alle. G\u00e4rtner die ihren kleine pflanzen und Gr\u00e4ser gerne einen exklusiven Platz im Garten oder auf der Terrasse bieten m\u00f6chten. Mit dem Pflanzk\u00fcbel Fiberglas Modell Carlo 3 k\u00f6nnen alle Menschen, die \u00fcppige Pflanzen lieben, ihre Str\u00e4ucher und spezielle Gr\u00e4ser auch im Wintergarten genie\u00dfen. Daher kann er nach dem Kauf auch direkt ohne fremde Hilfe daheim im Garten oder im Haus an den passenden Platz gestellt werden.<\/p>\n","protected":false},"excerpt":{"rendered":"<p>Material : Fiberglas<br \/>\nFarben: RAL 9010,9016,7045,7012,7021,9005<br \/>\nAndere RAL Farben Mindestabnahme 5 St\u00fcck<br \/>\nUV-resistent Isoliert mit Styropor<br \/>\nGewicht :23kg<br \/>\nAbmessungen B400mm H1200mm L400mm<br \/>\nWetterfest<br \/>\nFrostbest\u00e4ndig bei gew\u00e4hrleistetem Wasserablauf<\/p>\n","protected":false},"featured_media":59116,"template":"","meta":{"_acf_changed":false},"product_brand":[],"product_cat":[268],"product_tag":[],"class_list":{"0":"post-52490","1":"product","2":"type-product","3":"status-publish","4":"has-post-thumbnail","6":"product_cat-pflanzkuebel-fiberglas","7":"description-off","8":"tm-has-options","10":"first","11":"instock","12":"shipping-taxable","13":"purchasable","14":"product-type-simple"},"acf":[],"yoast_head":"<!-- This site is optimized with the Yoast SEO plugin v27.5 - https:\/\/yoast.com\/product\/yoast-seo-wordpress\/ -->\n<title>Pflanzk\u00fcbel f\u00fcr innen 120 cm hoch quadratisch aus Fiberglas<\/title>\n<meta name=\"description\" content=\"Moderne Pflanzk\u00fcbel f\u00fcr innen hoch leicht hat einen Querschnitt von 40 x 40 Zentimetern. Der Pflanzk\u00fcbel ist in mehreren Farben lieferbar\" \/>\n<meta name=\"robots\" content=\"index, follow, max-snippet:-1, max-image-preview:large, max-video-preview:-1\" \/>\n<link rel=\"canonical\" href=\"https:\/\/worldofflowerpots.com\/sklep\/pflanzkuebel-innen-hoch-carlo-3\/\" \/>\n<meta property=\"og:locale\" content=\"de_DE\" \/>\n<meta property=\"og:type\" content=\"article\" \/>\n<meta property=\"og:title\" content=\"Pflanzk\u00fcbel f\u00fcr innen 120 cm hoch quadratisch aus Fiberglas\" \/>\n<meta property=\"og:description\" content=\"Moderne Pflanzk\u00fcbel f\u00fcr innen hoch leicht hat einen Querschnitt von 40 x 40 Zentimetern. Der Pflanzk\u00fcbel ist in mehreren Farben lieferbar\" \/>\n<meta property=\"og:url\" content=\"https:\/\/worldofflowerpots.com\/sklep\/pflanzkuebel-innen-hoch-carlo-3\/\" \/>\n<meta property=\"og:site_name\" content=\"Blumenk\u00fcbel World of Flowerpots\" \/>\n<meta property=\"article:modified_time\" content=\"2019-04-15T12:19:56+00:00\" \/>\n<meta property=\"og:image\" content=\"https:\/\/worldofflowerpots.com\/wp-content\/uploads\/2019\/01\/pflanzk\u00fcbel-innen-hoch-Carlo-3.jpg\" \/>\n\t<meta property=\"og:image:width\" content=\"1920\" \/>\n\t<meta property=\"og:image:height\" content=\"1080\" \/>\n\t<meta property=\"og:image:type\" content=\"image\/jpeg\" \/>\n<meta name=\"twitter:card\" content=\"summary_large_image\" \/>\n<meta name=\"twitter:label1\" content=\"Gesch\u00e4tzte Lesezeit\" \/>\n\t<meta name=\"twitter:data1\" content=\"1\u00a0Minute\" \/>\n<script type=\"application\/ld+json\" class=\"yoast-schema-graph\">{\"@context\":\"https:\\\/\\\/schema.org\",\"@graph\":[{\"@type\":\"WebPage\",\"@id\":\"https:\\\/\\\/worldofflowerpots.com\\\/sklep\\\/pflanzkuebel-innen-hoch-carlo-3\\\/\",\"url\":\"https:\\\/\\\/worldofflowerpots.com\\\/sklep\\\/pflanzkuebel-innen-hoch-carlo-3\\\/\",\"name\":\"Pflanzk\u00fcbel f\u00fcr innen 120 cm hoch quadratisch aus Fiberglas\",\"isPartOf\":{\"@id\":\"https:\\\/\\\/worldofflowerpots.com\\\/#website\"},\"primaryImageOfPage\":{\"@id\":\"https:\\\/\\\/worldofflowerpots.com\\\/sklep\\\/pflanzkuebel-innen-hoch-carlo-3\\\/#primaryimage\"},\"image\":{\"@id\":\"https:\\\/\\\/worldofflowerpots.com\\\/sklep\\\/pflanzkuebel-innen-hoch-carlo-3\\\/#primaryimage\"},\"thumbnailUrl\":\"https:\\\/\\\/worldofflowerpots.com\\\/wp-content\\\/uploads\\\/2019\\\/01\\\/pflanzk\u00fcbel-innen-hoch-Carlo-3.jpg\",\"datePublished\":\"2019-01-18T14:11:05+00:00\",\"dateModified\":\"2019-04-15T12:19:56+00:00\",\"description\":\"Moderne Pflanzk\u00fcbel f\u00fcr innen hoch leicht hat einen Querschnitt von 40 x 40 Zentimetern. Der Pflanzk\u00fcbel ist in mehreren Farben lieferbar\",\"breadcrumb\":{\"@id\":\"https:\\\/\\\/worldofflowerpots.com\\\/sklep\\\/pflanzkuebel-innen-hoch-carlo-3\\\/#breadcrumb\"},\"inLanguage\":\"de\",\"potentialAction\":[{\"@type\":\"ReadAction\",\"target\":[\"https:\\\/\\\/worldofflowerpots.com\\\/sklep\\\/pflanzkuebel-innen-hoch-carlo-3\\\/\"]}]},{\"@type\":\"ImageObject\",\"inLanguage\":\"de\",\"@id\":\"https:\\\/\\\/worldofflowerpots.com\\\/sklep\\\/pflanzkuebel-innen-hoch-carlo-3\\\/#primaryimage\",\"url\":\"https:\\\/\\\/worldofflowerpots.com\\\/wp-content\\\/uploads\\\/2019\\\/01\\\/pflanzk\u00fcbel-innen-hoch-Carlo-3.jpg\",\"contentUrl\":\"https:\\\/\\\/worldofflowerpots.com\\\/wp-content\\\/uploads\\\/2019\\\/01\\\/pflanzk\u00fcbel-innen-hoch-Carlo-3.jpg\",\"width\":1920,\"height\":1080},{\"@type\":\"BreadcrumbList\",\"@id\":\"https:\\\/\\\/worldofflowerpots.com\\\/sklep\\\/pflanzkuebel-innen-hoch-carlo-3\\\/#breadcrumb\",\"itemListElement\":[{\"@type\":\"ListItem\",\"position\":1,\"name\":\"Strona g\u0142\u00f3wna\",\"item\":\"https:\\\/\\\/worldofflowerpots.com\\\/blumenkuebel-grosse-auswahl\\\/\"},{\"@type\":\"ListItem\",\"position\":2,\"name\":\"Shop\",\"item\":\"https:\\\/\\\/worldofflowerpots.com\\\/sortiment\\\/\"},{\"@type\":\"ListItem\",\"position\":3,\"name\":\"pflanzgef\u00e4\u00df fiberglas Carlo 3\"}]},{\"@type\":\"WebSite\",\"@id\":\"https:\\\/\\\/worldofflowerpots.com\\\/#website\",\"url\":\"https:\\\/\\\/worldofflowerpots.com\\\/\",\"name\":\"Blumenk\u00fcbel World of Flowerpots\",\"description\":\"Pflanzk\u00fcbel beton, blumentr\u00f6ge, blumenk\u00fcbel gro\u00df, cortenstahl, fiberglas\",\"potentialAction\":[{\"@type\":\"SearchAction\",\"target\":{\"@type\":\"EntryPoint\",\"urlTemplate\":\"https:\\\/\\\/worldofflowerpots.com\\\/?s={search_term_string}\"},\"query-input\":{\"@type\":\"PropertyValueSpecification\",\"valueRequired\":true,\"valueName\":\"search_term_string\"}}],\"inLanguage\":\"de\"}]}<\/script>\n<!-- \/ Yoast SEO plugin. -->","yoast_head_json":{"title":"Pflanzk\u00fcbel f\u00fcr innen 120 cm hoch quadratisch aus Fiberglas","description":"Moderne Pflanzk\u00fcbel f\u00fcr innen hoch leicht hat einen Querschnitt von 40 x 40 Zentimetern. Der Pflanzk\u00fcbel ist in mehreren Farben lieferbar","robots":{"index":"index","follow":"follow","max-snippet":"max-snippet:-1","max-image-preview":"max-image-preview:large","max-video-preview":"max-video-preview:-1"},"canonical":"https:\/\/worldofflowerpots.com\/sklep\/pflanzkuebel-innen-hoch-carlo-3\/","og_locale":"de_DE","og_type":"article","og_title":"Pflanzk\u00fcbel f\u00fcr innen 120 cm hoch quadratisch aus Fiberglas","og_description":"Moderne Pflanzk\u00fcbel f\u00fcr innen hoch leicht hat einen Querschnitt von 40 x 40 Zentimetern. Der Pflanzk\u00fcbel ist in mehreren Farben lieferbar","og_url":"https:\/\/worldofflowerpots.com\/sklep\/pflanzkuebel-innen-hoch-carlo-3\/","og_site_name":"Blumenk\u00fcbel World of Flowerpots","article_modified_time":"2019-04-15T12:19:56+00:00","og_image":[{"width":1920,"height":1080,"url":"https:\/\/worldofflowerpots.com\/wp-content\/uploads\/2019\/01\/pflanzk\u00fcbel-innen-hoch-Carlo-3.jpg","type":"image\/jpeg"}],"twitter_card":"summary_large_image","twitter_misc":{"Gesch\u00e4tzte Lesezeit":"1\u00a0Minute"},"schema":{"@context":"https:\/\/schema.org","@graph":[{"@type":"WebPage","@id":"https:\/\/worldofflowerpots.com\/sklep\/pflanzkuebel-innen-hoch-carlo-3\/","url":"https:\/\/worldofflowerpots.com\/sklep\/pflanzkuebel-innen-hoch-carlo-3\/","name":"Pflanzk\u00fcbel f\u00fcr innen 120 cm hoch quadratisch aus Fiberglas","isPartOf":{"@id":"https:\/\/worldofflowerpots.com\/#website"},"primaryImageOfPage":{"@id":"https:\/\/worldofflowerpots.com\/sklep\/pflanzkuebel-innen-hoch-carlo-3\/#primaryimage"},"image":{"@id":"https:\/\/worldofflowerpots.com\/sklep\/pflanzkuebel-innen-hoch-carlo-3\/#primaryimage"},"thumbnailUrl":"https:\/\/worldofflowerpots.com\/wp-content\/uploads\/2019\/01\/pflanzk\u00fcbel-innen-hoch-Carlo-3.jpg","datePublished":"2019-01-18T14:11:05+00:00","dateModified":"2019-04-15T12:19:56+00:00","description":"Moderne Pflanzk\u00fcbel f\u00fcr innen hoch leicht hat einen Querschnitt von 40 x 40 Zentimetern. Der Pflanzk\u00fcbel ist in mehreren Farben lieferbar","breadcrumb":{"@id":"https:\/\/worldofflowerpots.com\/sklep\/pflanzkuebel-innen-hoch-carlo-3\/#breadcrumb"},"inLanguage":"de","potentialAction":[{"@type":"ReadAction","target":["https:\/\/worldofflowerpots.com\/sklep\/pflanzkuebel-innen-hoch-carlo-3\/"]}]},{"@type":"ImageObject","inLanguage":"de","@id":"https:\/\/worldofflowerpots.com\/sklep\/pflanzkuebel-innen-hoch-carlo-3\/#primaryimage","url":"https:\/\/worldofflowerpots.com\/wp-content\/uploads\/2019\/01\/pflanzk\u00fcbel-innen-hoch-Carlo-3.jpg","contentUrl":"https:\/\/worldofflowerpots.com\/wp-content\/uploads\/2019\/01\/pflanzk\u00fcbel-innen-hoch-Carlo-3.jpg","width":1920,"height":1080},{"@type":"BreadcrumbList","@id":"https:\/\/worldofflowerpots.com\/sklep\/pflanzkuebel-innen-hoch-carlo-3\/#breadcrumb","itemListElement":[{"@type":"ListItem","position":1,"name":"Strona g\u0142\u00f3wna","item":"https:\/\/worldofflowerpots.com\/blumenkuebel-grosse-auswahl\/"},{"@type":"ListItem","position":2,"name":"Shop","item":"https:\/\/worldofflowerpots.com\/sortiment\/"},{"@type":"ListItem","position":3,"name":"pflanzgef\u00e4\u00df fiberglas Carlo 3"}]},{"@type":"WebSite","@id":"https:\/\/worldofflowerpots.com\/#website","url":"https:\/\/worldofflowerpots.com\/","name":"Blumenk\u00fcbel World of Flowerpots","description":"Pflanzk\u00fcbel beton, blumentr\u00f6ge, blumenk\u00fcbel gro\u00df, cortenstahl, fiberglas","potentialAction":[{"@type":"SearchAction","target":{"@type":"EntryPoint","urlTemplate":"https:\/\/worldofflowerpots.com\/?s={search_term_string}"},"query-input":{"@type":"PropertyValueSpecification","valueRequired":true,"valueName":"search_term_string"}}],"inLanguage":"de"}]}},"_links":{"self":[{"href":"https:\/\/worldofflowerpots.com\/de\/wp-json\/wp\/v2\/product\/52490","targetHints":{"allow":["GET"]}}],"collection":[{"href":"https:\/\/worldofflowerpots.com\/de\/wp-json\/wp\/v2\/product"}],"about":[{"href":"https:\/\/worldofflowerpots.com\/de\/wp-json\/wp\/v2\/types\/product"}],"wp:featuredmedia":[{"embeddable":true,"href":"https:\/\/worldofflowerpots.com\/de\/wp-json\/wp\/v2\/media\/59116"}],"wp:attachment":[{"href":"https:\/\/worldofflowerpots.com\/de\/wp-json\/wp\/v2\/media?parent=52490"}],"wp:term":[{"taxonomy":"product_brand","embeddable":true,"href":"https:\/\/worldofflowerpots.com\/de\/wp-json\/wp\/v2\/product_brand?post=52490"},{"taxonomy":"product_cat","embeddable":true,"href":"https:\/\/worldofflowerpots.com\/de\/wp-json\/wp\/v2\/product_cat?post=52490"},{"taxonomy":"product_tag","embeddable":true,"href":"https:\/\/worldofflowerpots.com\/de\/wp-json\/wp\/v2\/product_tag?post=52490"}],"curies":[{"name":"wp","href":"https:\/\/api.w.org\/{rel}","templated":true}]}}