{"id":52523,"date":"2019-01-18T15:09:48","date_gmt":"2019-01-18T14:09:48","guid":{"rendered":"https:\/\/worldofflowerpots.com\/sklep\/unkategorisiert\/pflanztopf-gross-marco-7\/"},"modified":"2019-04-16T09:12:42","modified_gmt":"2019-04-16T07:12:42","slug":"pflanztopf-gross-marco-7","status":"publish","type":"product","link":"https:\/\/worldofflowerpots.com\/de\/sortiment\/pflanztopf-gross-marco-7\/","title":{"rendered":"Pflanztopf gross Marco 7"},"content":{"rendered":"<h2>Auf unsere Seite gibt es f\u00fcr jeden Zweck und f\u00fcr jeden Geschmack den passenden Pflanztopf gross<\/h2>\n<p>Neben kleineren Gef\u00e4\u00dfen, die beispielsweise auf ein Tischchen neben der Couch gestellt werden k\u00f6nnen, gibt es auch Pflanztopf gross wie das Modell Marco 7 im Angebot. Der Blumen kasten kann als Stilelement und Schmuck f\u00fcr die Terrasse oder als Blickschutz verwendet werden.<\/p>\n<h2>Der Garten Ihres Hauses oder die Terrasse wird durch den Einsatz von Pflanzent\u00f6pfen sch\u00f6ner<\/h2>\n<p>Marco 7 ist ein Pflanztopf gross mit quadratischer Grundfl\u00e4che. Die Seiten sind jeweils 100 Zentimeter lang bei einer H\u00f6he von 80 Zentimetern. Das ergibt einen nutzbaren Inhalt von 750 Litern bei einem Eigengewicht von nur 24 Kilogramm. Dieses bemerkenswert geringe Gewicht ist darauf zur\u00fcckzuf\u00fchren, dass Marco 7 aus Fiberglas besteht. Der Werkstoff ist zwar leicht aber so stabil, dass er selbst gro\u00dfen Belastungen gewachsen ist. Dazu kommt, dass Fiberglas in beinahe jeder beliebigen Farbe hergestellt werden kann. Die Kunden k\u00f6nnen beim Bestellen aus 10 verschiedenen Farben die passende ausw\u00e4hlen. Bestellen sie mindestens 4 St\u00fcck, besteht die M\u00f6glichkeit, die Farbe individuell zu gestalten und dem pers\u00f6nlichen Geschmack anzupassen.<\/p>\n<h2>Optische Akzente durch die richtigen Bepflanzung f\u00fcr die verschiedenen<\/h2>\n<p>Jahreszeiten machen diese Bereiche Ihres Heims noch wohnlicher. Aber auch im Garten, Wintergarten oder auf dem Balkon sind die Einsatzm\u00f6glichkeiten von Pflanzent\u00f6pfen vielf\u00e4ltig. Damit l\u00e4sst sich auch ein Garten oder Wintergarten neu gestalten. Daneben werden auch B\u00fcrofl\u00e4chen oder Empfangsbereiche durch einen wuchernden Pflanzentopf versch\u00f6nert.<\/p>\n<h2>Der quadratische Pflanzentopf Marco 7 ist ein Pflanzk\u00fcbel xxl<\/h2>\n<p>Durch seine H\u00f6he ist er mit der Best\u00fcckung von hochwachsenden Pflanzen gut als Blickschutz geeignet. Durch mehrere Pflanzk\u00fcbel xxl k\u00f6nnen so attraktiv aussehenden, abgeschirmte Bereiche geschaffen werden oder unsch\u00f6ne Bereiche abgedeckt werden. Im Winter k\u00f6nnen die Pflanzen dann leicht in einen gesch\u00fctzten Bereich gebracht werden.<\/p>\n","protected":false},"excerpt":{"rendered":"<p>Material : Fiberglas<br \/>\nFarben: RAL 9010,9016,7045,7012,7021,9005<br \/>\nAndere RAL Farben Mindestabnahme 5 St\u00fcck<br \/>\nUV-resistent Isoliert mit Styropor<br \/>\nGewicht :24kg<br \/>\nAbmessungen B1000mm H800mm L1000mm<br \/>\nWetterfest<br \/>\nFrostbest\u00e4ndig bei gew\u00e4hrleistetem Wasserablauf<\/p>\n","protected":false},"featured_media":59249,"template":"","meta":{"_acf_changed":false},"product_brand":[],"product_cat":[268],"product_tag":[],"class_list":{"0":"post-52523","1":"product","2":"type-product","3":"status-publish","4":"has-post-thumbnail","6":"product_cat-pflanzkuebel-fiberglas","7":"description-off","8":"tm-has-options","10":"first","11":"instock","12":"shipping-taxable","13":"purchasable","14":"product-type-simple"},"acf":[],"yoast_head":"<!-- This site is optimized with the Yoast SEO plugin v27.5 - https:\/\/yoast.com\/product\/yoast-seo-wordpress\/ -->\n<title>Pflanztopf gross Marco 7 | Blumenk\u00fcbel World of Flowerpots - Pflanzk\u00fcbel beton, blumentr\u00f6ge, blumenk\u00fcbel gro\u00df, cortenstahl, fiberglas<\/title>\n<meta name=\"robots\" content=\"index, follow, max-snippet:-1, max-image-preview:large, max-video-preview:-1\" \/>\n<link rel=\"canonical\" href=\"https:\/\/worldofflowerpots.com\/sklep\/pflanztopf-gross-marco-7\/\" \/>\n<meta property=\"og:locale\" content=\"de_DE\" \/>\n<meta property=\"og:type\" content=\"article\" \/>\n<meta property=\"og:title\" content=\"Pflanztopf gross Marco 7 | Blumenk\u00fcbel World of Flowerpots - Pflanzk\u00fcbel beton, blumentr\u00f6ge, blumenk\u00fcbel gro\u00df, cortenstahl, fiberglas\" \/>\n<meta property=\"og:description\" content=\"Material : Fiberglas Farben: RAL 9010,9016,7045,7012,7021,9005 Andere RAL Farben Mindestabnahme 5 St\u00fcck UV-resistent Isoliert mit Styropor Gewicht :24kg Abmessungen B1000mm H800mm L1000mm Wetterfest Frostbest\u00e4ndig bei gew\u00e4hrleistetem Wasserablauf\" \/>\n<meta property=\"og:url\" content=\"https:\/\/worldofflowerpots.com\/sklep\/pflanztopf-gross-marco-7\/\" \/>\n<meta property=\"og:site_name\" content=\"Blumenk\u00fcbel World of Flowerpots\" \/>\n<meta property=\"article:modified_time\" content=\"2019-04-16T07:12:42+00:00\" \/>\n<meta property=\"og:image\" content=\"https:\/\/worldofflowerpots.com\/wp-content\/uploads\/2019\/01\/pflanztopf-gross-Marco-7.jpg\" \/>\n\t<meta property=\"og:image:width\" content=\"1920\" \/>\n\t<meta property=\"og:image:height\" content=\"1080\" \/>\n\t<meta property=\"og:image:type\" content=\"image\/jpeg\" \/>\n<meta name=\"twitter:card\" content=\"summary_large_image\" \/>\n<meta name=\"twitter:label1\" content=\"Gesch\u00e4tzte Lesezeit\" \/>\n\t<meta name=\"twitter:data1\" content=\"2\u00a0Minuten\" \/>\n<script type=\"application\/ld+json\" class=\"yoast-schema-graph\">{\"@context\":\"https:\\\/\\\/schema.org\",\"@graph\":[{\"@type\":\"WebPage\",\"@id\":\"https:\\\/\\\/worldofflowerpots.com\\\/sklep\\\/pflanztopf-gross-marco-7\\\/\",\"url\":\"https:\\\/\\\/worldofflowerpots.com\\\/sklep\\\/pflanztopf-gross-marco-7\\\/\",\"name\":\"Pflanztopf gross Marco 7 | Blumenk\u00fcbel World of Flowerpots - Pflanzk\u00fcbel beton, blumentr\u00f6ge, blumenk\u00fcbel gro\u00df, cortenstahl, fiberglas\",\"isPartOf\":{\"@id\":\"https:\\\/\\\/worldofflowerpots.com\\\/#website\"},\"primaryImageOfPage\":{\"@id\":\"https:\\\/\\\/worldofflowerpots.com\\\/sklep\\\/pflanztopf-gross-marco-7\\\/#primaryimage\"},\"image\":{\"@id\":\"https:\\\/\\\/worldofflowerpots.com\\\/sklep\\\/pflanztopf-gross-marco-7\\\/#primaryimage\"},\"thumbnailUrl\":\"https:\\\/\\\/worldofflowerpots.com\\\/wp-content\\\/uploads\\\/2019\\\/01\\\/pflanztopf-gross-Marco-7.jpg\",\"datePublished\":\"2019-01-18T14:09:48+00:00\",\"dateModified\":\"2019-04-16T07:12:42+00:00\",\"breadcrumb\":{\"@id\":\"https:\\\/\\\/worldofflowerpots.com\\\/sklep\\\/pflanztopf-gross-marco-7\\\/#breadcrumb\"},\"inLanguage\":\"de\",\"potentialAction\":[{\"@type\":\"ReadAction\",\"target\":[\"https:\\\/\\\/worldofflowerpots.com\\\/sklep\\\/pflanztopf-gross-marco-7\\\/\"]}]},{\"@type\":\"ImageObject\",\"inLanguage\":\"de\",\"@id\":\"https:\\\/\\\/worldofflowerpots.com\\\/sklep\\\/pflanztopf-gross-marco-7\\\/#primaryimage\",\"url\":\"https:\\\/\\\/worldofflowerpots.com\\\/wp-content\\\/uploads\\\/2019\\\/01\\\/pflanztopf-gross-Marco-7.jpg\",\"contentUrl\":\"https:\\\/\\\/worldofflowerpots.com\\\/wp-content\\\/uploads\\\/2019\\\/01\\\/pflanztopf-gross-Marco-7.jpg\",\"width\":1920,\"height\":1080},{\"@type\":\"BreadcrumbList\",\"@id\":\"https:\\\/\\\/worldofflowerpots.com\\\/sklep\\\/pflanztopf-gross-marco-7\\\/#breadcrumb\",\"itemListElement\":[{\"@type\":\"ListItem\",\"position\":1,\"name\":\"Strona g\u0142\u00f3wna\",\"item\":\"https:\\\/\\\/worldofflowerpots.com\\\/blumenkuebel-grosse-auswahl\\\/\"},{\"@type\":\"ListItem\",\"position\":2,\"name\":\"Shop\",\"item\":\"https:\\\/\\\/worldofflowerpots.com\\\/sortiment\\\/\"},{\"@type\":\"ListItem\",\"position\":3,\"name\":\"Pflanztopf gross Marco 7\"}]},{\"@type\":\"WebSite\",\"@id\":\"https:\\\/\\\/worldofflowerpots.com\\\/#website\",\"url\":\"https:\\\/\\\/worldofflowerpots.com\\\/\",\"name\":\"Blumenk\u00fcbel World of Flowerpots\",\"description\":\"Pflanzk\u00fcbel beton, blumentr\u00f6ge, blumenk\u00fcbel gro\u00df, cortenstahl, fiberglas\",\"potentialAction\":[{\"@type\":\"SearchAction\",\"target\":{\"@type\":\"EntryPoint\",\"urlTemplate\":\"https:\\\/\\\/worldofflowerpots.com\\\/?s={search_term_string}\"},\"query-input\":{\"@type\":\"PropertyValueSpecification\",\"valueRequired\":true,\"valueName\":\"search_term_string\"}}],\"inLanguage\":\"de\"}]}<\/script>\n<!-- \/ Yoast SEO plugin. -->","yoast_head_json":{"title":"Pflanztopf gross Marco 7 | Blumenk\u00fcbel World of Flowerpots - Pflanzk\u00fcbel beton, blumentr\u00f6ge, blumenk\u00fcbel gro\u00df, cortenstahl, fiberglas","robots":{"index":"index","follow":"follow","max-snippet":"max-snippet:-1","max-image-preview":"max-image-preview:large","max-video-preview":"max-video-preview:-1"},"canonical":"https:\/\/worldofflowerpots.com\/sklep\/pflanztopf-gross-marco-7\/","og_locale":"de_DE","og_type":"article","og_title":"Pflanztopf gross Marco 7 | Blumenk\u00fcbel World of Flowerpots - Pflanzk\u00fcbel beton, blumentr\u00f6ge, blumenk\u00fcbel gro\u00df, cortenstahl, fiberglas","og_description":"Material : Fiberglas Farben: RAL 9010,9016,7045,7012,7021,9005 Andere RAL Farben Mindestabnahme 5 St\u00fcck UV-resistent Isoliert mit Styropor Gewicht :24kg Abmessungen B1000mm H800mm L1000mm Wetterfest Frostbest\u00e4ndig bei gew\u00e4hrleistetem Wasserablauf","og_url":"https:\/\/worldofflowerpots.com\/sklep\/pflanztopf-gross-marco-7\/","og_site_name":"Blumenk\u00fcbel World of Flowerpots","article_modified_time":"2019-04-16T07:12:42+00:00","og_image":[{"width":1920,"height":1080,"url":"https:\/\/worldofflowerpots.com\/wp-content\/uploads\/2019\/01\/pflanztopf-gross-Marco-7.jpg","type":"image\/jpeg"}],"twitter_card":"summary_large_image","twitter_misc":{"Gesch\u00e4tzte Lesezeit":"2\u00a0Minuten"},"schema":{"@context":"https:\/\/schema.org","@graph":[{"@type":"WebPage","@id":"https:\/\/worldofflowerpots.com\/sklep\/pflanztopf-gross-marco-7\/","url":"https:\/\/worldofflowerpots.com\/sklep\/pflanztopf-gross-marco-7\/","name":"Pflanztopf gross Marco 7 | Blumenk\u00fcbel World of Flowerpots - Pflanzk\u00fcbel beton, blumentr\u00f6ge, blumenk\u00fcbel gro\u00df, cortenstahl, fiberglas","isPartOf":{"@id":"https:\/\/worldofflowerpots.com\/#website"},"primaryImageOfPage":{"@id":"https:\/\/worldofflowerpots.com\/sklep\/pflanztopf-gross-marco-7\/#primaryimage"},"image":{"@id":"https:\/\/worldofflowerpots.com\/sklep\/pflanztopf-gross-marco-7\/#primaryimage"},"thumbnailUrl":"https:\/\/worldofflowerpots.com\/wp-content\/uploads\/2019\/01\/pflanztopf-gross-Marco-7.jpg","datePublished":"2019-01-18T14:09:48+00:00","dateModified":"2019-04-16T07:12:42+00:00","breadcrumb":{"@id":"https:\/\/worldofflowerpots.com\/sklep\/pflanztopf-gross-marco-7\/#breadcrumb"},"inLanguage":"de","potentialAction":[{"@type":"ReadAction","target":["https:\/\/worldofflowerpots.com\/sklep\/pflanztopf-gross-marco-7\/"]}]},{"@type":"ImageObject","inLanguage":"de","@id":"https:\/\/worldofflowerpots.com\/sklep\/pflanztopf-gross-marco-7\/#primaryimage","url":"https:\/\/worldofflowerpots.com\/wp-content\/uploads\/2019\/01\/pflanztopf-gross-Marco-7.jpg","contentUrl":"https:\/\/worldofflowerpots.com\/wp-content\/uploads\/2019\/01\/pflanztopf-gross-Marco-7.jpg","width":1920,"height":1080},{"@type":"BreadcrumbList","@id":"https:\/\/worldofflowerpots.com\/sklep\/pflanztopf-gross-marco-7\/#breadcrumb","itemListElement":[{"@type":"ListItem","position":1,"name":"Strona g\u0142\u00f3wna","item":"https:\/\/worldofflowerpots.com\/blumenkuebel-grosse-auswahl\/"},{"@type":"ListItem","position":2,"name":"Shop","item":"https:\/\/worldofflowerpots.com\/sortiment\/"},{"@type":"ListItem","position":3,"name":"Pflanztopf gross Marco 7"}]},{"@type":"WebSite","@id":"https:\/\/worldofflowerpots.com\/#website","url":"https:\/\/worldofflowerpots.com\/","name":"Blumenk\u00fcbel World of Flowerpots","description":"Pflanzk\u00fcbel beton, blumentr\u00f6ge, blumenk\u00fcbel gro\u00df, cortenstahl, fiberglas","potentialAction":[{"@type":"SearchAction","target":{"@type":"EntryPoint","urlTemplate":"https:\/\/worldofflowerpots.com\/?s={search_term_string}"},"query-input":{"@type":"PropertyValueSpecification","valueRequired":true,"valueName":"search_term_string"}}],"inLanguage":"de"}]}},"_links":{"self":[{"href":"https:\/\/worldofflowerpots.com\/de\/wp-json\/wp\/v2\/product\/52523","targetHints":{"allow":["GET"]}}],"collection":[{"href":"https:\/\/worldofflowerpots.com\/de\/wp-json\/wp\/v2\/product"}],"about":[{"href":"https:\/\/worldofflowerpots.com\/de\/wp-json\/wp\/v2\/types\/product"}],"wp:featuredmedia":[{"embeddable":true,"href":"https:\/\/worldofflowerpots.com\/de\/wp-json\/wp\/v2\/media\/59249"}],"wp:attachment":[{"href":"https:\/\/worldofflowerpots.com\/de\/wp-json\/wp\/v2\/media?parent=52523"}],"wp:term":[{"taxonomy":"product_brand","embeddable":true,"href":"https:\/\/worldofflowerpots.com\/de\/wp-json\/wp\/v2\/product_brand?post=52523"},{"taxonomy":"product_cat","embeddable":true,"href":"https:\/\/worldofflowerpots.com\/de\/wp-json\/wp\/v2\/product_cat?post=52523"},{"taxonomy":"product_tag","embeddable":true,"href":"https:\/\/worldofflowerpots.com\/de\/wp-json\/wp\/v2\/product_tag?post=52523"}],"curies":[{"name":"wp","href":"https:\/\/api.w.org\/{rel}","templated":true}]}}