{"id":52529,"date":"2019-01-18T15:09:20","date_gmt":"2019-01-18T14:09:20","guid":{"rendered":"https:\/\/worldofflowerpots.com\/sklep\/unkategorisiert\/pflanztopf-weiss-gross-marco-5-aus-fiberglas\/"},"modified":"2019-04-16T09:20:17","modified_gmt":"2019-04-16T07:20:17","slug":"pflanztopf-weiss-gross-marco-5-aus-fiberglas","status":"publish","type":"product","link":"https:\/\/worldofflowerpots.com\/de\/sortiment\/pflanztopf-weiss-gross-marco-5-aus-fiberglas\/","title":{"rendered":"Pflanztopf Weiss gross Marco 5 aus Fiberglas"},"content":{"rendered":"<h2>Wer seine Terrasse liebt gestaltet sie mit dem sch\u00f6nen Pflanztopf weiss gross Marco 5 zu einem besonderen Ambiente<\/h2>\n<p>Der Pflanzenk\u00fcbel Marco 5 hat die Form eines W\u00fcrfels und ist bei den Kunden sehr angesagt. Der Pflanztopf kann f\u00fcr viele unterschiedliche Pflanzen genutzt werden. Sie k\u00f6nnen auch in der Mitte einer Terrasse als Eyecatcher dienen, stehen aber auch in einer Ecke oder an einem Fenster der Terrasse ihren Charme verspr\u00fchen.<\/p>\n<h2>Der Pflanzk\u00fcbel Anthrazit Marco 5 ist einfach perfekt<\/h2>\n<p>Der w\u00fcrfelf\u00f6rmige Blumen kasten ist aus stabilem Fiberglas gefertigt. Der Pflanzentopf Marco 5 eignet sich f\u00fcr gro\u00dfe R\u00e4ume und breite Terrassen zur Bepflanzung mit Agaven oder Str\u00e4uchern als Sichtschutz. Das Fiberglas ist wetterfest und kann auch den Winter drau\u00dfen bleiben. Machen Sie sich auf der Terrasse mit dem Marco 5 ein lauschiges blickdichtes Pl\u00e4tzchen f\u00fcr intime Momente ohne Zuschauer.<\/p>\n<h2>Pflanzk\u00fcbel xl Marco 5 als Blickfang<\/h2>\n<p>Pflanztopf weiss gross\u00a0in Form eines W\u00fcrfels sind bei den Kunden sehr popul\u00e4r, weil sie vielseitig einsetzbar sind. Sie k\u00f6nnen beispielsweise in der Mitte eines Raumes als Blickfang platziert werden, passen aber auch in eine Nische neben ein Fenster oder in eine Ecke auf der Terrasse.<\/p>\n<p>Dort macht sich auch der Blumen kasten Marco 5 perfekt. Der w\u00fcrfelf\u00f6rmige Beh\u00e4lter besteht aus stabilen Fiberglas und hat eine Kantenl\u00e4nge von jeweils 80 Zentimeter. Sein nutzbares Fassungsverm\u00f6gen liegt bei 480 Litern bei einem Leergewicht von gerade einmal 18 Kilogramm. Das Fiberglas ist in 10 verschiedenen Farben erh\u00e4ltlich, die der Kunde beim Bestellen w\u00e4hlen kann. Ab einer Mindestbestellmenge von 4 St\u00fcck kann die Farbe individuell gestaltet werden. Der Pflanzenw\u00fcrfel Marco 5 eignet sich am besten f\u00fcr gro\u00dfe R\u00e4ume oder breite Terrassen. Dort gibt er einen idealen K\u00fcbel f\u00fcr Gew\u00e4chse ab, die viel Platz ben\u00f6tigen, beispielsweise Agaven oder Str\u00e4ucher. Er kann mit der Farbe bestellt werden, die am besten zur Umgebung passt und h\u00e4lt viele Jahre, da Fiberglas witterungsbest\u00e4ndig ist.<\/p>\n","protected":false},"excerpt":{"rendered":"<p>Material : Fiberglas<br \/>\nFarben: RAL 9010,9016,7045,7012,7021,9005<br \/>\nAndere RAL Farben Mindestabnahme 5 St\u00fcck<br \/>\nUV-resistent Isoliert mit Styropor<br \/>\nGewicht :18kg<br \/>\nAbmessungen B800mm H800mm L800mm<br \/>\nWetterfest<br \/>\nFrostbest\u00e4ndig bei gew\u00e4hrleistetem Wasserablauf<\/p>\n","protected":false},"featured_media":59269,"template":"","meta":{"_acf_changed":false},"product_brand":[],"product_cat":[268],"product_tag":[],"class_list":{"0":"post-52529","1":"product","2":"type-product","3":"status-publish","4":"has-post-thumbnail","6":"product_cat-pflanzkuebel-fiberglas","7":"description-off","8":"tm-has-options","10":"first","11":"instock","12":"shipping-taxable","13":"purchasable","14":"product-type-simple"},"acf":[],"yoast_head":"<!-- This site is optimized with the Yoast SEO plugin v27.5 - https:\/\/yoast.com\/product\/yoast-seo-wordpress\/ -->\n<title>Pflanztopf weiss gross sehr angesagt f\u00fcr viele unterschiedliche Pflanzen<\/title>\n<meta name=\"description\" content=\"Der w\u00fcrfelf\u00f6rmige Pflanztopf in Farbe weiss gross ist aus stabilem Fiberglas gefertigt. Der Pflanztopf kann f\u00fcr viele unterschiedliche Pflanzen genutzt\" \/>\n<meta name=\"robots\" content=\"index, follow, max-snippet:-1, max-image-preview:large, max-video-preview:-1\" \/>\n<link rel=\"canonical\" href=\"https:\/\/worldofflowerpots.com\/sklep\/pflanztopf-weiss-gross-marco-5-aus-fiberglas\/\" \/>\n<meta property=\"og:locale\" content=\"de_DE\" \/>\n<meta property=\"og:type\" content=\"article\" \/>\n<meta property=\"og:title\" content=\"Pflanztopf weiss gross sehr angesagt f\u00fcr viele unterschiedliche Pflanzen\" \/>\n<meta property=\"og:description\" content=\"Der w\u00fcrfelf\u00f6rmige Pflanztopf in Farbe weiss gross ist aus stabilem Fiberglas gefertigt. Der Pflanztopf kann f\u00fcr viele unterschiedliche Pflanzen genutzt\" \/>\n<meta property=\"og:url\" content=\"https:\/\/worldofflowerpots.com\/sklep\/pflanztopf-weiss-gross-marco-5-aus-fiberglas\/\" \/>\n<meta property=\"og:site_name\" content=\"Blumenk\u00fcbel World of Flowerpots\" \/>\n<meta property=\"article:modified_time\" content=\"2019-04-16T07:20:17+00:00\" \/>\n<meta property=\"og:image\" content=\"https:\/\/worldofflowerpots.com\/wp-content\/uploads\/2019\/01\/pflanztopf-weiss-gross-Marco-5.jpg\" \/>\n\t<meta property=\"og:image:width\" content=\"1\" \/>\n\t<meta property=\"og:image:height\" content=\"1\" \/>\n\t<meta property=\"og:image:type\" content=\"image\/jpeg\" \/>\n<meta name=\"twitter:card\" content=\"summary_large_image\" \/>\n<meta name=\"twitter:label1\" content=\"Gesch\u00e4tzte Lesezeit\" \/>\n\t<meta name=\"twitter:data1\" content=\"2\u00a0Minuten\" \/>\n<script type=\"application\/ld+json\" class=\"yoast-schema-graph\">{\"@context\":\"https:\\\/\\\/schema.org\",\"@graph\":[{\"@type\":\"WebPage\",\"@id\":\"https:\\\/\\\/worldofflowerpots.com\\\/sklep\\\/pflanztopf-weiss-gross-marco-5-aus-fiberglas\\\/\",\"url\":\"https:\\\/\\\/worldofflowerpots.com\\\/sklep\\\/pflanztopf-weiss-gross-marco-5-aus-fiberglas\\\/\",\"name\":\"Pflanztopf weiss gross sehr angesagt f\u00fcr viele unterschiedliche Pflanzen\",\"isPartOf\":{\"@id\":\"https:\\\/\\\/worldofflowerpots.com\\\/#website\"},\"primaryImageOfPage\":{\"@id\":\"https:\\\/\\\/worldofflowerpots.com\\\/sklep\\\/pflanztopf-weiss-gross-marco-5-aus-fiberglas\\\/#primaryimage\"},\"image\":{\"@id\":\"https:\\\/\\\/worldofflowerpots.com\\\/sklep\\\/pflanztopf-weiss-gross-marco-5-aus-fiberglas\\\/#primaryimage\"},\"thumbnailUrl\":\"https:\\\/\\\/worldofflowerpots.com\\\/wp-content\\\/uploads\\\/2019\\\/01\\\/pflanztopf-weiss-gross-Marco-5.jpg\",\"datePublished\":\"2019-01-18T14:09:20+00:00\",\"dateModified\":\"2019-04-16T07:20:17+00:00\",\"description\":\"Der w\u00fcrfelf\u00f6rmige Pflanztopf in Farbe weiss gross ist aus stabilem Fiberglas gefertigt. Der Pflanztopf kann f\u00fcr viele unterschiedliche Pflanzen genutzt\",\"breadcrumb\":{\"@id\":\"https:\\\/\\\/worldofflowerpots.com\\\/sklep\\\/pflanztopf-weiss-gross-marco-5-aus-fiberglas\\\/#breadcrumb\"},\"inLanguage\":\"de\",\"potentialAction\":[{\"@type\":\"ReadAction\",\"target\":[\"https:\\\/\\\/worldofflowerpots.com\\\/sklep\\\/pflanztopf-weiss-gross-marco-5-aus-fiberglas\\\/\"]}]},{\"@type\":\"ImageObject\",\"inLanguage\":\"de\",\"@id\":\"https:\\\/\\\/worldofflowerpots.com\\\/sklep\\\/pflanztopf-weiss-gross-marco-5-aus-fiberglas\\\/#primaryimage\",\"url\":\"https:\\\/\\\/worldofflowerpots.com\\\/wp-content\\\/uploads\\\/2019\\\/01\\\/pflanztopf-weiss-gross-Marco-5.jpg\",\"contentUrl\":\"https:\\\/\\\/worldofflowerpots.com\\\/wp-content\\\/uploads\\\/2019\\\/01\\\/pflanztopf-weiss-gross-Marco-5.jpg\"},{\"@type\":\"BreadcrumbList\",\"@id\":\"https:\\\/\\\/worldofflowerpots.com\\\/sklep\\\/pflanztopf-weiss-gross-marco-5-aus-fiberglas\\\/#breadcrumb\",\"itemListElement\":[{\"@type\":\"ListItem\",\"position\":1,\"name\":\"Strona g\u0142\u00f3wna\",\"item\":\"https:\\\/\\\/worldofflowerpots.com\\\/blumenkuebel-grosse-auswahl\\\/\"},{\"@type\":\"ListItem\",\"position\":2,\"name\":\"Shop\",\"item\":\"https:\\\/\\\/worldofflowerpots.com\\\/sortiment\\\/\"},{\"@type\":\"ListItem\",\"position\":3,\"name\":\"Pflanztopf Weiss gross Marco 5 aus Fiberglas\"}]},{\"@type\":\"WebSite\",\"@id\":\"https:\\\/\\\/worldofflowerpots.com\\\/#website\",\"url\":\"https:\\\/\\\/worldofflowerpots.com\\\/\",\"name\":\"Blumenk\u00fcbel World of Flowerpots\",\"description\":\"Pflanzk\u00fcbel beton, blumentr\u00f6ge, blumenk\u00fcbel gro\u00df, cortenstahl, fiberglas\",\"potentialAction\":[{\"@type\":\"SearchAction\",\"target\":{\"@type\":\"EntryPoint\",\"urlTemplate\":\"https:\\\/\\\/worldofflowerpots.com\\\/?s={search_term_string}\"},\"query-input\":{\"@type\":\"PropertyValueSpecification\",\"valueRequired\":true,\"valueName\":\"search_term_string\"}}],\"inLanguage\":\"de\"}]}<\/script>\n<!-- \/ Yoast SEO plugin. -->","yoast_head_json":{"title":"Pflanztopf weiss gross sehr angesagt f\u00fcr viele unterschiedliche Pflanzen","description":"Der w\u00fcrfelf\u00f6rmige Pflanztopf in Farbe weiss gross ist aus stabilem Fiberglas gefertigt. Der Pflanztopf kann f\u00fcr viele unterschiedliche Pflanzen genutzt","robots":{"index":"index","follow":"follow","max-snippet":"max-snippet:-1","max-image-preview":"max-image-preview:large","max-video-preview":"max-video-preview:-1"},"canonical":"https:\/\/worldofflowerpots.com\/sklep\/pflanztopf-weiss-gross-marco-5-aus-fiberglas\/","og_locale":"de_DE","og_type":"article","og_title":"Pflanztopf weiss gross sehr angesagt f\u00fcr viele unterschiedliche Pflanzen","og_description":"Der w\u00fcrfelf\u00f6rmige Pflanztopf in Farbe weiss gross ist aus stabilem Fiberglas gefertigt. Der Pflanztopf kann f\u00fcr viele unterschiedliche Pflanzen genutzt","og_url":"https:\/\/worldofflowerpots.com\/sklep\/pflanztopf-weiss-gross-marco-5-aus-fiberglas\/","og_site_name":"Blumenk\u00fcbel World of Flowerpots","article_modified_time":"2019-04-16T07:20:17+00:00","og_image":[{"url":"https:\/\/worldofflowerpots.com\/wp-content\/uploads\/2019\/01\/pflanztopf-weiss-gross-Marco-5.jpg","width":1,"height":1,"type":"image\/jpeg"}],"twitter_card":"summary_large_image","twitter_misc":{"Gesch\u00e4tzte Lesezeit":"2\u00a0Minuten"},"schema":{"@context":"https:\/\/schema.org","@graph":[{"@type":"WebPage","@id":"https:\/\/worldofflowerpots.com\/sklep\/pflanztopf-weiss-gross-marco-5-aus-fiberglas\/","url":"https:\/\/worldofflowerpots.com\/sklep\/pflanztopf-weiss-gross-marco-5-aus-fiberglas\/","name":"Pflanztopf weiss gross sehr angesagt f\u00fcr viele unterschiedliche Pflanzen","isPartOf":{"@id":"https:\/\/worldofflowerpots.com\/#website"},"primaryImageOfPage":{"@id":"https:\/\/worldofflowerpots.com\/sklep\/pflanztopf-weiss-gross-marco-5-aus-fiberglas\/#primaryimage"},"image":{"@id":"https:\/\/worldofflowerpots.com\/sklep\/pflanztopf-weiss-gross-marco-5-aus-fiberglas\/#primaryimage"},"thumbnailUrl":"https:\/\/worldofflowerpots.com\/wp-content\/uploads\/2019\/01\/pflanztopf-weiss-gross-Marco-5.jpg","datePublished":"2019-01-18T14:09:20+00:00","dateModified":"2019-04-16T07:20:17+00:00","description":"Der w\u00fcrfelf\u00f6rmige Pflanztopf in Farbe weiss gross ist aus stabilem Fiberglas gefertigt. Der Pflanztopf kann f\u00fcr viele unterschiedliche Pflanzen genutzt","breadcrumb":{"@id":"https:\/\/worldofflowerpots.com\/sklep\/pflanztopf-weiss-gross-marco-5-aus-fiberglas\/#breadcrumb"},"inLanguage":"de","potentialAction":[{"@type":"ReadAction","target":["https:\/\/worldofflowerpots.com\/sklep\/pflanztopf-weiss-gross-marco-5-aus-fiberglas\/"]}]},{"@type":"ImageObject","inLanguage":"de","@id":"https:\/\/worldofflowerpots.com\/sklep\/pflanztopf-weiss-gross-marco-5-aus-fiberglas\/#primaryimage","url":"https:\/\/worldofflowerpots.com\/wp-content\/uploads\/2019\/01\/pflanztopf-weiss-gross-Marco-5.jpg","contentUrl":"https:\/\/worldofflowerpots.com\/wp-content\/uploads\/2019\/01\/pflanztopf-weiss-gross-Marco-5.jpg"},{"@type":"BreadcrumbList","@id":"https:\/\/worldofflowerpots.com\/sklep\/pflanztopf-weiss-gross-marco-5-aus-fiberglas\/#breadcrumb","itemListElement":[{"@type":"ListItem","position":1,"name":"Strona g\u0142\u00f3wna","item":"https:\/\/worldofflowerpots.com\/blumenkuebel-grosse-auswahl\/"},{"@type":"ListItem","position":2,"name":"Shop","item":"https:\/\/worldofflowerpots.com\/sortiment\/"},{"@type":"ListItem","position":3,"name":"Pflanztopf Weiss gross Marco 5 aus Fiberglas"}]},{"@type":"WebSite","@id":"https:\/\/worldofflowerpots.com\/#website","url":"https:\/\/worldofflowerpots.com\/","name":"Blumenk\u00fcbel World of Flowerpots","description":"Pflanzk\u00fcbel beton, blumentr\u00f6ge, blumenk\u00fcbel gro\u00df, cortenstahl, fiberglas","potentialAction":[{"@type":"SearchAction","target":{"@type":"EntryPoint","urlTemplate":"https:\/\/worldofflowerpots.com\/?s={search_term_string}"},"query-input":{"@type":"PropertyValueSpecification","valueRequired":true,"valueName":"search_term_string"}}],"inLanguage":"de"}]}},"_links":{"self":[{"href":"https:\/\/worldofflowerpots.com\/de\/wp-json\/wp\/v2\/product\/52529","targetHints":{"allow":["GET"]}}],"collection":[{"href":"https:\/\/worldofflowerpots.com\/de\/wp-json\/wp\/v2\/product"}],"about":[{"href":"https:\/\/worldofflowerpots.com\/de\/wp-json\/wp\/v2\/types\/product"}],"wp:featuredmedia":[{"embeddable":true,"href":"https:\/\/worldofflowerpots.com\/de\/wp-json\/wp\/v2\/media\/59269"}],"wp:attachment":[{"href":"https:\/\/worldofflowerpots.com\/de\/wp-json\/wp\/v2\/media?parent=52529"}],"wp:term":[{"taxonomy":"product_brand","embeddable":true,"href":"https:\/\/worldofflowerpots.com\/de\/wp-json\/wp\/v2\/product_brand?post=52529"},{"taxonomy":"product_cat","embeddable":true,"href":"https:\/\/worldofflowerpots.com\/de\/wp-json\/wp\/v2\/product_cat?post=52529"},{"taxonomy":"product_tag","embeddable":true,"href":"https:\/\/worldofflowerpots.com\/de\/wp-json\/wp\/v2\/product_tag?post=52529"}],"curies":[{"name":"wp","href":"https:\/\/api.w.org\/{rel}","templated":true}]}}