{"id":52538,"date":"2019-01-18T15:08:59","date_gmt":"2019-01-18T14:08:59","guid":{"rendered":"https:\/\/worldofflowerpots.com\/sklep\/unkategorisiert\/fiberglas-pflanzgefase-marco-2\/"},"modified":"2019-04-16T09:38:43","modified_gmt":"2019-04-16T07:38:43","slug":"fiberglas-pflanzgefase-marco-2","status":"publish","type":"product","link":"https:\/\/worldofflowerpots.com\/de\/sortiment\/fiberglas-pflanzgefase-marco-2\/","title":{"rendered":"Fiberglas pflanzgef\u00e4\u00dfe Marco 2"},"content":{"rendered":"<h2>Marco 2 fiberglas pflanzgef\u00e4\u00dfe<\/h2>\n<p>Unter den Pflanzenk\u00fcbeln, die bei der World Of Flowerpots den Kunden zur Auswahl stehen, sind Gef\u00e4\u00dfe der Reihe Marco besonders beliebt. Die Pflanzenk\u00fcbel bestehen aus Fiberglas, sind leicht, stabil und witterungsbest\u00e4ndig und k\u00f6nnen sowohl innen als auch au\u00dfen verwendet werden.<\/p>\n<h2>Der Blumen kasten Marco \u2013 hochwertige Qualit\u00e4t trifft auf Eleganz<\/h2>\n<p>Der Pflanzk\u00fcbel Anthrazit mit dem Namen Marco ist toll und wirkt recht schlicht. Dieser Pflanztopf ist aus Fiberglas hergestellt. Dabei handelt es sich um ein Material das sehr robust ist. Daher h\u00e4lt der Pflanztopf auch etwas K\u00e4lte aus. Die Pflanze, die hier eingepflanzt wird, kann also auch im Winter drau\u00dfen bleiben. Der Pflanzk\u00fcbel Anthrazit ist lackiert worden, was ihm noch mehr eleganz verleiht. Die Oberfl\u00e4che wirkt schon fast wie ein Klavierlack. Diese Eigenschaften machen den Pflanztopf f\u00fcr jede Terrasse oder f\u00fcr jeden Balkon unverzichtbar. Auch ein Eingangsbereich kann mit diesem Blumen kasten aufgewertet werden. Der K\u00fcbel ist sehr gro\u00df und dies sollte der K\u00e4ufer auch bedenken. Der Platz f\u00fcr den K\u00fcbel muss vorhanden sein. Wird ein toller Platz daf\u00fcr gefunden, dann ist die fiberglas pflanzgef\u00e4\u00dfe ein echtes Highlight und ein Hingucker, der einen gewissen Neidfaktor hervorrufen wird. Dieser K\u00fcbel steht immer sicher und ist stabil.<\/p>\n<h2>Der kompakte Blumenk\u00fcbel fiberglas Marco 2<\/h2>\n<p>Der Pflanzenk\u00fcbel Marco 2 hat einen quadratischen Querschnitt. Jede Seite des Gef\u00e4\u00dfes ist 60 Zentimeter lang bei einer H\u00f6he von 40 Zentimetern. Dadurch hat der Blumen kasten ein Fassungsverm\u00f6gen von 130 Liter bei einem Leergewicht von 10 Kilogramm. Die Vielseitigkeit des Materials Fiberglas zeigt sich unter anderem daran, dass Kunden aus 10 verschiedenen Farben w\u00e4hlen k\u00f6nnen. Neben dem beliebten Anthrazit stehen auch Wei\u00df, Gr\u00fcn, Rot, Grau und andere Farben zur Auswahl. Werden mindestens 4 St\u00fcck bestellt, besteht die M\u00f6glichkeit, die Farbe individuell zu gestalten. Der Pflanzenk\u00fcbel Marco 2 bietet eine gro\u00dfe Grundfl\u00e4che, auf der verschiedene Pflanzengruppen gut zur Geltung kommen, von Kakteen oder Blattpflanzen bis hin zu einzelnen kleineren B\u00fcschen oder B\u00e4umchen.<\/p>\n","protected":false},"excerpt":{"rendered":"<p>Material : Fiberglas<br \/>\nFarben: RAL 9010,9016,7045,7012,7021,9005<br \/>\nAndere RAL Farben Mindestabnahme 5 St\u00fcck<br \/>\nUV-resistent Isoliert mit Styropor<br \/>\nGewicht :10kg<br \/>\nAbmessungen B600mm H400mm L600mm<br \/>\nWetterfest<br \/>\nFrostbest\u00e4ndig bei gew\u00e4hrleistetem Wasserablauf<\/p>\n","protected":false},"featured_media":59299,"template":"","meta":{"_acf_changed":false},"product_brand":[],"product_cat":[268],"product_tag":[],"class_list":{"0":"post-52538","1":"product","2":"type-product","3":"status-publish","4":"has-post-thumbnail","6":"product_cat-pflanzkuebel-fiberglas","7":"description-off","8":"tm-has-options","10":"first","11":"instock","12":"shipping-taxable","13":"purchasable","14":"product-type-simple"},"acf":[],"yoast_head":"<!-- This site is optimized with the Yoast SEO plugin v27.5 - https:\/\/yoast.com\/product\/yoast-seo-wordpress\/ -->\n<title>Fiberglas pflanzgef\u00e4sse mit einem quadratischen Querschnit<\/title>\n<meta name=\"description\" content=\"Die pflanzgef\u00e4sse bestehen aus Fiberglas, sind leicht, stabil und witterungsbest\u00e4ndig und k\u00f6nnen sowohl innen als auch au\u00dfen verwendet werden\" \/>\n<meta name=\"robots\" content=\"index, follow, max-snippet:-1, max-image-preview:large, max-video-preview:-1\" \/>\n<link rel=\"canonical\" href=\"https:\/\/worldofflowerpots.com\/sklep\/fiberglas-pflanzgefase-marco-2\/\" \/>\n<meta property=\"og:locale\" content=\"de_DE\" \/>\n<meta property=\"og:type\" content=\"article\" \/>\n<meta property=\"og:title\" content=\"Fiberglas pflanzgef\u00e4sse mit einem quadratischen Querschnit\" \/>\n<meta property=\"og:description\" content=\"Die pflanzgef\u00e4sse bestehen aus Fiberglas, sind leicht, stabil und witterungsbest\u00e4ndig und k\u00f6nnen sowohl innen als auch au\u00dfen verwendet werden\" \/>\n<meta property=\"og:url\" content=\"https:\/\/worldofflowerpots.com\/sklep\/fiberglas-pflanzgefase-marco-2\/\" \/>\n<meta property=\"og:site_name\" content=\"Blumenk\u00fcbel World of Flowerpots\" \/>\n<meta property=\"article:modified_time\" content=\"2019-04-16T07:38:43+00:00\" \/>\n<meta property=\"og:image\" content=\"https:\/\/worldofflowerpots.com\/wp-content\/uploads\/2019\/01\/fiberglas-pflanzgef\u00e4\u00dfe-Marco-2.jpg\" \/>\n\t<meta property=\"og:image:width\" content=\"1920\" \/>\n\t<meta property=\"og:image:height\" content=\"1080\" \/>\n\t<meta property=\"og:image:type\" content=\"image\/jpeg\" \/>\n<meta name=\"twitter:card\" content=\"summary_large_image\" \/>\n<meta name=\"twitter:label1\" content=\"Gesch\u00e4tzte Lesezeit\" \/>\n\t<meta name=\"twitter:data1\" content=\"2\u00a0Minuten\" \/>\n<script type=\"application\/ld+json\" class=\"yoast-schema-graph\">{\"@context\":\"https:\\\/\\\/schema.org\",\"@graph\":[{\"@type\":\"WebPage\",\"@id\":\"https:\\\/\\\/worldofflowerpots.com\\\/sklep\\\/fiberglas-pflanzgefase-marco-2\\\/\",\"url\":\"https:\\\/\\\/worldofflowerpots.com\\\/sklep\\\/fiberglas-pflanzgefase-marco-2\\\/\",\"name\":\"Fiberglas pflanzgef\u00e4sse mit einem quadratischen Querschnit\",\"isPartOf\":{\"@id\":\"https:\\\/\\\/worldofflowerpots.com\\\/#website\"},\"primaryImageOfPage\":{\"@id\":\"https:\\\/\\\/worldofflowerpots.com\\\/sklep\\\/fiberglas-pflanzgefase-marco-2\\\/#primaryimage\"},\"image\":{\"@id\":\"https:\\\/\\\/worldofflowerpots.com\\\/sklep\\\/fiberglas-pflanzgefase-marco-2\\\/#primaryimage\"},\"thumbnailUrl\":\"https:\\\/\\\/worldofflowerpots.com\\\/wp-content\\\/uploads\\\/2019\\\/01\\\/fiberglas-pflanzgef\u00e4\u00dfe-Marco-2.jpg\",\"datePublished\":\"2019-01-18T14:08:59+00:00\",\"dateModified\":\"2019-04-16T07:38:43+00:00\",\"description\":\"Die pflanzgef\u00e4sse bestehen aus Fiberglas, sind leicht, stabil und witterungsbest\u00e4ndig und k\u00f6nnen sowohl innen als auch au\u00dfen verwendet werden\",\"breadcrumb\":{\"@id\":\"https:\\\/\\\/worldofflowerpots.com\\\/sklep\\\/fiberglas-pflanzgefase-marco-2\\\/#breadcrumb\"},\"inLanguage\":\"de\",\"potentialAction\":[{\"@type\":\"ReadAction\",\"target\":[\"https:\\\/\\\/worldofflowerpots.com\\\/sklep\\\/fiberglas-pflanzgefase-marco-2\\\/\"]}]},{\"@type\":\"ImageObject\",\"inLanguage\":\"de\",\"@id\":\"https:\\\/\\\/worldofflowerpots.com\\\/sklep\\\/fiberglas-pflanzgefase-marco-2\\\/#primaryimage\",\"url\":\"https:\\\/\\\/worldofflowerpots.com\\\/wp-content\\\/uploads\\\/2019\\\/01\\\/fiberglas-pflanzgef\u00e4\u00dfe-Marco-2.jpg\",\"contentUrl\":\"https:\\\/\\\/worldofflowerpots.com\\\/wp-content\\\/uploads\\\/2019\\\/01\\\/fiberglas-pflanzgef\u00e4\u00dfe-Marco-2.jpg\",\"width\":1920,\"height\":1080},{\"@type\":\"BreadcrumbList\",\"@id\":\"https:\\\/\\\/worldofflowerpots.com\\\/sklep\\\/fiberglas-pflanzgefase-marco-2\\\/#breadcrumb\",\"itemListElement\":[{\"@type\":\"ListItem\",\"position\":1,\"name\":\"Strona g\u0142\u00f3wna\",\"item\":\"https:\\\/\\\/worldofflowerpots.com\\\/blumenkuebel-grosse-auswahl\\\/\"},{\"@type\":\"ListItem\",\"position\":2,\"name\":\"Shop\",\"item\":\"https:\\\/\\\/worldofflowerpots.com\\\/sortiment\\\/\"},{\"@type\":\"ListItem\",\"position\":3,\"name\":\"Fiberglas pflanzgef\u00e4\u00dfe Marco 2\"}]},{\"@type\":\"WebSite\",\"@id\":\"https:\\\/\\\/worldofflowerpots.com\\\/#website\",\"url\":\"https:\\\/\\\/worldofflowerpots.com\\\/\",\"name\":\"Blumenk\u00fcbel World of Flowerpots\",\"description\":\"Pflanzk\u00fcbel beton, blumentr\u00f6ge, blumenk\u00fcbel gro\u00df, cortenstahl, fiberglas\",\"potentialAction\":[{\"@type\":\"SearchAction\",\"target\":{\"@type\":\"EntryPoint\",\"urlTemplate\":\"https:\\\/\\\/worldofflowerpots.com\\\/?s={search_term_string}\"},\"query-input\":{\"@type\":\"PropertyValueSpecification\",\"valueRequired\":true,\"valueName\":\"search_term_string\"}}],\"inLanguage\":\"de\"}]}<\/script>\n<!-- \/ Yoast SEO plugin. -->","yoast_head_json":{"title":"Fiberglas pflanzgef\u00e4sse mit einem quadratischen Querschnit","description":"Die pflanzgef\u00e4sse bestehen aus Fiberglas, sind leicht, stabil und witterungsbest\u00e4ndig und k\u00f6nnen sowohl innen als auch au\u00dfen verwendet werden","robots":{"index":"index","follow":"follow","max-snippet":"max-snippet:-1","max-image-preview":"max-image-preview:large","max-video-preview":"max-video-preview:-1"},"canonical":"https:\/\/worldofflowerpots.com\/sklep\/fiberglas-pflanzgefase-marco-2\/","og_locale":"de_DE","og_type":"article","og_title":"Fiberglas pflanzgef\u00e4sse mit einem quadratischen Querschnit","og_description":"Die pflanzgef\u00e4sse bestehen aus Fiberglas, sind leicht, stabil und witterungsbest\u00e4ndig und k\u00f6nnen sowohl innen als auch au\u00dfen verwendet werden","og_url":"https:\/\/worldofflowerpots.com\/sklep\/fiberglas-pflanzgefase-marco-2\/","og_site_name":"Blumenk\u00fcbel World of Flowerpots","article_modified_time":"2019-04-16T07:38:43+00:00","og_image":[{"width":1920,"height":1080,"url":"https:\/\/worldofflowerpots.com\/wp-content\/uploads\/2019\/01\/fiberglas-pflanzgef\u00e4\u00dfe-Marco-2.jpg","type":"image\/jpeg"}],"twitter_card":"summary_large_image","twitter_misc":{"Gesch\u00e4tzte Lesezeit":"2\u00a0Minuten"},"schema":{"@context":"https:\/\/schema.org","@graph":[{"@type":"WebPage","@id":"https:\/\/worldofflowerpots.com\/sklep\/fiberglas-pflanzgefase-marco-2\/","url":"https:\/\/worldofflowerpots.com\/sklep\/fiberglas-pflanzgefase-marco-2\/","name":"Fiberglas pflanzgef\u00e4sse mit einem quadratischen Querschnit","isPartOf":{"@id":"https:\/\/worldofflowerpots.com\/#website"},"primaryImageOfPage":{"@id":"https:\/\/worldofflowerpots.com\/sklep\/fiberglas-pflanzgefase-marco-2\/#primaryimage"},"image":{"@id":"https:\/\/worldofflowerpots.com\/sklep\/fiberglas-pflanzgefase-marco-2\/#primaryimage"},"thumbnailUrl":"https:\/\/worldofflowerpots.com\/wp-content\/uploads\/2019\/01\/fiberglas-pflanzgef\u00e4\u00dfe-Marco-2.jpg","datePublished":"2019-01-18T14:08:59+00:00","dateModified":"2019-04-16T07:38:43+00:00","description":"Die pflanzgef\u00e4sse bestehen aus Fiberglas, sind leicht, stabil und witterungsbest\u00e4ndig und k\u00f6nnen sowohl innen als auch au\u00dfen verwendet werden","breadcrumb":{"@id":"https:\/\/worldofflowerpots.com\/sklep\/fiberglas-pflanzgefase-marco-2\/#breadcrumb"},"inLanguage":"de","potentialAction":[{"@type":"ReadAction","target":["https:\/\/worldofflowerpots.com\/sklep\/fiberglas-pflanzgefase-marco-2\/"]}]},{"@type":"ImageObject","inLanguage":"de","@id":"https:\/\/worldofflowerpots.com\/sklep\/fiberglas-pflanzgefase-marco-2\/#primaryimage","url":"https:\/\/worldofflowerpots.com\/wp-content\/uploads\/2019\/01\/fiberglas-pflanzgef\u00e4\u00dfe-Marco-2.jpg","contentUrl":"https:\/\/worldofflowerpots.com\/wp-content\/uploads\/2019\/01\/fiberglas-pflanzgef\u00e4\u00dfe-Marco-2.jpg","width":1920,"height":1080},{"@type":"BreadcrumbList","@id":"https:\/\/worldofflowerpots.com\/sklep\/fiberglas-pflanzgefase-marco-2\/#breadcrumb","itemListElement":[{"@type":"ListItem","position":1,"name":"Strona g\u0142\u00f3wna","item":"https:\/\/worldofflowerpots.com\/blumenkuebel-grosse-auswahl\/"},{"@type":"ListItem","position":2,"name":"Shop","item":"https:\/\/worldofflowerpots.com\/sortiment\/"},{"@type":"ListItem","position":3,"name":"Fiberglas pflanzgef\u00e4\u00dfe Marco 2"}]},{"@type":"WebSite","@id":"https:\/\/worldofflowerpots.com\/#website","url":"https:\/\/worldofflowerpots.com\/","name":"Blumenk\u00fcbel World of Flowerpots","description":"Pflanzk\u00fcbel beton, blumentr\u00f6ge, blumenk\u00fcbel gro\u00df, cortenstahl, fiberglas","potentialAction":[{"@type":"SearchAction","target":{"@type":"EntryPoint","urlTemplate":"https:\/\/worldofflowerpots.com\/?s={search_term_string}"},"query-input":{"@type":"PropertyValueSpecification","valueRequired":true,"valueName":"search_term_string"}}],"inLanguage":"de"}]}},"_links":{"self":[{"href":"https:\/\/worldofflowerpots.com\/de\/wp-json\/wp\/v2\/product\/52538","targetHints":{"allow":["GET"]}}],"collection":[{"href":"https:\/\/worldofflowerpots.com\/de\/wp-json\/wp\/v2\/product"}],"about":[{"href":"https:\/\/worldofflowerpots.com\/de\/wp-json\/wp\/v2\/types\/product"}],"wp:featuredmedia":[{"embeddable":true,"href":"https:\/\/worldofflowerpots.com\/de\/wp-json\/wp\/v2\/media\/59299"}],"wp:attachment":[{"href":"https:\/\/worldofflowerpots.com\/de\/wp-json\/wp\/v2\/media?parent=52538"}],"wp:term":[{"taxonomy":"product_brand","embeddable":true,"href":"https:\/\/worldofflowerpots.com\/de\/wp-json\/wp\/v2\/product_brand?post=52538"},{"taxonomy":"product_cat","embeddable":true,"href":"https:\/\/worldofflowerpots.com\/de\/wp-json\/wp\/v2\/product_cat?post=52538"},{"taxonomy":"product_tag","embeddable":true,"href":"https:\/\/worldofflowerpots.com\/de\/wp-json\/wp\/v2\/product_tag?post=52538"}],"curies":[{"name":"wp","href":"https:\/\/api.w.org\/{rel}","templated":true}]}}