{"id":52541,"date":"2019-01-18T15:08:59","date_gmt":"2019-01-18T14:08:59","guid":{"rendered":"https:\/\/worldofflowerpots.com\/sklep\/unkategorisiert\/fiberglas-blumentopf-marco-1\/"},"modified":"2019-04-16T09:40:30","modified_gmt":"2019-04-16T07:40:30","slug":"fiberglas-blumentopf-marco-1","status":"publish","type":"product","link":"https:\/\/worldofflowerpots.com\/de\/sortiment\/fiberglas-blumentopf-marco-1\/","title":{"rendered":"Fiberglas blumentopf Marco 1"},"content":{"rendered":"<h2>Fiberglas blumentopf\u00a0 Marco 1 \u2013 schlichte Eleganz<\/h2>\n<p>Der Blumenk\u00fcbel Marco ist ein Fiberglas blumentopf und wirkt schlicht, aber gleichzeitig elegant. Der Blumenk\u00fcbel eignet sich hervorragend f\u00fcr das Aufstellen im Wintergarten, aber auch auf der Terrasse. Ein solcher Pflanzk\u00fcbel rechteckig wird jeden Eingangsbereich verzaubern und ist witterungsbest\u00e4ndig. Der Blumenk\u00fcbel Anthrazit ist mit einem gro\u00dfen Volumen versehen und fasst auch gerne mehrere Pflanzen. Damit kann sich jeder Hobbyg\u00e4rtner austoben. Nat\u00fcrlich ist es auch m\u00f6glich mehrere Pflanzk\u00fcbel rechteckig in Reihe aufzustellen.<\/p>\n<p><strong>Lebensraum m\u00f6glichst dekorativ zu pr\u00e4sentieren<\/strong><\/p>\n<p>Dadurch kann eine Grenze oder auch ein Zaun geschaffen werden. Mit dem Blumenk\u00fcbel sind der Phantasie keinerlei Grenzen gesetzt. Er ist \u00fcberaus massiv und wird sich einfach mit Erde bef\u00fcllen lassen. Sollte die Pflanze zu gro\u00df werden, dann kann diese auch leicht wieder ausgetopft werden. In diesem Fiberglas blumentopf ist das aber eher nicht m\u00f6glich. Damit kann sich jeder Nutzer nun etwas ganz besonderes kaufen f\u00fcr die eigene Terrasse oder den Balkon.<\/p>\n<p><strong>Bei uns findet jeder Pflanzenliebhaber das passende Gef\u00e4\u00df<\/strong><\/p>\n<p>Daf\u00fcr ist der Pflanzenk\u00fcbel Marco 1 wie geschaffen, da er die Form eines W\u00fcrfels besitzt. Seine Kantenl\u00e4ngen betragen 50 Zentimeter, ebenso wie die H\u00f6he. Der Pflanzenk\u00fcbel ist aus Fiberglas gefertigt und kann sowohl in Innenr\u00e4umen als auch au\u00dfen, beispielsweise auf der Terrasse, einer Veranda oder einem Balkon aufgestellt werden. Das Fassungsverm\u00f6gen des Pflanzenk\u00fcbels betr\u00e4gt 124 Liter bei einem Leergewicht von 9 Kilogramm. Der Kunde kann sich seine bevorzugte Farbe bei der Bestellung ausw\u00e4hlen. Wenn mindestens 4 Pflanzenk\u00fcbel bestellt werden, kann die Farbe individuell gestaltet werden. Dank seiner W\u00fcrfelform ist der Pflanzenk\u00fcbel Marco 1 sehr vielseitig einsetzbar. Er kann sowohl einzelne Pflanzen als auch kleine Gruppen aufnehmen und wirkt sehr dekorativ in einem B\u00fcro, gro\u00dfen Wohnraum oder Restaurant oder auf einer Terrasse.<\/p>\n","protected":false},"excerpt":{"rendered":"<p>Material : Fiberglas<br \/>\nFarben: RAL 9010,9016,7045,7012,7021,9005<br \/>\nAndere RAL Farben Mindestabnahme 5 St\u00fcck<br \/>\nUV-resistent Isoliert mit Styropor<br \/>\nGewicht : 9kg<br \/>\nAbmessungen B500mm H500mm L500mm<br \/>\nWetterfest<br \/>\nFrostbest\u00e4ndig bei gew\u00e4hrleistetem Wasserablauf<\/p>\n","protected":false},"featured_media":59309,"template":"","meta":{"_acf_changed":false},"product_brand":[],"product_cat":[268],"product_tag":[],"class_list":{"0":"post-52541","1":"product","2":"type-product","3":"status-publish","4":"has-post-thumbnail","6":"product_cat-pflanzkuebel-fiberglas","7":"description-off","8":"tm-has-options","10":"first","11":"instock","12":"shipping-taxable","13":"purchasable","14":"product-type-simple"},"acf":[],"yoast_head":"<!-- This site is optimized with the Yoast SEO plugin v27.5 - https:\/\/yoast.com\/product\/yoast-seo-wordpress\/ -->\n<title>Fiberglas blumentopf\u00a0 ein W\u00fcrfel f\u00fcr Wintergarten oder Terrasse<\/title>\n<meta name=\"description\" content=\"Der Blumentopf ist aus Fiberglas gefertigt und kann sowohl in Innenr\u00e4umen als auch au\u00dfen oder einem Balkon aufgestellt werden.\" \/>\n<meta name=\"robots\" content=\"index, follow, max-snippet:-1, max-image-preview:large, max-video-preview:-1\" \/>\n<link rel=\"canonical\" href=\"https:\/\/worldofflowerpots.com\/sklep\/fiberglas-blumentopf-marco-1\/\" \/>\n<meta property=\"og:locale\" content=\"de_DE\" \/>\n<meta property=\"og:type\" content=\"article\" \/>\n<meta property=\"og:title\" content=\"Fiberglas blumentopf\u00a0 ein W\u00fcrfel f\u00fcr Wintergarten oder Terrasse\" \/>\n<meta property=\"og:description\" content=\"Der Blumentopf ist aus Fiberglas gefertigt und kann sowohl in Innenr\u00e4umen als auch au\u00dfen oder einem Balkon aufgestellt werden.\" \/>\n<meta property=\"og:url\" content=\"https:\/\/worldofflowerpots.com\/sklep\/fiberglas-blumentopf-marco-1\/\" \/>\n<meta property=\"og:site_name\" content=\"Blumenk\u00fcbel World of Flowerpots\" \/>\n<meta property=\"article:modified_time\" content=\"2019-04-16T07:40:30+00:00\" \/>\n<meta property=\"og:image\" content=\"https:\/\/worldofflowerpots.com\/wp-content\/uploads\/2019\/01\/fiberglas-blumentopf-Marco-1.jpg\" \/>\n\t<meta property=\"og:image:width\" content=\"1920\" \/>\n\t<meta property=\"og:image:height\" content=\"1080\" \/>\n\t<meta property=\"og:image:type\" content=\"image\/jpeg\" \/>\n<meta name=\"twitter:card\" content=\"summary_large_image\" \/>\n<meta name=\"twitter:label1\" content=\"Gesch\u00e4tzte Lesezeit\" \/>\n\t<meta name=\"twitter:data1\" content=\"2\u00a0Minuten\" \/>\n<script type=\"application\/ld+json\" class=\"yoast-schema-graph\">{\"@context\":\"https:\\\/\\\/schema.org\",\"@graph\":[{\"@type\":\"WebPage\",\"@id\":\"https:\\\/\\\/worldofflowerpots.com\\\/sklep\\\/fiberglas-blumentopf-marco-1\\\/\",\"url\":\"https:\\\/\\\/worldofflowerpots.com\\\/sklep\\\/fiberglas-blumentopf-marco-1\\\/\",\"name\":\"Fiberglas blumentopf\u00a0 ein W\u00fcrfel f\u00fcr Wintergarten oder Terrasse\",\"isPartOf\":{\"@id\":\"https:\\\/\\\/worldofflowerpots.com\\\/#website\"},\"primaryImageOfPage\":{\"@id\":\"https:\\\/\\\/worldofflowerpots.com\\\/sklep\\\/fiberglas-blumentopf-marco-1\\\/#primaryimage\"},\"image\":{\"@id\":\"https:\\\/\\\/worldofflowerpots.com\\\/sklep\\\/fiberglas-blumentopf-marco-1\\\/#primaryimage\"},\"thumbnailUrl\":\"https:\\\/\\\/worldofflowerpots.com\\\/wp-content\\\/uploads\\\/2019\\\/01\\\/fiberglas-blumentopf-Marco-1.jpg\",\"datePublished\":\"2019-01-18T14:08:59+00:00\",\"dateModified\":\"2019-04-16T07:40:30+00:00\",\"description\":\"Der Blumentopf ist aus Fiberglas gefertigt und kann sowohl in Innenr\u00e4umen als auch au\u00dfen oder einem Balkon aufgestellt werden.\",\"breadcrumb\":{\"@id\":\"https:\\\/\\\/worldofflowerpots.com\\\/sklep\\\/fiberglas-blumentopf-marco-1\\\/#breadcrumb\"},\"inLanguage\":\"de\",\"potentialAction\":[{\"@type\":\"ReadAction\",\"target\":[\"https:\\\/\\\/worldofflowerpots.com\\\/sklep\\\/fiberglas-blumentopf-marco-1\\\/\"]}]},{\"@type\":\"ImageObject\",\"inLanguage\":\"de\",\"@id\":\"https:\\\/\\\/worldofflowerpots.com\\\/sklep\\\/fiberglas-blumentopf-marco-1\\\/#primaryimage\",\"url\":\"https:\\\/\\\/worldofflowerpots.com\\\/wp-content\\\/uploads\\\/2019\\\/01\\\/fiberglas-blumentopf-Marco-1.jpg\",\"contentUrl\":\"https:\\\/\\\/worldofflowerpots.com\\\/wp-content\\\/uploads\\\/2019\\\/01\\\/fiberglas-blumentopf-Marco-1.jpg\",\"width\":1920,\"height\":1080},{\"@type\":\"BreadcrumbList\",\"@id\":\"https:\\\/\\\/worldofflowerpots.com\\\/sklep\\\/fiberglas-blumentopf-marco-1\\\/#breadcrumb\",\"itemListElement\":[{\"@type\":\"ListItem\",\"position\":1,\"name\":\"Strona g\u0142\u00f3wna\",\"item\":\"https:\\\/\\\/worldofflowerpots.com\\\/blumenkuebel-grosse-auswahl\\\/\"},{\"@type\":\"ListItem\",\"position\":2,\"name\":\"Shop\",\"item\":\"https:\\\/\\\/worldofflowerpots.com\\\/sortiment\\\/\"},{\"@type\":\"ListItem\",\"position\":3,\"name\":\"Fiberglas blumentopf Marco 1\"}]},{\"@type\":\"WebSite\",\"@id\":\"https:\\\/\\\/worldofflowerpots.com\\\/#website\",\"url\":\"https:\\\/\\\/worldofflowerpots.com\\\/\",\"name\":\"Blumenk\u00fcbel World of Flowerpots\",\"description\":\"Pflanzk\u00fcbel beton, blumentr\u00f6ge, blumenk\u00fcbel gro\u00df, cortenstahl, fiberglas\",\"potentialAction\":[{\"@type\":\"SearchAction\",\"target\":{\"@type\":\"EntryPoint\",\"urlTemplate\":\"https:\\\/\\\/worldofflowerpots.com\\\/?s={search_term_string}\"},\"query-input\":{\"@type\":\"PropertyValueSpecification\",\"valueRequired\":true,\"valueName\":\"search_term_string\"}}],\"inLanguage\":\"de\"}]}<\/script>\n<!-- \/ Yoast SEO plugin. -->","yoast_head_json":{"title":"Fiberglas blumentopf\u00a0 ein W\u00fcrfel f\u00fcr Wintergarten oder Terrasse","description":"Der Blumentopf ist aus Fiberglas gefertigt und kann sowohl in Innenr\u00e4umen als auch au\u00dfen oder einem Balkon aufgestellt werden.","robots":{"index":"index","follow":"follow","max-snippet":"max-snippet:-1","max-image-preview":"max-image-preview:large","max-video-preview":"max-video-preview:-1"},"canonical":"https:\/\/worldofflowerpots.com\/sklep\/fiberglas-blumentopf-marco-1\/","og_locale":"de_DE","og_type":"article","og_title":"Fiberglas blumentopf\u00a0 ein W\u00fcrfel f\u00fcr Wintergarten oder Terrasse","og_description":"Der Blumentopf ist aus Fiberglas gefertigt und kann sowohl in Innenr\u00e4umen als auch au\u00dfen oder einem Balkon aufgestellt werden.","og_url":"https:\/\/worldofflowerpots.com\/sklep\/fiberglas-blumentopf-marco-1\/","og_site_name":"Blumenk\u00fcbel World of Flowerpots","article_modified_time":"2019-04-16T07:40:30+00:00","og_image":[{"width":1920,"height":1080,"url":"https:\/\/worldofflowerpots.com\/wp-content\/uploads\/2019\/01\/fiberglas-blumentopf-Marco-1.jpg","type":"image\/jpeg"}],"twitter_card":"summary_large_image","twitter_misc":{"Gesch\u00e4tzte Lesezeit":"2\u00a0Minuten"},"schema":{"@context":"https:\/\/schema.org","@graph":[{"@type":"WebPage","@id":"https:\/\/worldofflowerpots.com\/sklep\/fiberglas-blumentopf-marco-1\/","url":"https:\/\/worldofflowerpots.com\/sklep\/fiberglas-blumentopf-marco-1\/","name":"Fiberglas blumentopf\u00a0 ein W\u00fcrfel f\u00fcr Wintergarten oder Terrasse","isPartOf":{"@id":"https:\/\/worldofflowerpots.com\/#website"},"primaryImageOfPage":{"@id":"https:\/\/worldofflowerpots.com\/sklep\/fiberglas-blumentopf-marco-1\/#primaryimage"},"image":{"@id":"https:\/\/worldofflowerpots.com\/sklep\/fiberglas-blumentopf-marco-1\/#primaryimage"},"thumbnailUrl":"https:\/\/worldofflowerpots.com\/wp-content\/uploads\/2019\/01\/fiberglas-blumentopf-Marco-1.jpg","datePublished":"2019-01-18T14:08:59+00:00","dateModified":"2019-04-16T07:40:30+00:00","description":"Der Blumentopf ist aus Fiberglas gefertigt und kann sowohl in Innenr\u00e4umen als auch au\u00dfen oder einem Balkon aufgestellt werden.","breadcrumb":{"@id":"https:\/\/worldofflowerpots.com\/sklep\/fiberglas-blumentopf-marco-1\/#breadcrumb"},"inLanguage":"de","potentialAction":[{"@type":"ReadAction","target":["https:\/\/worldofflowerpots.com\/sklep\/fiberglas-blumentopf-marco-1\/"]}]},{"@type":"ImageObject","inLanguage":"de","@id":"https:\/\/worldofflowerpots.com\/sklep\/fiberglas-blumentopf-marco-1\/#primaryimage","url":"https:\/\/worldofflowerpots.com\/wp-content\/uploads\/2019\/01\/fiberglas-blumentopf-Marco-1.jpg","contentUrl":"https:\/\/worldofflowerpots.com\/wp-content\/uploads\/2019\/01\/fiberglas-blumentopf-Marco-1.jpg","width":1920,"height":1080},{"@type":"BreadcrumbList","@id":"https:\/\/worldofflowerpots.com\/sklep\/fiberglas-blumentopf-marco-1\/#breadcrumb","itemListElement":[{"@type":"ListItem","position":1,"name":"Strona g\u0142\u00f3wna","item":"https:\/\/worldofflowerpots.com\/blumenkuebel-grosse-auswahl\/"},{"@type":"ListItem","position":2,"name":"Shop","item":"https:\/\/worldofflowerpots.com\/sortiment\/"},{"@type":"ListItem","position":3,"name":"Fiberglas blumentopf Marco 1"}]},{"@type":"WebSite","@id":"https:\/\/worldofflowerpots.com\/#website","url":"https:\/\/worldofflowerpots.com\/","name":"Blumenk\u00fcbel World of Flowerpots","description":"Pflanzk\u00fcbel beton, blumentr\u00f6ge, blumenk\u00fcbel gro\u00df, cortenstahl, fiberglas","potentialAction":[{"@type":"SearchAction","target":{"@type":"EntryPoint","urlTemplate":"https:\/\/worldofflowerpots.com\/?s={search_term_string}"},"query-input":{"@type":"PropertyValueSpecification","valueRequired":true,"valueName":"search_term_string"}}],"inLanguage":"de"}]}},"_links":{"self":[{"href":"https:\/\/worldofflowerpots.com\/de\/wp-json\/wp\/v2\/product\/52541","targetHints":{"allow":["GET"]}}],"collection":[{"href":"https:\/\/worldofflowerpots.com\/de\/wp-json\/wp\/v2\/product"}],"about":[{"href":"https:\/\/worldofflowerpots.com\/de\/wp-json\/wp\/v2\/types\/product"}],"wp:featuredmedia":[{"embeddable":true,"href":"https:\/\/worldofflowerpots.com\/de\/wp-json\/wp\/v2\/media\/59309"}],"wp:attachment":[{"href":"https:\/\/worldofflowerpots.com\/de\/wp-json\/wp\/v2\/media?parent=52541"}],"wp:term":[{"taxonomy":"product_brand","embeddable":true,"href":"https:\/\/worldofflowerpots.com\/de\/wp-json\/wp\/v2\/product_brand?post=52541"},{"taxonomy":"product_cat","embeddable":true,"href":"https:\/\/worldofflowerpots.com\/de\/wp-json\/wp\/v2\/product_cat?post=52541"},{"taxonomy":"product_tag","embeddable":true,"href":"https:\/\/worldofflowerpots.com\/de\/wp-json\/wp\/v2\/product_tag?post=52541"}],"curies":[{"name":"wp","href":"https:\/\/api.w.org\/{rel}","templated":true}]}}