{"id":52544,"date":"2019-01-18T15:08:28","date_gmt":"2019-01-18T14:08:28","guid":{"rendered":"https:\/\/worldofflowerpots.com\/sklep\/unkategorisiert\/beton-pflanzkubel-molto-grande-blumen-und-pflanzen-angemessen-prasentieren\/"},"modified":"2019-04-15T08:19:57","modified_gmt":"2019-04-15T06:19:57","slug":"beton-pflanzkubel-molto-grande-blumen-und-pflanzen-angemessen-prasentieren","status":"publish","type":"product","link":"https:\/\/worldofflowerpots.com\/de\/sortiment\/beton-pflanzkubel-molto-grande-blumen-und-pflanzen-angemessen-prasentieren\/","title":{"rendered":"Beton Pflanzk\u00fcbel    Model Molto Grande"},"content":{"rendered":"<div id=\"attachment_58959\" style=\"width: 1034px\" class=\"wp-caption aligncenter\"><img loading=\"lazy\" decoding=\"async\" aria-describedby=\"caption-attachment-58959\" class=\"wp-image-58959 size-large\" src=\"https:\/\/worldofflowerpots.com\/wp-content\/uploads\/2017\/01\/Richtig-bepflanzen--1024x576.jpg\" alt=\"\" width=\"1024\" height=\"576\" srcset=\"https:\/\/worldofflowerpots.com\/wp-content\/uploads\/2017\/01\/Richtig-bepflanzen--1024x576.jpg 1024w, https:\/\/worldofflowerpots.com\/wp-content\/uploads\/2017\/01\/Richtig-bepflanzen--300x169.jpg 300w, https:\/\/worldofflowerpots.com\/wp-content\/uploads\/2017\/01\/Richtig-bepflanzen--768x432.jpg 768w, https:\/\/worldofflowerpots.com\/wp-content\/uploads\/2017\/01\/Richtig-bepflanzen--600x338.jpg 600w, https:\/\/worldofflowerpots.com\/wp-content\/uploads\/2017\/01\/Richtig-bepflanzen-.jpg 1920w\" sizes=\"auto, (max-width: 1024px) 100vw, 1024px\" \/><p id=\"caption-attachment-58959\" class=\"wp-caption-text\">Richtig bepflanzen<\/p><\/div>\n<h2>Wer \u00fcppige Bl\u00fcten sehen will, braucht ordentliche Blument\u00f6pfe<\/h2>\n<p>Sie sind auf der Suche nach einem Blumentopf, in dem Sie [strong]\u00fcppige Bl\u00fctenpracht pr\u00e4sentieren m\u00f6chten? In diesem Fall ist der <strong>Beton Pflanzk\u00fcbel Molto Grande aus Beton<\/strong> ideal geeignet. Hergestellt wird er aus unverw\u00fcstlichem Ultrabeton. Der Beton Pflanzk\u00fcbel eignet sich f\u00fcr <strong>extreme Bedingungen<\/strong>, da er besonders gro\u00df ist, wie es der Name bereits vermuten l\u00e4sst. Dar\u00fcber hinaus ist er in der Lage, viel auszuhalten.\u00a0Die Beton Pflanzk\u00fcbel von World of Flowerpots bestehen aus Ultrabeton, ein unverw\u00fcstliches Material. Beim Molto Grande handelt es sich um einen Blumenk\u00fcbel aus Beton, der f\u00fcr extreme Bedingungen geschaffen wurde. Der Molto Grande ist nicht nur extragro\u00df, wie sein Name besagt, er h\u00e4lt auch unheimlich viel aus. Mit einem Durchmesser von 200 Zentimetern und einer H\u00f6he von 50 Zentimetern bietet dieser Pflanzk\u00fcbel beton Platz f\u00fcr eindrucksvolle Gew\u00e4chse. Dieser Blumenk\u00fcbel aus Beton kann mit 417 Kilogramm belastet werden und fasst ein Volumen von 1050 Litern. Damit bietet der Molto Grande gen\u00fcgend Platz f\u00fcr einen kompletten Garten im Miniaturformat.<\/p>\n<h2>Weitere Informationen \u00fcber den Beton Pflanzk\u00fcbel<\/h2>\n<p>Aufgrund der <strong>riesigen Dimension<\/strong> ist der Beton Pflanzk\u00fcbel bestens <strong>f\u00fcr Gr\u00fcnanlagen und Terrassen geeignet<\/strong>. Hier gedeihen gro\u00dfe Pflanzen perfekt. Das [strong]schlichte Grau und die reliefartige Oberfl\u00e4chenstruktur sorgen daf\u00fcr, dass Sie den Beton Pflanzk\u00fcbel universell kombinieren k\u00f6nnen. Seine <strong>edle Eleganz betont die Wirkung der Pflanzen optimal<\/strong>, sodass sie in Szene gesetzt werden. Das Material Ultrabeton ist ein langlebiger Werkstoff, der nahezu unzerst\u00f6rbar ist. Er h\u00e4lt sogar tiefen Minusgrade stand. Auch Sonneneinstrahlung, Wind und N\u00e4sse k\u00f6nnen ihm nichts anhaben. Der Beton Pflanzk\u00fcbel verformt sich nicht und l\u00e4sst sich leicht reinigen und steht im ausgezeichneten Preis-Leistungs-Verh\u00e4ltnis bereit. So ausgestattet, erf\u00fcllt der Beton Pflanzk\u00fcbel auch h\u00f6chste Anspr\u00fcche. Er eignet sich f\u00fcr den <strong>Innen- und Au\u00dfenbereich<\/strong>, kann also flexibel eingesetzt werden.<\/p>\n<h2><\/h2>\n<h2>Was Sie noch \u00fcber den Beton Pflanzk\u00fcbel wissen sollten<\/h2>\n<p>Wenn Sie einen solch gro\u00dfen Beton Pflanzk\u00fcbel kaufen, ist es wichtig, dass er <strong>an einem angemessenen Ort platziert wird<\/strong>. Dort sollte er auch den gesamten Winter verbleiben k\u00f6nnen. Gerade deshalb ist es wichtig, einen <strong>frostsicheren K\u00fcbel zu besitzen<\/strong>. Allerdings ist auch eine <strong>hohe UV-Best\u00e4ndigkeit wichtig<\/strong>, wenn er auch im Sommer drau\u00dfen steht. Zudem sollte ein guter Pflanzk\u00fcbel mit einem Auslauf ausgestattet sein, damit das \u00fcberfl\u00fcssige Wasser in den Boden einsickern kann. All das kann Molto Grande bieten. Aufgrund seiner praktischen Unzerst\u00f6rbarkeit ist dieser Pflanzk\u00fcbel sehr robust und kann so den verschiedensten Bedingungen trotzen. Er sieht noch nach vielen Jahren der Nutzung optisch attraktiv aus. Der Molto Grande l\u00e4sst sich regelm\u00e4\u00dfig mit neuen sch\u00f6nen Pflanzen f\u00fcllen und wird so zu einem Blickfang. Da schaut jeder gerne hin. Sie k\u00f6nnen ihn im Wohnzimmer platzieren, aber auch im Flur oder in Eingangsbereichen. Selbstverst\u00e4ndlich sieht er auch im Garten wundersch\u00f6n aus. Er f\u00fcgt sich [strong]harmonisch in die nat\u00fcrliche Umgebung ein.<\/p>\n<div class=\"wpb_text_column wpb_content_element \">\n<div class=\"wpb_wrapper\">\n<h2>Molto Grande Pflanzk\u00fcbel xxl aus Ultrabeton<\/h2>\n<p>Dank seiner gro\u00dfartigen Dimension eignet sich dieser Blumenk\u00fcbel aus Beton in Trogform besonders f\u00fcr Terrassen und Gr\u00fcnanlagen, die gro\u00dfe Pflanzen erfordern. Die reliefartige Oberfl\u00e4chenstruktur dieses pflanztrog und die dezente graue Farbe machen den Molto Grande universell kombinierbar. Die schlichte Eleganz dieses Blumenk\u00fcbels aus Beton unterstreicht die Wirkung der Pflanzen, die aus ihm hervorspringen.<\/p>\n<h2>Materialstoff der alles kann<\/h2>\n<p>Beim Material dieses Beton Pflanzk\u00fcbels handelt es sich um Ultrabeton, ein dauerhafter Werkstoff, der kaum zu zerst\u00f6ren ist. Ultrabeton h\u00e4lt K\u00e4lte, auch extreme Minusgrade, ebenso aus wie N\u00e4sse, Wind und Sonneneinstrahlung. Diese Blumenk\u00fcbel aus Beton sind leicht zu reinigen und verformen sich auch nach Jahren nicht. Dar\u00fcber hinaus bieten sie ein hervorragendes Preis-Leistungs-Verh\u00e4ltnis.\u00a0Beim Molto Grande handelt es sich um einen pflanztrog, der h\u00f6chste Anspr\u00fcche befriedigt. Er kann sowohl im Innen- als auch im Au\u00dfenbereich eingesetzt werden und bildet damit die Grundlage f\u00fcr eine gr\u00fcne Oase, die jeden Passanten erfreut.<\/p>\n<h2>Was Sie noch \u00fcber den Beton Pflanzk\u00fcbel wissen sollten<\/h2>\n<p>Wenn Sie einen solch gro\u00dfen Beton Pflanzk\u00fcbel kaufen, ist es wichtig, dass er \u00a0an einem angemessenen Ort platziert wird. Dort sollte er auch den gesamten Winter verbleiben k\u00f6nnen. Gerade deshalb ist es wichtig, einen <strong>frostsicheren K\u00fcbel zu besitzen<\/strong>. Allerdings ist auch eine <strong>hohe UV-Best\u00e4ndigkeit wichtig<\/strong>, wenn er auch im Sommer drau\u00dfen steht. Zudem sollte ein guter Pflanzk\u00fcbel mit einem Auslauf ausgestattet sein, damit das \u00fcberfl\u00fcssige Wasser in den Boden einsickern kann. All das kann Molto Grande bieten. Aufgrund seiner <strong>praktischen Unzerst\u00f6rbarkeit<\/strong>\u00a0ist dieser Pflanzk\u00fcbel sehr robust und kann so den verschiedensten Bedingungen trotzen. Er sieht noch nach vielen Jahren der Nutzung optisch attraktiv aus. Der Molto Grande l\u00e4sst sich regelm\u00e4\u00dfig mit neuen sch\u00f6nen Pflanzen f\u00fcllen und wird so zu einem Blickfang. Da schaut jeder gerne hin. Sie k\u00f6nnen ihn im Wohnzimmer platzieren, aber auch im Flur oder in Eingangsbereichen. Selbstverst\u00e4ndlich sieht er auch im Garten wundersch\u00f6n aus. Er f\u00fcgt sich [strong]harmonisch in die nat\u00fcrliche Umgebung ein.<\/p>\n<h3>Bepflanzen Sie Molto Grande individuell<\/h3>\n<p>Es ist jederzeit m\u00f6glich, den Beton Pflanzk\u00fcbel Molto Grande <strong>nach Ihren individuellen W\u00fcnschen zu bepflanzen<\/strong>. Das ist auch mit kleinen B\u00e4umen m\u00f6glich. Verwenden Sie gemeinsam mit Molto Grande weitere Pflanzk\u00fcbel in anderen Formen. Konische, ovale, quaderf\u00f6rmige oder runde Blument\u00f6pfe sorgen f\u00fcr Abwechslung. Kreieren Sie so dekorative Zonen im Freien. Auch ein Materialmix ist m\u00f6glich. Platzieren Sie den Pflanzk\u00fcbel aus Beton zusammen mit Varianten aus Holz, Kunststoff oder Terrakotta. So sorgen Sie abermals f\u00fcr Abwechslung. Mit diesem sch\u00f6nen Pflanzk\u00fcbel haben Sie jederzeit die M\u00f6glichkeit, eine nat\u00fcrliche Oase zu schaffen. Hier k\u00f6nnen Sie herrlich entspannen und neue Energie sch\u00f6pfen. Durch seine besondere Gr\u00f6\u00dfe f\u00e4llt Molto Grande jedem sofort ins Auge. In Verbindung mit der perfekten Bepflanzung ist Molto Grande ein Highlight.<\/p>\n<\/div>\n<\/div>\n","protected":false},"excerpt":{"rendered":"<p>Gewicht :417kg<br \/>\nAbmessungen \u00a0H500mm \u22052000mm<br \/>\nFarben: Grau, Schwarz, Weiss<br \/>\nUV-resistent<br \/>\nRobust und Stabil<br \/>\nWetterfest<br \/>\n<strong>Frostbest\u00e4ndig bei gew\u00e4hrleistetem Wasserablauf<\/strong><\/p>\n","protected":false},"featured_media":58219,"template":"","meta":{"_acf_changed":false},"product_brand":[],"product_cat":[267],"product_tag":[],"class_list":{"0":"post-52544","1":"product","2":"type-product","3":"status-publish","4":"has-post-thumbnail","6":"product_cat-pflanzkuebel-beton","7":"description-off","8":"tm-has-options","10":"first","11":"instock","12":"shipping-taxable","13":"purchasable","14":"product-type-simple"},"acf":[],"yoast_head":"<!-- This site is optimized with the Yoast SEO plugin v27.5 - https:\/\/yoast.com\/product\/yoast-seo-wordpress\/ -->\n<title>Beton Pflanzk\u00fcbel in drei farben sehr robust f\u00fcr draussen<\/title>\n<meta name=\"description\" content=\"Beim Material dieses Beton Pflanzk\u00fcbels handelt es sich um UHPC - Ultrahochfester Beton, ein dauerhafter Werkstoff, sehr robust.\" \/>\n<meta name=\"robots\" content=\"index, follow, max-snippet:-1, max-image-preview:large, max-video-preview:-1\" \/>\n<link rel=\"canonical\" href=\"https:\/\/worldofflowerpots.com\/sklep\/beton-pflanzkubel-molto-grande-blumen-und-pflanzen-angemessen-prasentieren\/\" \/>\n<meta property=\"og:locale\" content=\"de_DE\" \/>\n<meta property=\"og:type\" content=\"article\" \/>\n<meta property=\"og:title\" content=\"Beton Pflanzk\u00fcbel in drei farben sehr robust f\u00fcr draussen\" \/>\n<meta property=\"og:description\" content=\"Beim Material dieses Beton Pflanzk\u00fcbels handelt es sich um UHPC - Ultrahochfester Beton, ein dauerhafter Werkstoff, sehr robust.\" \/>\n<meta property=\"og:url\" content=\"https:\/\/worldofflowerpots.com\/sklep\/beton-pflanzkubel-molto-grande-blumen-und-pflanzen-angemessen-prasentieren\/\" \/>\n<meta property=\"og:site_name\" content=\"Blumenk\u00fcbel World of Flowerpots\" \/>\n<meta property=\"article:modified_time\" content=\"2019-04-15T06:19:57+00:00\" \/>\n<meta property=\"og:image\" content=\"https:\/\/worldofflowerpots.com\/wp-content\/uploads\/2019\/01\/Beton-pflanzk\u00fcbel-Molto-Grande.jpg\" \/>\n\t<meta property=\"og:image:width\" content=\"1920\" \/>\n\t<meta property=\"og:image:height\" content=\"1080\" \/>\n\t<meta property=\"og:image:type\" content=\"image\/jpeg\" \/>\n<meta name=\"twitter:card\" content=\"summary_large_image\" \/>\n<meta name=\"twitter:label1\" content=\"Gesch\u00e4tzte Lesezeit\" \/>\n\t<meta name=\"twitter:data1\" content=\"5\u00a0Minuten\" \/>\n<script type=\"application\/ld+json\" class=\"yoast-schema-graph\">{\"@context\":\"https:\\\/\\\/schema.org\",\"@graph\":[{\"@type\":\"WebPage\",\"@id\":\"https:\\\/\\\/worldofflowerpots.com\\\/sklep\\\/beton-pflanzkubel-molto-grande-blumen-und-pflanzen-angemessen-prasentieren\\\/\",\"url\":\"https:\\\/\\\/worldofflowerpots.com\\\/sklep\\\/beton-pflanzkubel-molto-grande-blumen-und-pflanzen-angemessen-prasentieren\\\/\",\"name\":\"Beton Pflanzk\u00fcbel in drei farben sehr robust f\u00fcr draussen\",\"isPartOf\":{\"@id\":\"https:\\\/\\\/worldofflowerpots.com\\\/#website\"},\"primaryImageOfPage\":{\"@id\":\"https:\\\/\\\/worldofflowerpots.com\\\/sklep\\\/beton-pflanzkubel-molto-grande-blumen-und-pflanzen-angemessen-prasentieren\\\/#primaryimage\"},\"image\":{\"@id\":\"https:\\\/\\\/worldofflowerpots.com\\\/sklep\\\/beton-pflanzkubel-molto-grande-blumen-und-pflanzen-angemessen-prasentieren\\\/#primaryimage\"},\"thumbnailUrl\":\"https:\\\/\\\/worldofflowerpots.com\\\/wp-content\\\/uploads\\\/2019\\\/01\\\/Beton-pflanzk\u00fcbel-Molto-Grande.jpg\",\"datePublished\":\"2019-01-18T14:08:28+00:00\",\"dateModified\":\"2019-04-15T06:19:57+00:00\",\"description\":\"Beim Material dieses Beton Pflanzk\u00fcbels handelt es sich um UHPC - Ultrahochfester Beton, ein dauerhafter Werkstoff, sehr robust.\",\"breadcrumb\":{\"@id\":\"https:\\\/\\\/worldofflowerpots.com\\\/sklep\\\/beton-pflanzkubel-molto-grande-blumen-und-pflanzen-angemessen-prasentieren\\\/#breadcrumb\"},\"inLanguage\":\"de\",\"potentialAction\":[{\"@type\":\"ReadAction\",\"target\":[\"https:\\\/\\\/worldofflowerpots.com\\\/sklep\\\/beton-pflanzkubel-molto-grande-blumen-und-pflanzen-angemessen-prasentieren\\\/\"]}]},{\"@type\":\"ImageObject\",\"inLanguage\":\"de\",\"@id\":\"https:\\\/\\\/worldofflowerpots.com\\\/sklep\\\/beton-pflanzkubel-molto-grande-blumen-und-pflanzen-angemessen-prasentieren\\\/#primaryimage\",\"url\":\"https:\\\/\\\/worldofflowerpots.com\\\/wp-content\\\/uploads\\\/2019\\\/01\\\/Beton-pflanzk\u00fcbel-Molto-Grande.jpg\",\"contentUrl\":\"https:\\\/\\\/worldofflowerpots.com\\\/wp-content\\\/uploads\\\/2019\\\/01\\\/Beton-pflanzk\u00fcbel-Molto-Grande.jpg\",\"width\":1920,\"height\":1080},{\"@type\":\"BreadcrumbList\",\"@id\":\"https:\\\/\\\/worldofflowerpots.com\\\/sklep\\\/beton-pflanzkubel-molto-grande-blumen-und-pflanzen-angemessen-prasentieren\\\/#breadcrumb\",\"itemListElement\":[{\"@type\":\"ListItem\",\"position\":1,\"name\":\"Strona g\u0142\u00f3wna\",\"item\":\"https:\\\/\\\/worldofflowerpots.com\\\/blumenkuebel-grosse-auswahl\\\/\"},{\"@type\":\"ListItem\",\"position\":2,\"name\":\"Shop\",\"item\":\"https:\\\/\\\/worldofflowerpots.com\\\/sortiment\\\/\"},{\"@type\":\"ListItem\",\"position\":3,\"name\":\"Beton Pflanzk\u00fcbel Model Molto Grande\"}]},{\"@type\":\"WebSite\",\"@id\":\"https:\\\/\\\/worldofflowerpots.com\\\/#website\",\"url\":\"https:\\\/\\\/worldofflowerpots.com\\\/\",\"name\":\"Blumenk\u00fcbel World of Flowerpots\",\"description\":\"Pflanzk\u00fcbel beton, blumentr\u00f6ge, blumenk\u00fcbel gro\u00df, cortenstahl, fiberglas\",\"potentialAction\":[{\"@type\":\"SearchAction\",\"target\":{\"@type\":\"EntryPoint\",\"urlTemplate\":\"https:\\\/\\\/worldofflowerpots.com\\\/?s={search_term_string}\"},\"query-input\":{\"@type\":\"PropertyValueSpecification\",\"valueRequired\":true,\"valueName\":\"search_term_string\"}}],\"inLanguage\":\"de\"}]}<\/script>\n<!-- \/ Yoast SEO plugin. -->","yoast_head_json":{"title":"Beton Pflanzk\u00fcbel in drei farben sehr robust f\u00fcr draussen","description":"Beim Material dieses Beton Pflanzk\u00fcbels handelt es sich um UHPC - Ultrahochfester Beton, ein dauerhafter Werkstoff, sehr robust.","robots":{"index":"index","follow":"follow","max-snippet":"max-snippet:-1","max-image-preview":"max-image-preview:large","max-video-preview":"max-video-preview:-1"},"canonical":"https:\/\/worldofflowerpots.com\/sklep\/beton-pflanzkubel-molto-grande-blumen-und-pflanzen-angemessen-prasentieren\/","og_locale":"de_DE","og_type":"article","og_title":"Beton Pflanzk\u00fcbel in drei farben sehr robust f\u00fcr draussen","og_description":"Beim Material dieses Beton Pflanzk\u00fcbels handelt es sich um UHPC - Ultrahochfester Beton, ein dauerhafter Werkstoff, sehr robust.","og_url":"https:\/\/worldofflowerpots.com\/sklep\/beton-pflanzkubel-molto-grande-blumen-und-pflanzen-angemessen-prasentieren\/","og_site_name":"Blumenk\u00fcbel World of Flowerpots","article_modified_time":"2019-04-15T06:19:57+00:00","og_image":[{"width":1920,"height":1080,"url":"https:\/\/worldofflowerpots.com\/wp-content\/uploads\/2019\/01\/Beton-pflanzk\u00fcbel-Molto-Grande.jpg","type":"image\/jpeg"}],"twitter_card":"summary_large_image","twitter_misc":{"Gesch\u00e4tzte Lesezeit":"5\u00a0Minuten"},"schema":{"@context":"https:\/\/schema.org","@graph":[{"@type":"WebPage","@id":"https:\/\/worldofflowerpots.com\/sklep\/beton-pflanzkubel-molto-grande-blumen-und-pflanzen-angemessen-prasentieren\/","url":"https:\/\/worldofflowerpots.com\/sklep\/beton-pflanzkubel-molto-grande-blumen-und-pflanzen-angemessen-prasentieren\/","name":"Beton Pflanzk\u00fcbel in drei farben sehr robust f\u00fcr draussen","isPartOf":{"@id":"https:\/\/worldofflowerpots.com\/#website"},"primaryImageOfPage":{"@id":"https:\/\/worldofflowerpots.com\/sklep\/beton-pflanzkubel-molto-grande-blumen-und-pflanzen-angemessen-prasentieren\/#primaryimage"},"image":{"@id":"https:\/\/worldofflowerpots.com\/sklep\/beton-pflanzkubel-molto-grande-blumen-und-pflanzen-angemessen-prasentieren\/#primaryimage"},"thumbnailUrl":"https:\/\/worldofflowerpots.com\/wp-content\/uploads\/2019\/01\/Beton-pflanzk\u00fcbel-Molto-Grande.jpg","datePublished":"2019-01-18T14:08:28+00:00","dateModified":"2019-04-15T06:19:57+00:00","description":"Beim Material dieses Beton Pflanzk\u00fcbels handelt es sich um UHPC - Ultrahochfester Beton, ein dauerhafter Werkstoff, sehr robust.","breadcrumb":{"@id":"https:\/\/worldofflowerpots.com\/sklep\/beton-pflanzkubel-molto-grande-blumen-und-pflanzen-angemessen-prasentieren\/#breadcrumb"},"inLanguage":"de","potentialAction":[{"@type":"ReadAction","target":["https:\/\/worldofflowerpots.com\/sklep\/beton-pflanzkubel-molto-grande-blumen-und-pflanzen-angemessen-prasentieren\/"]}]},{"@type":"ImageObject","inLanguage":"de","@id":"https:\/\/worldofflowerpots.com\/sklep\/beton-pflanzkubel-molto-grande-blumen-und-pflanzen-angemessen-prasentieren\/#primaryimage","url":"https:\/\/worldofflowerpots.com\/wp-content\/uploads\/2019\/01\/Beton-pflanzk\u00fcbel-Molto-Grande.jpg","contentUrl":"https:\/\/worldofflowerpots.com\/wp-content\/uploads\/2019\/01\/Beton-pflanzk\u00fcbel-Molto-Grande.jpg","width":1920,"height":1080},{"@type":"BreadcrumbList","@id":"https:\/\/worldofflowerpots.com\/sklep\/beton-pflanzkubel-molto-grande-blumen-und-pflanzen-angemessen-prasentieren\/#breadcrumb","itemListElement":[{"@type":"ListItem","position":1,"name":"Strona g\u0142\u00f3wna","item":"https:\/\/worldofflowerpots.com\/blumenkuebel-grosse-auswahl\/"},{"@type":"ListItem","position":2,"name":"Shop","item":"https:\/\/worldofflowerpots.com\/sortiment\/"},{"@type":"ListItem","position":3,"name":"Beton Pflanzk\u00fcbel Model Molto Grande"}]},{"@type":"WebSite","@id":"https:\/\/worldofflowerpots.com\/#website","url":"https:\/\/worldofflowerpots.com\/","name":"Blumenk\u00fcbel World of Flowerpots","description":"Pflanzk\u00fcbel beton, blumentr\u00f6ge, blumenk\u00fcbel gro\u00df, cortenstahl, fiberglas","potentialAction":[{"@type":"SearchAction","target":{"@type":"EntryPoint","urlTemplate":"https:\/\/worldofflowerpots.com\/?s={search_term_string}"},"query-input":{"@type":"PropertyValueSpecification","valueRequired":true,"valueName":"search_term_string"}}],"inLanguage":"de"}]}},"_links":{"self":[{"href":"https:\/\/worldofflowerpots.com\/de\/wp-json\/wp\/v2\/product\/52544","targetHints":{"allow":["GET"]}}],"collection":[{"href":"https:\/\/worldofflowerpots.com\/de\/wp-json\/wp\/v2\/product"}],"about":[{"href":"https:\/\/worldofflowerpots.com\/de\/wp-json\/wp\/v2\/types\/product"}],"wp:featuredmedia":[{"embeddable":true,"href":"https:\/\/worldofflowerpots.com\/de\/wp-json\/wp\/v2\/media\/58219"}],"wp:attachment":[{"href":"https:\/\/worldofflowerpots.com\/de\/wp-json\/wp\/v2\/media?parent=52544"}],"wp:term":[{"taxonomy":"product_brand","embeddable":true,"href":"https:\/\/worldofflowerpots.com\/de\/wp-json\/wp\/v2\/product_brand?post=52544"},{"taxonomy":"product_cat","embeddable":true,"href":"https:\/\/worldofflowerpots.com\/de\/wp-json\/wp\/v2\/product_cat?post=52544"},{"taxonomy":"product_tag","embeddable":true,"href":"https:\/\/worldofflowerpots.com\/de\/wp-json\/wp\/v2\/product_tag?post=52544"}],"curies":[{"name":"wp","href":"https:\/\/api.w.org\/{rel}","templated":true}]}}