{"id":52550,"date":"2019-01-18T15:08:06","date_gmt":"2019-01-18T14:08:06","guid":{"rendered":"https:\/\/worldofflowerpots.com\/sklep\/unkategorisiert\/pflanzkubel-beton-gross-medio-grande\/"},"modified":"2019-04-15T09:12:04","modified_gmt":"2019-04-15T07:12:04","slug":"pflanzkubel-beton-gross-medio-grande","status":"publish","type":"product","link":"https:\/\/worldofflowerpots.com\/de\/sortiment\/pflanzkubel-beton-gross-medio-grande\/","title":{"rendered":"Pflanzk\u00fcbel beton gross Model  Medio Grande"},"content":{"rendered":"<div id=\"attachment_58959\" style=\"width: 1034px\" class=\"wp-caption aligncenter\"><img loading=\"lazy\" decoding=\"async\" aria-describedby=\"caption-attachment-58959\" class=\"wp-image-58959 size-large\" src=\"https:\/\/worldofflowerpots.com\/wp-content\/uploads\/2017\/01\/Richtig-bepflanzen--1024x576.jpg\" alt=\"\" width=\"1024\" height=\"576\" srcset=\"https:\/\/worldofflowerpots.com\/wp-content\/uploads\/2017\/01\/Richtig-bepflanzen--1024x576.jpg 1024w, https:\/\/worldofflowerpots.com\/wp-content\/uploads\/2017\/01\/Richtig-bepflanzen--300x169.jpg 300w, https:\/\/worldofflowerpots.com\/wp-content\/uploads\/2017\/01\/Richtig-bepflanzen--768x432.jpg 768w, https:\/\/worldofflowerpots.com\/wp-content\/uploads\/2017\/01\/Richtig-bepflanzen--600x338.jpg 600w, https:\/\/worldofflowerpots.com\/wp-content\/uploads\/2017\/01\/Richtig-bepflanzen-.jpg 1920w\" sizes=\"auto, (max-width: 1024px) 100vw, 1024px\" \/><p id=\"caption-attachment-58959\" class=\"wp-caption-text\">Richtig bepflanzen<\/p><\/div>\n<h2>Blumentopf Medio Grande \u2013 Zeitlos und modern<\/h2>\n<p>Der Pflanzk\u00fcbel Beton gross bietet Pflanzen viel Platz zum Gedeihen. Das Pflanzgef\u00e4\u00df wurde aus qualitativ hochwertigem Ultrabeton gefertigt, welches den extremsten Witterungsbedingungen standh\u00e4lt. Mit einem Durchmesser von 200 Zentimertern und einer H\u00f6he von 50 Zentimetern ist der Medio Grande auch f\u00fcr stattliche Gew\u00e4chse das optimale Pflanzgef\u00e4\u00df. Die maximale Belastung wird vom Hersteller mit 1050 Litern angegeben. Mit einem Volumen von 290 Litern eignet sich dieser Pflanzk\u00fcbel beton perfekt dazu, einen kompletten Minigarten auf der Terrasse oder dem Balkon anzulegen.<\/p>\n<h2>Medio Grande ein pflanzk\u00fcbel xxl in unsere Ultrabeton Kollektion<\/h2>\n<p>Der dekorative Pflanzk\u00fcbel Beton gross ist in einem dezenten Grauton gestaltet und f\u00fcgt sich harmonisch in jede Umgebung ein. Die Oberfl\u00e4chenstruktur des Pflanzk\u00fcbels wurde reliefartig gestaltet. Das schlicht elegante Pflanzk\u00fcbel beton Medio Grande l\u00e4sst die darin wachsenden Pflanzen gut zur Geltung kommen.<\/p>\n<h2>Ultrabeton ein Perfekte Material f\u00fcr Pflanzk\u00fcbel beton gross<\/h2>\n<p>Das Material Ultrabeton, aus dem der Pflanzk\u00fcbel beton besteht, ist ein fast unzerst\u00f6rbarer Werkstoff. Das Material weist K\u00e4lte, Frost, Sonneneinstrahlung, N\u00e4sse und Wind ab. Des Weiteren ist der Blumenk\u00fcbel formbest\u00e4ndigen und l\u00e4sst sich bei Bedarf m\u00fchelos und schnell reinigen. Der Blumenk\u00fcbel Beton zeichnet sich weiterhin durch eine hohe Form- und Materialbest\u00e4ndigkeit \u00fcber Jahrzehnte hinweg aus.<\/p>\n<p>Der dekorative Pflanztrog Medio Grande wird den h\u00f6chsten Anspr\u00fcchen bez\u00fcglich Design und Verarbeitung zu Recht. Das Modell l\u00e4sst sich flexibel im Au\u00dfen- und im Innenbereich einsetzen und eignet sich perfekt f\u00fcr die Gestaltung von gr\u00fcnen Oasen, an denen sich jeder Betrachter erfreut. Wer sich f\u00fcr den Blumenk\u00fcbel Beton als Pflanzgef\u00e4\u00df entscheidet, dr\u00fcckt dar\u00fcber hinaus ein ausgepr\u00e4gtes Stilbewusstsein aus. Das klare geradlinige minimalistische Design des Blumenk\u00fcbels medio Grande beweist, dass weniger in vielen F\u00e4llen doch mehr ist.<\/p>\n","protected":false},"excerpt":{"rendered":"<p>Gewicht :150kg<br \/>\nAbmessungen \u00a0H500mm \u22051000mm<br \/>\nFarben: Grau, Schwarz, Weiss<br \/>\nUV-resistent<br \/>\nRobust und Stabil<br \/>\nWetterfest<br \/>\n<strong>Frostbest\u00e4ndig bei gew\u00e4hrleistetem Wasserablauf<\/strong><\/p>\n","protected":false},"featured_media":58204,"template":"","meta":{"_acf_changed":false},"product_brand":[],"product_cat":[267],"product_tag":[],"class_list":{"0":"post-52550","1":"product","2":"type-product","3":"status-publish","4":"has-post-thumbnail","6":"product_cat-pflanzkuebel-beton","7":"description-off","8":"tm-has-options","10":"first","11":"instock","12":"shipping-taxable","13":"purchasable","14":"product-type-simple"},"acf":[],"yoast_head":"<!-- This site is optimized with the Yoast SEO plugin v27.5 - https:\/\/yoast.com\/product\/yoast-seo-wordpress\/ -->\n<title>Pflanzk\u00fcbel beton gross rund in drei Farben Wetter best\u00e4ndig UV-resistent<\/title>\n<meta name=\"description\" content=\"Pflanzk\u00fcbel aus beton ist gross und dekorative wird den h\u00f6chsten Anspr\u00fcchen bez\u00fcglich Design und Verarbeitung zu Recht.Das klare geradlinige Design.\" \/>\n<meta name=\"robots\" content=\"index, follow, max-snippet:-1, max-image-preview:large, max-video-preview:-1\" \/>\n<link rel=\"canonical\" href=\"https:\/\/worldofflowerpots.com\/sklep\/pflanzkubel-beton-gross-medio-grande\/\" \/>\n<meta property=\"og:locale\" content=\"de_DE\" \/>\n<meta property=\"og:type\" content=\"article\" \/>\n<meta property=\"og:title\" content=\"Pflanzk\u00fcbel beton gross rund in drei Farben Wetter best\u00e4ndig UV-resistent\" \/>\n<meta property=\"og:description\" content=\"Pflanzk\u00fcbel aus beton ist gross und dekorative wird den h\u00f6chsten Anspr\u00fcchen bez\u00fcglich Design und Verarbeitung zu Recht.Das klare geradlinige Design.\" \/>\n<meta property=\"og:url\" content=\"https:\/\/worldofflowerpots.com\/sklep\/pflanzkubel-beton-gross-medio-grande\/\" \/>\n<meta property=\"og:site_name\" content=\"Blumenk\u00fcbel World of Flowerpots\" \/>\n<meta property=\"article:modified_time\" content=\"2019-04-15T07:12:04+00:00\" \/>\n<meta property=\"og:image\" content=\"https:\/\/worldofflowerpots.com\/wp-content\/uploads\/2019\/01\/Pflanzk\u00fcbel-beton-gross-Medio-Grande.jpg\" \/>\n\t<meta property=\"og:image:width\" content=\"1920\" \/>\n\t<meta property=\"og:image:height\" content=\"1080\" \/>\n\t<meta property=\"og:image:type\" content=\"image\/jpeg\" \/>\n<meta name=\"twitter:card\" content=\"summary_large_image\" \/>\n<meta name=\"twitter:label1\" content=\"Gesch\u00e4tzte Lesezeit\" \/>\n\t<meta name=\"twitter:data1\" content=\"2\u00a0Minuten\" \/>\n<script type=\"application\/ld+json\" class=\"yoast-schema-graph\">{\"@context\":\"https:\\\/\\\/schema.org\",\"@graph\":[{\"@type\":\"WebPage\",\"@id\":\"https:\\\/\\\/worldofflowerpots.com\\\/sklep\\\/pflanzkubel-beton-gross-medio-grande\\\/\",\"url\":\"https:\\\/\\\/worldofflowerpots.com\\\/sklep\\\/pflanzkubel-beton-gross-medio-grande\\\/\",\"name\":\"Pflanzk\u00fcbel beton gross rund in drei Farben Wetter best\u00e4ndig UV-resistent\",\"isPartOf\":{\"@id\":\"https:\\\/\\\/worldofflowerpots.com\\\/#website\"},\"primaryImageOfPage\":{\"@id\":\"https:\\\/\\\/worldofflowerpots.com\\\/sklep\\\/pflanzkubel-beton-gross-medio-grande\\\/#primaryimage\"},\"image\":{\"@id\":\"https:\\\/\\\/worldofflowerpots.com\\\/sklep\\\/pflanzkubel-beton-gross-medio-grande\\\/#primaryimage\"},\"thumbnailUrl\":\"https:\\\/\\\/worldofflowerpots.com\\\/wp-content\\\/uploads\\\/2019\\\/01\\\/Pflanzk\u00fcbel-beton-gross-Medio-Grande.jpg\",\"datePublished\":\"2019-01-18T14:08:06+00:00\",\"dateModified\":\"2019-04-15T07:12:04+00:00\",\"description\":\"Pflanzk\u00fcbel aus beton ist gross und dekorative wird den h\u00f6chsten Anspr\u00fcchen bez\u00fcglich Design und Verarbeitung zu Recht.Das klare geradlinige Design.\",\"breadcrumb\":{\"@id\":\"https:\\\/\\\/worldofflowerpots.com\\\/sklep\\\/pflanzkubel-beton-gross-medio-grande\\\/#breadcrumb\"},\"inLanguage\":\"de\",\"potentialAction\":[{\"@type\":\"ReadAction\",\"target\":[\"https:\\\/\\\/worldofflowerpots.com\\\/sklep\\\/pflanzkubel-beton-gross-medio-grande\\\/\"]}]},{\"@type\":\"ImageObject\",\"inLanguage\":\"de\",\"@id\":\"https:\\\/\\\/worldofflowerpots.com\\\/sklep\\\/pflanzkubel-beton-gross-medio-grande\\\/#primaryimage\",\"url\":\"https:\\\/\\\/worldofflowerpots.com\\\/wp-content\\\/uploads\\\/2019\\\/01\\\/Pflanzk\u00fcbel-beton-gross-Medio-Grande.jpg\",\"contentUrl\":\"https:\\\/\\\/worldofflowerpots.com\\\/wp-content\\\/uploads\\\/2019\\\/01\\\/Pflanzk\u00fcbel-beton-gross-Medio-Grande.jpg\",\"width\":1920,\"height\":1080},{\"@type\":\"BreadcrumbList\",\"@id\":\"https:\\\/\\\/worldofflowerpots.com\\\/sklep\\\/pflanzkubel-beton-gross-medio-grande\\\/#breadcrumb\",\"itemListElement\":[{\"@type\":\"ListItem\",\"position\":1,\"name\":\"Strona g\u0142\u00f3wna\",\"item\":\"https:\\\/\\\/worldofflowerpots.com\\\/blumenkuebel-grosse-auswahl\\\/\"},{\"@type\":\"ListItem\",\"position\":2,\"name\":\"Shop\",\"item\":\"https:\\\/\\\/worldofflowerpots.com\\\/sortiment\\\/\"},{\"@type\":\"ListItem\",\"position\":3,\"name\":\"Pflanzk\u00fcbel beton gross Model Medio Grande\"}]},{\"@type\":\"WebSite\",\"@id\":\"https:\\\/\\\/worldofflowerpots.com\\\/#website\",\"url\":\"https:\\\/\\\/worldofflowerpots.com\\\/\",\"name\":\"Blumenk\u00fcbel World of Flowerpots\",\"description\":\"Pflanzk\u00fcbel beton, blumentr\u00f6ge, blumenk\u00fcbel gro\u00df, cortenstahl, fiberglas\",\"potentialAction\":[{\"@type\":\"SearchAction\",\"target\":{\"@type\":\"EntryPoint\",\"urlTemplate\":\"https:\\\/\\\/worldofflowerpots.com\\\/?s={search_term_string}\"},\"query-input\":{\"@type\":\"PropertyValueSpecification\",\"valueRequired\":true,\"valueName\":\"search_term_string\"}}],\"inLanguage\":\"de\"}]}<\/script>\n<!-- \/ Yoast SEO plugin. -->","yoast_head_json":{"title":"Pflanzk\u00fcbel beton gross rund in drei Farben Wetter best\u00e4ndig UV-resistent","description":"Pflanzk\u00fcbel aus beton ist gross und dekorative wird den h\u00f6chsten Anspr\u00fcchen bez\u00fcglich Design und Verarbeitung zu Recht.Das klare geradlinige Design.","robots":{"index":"index","follow":"follow","max-snippet":"max-snippet:-1","max-image-preview":"max-image-preview:large","max-video-preview":"max-video-preview:-1"},"canonical":"https:\/\/worldofflowerpots.com\/sklep\/pflanzkubel-beton-gross-medio-grande\/","og_locale":"de_DE","og_type":"article","og_title":"Pflanzk\u00fcbel beton gross rund in drei Farben Wetter best\u00e4ndig UV-resistent","og_description":"Pflanzk\u00fcbel aus beton ist gross und dekorative wird den h\u00f6chsten Anspr\u00fcchen bez\u00fcglich Design und Verarbeitung zu Recht.Das klare geradlinige Design.","og_url":"https:\/\/worldofflowerpots.com\/sklep\/pflanzkubel-beton-gross-medio-grande\/","og_site_name":"Blumenk\u00fcbel World of Flowerpots","article_modified_time":"2019-04-15T07:12:04+00:00","og_image":[{"width":1920,"height":1080,"url":"https:\/\/worldofflowerpots.com\/wp-content\/uploads\/2019\/01\/Pflanzk\u00fcbel-beton-gross-Medio-Grande.jpg","type":"image\/jpeg"}],"twitter_card":"summary_large_image","twitter_misc":{"Gesch\u00e4tzte Lesezeit":"2\u00a0Minuten"},"schema":{"@context":"https:\/\/schema.org","@graph":[{"@type":"WebPage","@id":"https:\/\/worldofflowerpots.com\/sklep\/pflanzkubel-beton-gross-medio-grande\/","url":"https:\/\/worldofflowerpots.com\/sklep\/pflanzkubel-beton-gross-medio-grande\/","name":"Pflanzk\u00fcbel beton gross rund in drei Farben Wetter best\u00e4ndig UV-resistent","isPartOf":{"@id":"https:\/\/worldofflowerpots.com\/#website"},"primaryImageOfPage":{"@id":"https:\/\/worldofflowerpots.com\/sklep\/pflanzkubel-beton-gross-medio-grande\/#primaryimage"},"image":{"@id":"https:\/\/worldofflowerpots.com\/sklep\/pflanzkubel-beton-gross-medio-grande\/#primaryimage"},"thumbnailUrl":"https:\/\/worldofflowerpots.com\/wp-content\/uploads\/2019\/01\/Pflanzk\u00fcbel-beton-gross-Medio-Grande.jpg","datePublished":"2019-01-18T14:08:06+00:00","dateModified":"2019-04-15T07:12:04+00:00","description":"Pflanzk\u00fcbel aus beton ist gross und dekorative wird den h\u00f6chsten Anspr\u00fcchen bez\u00fcglich Design und Verarbeitung zu Recht.Das klare geradlinige Design.","breadcrumb":{"@id":"https:\/\/worldofflowerpots.com\/sklep\/pflanzkubel-beton-gross-medio-grande\/#breadcrumb"},"inLanguage":"de","potentialAction":[{"@type":"ReadAction","target":["https:\/\/worldofflowerpots.com\/sklep\/pflanzkubel-beton-gross-medio-grande\/"]}]},{"@type":"ImageObject","inLanguage":"de","@id":"https:\/\/worldofflowerpots.com\/sklep\/pflanzkubel-beton-gross-medio-grande\/#primaryimage","url":"https:\/\/worldofflowerpots.com\/wp-content\/uploads\/2019\/01\/Pflanzk\u00fcbel-beton-gross-Medio-Grande.jpg","contentUrl":"https:\/\/worldofflowerpots.com\/wp-content\/uploads\/2019\/01\/Pflanzk\u00fcbel-beton-gross-Medio-Grande.jpg","width":1920,"height":1080},{"@type":"BreadcrumbList","@id":"https:\/\/worldofflowerpots.com\/sklep\/pflanzkubel-beton-gross-medio-grande\/#breadcrumb","itemListElement":[{"@type":"ListItem","position":1,"name":"Strona g\u0142\u00f3wna","item":"https:\/\/worldofflowerpots.com\/blumenkuebel-grosse-auswahl\/"},{"@type":"ListItem","position":2,"name":"Shop","item":"https:\/\/worldofflowerpots.com\/sortiment\/"},{"@type":"ListItem","position":3,"name":"Pflanzk\u00fcbel beton gross Model Medio Grande"}]},{"@type":"WebSite","@id":"https:\/\/worldofflowerpots.com\/#website","url":"https:\/\/worldofflowerpots.com\/","name":"Blumenk\u00fcbel World of Flowerpots","description":"Pflanzk\u00fcbel beton, blumentr\u00f6ge, blumenk\u00fcbel gro\u00df, cortenstahl, fiberglas","potentialAction":[{"@type":"SearchAction","target":{"@type":"EntryPoint","urlTemplate":"https:\/\/worldofflowerpots.com\/?s={search_term_string}"},"query-input":{"@type":"PropertyValueSpecification","valueRequired":true,"valueName":"search_term_string"}}],"inLanguage":"de"}]}},"_links":{"self":[{"href":"https:\/\/worldofflowerpots.com\/de\/wp-json\/wp\/v2\/product\/52550","targetHints":{"allow":["GET"]}}],"collection":[{"href":"https:\/\/worldofflowerpots.com\/de\/wp-json\/wp\/v2\/product"}],"about":[{"href":"https:\/\/worldofflowerpots.com\/de\/wp-json\/wp\/v2\/types\/product"}],"wp:featuredmedia":[{"embeddable":true,"href":"https:\/\/worldofflowerpots.com\/de\/wp-json\/wp\/v2\/media\/58204"}],"wp:attachment":[{"href":"https:\/\/worldofflowerpots.com\/de\/wp-json\/wp\/v2\/media?parent=52550"}],"wp:term":[{"taxonomy":"product_brand","embeddable":true,"href":"https:\/\/worldofflowerpots.com\/de\/wp-json\/wp\/v2\/product_brand?post=52550"},{"taxonomy":"product_cat","embeddable":true,"href":"https:\/\/worldofflowerpots.com\/de\/wp-json\/wp\/v2\/product_cat?post=52550"},{"taxonomy":"product_tag","embeddable":true,"href":"https:\/\/worldofflowerpots.com\/de\/wp-json\/wp\/v2\/product_tag?post=52550"}],"curies":[{"name":"wp","href":"https:\/\/api.w.org\/{rel}","templated":true}]}}