{"id":52593,"date":"2019-01-18T15:07:09","date_gmt":"2019-01-18T14:07:09","guid":{"rendered":"https:\/\/worldofflowerpots.com\/sklep\/unkategorisiert\/pflanzkubel-40cm-beton-onorato\/"},"modified":"2019-04-15T10:53:55","modified_gmt":"2019-04-15T08:53:55","slug":"pflanzkubel-40cm-beton-onorato","status":"publish","type":"product","link":"https:\/\/worldofflowerpots.com\/de\/sortiment\/pflanzkubel-40cm-beton-onorato\/","title":{"rendered":"Pflanzk\u00fcbel 40cm beton Onorato"},"content":{"rendered":"<div id=\"attachment_58959\" style=\"width: 1034px\" class=\"wp-caption aligncenter\"><img loading=\"lazy\" decoding=\"async\" aria-describedby=\"caption-attachment-58959\" class=\"wp-image-58959 size-large\" src=\"https:\/\/worldofflowerpots.com\/wp-content\/uploads\/2017\/01\/Richtig-bepflanzen--1024x576.jpg\" alt=\"\" width=\"1024\" height=\"576\" srcset=\"https:\/\/worldofflowerpots.com\/wp-content\/uploads\/2017\/01\/Richtig-bepflanzen--1024x576.jpg 1024w, https:\/\/worldofflowerpots.com\/wp-content\/uploads\/2017\/01\/Richtig-bepflanzen--300x169.jpg 300w, https:\/\/worldofflowerpots.com\/wp-content\/uploads\/2017\/01\/Richtig-bepflanzen--768x432.jpg 768w, https:\/\/worldofflowerpots.com\/wp-content\/uploads\/2017\/01\/Richtig-bepflanzen--600x338.jpg 600w, https:\/\/worldofflowerpots.com\/wp-content\/uploads\/2017\/01\/Richtig-bepflanzen-.jpg 1920w\" sizes=\"auto, (max-width: 1024px) 100vw, 1024px\" \/><p id=\"caption-attachment-58959\" class=\"wp-caption-text\">Richtig bepflanzen<\/p><\/div>\n<h2>Der Pflanzk\u00fcbel 40 cm Onorato \u2013 f\u00fcr punktuelle Eins\u00e4tze<\/h2>\n<p>Onorato ist ein Pflanzk\u00fcbel mit den Massen 40 cm mal 40 cm und einer H\u00f6he von 80 cm. Die sehr einfachen aber genau durchdachten Proportionen machen den Charme dieses Objektes aus. Es wurde mit den Proportionen 1:1 und 1:2 gearbeitet. Onorato ist aus feinem Beton hergestellt und hat am Boden ein Loch f\u00fcr den Wasserabfluss. Mit 80 kg Eigengewicht z\u00e4hlt Onorato zu den nicht leichteren Pflanzk\u00fcbeln und bietet genug Gewicht, um nicht umzufallen.<\/p>\n<h2>Onorato eignet sich als inszenierter Hingucker<\/h2>\n<p>Onorato ist f\u00fcr einen punktuellen Einsatz konzipiert. In diesem Fall kommt der K\u00fcbel besonders gut zur Geltung. Als zum Beispiel bei Hauseing\u00e4ngen. Mit seiner H\u00f6he von 80 cm bringt er die Pflanzen zudem n\u00e4her zum Betrachter. Kaum ein Onorato Pflanztopf mit dazugeh\u00f6riger Pflanze bleibt un\u00fcbersehen. In den Farben Wei\u00df, Schwarz oder Grau bildet er einen dezenten Hintergrund und \u00fcberl\u00e4sst der Pflanze die Hauptrolle. Die Pflanze kann sich optimal in Szene setzen.<\/p>\n<h2>Blumentrog Onorato als T\u00fcrsteher<\/h2>\n<p>Der Pflanzk\u00fcbel 40 cm aus Beton der Serie Onorato ist in den Farben wei\u00df, grau und schwarz lieferbar. Der Blumenk\u00fcbel aus Beton mit seiner sch\u00f6nen kubischen Form ist besonders gut in Eingangsbereichen und anderen representativen R\u00e4umen zu Hause. Dabei ist der Betonpflanzk\u00fcbel besonders gut in \u00f6ffentlichen Bereichen aufzustellen. Denn durch sein hohes Eigengewicht ist der Pflanztrog aus Beton f\u00fcr Diebstahl und Vandalismus weitestgehend gesch\u00fctzt. Der Pflanzk\u00fcbel aus Beton ist rechteckig und hat eine F\u00fcllmenge von 95 Liter. Damit wird in diesem K\u00fcbel idealerweise eine Pflanze gut gedeihen. Es gibt aber auch die M\u00f6glichkeit mehrere kleine Pflanzen darin unterzubringen. Am besten sind langstielige Gr\u00fcnpflanzen geeignet.<\/p>\n","protected":false},"excerpt":{"rendered":"<p>Pflanzk\u00fcbel beton Onorato<br \/>\nMaterial Beton (UHPC)<br \/>\nGewicht :80kg<br \/>\nAbmessungen B400mm H800mm L400mm<br \/>\nFarben: Grau, Schwarz, Weiss<br \/>\nUV-resistent<br \/>\nRobust und Stabil<br \/>\nWetterfest<br \/>\nFrostbest\u00e4ndig bei gew\u00e4hrleistetem Wasserablauf<\/p>\n","protected":false},"featured_media":58286,"template":"","meta":{"_acf_changed":false},"product_brand":[],"product_cat":[267],"product_tag":[],"class_list":{"0":"post-52593","1":"product","2":"type-product","3":"status-publish","4":"has-post-thumbnail","6":"product_cat-pflanzkuebel-beton","7":"description-off","8":"tm-has-options","10":"first","11":"instock","12":"shipping-taxable","13":"purchasable","14":"product-type-simple"},"acf":[],"yoast_head":"<!-- This site is optimized with the Yoast SEO plugin v27.5 - https:\/\/yoast.com\/product\/yoast-seo-wordpress\/ -->\n<title>Pflanzk\u00fcbel 40cm aus beton besonders gut in Eingangsbereichen<\/title>\n<meta name=\"description\" content=\"Der Pflanzk\u00fcbel 40 cm Onorato mit den Massen 40 cm mal 40 cm und einer H\u00f6he von 80 cm.Sehr einfachen aber genau durchdachten Proportionen\" \/>\n<meta name=\"robots\" content=\"index, follow, max-snippet:-1, max-image-preview:large, max-video-preview:-1\" \/>\n<link rel=\"canonical\" href=\"https:\/\/worldofflowerpots.com\/sklep\/pflanzkubel-40cm-beton-onorato\/\" \/>\n<meta property=\"og:locale\" content=\"de_DE\" \/>\n<meta property=\"og:type\" content=\"article\" \/>\n<meta property=\"og:title\" content=\"Pflanzk\u00fcbel 40cm aus beton besonders gut in Eingangsbereichen\" \/>\n<meta property=\"og:description\" content=\"Der Pflanzk\u00fcbel 40 cm Onorato mit den Massen 40 cm mal 40 cm und einer H\u00f6he von 80 cm.Sehr einfachen aber genau durchdachten Proportionen\" \/>\n<meta property=\"og:url\" content=\"https:\/\/worldofflowerpots.com\/sklep\/pflanzkubel-40cm-beton-onorato\/\" \/>\n<meta property=\"og:site_name\" content=\"Blumenk\u00fcbel World of Flowerpots\" \/>\n<meta property=\"article:modified_time\" content=\"2019-04-15T08:53:55+00:00\" \/>\n<meta property=\"og:image\" content=\"https:\/\/worldofflowerpots.com\/wp-content\/uploads\/2019\/01\/pflanzk\u00fcbel-40-cm-Onorato.jpg\" \/>\n\t<meta property=\"og:image:width\" content=\"2280\" \/>\n\t<meta property=\"og:image:height\" content=\"1612\" \/>\n\t<meta property=\"og:image:type\" content=\"image\/jpeg\" \/>\n<meta name=\"twitter:card\" content=\"summary_large_image\" \/>\n<meta name=\"twitter:label1\" content=\"Gesch\u00e4tzte Lesezeit\" \/>\n\t<meta name=\"twitter:data1\" content=\"1\u00a0Minute\" \/>\n<script type=\"application\/ld+json\" class=\"yoast-schema-graph\">{\"@context\":\"https:\\\/\\\/schema.org\",\"@graph\":[{\"@type\":\"WebPage\",\"@id\":\"https:\\\/\\\/worldofflowerpots.com\\\/sklep\\\/pflanzkubel-40cm-beton-onorato\\\/\",\"url\":\"https:\\\/\\\/worldofflowerpots.com\\\/sklep\\\/pflanzkubel-40cm-beton-onorato\\\/\",\"name\":\"Pflanzk\u00fcbel 40cm aus beton besonders gut in Eingangsbereichen\",\"isPartOf\":{\"@id\":\"https:\\\/\\\/worldofflowerpots.com\\\/#website\"},\"primaryImageOfPage\":{\"@id\":\"https:\\\/\\\/worldofflowerpots.com\\\/sklep\\\/pflanzkubel-40cm-beton-onorato\\\/#primaryimage\"},\"image\":{\"@id\":\"https:\\\/\\\/worldofflowerpots.com\\\/sklep\\\/pflanzkubel-40cm-beton-onorato\\\/#primaryimage\"},\"thumbnailUrl\":\"https:\\\/\\\/worldofflowerpots.com\\\/wp-content\\\/uploads\\\/2019\\\/01\\\/pflanzk\u00fcbel-40-cm-Onorato.jpg\",\"datePublished\":\"2019-01-18T14:07:09+00:00\",\"dateModified\":\"2019-04-15T08:53:55+00:00\",\"description\":\"Der Pflanzk\u00fcbel 40 cm Onorato mit den Massen 40 cm mal 40 cm und einer H\u00f6he von 80 cm.Sehr einfachen aber genau durchdachten Proportionen\",\"breadcrumb\":{\"@id\":\"https:\\\/\\\/worldofflowerpots.com\\\/sklep\\\/pflanzkubel-40cm-beton-onorato\\\/#breadcrumb\"},\"inLanguage\":\"de\",\"potentialAction\":[{\"@type\":\"ReadAction\",\"target\":[\"https:\\\/\\\/worldofflowerpots.com\\\/sklep\\\/pflanzkubel-40cm-beton-onorato\\\/\"]}]},{\"@type\":\"ImageObject\",\"inLanguage\":\"de\",\"@id\":\"https:\\\/\\\/worldofflowerpots.com\\\/sklep\\\/pflanzkubel-40cm-beton-onorato\\\/#primaryimage\",\"url\":\"https:\\\/\\\/worldofflowerpots.com\\\/wp-content\\\/uploads\\\/2019\\\/01\\\/pflanzk\u00fcbel-40-cm-Onorato.jpg\",\"contentUrl\":\"https:\\\/\\\/worldofflowerpots.com\\\/wp-content\\\/uploads\\\/2019\\\/01\\\/pflanzk\u00fcbel-40-cm-Onorato.jpg\",\"width\":2280,\"height\":1612},{\"@type\":\"BreadcrumbList\",\"@id\":\"https:\\\/\\\/worldofflowerpots.com\\\/sklep\\\/pflanzkubel-40cm-beton-onorato\\\/#breadcrumb\",\"itemListElement\":[{\"@type\":\"ListItem\",\"position\":1,\"name\":\"Strona g\u0142\u00f3wna\",\"item\":\"https:\\\/\\\/worldofflowerpots.com\\\/blumenkuebel-grosse-auswahl\\\/\"},{\"@type\":\"ListItem\",\"position\":2,\"name\":\"Shop\",\"item\":\"https:\\\/\\\/worldofflowerpots.com\\\/sortiment\\\/\"},{\"@type\":\"ListItem\",\"position\":3,\"name\":\"Pflanzk\u00fcbel 40cm beton Onorato\"}]},{\"@type\":\"WebSite\",\"@id\":\"https:\\\/\\\/worldofflowerpots.com\\\/#website\",\"url\":\"https:\\\/\\\/worldofflowerpots.com\\\/\",\"name\":\"Blumenk\u00fcbel World of Flowerpots\",\"description\":\"Pflanzk\u00fcbel beton, blumentr\u00f6ge, blumenk\u00fcbel gro\u00df, cortenstahl, fiberglas\",\"potentialAction\":[{\"@type\":\"SearchAction\",\"target\":{\"@type\":\"EntryPoint\",\"urlTemplate\":\"https:\\\/\\\/worldofflowerpots.com\\\/?s={search_term_string}\"},\"query-input\":{\"@type\":\"PropertyValueSpecification\",\"valueRequired\":true,\"valueName\":\"search_term_string\"}}],\"inLanguage\":\"de\"}]}<\/script>\n<!-- \/ Yoast SEO plugin. -->","yoast_head_json":{"title":"Pflanzk\u00fcbel 40cm aus beton besonders gut in Eingangsbereichen","description":"Der Pflanzk\u00fcbel 40 cm Onorato mit den Massen 40 cm mal 40 cm und einer H\u00f6he von 80 cm.Sehr einfachen aber genau durchdachten Proportionen","robots":{"index":"index","follow":"follow","max-snippet":"max-snippet:-1","max-image-preview":"max-image-preview:large","max-video-preview":"max-video-preview:-1"},"canonical":"https:\/\/worldofflowerpots.com\/sklep\/pflanzkubel-40cm-beton-onorato\/","og_locale":"de_DE","og_type":"article","og_title":"Pflanzk\u00fcbel 40cm aus beton besonders gut in Eingangsbereichen","og_description":"Der Pflanzk\u00fcbel 40 cm Onorato mit den Massen 40 cm mal 40 cm und einer H\u00f6he von 80 cm.Sehr einfachen aber genau durchdachten Proportionen","og_url":"https:\/\/worldofflowerpots.com\/sklep\/pflanzkubel-40cm-beton-onorato\/","og_site_name":"Blumenk\u00fcbel World of Flowerpots","article_modified_time":"2019-04-15T08:53:55+00:00","og_image":[{"width":2280,"height":1612,"url":"https:\/\/worldofflowerpots.com\/wp-content\/uploads\/2019\/01\/pflanzk\u00fcbel-40-cm-Onorato.jpg","type":"image\/jpeg"}],"twitter_card":"summary_large_image","twitter_misc":{"Gesch\u00e4tzte Lesezeit":"1\u00a0Minute"},"schema":{"@context":"https:\/\/schema.org","@graph":[{"@type":"WebPage","@id":"https:\/\/worldofflowerpots.com\/sklep\/pflanzkubel-40cm-beton-onorato\/","url":"https:\/\/worldofflowerpots.com\/sklep\/pflanzkubel-40cm-beton-onorato\/","name":"Pflanzk\u00fcbel 40cm aus beton besonders gut in Eingangsbereichen","isPartOf":{"@id":"https:\/\/worldofflowerpots.com\/#website"},"primaryImageOfPage":{"@id":"https:\/\/worldofflowerpots.com\/sklep\/pflanzkubel-40cm-beton-onorato\/#primaryimage"},"image":{"@id":"https:\/\/worldofflowerpots.com\/sklep\/pflanzkubel-40cm-beton-onorato\/#primaryimage"},"thumbnailUrl":"https:\/\/worldofflowerpots.com\/wp-content\/uploads\/2019\/01\/pflanzk\u00fcbel-40-cm-Onorato.jpg","datePublished":"2019-01-18T14:07:09+00:00","dateModified":"2019-04-15T08:53:55+00:00","description":"Der Pflanzk\u00fcbel 40 cm Onorato mit den Massen 40 cm mal 40 cm und einer H\u00f6he von 80 cm.Sehr einfachen aber genau durchdachten Proportionen","breadcrumb":{"@id":"https:\/\/worldofflowerpots.com\/sklep\/pflanzkubel-40cm-beton-onorato\/#breadcrumb"},"inLanguage":"de","potentialAction":[{"@type":"ReadAction","target":["https:\/\/worldofflowerpots.com\/sklep\/pflanzkubel-40cm-beton-onorato\/"]}]},{"@type":"ImageObject","inLanguage":"de","@id":"https:\/\/worldofflowerpots.com\/sklep\/pflanzkubel-40cm-beton-onorato\/#primaryimage","url":"https:\/\/worldofflowerpots.com\/wp-content\/uploads\/2019\/01\/pflanzk\u00fcbel-40-cm-Onorato.jpg","contentUrl":"https:\/\/worldofflowerpots.com\/wp-content\/uploads\/2019\/01\/pflanzk\u00fcbel-40-cm-Onorato.jpg","width":2280,"height":1612},{"@type":"BreadcrumbList","@id":"https:\/\/worldofflowerpots.com\/sklep\/pflanzkubel-40cm-beton-onorato\/#breadcrumb","itemListElement":[{"@type":"ListItem","position":1,"name":"Strona g\u0142\u00f3wna","item":"https:\/\/worldofflowerpots.com\/blumenkuebel-grosse-auswahl\/"},{"@type":"ListItem","position":2,"name":"Shop","item":"https:\/\/worldofflowerpots.com\/sortiment\/"},{"@type":"ListItem","position":3,"name":"Pflanzk\u00fcbel 40cm beton Onorato"}]},{"@type":"WebSite","@id":"https:\/\/worldofflowerpots.com\/#website","url":"https:\/\/worldofflowerpots.com\/","name":"Blumenk\u00fcbel World of Flowerpots","description":"Pflanzk\u00fcbel beton, blumentr\u00f6ge, blumenk\u00fcbel gro\u00df, cortenstahl, fiberglas","potentialAction":[{"@type":"SearchAction","target":{"@type":"EntryPoint","urlTemplate":"https:\/\/worldofflowerpots.com\/?s={search_term_string}"},"query-input":{"@type":"PropertyValueSpecification","valueRequired":true,"valueName":"search_term_string"}}],"inLanguage":"de"}]}},"_links":{"self":[{"href":"https:\/\/worldofflowerpots.com\/de\/wp-json\/wp\/v2\/product\/52593","targetHints":{"allow":["GET"]}}],"collection":[{"href":"https:\/\/worldofflowerpots.com\/de\/wp-json\/wp\/v2\/product"}],"about":[{"href":"https:\/\/worldofflowerpots.com\/de\/wp-json\/wp\/v2\/types\/product"}],"wp:featuredmedia":[{"embeddable":true,"href":"https:\/\/worldofflowerpots.com\/de\/wp-json\/wp\/v2\/media\/58286"}],"wp:attachment":[{"href":"https:\/\/worldofflowerpots.com\/de\/wp-json\/wp\/v2\/media?parent=52593"}],"wp:term":[{"taxonomy":"product_brand","embeddable":true,"href":"https:\/\/worldofflowerpots.com\/de\/wp-json\/wp\/v2\/product_brand?post=52593"},{"taxonomy":"product_cat","embeddable":true,"href":"https:\/\/worldofflowerpots.com\/de\/wp-json\/wp\/v2\/product_cat?post=52593"},{"taxonomy":"product_tag","embeddable":true,"href":"https:\/\/worldofflowerpots.com\/de\/wp-json\/wp\/v2\/product_tag?post=52593"}],"curies":[{"name":"wp","href":"https:\/\/api.w.org\/{rel}","templated":true}]}}