{"id":52600,"date":"2019-01-18T15:07:09","date_gmt":"2019-01-18T14:07:09","guid":{"rendered":"https:\/\/worldofflowerpots.com\/sklep\/unkategorisiert\/betonschale-matteo-ring\/"},"modified":"2019-04-11T11:37:46","modified_gmt":"2019-04-11T09:37:46","slug":"betonschale-matteo-ring","status":"publish","type":"product","link":"https:\/\/worldofflowerpots.com\/de\/sortiment\/betonschale-matteo-ring\/","title":{"rendered":"Betonschale Matteo Ring"},"content":{"rendered":"<h2>Der Matteo Ring \u2013 Ein dekorative\u00a0 Betonschale<\/h2>\n<p>Nicht \u00fcberall passt so eine grosse betonschale perfekt ins Bild. In der Mitte eines Platzes zum Beispiel kommt ein Pflanztrog aus Beton mit einer runden Form meistens viel besser zur Geltung. Der Matteo Ring ist rund mit einer breiten \u00d6ffnung und einem kleinen Fu\u00df. Er bietet viel Platz f\u00fcr stehende sowie h\u00e4ngende Pflanzen, die in diesem sch\u00f6nen Betonpflanzk\u00fcbel besonders gut zur Geltung kommen. Dieser Blumenk\u00fcbel Beton besticht durch seine klare Einfachheit. Er hat ein Fassungsverm\u00f6gen von 499 l und ein Gewicht von 365 kg, was ihm eine hohe Standfestigkeit verleiht.<\/p>\n<h2>Nat\u00fcrliche Farben wirken unaufdringlich<\/h2>\n<p>Sie k\u00f6nnen beim betonschale Matteo Ring zwischen drei nat\u00fcrlichen Farbt\u00f6nen w\u00e4hlen, die alle sehr unaufdringlich wirken und sich gut in jede Umgebung einf\u00fcgen. Sowohl im Au\u00dfen- als auch im Innenbereich kommt so dieser Blumenk\u00fcbel durch seine klare Form- und Farbgebung gut zur Geltung und lenkt die Blicke der Betrachter auf die darin angepflanzten Blumenarrangements. Wenn Sie m\u00f6chten, k\u00f6nnen Sie den Matteo Ring sehr gut mit vielen anderen der von uns angebotenen Pflanzk\u00fcbeln aus Beton kombinieren. Schauen Sie sich deshalb in aller Ruhe unser Angebot an. Falls Sie vor Ihrer Bestellung noch Fragen haben sollten, sprechen Sie unser Verkaufsteam einfach an. Wir beraten Sie gern.<\/p>\n<h2>Der Pflanzk\u00fcbel Beton Matteo Ring ist ein hochwertiger Pflanzschale<\/h2>\n<p>Sein Design ist dezent und zeitlos klassisch. Die Proportionen sind fein durchdacht. Mit seiner Gr\u00f6\u00dfe von 221 Zentimeter im Durchmesser, ist der Beton Pflanztrog ideal als gro\u00dfer Akzent auf einem \u00f6ffentlichen Platz oder im Garten. Der Innerdurchmesser betr\u00e4gt 161 cm. Mit seiner niederen H\u00f6he von 41 cm stellt er ein flaches gro\u00dfes Element dar, welches auf dem Boden zu schweben scheint. Die Blumen Schale zeichnet sich durch einen flachen breiten Ring am Rand der Schale aus, welche das Pflanzarrangement wie ein Rahmen umgibt. Den Pflanzk\u00fcbel gibt es in mehreren Farben: in Wei\u00df, Grau bis Dunkelgrau ist Matteo Ring verf\u00fcgbar. In der Mitte unten hat der Pflanzk\u00fcbel ein Loch, wo das Wasser austreten kann. F\u00fcr jeden, der Wert auf zeitloses klassisches Design legt, ist dieser Pflanzk\u00fcbel richtig.<\/p>\n","protected":false},"excerpt":{"rendered":"<p>Pflanzk\u00fcbel beton Matteo Ring<br \/>\nMaterial Beton (UHPC)<br \/>\nGewicht :365kg<br \/>\nAbmessungen: \u23002210mm, H410mm<br \/>\nFarben: Grau, Schwarz, Weiss<br \/>\nUV-resistent<br \/>\nRobust und Stabil<br \/>\nWetterfest<br \/>\nFrostbest\u00e4ndig bei gew\u00e4hrleistetem Wasserablauf<\/p>\n","protected":false},"featured_media":58299,"template":"","meta":{"_acf_changed":false},"product_brand":[],"product_cat":[267],"product_tag":[],"class_list":{"0":"post-52600","1":"product","2":"type-product","3":"status-publish","4":"has-post-thumbnail","6":"product_cat-pflanzkuebel-beton","7":"description-off","8":"tm-has-options","10":"first","11":"instock","12":"shipping-taxable","13":"purchasable","14":"product-type-simple"},"acf":[],"yoast_head":"<!-- This site is optimized with the Yoast SEO plugin v27.5 - https:\/\/yoast.com\/product\/yoast-seo-wordpress\/ -->\n<title>Betonschale ein dekorative Pflanzk\u00fcbel f\u00fcr \u00f6ffentlichen Platz<\/title>\n<meta name=\"description\" content=\"Der Matteo Ring \u2013 Ein dekorative\u00a0 Betonschale zeichnet sich durch einen flachen breiten Ring am Rand der Schale aus, welche das wie ein Rahmen umgibt.\" \/>\n<meta name=\"robots\" content=\"index, follow, max-snippet:-1, max-image-preview:large, max-video-preview:-1\" \/>\n<link rel=\"canonical\" href=\"https:\/\/worldofflowerpots.com\/sklep\/betonschale-matteo-ring\/\" \/>\n<meta property=\"og:locale\" content=\"de_DE\" \/>\n<meta property=\"og:type\" content=\"article\" \/>\n<meta property=\"og:title\" content=\"Betonschale ein dekorative Pflanzk\u00fcbel f\u00fcr \u00f6ffentlichen Platz\" \/>\n<meta property=\"og:description\" content=\"Der Matteo Ring \u2013 Ein dekorative\u00a0 Betonschale zeichnet sich durch einen flachen breiten Ring am Rand der Schale aus, welche das wie ein Rahmen umgibt.\" \/>\n<meta property=\"og:url\" content=\"https:\/\/worldofflowerpots.com\/sklep\/betonschale-matteo-ring\/\" \/>\n<meta property=\"og:site_name\" content=\"Blumenk\u00fcbel World of Flowerpots\" \/>\n<meta property=\"article:modified_time\" content=\"2019-04-11T09:37:46+00:00\" \/>\n<meta property=\"og:image\" content=\"https:\/\/worldofflowerpots.com\/wp-content\/uploads\/2019\/01\/betonschale-Mateo-Ring.jpg\" \/>\n\t<meta property=\"og:image:width\" content=\"1920\" \/>\n\t<meta property=\"og:image:height\" content=\"1080\" \/>\n\t<meta property=\"og:image:type\" content=\"image\/jpeg\" \/>\n<meta name=\"twitter:card\" content=\"summary_large_image\" \/>\n<meta name=\"twitter:label1\" content=\"Gesch\u00e4tzte Lesezeit\" \/>\n\t<meta name=\"twitter:data1\" content=\"2\u00a0Minuten\" \/>\n<script type=\"application\/ld+json\" class=\"yoast-schema-graph\">{\"@context\":\"https:\\\/\\\/schema.org\",\"@graph\":[{\"@type\":\"WebPage\",\"@id\":\"https:\\\/\\\/worldofflowerpots.com\\\/sklep\\\/betonschale-matteo-ring\\\/\",\"url\":\"https:\\\/\\\/worldofflowerpots.com\\\/sklep\\\/betonschale-matteo-ring\\\/\",\"name\":\"Betonschale ein dekorative Pflanzk\u00fcbel f\u00fcr \u00f6ffentlichen Platz\",\"isPartOf\":{\"@id\":\"https:\\\/\\\/worldofflowerpots.com\\\/#website\"},\"primaryImageOfPage\":{\"@id\":\"https:\\\/\\\/worldofflowerpots.com\\\/sklep\\\/betonschale-matteo-ring\\\/#primaryimage\"},\"image\":{\"@id\":\"https:\\\/\\\/worldofflowerpots.com\\\/sklep\\\/betonschale-matteo-ring\\\/#primaryimage\"},\"thumbnailUrl\":\"https:\\\/\\\/worldofflowerpots.com\\\/wp-content\\\/uploads\\\/2019\\\/01\\\/betonschale-Mateo-Ring.jpg\",\"datePublished\":\"2019-01-18T14:07:09+00:00\",\"dateModified\":\"2019-04-11T09:37:46+00:00\",\"description\":\"Der Matteo Ring \u2013 Ein dekorative\u00a0 Betonschale zeichnet sich durch einen flachen breiten Ring am Rand der Schale aus, welche das wie ein Rahmen umgibt.\",\"breadcrumb\":{\"@id\":\"https:\\\/\\\/worldofflowerpots.com\\\/sklep\\\/betonschale-matteo-ring\\\/#breadcrumb\"},\"inLanguage\":\"de\",\"potentialAction\":[{\"@type\":\"ReadAction\",\"target\":[\"https:\\\/\\\/worldofflowerpots.com\\\/sklep\\\/betonschale-matteo-ring\\\/\"]}]},{\"@type\":\"ImageObject\",\"inLanguage\":\"de\",\"@id\":\"https:\\\/\\\/worldofflowerpots.com\\\/sklep\\\/betonschale-matteo-ring\\\/#primaryimage\",\"url\":\"https:\\\/\\\/worldofflowerpots.com\\\/wp-content\\\/uploads\\\/2019\\\/01\\\/betonschale-Mateo-Ring.jpg\",\"contentUrl\":\"https:\\\/\\\/worldofflowerpots.com\\\/wp-content\\\/uploads\\\/2019\\\/01\\\/betonschale-Mateo-Ring.jpg\",\"width\":1920,\"height\":1080},{\"@type\":\"BreadcrumbList\",\"@id\":\"https:\\\/\\\/worldofflowerpots.com\\\/sklep\\\/betonschale-matteo-ring\\\/#breadcrumb\",\"itemListElement\":[{\"@type\":\"ListItem\",\"position\":1,\"name\":\"Strona g\u0142\u00f3wna\",\"item\":\"https:\\\/\\\/worldofflowerpots.com\\\/blumenkuebel-grosse-auswahl\\\/\"},{\"@type\":\"ListItem\",\"position\":2,\"name\":\"Shop\",\"item\":\"https:\\\/\\\/worldofflowerpots.com\\\/sortiment\\\/\"},{\"@type\":\"ListItem\",\"position\":3,\"name\":\"Betonschale Matteo Ring\"}]},{\"@type\":\"WebSite\",\"@id\":\"https:\\\/\\\/worldofflowerpots.com\\\/#website\",\"url\":\"https:\\\/\\\/worldofflowerpots.com\\\/\",\"name\":\"Blumenk\u00fcbel World of Flowerpots\",\"description\":\"Pflanzk\u00fcbel beton, blumentr\u00f6ge, blumenk\u00fcbel gro\u00df, cortenstahl, fiberglas\",\"potentialAction\":[{\"@type\":\"SearchAction\",\"target\":{\"@type\":\"EntryPoint\",\"urlTemplate\":\"https:\\\/\\\/worldofflowerpots.com\\\/?s={search_term_string}\"},\"query-input\":{\"@type\":\"PropertyValueSpecification\",\"valueRequired\":true,\"valueName\":\"search_term_string\"}}],\"inLanguage\":\"de\"}]}<\/script>\n<!-- \/ Yoast SEO plugin. -->","yoast_head_json":{"title":"Betonschale ein dekorative Pflanzk\u00fcbel f\u00fcr \u00f6ffentlichen Platz","description":"Der Matteo Ring \u2013 Ein dekorative\u00a0 Betonschale zeichnet sich durch einen flachen breiten Ring am Rand der Schale aus, welche das wie ein Rahmen umgibt.","robots":{"index":"index","follow":"follow","max-snippet":"max-snippet:-1","max-image-preview":"max-image-preview:large","max-video-preview":"max-video-preview:-1"},"canonical":"https:\/\/worldofflowerpots.com\/sklep\/betonschale-matteo-ring\/","og_locale":"de_DE","og_type":"article","og_title":"Betonschale ein dekorative Pflanzk\u00fcbel f\u00fcr \u00f6ffentlichen Platz","og_description":"Der Matteo Ring \u2013 Ein dekorative\u00a0 Betonschale zeichnet sich durch einen flachen breiten Ring am Rand der Schale aus, welche das wie ein Rahmen umgibt.","og_url":"https:\/\/worldofflowerpots.com\/sklep\/betonschale-matteo-ring\/","og_site_name":"Blumenk\u00fcbel World of Flowerpots","article_modified_time":"2019-04-11T09:37:46+00:00","og_image":[{"width":1920,"height":1080,"url":"https:\/\/worldofflowerpots.com\/wp-content\/uploads\/2019\/01\/betonschale-Mateo-Ring.jpg","type":"image\/jpeg"}],"twitter_card":"summary_large_image","twitter_misc":{"Gesch\u00e4tzte Lesezeit":"2\u00a0Minuten"},"schema":{"@context":"https:\/\/schema.org","@graph":[{"@type":"WebPage","@id":"https:\/\/worldofflowerpots.com\/sklep\/betonschale-matteo-ring\/","url":"https:\/\/worldofflowerpots.com\/sklep\/betonschale-matteo-ring\/","name":"Betonschale ein dekorative Pflanzk\u00fcbel f\u00fcr \u00f6ffentlichen Platz","isPartOf":{"@id":"https:\/\/worldofflowerpots.com\/#website"},"primaryImageOfPage":{"@id":"https:\/\/worldofflowerpots.com\/sklep\/betonschale-matteo-ring\/#primaryimage"},"image":{"@id":"https:\/\/worldofflowerpots.com\/sklep\/betonschale-matteo-ring\/#primaryimage"},"thumbnailUrl":"https:\/\/worldofflowerpots.com\/wp-content\/uploads\/2019\/01\/betonschale-Mateo-Ring.jpg","datePublished":"2019-01-18T14:07:09+00:00","dateModified":"2019-04-11T09:37:46+00:00","description":"Der Matteo Ring \u2013 Ein dekorative\u00a0 Betonschale zeichnet sich durch einen flachen breiten Ring am Rand der Schale aus, welche das wie ein Rahmen umgibt.","breadcrumb":{"@id":"https:\/\/worldofflowerpots.com\/sklep\/betonschale-matteo-ring\/#breadcrumb"},"inLanguage":"de","potentialAction":[{"@type":"ReadAction","target":["https:\/\/worldofflowerpots.com\/sklep\/betonschale-matteo-ring\/"]}]},{"@type":"ImageObject","inLanguage":"de","@id":"https:\/\/worldofflowerpots.com\/sklep\/betonschale-matteo-ring\/#primaryimage","url":"https:\/\/worldofflowerpots.com\/wp-content\/uploads\/2019\/01\/betonschale-Mateo-Ring.jpg","contentUrl":"https:\/\/worldofflowerpots.com\/wp-content\/uploads\/2019\/01\/betonschale-Mateo-Ring.jpg","width":1920,"height":1080},{"@type":"BreadcrumbList","@id":"https:\/\/worldofflowerpots.com\/sklep\/betonschale-matteo-ring\/#breadcrumb","itemListElement":[{"@type":"ListItem","position":1,"name":"Strona g\u0142\u00f3wna","item":"https:\/\/worldofflowerpots.com\/blumenkuebel-grosse-auswahl\/"},{"@type":"ListItem","position":2,"name":"Shop","item":"https:\/\/worldofflowerpots.com\/sortiment\/"},{"@type":"ListItem","position":3,"name":"Betonschale Matteo Ring"}]},{"@type":"WebSite","@id":"https:\/\/worldofflowerpots.com\/#website","url":"https:\/\/worldofflowerpots.com\/","name":"Blumenk\u00fcbel World of Flowerpots","description":"Pflanzk\u00fcbel beton, blumentr\u00f6ge, blumenk\u00fcbel gro\u00df, cortenstahl, fiberglas","potentialAction":[{"@type":"SearchAction","target":{"@type":"EntryPoint","urlTemplate":"https:\/\/worldofflowerpots.com\/?s={search_term_string}"},"query-input":{"@type":"PropertyValueSpecification","valueRequired":true,"valueName":"search_term_string"}}],"inLanguage":"de"}]}},"_links":{"self":[{"href":"https:\/\/worldofflowerpots.com\/de\/wp-json\/wp\/v2\/product\/52600","targetHints":{"allow":["GET"]}}],"collection":[{"href":"https:\/\/worldofflowerpots.com\/de\/wp-json\/wp\/v2\/product"}],"about":[{"href":"https:\/\/worldofflowerpots.com\/de\/wp-json\/wp\/v2\/types\/product"}],"wp:featuredmedia":[{"embeddable":true,"href":"https:\/\/worldofflowerpots.com\/de\/wp-json\/wp\/v2\/media\/58299"}],"wp:attachment":[{"href":"https:\/\/worldofflowerpots.com\/de\/wp-json\/wp\/v2\/media?parent=52600"}],"wp:term":[{"taxonomy":"product_brand","embeddable":true,"href":"https:\/\/worldofflowerpots.com\/de\/wp-json\/wp\/v2\/product_brand?post=52600"},{"taxonomy":"product_cat","embeddable":true,"href":"https:\/\/worldofflowerpots.com\/de\/wp-json\/wp\/v2\/product_cat?post=52600"},{"taxonomy":"product_tag","embeddable":true,"href":"https:\/\/worldofflowerpots.com\/de\/wp-json\/wp\/v2\/product_tag?post=52600"}],"curies":[{"name":"wp","href":"https:\/\/api.w.org\/{rel}","templated":true}]}}