{"id":52614,"date":"2019-01-18T15:07:09","date_gmt":"2019-01-18T14:07:09","guid":{"rendered":"https:\/\/worldofflowerpots.com\/sklep\/unkategorisiert\/pflanzschale-beton-agnese\/"},"modified":"2019-04-11T11:51:33","modified_gmt":"2019-04-11T09:51:33","slug":"pflanzschale-beton-agnese","status":"publish","type":"product","link":"https:\/\/worldofflowerpots.com\/de\/sortiment\/pflanzschale-beton-agnese\/","title":{"rendered":"Pflanzschale beton Agnese"},"content":{"rendered":"<h2>Die Agnese P<span class=\"spGb-e spGb-h\">flanzschale beton<\/span><a class=\"spGb-f\">\u00a0<\/a> f\u00fcr drau\u00dfen<\/h2>\n<p>Sicher haben Sie schon einmal \u00fcberlegt, wie Sie den Au\u00dfenbereich bei sich sch\u00f6ner gestalten k\u00f6nnten. Das geht zum Beispiel damit, dass Sie einen P<span class=\"spGb-e spGb-h\">flanzschale aus beton<\/span><a class=\"spGb-f\">\u00a0<\/a> aufstellen. Dieser ist in verschiedenen Farben erh\u00e4ltlich.Somit k\u00f6nnen Sie den Agnese Blumenschale sehr sch\u00f6n mit der bestehenden Umgebung kombinieren. Da es sich um eine Pflanzschale aus Beton handelt, ist diese auch wetterfest. Sie m\u00fcssen sich also keine Sorgen wegen der schlechten Witterung machen.<\/p>\n<h2>Betonpflanzschale Agnese \u2013 Edles Design f\u00fcr Ihre Pflanzen<\/h2>\n<p>Suchen Sie statt eines Pflanzk\u00fcbels\u00a0 etwas ganz Besonderes f\u00fcr Ihren Vorgarten?<\/p>\n<p>Mit der Pflanzschale aus beton setzen Sie einen nachhaltigen Akzent f\u00fcr Ihren Garten. Ideal f\u00fcr flachwurzelnde Blumen oder dekorative Elemente bietet Ihnen der Pflanzschale Beton Agnese kreative M\u00f6glichkeiten zur Gartengestaltung.<\/p>\n<h2>So haben Sie die M\u00f6glichkeit, Haus und Hof zu einem guten Preis-Leistungs-Verh\u00e4ltnis zu versch\u00f6nern<\/h2>\n<p>Der Blumenk\u00fcbel ist in verschiedenen Formen und Gr\u00f6\u00dfen vorhanden. Sie k\u00f6nnen ihn also ganz nach Lust und Laune bepflanzen. Anhand von Online-Abbildungen sehen Sie bereits, was in dem Bereich alles m\u00f6glich ist. Bei weiteren Fragen k\u00f6nnen Sie gerne einen Kontakt aufnehmen. Wenn Sie diese Gelegenheit nutzen, k\u00f6nnen Sie auch Ihre Lebensqualit\u00e4t erheblich steigern. Wir freuen uns, wenn Sie sich bald melden. Die Betonschale Agnese hat einen Gesamtdurchmesser von 1500 mm \u2013 und bietet Ihnen damit viel Fl\u00e4che f\u00fcr die Gestaltung der Schale ganz nach Ihren W\u00fcnschen. Nicht nur f\u00fcr bl\u00fchende Pflanzen, auch dazu passende Dekorationselemente finden bei Agnese Platz. Neben den Farben hell- und dunkelgrau erhalten Sie Agnese auch in schwarz oder mit Au\u00dfenlackierung.<\/p>\n","protected":false},"excerpt":{"rendered":"<p>Pflanzschale Agnese<br \/>\nMaterial Beton (UHPC)<br \/>\nGewicht : 125kg<br \/>\nAbmessungen<br \/>\n\u29b0 1500mm H\u00f6he 289mm<br \/>\nFarben: Grau, Schwarz, Weiss<br \/>\nUV-resistent<br \/>\nRobust und Stabil<br \/>\nWetterfest<br \/>\nFrostbest\u00e4ndig bei gew\u00e4hrleistetem Wasserablauf<\/p>\n","protected":false},"featured_media":58319,"template":"","meta":{"_acf_changed":false},"product_brand":[],"product_cat":[267],"product_tag":[],"class_list":{"0":"post-52614","1":"product","2":"type-product","3":"status-publish","4":"has-post-thumbnail","6":"product_cat-pflanzkuebel-beton","7":"description-off","8":"tm-has-options","10":"first","11":"instock","12":"shipping-taxable","13":"purchasable","14":"product-type-simple"},"acf":[],"yoast_head":"<!-- This site is optimized with the Yoast SEO plugin v27.5 - https:\/\/yoast.com\/product\/yoast-seo-wordpress\/ -->\n<title>Pflanzschale aus beton\u00a0f\u00fcr drau\u00dfen Ideal f\u00fcr flachwurzelnde Blumen<\/title>\n<meta name=\"description\" content=\"Mit der Pflanzschale aus beton setzen Sie einen nachhaltigen Akzent f\u00fcr Ihren Garten. Ein dekorative Element f\u00fcr kreative.\" \/>\n<meta name=\"robots\" content=\"index, follow, max-snippet:-1, max-image-preview:large, max-video-preview:-1\" \/>\n<link rel=\"canonical\" href=\"https:\/\/worldofflowerpots.com\/sklep\/pflanzschale-beton-agnese\/\" \/>\n<meta property=\"og:locale\" content=\"de_DE\" \/>\n<meta property=\"og:type\" content=\"article\" \/>\n<meta property=\"og:title\" content=\"Pflanzschale aus beton\u00a0f\u00fcr drau\u00dfen Ideal f\u00fcr flachwurzelnde Blumen\" \/>\n<meta property=\"og:description\" content=\"Mit der Pflanzschale aus beton setzen Sie einen nachhaltigen Akzent f\u00fcr Ihren Garten. Ein dekorative Element f\u00fcr kreative.\" \/>\n<meta property=\"og:url\" content=\"https:\/\/worldofflowerpots.com\/sklep\/pflanzschale-beton-agnese\/\" \/>\n<meta property=\"og:site_name\" content=\"Blumenk\u00fcbel World of Flowerpots\" \/>\n<meta property=\"article:modified_time\" content=\"2019-04-11T09:51:33+00:00\" \/>\n<meta property=\"og:image\" content=\"https:\/\/worldofflowerpots.com\/wp-content\/uploads\/2019\/01\/pflanzschale-beton-Agnese.jpg\" \/>\n\t<meta property=\"og:image:width\" content=\"1920\" \/>\n\t<meta property=\"og:image:height\" content=\"1080\" \/>\n\t<meta property=\"og:image:type\" content=\"image\/jpeg\" \/>\n<meta name=\"twitter:card\" content=\"summary_large_image\" \/>\n<meta name=\"twitter:label1\" content=\"Gesch\u00e4tzte Lesezeit\" \/>\n\t<meta name=\"twitter:data1\" content=\"1\u00a0Minute\" \/>\n<script type=\"application\/ld+json\" class=\"yoast-schema-graph\">{\"@context\":\"https:\\\/\\\/schema.org\",\"@graph\":[{\"@type\":\"WebPage\",\"@id\":\"https:\\\/\\\/worldofflowerpots.com\\\/sklep\\\/pflanzschale-beton-agnese\\\/\",\"url\":\"https:\\\/\\\/worldofflowerpots.com\\\/sklep\\\/pflanzschale-beton-agnese\\\/\",\"name\":\"Pflanzschale aus beton\u00a0f\u00fcr drau\u00dfen Ideal f\u00fcr flachwurzelnde Blumen\",\"isPartOf\":{\"@id\":\"https:\\\/\\\/worldofflowerpots.com\\\/#website\"},\"primaryImageOfPage\":{\"@id\":\"https:\\\/\\\/worldofflowerpots.com\\\/sklep\\\/pflanzschale-beton-agnese\\\/#primaryimage\"},\"image\":{\"@id\":\"https:\\\/\\\/worldofflowerpots.com\\\/sklep\\\/pflanzschale-beton-agnese\\\/#primaryimage\"},\"thumbnailUrl\":\"https:\\\/\\\/worldofflowerpots.com\\\/wp-content\\\/uploads\\\/2019\\\/01\\\/pflanzschale-beton-Agnese.jpg\",\"datePublished\":\"2019-01-18T14:07:09+00:00\",\"dateModified\":\"2019-04-11T09:51:33+00:00\",\"description\":\"Mit der Pflanzschale aus beton setzen Sie einen nachhaltigen Akzent f\u00fcr Ihren Garten. Ein dekorative Element f\u00fcr kreative.\",\"breadcrumb\":{\"@id\":\"https:\\\/\\\/worldofflowerpots.com\\\/sklep\\\/pflanzschale-beton-agnese\\\/#breadcrumb\"},\"inLanguage\":\"de\",\"potentialAction\":[{\"@type\":\"ReadAction\",\"target\":[\"https:\\\/\\\/worldofflowerpots.com\\\/sklep\\\/pflanzschale-beton-agnese\\\/\"]}]},{\"@type\":\"ImageObject\",\"inLanguage\":\"de\",\"@id\":\"https:\\\/\\\/worldofflowerpots.com\\\/sklep\\\/pflanzschale-beton-agnese\\\/#primaryimage\",\"url\":\"https:\\\/\\\/worldofflowerpots.com\\\/wp-content\\\/uploads\\\/2019\\\/01\\\/pflanzschale-beton-Agnese.jpg\",\"contentUrl\":\"https:\\\/\\\/worldofflowerpots.com\\\/wp-content\\\/uploads\\\/2019\\\/01\\\/pflanzschale-beton-Agnese.jpg\",\"width\":1920,\"height\":1080},{\"@type\":\"BreadcrumbList\",\"@id\":\"https:\\\/\\\/worldofflowerpots.com\\\/sklep\\\/pflanzschale-beton-agnese\\\/#breadcrumb\",\"itemListElement\":[{\"@type\":\"ListItem\",\"position\":1,\"name\":\"Strona g\u0142\u00f3wna\",\"item\":\"https:\\\/\\\/worldofflowerpots.com\\\/blumenkuebel-grosse-auswahl\\\/\"},{\"@type\":\"ListItem\",\"position\":2,\"name\":\"Shop\",\"item\":\"https:\\\/\\\/worldofflowerpots.com\\\/sortiment\\\/\"},{\"@type\":\"ListItem\",\"position\":3,\"name\":\"Pflanzschale beton Agnese\"}]},{\"@type\":\"WebSite\",\"@id\":\"https:\\\/\\\/worldofflowerpots.com\\\/#website\",\"url\":\"https:\\\/\\\/worldofflowerpots.com\\\/\",\"name\":\"Blumenk\u00fcbel World of Flowerpots\",\"description\":\"Pflanzk\u00fcbel beton, blumentr\u00f6ge, blumenk\u00fcbel gro\u00df, cortenstahl, fiberglas\",\"potentialAction\":[{\"@type\":\"SearchAction\",\"target\":{\"@type\":\"EntryPoint\",\"urlTemplate\":\"https:\\\/\\\/worldofflowerpots.com\\\/?s={search_term_string}\"},\"query-input\":{\"@type\":\"PropertyValueSpecification\",\"valueRequired\":true,\"valueName\":\"search_term_string\"}}],\"inLanguage\":\"de\"}]}<\/script>\n<!-- \/ Yoast SEO plugin. -->","yoast_head_json":{"title":"Pflanzschale aus beton\u00a0f\u00fcr drau\u00dfen Ideal f\u00fcr flachwurzelnde Blumen","description":"Mit der Pflanzschale aus beton setzen Sie einen nachhaltigen Akzent f\u00fcr Ihren Garten. Ein dekorative Element f\u00fcr kreative.","robots":{"index":"index","follow":"follow","max-snippet":"max-snippet:-1","max-image-preview":"max-image-preview:large","max-video-preview":"max-video-preview:-1"},"canonical":"https:\/\/worldofflowerpots.com\/sklep\/pflanzschale-beton-agnese\/","og_locale":"de_DE","og_type":"article","og_title":"Pflanzschale aus beton\u00a0f\u00fcr drau\u00dfen Ideal f\u00fcr flachwurzelnde Blumen","og_description":"Mit der Pflanzschale aus beton setzen Sie einen nachhaltigen Akzent f\u00fcr Ihren Garten. Ein dekorative Element f\u00fcr kreative.","og_url":"https:\/\/worldofflowerpots.com\/sklep\/pflanzschale-beton-agnese\/","og_site_name":"Blumenk\u00fcbel World of Flowerpots","article_modified_time":"2019-04-11T09:51:33+00:00","og_image":[{"width":1920,"height":1080,"url":"https:\/\/worldofflowerpots.com\/wp-content\/uploads\/2019\/01\/pflanzschale-beton-Agnese.jpg","type":"image\/jpeg"}],"twitter_card":"summary_large_image","twitter_misc":{"Gesch\u00e4tzte Lesezeit":"1\u00a0Minute"},"schema":{"@context":"https:\/\/schema.org","@graph":[{"@type":"WebPage","@id":"https:\/\/worldofflowerpots.com\/sklep\/pflanzschale-beton-agnese\/","url":"https:\/\/worldofflowerpots.com\/sklep\/pflanzschale-beton-agnese\/","name":"Pflanzschale aus beton\u00a0f\u00fcr drau\u00dfen Ideal f\u00fcr flachwurzelnde Blumen","isPartOf":{"@id":"https:\/\/worldofflowerpots.com\/#website"},"primaryImageOfPage":{"@id":"https:\/\/worldofflowerpots.com\/sklep\/pflanzschale-beton-agnese\/#primaryimage"},"image":{"@id":"https:\/\/worldofflowerpots.com\/sklep\/pflanzschale-beton-agnese\/#primaryimage"},"thumbnailUrl":"https:\/\/worldofflowerpots.com\/wp-content\/uploads\/2019\/01\/pflanzschale-beton-Agnese.jpg","datePublished":"2019-01-18T14:07:09+00:00","dateModified":"2019-04-11T09:51:33+00:00","description":"Mit der Pflanzschale aus beton setzen Sie einen nachhaltigen Akzent f\u00fcr Ihren Garten. Ein dekorative Element f\u00fcr kreative.","breadcrumb":{"@id":"https:\/\/worldofflowerpots.com\/sklep\/pflanzschale-beton-agnese\/#breadcrumb"},"inLanguage":"de","potentialAction":[{"@type":"ReadAction","target":["https:\/\/worldofflowerpots.com\/sklep\/pflanzschale-beton-agnese\/"]}]},{"@type":"ImageObject","inLanguage":"de","@id":"https:\/\/worldofflowerpots.com\/sklep\/pflanzschale-beton-agnese\/#primaryimage","url":"https:\/\/worldofflowerpots.com\/wp-content\/uploads\/2019\/01\/pflanzschale-beton-Agnese.jpg","contentUrl":"https:\/\/worldofflowerpots.com\/wp-content\/uploads\/2019\/01\/pflanzschale-beton-Agnese.jpg","width":1920,"height":1080},{"@type":"BreadcrumbList","@id":"https:\/\/worldofflowerpots.com\/sklep\/pflanzschale-beton-agnese\/#breadcrumb","itemListElement":[{"@type":"ListItem","position":1,"name":"Strona g\u0142\u00f3wna","item":"https:\/\/worldofflowerpots.com\/blumenkuebel-grosse-auswahl\/"},{"@type":"ListItem","position":2,"name":"Shop","item":"https:\/\/worldofflowerpots.com\/sortiment\/"},{"@type":"ListItem","position":3,"name":"Pflanzschale beton Agnese"}]},{"@type":"WebSite","@id":"https:\/\/worldofflowerpots.com\/#website","url":"https:\/\/worldofflowerpots.com\/","name":"Blumenk\u00fcbel World of Flowerpots","description":"Pflanzk\u00fcbel beton, blumentr\u00f6ge, blumenk\u00fcbel gro\u00df, cortenstahl, fiberglas","potentialAction":[{"@type":"SearchAction","target":{"@type":"EntryPoint","urlTemplate":"https:\/\/worldofflowerpots.com\/?s={search_term_string}"},"query-input":{"@type":"PropertyValueSpecification","valueRequired":true,"valueName":"search_term_string"}}],"inLanguage":"de"}]}},"_links":{"self":[{"href":"https:\/\/worldofflowerpots.com\/de\/wp-json\/wp\/v2\/product\/52614","targetHints":{"allow":["GET"]}}],"collection":[{"href":"https:\/\/worldofflowerpots.com\/de\/wp-json\/wp\/v2\/product"}],"about":[{"href":"https:\/\/worldofflowerpots.com\/de\/wp-json\/wp\/v2\/types\/product"}],"wp:featuredmedia":[{"embeddable":true,"href":"https:\/\/worldofflowerpots.com\/de\/wp-json\/wp\/v2\/media\/58319"}],"wp:attachment":[{"href":"https:\/\/worldofflowerpots.com\/de\/wp-json\/wp\/v2\/media?parent=52614"}],"wp:term":[{"taxonomy":"product_brand","embeddable":true,"href":"https:\/\/worldofflowerpots.com\/de\/wp-json\/wp\/v2\/product_brand?post=52614"},{"taxonomy":"product_cat","embeddable":true,"href":"https:\/\/worldofflowerpots.com\/de\/wp-json\/wp\/v2\/product_cat?post=52614"},{"taxonomy":"product_tag","embeddable":true,"href":"https:\/\/worldofflowerpots.com\/de\/wp-json\/wp\/v2\/product_tag?post=52614"}],"curies":[{"name":"wp","href":"https:\/\/api.w.org\/{rel}","templated":true}]}}