{"id":52621,"date":"2019-01-18T15:07:09","date_gmt":"2019-01-18T14:07:09","guid":{"rendered":"https:\/\/worldofflowerpots.com\/sklep\/unkategorisiert\/pflanzkubel-modern-aus-beton-romano\/"},"modified":"2019-04-15T10:59:11","modified_gmt":"2019-04-15T08:59:11","slug":"pflanzkubel-modern-aus-beton-romano","status":"publish","type":"product","link":"https:\/\/worldofflowerpots.com\/de\/sortiment\/pflanzkubel-modern-aus-beton-romano\/","title":{"rendered":"pflanzk\u00fcbel modern aus beton Romano"},"content":{"rendered":"<div id=\"attachment_58959\" style=\"width: 1034px\" class=\"wp-caption aligncenter\"><img loading=\"lazy\" decoding=\"async\" aria-describedby=\"caption-attachment-58959\" class=\"wp-image-58959 size-large\" src=\"https:\/\/worldofflowerpots.com\/wp-content\/uploads\/2017\/01\/Richtig-bepflanzen--1024x576.jpg\" alt=\"\" width=\"1024\" height=\"576\" srcset=\"https:\/\/worldofflowerpots.com\/wp-content\/uploads\/2017\/01\/Richtig-bepflanzen--1024x576.jpg 1024w, https:\/\/worldofflowerpots.com\/wp-content\/uploads\/2017\/01\/Richtig-bepflanzen--300x169.jpg 300w, https:\/\/worldofflowerpots.com\/wp-content\/uploads\/2017\/01\/Richtig-bepflanzen--768x432.jpg 768w, https:\/\/worldofflowerpots.com\/wp-content\/uploads\/2017\/01\/Richtig-bepflanzen--600x338.jpg 600w, https:\/\/worldofflowerpots.com\/wp-content\/uploads\/2017\/01\/Richtig-bepflanzen-.jpg 1920w\" sizes=\"auto, (max-width: 1024px) 100vw, 1024px\" \/><p id=\"caption-attachment-58959\" class=\"wp-caption-text\">Richtig bepflanzen<\/p><\/div>\n<h2>Romano f\u00fcr die Pflanzen<\/h2>\n<p>Pflanzk\u00fcbel modern m\u00fcssen nicht immer eckig sein und Vasen sind nicht ausschlie\u00dflich f\u00fcr Schnittblumen gemacht, um den Tisch zu versch\u00f6nern. Romano ist das perfekte Beispiel daf\u00fcr, dass ein Pflanzenk\u00fcbel, welcher f\u00fcr den Au\u00dfenbereich gemacht ist, tolle Pflanzen beherbergen kann und gleichzeitig die Form einer Vase haben kann. Gehen Sie einen Schritt weiter und stellen Vasen nicht nur auf den Tisch, sondern versch\u00f6nern Sie mit Romano auch ihren Au\u00dfenbereich. Alleine das Design des Pflanzenk\u00fcbels wird die Blicke der Menschen auf sich ziehen. Bepflanzt mit sch\u00f6nen Pflanzen, wird Romano zu einem echten Hingucker, welchen nicht Jeder hat.<\/p>\n<h2>Der Inspirierende Trog<\/h2>\n<p>Je nachdem, welche Pflanzen Sie in Romano einsetzen wollen, k\u00f6nnen Sie den Pflanzk\u00fcbel modern aus beton in verschiedenen Farben erwerben, so dass Sie den perfekten Ort f\u00fcr Ihre Pflanzen schaffen. An Romano erfreuen sich nicht nur Sie, sondern auch die Betrachter, welche sicherlich gerne einen Blick auf den tollen Pflanzenk\u00fcbel werfen und sich an ihm und den Pflanzen erfreuen. Der Pflanzk\u00fcbel aus Beton mit dem Namen Romano ist aus hochwertigem Material hergestellt. Er dient als Bl\u00fcmenk\u00fcbel\u00a0 in der Form einer Vase der Aufnahme von einzelnen Pflanzen. Dabei ist das Fassungsverm\u00f6gen des Betonpflanzk\u00fcbel mit 110 Litern gut bemessen.<\/p>\n<h2>Geeignet f\u00fcr Draussen<\/h2>\n<p>Romano Verwendung findet der Pflanztrog aus Beton in den Au\u00dfenbereichen von H\u00e4usern und auch in \u00f6ffentlichen Bereichen wie Schulen und Tagesst\u00e4tten. Der Pflanzk\u00fcbel modern aus Beton ist nicht rechteckig sondern rund und verf\u00fcgt damit \u00fcber die Eigenschaften die ein Pflanzk\u00fcbel zum drapieren mit weiteren Elementen haben sollte. So k\u00f6nnen mehrere der Exemplare zusammen aufgestellt werden, eine Kombination der drei erh\u00e4ltlichen Farben stellt eine sinnvolle Erg\u00e4nzung dar.<\/p>\n","protected":false},"excerpt":{"rendered":"<p>Pflanzk\u00fcbel beton Romano<br \/>\nMaterial Beton (UHPC)<br \/>\nGewicht :60kg<br \/>\nAbmessungen: \u2300724mm, H760mm<br \/>\nFarben: Grau, Schwarz, Weiss<br \/>\nUV-resistent<br \/>\nRobust und Stabil<br \/>\nWetterfest<br \/>\nFrostbest\u00e4ndig bei gew\u00e4hrleistetem Wasserablauf<\/p>\n","protected":false},"featured_media":51506,"template":"","meta":{"_acf_changed":false},"product_brand":[],"product_cat":[267],"product_tag":[],"class_list":{"0":"post-52621","1":"product","2":"type-product","3":"status-publish","4":"has-post-thumbnail","6":"product_cat-pflanzkuebel-beton","7":"description-off","8":"tm-has-options","10":"first","11":"instock","12":"shipping-taxable","13":"purchasable","14":"product-type-simple"},"acf":[],"yoast_head":"<!-- This site is optimized with the Yoast SEO plugin v27.5 - https:\/\/yoast.com\/product\/yoast-seo-wordpress\/ -->\n<title>pflanzk\u00fcbel modern aus beton Romano | Blumenk\u00fcbel World of Flowerpots - Pflanzk\u00fcbel beton, blumentr\u00f6ge, blumenk\u00fcbel gro\u00df, cortenstahl, fiberglas<\/title>\n<meta name=\"robots\" content=\"index, follow, max-snippet:-1, max-image-preview:large, max-video-preview:-1\" \/>\n<link rel=\"canonical\" href=\"https:\/\/worldofflowerpots.com\/sklep\/pflanzkubel-modern-aus-beton-romano\/\" \/>\n<meta property=\"og:locale\" content=\"de_DE\" \/>\n<meta property=\"og:type\" content=\"article\" \/>\n<meta property=\"og:title\" content=\"pflanzk\u00fcbel modern aus beton Romano | Blumenk\u00fcbel World of Flowerpots - Pflanzk\u00fcbel beton, blumentr\u00f6ge, blumenk\u00fcbel gro\u00df, cortenstahl, fiberglas\" \/>\n<meta property=\"og:description\" content=\"Pflanzk\u00fcbel beton Romano Material Beton (UHPC) Gewicht :60kg Abmessungen: \u2300724mm, H760mm Farben: Grau, Schwarz, Weiss UV-resistent Robust und Stabil Wetterfest Frostbest\u00e4ndig bei gew\u00e4hrleistetem Wasserablauf\" \/>\n<meta property=\"og:url\" content=\"https:\/\/worldofflowerpots.com\/sklep\/pflanzkubel-modern-aus-beton-romano\/\" \/>\n<meta property=\"og:site_name\" content=\"Blumenk\u00fcbel World of Flowerpots\" \/>\n<meta property=\"article:modified_time\" content=\"2019-04-15T08:59:11+00:00\" \/>\n<meta property=\"og:image\" content=\"https:\/\/worldofflowerpots.com\/wp-content\/uploads\/2019\/01\/Donica-ogrodowa-betonowa-romano-z-polimerobetonu.jpg\" \/>\n\t<meta property=\"og:image:width\" content=\"1920\" \/>\n\t<meta property=\"og:image:height\" content=\"1080\" \/>\n\t<meta property=\"og:image:type\" content=\"image\/jpeg\" \/>\n<meta name=\"twitter:card\" content=\"summary_large_image\" \/>\n<meta name=\"twitter:label1\" content=\"Gesch\u00e4tzte Lesezeit\" \/>\n\t<meta name=\"twitter:data1\" content=\"2\u00a0Minuten\" \/>\n<script type=\"application\/ld+json\" class=\"yoast-schema-graph\">{\"@context\":\"https:\\\/\\\/schema.org\",\"@graph\":[{\"@type\":\"WebPage\",\"@id\":\"https:\\\/\\\/worldofflowerpots.com\\\/sklep\\\/pflanzkubel-modern-aus-beton-romano\\\/\",\"url\":\"https:\\\/\\\/worldofflowerpots.com\\\/sklep\\\/pflanzkubel-modern-aus-beton-romano\\\/\",\"name\":\"pflanzk\u00fcbel modern aus beton Romano | Blumenk\u00fcbel World of Flowerpots - Pflanzk\u00fcbel beton, blumentr\u00f6ge, blumenk\u00fcbel gro\u00df, cortenstahl, fiberglas\",\"isPartOf\":{\"@id\":\"https:\\\/\\\/worldofflowerpots.com\\\/#website\"},\"primaryImageOfPage\":{\"@id\":\"https:\\\/\\\/worldofflowerpots.com\\\/sklep\\\/pflanzkubel-modern-aus-beton-romano\\\/#primaryimage\"},\"image\":{\"@id\":\"https:\\\/\\\/worldofflowerpots.com\\\/sklep\\\/pflanzkubel-modern-aus-beton-romano\\\/#primaryimage\"},\"thumbnailUrl\":\"https:\\\/\\\/worldofflowerpots.com\\\/wp-content\\\/uploads\\\/2019\\\/01\\\/Donica-ogrodowa-betonowa-romano-z-polimerobetonu.jpg\",\"datePublished\":\"2019-01-18T14:07:09+00:00\",\"dateModified\":\"2019-04-15T08:59:11+00:00\",\"breadcrumb\":{\"@id\":\"https:\\\/\\\/worldofflowerpots.com\\\/sklep\\\/pflanzkubel-modern-aus-beton-romano\\\/#breadcrumb\"},\"inLanguage\":\"de\",\"potentialAction\":[{\"@type\":\"ReadAction\",\"target\":[\"https:\\\/\\\/worldofflowerpots.com\\\/sklep\\\/pflanzkubel-modern-aus-beton-romano\\\/\"]}]},{\"@type\":\"ImageObject\",\"inLanguage\":\"de\",\"@id\":\"https:\\\/\\\/worldofflowerpots.com\\\/sklep\\\/pflanzkubel-modern-aus-beton-romano\\\/#primaryimage\",\"url\":\"https:\\\/\\\/worldofflowerpots.com\\\/wp-content\\\/uploads\\\/2019\\\/01\\\/Donica-ogrodowa-betonowa-romano-z-polimerobetonu.jpg\",\"contentUrl\":\"https:\\\/\\\/worldofflowerpots.com\\\/wp-content\\\/uploads\\\/2019\\\/01\\\/Donica-ogrodowa-betonowa-romano-z-polimerobetonu.jpg\",\"width\":1920,\"height\":1080},{\"@type\":\"BreadcrumbList\",\"@id\":\"https:\\\/\\\/worldofflowerpots.com\\\/sklep\\\/pflanzkubel-modern-aus-beton-romano\\\/#breadcrumb\",\"itemListElement\":[{\"@type\":\"ListItem\",\"position\":1,\"name\":\"Strona g\u0142\u00f3wna\",\"item\":\"https:\\\/\\\/worldofflowerpots.com\\\/blumenkuebel-grosse-auswahl\\\/\"},{\"@type\":\"ListItem\",\"position\":2,\"name\":\"Shop\",\"item\":\"https:\\\/\\\/worldofflowerpots.com\\\/sortiment\\\/\"},{\"@type\":\"ListItem\",\"position\":3,\"name\":\"pflanzk\u00fcbel modern aus beton Romano\"}]},{\"@type\":\"WebSite\",\"@id\":\"https:\\\/\\\/worldofflowerpots.com\\\/#website\",\"url\":\"https:\\\/\\\/worldofflowerpots.com\\\/\",\"name\":\"Blumenk\u00fcbel World of Flowerpots\",\"description\":\"Pflanzk\u00fcbel beton, blumentr\u00f6ge, blumenk\u00fcbel gro\u00df, cortenstahl, fiberglas\",\"potentialAction\":[{\"@type\":\"SearchAction\",\"target\":{\"@type\":\"EntryPoint\",\"urlTemplate\":\"https:\\\/\\\/worldofflowerpots.com\\\/?s={search_term_string}\"},\"query-input\":{\"@type\":\"PropertyValueSpecification\",\"valueRequired\":true,\"valueName\":\"search_term_string\"}}],\"inLanguage\":\"de\"}]}<\/script>\n<!-- \/ Yoast SEO plugin. -->","yoast_head_json":{"title":"pflanzk\u00fcbel modern aus beton Romano | Blumenk\u00fcbel World of Flowerpots - Pflanzk\u00fcbel beton, blumentr\u00f6ge, blumenk\u00fcbel gro\u00df, cortenstahl, fiberglas","robots":{"index":"index","follow":"follow","max-snippet":"max-snippet:-1","max-image-preview":"max-image-preview:large","max-video-preview":"max-video-preview:-1"},"canonical":"https:\/\/worldofflowerpots.com\/sklep\/pflanzkubel-modern-aus-beton-romano\/","og_locale":"de_DE","og_type":"article","og_title":"pflanzk\u00fcbel modern aus beton Romano | Blumenk\u00fcbel World of Flowerpots - Pflanzk\u00fcbel beton, blumentr\u00f6ge, blumenk\u00fcbel gro\u00df, cortenstahl, fiberglas","og_description":"Pflanzk\u00fcbel beton Romano Material Beton (UHPC) Gewicht :60kg Abmessungen: \u2300724mm, H760mm Farben: Grau, Schwarz, Weiss UV-resistent Robust und Stabil Wetterfest Frostbest\u00e4ndig bei gew\u00e4hrleistetem Wasserablauf","og_url":"https:\/\/worldofflowerpots.com\/sklep\/pflanzkubel-modern-aus-beton-romano\/","og_site_name":"Blumenk\u00fcbel World of Flowerpots","article_modified_time":"2019-04-15T08:59:11+00:00","og_image":[{"width":1920,"height":1080,"url":"https:\/\/worldofflowerpots.com\/wp-content\/uploads\/2019\/01\/Donica-ogrodowa-betonowa-romano-z-polimerobetonu.jpg","type":"image\/jpeg"}],"twitter_card":"summary_large_image","twitter_misc":{"Gesch\u00e4tzte Lesezeit":"2\u00a0Minuten"},"schema":{"@context":"https:\/\/schema.org","@graph":[{"@type":"WebPage","@id":"https:\/\/worldofflowerpots.com\/sklep\/pflanzkubel-modern-aus-beton-romano\/","url":"https:\/\/worldofflowerpots.com\/sklep\/pflanzkubel-modern-aus-beton-romano\/","name":"pflanzk\u00fcbel modern aus beton Romano | Blumenk\u00fcbel World of Flowerpots - Pflanzk\u00fcbel beton, blumentr\u00f6ge, blumenk\u00fcbel gro\u00df, cortenstahl, fiberglas","isPartOf":{"@id":"https:\/\/worldofflowerpots.com\/#website"},"primaryImageOfPage":{"@id":"https:\/\/worldofflowerpots.com\/sklep\/pflanzkubel-modern-aus-beton-romano\/#primaryimage"},"image":{"@id":"https:\/\/worldofflowerpots.com\/sklep\/pflanzkubel-modern-aus-beton-romano\/#primaryimage"},"thumbnailUrl":"https:\/\/worldofflowerpots.com\/wp-content\/uploads\/2019\/01\/Donica-ogrodowa-betonowa-romano-z-polimerobetonu.jpg","datePublished":"2019-01-18T14:07:09+00:00","dateModified":"2019-04-15T08:59:11+00:00","breadcrumb":{"@id":"https:\/\/worldofflowerpots.com\/sklep\/pflanzkubel-modern-aus-beton-romano\/#breadcrumb"},"inLanguage":"de","potentialAction":[{"@type":"ReadAction","target":["https:\/\/worldofflowerpots.com\/sklep\/pflanzkubel-modern-aus-beton-romano\/"]}]},{"@type":"ImageObject","inLanguage":"de","@id":"https:\/\/worldofflowerpots.com\/sklep\/pflanzkubel-modern-aus-beton-romano\/#primaryimage","url":"https:\/\/worldofflowerpots.com\/wp-content\/uploads\/2019\/01\/Donica-ogrodowa-betonowa-romano-z-polimerobetonu.jpg","contentUrl":"https:\/\/worldofflowerpots.com\/wp-content\/uploads\/2019\/01\/Donica-ogrodowa-betonowa-romano-z-polimerobetonu.jpg","width":1920,"height":1080},{"@type":"BreadcrumbList","@id":"https:\/\/worldofflowerpots.com\/sklep\/pflanzkubel-modern-aus-beton-romano\/#breadcrumb","itemListElement":[{"@type":"ListItem","position":1,"name":"Strona g\u0142\u00f3wna","item":"https:\/\/worldofflowerpots.com\/blumenkuebel-grosse-auswahl\/"},{"@type":"ListItem","position":2,"name":"Shop","item":"https:\/\/worldofflowerpots.com\/sortiment\/"},{"@type":"ListItem","position":3,"name":"pflanzk\u00fcbel modern aus beton Romano"}]},{"@type":"WebSite","@id":"https:\/\/worldofflowerpots.com\/#website","url":"https:\/\/worldofflowerpots.com\/","name":"Blumenk\u00fcbel World of Flowerpots","description":"Pflanzk\u00fcbel beton, blumentr\u00f6ge, blumenk\u00fcbel gro\u00df, cortenstahl, fiberglas","potentialAction":[{"@type":"SearchAction","target":{"@type":"EntryPoint","urlTemplate":"https:\/\/worldofflowerpots.com\/?s={search_term_string}"},"query-input":{"@type":"PropertyValueSpecification","valueRequired":true,"valueName":"search_term_string"}}],"inLanguage":"de"}]}},"_links":{"self":[{"href":"https:\/\/worldofflowerpots.com\/de\/wp-json\/wp\/v2\/product\/52621","targetHints":{"allow":["GET"]}}],"collection":[{"href":"https:\/\/worldofflowerpots.com\/de\/wp-json\/wp\/v2\/product"}],"about":[{"href":"https:\/\/worldofflowerpots.com\/de\/wp-json\/wp\/v2\/types\/product"}],"wp:featuredmedia":[{"embeddable":true,"href":"https:\/\/worldofflowerpots.com\/de\/wp-json\/wp\/v2\/media\/51506"}],"wp:attachment":[{"href":"https:\/\/worldofflowerpots.com\/de\/wp-json\/wp\/v2\/media?parent=52621"}],"wp:term":[{"taxonomy":"product_brand","embeddable":true,"href":"https:\/\/worldofflowerpots.com\/de\/wp-json\/wp\/v2\/product_brand?post=52621"},{"taxonomy":"product_cat","embeddable":true,"href":"https:\/\/worldofflowerpots.com\/de\/wp-json\/wp\/v2\/product_cat?post=52621"},{"taxonomy":"product_tag","embeddable":true,"href":"https:\/\/worldofflowerpots.com\/de\/wp-json\/wp\/v2\/product_tag?post=52621"}],"curies":[{"name":"wp","href":"https:\/\/api.w.org\/{rel}","templated":true}]}}