{"id":52642,"date":"2019-01-18T15:06:46","date_gmt":"2019-01-18T14:06:46","guid":{"rendered":"https:\/\/worldofflowerpots.com\/sklep\/unkategorisiert\/pflanztrog-beton-susanna\/"},"modified":"2019-04-15T11:04:46","modified_gmt":"2019-04-15T09:04:46","slug":"pflanztrog-beton-susanna","status":"publish","type":"product","link":"https:\/\/worldofflowerpots.com\/de\/sortiment\/pflanztrog-beton-susanna\/","title":{"rendered":"Pflanztrog beton Susanna"},"content":{"rendered":"<div id=\"attachment_58959\" style=\"width: 1034px\" class=\"wp-caption aligncenter\"><img loading=\"lazy\" decoding=\"async\" aria-describedby=\"caption-attachment-58959\" class=\"wp-image-58959 size-large\" src=\"https:\/\/worldofflowerpots.com\/wp-content\/uploads\/2017\/01\/Richtig-bepflanzen--1024x576.jpg\" alt=\"\" width=\"1024\" height=\"576\" srcset=\"https:\/\/worldofflowerpots.com\/wp-content\/uploads\/2017\/01\/Richtig-bepflanzen--1024x576.jpg 1024w, https:\/\/worldofflowerpots.com\/wp-content\/uploads\/2017\/01\/Richtig-bepflanzen--300x169.jpg 300w, https:\/\/worldofflowerpots.com\/wp-content\/uploads\/2017\/01\/Richtig-bepflanzen--768x432.jpg 768w, https:\/\/worldofflowerpots.com\/wp-content\/uploads\/2017\/01\/Richtig-bepflanzen--600x338.jpg 600w, https:\/\/worldofflowerpots.com\/wp-content\/uploads\/2017\/01\/Richtig-bepflanzen-.jpg 1920w\" sizes=\"auto, (max-width: 1024px) 100vw, 1024px\" \/><p id=\"caption-attachment-58959\" class=\"wp-caption-text\">Richtig bepflanzen<\/p><\/div>\n<h3>Pflanztrog beton Susanna<\/h3>\n<p>Im Sortiment Blument\u00f6pfe aus Beton findet man auch den Pflanzk\u00fcbel Beton Susanna. Von der Form her handelt es sich eher um eine gro\u00dfe Vase f\u00fcr den Freibereich. Susanna ist 90 cm hoch und schwingt sich etwas bauchig nach oben. Der Vasenboden hat rund 38 cm im Durchmesser, am oberen Ende ist die Vase mit 60 cm Durchmesser breiter. In der Mitte am Boden befindet sich ein Loch, durch welches das Wasser ablaufen kann. Dieser stylisch moderne Pflanzk\u00fcbel besteht in seiner Grundsubstanz aus Beton. Durch die Grundsubstanz des Pflanztrogs aus Beton, ist der Betonpflanzk\u00fcbel auch f\u00fcr die Drau\u00dfennutzung ideal. Er ist in jedem Falle solide und robust.<\/p>\n<h3>Susanna ist eine \u00e4sthetische Sch\u00f6nheit<\/h3>\n<p>Der Pflanztrog Beton Susanna hat weibliche Formen. Die Vase ist in Wei\u00df, in Grau und in Schwarz erh\u00e4ltlich. Sie eignet sich besonders f\u00fcr Pflanzen, die eine tiefe Wurzel haben und deshalb unten Platz ben\u00f6tigen. Susanna hat ein einfaches schlichtes, klassisches Design. Die Verarbeitung ist sehr gut, was bei Beton immer wichtig ist, um nicht grob zu wirken. Auch in Serie geschaltet macht Susanna eine gute Figur und erfreut Auge und Pflanze gleicherma\u00dfen.<\/p>\n<h3>Susanna ist ein Hingucker in jedem Garten<\/h3>\n<p>In ihrer wei\u00dfen Schlichtheit kann sie den modernen und eleganten Charakter des Gartens oder ihrer Au\u00dfengestaltung unterstreichen. In schwarz hingegen betont der Pflanztrog die Nat\u00fcrlichkeit des Gartens und in grau passt er sich schlicht ins Gartenbild ein.<\/p>\n<h3>Sie w\u00fcnschen sich doch eine andere Farbe f\u00fcr einen anderen Stil ihres Gartens?<\/h3>\n<p>Dann w\u00e4hlen Sie eine andere Au\u00dfenlackierung f\u00fcr den Pflanztrog beton Susanna. Den K\u00fcbel gibt es in den Farben wei\u00df, grau und schwarz zu bestellen. Zudem besteht die M\u00f6glichkeit den Pflanztrog auch mit einer anderen Au\u00dfenlackierung. Der Blumenk\u00fcbel aus Beton macht auch in anderen Farben viel her und kann ein spannendes Detail in ihrem Au\u00dfenbereich sein.<\/p>\n","protected":false},"excerpt":{"rendered":"<p>Pflanzk\u00fcbel beton Susanna<br \/>\nMaterial Beton (UHPC)<br \/>\nGewicht :66kg<br \/>\nAbmessungen: \u2300600mm, H900mm<br \/>\nFarben: Grau, Schwarz, Weiss<br \/>\nUV-resistent<br \/>\nRobust und Stabil<br \/>\nWetterfest<br \/>\nFrostbest\u00e4ndig bei gew\u00e4hrleistetem Wasserablauf<\/p>\n","protected":false},"featured_media":58329,"template":"","meta":{"_acf_changed":false},"product_brand":[],"product_cat":[267],"product_tag":[],"class_list":{"0":"post-52642","1":"product","2":"type-product","3":"status-publish","4":"has-post-thumbnail","6":"product_cat-pflanzkuebel-beton","7":"description-off","8":"tm-has-options","10":"first","11":"instock","12":"shipping-taxable","13":"purchasable","14":"product-type-simple"},"acf":[],"yoast_head":"<!-- This site is optimized with the Yoast SEO plugin v27.5 - https:\/\/yoast.com\/product\/yoast-seo-wordpress\/ -->\n<title>Der Pflanztrog Beton hat weibliche Formen mit Stil<\/title>\n<meta name=\"description\" content=\"Pflanztrog beton Susanna ist eine \u00e4sthetische Sch\u00f6nheit.Die Vase ist in Wei\u00df, in Grau und in Schwarz erh\u00e4ltlich.Er ist in jedem Falle solide und robust.\" \/>\n<meta name=\"robots\" content=\"index, follow, max-snippet:-1, max-image-preview:large, max-video-preview:-1\" \/>\n<link rel=\"canonical\" href=\"https:\/\/worldofflowerpots.com\/sklep\/pflanztrog-beton-susanna\/\" \/>\n<meta property=\"og:locale\" content=\"de_DE\" \/>\n<meta property=\"og:type\" content=\"article\" \/>\n<meta property=\"og:title\" content=\"Der Pflanztrog Beton hat weibliche Formen mit Stil\" \/>\n<meta property=\"og:description\" content=\"Pflanztrog beton Susanna ist eine \u00e4sthetische Sch\u00f6nheit.Die Vase ist in Wei\u00df, in Grau und in Schwarz erh\u00e4ltlich.Er ist in jedem Falle solide und robust.\" \/>\n<meta property=\"og:url\" content=\"https:\/\/worldofflowerpots.com\/sklep\/pflanztrog-beton-susanna\/\" \/>\n<meta property=\"og:site_name\" content=\"Blumenk\u00fcbel World of Flowerpots\" \/>\n<meta property=\"article:modified_time\" content=\"2019-04-15T09:04:46+00:00\" \/>\n<meta property=\"og:image\" content=\"https:\/\/worldofflowerpots.com\/wp-content\/uploads\/2019\/01\/pflanztrog-beton-Susanna.jpg\" \/>\n\t<meta property=\"og:image:width\" content=\"1920\" \/>\n\t<meta property=\"og:image:height\" content=\"1080\" \/>\n\t<meta property=\"og:image:type\" content=\"image\/jpeg\" \/>\n<meta name=\"twitter:card\" content=\"summary_large_image\" \/>\n<meta name=\"twitter:label1\" content=\"Gesch\u00e4tzte Lesezeit\" \/>\n\t<meta name=\"twitter:data1\" content=\"2\u00a0Minuten\" \/>\n<script type=\"application\/ld+json\" class=\"yoast-schema-graph\">{\"@context\":\"https:\\\/\\\/schema.org\",\"@graph\":[{\"@type\":\"WebPage\",\"@id\":\"https:\\\/\\\/worldofflowerpots.com\\\/sklep\\\/pflanztrog-beton-susanna\\\/\",\"url\":\"https:\\\/\\\/worldofflowerpots.com\\\/sklep\\\/pflanztrog-beton-susanna\\\/\",\"name\":\"Der Pflanztrog Beton hat weibliche Formen mit Stil\",\"isPartOf\":{\"@id\":\"https:\\\/\\\/worldofflowerpots.com\\\/#website\"},\"primaryImageOfPage\":{\"@id\":\"https:\\\/\\\/worldofflowerpots.com\\\/sklep\\\/pflanztrog-beton-susanna\\\/#primaryimage\"},\"image\":{\"@id\":\"https:\\\/\\\/worldofflowerpots.com\\\/sklep\\\/pflanztrog-beton-susanna\\\/#primaryimage\"},\"thumbnailUrl\":\"https:\\\/\\\/worldofflowerpots.com\\\/wp-content\\\/uploads\\\/2019\\\/01\\\/pflanztrog-beton-Susanna.jpg\",\"datePublished\":\"2019-01-18T14:06:46+00:00\",\"dateModified\":\"2019-04-15T09:04:46+00:00\",\"description\":\"Pflanztrog beton Susanna ist eine \u00e4sthetische Sch\u00f6nheit.Die Vase ist in Wei\u00df, in Grau und in Schwarz erh\u00e4ltlich.Er ist in jedem Falle solide und robust.\",\"breadcrumb\":{\"@id\":\"https:\\\/\\\/worldofflowerpots.com\\\/sklep\\\/pflanztrog-beton-susanna\\\/#breadcrumb\"},\"inLanguage\":\"de\",\"potentialAction\":[{\"@type\":\"ReadAction\",\"target\":[\"https:\\\/\\\/worldofflowerpots.com\\\/sklep\\\/pflanztrog-beton-susanna\\\/\"]}]},{\"@type\":\"ImageObject\",\"inLanguage\":\"de\",\"@id\":\"https:\\\/\\\/worldofflowerpots.com\\\/sklep\\\/pflanztrog-beton-susanna\\\/#primaryimage\",\"url\":\"https:\\\/\\\/worldofflowerpots.com\\\/wp-content\\\/uploads\\\/2019\\\/01\\\/pflanztrog-beton-Susanna.jpg\",\"contentUrl\":\"https:\\\/\\\/worldofflowerpots.com\\\/wp-content\\\/uploads\\\/2019\\\/01\\\/pflanztrog-beton-Susanna.jpg\",\"width\":1920,\"height\":1080},{\"@type\":\"BreadcrumbList\",\"@id\":\"https:\\\/\\\/worldofflowerpots.com\\\/sklep\\\/pflanztrog-beton-susanna\\\/#breadcrumb\",\"itemListElement\":[{\"@type\":\"ListItem\",\"position\":1,\"name\":\"Strona g\u0142\u00f3wna\",\"item\":\"https:\\\/\\\/worldofflowerpots.com\\\/blumenkuebel-grosse-auswahl\\\/\"},{\"@type\":\"ListItem\",\"position\":2,\"name\":\"Shop\",\"item\":\"https:\\\/\\\/worldofflowerpots.com\\\/sortiment\\\/\"},{\"@type\":\"ListItem\",\"position\":3,\"name\":\"Pflanztrog beton Susanna\"}]},{\"@type\":\"WebSite\",\"@id\":\"https:\\\/\\\/worldofflowerpots.com\\\/#website\",\"url\":\"https:\\\/\\\/worldofflowerpots.com\\\/\",\"name\":\"Blumenk\u00fcbel World of Flowerpots\",\"description\":\"Pflanzk\u00fcbel beton, blumentr\u00f6ge, blumenk\u00fcbel gro\u00df, cortenstahl, fiberglas\",\"potentialAction\":[{\"@type\":\"SearchAction\",\"target\":{\"@type\":\"EntryPoint\",\"urlTemplate\":\"https:\\\/\\\/worldofflowerpots.com\\\/?s={search_term_string}\"},\"query-input\":{\"@type\":\"PropertyValueSpecification\",\"valueRequired\":true,\"valueName\":\"search_term_string\"}}],\"inLanguage\":\"de\"}]}<\/script>\n<!-- \/ Yoast SEO plugin. -->","yoast_head_json":{"title":"Der Pflanztrog Beton hat weibliche Formen mit Stil","description":"Pflanztrog beton Susanna ist eine \u00e4sthetische Sch\u00f6nheit.Die Vase ist in Wei\u00df, in Grau und in Schwarz erh\u00e4ltlich.Er ist in jedem Falle solide und robust.","robots":{"index":"index","follow":"follow","max-snippet":"max-snippet:-1","max-image-preview":"max-image-preview:large","max-video-preview":"max-video-preview:-1"},"canonical":"https:\/\/worldofflowerpots.com\/sklep\/pflanztrog-beton-susanna\/","og_locale":"de_DE","og_type":"article","og_title":"Der Pflanztrog Beton hat weibliche Formen mit Stil","og_description":"Pflanztrog beton Susanna ist eine \u00e4sthetische Sch\u00f6nheit.Die Vase ist in Wei\u00df, in Grau und in Schwarz erh\u00e4ltlich.Er ist in jedem Falle solide und robust.","og_url":"https:\/\/worldofflowerpots.com\/sklep\/pflanztrog-beton-susanna\/","og_site_name":"Blumenk\u00fcbel World of Flowerpots","article_modified_time":"2019-04-15T09:04:46+00:00","og_image":[{"width":1920,"height":1080,"url":"https:\/\/worldofflowerpots.com\/wp-content\/uploads\/2019\/01\/pflanztrog-beton-Susanna.jpg","type":"image\/jpeg"}],"twitter_card":"summary_large_image","twitter_misc":{"Gesch\u00e4tzte Lesezeit":"2\u00a0Minuten"},"schema":{"@context":"https:\/\/schema.org","@graph":[{"@type":"WebPage","@id":"https:\/\/worldofflowerpots.com\/sklep\/pflanztrog-beton-susanna\/","url":"https:\/\/worldofflowerpots.com\/sklep\/pflanztrog-beton-susanna\/","name":"Der Pflanztrog Beton hat weibliche Formen mit Stil","isPartOf":{"@id":"https:\/\/worldofflowerpots.com\/#website"},"primaryImageOfPage":{"@id":"https:\/\/worldofflowerpots.com\/sklep\/pflanztrog-beton-susanna\/#primaryimage"},"image":{"@id":"https:\/\/worldofflowerpots.com\/sklep\/pflanztrog-beton-susanna\/#primaryimage"},"thumbnailUrl":"https:\/\/worldofflowerpots.com\/wp-content\/uploads\/2019\/01\/pflanztrog-beton-Susanna.jpg","datePublished":"2019-01-18T14:06:46+00:00","dateModified":"2019-04-15T09:04:46+00:00","description":"Pflanztrog beton Susanna ist eine \u00e4sthetische Sch\u00f6nheit.Die Vase ist in Wei\u00df, in Grau und in Schwarz erh\u00e4ltlich.Er ist in jedem Falle solide und robust.","breadcrumb":{"@id":"https:\/\/worldofflowerpots.com\/sklep\/pflanztrog-beton-susanna\/#breadcrumb"},"inLanguage":"de","potentialAction":[{"@type":"ReadAction","target":["https:\/\/worldofflowerpots.com\/sklep\/pflanztrog-beton-susanna\/"]}]},{"@type":"ImageObject","inLanguage":"de","@id":"https:\/\/worldofflowerpots.com\/sklep\/pflanztrog-beton-susanna\/#primaryimage","url":"https:\/\/worldofflowerpots.com\/wp-content\/uploads\/2019\/01\/pflanztrog-beton-Susanna.jpg","contentUrl":"https:\/\/worldofflowerpots.com\/wp-content\/uploads\/2019\/01\/pflanztrog-beton-Susanna.jpg","width":1920,"height":1080},{"@type":"BreadcrumbList","@id":"https:\/\/worldofflowerpots.com\/sklep\/pflanztrog-beton-susanna\/#breadcrumb","itemListElement":[{"@type":"ListItem","position":1,"name":"Strona g\u0142\u00f3wna","item":"https:\/\/worldofflowerpots.com\/blumenkuebel-grosse-auswahl\/"},{"@type":"ListItem","position":2,"name":"Shop","item":"https:\/\/worldofflowerpots.com\/sortiment\/"},{"@type":"ListItem","position":3,"name":"Pflanztrog beton Susanna"}]},{"@type":"WebSite","@id":"https:\/\/worldofflowerpots.com\/#website","url":"https:\/\/worldofflowerpots.com\/","name":"Blumenk\u00fcbel World of Flowerpots","description":"Pflanzk\u00fcbel beton, blumentr\u00f6ge, blumenk\u00fcbel gro\u00df, cortenstahl, fiberglas","potentialAction":[{"@type":"SearchAction","target":{"@type":"EntryPoint","urlTemplate":"https:\/\/worldofflowerpots.com\/?s={search_term_string}"},"query-input":{"@type":"PropertyValueSpecification","valueRequired":true,"valueName":"search_term_string"}}],"inLanguage":"de"}]}},"_links":{"self":[{"href":"https:\/\/worldofflowerpots.com\/de\/wp-json\/wp\/v2\/product\/52642","targetHints":{"allow":["GET"]}}],"collection":[{"href":"https:\/\/worldofflowerpots.com\/de\/wp-json\/wp\/v2\/product"}],"about":[{"href":"https:\/\/worldofflowerpots.com\/de\/wp-json\/wp\/v2\/types\/product"}],"wp:featuredmedia":[{"embeddable":true,"href":"https:\/\/worldofflowerpots.com\/de\/wp-json\/wp\/v2\/media\/58329"}],"wp:attachment":[{"href":"https:\/\/worldofflowerpots.com\/de\/wp-json\/wp\/v2\/media?parent=52642"}],"wp:term":[{"taxonomy":"product_brand","embeddable":true,"href":"https:\/\/worldofflowerpots.com\/de\/wp-json\/wp\/v2\/product_brand?post=52642"},{"taxonomy":"product_cat","embeddable":true,"href":"https:\/\/worldofflowerpots.com\/de\/wp-json\/wp\/v2\/product_cat?post=52642"},{"taxonomy":"product_tag","embeddable":true,"href":"https:\/\/worldofflowerpots.com\/de\/wp-json\/wp\/v2\/product_tag?post=52642"}],"curies":[{"name":"wp","href":"https:\/\/api.w.org\/{rel}","templated":true}]}}