{"id":52705,"date":"2019-01-18T15:06:24","date_gmt":"2019-01-18T14:06:24","guid":{"rendered":"https:\/\/worldofflowerpots.com\/sklep\/unkategorisiert\/pflanzkubel-beton-olivia\/"},"modified":"2019-04-15T11:35:28","modified_gmt":"2019-04-15T09:35:28","slug":"pflanzkubel-beton-olivia","status":"publish","type":"product","link":"https:\/\/worldofflowerpots.com\/de\/sortiment\/pflanzkubel-beton-olivia\/","title":{"rendered":"Pflanzk\u00fcbel beton Olivia"},"content":{"rendered":"<div id=\"attachment_58959\" style=\"width: 1034px\" class=\"wp-caption aligncenter\"><img loading=\"lazy\" decoding=\"async\" aria-describedby=\"caption-attachment-58959\" class=\"wp-image-58959 size-large\" src=\"https:\/\/worldofflowerpots.com\/wp-content\/uploads\/2017\/01\/Richtig-bepflanzen--1024x576.jpg\" alt=\"\" width=\"1024\" height=\"576\" srcset=\"https:\/\/worldofflowerpots.com\/wp-content\/uploads\/2017\/01\/Richtig-bepflanzen--1024x576.jpg 1024w, https:\/\/worldofflowerpots.com\/wp-content\/uploads\/2017\/01\/Richtig-bepflanzen--300x169.jpg 300w, https:\/\/worldofflowerpots.com\/wp-content\/uploads\/2017\/01\/Richtig-bepflanzen--768x432.jpg 768w, https:\/\/worldofflowerpots.com\/wp-content\/uploads\/2017\/01\/Richtig-bepflanzen--600x338.jpg 600w, https:\/\/worldofflowerpots.com\/wp-content\/uploads\/2017\/01\/Richtig-bepflanzen-.jpg 1920w\" sizes=\"auto, (max-width: 1024px) 100vw, 1024px\" \/><p id=\"caption-attachment-58959\" class=\"wp-caption-text\">Richtig bepflanzen<\/p><\/div>\n<h3>Pflanzk\u00fcbel Beton Olivia \u2013 schlank auf Augenh\u00f6he<\/h3>\n<p>Olivia ist ein rechteckiger Pflanzk\u00fcbel auf Augenh\u00f6he. Mit einer H\u00f6he von 80 cm bringt er Blumen und Pflanzen n\u00e4her zum Oberk\u00f6rper und in das Blickfeld. Ideal ist der Pflanzk\u00fcbel Beton f\u00fcr Abtrennungen im Au\u00dfenbereich, zum Beispiel bei Gastg\u00e4rten. Im Sitzen sieht man direkt in die Pflanzen, der hohe K\u00f6rper des Pflanzk\u00fcbels bietet Sicherheit und Schutz, also eine sichtliche und sp\u00fcrbare materielle Abtrennung. Olivia ist extrem schmal konzipiert, um nicht viel Platz zu verbrauchen. 30 cm ist die Breite eines Elements. Die L\u00e4nge eines Elements betr\u00e4gt 100 cm. Olivia besitzt am Boden 2 L\u00f6cher, damit das Wasser abflie\u00dfen kann.<\/p>\n<h3>Mit extra schlankem Design \u2013 Pflanzk\u00fcbel Beton Olivia<\/h3>\n<p>Der Blumenk\u00fcbel Beton Olivia bietet f\u00fcr Ihre Gestaltungsideen ein extra schlanke Design. Mit einer Breite von nur 300 mm passt Olivia auch in schmale Bereiche hinein. Damit k\u00f6nnen Sie auch auf kleineren Terrassen oder neben dem Gartentor einen einzigartigen Akzent setzen. Bepflanzen Sie den Betonpflanzk\u00fcbel Olivia ganz nach Ihren W\u00fcnschen. Zus\u00e4tzlich k\u00f6nnen Sie eigene Dekorationselemente hinzuf\u00fcgen. Auch eine indirekte Beleuchtung f\u00fcr abends ist denkbar \u2013 damit setzen Sie den Pflanztrog Beton in ein ganz neues Licht.<\/p>\n<h3>Olivia in Serie<\/h3>\n<p>Nat\u00fcrlich kann Olivia auch in Serie nebeneinander aufgestellt werden. Eine lange Zeilenbildung ist somit m\u00f6glich, auch wenn es nicht viel Platz gibt. Erh\u00e4ltlich ist Olivia in den Farben Wei\u00df, Schwarz und Grau. Der Beton ist sehr fein verarbeitet. In seiner puren Materialausformung bildet er einen eleganten Kontrapunkt zu den lebendigen gr\u00fcnen Pflanzen. Sehr gut geeignet f\u00fcr Kr\u00e4utergarten und als Raumteiler drin oder draussen kann Olivia Eingesetz werden. Die Materialeigenschaften erlauben fast jeder platz wo die stehen kann, was wichtig ist nur der Wasser Ablauf.<\/p>\n","protected":false},"excerpt":{"rendered":"<p>Pflanzk\u00fcbel beton Olivia<br \/>\nMaterial Beton (UHPC)<br \/>\nGewicht :150kg<br \/>\nAbmessungen B330mm H800mm L1000mm<br \/>\nFarben: Grau, Schwarz, Weiss<br \/>\nUV-resistent<br \/>\nRobust und Stabil<br \/>\nWetterfest<br \/>\nFrostbest\u00e4ndig bei gew\u00e4hrleistetem Wasserablauf<\/p>\n","protected":false},"featured_media":58428,"template":"","meta":{"_acf_changed":false},"product_brand":[],"product_cat":[267],"product_tag":[],"class_list":{"0":"post-52705","1":"product","2":"type-product","3":"status-publish","4":"has-post-thumbnail","6":"product_cat-pflanzkuebel-beton","7":"description-off","8":"tm-has-options","10":"first","11":"instock","12":"shipping-taxable","13":"purchasable","14":"product-type-simple"},"acf":[],"yoast_head":"<!-- This site is optimized with the Yoast SEO plugin v27.5 - https:\/\/yoast.com\/product\/yoast-seo-wordpress\/ -->\n<title>Pflanzk\u00fcbel beton Olivia als Raumteiler oder f\u00fcr Terrasse und Garten<\/title>\n<meta name=\"description\" content=\"Pflanzk\u00fcbel beton Olivia lang, schmal und hoch geeignet als Raumteiler oder Absperrung f\u00fcr Biergarten oder f\u00fcr Abtrennungen im Au\u00dfenbereich.\" \/>\n<meta name=\"robots\" content=\"index, follow, max-snippet:-1, max-image-preview:large, max-video-preview:-1\" \/>\n<link rel=\"canonical\" href=\"https:\/\/worldofflowerpots.com\/sklep\/pflanzkubel-beton-olivia\/\" \/>\n<meta property=\"og:locale\" content=\"de_DE\" \/>\n<meta property=\"og:type\" content=\"article\" \/>\n<meta property=\"og:title\" content=\"Pflanzk\u00fcbel beton Olivia als Raumteiler oder f\u00fcr Terrasse und Garten\" \/>\n<meta property=\"og:description\" content=\"Pflanzk\u00fcbel beton Olivia lang, schmal und hoch geeignet als Raumteiler oder Absperrung f\u00fcr Biergarten oder f\u00fcr Abtrennungen im Au\u00dfenbereich.\" \/>\n<meta property=\"og:url\" content=\"https:\/\/worldofflowerpots.com\/sklep\/pflanzkubel-beton-olivia\/\" \/>\n<meta property=\"og:site_name\" content=\"Blumenk\u00fcbel World of Flowerpots\" \/>\n<meta property=\"article:modified_time\" content=\"2019-04-15T09:35:28+00:00\" \/>\n<meta property=\"og:image\" content=\"https:\/\/worldofflowerpots.com\/wp-content\/uploads\/2019\/01\/Pflanzk\u00fcbel-beton-Olivia.jpg\" \/>\n\t<meta property=\"og:image:width\" content=\"2280\" \/>\n\t<meta property=\"og:image:height\" content=\"1612\" \/>\n\t<meta property=\"og:image:type\" content=\"image\/jpeg\" \/>\n<meta name=\"twitter:card\" content=\"summary_large_image\" \/>\n<meta name=\"twitter:label1\" content=\"Gesch\u00e4tzte Lesezeit\" \/>\n\t<meta name=\"twitter:data1\" content=\"2\u00a0Minuten\" \/>\n<script type=\"application\/ld+json\" class=\"yoast-schema-graph\">{\"@context\":\"https:\\\/\\\/schema.org\",\"@graph\":[{\"@type\":\"WebPage\",\"@id\":\"https:\\\/\\\/worldofflowerpots.com\\\/sklep\\\/pflanzkubel-beton-olivia\\\/\",\"url\":\"https:\\\/\\\/worldofflowerpots.com\\\/sklep\\\/pflanzkubel-beton-olivia\\\/\",\"name\":\"Pflanzk\u00fcbel beton Olivia als Raumteiler oder f\u00fcr Terrasse und Garten\",\"isPartOf\":{\"@id\":\"https:\\\/\\\/worldofflowerpots.com\\\/#website\"},\"primaryImageOfPage\":{\"@id\":\"https:\\\/\\\/worldofflowerpots.com\\\/sklep\\\/pflanzkubel-beton-olivia\\\/#primaryimage\"},\"image\":{\"@id\":\"https:\\\/\\\/worldofflowerpots.com\\\/sklep\\\/pflanzkubel-beton-olivia\\\/#primaryimage\"},\"thumbnailUrl\":\"https:\\\/\\\/worldofflowerpots.com\\\/wp-content\\\/uploads\\\/2019\\\/01\\\/Pflanzk\u00fcbel-beton-Olivia.jpg\",\"datePublished\":\"2019-01-18T14:06:24+00:00\",\"dateModified\":\"2019-04-15T09:35:28+00:00\",\"description\":\"Pflanzk\u00fcbel beton Olivia lang, schmal und hoch geeignet als Raumteiler oder Absperrung f\u00fcr Biergarten oder f\u00fcr Abtrennungen im Au\u00dfenbereich.\",\"breadcrumb\":{\"@id\":\"https:\\\/\\\/worldofflowerpots.com\\\/sklep\\\/pflanzkubel-beton-olivia\\\/#breadcrumb\"},\"inLanguage\":\"de\",\"potentialAction\":[{\"@type\":\"ReadAction\",\"target\":[\"https:\\\/\\\/worldofflowerpots.com\\\/sklep\\\/pflanzkubel-beton-olivia\\\/\"]}]},{\"@type\":\"ImageObject\",\"inLanguage\":\"de\",\"@id\":\"https:\\\/\\\/worldofflowerpots.com\\\/sklep\\\/pflanzkubel-beton-olivia\\\/#primaryimage\",\"url\":\"https:\\\/\\\/worldofflowerpots.com\\\/wp-content\\\/uploads\\\/2019\\\/01\\\/Pflanzk\u00fcbel-beton-Olivia.jpg\",\"contentUrl\":\"https:\\\/\\\/worldofflowerpots.com\\\/wp-content\\\/uploads\\\/2019\\\/01\\\/Pflanzk\u00fcbel-beton-Olivia.jpg\",\"width\":2280,\"height\":1612},{\"@type\":\"BreadcrumbList\",\"@id\":\"https:\\\/\\\/worldofflowerpots.com\\\/sklep\\\/pflanzkubel-beton-olivia\\\/#breadcrumb\",\"itemListElement\":[{\"@type\":\"ListItem\",\"position\":1,\"name\":\"Strona g\u0142\u00f3wna\",\"item\":\"https:\\\/\\\/worldofflowerpots.com\\\/blumenkuebel-grosse-auswahl\\\/\"},{\"@type\":\"ListItem\",\"position\":2,\"name\":\"Shop\",\"item\":\"https:\\\/\\\/worldofflowerpots.com\\\/sortiment\\\/\"},{\"@type\":\"ListItem\",\"position\":3,\"name\":\"Pflanzk\u00fcbel beton Olivia\"}]},{\"@type\":\"WebSite\",\"@id\":\"https:\\\/\\\/worldofflowerpots.com\\\/#website\",\"url\":\"https:\\\/\\\/worldofflowerpots.com\\\/\",\"name\":\"Blumenk\u00fcbel World of Flowerpots\",\"description\":\"Pflanzk\u00fcbel beton, blumentr\u00f6ge, blumenk\u00fcbel gro\u00df, cortenstahl, fiberglas\",\"potentialAction\":[{\"@type\":\"SearchAction\",\"target\":{\"@type\":\"EntryPoint\",\"urlTemplate\":\"https:\\\/\\\/worldofflowerpots.com\\\/?s={search_term_string}\"},\"query-input\":{\"@type\":\"PropertyValueSpecification\",\"valueRequired\":true,\"valueName\":\"search_term_string\"}}],\"inLanguage\":\"de\"}]}<\/script>\n<!-- \/ Yoast SEO plugin. -->","yoast_head_json":{"title":"Pflanzk\u00fcbel beton Olivia als Raumteiler oder f\u00fcr Terrasse und Garten","description":"Pflanzk\u00fcbel beton Olivia lang, schmal und hoch geeignet als Raumteiler oder Absperrung f\u00fcr Biergarten oder f\u00fcr Abtrennungen im Au\u00dfenbereich.","robots":{"index":"index","follow":"follow","max-snippet":"max-snippet:-1","max-image-preview":"max-image-preview:large","max-video-preview":"max-video-preview:-1"},"canonical":"https:\/\/worldofflowerpots.com\/sklep\/pflanzkubel-beton-olivia\/","og_locale":"de_DE","og_type":"article","og_title":"Pflanzk\u00fcbel beton Olivia als Raumteiler oder f\u00fcr Terrasse und Garten","og_description":"Pflanzk\u00fcbel beton Olivia lang, schmal und hoch geeignet als Raumteiler oder Absperrung f\u00fcr Biergarten oder f\u00fcr Abtrennungen im Au\u00dfenbereich.","og_url":"https:\/\/worldofflowerpots.com\/sklep\/pflanzkubel-beton-olivia\/","og_site_name":"Blumenk\u00fcbel World of Flowerpots","article_modified_time":"2019-04-15T09:35:28+00:00","og_image":[{"width":2280,"height":1612,"url":"https:\/\/worldofflowerpots.com\/wp-content\/uploads\/2019\/01\/Pflanzk\u00fcbel-beton-Olivia.jpg","type":"image\/jpeg"}],"twitter_card":"summary_large_image","twitter_misc":{"Gesch\u00e4tzte Lesezeit":"2\u00a0Minuten"},"schema":{"@context":"https:\/\/schema.org","@graph":[{"@type":"WebPage","@id":"https:\/\/worldofflowerpots.com\/sklep\/pflanzkubel-beton-olivia\/","url":"https:\/\/worldofflowerpots.com\/sklep\/pflanzkubel-beton-olivia\/","name":"Pflanzk\u00fcbel beton Olivia als Raumteiler oder f\u00fcr Terrasse und Garten","isPartOf":{"@id":"https:\/\/worldofflowerpots.com\/#website"},"primaryImageOfPage":{"@id":"https:\/\/worldofflowerpots.com\/sklep\/pflanzkubel-beton-olivia\/#primaryimage"},"image":{"@id":"https:\/\/worldofflowerpots.com\/sklep\/pflanzkubel-beton-olivia\/#primaryimage"},"thumbnailUrl":"https:\/\/worldofflowerpots.com\/wp-content\/uploads\/2019\/01\/Pflanzk\u00fcbel-beton-Olivia.jpg","datePublished":"2019-01-18T14:06:24+00:00","dateModified":"2019-04-15T09:35:28+00:00","description":"Pflanzk\u00fcbel beton Olivia lang, schmal und hoch geeignet als Raumteiler oder Absperrung f\u00fcr Biergarten oder f\u00fcr Abtrennungen im Au\u00dfenbereich.","breadcrumb":{"@id":"https:\/\/worldofflowerpots.com\/sklep\/pflanzkubel-beton-olivia\/#breadcrumb"},"inLanguage":"de","potentialAction":[{"@type":"ReadAction","target":["https:\/\/worldofflowerpots.com\/sklep\/pflanzkubel-beton-olivia\/"]}]},{"@type":"ImageObject","inLanguage":"de","@id":"https:\/\/worldofflowerpots.com\/sklep\/pflanzkubel-beton-olivia\/#primaryimage","url":"https:\/\/worldofflowerpots.com\/wp-content\/uploads\/2019\/01\/Pflanzk\u00fcbel-beton-Olivia.jpg","contentUrl":"https:\/\/worldofflowerpots.com\/wp-content\/uploads\/2019\/01\/Pflanzk\u00fcbel-beton-Olivia.jpg","width":2280,"height":1612},{"@type":"BreadcrumbList","@id":"https:\/\/worldofflowerpots.com\/sklep\/pflanzkubel-beton-olivia\/#breadcrumb","itemListElement":[{"@type":"ListItem","position":1,"name":"Strona g\u0142\u00f3wna","item":"https:\/\/worldofflowerpots.com\/blumenkuebel-grosse-auswahl\/"},{"@type":"ListItem","position":2,"name":"Shop","item":"https:\/\/worldofflowerpots.com\/sortiment\/"},{"@type":"ListItem","position":3,"name":"Pflanzk\u00fcbel beton Olivia"}]},{"@type":"WebSite","@id":"https:\/\/worldofflowerpots.com\/#website","url":"https:\/\/worldofflowerpots.com\/","name":"Blumenk\u00fcbel World of Flowerpots","description":"Pflanzk\u00fcbel beton, blumentr\u00f6ge, blumenk\u00fcbel gro\u00df, cortenstahl, fiberglas","potentialAction":[{"@type":"SearchAction","target":{"@type":"EntryPoint","urlTemplate":"https:\/\/worldofflowerpots.com\/?s={search_term_string}"},"query-input":{"@type":"PropertyValueSpecification","valueRequired":true,"valueName":"search_term_string"}}],"inLanguage":"de"}]}},"_links":{"self":[{"href":"https:\/\/worldofflowerpots.com\/de\/wp-json\/wp\/v2\/product\/52705","targetHints":{"allow":["GET"]}}],"collection":[{"href":"https:\/\/worldofflowerpots.com\/de\/wp-json\/wp\/v2\/product"}],"about":[{"href":"https:\/\/worldofflowerpots.com\/de\/wp-json\/wp\/v2\/types\/product"}],"wp:featuredmedia":[{"embeddable":true,"href":"https:\/\/worldofflowerpots.com\/de\/wp-json\/wp\/v2\/media\/58428"}],"wp:attachment":[{"href":"https:\/\/worldofflowerpots.com\/de\/wp-json\/wp\/v2\/media?parent=52705"}],"wp:term":[{"taxonomy":"product_brand","embeddable":true,"href":"https:\/\/worldofflowerpots.com\/de\/wp-json\/wp\/v2\/product_brand?post=52705"},{"taxonomy":"product_cat","embeddable":true,"href":"https:\/\/worldofflowerpots.com\/de\/wp-json\/wp\/v2\/product_cat?post=52705"},{"taxonomy":"product_tag","embeddable":true,"href":"https:\/\/worldofflowerpots.com\/de\/wp-json\/wp\/v2\/product_tag?post=52705"}],"curies":[{"name":"wp","href":"https:\/\/api.w.org\/{rel}","templated":true}]}}