{"id":52747,"date":"2019-01-18T15:06:23","date_gmt":"2019-01-18T14:06:23","guid":{"rendered":"https:\/\/worldofflowerpots.com\/sklep\/unkategorisiert\/pflanzkasten-aus-beton-gulia\/"},"modified":"2019-04-15T11:48:11","modified_gmt":"2019-04-15T09:48:11","slug":"pflanzkasten-aus-beton-gulia","status":"publish","type":"product","link":"https:\/\/worldofflowerpots.com\/de\/sortiment\/pflanzkasten-aus-beton-gulia\/","title":{"rendered":"Pflanzk\u00e4sten aus beton Gulia"},"content":{"rendered":"<div id=\"attachment_58959\" style=\"width: 1034px\" class=\"wp-caption aligncenter\"><img loading=\"lazy\" decoding=\"async\" aria-describedby=\"caption-attachment-58959\" class=\"wp-image-58959 size-large\" src=\"https:\/\/worldofflowerpots.com\/wp-content\/uploads\/2017\/01\/Richtig-bepflanzen--1024x576.jpg\" alt=\"\" width=\"1024\" height=\"576\" srcset=\"https:\/\/worldofflowerpots.com\/wp-content\/uploads\/2017\/01\/Richtig-bepflanzen--1024x576.jpg 1024w, https:\/\/worldofflowerpots.com\/wp-content\/uploads\/2017\/01\/Richtig-bepflanzen--300x169.jpg 300w, https:\/\/worldofflowerpots.com\/wp-content\/uploads\/2017\/01\/Richtig-bepflanzen--768x432.jpg 768w, https:\/\/worldofflowerpots.com\/wp-content\/uploads\/2017\/01\/Richtig-bepflanzen--600x338.jpg 600w, https:\/\/worldofflowerpots.com\/wp-content\/uploads\/2017\/01\/Richtig-bepflanzen-.jpg 1920w\" sizes=\"auto, (max-width: 1024px) 100vw, 1024px\" \/><p id=\"caption-attachment-58959\" class=\"wp-caption-text\">Richtig bepflanzen<\/p><\/div>\n<h3>Pflanzk\u00e4sten aus beton Gulia \u2013 ein hochwertiges Dekorationselement<\/h3>\n<p>Mit einem Pflanzk\u00e4sten aus beton erhalten Sie einen wetterbest\u00e4ndigen und vielseitig einsetzbaren Blumenk\u00fcbel, mit dem Sie Ihren Balkon, Terrasse oder Garten individuell und pers\u00f6nlich gestalten k\u00f6nnen. Durch sein schlichtes und robustes Design eignet sich der rechteckige Betonpflanzk\u00fcbel Gulia auch bestens f\u00fcr die Innenr\u00e4ume und verleiht Ihren B\u00fcror\u00e4umen ein modernes, individuelles Ambiente.<\/p>\n<h3>Betonpflanzk\u00fcbel Gulia \u2013 hochwertig und modern<\/h3>\n<p>Pflanzk\u00e4sten aus beton haben den Vorteil, dass sie winterfest, frostsicher und spannungsresistent sind. Durch sein geringes Gewicht und hohes Fassungsverm\u00f6gen ist der Betonpflanzk\u00fcbel Gulia leicht zu handhaben. W\u00e4hlen Sie aus drei aktuellen Farben aus und gestalten Sie Ihren Outdoor- und Indoorbereich individuell und modern.Die Betonpflanzenk\u00fcbel sind immer eine Besonderheit.Der hochwertige Beton erm\u00f6glicht es, die Pflanzenk\u00fcbel einfach und sicher an \u00f6ffentlichen Pl\u00e4tzen aufzubringen, um die Umgebung deutlich attraktiver und einzigartiger zu gestalten.<\/p>\n<h3>Gulia \u2013 der Pflanzenk\u00fcbel aus Beton f\u00fcr Innen und Au\u00dfen<\/h3>\n<p>Das schlichte und robuste Design des Modells Gulia macht diesen\u00a0 Pflanzenk\u00fcbel aus Beton zu einem idealen Dekorationsst\u00fcck dort, wo Widerstandsf\u00e4higkeit und Stabilit\u00e4t erwartet und gesch\u00e4tzt werden. Mit einem Gewicht von nur 63 kg und einem Fassungsverm\u00f6gen von 105 Litern ist das Modell Gulia sowohl f\u00fcr den Au\u00dfenbereich wie auch f\u00fcr die \u00f6ffentlich benutzten Innenr\u00e4ume bestens geeignet.<\/p>\n<h3>Gulia \u2013 das zeitlose Design f\u00fcr freien Gestaltungsspielraum<\/h3>\n<p>Die Auswahl zwischen drei Farben \u2013 Wei\u00df, Grau und Anthrazit \u2013 macht es einfach, stets den perfekt passenden Pflanzentrog aus Beton auszusuchen.Die pers\u00f6nliche Gestaltungsfreiheit bleibt grenzenlos.<\/p>\n<p>Gulia \u2013 der Blumenk\u00fcbel aus Beton \u2013 immer die richtige Wahl f\u00fcr individuelle R\u00e4ume mit eigenem Charakter.<\/p>\n","protected":false},"excerpt":{"rendered":"<p>Pflanzk\u00fcbel beton Gulia<br \/>\nMaterial Beton (UHPC)<br \/>\nGewicht :63kg<br \/>\nAbmessungen B380mm H385mm L1180mm<br \/>\nFarben: Grau, Schwarz, Weiss<br \/>\nUV-resistent<br \/>\nRobust und Stabil<br \/>\nWetterfest<br \/>\nFrostbest\u00e4ndig bei gew\u00e4hrleistetem Wasserablauf<\/p>\n","protected":false},"featured_media":58458,"template":"","meta":{"_acf_changed":false},"product_brand":[],"product_cat":[267],"product_tag":[],"class_list":{"0":"post-52747","1":"product","2":"type-product","3":"status-publish","4":"has-post-thumbnail","6":"product_cat-pflanzkuebel-beton","7":"description-off","8":"tm-has-options","10":"first","11":"instock","12":"shipping-taxable","13":"purchasable","14":"product-type-simple"},"acf":[],"yoast_head":"<!-- This site is optimized with the Yoast SEO plugin v27.5 - https:\/\/yoast.com\/product\/yoast-seo-wordpress\/ -->\n<title>Pflanzk\u00e4sten aus beton ein hochwertiges Dekorationselement<\/title>\n<meta name=\"description\" content=\"Pflanzk\u00e4sten aus beton haben den Vorteil, dass sie winterfest, frostsicher und spannungsresistent sind. Durch sein hohes Fassungsverm\u00f6gen.\" \/>\n<meta name=\"robots\" content=\"index, follow, max-snippet:-1, max-image-preview:large, max-video-preview:-1\" \/>\n<link rel=\"canonical\" href=\"https:\/\/worldofflowerpots.com\/sklep\/pflanzkasten-aus-beton-gulia\/\" \/>\n<meta property=\"og:locale\" content=\"de_DE\" \/>\n<meta property=\"og:type\" content=\"article\" \/>\n<meta property=\"og:title\" content=\"Pflanzk\u00e4sten aus beton ein hochwertiges Dekorationselement\" \/>\n<meta property=\"og:description\" content=\"Pflanzk\u00e4sten aus beton haben den Vorteil, dass sie winterfest, frostsicher und spannungsresistent sind. Durch sein hohes Fassungsverm\u00f6gen.\" \/>\n<meta property=\"og:url\" content=\"https:\/\/worldofflowerpots.com\/sklep\/pflanzkasten-aus-beton-gulia\/\" \/>\n<meta property=\"og:site_name\" content=\"Blumenk\u00fcbel World of Flowerpots\" \/>\n<meta property=\"article:modified_time\" content=\"2019-04-15T09:48:11+00:00\" \/>\n<meta property=\"og:image\" content=\"https:\/\/worldofflowerpots.com\/wp-content\/uploads\/2019\/01\/pflanzk\u00e4sten-aus-beton-Gulia.jpg\" \/>\n\t<meta property=\"og:image:width\" content=\"1920\" \/>\n\t<meta property=\"og:image:height\" content=\"1080\" \/>\n\t<meta property=\"og:image:type\" content=\"image\/jpeg\" \/>\n<meta name=\"twitter:card\" content=\"summary_large_image\" \/>\n<meta name=\"twitter:label1\" content=\"Gesch\u00e4tzte Lesezeit\" \/>\n\t<meta name=\"twitter:data1\" content=\"1\u00a0Minute\" \/>\n<script type=\"application\/ld+json\" class=\"yoast-schema-graph\">{\"@context\":\"https:\\\/\\\/schema.org\",\"@graph\":[{\"@type\":\"WebPage\",\"@id\":\"https:\\\/\\\/worldofflowerpots.com\\\/sklep\\\/pflanzkasten-aus-beton-gulia\\\/\",\"url\":\"https:\\\/\\\/worldofflowerpots.com\\\/sklep\\\/pflanzkasten-aus-beton-gulia\\\/\",\"name\":\"Pflanzk\u00e4sten aus beton ein hochwertiges Dekorationselement\",\"isPartOf\":{\"@id\":\"https:\\\/\\\/worldofflowerpots.com\\\/#website\"},\"primaryImageOfPage\":{\"@id\":\"https:\\\/\\\/worldofflowerpots.com\\\/sklep\\\/pflanzkasten-aus-beton-gulia\\\/#primaryimage\"},\"image\":{\"@id\":\"https:\\\/\\\/worldofflowerpots.com\\\/sklep\\\/pflanzkasten-aus-beton-gulia\\\/#primaryimage\"},\"thumbnailUrl\":\"https:\\\/\\\/worldofflowerpots.com\\\/wp-content\\\/uploads\\\/2019\\\/01\\\/pflanzk\u00e4sten-aus-beton-Gulia.jpg\",\"datePublished\":\"2019-01-18T14:06:23+00:00\",\"dateModified\":\"2019-04-15T09:48:11+00:00\",\"description\":\"Pflanzk\u00e4sten aus beton haben den Vorteil, dass sie winterfest, frostsicher und spannungsresistent sind. Durch sein hohes Fassungsverm\u00f6gen.\",\"breadcrumb\":{\"@id\":\"https:\\\/\\\/worldofflowerpots.com\\\/sklep\\\/pflanzkasten-aus-beton-gulia\\\/#breadcrumb\"},\"inLanguage\":\"de\",\"potentialAction\":[{\"@type\":\"ReadAction\",\"target\":[\"https:\\\/\\\/worldofflowerpots.com\\\/sklep\\\/pflanzkasten-aus-beton-gulia\\\/\"]}]},{\"@type\":\"ImageObject\",\"inLanguage\":\"de\",\"@id\":\"https:\\\/\\\/worldofflowerpots.com\\\/sklep\\\/pflanzkasten-aus-beton-gulia\\\/#primaryimage\",\"url\":\"https:\\\/\\\/worldofflowerpots.com\\\/wp-content\\\/uploads\\\/2019\\\/01\\\/pflanzk\u00e4sten-aus-beton-Gulia.jpg\",\"contentUrl\":\"https:\\\/\\\/worldofflowerpots.com\\\/wp-content\\\/uploads\\\/2019\\\/01\\\/pflanzk\u00e4sten-aus-beton-Gulia.jpg\",\"width\":1920,\"height\":1080},{\"@type\":\"BreadcrumbList\",\"@id\":\"https:\\\/\\\/worldofflowerpots.com\\\/sklep\\\/pflanzkasten-aus-beton-gulia\\\/#breadcrumb\",\"itemListElement\":[{\"@type\":\"ListItem\",\"position\":1,\"name\":\"Strona g\u0142\u00f3wna\",\"item\":\"https:\\\/\\\/worldofflowerpots.com\\\/blumenkuebel-grosse-auswahl\\\/\"},{\"@type\":\"ListItem\",\"position\":2,\"name\":\"Shop\",\"item\":\"https:\\\/\\\/worldofflowerpots.com\\\/sortiment\\\/\"},{\"@type\":\"ListItem\",\"position\":3,\"name\":\"Pflanzk\u00e4sten aus beton Gulia\"}]},{\"@type\":\"WebSite\",\"@id\":\"https:\\\/\\\/worldofflowerpots.com\\\/#website\",\"url\":\"https:\\\/\\\/worldofflowerpots.com\\\/\",\"name\":\"Blumenk\u00fcbel World of Flowerpots\",\"description\":\"Pflanzk\u00fcbel beton, blumentr\u00f6ge, blumenk\u00fcbel gro\u00df, cortenstahl, fiberglas\",\"potentialAction\":[{\"@type\":\"SearchAction\",\"target\":{\"@type\":\"EntryPoint\",\"urlTemplate\":\"https:\\\/\\\/worldofflowerpots.com\\\/?s={search_term_string}\"},\"query-input\":{\"@type\":\"PropertyValueSpecification\",\"valueRequired\":true,\"valueName\":\"search_term_string\"}}],\"inLanguage\":\"de\"}]}<\/script>\n<!-- \/ Yoast SEO plugin. -->","yoast_head_json":{"title":"Pflanzk\u00e4sten aus beton ein hochwertiges Dekorationselement","description":"Pflanzk\u00e4sten aus beton haben den Vorteil, dass sie winterfest, frostsicher und spannungsresistent sind. Durch sein hohes Fassungsverm\u00f6gen.","robots":{"index":"index","follow":"follow","max-snippet":"max-snippet:-1","max-image-preview":"max-image-preview:large","max-video-preview":"max-video-preview:-1"},"canonical":"https:\/\/worldofflowerpots.com\/sklep\/pflanzkasten-aus-beton-gulia\/","og_locale":"de_DE","og_type":"article","og_title":"Pflanzk\u00e4sten aus beton ein hochwertiges Dekorationselement","og_description":"Pflanzk\u00e4sten aus beton haben den Vorteil, dass sie winterfest, frostsicher und spannungsresistent sind. Durch sein hohes Fassungsverm\u00f6gen.","og_url":"https:\/\/worldofflowerpots.com\/sklep\/pflanzkasten-aus-beton-gulia\/","og_site_name":"Blumenk\u00fcbel World of Flowerpots","article_modified_time":"2019-04-15T09:48:11+00:00","og_image":[{"width":1920,"height":1080,"url":"https:\/\/worldofflowerpots.com\/wp-content\/uploads\/2019\/01\/pflanzk\u00e4sten-aus-beton-Gulia.jpg","type":"image\/jpeg"}],"twitter_card":"summary_large_image","twitter_misc":{"Gesch\u00e4tzte Lesezeit":"1\u00a0Minute"},"schema":{"@context":"https:\/\/schema.org","@graph":[{"@type":"WebPage","@id":"https:\/\/worldofflowerpots.com\/sklep\/pflanzkasten-aus-beton-gulia\/","url":"https:\/\/worldofflowerpots.com\/sklep\/pflanzkasten-aus-beton-gulia\/","name":"Pflanzk\u00e4sten aus beton ein hochwertiges Dekorationselement","isPartOf":{"@id":"https:\/\/worldofflowerpots.com\/#website"},"primaryImageOfPage":{"@id":"https:\/\/worldofflowerpots.com\/sklep\/pflanzkasten-aus-beton-gulia\/#primaryimage"},"image":{"@id":"https:\/\/worldofflowerpots.com\/sklep\/pflanzkasten-aus-beton-gulia\/#primaryimage"},"thumbnailUrl":"https:\/\/worldofflowerpots.com\/wp-content\/uploads\/2019\/01\/pflanzk\u00e4sten-aus-beton-Gulia.jpg","datePublished":"2019-01-18T14:06:23+00:00","dateModified":"2019-04-15T09:48:11+00:00","description":"Pflanzk\u00e4sten aus beton haben den Vorteil, dass sie winterfest, frostsicher und spannungsresistent sind. Durch sein hohes Fassungsverm\u00f6gen.","breadcrumb":{"@id":"https:\/\/worldofflowerpots.com\/sklep\/pflanzkasten-aus-beton-gulia\/#breadcrumb"},"inLanguage":"de","potentialAction":[{"@type":"ReadAction","target":["https:\/\/worldofflowerpots.com\/sklep\/pflanzkasten-aus-beton-gulia\/"]}]},{"@type":"ImageObject","inLanguage":"de","@id":"https:\/\/worldofflowerpots.com\/sklep\/pflanzkasten-aus-beton-gulia\/#primaryimage","url":"https:\/\/worldofflowerpots.com\/wp-content\/uploads\/2019\/01\/pflanzk\u00e4sten-aus-beton-Gulia.jpg","contentUrl":"https:\/\/worldofflowerpots.com\/wp-content\/uploads\/2019\/01\/pflanzk\u00e4sten-aus-beton-Gulia.jpg","width":1920,"height":1080},{"@type":"BreadcrumbList","@id":"https:\/\/worldofflowerpots.com\/sklep\/pflanzkasten-aus-beton-gulia\/#breadcrumb","itemListElement":[{"@type":"ListItem","position":1,"name":"Strona g\u0142\u00f3wna","item":"https:\/\/worldofflowerpots.com\/blumenkuebel-grosse-auswahl\/"},{"@type":"ListItem","position":2,"name":"Shop","item":"https:\/\/worldofflowerpots.com\/sortiment\/"},{"@type":"ListItem","position":3,"name":"Pflanzk\u00e4sten aus beton Gulia"}]},{"@type":"WebSite","@id":"https:\/\/worldofflowerpots.com\/#website","url":"https:\/\/worldofflowerpots.com\/","name":"Blumenk\u00fcbel World of Flowerpots","description":"Pflanzk\u00fcbel beton, blumentr\u00f6ge, blumenk\u00fcbel gro\u00df, cortenstahl, fiberglas","potentialAction":[{"@type":"SearchAction","target":{"@type":"EntryPoint","urlTemplate":"https:\/\/worldofflowerpots.com\/?s={search_term_string}"},"query-input":{"@type":"PropertyValueSpecification","valueRequired":true,"valueName":"search_term_string"}}],"inLanguage":"de"}]}},"_links":{"self":[{"href":"https:\/\/worldofflowerpots.com\/de\/wp-json\/wp\/v2\/product\/52747","targetHints":{"allow":["GET"]}}],"collection":[{"href":"https:\/\/worldofflowerpots.com\/de\/wp-json\/wp\/v2\/product"}],"about":[{"href":"https:\/\/worldofflowerpots.com\/de\/wp-json\/wp\/v2\/types\/product"}],"wp:featuredmedia":[{"embeddable":true,"href":"https:\/\/worldofflowerpots.com\/de\/wp-json\/wp\/v2\/media\/58458"}],"wp:attachment":[{"href":"https:\/\/worldofflowerpots.com\/de\/wp-json\/wp\/v2\/media?parent=52747"}],"wp:term":[{"taxonomy":"product_brand","embeddable":true,"href":"https:\/\/worldofflowerpots.com\/de\/wp-json\/wp\/v2\/product_brand?post=52747"},{"taxonomy":"product_cat","embeddable":true,"href":"https:\/\/worldofflowerpots.com\/de\/wp-json\/wp\/v2\/product_cat?post=52747"},{"taxonomy":"product_tag","embeddable":true,"href":"https:\/\/worldofflowerpots.com\/de\/wp-json\/wp\/v2\/product_tag?post=52747"}],"curies":[{"name":"wp","href":"https:\/\/api.w.org\/{rel}","templated":true}]}}