{"id":52754,"date":"2019-01-18T15:06:23","date_gmt":"2019-01-18T14:06:23","guid":{"rendered":"https:\/\/worldofflowerpots.com\/sklep\/unkategorisiert\/pflanztopf-rost-cubi-1\/"},"modified":"2019-04-11T13:56:41","modified_gmt":"2019-04-11T11:56:41","slug":"pflanztopf-rost-cubi-1","status":"publish","type":"product","link":"https:\/\/worldofflowerpots.com\/de\/sortiment\/pflanztopf-rost-cubi-1\/","title":{"rendered":"Pflanztopf rost Cubi 1"},"content":{"rendered":"<h2>Au\u00dfergew\u00f6hnlichkeit bei Pflanztopf rost<\/h2>\n<p>Pflanztopf rost das Au\u00dfergew\u00f6hnliche und Besondere f\u00fcr Garten, f\u00fcr die Terrasse, den Balkon oder auch f\u00fcr den Innenbereich. Pflanztr\u00f6ge aus Cortenstahl in Au\u00dfenbereich sind genau richtig. Die Blument\u00f6pfe sind f\u00fcr drau\u00dfen und zeichnen sich aus durch eine lange Haltbarkeit Robustheit Stabilit\u00e4t.<\/p>\n<h2>Material mit hohem Individualismus<\/h2>\n<p>Die Pflanztr\u00f6ge f\u00fcr drau\u00dfen bestehen aus dem besonderen Material Cortenstahl. Hierbei handelt es sich um ein besonders exklusives Material, mit denen Blument\u00f6pfe f\u00fcr drau\u00dfen der Extraklasse entstehen. Die Pflanzgef\u00e4\u00dfe Au\u00dfenbereich aus diesen Material ver\u00e4ndern im Laufe der Jahre sowohl ihre Oberfl\u00e4chenstruktur als auch ihre Pflanztopf rost aufgrund des Einwirken der unterschiedlichen Witterungsverh\u00e4ltnisse. Der Wechsel von Sonne und den unterschiedlichsten Niederschl\u00e4gen bringt eine rotbraune Verf\u00e4rbung auf die Oberfl\u00e4che, die sich von Blument\u00f6pfe f\u00fcr drau\u00dfen zu Blument\u00f6pfe f\u00fcr drau\u00dfen immer wieder unterscheiden. So bekommt man mit diesen Blumentr\u00f6ge Au\u00dfenbereich nicht nur ein einzigartiges Pflanztrog sondern mit jedem Pflanzgef\u00e4\u00df ein Unikat.<\/p>\n<h2>Ideale Bepflanzung<\/h2>\n<p>Die attraktive Gr\u00f6\u00dfe der Blumen Kasten machen sie ideal f\u00fcr das Bepflanzen von mehreren kleineren Pflanzen oder f\u00fcr eine gr\u00f6\u00dfere Pflanze. Erleichtert wird das Bepflanzen zudem durch den Einsatz eines kleineren Topfes im Inneren. Die Pflanzgef\u00e4\u00dfe k\u00f6nnen in Einzelaufstellung perfekt in die vorhandene Umgebung eingef\u00fcgt werden. Stellt man sie dagegen in vielfacher Weise auf, so bilden sie aufgrund ihres au\u00dfergew\u00f6hnlichen Designs einen wahren Blickfang sowohl im Innen- als auch im Au\u00dfenbereich.<\/p>\n","protected":false},"excerpt":{"rendered":"<p>Material : 2 mm Cortenstahl<br \/>\nIsoliert mit Styropor<br \/>\nGewicht :25kg<br \/>\nAbmessungen B500mm H500mm L500mm<br \/>\nRobust und Stabil<br \/>\nWetterfest<br \/>\nFrostbest\u00e4ndig bei gew\u00e4hrleistetem Wasserablauf<\/p>\n","protected":false},"featured_media":58498,"template":"","meta":{"_acf_changed":false},"product_brand":[],"product_cat":[270],"product_tag":[],"class_list":{"0":"post-52754","1":"product","2":"type-product","3":"status-publish","4":"has-post-thumbnail","6":"product_cat-pflanzkuebel-cortenstahl","7":"description-off","8":"tm-has-options","10":"first","11":"instock","12":"shipping-taxable","13":"purchasable","14":"product-type-simple"},"acf":[],"yoast_head":"<!-- This site is optimized with the Yoast SEO plugin v27.5 - https:\/\/yoast.com\/product\/yoast-seo-wordpress\/ -->\n<title>Pflanztopf rost in Au\u00dfenbereich sind Modern und genau richtig<\/title>\n<meta name=\"description\" content=\"Die Pflanzgef\u00e4\u00dfe Au\u00dfenbereich ver\u00e4ndernsowohl ihre Oberfl\u00e4chenstruktur als auch ihre Pflanztopf rost aufgrund der unterschiedlichen Witterungsverh\u00e4ltnisse.\" \/>\n<meta name=\"robots\" content=\"index, follow, max-snippet:-1, max-image-preview:large, max-video-preview:-1\" \/>\n<link rel=\"canonical\" href=\"https:\/\/worldofflowerpots.com\/sklep\/pflanztopf-rost-cubi-1\/\" \/>\n<meta property=\"og:locale\" content=\"de_DE\" \/>\n<meta property=\"og:type\" content=\"article\" \/>\n<meta property=\"og:title\" content=\"Pflanztopf rost in Au\u00dfenbereich sind Modern und genau richtig\" \/>\n<meta property=\"og:description\" content=\"Die Pflanzgef\u00e4\u00dfe Au\u00dfenbereich ver\u00e4ndernsowohl ihre Oberfl\u00e4chenstruktur als auch ihre Pflanztopf rost aufgrund der unterschiedlichen Witterungsverh\u00e4ltnisse.\" \/>\n<meta property=\"og:url\" content=\"https:\/\/worldofflowerpots.com\/sklep\/pflanztopf-rost-cubi-1\/\" \/>\n<meta property=\"og:site_name\" content=\"Blumenk\u00fcbel World of Flowerpots\" \/>\n<meta property=\"article:modified_time\" content=\"2019-04-11T11:56:41+00:00\" \/>\n<meta property=\"og:image\" content=\"https:\/\/worldofflowerpots.com\/wp-content\/uploads\/2019\/01\/pflanztopf-rost-Cubi-1.jpg\" \/>\n\t<meta property=\"og:image:width\" content=\"2280\" \/>\n\t<meta property=\"og:image:height\" content=\"1612\" \/>\n\t<meta property=\"og:image:type\" content=\"image\/jpeg\" \/>\n<meta name=\"twitter:card\" content=\"summary_large_image\" \/>\n<meta name=\"twitter:label1\" content=\"Gesch\u00e4tzte Lesezeit\" \/>\n\t<meta name=\"twitter:data1\" content=\"1\u00a0Minute\" \/>\n<script type=\"application\/ld+json\" class=\"yoast-schema-graph\">{\"@context\":\"https:\\\/\\\/schema.org\",\"@graph\":[{\"@type\":\"WebPage\",\"@id\":\"https:\\\/\\\/worldofflowerpots.com\\\/sklep\\\/pflanztopf-rost-cubi-1\\\/\",\"url\":\"https:\\\/\\\/worldofflowerpots.com\\\/sklep\\\/pflanztopf-rost-cubi-1\\\/\",\"name\":\"Pflanztopf rost in Au\u00dfenbereich sind Modern und genau richtig\",\"isPartOf\":{\"@id\":\"https:\\\/\\\/worldofflowerpots.com\\\/#website\"},\"primaryImageOfPage\":{\"@id\":\"https:\\\/\\\/worldofflowerpots.com\\\/sklep\\\/pflanztopf-rost-cubi-1\\\/#primaryimage\"},\"image\":{\"@id\":\"https:\\\/\\\/worldofflowerpots.com\\\/sklep\\\/pflanztopf-rost-cubi-1\\\/#primaryimage\"},\"thumbnailUrl\":\"https:\\\/\\\/worldofflowerpots.com\\\/wp-content\\\/uploads\\\/2019\\\/01\\\/pflanztopf-rost-Cubi-1.jpg\",\"datePublished\":\"2019-01-18T14:06:23+00:00\",\"dateModified\":\"2019-04-11T11:56:41+00:00\",\"description\":\"Die Pflanzgef\u00e4\u00dfe Au\u00dfenbereich ver\u00e4ndernsowohl ihre Oberfl\u00e4chenstruktur als auch ihre Pflanztopf rost aufgrund der unterschiedlichen Witterungsverh\u00e4ltnisse.\",\"breadcrumb\":{\"@id\":\"https:\\\/\\\/worldofflowerpots.com\\\/sklep\\\/pflanztopf-rost-cubi-1\\\/#breadcrumb\"},\"inLanguage\":\"de\",\"potentialAction\":[{\"@type\":\"ReadAction\",\"target\":[\"https:\\\/\\\/worldofflowerpots.com\\\/sklep\\\/pflanztopf-rost-cubi-1\\\/\"]}]},{\"@type\":\"ImageObject\",\"inLanguage\":\"de\",\"@id\":\"https:\\\/\\\/worldofflowerpots.com\\\/sklep\\\/pflanztopf-rost-cubi-1\\\/#primaryimage\",\"url\":\"https:\\\/\\\/worldofflowerpots.com\\\/wp-content\\\/uploads\\\/2019\\\/01\\\/pflanztopf-rost-Cubi-1.jpg\",\"contentUrl\":\"https:\\\/\\\/worldofflowerpots.com\\\/wp-content\\\/uploads\\\/2019\\\/01\\\/pflanztopf-rost-Cubi-1.jpg\",\"width\":2280,\"height\":1612},{\"@type\":\"BreadcrumbList\",\"@id\":\"https:\\\/\\\/worldofflowerpots.com\\\/sklep\\\/pflanztopf-rost-cubi-1\\\/#breadcrumb\",\"itemListElement\":[{\"@type\":\"ListItem\",\"position\":1,\"name\":\"Strona g\u0142\u00f3wna\",\"item\":\"https:\\\/\\\/worldofflowerpots.com\\\/blumenkuebel-grosse-auswahl\\\/\"},{\"@type\":\"ListItem\",\"position\":2,\"name\":\"Shop\",\"item\":\"https:\\\/\\\/worldofflowerpots.com\\\/sortiment\\\/\"},{\"@type\":\"ListItem\",\"position\":3,\"name\":\"Pflanztopf rost Cubi 1\"}]},{\"@type\":\"WebSite\",\"@id\":\"https:\\\/\\\/worldofflowerpots.com\\\/#website\",\"url\":\"https:\\\/\\\/worldofflowerpots.com\\\/\",\"name\":\"Blumenk\u00fcbel World of Flowerpots\",\"description\":\"Pflanzk\u00fcbel beton, blumentr\u00f6ge, blumenk\u00fcbel gro\u00df, cortenstahl, fiberglas\",\"potentialAction\":[{\"@type\":\"SearchAction\",\"target\":{\"@type\":\"EntryPoint\",\"urlTemplate\":\"https:\\\/\\\/worldofflowerpots.com\\\/?s={search_term_string}\"},\"query-input\":{\"@type\":\"PropertyValueSpecification\",\"valueRequired\":true,\"valueName\":\"search_term_string\"}}],\"inLanguage\":\"de\"}]}<\/script>\n<!-- \/ Yoast SEO plugin. -->","yoast_head_json":{"title":"Pflanztopf rost in Au\u00dfenbereich sind Modern und genau richtig","description":"Die Pflanzgef\u00e4\u00dfe Au\u00dfenbereich ver\u00e4ndernsowohl ihre Oberfl\u00e4chenstruktur als auch ihre Pflanztopf rost aufgrund der unterschiedlichen Witterungsverh\u00e4ltnisse.","robots":{"index":"index","follow":"follow","max-snippet":"max-snippet:-1","max-image-preview":"max-image-preview:large","max-video-preview":"max-video-preview:-1"},"canonical":"https:\/\/worldofflowerpots.com\/sklep\/pflanztopf-rost-cubi-1\/","og_locale":"de_DE","og_type":"article","og_title":"Pflanztopf rost in Au\u00dfenbereich sind Modern und genau richtig","og_description":"Die Pflanzgef\u00e4\u00dfe Au\u00dfenbereich ver\u00e4ndernsowohl ihre Oberfl\u00e4chenstruktur als auch ihre Pflanztopf rost aufgrund der unterschiedlichen Witterungsverh\u00e4ltnisse.","og_url":"https:\/\/worldofflowerpots.com\/sklep\/pflanztopf-rost-cubi-1\/","og_site_name":"Blumenk\u00fcbel World of Flowerpots","article_modified_time":"2019-04-11T11:56:41+00:00","og_image":[{"width":2280,"height":1612,"url":"https:\/\/worldofflowerpots.com\/wp-content\/uploads\/2019\/01\/pflanztopf-rost-Cubi-1.jpg","type":"image\/jpeg"}],"twitter_card":"summary_large_image","twitter_misc":{"Gesch\u00e4tzte Lesezeit":"1\u00a0Minute"},"schema":{"@context":"https:\/\/schema.org","@graph":[{"@type":"WebPage","@id":"https:\/\/worldofflowerpots.com\/sklep\/pflanztopf-rost-cubi-1\/","url":"https:\/\/worldofflowerpots.com\/sklep\/pflanztopf-rost-cubi-1\/","name":"Pflanztopf rost in Au\u00dfenbereich sind Modern und genau richtig","isPartOf":{"@id":"https:\/\/worldofflowerpots.com\/#website"},"primaryImageOfPage":{"@id":"https:\/\/worldofflowerpots.com\/sklep\/pflanztopf-rost-cubi-1\/#primaryimage"},"image":{"@id":"https:\/\/worldofflowerpots.com\/sklep\/pflanztopf-rost-cubi-1\/#primaryimage"},"thumbnailUrl":"https:\/\/worldofflowerpots.com\/wp-content\/uploads\/2019\/01\/pflanztopf-rost-Cubi-1.jpg","datePublished":"2019-01-18T14:06:23+00:00","dateModified":"2019-04-11T11:56:41+00:00","description":"Die Pflanzgef\u00e4\u00dfe Au\u00dfenbereich ver\u00e4ndernsowohl ihre Oberfl\u00e4chenstruktur als auch ihre Pflanztopf rost aufgrund der unterschiedlichen Witterungsverh\u00e4ltnisse.","breadcrumb":{"@id":"https:\/\/worldofflowerpots.com\/sklep\/pflanztopf-rost-cubi-1\/#breadcrumb"},"inLanguage":"de","potentialAction":[{"@type":"ReadAction","target":["https:\/\/worldofflowerpots.com\/sklep\/pflanztopf-rost-cubi-1\/"]}]},{"@type":"ImageObject","inLanguage":"de","@id":"https:\/\/worldofflowerpots.com\/sklep\/pflanztopf-rost-cubi-1\/#primaryimage","url":"https:\/\/worldofflowerpots.com\/wp-content\/uploads\/2019\/01\/pflanztopf-rost-Cubi-1.jpg","contentUrl":"https:\/\/worldofflowerpots.com\/wp-content\/uploads\/2019\/01\/pflanztopf-rost-Cubi-1.jpg","width":2280,"height":1612},{"@type":"BreadcrumbList","@id":"https:\/\/worldofflowerpots.com\/sklep\/pflanztopf-rost-cubi-1\/#breadcrumb","itemListElement":[{"@type":"ListItem","position":1,"name":"Strona g\u0142\u00f3wna","item":"https:\/\/worldofflowerpots.com\/blumenkuebel-grosse-auswahl\/"},{"@type":"ListItem","position":2,"name":"Shop","item":"https:\/\/worldofflowerpots.com\/sortiment\/"},{"@type":"ListItem","position":3,"name":"Pflanztopf rost Cubi 1"}]},{"@type":"WebSite","@id":"https:\/\/worldofflowerpots.com\/#website","url":"https:\/\/worldofflowerpots.com\/","name":"Blumenk\u00fcbel World of Flowerpots","description":"Pflanzk\u00fcbel beton, blumentr\u00f6ge, blumenk\u00fcbel gro\u00df, cortenstahl, fiberglas","potentialAction":[{"@type":"SearchAction","target":{"@type":"EntryPoint","urlTemplate":"https:\/\/worldofflowerpots.com\/?s={search_term_string}"},"query-input":{"@type":"PropertyValueSpecification","valueRequired":true,"valueName":"search_term_string"}}],"inLanguage":"de"}]}},"_links":{"self":[{"href":"https:\/\/worldofflowerpots.com\/de\/wp-json\/wp\/v2\/product\/52754","targetHints":{"allow":["GET"]}}],"collection":[{"href":"https:\/\/worldofflowerpots.com\/de\/wp-json\/wp\/v2\/product"}],"about":[{"href":"https:\/\/worldofflowerpots.com\/de\/wp-json\/wp\/v2\/types\/product"}],"wp:featuredmedia":[{"embeddable":true,"href":"https:\/\/worldofflowerpots.com\/de\/wp-json\/wp\/v2\/media\/58498"}],"wp:attachment":[{"href":"https:\/\/worldofflowerpots.com\/de\/wp-json\/wp\/v2\/media?parent=52754"}],"wp:term":[{"taxonomy":"product_brand","embeddable":true,"href":"https:\/\/worldofflowerpots.com\/de\/wp-json\/wp\/v2\/product_brand?post=52754"},{"taxonomy":"product_cat","embeddable":true,"href":"https:\/\/worldofflowerpots.com\/de\/wp-json\/wp\/v2\/product_cat?post=52754"},{"taxonomy":"product_tag","embeddable":true,"href":"https:\/\/worldofflowerpots.com\/de\/wp-json\/wp\/v2\/product_tag?post=52754"}],"curies":[{"name":"wp","href":"https:\/\/api.w.org\/{rel}","templated":true}]}}