{"id":52778,"date":"2019-01-18T15:06:22","date_gmt":"2019-01-18T14:06:22","guid":{"rendered":"https:\/\/worldofflowerpots.com\/sklep\/unkategorisiert\/pflanztrog-rost-cubi-9\/"},"modified":"2019-04-11T14:17:49","modified_gmt":"2019-04-11T12:17:49","slug":"pflanztrog-rost-cubi-9","status":"publish","type":"product","link":"https:\/\/worldofflowerpots.com\/de\/sortiment\/pflanztrog-rost-cubi-9\/","title":{"rendered":"Pflanztrog rost Cubi 9"},"content":{"rendered":"<h2>Formsch\u00f6ner Blickfang\u00a0Pflanztrog rost<\/h2>\n<p>Der formsch\u00f6ne Pflanztrog ist aus hochwertigem Cortenstahl gefertigt. Das robuste und korrisionsfreie Material wirkt durch seine d\u00fcnne Patina \u00fcberaus dekorativ. Die ansprechende Pflanztrog rost in stilvollem Braun wirkt warm, weshalb sich der Pflanzk\u00fcbel xxl im Wohnbereich, als auch im Garten oder auf der Terrasse harmonisch integrieren l\u00e4sst. Zudem steht der moderne Farbton im Dialog zum Gr\u00fcn der Pflanzen.<\/p>\n<h2>Stilvolle Arrangements<\/h2>\n<p>Stilvolle\u00a0Pflanztrog rost au\u00dfen sind ein absoluter Blickfang und verwandeln den Au\u00dfenbereich in eine wahre Wohlf\u00fchl-Oase. Dank der schlanken, rechteckigen Form eignet sich der Pflanzk\u00fcbel xxl auch hervorragend, um ihn beispielsweise an W\u00e4nden zu platzieren, in Kombination mit mehreren Pflanzgef\u00e4\u00dfe au\u00dfen zu arrangieren oder ihn als Raumteiler oder Sichtschutz zu positionieren. Ob im Privatbereich, in \u00f6ffentlichen Geb\u00e4uden oder in gastronomischen Einrichtungen: Pflanztrog au\u00dfen versch\u00f6nern die Terrasse, den Garten und k\u00f6nnen auch im Innenbereich stilvoll in Szene gesetzt werden.<\/p>\n<h2>Merkmale<\/h2>\n<p>Die Innenseite des Cubi 9 Pflanzk\u00fcbel xxl ist mit einer Styropor-Schicht zurIsolierung ausgekleidet. Mit seinem gro\u00dfz\u00fcgigen Volumen von 600 Litern bietet der dekorative Pflanztrog auch gr\u00f6\u00dferen Gr\u00fcnpflanzen ausreichend Platz. Auf Grund der Materialeigenschaften eignet sich der Cubi 9, ihn ganzj\u00e4hrig im Au\u00dfenbereich zu platzieren. Der hochwertige Corten Stahl rostet nicht und ist \u00e4u\u00dferst klimaresistent. Die Abmessungen des Pflanzk\u00fcbel xxl belaufen sich bei einem Eigengewicht von 75 Kilogramm auf 200 Zentimeter in der L\u00e4nge, 50 Zentimeter in der Breite und 60 Zentimeter in der H\u00f6he. Der spezielle Werkstoff Corten Stahl bildet, \u00e4hnlich wie Kupfer nur eine Patina, die fest anliegt und den darunter befindlichen Stahl langfristig sch\u00fctzt.<\/p>\n","protected":false},"excerpt":{"rendered":"<p>Material : 2 mm Cortenstahl<br \/>\nIsoliert mit Styropor<br \/>\nGewicht :75kg<br \/>\nAbmessungen B500mm H600mm L20000mm<br \/>\nRobust und Stabil<br \/>\nWetterfest<br \/>\nFrostbest\u00e4ndig bei gew\u00e4hrleistetem Wasserablauf<\/p>\n","protected":false},"featured_media":58588,"template":"","meta":{"_acf_changed":false},"product_brand":[],"product_cat":[270],"product_tag":[],"class_list":{"0":"post-52778","1":"product","2":"type-product","3":"status-publish","4":"has-post-thumbnail","6":"product_cat-pflanzkuebel-cortenstahl","7":"description-off","8":"tm-has-options","10":"first","11":"instock","12":"shipping-taxable","13":"purchasable","14":"product-type-simple"},"acf":[],"yoast_head":"<!-- This site is optimized with the Yoast SEO plugin v27.5 - https:\/\/yoast.com\/product\/yoast-seo-wordpress\/ -->\n<title>Pflanztrog rost in stilvollem Braun wirkt warm, modern und zeitlos<\/title>\n<meta name=\"description\" content=\"Stilvolle\u00a0Pflanztrog rost au\u00dfen sind ein absoluter Blickfang und verwandeln den Au\u00dfenbereich in eine wahre Wohlf\u00fchl-Oase.\" \/>\n<meta name=\"robots\" content=\"index, follow, max-snippet:-1, max-image-preview:large, max-video-preview:-1\" \/>\n<link rel=\"canonical\" href=\"https:\/\/worldofflowerpots.com\/sklep\/pflanztrog-rost-cubi-9\/\" \/>\n<meta property=\"og:locale\" content=\"de_DE\" \/>\n<meta property=\"og:type\" content=\"article\" \/>\n<meta property=\"og:title\" content=\"Pflanztrog rost in stilvollem Braun wirkt warm, modern und zeitlos\" \/>\n<meta property=\"og:description\" content=\"Stilvolle\u00a0Pflanztrog rost au\u00dfen sind ein absoluter Blickfang und verwandeln den Au\u00dfenbereich in eine wahre Wohlf\u00fchl-Oase.\" \/>\n<meta property=\"og:url\" content=\"https:\/\/worldofflowerpots.com\/sklep\/pflanztrog-rost-cubi-9\/\" \/>\n<meta property=\"og:site_name\" content=\"Blumenk\u00fcbel World of Flowerpots\" \/>\n<meta property=\"article:modified_time\" content=\"2019-04-11T12:17:49+00:00\" \/>\n<meta property=\"og:image\" content=\"https:\/\/worldofflowerpots.com\/wp-content\/uploads\/2019\/01\/pflanztrog-rost-Cubi-9.jpg\" \/>\n\t<meta property=\"og:image:width\" content=\"2280\" \/>\n\t<meta property=\"og:image:height\" content=\"1612\" \/>\n\t<meta property=\"og:image:type\" content=\"image\/jpeg\" \/>\n<meta name=\"twitter:card\" content=\"summary_large_image\" \/>\n<meta name=\"twitter:label1\" content=\"Gesch\u00e4tzte Lesezeit\" \/>\n\t<meta name=\"twitter:data1\" content=\"1\u00a0Minute\" \/>\n<script type=\"application\/ld+json\" class=\"yoast-schema-graph\">{\"@context\":\"https:\\\/\\\/schema.org\",\"@graph\":[{\"@type\":\"WebPage\",\"@id\":\"https:\\\/\\\/worldofflowerpots.com\\\/sklep\\\/pflanztrog-rost-cubi-9\\\/\",\"url\":\"https:\\\/\\\/worldofflowerpots.com\\\/sklep\\\/pflanztrog-rost-cubi-9\\\/\",\"name\":\"Pflanztrog rost in stilvollem Braun wirkt warm, modern und zeitlos\",\"isPartOf\":{\"@id\":\"https:\\\/\\\/worldofflowerpots.com\\\/#website\"},\"primaryImageOfPage\":{\"@id\":\"https:\\\/\\\/worldofflowerpots.com\\\/sklep\\\/pflanztrog-rost-cubi-9\\\/#primaryimage\"},\"image\":{\"@id\":\"https:\\\/\\\/worldofflowerpots.com\\\/sklep\\\/pflanztrog-rost-cubi-9\\\/#primaryimage\"},\"thumbnailUrl\":\"https:\\\/\\\/worldofflowerpots.com\\\/wp-content\\\/uploads\\\/2019\\\/01\\\/pflanztrog-rost-Cubi-9.jpg\",\"datePublished\":\"2019-01-18T14:06:22+00:00\",\"dateModified\":\"2019-04-11T12:17:49+00:00\",\"description\":\"Stilvolle\u00a0Pflanztrog rost au\u00dfen sind ein absoluter Blickfang und verwandeln den Au\u00dfenbereich in eine wahre Wohlf\u00fchl-Oase.\",\"breadcrumb\":{\"@id\":\"https:\\\/\\\/worldofflowerpots.com\\\/sklep\\\/pflanztrog-rost-cubi-9\\\/#breadcrumb\"},\"inLanguage\":\"de\",\"potentialAction\":[{\"@type\":\"ReadAction\",\"target\":[\"https:\\\/\\\/worldofflowerpots.com\\\/sklep\\\/pflanztrog-rost-cubi-9\\\/\"]}]},{\"@type\":\"ImageObject\",\"inLanguage\":\"de\",\"@id\":\"https:\\\/\\\/worldofflowerpots.com\\\/sklep\\\/pflanztrog-rost-cubi-9\\\/#primaryimage\",\"url\":\"https:\\\/\\\/worldofflowerpots.com\\\/wp-content\\\/uploads\\\/2019\\\/01\\\/pflanztrog-rost-Cubi-9.jpg\",\"contentUrl\":\"https:\\\/\\\/worldofflowerpots.com\\\/wp-content\\\/uploads\\\/2019\\\/01\\\/pflanztrog-rost-Cubi-9.jpg\",\"width\":2280,\"height\":1612},{\"@type\":\"BreadcrumbList\",\"@id\":\"https:\\\/\\\/worldofflowerpots.com\\\/sklep\\\/pflanztrog-rost-cubi-9\\\/#breadcrumb\",\"itemListElement\":[{\"@type\":\"ListItem\",\"position\":1,\"name\":\"Strona g\u0142\u00f3wna\",\"item\":\"https:\\\/\\\/worldofflowerpots.com\\\/blumenkuebel-grosse-auswahl\\\/\"},{\"@type\":\"ListItem\",\"position\":2,\"name\":\"Shop\",\"item\":\"https:\\\/\\\/worldofflowerpots.com\\\/sortiment\\\/\"},{\"@type\":\"ListItem\",\"position\":3,\"name\":\"Pflanztrog rost Cubi 9\"}]},{\"@type\":\"WebSite\",\"@id\":\"https:\\\/\\\/worldofflowerpots.com\\\/#website\",\"url\":\"https:\\\/\\\/worldofflowerpots.com\\\/\",\"name\":\"Blumenk\u00fcbel World of Flowerpots\",\"description\":\"Pflanzk\u00fcbel beton, blumentr\u00f6ge, blumenk\u00fcbel gro\u00df, cortenstahl, fiberglas\",\"potentialAction\":[{\"@type\":\"SearchAction\",\"target\":{\"@type\":\"EntryPoint\",\"urlTemplate\":\"https:\\\/\\\/worldofflowerpots.com\\\/?s={search_term_string}\"},\"query-input\":{\"@type\":\"PropertyValueSpecification\",\"valueRequired\":true,\"valueName\":\"search_term_string\"}}],\"inLanguage\":\"de\"}]}<\/script>\n<!-- \/ Yoast SEO plugin. -->","yoast_head_json":{"title":"Pflanztrog rost in stilvollem Braun wirkt warm, modern und zeitlos","description":"Stilvolle\u00a0Pflanztrog rost au\u00dfen sind ein absoluter Blickfang und verwandeln den Au\u00dfenbereich in eine wahre Wohlf\u00fchl-Oase.","robots":{"index":"index","follow":"follow","max-snippet":"max-snippet:-1","max-image-preview":"max-image-preview:large","max-video-preview":"max-video-preview:-1"},"canonical":"https:\/\/worldofflowerpots.com\/sklep\/pflanztrog-rost-cubi-9\/","og_locale":"de_DE","og_type":"article","og_title":"Pflanztrog rost in stilvollem Braun wirkt warm, modern und zeitlos","og_description":"Stilvolle\u00a0Pflanztrog rost au\u00dfen sind ein absoluter Blickfang und verwandeln den Au\u00dfenbereich in eine wahre Wohlf\u00fchl-Oase.","og_url":"https:\/\/worldofflowerpots.com\/sklep\/pflanztrog-rost-cubi-9\/","og_site_name":"Blumenk\u00fcbel World of Flowerpots","article_modified_time":"2019-04-11T12:17:49+00:00","og_image":[{"width":2280,"height":1612,"url":"https:\/\/worldofflowerpots.com\/wp-content\/uploads\/2019\/01\/pflanztrog-rost-Cubi-9.jpg","type":"image\/jpeg"}],"twitter_card":"summary_large_image","twitter_misc":{"Gesch\u00e4tzte Lesezeit":"1\u00a0Minute"},"schema":{"@context":"https:\/\/schema.org","@graph":[{"@type":"WebPage","@id":"https:\/\/worldofflowerpots.com\/sklep\/pflanztrog-rost-cubi-9\/","url":"https:\/\/worldofflowerpots.com\/sklep\/pflanztrog-rost-cubi-9\/","name":"Pflanztrog rost in stilvollem Braun wirkt warm, modern und zeitlos","isPartOf":{"@id":"https:\/\/worldofflowerpots.com\/#website"},"primaryImageOfPage":{"@id":"https:\/\/worldofflowerpots.com\/sklep\/pflanztrog-rost-cubi-9\/#primaryimage"},"image":{"@id":"https:\/\/worldofflowerpots.com\/sklep\/pflanztrog-rost-cubi-9\/#primaryimage"},"thumbnailUrl":"https:\/\/worldofflowerpots.com\/wp-content\/uploads\/2019\/01\/pflanztrog-rost-Cubi-9.jpg","datePublished":"2019-01-18T14:06:22+00:00","dateModified":"2019-04-11T12:17:49+00:00","description":"Stilvolle\u00a0Pflanztrog rost au\u00dfen sind ein absoluter Blickfang und verwandeln den Au\u00dfenbereich in eine wahre Wohlf\u00fchl-Oase.","breadcrumb":{"@id":"https:\/\/worldofflowerpots.com\/sklep\/pflanztrog-rost-cubi-9\/#breadcrumb"},"inLanguage":"de","potentialAction":[{"@type":"ReadAction","target":["https:\/\/worldofflowerpots.com\/sklep\/pflanztrog-rost-cubi-9\/"]}]},{"@type":"ImageObject","inLanguage":"de","@id":"https:\/\/worldofflowerpots.com\/sklep\/pflanztrog-rost-cubi-9\/#primaryimage","url":"https:\/\/worldofflowerpots.com\/wp-content\/uploads\/2019\/01\/pflanztrog-rost-Cubi-9.jpg","contentUrl":"https:\/\/worldofflowerpots.com\/wp-content\/uploads\/2019\/01\/pflanztrog-rost-Cubi-9.jpg","width":2280,"height":1612},{"@type":"BreadcrumbList","@id":"https:\/\/worldofflowerpots.com\/sklep\/pflanztrog-rost-cubi-9\/#breadcrumb","itemListElement":[{"@type":"ListItem","position":1,"name":"Strona g\u0142\u00f3wna","item":"https:\/\/worldofflowerpots.com\/blumenkuebel-grosse-auswahl\/"},{"@type":"ListItem","position":2,"name":"Shop","item":"https:\/\/worldofflowerpots.com\/sortiment\/"},{"@type":"ListItem","position":3,"name":"Pflanztrog rost Cubi 9"}]},{"@type":"WebSite","@id":"https:\/\/worldofflowerpots.com\/#website","url":"https:\/\/worldofflowerpots.com\/","name":"Blumenk\u00fcbel World of Flowerpots","description":"Pflanzk\u00fcbel beton, blumentr\u00f6ge, blumenk\u00fcbel gro\u00df, cortenstahl, fiberglas","potentialAction":[{"@type":"SearchAction","target":{"@type":"EntryPoint","urlTemplate":"https:\/\/worldofflowerpots.com\/?s={search_term_string}"},"query-input":{"@type":"PropertyValueSpecification","valueRequired":true,"valueName":"search_term_string"}}],"inLanguage":"de"}]}},"_links":{"self":[{"href":"https:\/\/worldofflowerpots.com\/de\/wp-json\/wp\/v2\/product\/52778","targetHints":{"allow":["GET"]}}],"collection":[{"href":"https:\/\/worldofflowerpots.com\/de\/wp-json\/wp\/v2\/product"}],"about":[{"href":"https:\/\/worldofflowerpots.com\/de\/wp-json\/wp\/v2\/types\/product"}],"wp:featuredmedia":[{"embeddable":true,"href":"https:\/\/worldofflowerpots.com\/de\/wp-json\/wp\/v2\/media\/58588"}],"wp:attachment":[{"href":"https:\/\/worldofflowerpots.com\/de\/wp-json\/wp\/v2\/media?parent=52778"}],"wp:term":[{"taxonomy":"product_brand","embeddable":true,"href":"https:\/\/worldofflowerpots.com\/de\/wp-json\/wp\/v2\/product_brand?post=52778"},{"taxonomy":"product_cat","embeddable":true,"href":"https:\/\/worldofflowerpots.com\/de\/wp-json\/wp\/v2\/product_cat?post=52778"},{"taxonomy":"product_tag","embeddable":true,"href":"https:\/\/worldofflowerpots.com\/de\/wp-json\/wp\/v2\/product_tag?post=52778"}],"curies":[{"name":"wp","href":"https:\/\/api.w.org\/{rel}","templated":true}]}}