{"id":52781,"date":"2019-01-18T15:06:22","date_gmt":"2019-01-18T14:06:22","guid":{"rendered":"https:\/\/worldofflowerpots.com\/sklep\/unkategorisiert\/blumenkubel-metall-rost-cubi-10\/"},"modified":"2019-04-11T14:20:32","modified_gmt":"2019-04-11T12:20:32","slug":"blumenkubel-metall-rost-cubi-10","status":"publish","type":"product","link":"https:\/\/worldofflowerpots.com\/de\/sortiment\/blumenkubel-metall-rost-cubi-10\/","title":{"rendered":"Blumenk\u00fcbel metall rost Cubi 10"},"content":{"rendered":"<h2>Cubi10 \u2013 moderne\u00a0Blumenk\u00fcbel metall rost Optik f\u00fcr Au\u00dfenbereiche<\/h2>\n<p>Der Blumenk\u00fcbel metall rost XXL Cubi 10 besteht aus qualitativ hochwertigem Cortestahl. Eine charakteristische rostfarbene Patina verleiht dem Blumenk\u00fcbel eine edle Optik. Die Pflanzgef\u00e4\u00dfe au\u00dfen aus der Modellserie Cubi eignen sich perfekt dazu, um in Au\u00dfenbereichen spannende Akzente zu setzen. Die stilvolle Rostoptik entwickelt sich bei jedem der Pflanzgef\u00e4\u00dfe au\u00dfen anders, sodass es sich bei jedem Blumenk\u00fcbel Cubi10 um ein Unikat handelt.<\/p>\n<h2>Corten-Stahl \u2013 ein hochwertiges Material f\u00fcr Pflanzgef\u00e4\u00dfe au\u00dfen<\/h2>\n<p>Pflanztrog aus Cortenstahl eignen sich perfekt zur Gestaltung in Innen- und in Au\u00dfenbereichen. Der Blumenk\u00fcbel Cubi 10 besticht durch eine hochwertige Verarbeitung und ist best\u00e4ndig gegen Witterungen und Korrosion. Der Pflanzk\u00fcbel XXL begeistert ebenfalls dadurch, dass in das Pflanzgef\u00e4\u00df ein weiterer Blumentopf integriert ist, sodass sich das dekorative Pflanztrog einfach einigen l\u00e4sst. Weiterhin k\u00f6nnen die darin wachsenden Pflanzen unkompliziert umgetopft werden.<\/p>\n<h2>Einsatzbereiche f\u00fcr Pflanzgef\u00e4\u00dfe au\u00dfen mit edler Rostoptik<\/h2>\n<p>Pflanzk\u00fcbel XXL sind vielseitig einsetzbar. Gr\u00f6\u00dferen Solit\u00e4rpflanzen bieten die Pflanzgef\u00e4\u00dfe au\u00dfen ausreichend Platz zum Gedeihen. Ein Blumenk\u00fcbel Cubi 10 eignet sich des Weiteren zur Anlage eines Minigartens. In Innenr\u00e4umen l\u00e4sst sich der Pflanzk\u00fcbel XXL als Raumteiler einsetzen. Im Garten oder auf einer gr\u00f6\u00dferen Terrasse, beispielsweise auf einer Dachterrasse, lassen sich mit dem Pflanzgef\u00e4\u00df Cubi 10 gr\u00f6\u00dfere Fl\u00e4chen in einzelne Bereiche unterteilen. Die hochwertig verarbeitete\u00a0 Oberfl\u00e4che ist ein Garant daf\u00fcr, dass bei der Dekoration mit dem Blumenk\u00fcbel Cubi 10 harmonische Verbindungen zwischen Natur und Architektur entstehen.<\/p>\n","protected":false},"excerpt":{"rendered":"<p>Material : 2 mm Cortenstahl<br \/>\nIsoliert mit Styropor<br \/>\nGewicht :58kg<br \/>\nAbmessungen B500mm H600mm L1500mm<br \/>\nRobust und Stabil<br \/>\nWetterfest<br \/>\nFrostbest\u00e4ndig bei gew\u00e4hrleistetem Wasserabla<\/p>\n","protected":false},"featured_media":58598,"template":"","meta":{"_acf_changed":false},"product_brand":[],"product_cat":[270],"product_tag":[],"class_list":{"0":"post-52781","1":"product","2":"type-product","3":"status-publish","4":"has-post-thumbnail","6":"product_cat-pflanzkuebel-cortenstahl","7":"description-off","8":"tm-has-options","10":"first","11":"instock","12":"shipping-taxable","13":"purchasable","14":"product-type-simple"},"acf":[],"yoast_head":"<!-- This site is optimized with the Yoast SEO plugin v27.5 - https:\/\/yoast.com\/product\/yoast-seo-wordpress\/ -->\n<title>Moderne\u00a0Blumenk\u00fcbel metall rost Optik f\u00fcr Au\u00dfenbereiche<\/title>\n<meta name=\"description\" content=\"Blumenk\u00fcbel metall rost aus Cortenstahl eignen sich perfekt zur Gestaltung in Au\u00dfenbereichen.Die Rostoptik entwickelt sich bei jedem der Pflanzgef\u00e4\u00dfe anders\" \/>\n<meta name=\"robots\" content=\"index, follow, max-snippet:-1, max-image-preview:large, max-video-preview:-1\" \/>\n<link rel=\"canonical\" href=\"https:\/\/worldofflowerpots.com\/sklep\/blumenkubel-metall-rost-cubi-10\/\" \/>\n<meta property=\"og:locale\" content=\"de_DE\" \/>\n<meta property=\"og:type\" content=\"article\" \/>\n<meta property=\"og:title\" content=\"Moderne\u00a0Blumenk\u00fcbel metall rost Optik f\u00fcr Au\u00dfenbereiche\" \/>\n<meta property=\"og:description\" content=\"Blumenk\u00fcbel metall rost aus Cortenstahl eignen sich perfekt zur Gestaltung in Au\u00dfenbereichen.Die Rostoptik entwickelt sich bei jedem der Pflanzgef\u00e4\u00dfe anders\" \/>\n<meta property=\"og:url\" content=\"https:\/\/worldofflowerpots.com\/sklep\/blumenkubel-metall-rost-cubi-10\/\" \/>\n<meta property=\"og:site_name\" content=\"Blumenk\u00fcbel World of Flowerpots\" \/>\n<meta property=\"article:modified_time\" content=\"2019-04-11T12:20:32+00:00\" \/>\n<meta property=\"og:image\" content=\"https:\/\/worldofflowerpots.com\/wp-content\/uploads\/2019\/01\/blumenkuebel-metall-rost-Cubi-10.jpg\" \/>\n\t<meta property=\"og:image:width\" content=\"2280\" \/>\n\t<meta property=\"og:image:height\" content=\"1612\" \/>\n\t<meta property=\"og:image:type\" content=\"image\/jpeg\" \/>\n<meta name=\"twitter:card\" content=\"summary_large_image\" \/>\n<meta name=\"twitter:label1\" content=\"Gesch\u00e4tzte Lesezeit\" \/>\n\t<meta name=\"twitter:data1\" content=\"1\u00a0Minute\" \/>\n<script type=\"application\/ld+json\" class=\"yoast-schema-graph\">{\"@context\":\"https:\\\/\\\/schema.org\",\"@graph\":[{\"@type\":\"WebPage\",\"@id\":\"https:\\\/\\\/worldofflowerpots.com\\\/sklep\\\/blumenkubel-metall-rost-cubi-10\\\/\",\"url\":\"https:\\\/\\\/worldofflowerpots.com\\\/sklep\\\/blumenkubel-metall-rost-cubi-10\\\/\",\"name\":\"Moderne\u00a0Blumenk\u00fcbel metall rost Optik f\u00fcr Au\u00dfenbereiche\",\"isPartOf\":{\"@id\":\"https:\\\/\\\/worldofflowerpots.com\\\/#website\"},\"primaryImageOfPage\":{\"@id\":\"https:\\\/\\\/worldofflowerpots.com\\\/sklep\\\/blumenkubel-metall-rost-cubi-10\\\/#primaryimage\"},\"image\":{\"@id\":\"https:\\\/\\\/worldofflowerpots.com\\\/sklep\\\/blumenkubel-metall-rost-cubi-10\\\/#primaryimage\"},\"thumbnailUrl\":\"https:\\\/\\\/worldofflowerpots.com\\\/wp-content\\\/uploads\\\/2019\\\/01\\\/blumenkuebel-metall-rost-Cubi-10.jpg\",\"datePublished\":\"2019-01-18T14:06:22+00:00\",\"dateModified\":\"2019-04-11T12:20:32+00:00\",\"description\":\"Blumenk\u00fcbel metall rost aus Cortenstahl eignen sich perfekt zur Gestaltung in Au\u00dfenbereichen.Die Rostoptik entwickelt sich bei jedem der Pflanzgef\u00e4\u00dfe anders\",\"breadcrumb\":{\"@id\":\"https:\\\/\\\/worldofflowerpots.com\\\/sklep\\\/blumenkubel-metall-rost-cubi-10\\\/#breadcrumb\"},\"inLanguage\":\"de\",\"potentialAction\":[{\"@type\":\"ReadAction\",\"target\":[\"https:\\\/\\\/worldofflowerpots.com\\\/sklep\\\/blumenkubel-metall-rost-cubi-10\\\/\"]}]},{\"@type\":\"ImageObject\",\"inLanguage\":\"de\",\"@id\":\"https:\\\/\\\/worldofflowerpots.com\\\/sklep\\\/blumenkubel-metall-rost-cubi-10\\\/#primaryimage\",\"url\":\"https:\\\/\\\/worldofflowerpots.com\\\/wp-content\\\/uploads\\\/2019\\\/01\\\/blumenkuebel-metall-rost-Cubi-10.jpg\",\"contentUrl\":\"https:\\\/\\\/worldofflowerpots.com\\\/wp-content\\\/uploads\\\/2019\\\/01\\\/blumenkuebel-metall-rost-Cubi-10.jpg\",\"width\":2280,\"height\":1612},{\"@type\":\"BreadcrumbList\",\"@id\":\"https:\\\/\\\/worldofflowerpots.com\\\/sklep\\\/blumenkubel-metall-rost-cubi-10\\\/#breadcrumb\",\"itemListElement\":[{\"@type\":\"ListItem\",\"position\":1,\"name\":\"Strona g\u0142\u00f3wna\",\"item\":\"https:\\\/\\\/worldofflowerpots.com\\\/blumenkuebel-grosse-auswahl\\\/\"},{\"@type\":\"ListItem\",\"position\":2,\"name\":\"Shop\",\"item\":\"https:\\\/\\\/worldofflowerpots.com\\\/sortiment\\\/\"},{\"@type\":\"ListItem\",\"position\":3,\"name\":\"Blumenk\u00fcbel metall rost Cubi 10\"}]},{\"@type\":\"WebSite\",\"@id\":\"https:\\\/\\\/worldofflowerpots.com\\\/#website\",\"url\":\"https:\\\/\\\/worldofflowerpots.com\\\/\",\"name\":\"Blumenk\u00fcbel World of Flowerpots\",\"description\":\"Pflanzk\u00fcbel beton, blumentr\u00f6ge, blumenk\u00fcbel gro\u00df, cortenstahl, fiberglas\",\"potentialAction\":[{\"@type\":\"SearchAction\",\"target\":{\"@type\":\"EntryPoint\",\"urlTemplate\":\"https:\\\/\\\/worldofflowerpots.com\\\/?s={search_term_string}\"},\"query-input\":{\"@type\":\"PropertyValueSpecification\",\"valueRequired\":true,\"valueName\":\"search_term_string\"}}],\"inLanguage\":\"de\"}]}<\/script>\n<!-- \/ Yoast SEO plugin. -->","yoast_head_json":{"title":"Moderne\u00a0Blumenk\u00fcbel metall rost Optik f\u00fcr Au\u00dfenbereiche","description":"Blumenk\u00fcbel metall rost aus Cortenstahl eignen sich perfekt zur Gestaltung in Au\u00dfenbereichen.Die Rostoptik entwickelt sich bei jedem der Pflanzgef\u00e4\u00dfe anders","robots":{"index":"index","follow":"follow","max-snippet":"max-snippet:-1","max-image-preview":"max-image-preview:large","max-video-preview":"max-video-preview:-1"},"canonical":"https:\/\/worldofflowerpots.com\/sklep\/blumenkubel-metall-rost-cubi-10\/","og_locale":"de_DE","og_type":"article","og_title":"Moderne\u00a0Blumenk\u00fcbel metall rost Optik f\u00fcr Au\u00dfenbereiche","og_description":"Blumenk\u00fcbel metall rost aus Cortenstahl eignen sich perfekt zur Gestaltung in Au\u00dfenbereichen.Die Rostoptik entwickelt sich bei jedem der Pflanzgef\u00e4\u00dfe anders","og_url":"https:\/\/worldofflowerpots.com\/sklep\/blumenkubel-metall-rost-cubi-10\/","og_site_name":"Blumenk\u00fcbel World of Flowerpots","article_modified_time":"2019-04-11T12:20:32+00:00","og_image":[{"width":2280,"height":1612,"url":"https:\/\/worldofflowerpots.com\/wp-content\/uploads\/2019\/01\/blumenkuebel-metall-rost-Cubi-10.jpg","type":"image\/jpeg"}],"twitter_card":"summary_large_image","twitter_misc":{"Gesch\u00e4tzte Lesezeit":"1\u00a0Minute"},"schema":{"@context":"https:\/\/schema.org","@graph":[{"@type":"WebPage","@id":"https:\/\/worldofflowerpots.com\/sklep\/blumenkubel-metall-rost-cubi-10\/","url":"https:\/\/worldofflowerpots.com\/sklep\/blumenkubel-metall-rost-cubi-10\/","name":"Moderne\u00a0Blumenk\u00fcbel metall rost Optik f\u00fcr Au\u00dfenbereiche","isPartOf":{"@id":"https:\/\/worldofflowerpots.com\/#website"},"primaryImageOfPage":{"@id":"https:\/\/worldofflowerpots.com\/sklep\/blumenkubel-metall-rost-cubi-10\/#primaryimage"},"image":{"@id":"https:\/\/worldofflowerpots.com\/sklep\/blumenkubel-metall-rost-cubi-10\/#primaryimage"},"thumbnailUrl":"https:\/\/worldofflowerpots.com\/wp-content\/uploads\/2019\/01\/blumenkuebel-metall-rost-Cubi-10.jpg","datePublished":"2019-01-18T14:06:22+00:00","dateModified":"2019-04-11T12:20:32+00:00","description":"Blumenk\u00fcbel metall rost aus Cortenstahl eignen sich perfekt zur Gestaltung in Au\u00dfenbereichen.Die Rostoptik entwickelt sich bei jedem der Pflanzgef\u00e4\u00dfe anders","breadcrumb":{"@id":"https:\/\/worldofflowerpots.com\/sklep\/blumenkubel-metall-rost-cubi-10\/#breadcrumb"},"inLanguage":"de","potentialAction":[{"@type":"ReadAction","target":["https:\/\/worldofflowerpots.com\/sklep\/blumenkubel-metall-rost-cubi-10\/"]}]},{"@type":"ImageObject","inLanguage":"de","@id":"https:\/\/worldofflowerpots.com\/sklep\/blumenkubel-metall-rost-cubi-10\/#primaryimage","url":"https:\/\/worldofflowerpots.com\/wp-content\/uploads\/2019\/01\/blumenkuebel-metall-rost-Cubi-10.jpg","contentUrl":"https:\/\/worldofflowerpots.com\/wp-content\/uploads\/2019\/01\/blumenkuebel-metall-rost-Cubi-10.jpg","width":2280,"height":1612},{"@type":"BreadcrumbList","@id":"https:\/\/worldofflowerpots.com\/sklep\/blumenkubel-metall-rost-cubi-10\/#breadcrumb","itemListElement":[{"@type":"ListItem","position":1,"name":"Strona g\u0142\u00f3wna","item":"https:\/\/worldofflowerpots.com\/blumenkuebel-grosse-auswahl\/"},{"@type":"ListItem","position":2,"name":"Shop","item":"https:\/\/worldofflowerpots.com\/sortiment\/"},{"@type":"ListItem","position":3,"name":"Blumenk\u00fcbel metall rost Cubi 10"}]},{"@type":"WebSite","@id":"https:\/\/worldofflowerpots.com\/#website","url":"https:\/\/worldofflowerpots.com\/","name":"Blumenk\u00fcbel World of Flowerpots","description":"Pflanzk\u00fcbel beton, blumentr\u00f6ge, blumenk\u00fcbel gro\u00df, cortenstahl, fiberglas","potentialAction":[{"@type":"SearchAction","target":{"@type":"EntryPoint","urlTemplate":"https:\/\/worldofflowerpots.com\/?s={search_term_string}"},"query-input":{"@type":"PropertyValueSpecification","valueRequired":true,"valueName":"search_term_string"}}],"inLanguage":"de"}]}},"_links":{"self":[{"href":"https:\/\/worldofflowerpots.com\/de\/wp-json\/wp\/v2\/product\/52781","targetHints":{"allow":["GET"]}}],"collection":[{"href":"https:\/\/worldofflowerpots.com\/de\/wp-json\/wp\/v2\/product"}],"about":[{"href":"https:\/\/worldofflowerpots.com\/de\/wp-json\/wp\/v2\/types\/product"}],"wp:featuredmedia":[{"embeddable":true,"href":"https:\/\/worldofflowerpots.com\/de\/wp-json\/wp\/v2\/media\/58598"}],"wp:attachment":[{"href":"https:\/\/worldofflowerpots.com\/de\/wp-json\/wp\/v2\/media?parent=52781"}],"wp:term":[{"taxonomy":"product_brand","embeddable":true,"href":"https:\/\/worldofflowerpots.com\/de\/wp-json\/wp\/v2\/product_brand?post=52781"},{"taxonomy":"product_cat","embeddable":true,"href":"https:\/\/worldofflowerpots.com\/de\/wp-json\/wp\/v2\/product_cat?post=52781"},{"taxonomy":"product_tag","embeddable":true,"href":"https:\/\/worldofflowerpots.com\/de\/wp-json\/wp\/v2\/product_tag?post=52781"}],"curies":[{"name":"wp","href":"https:\/\/api.w.org\/{rel}","templated":true}]}}