{"id":52784,"date":"2019-01-18T15:06:22","date_gmt":"2019-01-18T14:06:22","guid":{"rendered":"https:\/\/worldofflowerpots.com\/sklep\/unkategorisiert\/edelrost-pflanzkubel-cubi-11\/"},"modified":"2019-04-11T14:22:35","modified_gmt":"2019-04-11T12:22:35","slug":"edelrost-pflanzkubel-cubi-11","status":"publish","type":"product","link":"https:\/\/worldofflowerpots.com\/de\/sortiment\/edelrost-pflanzkubel-cubi-11\/","title":{"rendered":"Edelrost pflanzk\u00fcbel Cubi 11"},"content":{"rendered":"<h2>Rost, aber rostet nicht unsere Edelrost Pflanzk\u00fcbel<\/h2>\n<p>Der Edelrost Pflanzk\u00fcbel Cubi 11 ist aus Cortenstahl gefertigt, welches sich als besonders wetterfest auszeichnet. Somit ist der Pflanzenk\u00fcbel vor Wind und Wetter gesch\u00fctzt und kann ohne Bedenken im Au\u00dfenbereich angewandt werden. Dank der stabilen Verarbeitung wird er gerne in der modernen Landschafts,-und Gartengestaltung verwendet. Es ist der langen Haltbarkeit zu verdanken, dass der K\u00fcbel, auch nach langem Au\u00dfengebrauch, nicht seinen Charme nicht verliert und seinerm Besitzer mit seinen besonderen und sch\u00f6nen braunen Rostfarben somit f\u00fcr eine lange Zeit viel Freunde bereitet.<\/p>\n<h2>Rostfarben lassen Blumen erstrahlen<\/h2>\n<p>Die wundersch\u00f6nen Rostfarben, welche den besonderen Pflanztrog zieren lassen sich wunderbar mit den verschiedensten Farben der Blumen kombinieren. Jede noch so bunte Bl\u00fcte wird in diesem Pflanzenk\u00fcbel gekonnt in Szene gesetzt. Die Farbe des Blumenk\u00fcbels passt sich den Blumen perfekt an, stiehlt ihnen nicht die Show und lenkt dennoch die Blicke auf sich. So entsteht ein tolles Zusammenspiel zwischen Pflanzen und Pflanzenk\u00fcbel. Die Pflanzen finden in dem kleineren Topf platz, welcher sich im Inneren des k\u00fcbels befindet. So k\u00f6nnen sie einfach eingesetzt werden und in einem faszinierendem Glanz erstrahlen.<\/p>\n<h2>Au\u00dfengebrauch einfach gemacht<\/h2>\n<p>Cubi 11 eignet sich besonders f\u00fcr den Au\u00dfengebrauch, da der Edelrost Pflanzk\u00fcbel bereits ein Eigengewicht von 50 Kilogramm hat. Dadurch steht er sehr stabil und ist \u00e4u\u00dferst Windfest. Dank seiner Materialbeschaffenheit schadet ihm der Regen nicht, sondern verleiht ihm, dank der Sperrschicht, welche sich auf der Oberfl\u00e4che bildet, wenn es regnet, eine tolle Optik. Mit einem Volumen von 350 Litern finden in dem K\u00fcbel finden sowohl hochwachsende Stauden, so wie auch gr\u00fcne, am Boden wachsende, kriechende Pflanzen in dem K\u00fcbel platz und werden von ihm gekonnt in Szene gesetzt. Dank der H\u00f6he des K\u00fcbels werden die sch\u00f6nen Pflanzen nicht nur auf einer guten H\u00f6he pr\u00e4sentiert, sondern gleichzeitig auch vor Schnecken und anderen Pflanzenfressern gesch\u00fctzt.<\/p>\n","protected":false},"excerpt":{"rendered":"<p>Material : 2 mm Cortenstahl<br \/>\nIsoliert mit Styropor<br \/>\nGewicht :50kg<br \/>\nAbmessungen B500mm H600mm L1200mm<br \/>\nRobust und Stabil<br \/>\nWetterfest<br \/>\nFrostbest\u00e4ndig bei gew\u00e4hrleistetem Wasserablauf<\/p>\n","protected":false},"featured_media":58608,"template":"","meta":{"_acf_changed":false},"product_brand":[],"product_cat":[270],"product_tag":[],"class_list":{"0":"post-52784","1":"product","2":"type-product","3":"status-publish","4":"has-post-thumbnail","6":"product_cat-pflanzkuebel-cortenstahl","7":"description-off","8":"tm-has-options","10":"first","11":"instock","12":"shipping-taxable","13":"purchasable","14":"product-type-simple"},"acf":[],"yoast_head":"<!-- This site is optimized with the Yoast SEO plugin v27.5 - https:\/\/yoast.com\/product\/yoast-seo-wordpress\/ -->\n<title>Edelrost Pflanzk\u00fcbel aus Cortenstahl im Au\u00dfenbereich<\/title>\n<meta name=\"description\" content=\"Der Edelrost Pflanzk\u00fcbel ist aus Cortenstahl gefertigt, welches sich als wetterfest auszeichnet kann ohne Bedenken im Au\u00dfenbereich angewandt werden.\" \/>\n<meta name=\"robots\" content=\"index, follow, max-snippet:-1, max-image-preview:large, max-video-preview:-1\" \/>\n<link rel=\"canonical\" href=\"https:\/\/worldofflowerpots.com\/sklep\/edelrost-pflanzkubel-cubi-11\/\" \/>\n<meta property=\"og:locale\" content=\"de_DE\" \/>\n<meta property=\"og:type\" content=\"article\" \/>\n<meta property=\"og:title\" content=\"Edelrost Pflanzk\u00fcbel aus Cortenstahl im Au\u00dfenbereich\" \/>\n<meta property=\"og:description\" content=\"Der Edelrost Pflanzk\u00fcbel ist aus Cortenstahl gefertigt, welches sich als wetterfest auszeichnet kann ohne Bedenken im Au\u00dfenbereich angewandt werden.\" \/>\n<meta property=\"og:url\" content=\"https:\/\/worldofflowerpots.com\/sklep\/edelrost-pflanzkubel-cubi-11\/\" \/>\n<meta property=\"og:site_name\" content=\"Blumenk\u00fcbel World of Flowerpots\" \/>\n<meta property=\"article:modified_time\" content=\"2019-04-11T12:22:35+00:00\" \/>\n<meta property=\"og:image\" content=\"https:\/\/worldofflowerpots.com\/wp-content\/uploads\/2019\/01\/edelrost-pflanzk\u00fcbel-Cubi-11.jpg\" \/>\n\t<meta property=\"og:image:width\" content=\"2280\" \/>\n\t<meta property=\"og:image:height\" content=\"1612\" \/>\n\t<meta property=\"og:image:type\" content=\"image\/jpeg\" \/>\n<meta name=\"twitter:card\" content=\"summary_large_image\" \/>\n<meta name=\"twitter:label1\" content=\"Gesch\u00e4tzte Lesezeit\" \/>\n\t<meta name=\"twitter:data1\" content=\"2\u00a0Minuten\" \/>\n<script type=\"application\/ld+json\" class=\"yoast-schema-graph\">{\"@context\":\"https:\\\/\\\/schema.org\",\"@graph\":[{\"@type\":\"WebPage\",\"@id\":\"https:\\\/\\\/worldofflowerpots.com\\\/sklep\\\/edelrost-pflanzkubel-cubi-11\\\/\",\"url\":\"https:\\\/\\\/worldofflowerpots.com\\\/sklep\\\/edelrost-pflanzkubel-cubi-11\\\/\",\"name\":\"Edelrost Pflanzk\u00fcbel aus Cortenstahl im Au\u00dfenbereich\",\"isPartOf\":{\"@id\":\"https:\\\/\\\/worldofflowerpots.com\\\/#website\"},\"primaryImageOfPage\":{\"@id\":\"https:\\\/\\\/worldofflowerpots.com\\\/sklep\\\/edelrost-pflanzkubel-cubi-11\\\/#primaryimage\"},\"image\":{\"@id\":\"https:\\\/\\\/worldofflowerpots.com\\\/sklep\\\/edelrost-pflanzkubel-cubi-11\\\/#primaryimage\"},\"thumbnailUrl\":\"https:\\\/\\\/worldofflowerpots.com\\\/wp-content\\\/uploads\\\/2019\\\/01\\\/edelrost-pflanzk\u00fcbel-Cubi-11.jpg\",\"datePublished\":\"2019-01-18T14:06:22+00:00\",\"dateModified\":\"2019-04-11T12:22:35+00:00\",\"description\":\"Der Edelrost Pflanzk\u00fcbel ist aus Cortenstahl gefertigt, welches sich als wetterfest auszeichnet kann ohne Bedenken im Au\u00dfenbereich angewandt werden.\",\"breadcrumb\":{\"@id\":\"https:\\\/\\\/worldofflowerpots.com\\\/sklep\\\/edelrost-pflanzkubel-cubi-11\\\/#breadcrumb\"},\"inLanguage\":\"de\",\"potentialAction\":[{\"@type\":\"ReadAction\",\"target\":[\"https:\\\/\\\/worldofflowerpots.com\\\/sklep\\\/edelrost-pflanzkubel-cubi-11\\\/\"]}]},{\"@type\":\"ImageObject\",\"inLanguage\":\"de\",\"@id\":\"https:\\\/\\\/worldofflowerpots.com\\\/sklep\\\/edelrost-pflanzkubel-cubi-11\\\/#primaryimage\",\"url\":\"https:\\\/\\\/worldofflowerpots.com\\\/wp-content\\\/uploads\\\/2019\\\/01\\\/edelrost-pflanzk\u00fcbel-Cubi-11.jpg\",\"contentUrl\":\"https:\\\/\\\/worldofflowerpots.com\\\/wp-content\\\/uploads\\\/2019\\\/01\\\/edelrost-pflanzk\u00fcbel-Cubi-11.jpg\",\"width\":2280,\"height\":1612},{\"@type\":\"BreadcrumbList\",\"@id\":\"https:\\\/\\\/worldofflowerpots.com\\\/sklep\\\/edelrost-pflanzkubel-cubi-11\\\/#breadcrumb\",\"itemListElement\":[{\"@type\":\"ListItem\",\"position\":1,\"name\":\"Strona g\u0142\u00f3wna\",\"item\":\"https:\\\/\\\/worldofflowerpots.com\\\/blumenkuebel-grosse-auswahl\\\/\"},{\"@type\":\"ListItem\",\"position\":2,\"name\":\"Shop\",\"item\":\"https:\\\/\\\/worldofflowerpots.com\\\/sortiment\\\/\"},{\"@type\":\"ListItem\",\"position\":3,\"name\":\"Edelrost pflanzk\u00fcbel Cubi 11\"}]},{\"@type\":\"WebSite\",\"@id\":\"https:\\\/\\\/worldofflowerpots.com\\\/#website\",\"url\":\"https:\\\/\\\/worldofflowerpots.com\\\/\",\"name\":\"Blumenk\u00fcbel World of Flowerpots\",\"description\":\"Pflanzk\u00fcbel beton, blumentr\u00f6ge, blumenk\u00fcbel gro\u00df, cortenstahl, fiberglas\",\"potentialAction\":[{\"@type\":\"SearchAction\",\"target\":{\"@type\":\"EntryPoint\",\"urlTemplate\":\"https:\\\/\\\/worldofflowerpots.com\\\/?s={search_term_string}\"},\"query-input\":{\"@type\":\"PropertyValueSpecification\",\"valueRequired\":true,\"valueName\":\"search_term_string\"}}],\"inLanguage\":\"de\"}]}<\/script>\n<!-- \/ Yoast SEO plugin. -->","yoast_head_json":{"title":"Edelrost Pflanzk\u00fcbel aus Cortenstahl im Au\u00dfenbereich","description":"Der Edelrost Pflanzk\u00fcbel ist aus Cortenstahl gefertigt, welches sich als wetterfest auszeichnet kann ohne Bedenken im Au\u00dfenbereich angewandt werden.","robots":{"index":"index","follow":"follow","max-snippet":"max-snippet:-1","max-image-preview":"max-image-preview:large","max-video-preview":"max-video-preview:-1"},"canonical":"https:\/\/worldofflowerpots.com\/sklep\/edelrost-pflanzkubel-cubi-11\/","og_locale":"de_DE","og_type":"article","og_title":"Edelrost Pflanzk\u00fcbel aus Cortenstahl im Au\u00dfenbereich","og_description":"Der Edelrost Pflanzk\u00fcbel ist aus Cortenstahl gefertigt, welches sich als wetterfest auszeichnet kann ohne Bedenken im Au\u00dfenbereich angewandt werden.","og_url":"https:\/\/worldofflowerpots.com\/sklep\/edelrost-pflanzkubel-cubi-11\/","og_site_name":"Blumenk\u00fcbel World of Flowerpots","article_modified_time":"2019-04-11T12:22:35+00:00","og_image":[{"width":2280,"height":1612,"url":"https:\/\/worldofflowerpots.com\/wp-content\/uploads\/2019\/01\/edelrost-pflanzk\u00fcbel-Cubi-11.jpg","type":"image\/jpeg"}],"twitter_card":"summary_large_image","twitter_misc":{"Gesch\u00e4tzte Lesezeit":"2\u00a0Minuten"},"schema":{"@context":"https:\/\/schema.org","@graph":[{"@type":"WebPage","@id":"https:\/\/worldofflowerpots.com\/sklep\/edelrost-pflanzkubel-cubi-11\/","url":"https:\/\/worldofflowerpots.com\/sklep\/edelrost-pflanzkubel-cubi-11\/","name":"Edelrost Pflanzk\u00fcbel aus Cortenstahl im Au\u00dfenbereich","isPartOf":{"@id":"https:\/\/worldofflowerpots.com\/#website"},"primaryImageOfPage":{"@id":"https:\/\/worldofflowerpots.com\/sklep\/edelrost-pflanzkubel-cubi-11\/#primaryimage"},"image":{"@id":"https:\/\/worldofflowerpots.com\/sklep\/edelrost-pflanzkubel-cubi-11\/#primaryimage"},"thumbnailUrl":"https:\/\/worldofflowerpots.com\/wp-content\/uploads\/2019\/01\/edelrost-pflanzk\u00fcbel-Cubi-11.jpg","datePublished":"2019-01-18T14:06:22+00:00","dateModified":"2019-04-11T12:22:35+00:00","description":"Der Edelrost Pflanzk\u00fcbel ist aus Cortenstahl gefertigt, welches sich als wetterfest auszeichnet kann ohne Bedenken im Au\u00dfenbereich angewandt werden.","breadcrumb":{"@id":"https:\/\/worldofflowerpots.com\/sklep\/edelrost-pflanzkubel-cubi-11\/#breadcrumb"},"inLanguage":"de","potentialAction":[{"@type":"ReadAction","target":["https:\/\/worldofflowerpots.com\/sklep\/edelrost-pflanzkubel-cubi-11\/"]}]},{"@type":"ImageObject","inLanguage":"de","@id":"https:\/\/worldofflowerpots.com\/sklep\/edelrost-pflanzkubel-cubi-11\/#primaryimage","url":"https:\/\/worldofflowerpots.com\/wp-content\/uploads\/2019\/01\/edelrost-pflanzk\u00fcbel-Cubi-11.jpg","contentUrl":"https:\/\/worldofflowerpots.com\/wp-content\/uploads\/2019\/01\/edelrost-pflanzk\u00fcbel-Cubi-11.jpg","width":2280,"height":1612},{"@type":"BreadcrumbList","@id":"https:\/\/worldofflowerpots.com\/sklep\/edelrost-pflanzkubel-cubi-11\/#breadcrumb","itemListElement":[{"@type":"ListItem","position":1,"name":"Strona g\u0142\u00f3wna","item":"https:\/\/worldofflowerpots.com\/blumenkuebel-grosse-auswahl\/"},{"@type":"ListItem","position":2,"name":"Shop","item":"https:\/\/worldofflowerpots.com\/sortiment\/"},{"@type":"ListItem","position":3,"name":"Edelrost pflanzk\u00fcbel Cubi 11"}]},{"@type":"WebSite","@id":"https:\/\/worldofflowerpots.com\/#website","url":"https:\/\/worldofflowerpots.com\/","name":"Blumenk\u00fcbel World of Flowerpots","description":"Pflanzk\u00fcbel beton, blumentr\u00f6ge, blumenk\u00fcbel gro\u00df, cortenstahl, fiberglas","potentialAction":[{"@type":"SearchAction","target":{"@type":"EntryPoint","urlTemplate":"https:\/\/worldofflowerpots.com\/?s={search_term_string}"},"query-input":{"@type":"PropertyValueSpecification","valueRequired":true,"valueName":"search_term_string"}}],"inLanguage":"de"}]}},"_links":{"self":[{"href":"https:\/\/worldofflowerpots.com\/de\/wp-json\/wp\/v2\/product\/52784","targetHints":{"allow":["GET"]}}],"collection":[{"href":"https:\/\/worldofflowerpots.com\/de\/wp-json\/wp\/v2\/product"}],"about":[{"href":"https:\/\/worldofflowerpots.com\/de\/wp-json\/wp\/v2\/types\/product"}],"wp:featuredmedia":[{"embeddable":true,"href":"https:\/\/worldofflowerpots.com\/de\/wp-json\/wp\/v2\/media\/58608"}],"wp:attachment":[{"href":"https:\/\/worldofflowerpots.com\/de\/wp-json\/wp\/v2\/media?parent=52784"}],"wp:term":[{"taxonomy":"product_brand","embeddable":true,"href":"https:\/\/worldofflowerpots.com\/de\/wp-json\/wp\/v2\/product_brand?post=52784"},{"taxonomy":"product_cat","embeddable":true,"href":"https:\/\/worldofflowerpots.com\/de\/wp-json\/wp\/v2\/product_cat?post=52784"},{"taxonomy":"product_tag","embeddable":true,"href":"https:\/\/worldofflowerpots.com\/de\/wp-json\/wp\/v2\/product_tag?post=52784"}],"curies":[{"name":"wp","href":"https:\/\/api.w.org\/{rel}","templated":true}]}}