{"id":52790,"date":"2019-01-18T15:06:22","date_gmt":"2019-01-18T14:06:22","guid":{"rendered":"https:\/\/worldofflowerpots.com\/sklep\/unkategorisiert\/rostige-blumenkubel-vaso-1\/"},"modified":"2019-04-11T14:26:43","modified_gmt":"2019-04-11T12:26:43","slug":"rostige-blumenkubel-vaso-1","status":"publish","type":"product","link":"https:\/\/worldofflowerpots.com\/de\/sortiment\/rostige-blumenkubel-vaso-1\/","title":{"rendered":"Rostige Blumenk\u00fcbel Vaso 1"},"content":{"rendered":"<h2>Vaso 1 ist ein rostige\u00a0Blumenk\u00fcbel, welches jede Pflanze und Blume sch\u00f6n aussehen l\u00e4sst.<\/h2>\n<p>Es ist eigentlich ein rostige Blumenk\u00fcbel f\u00fcr drau\u00dfen, doch auch in einem Wintergarten oder einem ger\u00e4umigen Wohnzimmer kann er sich sehr gut machen. Kaum wird es wieder w\u00e4rmer, wird der eigene Garten pl\u00f6tzlich der Wohnzimmercouch vorgezogen. Blument\u00f6pfe f\u00fcr drau\u00dfen werden hervorgeholt und Pflanzenk\u00fcbel entstaubt. Bei der Wahl des richtigen Blumentopfs sollte man unbedingt darauf achten, dass dieser Hitze und Frost problemlos abkann. Dann ist eine lange Nutzungsdauer garantiert. Au\u00dferdem ist eine Wasserablaufm\u00f6glichkeit im Boden des Pflanzenk\u00fcbels wichtig.<\/p>\n<h2>Blument\u00f6pfe f\u00fcr den Garten<\/h2>\n<p>Die Gestaltung des eigenen Gartens oder der eigenen Terrasse erfordert eine sorgf\u00e4ltige Planung. Wie nutzt man die Sonnenstrahlen am besten? Welchen rostige Blumenk\u00fcbel stellt man lieber in den Schatten?<\/p>\n<p>Aufgrund der Optik bevorzugen viele Hobbyg\u00e4rtner das Modell Pflanzk\u00fcbel rund, dies ist einer der am h\u00e4ufigsten verwendeten Blument\u00f6pfe f\u00fcr drau\u00dfen.<\/p>\n<p>Hinsichtlich Farbe und Material k\u00f6nnen die Meinungen stark auseinander gehen. Einige bevorzugen einen Pflanzenk\u00fcbel aus Stein, dieser ist extrem standfest und h\u00e4lt auch ein paar kr\u00e4ftige Windb\u00f6en aus. Ob in einem eleganten grau oder sommerlichen Beige, ist dabei nat\u00fcrlich jedem selbst \u00fcberlassen. Aber auch der Pflanzentopf aus Plastik hat seine Bef\u00fcrworter. Er ist einfach zu reinigen und aufgrund seines geringen Gewichts im Gegensatz zu den Steink\u00fcbeln auch leichter zu verschieben.<\/p>\n<h2>Bei dem Vaso 1 Pflanzk\u00fcbel handelt es sich um ein Gef\u00e4\u00df in runder Form<\/h2>\n<p>Es wei\u00dft einen Au\u00dfendurchmesser von circa 600 mm auf und einen Innendurchmesser von etwa 540 mm. Innen ist der Topf mit wei\u00dfem Styropor ausgestattet, damit die k\u00e4lte dem Wurzeln keinen Schaden zuf\u00fcgen k\u00f6nnen. Das Gef\u00e4\u00df ist f\u00fcr Blumen und Pflanzen jeglicher Art geeignet und weist ein Fassungsverm\u00f6gen von 270 Litern auf.<\/p>\n<p>Der\u00a0Rostige Blumenk\u00fcbel ist einfach zu bef\u00fcllen. Es braucht lediglich das Pflanzsubstrat eingef\u00fcllt und dann die Pflanzen eingesetzt werden. Auch die Reinigung ist ganz leicht gehalten. Der Topf kann von au\u00dfen hin und wieder mit einem feuchten Tuch abgewischt werden.<\/p>\n","protected":false},"excerpt":{"rendered":"<p>Material : 2 mm Cortenstahl<br \/>\nIsoliert mit Styropor<br \/>\nGewicht :26kg<br \/>\nAbmessungen \u2205600mm H600mm<br \/>\nRobust und Stabil<br \/>\nWetterfest<br \/>\nFrostbest\u00e4ndig bei gew\u00e4hrleistetem Wasserablauf<\/p>\n","protected":false},"featured_media":58628,"template":"","meta":{"_acf_changed":false},"product_brand":[],"product_cat":[270],"product_tag":[],"class_list":{"0":"post-52790","1":"product","2":"type-product","3":"status-publish","4":"has-post-thumbnail","6":"product_cat-pflanzkuebel-cortenstahl","7":"description-off","8":"tm-has-options","10":"first","11":"instock","12":"shipping-taxable","13":"purchasable","14":"product-type-simple"},"acf":[],"yoast_head":"<!-- This site is optimized with the Yoast SEO plugin v27.5 - https:\/\/yoast.com\/product\/yoast-seo-wordpress\/ -->\n<title>Ein rostige Blumenk\u00fcbel, welches jede Pflanze sch\u00f6n aussehen l\u00e4sst<\/title>\n<meta name=\"description\" content=\"Rostige blumenk\u00fcbel ist extrem standfest und h\u00e4lt auch ein paar kr\u00e4ftige Windb\u00f6en aus und Hitze oder Frost problemlos abkann.\" \/>\n<meta name=\"robots\" content=\"index, follow, max-snippet:-1, max-image-preview:large, max-video-preview:-1\" \/>\n<link rel=\"canonical\" href=\"https:\/\/worldofflowerpots.com\/sklep\/rostige-blumenkubel-vaso-1\/\" \/>\n<meta property=\"og:locale\" content=\"de_DE\" \/>\n<meta property=\"og:type\" content=\"article\" \/>\n<meta property=\"og:title\" content=\"Ein rostige Blumenk\u00fcbel, welches jede Pflanze sch\u00f6n aussehen l\u00e4sst\" \/>\n<meta property=\"og:description\" content=\"Rostige blumenk\u00fcbel ist extrem standfest und h\u00e4lt auch ein paar kr\u00e4ftige Windb\u00f6en aus und Hitze oder Frost problemlos abkann.\" \/>\n<meta property=\"og:url\" content=\"https:\/\/worldofflowerpots.com\/sklep\/rostige-blumenkubel-vaso-1\/\" \/>\n<meta property=\"og:site_name\" content=\"Blumenk\u00fcbel World of Flowerpots\" \/>\n<meta property=\"article:modified_time\" content=\"2019-04-11T12:26:43+00:00\" \/>\n<meta property=\"og:image\" content=\"https:\/\/worldofflowerpots.com\/wp-content\/uploads\/2019\/01\/rostige-blumenk\u00fcbel-Vaso-1.jpg\" \/>\n\t<meta property=\"og:image:width\" content=\"2280\" \/>\n\t<meta property=\"og:image:height\" content=\"1612\" \/>\n\t<meta property=\"og:image:type\" content=\"image\/jpeg\" \/>\n<meta name=\"twitter:card\" content=\"summary_large_image\" \/>\n<meta name=\"twitter:label1\" content=\"Gesch\u00e4tzte Lesezeit\" \/>\n\t<meta name=\"twitter:data1\" content=\"2\u00a0Minuten\" \/>\n<script type=\"application\/ld+json\" class=\"yoast-schema-graph\">{\"@context\":\"https:\\\/\\\/schema.org\",\"@graph\":[{\"@type\":\"WebPage\",\"@id\":\"https:\\\/\\\/worldofflowerpots.com\\\/sklep\\\/rostige-blumenkubel-vaso-1\\\/\",\"url\":\"https:\\\/\\\/worldofflowerpots.com\\\/sklep\\\/rostige-blumenkubel-vaso-1\\\/\",\"name\":\"Ein rostige Blumenk\u00fcbel, welches jede Pflanze sch\u00f6n aussehen l\u00e4sst\",\"isPartOf\":{\"@id\":\"https:\\\/\\\/worldofflowerpots.com\\\/#website\"},\"primaryImageOfPage\":{\"@id\":\"https:\\\/\\\/worldofflowerpots.com\\\/sklep\\\/rostige-blumenkubel-vaso-1\\\/#primaryimage\"},\"image\":{\"@id\":\"https:\\\/\\\/worldofflowerpots.com\\\/sklep\\\/rostige-blumenkubel-vaso-1\\\/#primaryimage\"},\"thumbnailUrl\":\"https:\\\/\\\/worldofflowerpots.com\\\/wp-content\\\/uploads\\\/2019\\\/01\\\/rostige-blumenk\u00fcbel-Vaso-1.jpg\",\"datePublished\":\"2019-01-18T14:06:22+00:00\",\"dateModified\":\"2019-04-11T12:26:43+00:00\",\"description\":\"Rostige blumenk\u00fcbel ist extrem standfest und h\u00e4lt auch ein paar kr\u00e4ftige Windb\u00f6en aus und Hitze oder Frost problemlos abkann.\",\"breadcrumb\":{\"@id\":\"https:\\\/\\\/worldofflowerpots.com\\\/sklep\\\/rostige-blumenkubel-vaso-1\\\/#breadcrumb\"},\"inLanguage\":\"de\",\"potentialAction\":[{\"@type\":\"ReadAction\",\"target\":[\"https:\\\/\\\/worldofflowerpots.com\\\/sklep\\\/rostige-blumenkubel-vaso-1\\\/\"]}]},{\"@type\":\"ImageObject\",\"inLanguage\":\"de\",\"@id\":\"https:\\\/\\\/worldofflowerpots.com\\\/sklep\\\/rostige-blumenkubel-vaso-1\\\/#primaryimage\",\"url\":\"https:\\\/\\\/worldofflowerpots.com\\\/wp-content\\\/uploads\\\/2019\\\/01\\\/rostige-blumenk\u00fcbel-Vaso-1.jpg\",\"contentUrl\":\"https:\\\/\\\/worldofflowerpots.com\\\/wp-content\\\/uploads\\\/2019\\\/01\\\/rostige-blumenk\u00fcbel-Vaso-1.jpg\",\"width\":2280,\"height\":1612},{\"@type\":\"BreadcrumbList\",\"@id\":\"https:\\\/\\\/worldofflowerpots.com\\\/sklep\\\/rostige-blumenkubel-vaso-1\\\/#breadcrumb\",\"itemListElement\":[{\"@type\":\"ListItem\",\"position\":1,\"name\":\"Strona g\u0142\u00f3wna\",\"item\":\"https:\\\/\\\/worldofflowerpots.com\\\/blumenkuebel-grosse-auswahl\\\/\"},{\"@type\":\"ListItem\",\"position\":2,\"name\":\"Shop\",\"item\":\"https:\\\/\\\/worldofflowerpots.com\\\/sortiment\\\/\"},{\"@type\":\"ListItem\",\"position\":3,\"name\":\"Rostige Blumenk\u00fcbel Vaso 1\"}]},{\"@type\":\"WebSite\",\"@id\":\"https:\\\/\\\/worldofflowerpots.com\\\/#website\",\"url\":\"https:\\\/\\\/worldofflowerpots.com\\\/\",\"name\":\"Blumenk\u00fcbel World of Flowerpots\",\"description\":\"Pflanzk\u00fcbel beton, blumentr\u00f6ge, blumenk\u00fcbel gro\u00df, cortenstahl, fiberglas\",\"potentialAction\":[{\"@type\":\"SearchAction\",\"target\":{\"@type\":\"EntryPoint\",\"urlTemplate\":\"https:\\\/\\\/worldofflowerpots.com\\\/?s={search_term_string}\"},\"query-input\":{\"@type\":\"PropertyValueSpecification\",\"valueRequired\":true,\"valueName\":\"search_term_string\"}}],\"inLanguage\":\"de\"}]}<\/script>\n<!-- \/ Yoast SEO plugin. -->","yoast_head_json":{"title":"Ein rostige Blumenk\u00fcbel, welches jede Pflanze sch\u00f6n aussehen l\u00e4sst","description":"Rostige blumenk\u00fcbel ist extrem standfest und h\u00e4lt auch ein paar kr\u00e4ftige Windb\u00f6en aus und Hitze oder Frost problemlos abkann.","robots":{"index":"index","follow":"follow","max-snippet":"max-snippet:-1","max-image-preview":"max-image-preview:large","max-video-preview":"max-video-preview:-1"},"canonical":"https:\/\/worldofflowerpots.com\/sklep\/rostige-blumenkubel-vaso-1\/","og_locale":"de_DE","og_type":"article","og_title":"Ein rostige Blumenk\u00fcbel, welches jede Pflanze sch\u00f6n aussehen l\u00e4sst","og_description":"Rostige blumenk\u00fcbel ist extrem standfest und h\u00e4lt auch ein paar kr\u00e4ftige Windb\u00f6en aus und Hitze oder Frost problemlos abkann.","og_url":"https:\/\/worldofflowerpots.com\/sklep\/rostige-blumenkubel-vaso-1\/","og_site_name":"Blumenk\u00fcbel World of Flowerpots","article_modified_time":"2019-04-11T12:26:43+00:00","og_image":[{"width":2280,"height":1612,"url":"https:\/\/worldofflowerpots.com\/wp-content\/uploads\/2019\/01\/rostige-blumenk\u00fcbel-Vaso-1.jpg","type":"image\/jpeg"}],"twitter_card":"summary_large_image","twitter_misc":{"Gesch\u00e4tzte Lesezeit":"2\u00a0Minuten"},"schema":{"@context":"https:\/\/schema.org","@graph":[{"@type":"WebPage","@id":"https:\/\/worldofflowerpots.com\/sklep\/rostige-blumenkubel-vaso-1\/","url":"https:\/\/worldofflowerpots.com\/sklep\/rostige-blumenkubel-vaso-1\/","name":"Ein rostige Blumenk\u00fcbel, welches jede Pflanze sch\u00f6n aussehen l\u00e4sst","isPartOf":{"@id":"https:\/\/worldofflowerpots.com\/#website"},"primaryImageOfPage":{"@id":"https:\/\/worldofflowerpots.com\/sklep\/rostige-blumenkubel-vaso-1\/#primaryimage"},"image":{"@id":"https:\/\/worldofflowerpots.com\/sklep\/rostige-blumenkubel-vaso-1\/#primaryimage"},"thumbnailUrl":"https:\/\/worldofflowerpots.com\/wp-content\/uploads\/2019\/01\/rostige-blumenk\u00fcbel-Vaso-1.jpg","datePublished":"2019-01-18T14:06:22+00:00","dateModified":"2019-04-11T12:26:43+00:00","description":"Rostige blumenk\u00fcbel ist extrem standfest und h\u00e4lt auch ein paar kr\u00e4ftige Windb\u00f6en aus und Hitze oder Frost problemlos abkann.","breadcrumb":{"@id":"https:\/\/worldofflowerpots.com\/sklep\/rostige-blumenkubel-vaso-1\/#breadcrumb"},"inLanguage":"de","potentialAction":[{"@type":"ReadAction","target":["https:\/\/worldofflowerpots.com\/sklep\/rostige-blumenkubel-vaso-1\/"]}]},{"@type":"ImageObject","inLanguage":"de","@id":"https:\/\/worldofflowerpots.com\/sklep\/rostige-blumenkubel-vaso-1\/#primaryimage","url":"https:\/\/worldofflowerpots.com\/wp-content\/uploads\/2019\/01\/rostige-blumenk\u00fcbel-Vaso-1.jpg","contentUrl":"https:\/\/worldofflowerpots.com\/wp-content\/uploads\/2019\/01\/rostige-blumenk\u00fcbel-Vaso-1.jpg","width":2280,"height":1612},{"@type":"BreadcrumbList","@id":"https:\/\/worldofflowerpots.com\/sklep\/rostige-blumenkubel-vaso-1\/#breadcrumb","itemListElement":[{"@type":"ListItem","position":1,"name":"Strona g\u0142\u00f3wna","item":"https:\/\/worldofflowerpots.com\/blumenkuebel-grosse-auswahl\/"},{"@type":"ListItem","position":2,"name":"Shop","item":"https:\/\/worldofflowerpots.com\/sortiment\/"},{"@type":"ListItem","position":3,"name":"Rostige Blumenk\u00fcbel Vaso 1"}]},{"@type":"WebSite","@id":"https:\/\/worldofflowerpots.com\/#website","url":"https:\/\/worldofflowerpots.com\/","name":"Blumenk\u00fcbel World of Flowerpots","description":"Pflanzk\u00fcbel beton, blumentr\u00f6ge, blumenk\u00fcbel gro\u00df, cortenstahl, fiberglas","potentialAction":[{"@type":"SearchAction","target":{"@type":"EntryPoint","urlTemplate":"https:\/\/worldofflowerpots.com\/?s={search_term_string}"},"query-input":{"@type":"PropertyValueSpecification","valueRequired":true,"valueName":"search_term_string"}}],"inLanguage":"de"}]}},"_links":{"self":[{"href":"https:\/\/worldofflowerpots.com\/de\/wp-json\/wp\/v2\/product\/52790","targetHints":{"allow":["GET"]}}],"collection":[{"href":"https:\/\/worldofflowerpots.com\/de\/wp-json\/wp\/v2\/product"}],"about":[{"href":"https:\/\/worldofflowerpots.com\/de\/wp-json\/wp\/v2\/types\/product"}],"wp:featuredmedia":[{"embeddable":true,"href":"https:\/\/worldofflowerpots.com\/de\/wp-json\/wp\/v2\/media\/58628"}],"wp:attachment":[{"href":"https:\/\/worldofflowerpots.com\/de\/wp-json\/wp\/v2\/media?parent=52790"}],"wp:term":[{"taxonomy":"product_brand","embeddable":true,"href":"https:\/\/worldofflowerpots.com\/de\/wp-json\/wp\/v2\/product_brand?post=52790"},{"taxonomy":"product_cat","embeddable":true,"href":"https:\/\/worldofflowerpots.com\/de\/wp-json\/wp\/v2\/product_cat?post=52790"},{"taxonomy":"product_tag","embeddable":true,"href":"https:\/\/worldofflowerpots.com\/de\/wp-json\/wp\/v2\/product_tag?post=52790"}],"curies":[{"name":"wp","href":"https:\/\/api.w.org\/{rel}","templated":true}]}}