{"id":52793,"date":"2019-01-18T15:06:22","date_gmt":"2019-01-18T14:06:22","guid":{"rendered":"https:\/\/worldofflowerpots.com\/sklep\/unkategorisiert\/cortenstahl-pflanztroge-vaso-2\/"},"modified":"2019-04-11T14:28:15","modified_gmt":"2019-04-11T12:28:15","slug":"cortenstahl-pflanztroge-vaso-2","status":"publish","type":"product","link":"https:\/\/worldofflowerpots.com\/de\/sortiment\/cortenstahl-pflanztroge-vaso-2\/","title":{"rendered":"Cortenstahl pflanztr\u00f6ge Vaso 2"},"content":{"rendered":"<h2>Vaso 2 f\u00fcr den Bereich Garten<\/h2>\n<p>Die Gef\u00e4\u00dfe der Reihe Vaso 2 sind die idealen Cortenstahl pflanztr\u00f6ge f\u00fcr drau\u00dfen. Da dieser Pflanztrog aus robustem Metall gefertigt ist, bleibt er auch bei Sturm, Wind oder Regen stehen. Ihre Pflanzen sind darin perfekt aufgehoben. Wie in \u00e4hnlichen Modellen ist auch der Pflanzentopf Vaso 2 mit Styropor ausgekleidet. Damit sch\u00fctzen die Cortenstahl pflanztr\u00f6ge f\u00fcr drau\u00dfen Ihre Pflanzen vor feuchter Erde, N\u00e4sse sowie Pflanzenteilen.<\/p>\n<h2>Cortenstahl pflanztr\u00f6ge in XXL Format gesucht ?<\/h2>\n<p>Wenn ein gro\u00dfer, ger\u00e4umiger Pflanztrog gesucht wird, ist der Vaso 2 genau das richtige Gef\u00e4\u00df. Es ist ein schwerer Topf aus Metall, der somit ideal f\u00fcr den Au\u00dfenbereich ist. Bei Wind und Wetter bleibt er stehen, ohne umzukippen oder zu verrutschen. Die Pflanzen sind darin perfekt aufgehoben. Nat\u00fcrlich ist der Innenraum des Pflanzk\u00fcbels mit Styropor versehen. Dieser ist in Wei\u00df gehalten und dient zur Isolation. Er sch\u00fctzt den Metallk\u00fcbel vor feuchter Erde, N\u00e4sse und Pflanzenteilen.<\/p>\n<h2>Vaso 2 wichtig zu wissen<\/h2>\n<p>Die Ma\u00dfe betragen vom Durchmesser her im Innenbereich 740 mm. Mit dem Au\u00dfenring gemessen, hat der Pflanztrog einen Durchmesser von glatten 800 mm. Das Fassungsverm\u00f6gen betr\u00e4gt 360 Liter. Somit ist der Blumenk\u00fcbel f\u00fcr zahlreiche kleine Pflanzen oder auch f\u00fcr eine sch\u00f6n gro\u00dfe Pflanze geeignet. Eine besondere Pflege oder Reinigung f\u00fcr den Pflanzenk\u00fcbel ist nicht notwendig.<\/p>\n<h2>Modern und Zeitlos<\/h2>\n<p>Der Pflanztrog rund ist in einem angenehmen und h\u00fcbschen Rostton erh\u00e4ltlich. Damit k\u00f6nnen Sie auch selbst entscheiden, ob der Pflanzk\u00fcbel rund besser auf Ihren Balkon, Garten oder Terrasse passen w\u00fcrde. Dennoch kann der Topf auch im Innenbereich, z. B. in einem Wintergarten eingesetzt werden. Ganz wie Ihr Wohnstil dies zul\u00e4sst.<\/p>\n<p>Sollten Sie weitere gestalterische Fragen zu unseren Produkten besitzen, so z\u00f6gern Sie nicht bei uns nachzufragen!<\/p>\n","protected":false},"excerpt":{"rendered":"<p>Material : 2 mm Cortenstahl<br \/>\nIsoliert mit Styropor<br \/>\nGewicht :43kg<br \/>\nAbmessungen \u2205800mm H780mm<br \/>\nRobust und Stabil<br \/>\nWetterfest<br \/>\nFrostbest\u00e4ndig bei gew\u00e4hrleistetem Wasserablauf<\/p>\n","protected":false},"featured_media":58638,"template":"","meta":{"_acf_changed":false},"product_brand":[],"product_cat":[270],"product_tag":[],"class_list":{"0":"post-52793","1":"product","2":"type-product","3":"status-publish","4":"has-post-thumbnail","6":"product_cat-pflanzkuebel-cortenstahl","7":"description-off","8":"tm-has-options","10":"first","11":"instock","12":"shipping-taxable","13":"purchasable","14":"product-type-simple"},"acf":[],"yoast_head":"<!-- This site is optimized with the Yoast SEO plugin v27.5 - https:\/\/yoast.com\/product\/yoast-seo-wordpress\/ -->\n<title>Cortenstahl pflanztr\u00f6ge f\u00fcr drau\u00dfen aus robustem Metall<\/title>\n<meta name=\"description\" content=\"Cortenstahl pflanztr\u00f6ge in XXL Format Rund. Eine besondere Pflege oder Reinigung f\u00fcr den Pflanzenk\u00fcbel ist nicht notwendig.\" \/>\n<meta name=\"robots\" content=\"index, follow, max-snippet:-1, max-image-preview:large, max-video-preview:-1\" \/>\n<link rel=\"canonical\" href=\"https:\/\/worldofflowerpots.com\/sklep\/cortenstahl-pflanztroge-vaso-2\/\" \/>\n<meta property=\"og:locale\" content=\"de_DE\" \/>\n<meta property=\"og:type\" content=\"article\" \/>\n<meta property=\"og:title\" content=\"Cortenstahl pflanztr\u00f6ge f\u00fcr drau\u00dfen aus robustem Metall\" \/>\n<meta property=\"og:description\" content=\"Cortenstahl pflanztr\u00f6ge in XXL Format Rund. Eine besondere Pflege oder Reinigung f\u00fcr den Pflanzenk\u00fcbel ist nicht notwendig.\" \/>\n<meta property=\"og:url\" content=\"https:\/\/worldofflowerpots.com\/sklep\/cortenstahl-pflanztroge-vaso-2\/\" \/>\n<meta property=\"og:site_name\" content=\"Blumenk\u00fcbel World of Flowerpots\" \/>\n<meta property=\"article:modified_time\" content=\"2019-04-11T12:28:15+00:00\" \/>\n<meta property=\"og:image\" content=\"https:\/\/worldofflowerpots.com\/wp-content\/uploads\/2019\/01\/cortenstahl-pflanztr\u00f6ge-Vaso-2.jpg\" \/>\n\t<meta property=\"og:image:width\" content=\"2280\" \/>\n\t<meta property=\"og:image:height\" content=\"1612\" \/>\n\t<meta property=\"og:image:type\" content=\"image\/jpeg\" \/>\n<meta name=\"twitter:card\" content=\"summary_large_image\" \/>\n<meta name=\"twitter:label1\" content=\"Gesch\u00e4tzte Lesezeit\" \/>\n\t<meta name=\"twitter:data1\" content=\"2\u00a0Minuten\" \/>\n<script type=\"application\/ld+json\" class=\"yoast-schema-graph\">{\"@context\":\"https:\\\/\\\/schema.org\",\"@graph\":[{\"@type\":\"WebPage\",\"@id\":\"https:\\\/\\\/worldofflowerpots.com\\\/sklep\\\/cortenstahl-pflanztroge-vaso-2\\\/\",\"url\":\"https:\\\/\\\/worldofflowerpots.com\\\/sklep\\\/cortenstahl-pflanztroge-vaso-2\\\/\",\"name\":\"Cortenstahl pflanztr\u00f6ge f\u00fcr drau\u00dfen aus robustem Metall\",\"isPartOf\":{\"@id\":\"https:\\\/\\\/worldofflowerpots.com\\\/#website\"},\"primaryImageOfPage\":{\"@id\":\"https:\\\/\\\/worldofflowerpots.com\\\/sklep\\\/cortenstahl-pflanztroge-vaso-2\\\/#primaryimage\"},\"image\":{\"@id\":\"https:\\\/\\\/worldofflowerpots.com\\\/sklep\\\/cortenstahl-pflanztroge-vaso-2\\\/#primaryimage\"},\"thumbnailUrl\":\"https:\\\/\\\/worldofflowerpots.com\\\/wp-content\\\/uploads\\\/2019\\\/01\\\/cortenstahl-pflanztr\u00f6ge-Vaso-2.jpg\",\"datePublished\":\"2019-01-18T14:06:22+00:00\",\"dateModified\":\"2019-04-11T12:28:15+00:00\",\"description\":\"Cortenstahl pflanztr\u00f6ge in XXL Format Rund. Eine besondere Pflege oder Reinigung f\u00fcr den Pflanzenk\u00fcbel ist nicht notwendig.\",\"breadcrumb\":{\"@id\":\"https:\\\/\\\/worldofflowerpots.com\\\/sklep\\\/cortenstahl-pflanztroge-vaso-2\\\/#breadcrumb\"},\"inLanguage\":\"de\",\"potentialAction\":[{\"@type\":\"ReadAction\",\"target\":[\"https:\\\/\\\/worldofflowerpots.com\\\/sklep\\\/cortenstahl-pflanztroge-vaso-2\\\/\"]}]},{\"@type\":\"ImageObject\",\"inLanguage\":\"de\",\"@id\":\"https:\\\/\\\/worldofflowerpots.com\\\/sklep\\\/cortenstahl-pflanztroge-vaso-2\\\/#primaryimage\",\"url\":\"https:\\\/\\\/worldofflowerpots.com\\\/wp-content\\\/uploads\\\/2019\\\/01\\\/cortenstahl-pflanztr\u00f6ge-Vaso-2.jpg\",\"contentUrl\":\"https:\\\/\\\/worldofflowerpots.com\\\/wp-content\\\/uploads\\\/2019\\\/01\\\/cortenstahl-pflanztr\u00f6ge-Vaso-2.jpg\",\"width\":2280,\"height\":1612},{\"@type\":\"BreadcrumbList\",\"@id\":\"https:\\\/\\\/worldofflowerpots.com\\\/sklep\\\/cortenstahl-pflanztroge-vaso-2\\\/#breadcrumb\",\"itemListElement\":[{\"@type\":\"ListItem\",\"position\":1,\"name\":\"Strona g\u0142\u00f3wna\",\"item\":\"https:\\\/\\\/worldofflowerpots.com\\\/blumenkuebel-grosse-auswahl\\\/\"},{\"@type\":\"ListItem\",\"position\":2,\"name\":\"Shop\",\"item\":\"https:\\\/\\\/worldofflowerpots.com\\\/sortiment\\\/\"},{\"@type\":\"ListItem\",\"position\":3,\"name\":\"Cortenstahl pflanztr\u00f6ge Vaso 2\"}]},{\"@type\":\"WebSite\",\"@id\":\"https:\\\/\\\/worldofflowerpots.com\\\/#website\",\"url\":\"https:\\\/\\\/worldofflowerpots.com\\\/\",\"name\":\"Blumenk\u00fcbel World of Flowerpots\",\"description\":\"Pflanzk\u00fcbel beton, blumentr\u00f6ge, blumenk\u00fcbel gro\u00df, cortenstahl, fiberglas\",\"potentialAction\":[{\"@type\":\"SearchAction\",\"target\":{\"@type\":\"EntryPoint\",\"urlTemplate\":\"https:\\\/\\\/worldofflowerpots.com\\\/?s={search_term_string}\"},\"query-input\":{\"@type\":\"PropertyValueSpecification\",\"valueRequired\":true,\"valueName\":\"search_term_string\"}}],\"inLanguage\":\"de\"}]}<\/script>\n<!-- \/ Yoast SEO plugin. -->","yoast_head_json":{"title":"Cortenstahl pflanztr\u00f6ge f\u00fcr drau\u00dfen aus robustem Metall","description":"Cortenstahl pflanztr\u00f6ge in XXL Format Rund. Eine besondere Pflege oder Reinigung f\u00fcr den Pflanzenk\u00fcbel ist nicht notwendig.","robots":{"index":"index","follow":"follow","max-snippet":"max-snippet:-1","max-image-preview":"max-image-preview:large","max-video-preview":"max-video-preview:-1"},"canonical":"https:\/\/worldofflowerpots.com\/sklep\/cortenstahl-pflanztroge-vaso-2\/","og_locale":"de_DE","og_type":"article","og_title":"Cortenstahl pflanztr\u00f6ge f\u00fcr drau\u00dfen aus robustem Metall","og_description":"Cortenstahl pflanztr\u00f6ge in XXL Format Rund. Eine besondere Pflege oder Reinigung f\u00fcr den Pflanzenk\u00fcbel ist nicht notwendig.","og_url":"https:\/\/worldofflowerpots.com\/sklep\/cortenstahl-pflanztroge-vaso-2\/","og_site_name":"Blumenk\u00fcbel World of Flowerpots","article_modified_time":"2019-04-11T12:28:15+00:00","og_image":[{"width":2280,"height":1612,"url":"https:\/\/worldofflowerpots.com\/wp-content\/uploads\/2019\/01\/cortenstahl-pflanztr\u00f6ge-Vaso-2.jpg","type":"image\/jpeg"}],"twitter_card":"summary_large_image","twitter_misc":{"Gesch\u00e4tzte Lesezeit":"2\u00a0Minuten"},"schema":{"@context":"https:\/\/schema.org","@graph":[{"@type":"WebPage","@id":"https:\/\/worldofflowerpots.com\/sklep\/cortenstahl-pflanztroge-vaso-2\/","url":"https:\/\/worldofflowerpots.com\/sklep\/cortenstahl-pflanztroge-vaso-2\/","name":"Cortenstahl pflanztr\u00f6ge f\u00fcr drau\u00dfen aus robustem Metall","isPartOf":{"@id":"https:\/\/worldofflowerpots.com\/#website"},"primaryImageOfPage":{"@id":"https:\/\/worldofflowerpots.com\/sklep\/cortenstahl-pflanztroge-vaso-2\/#primaryimage"},"image":{"@id":"https:\/\/worldofflowerpots.com\/sklep\/cortenstahl-pflanztroge-vaso-2\/#primaryimage"},"thumbnailUrl":"https:\/\/worldofflowerpots.com\/wp-content\/uploads\/2019\/01\/cortenstahl-pflanztr\u00f6ge-Vaso-2.jpg","datePublished":"2019-01-18T14:06:22+00:00","dateModified":"2019-04-11T12:28:15+00:00","description":"Cortenstahl pflanztr\u00f6ge in XXL Format Rund. Eine besondere Pflege oder Reinigung f\u00fcr den Pflanzenk\u00fcbel ist nicht notwendig.","breadcrumb":{"@id":"https:\/\/worldofflowerpots.com\/sklep\/cortenstahl-pflanztroge-vaso-2\/#breadcrumb"},"inLanguage":"de","potentialAction":[{"@type":"ReadAction","target":["https:\/\/worldofflowerpots.com\/sklep\/cortenstahl-pflanztroge-vaso-2\/"]}]},{"@type":"ImageObject","inLanguage":"de","@id":"https:\/\/worldofflowerpots.com\/sklep\/cortenstahl-pflanztroge-vaso-2\/#primaryimage","url":"https:\/\/worldofflowerpots.com\/wp-content\/uploads\/2019\/01\/cortenstahl-pflanztr\u00f6ge-Vaso-2.jpg","contentUrl":"https:\/\/worldofflowerpots.com\/wp-content\/uploads\/2019\/01\/cortenstahl-pflanztr\u00f6ge-Vaso-2.jpg","width":2280,"height":1612},{"@type":"BreadcrumbList","@id":"https:\/\/worldofflowerpots.com\/sklep\/cortenstahl-pflanztroge-vaso-2\/#breadcrumb","itemListElement":[{"@type":"ListItem","position":1,"name":"Strona g\u0142\u00f3wna","item":"https:\/\/worldofflowerpots.com\/blumenkuebel-grosse-auswahl\/"},{"@type":"ListItem","position":2,"name":"Shop","item":"https:\/\/worldofflowerpots.com\/sortiment\/"},{"@type":"ListItem","position":3,"name":"Cortenstahl pflanztr\u00f6ge Vaso 2"}]},{"@type":"WebSite","@id":"https:\/\/worldofflowerpots.com\/#website","url":"https:\/\/worldofflowerpots.com\/","name":"Blumenk\u00fcbel World of Flowerpots","description":"Pflanzk\u00fcbel beton, blumentr\u00f6ge, blumenk\u00fcbel gro\u00df, cortenstahl, fiberglas","potentialAction":[{"@type":"SearchAction","target":{"@type":"EntryPoint","urlTemplate":"https:\/\/worldofflowerpots.com\/?s={search_term_string}"},"query-input":{"@type":"PropertyValueSpecification","valueRequired":true,"valueName":"search_term_string"}}],"inLanguage":"de"}]}},"_links":{"self":[{"href":"https:\/\/worldofflowerpots.com\/de\/wp-json\/wp\/v2\/product\/52793","targetHints":{"allow":["GET"]}}],"collection":[{"href":"https:\/\/worldofflowerpots.com\/de\/wp-json\/wp\/v2\/product"}],"about":[{"href":"https:\/\/worldofflowerpots.com\/de\/wp-json\/wp\/v2\/types\/product"}],"wp:featuredmedia":[{"embeddable":true,"href":"https:\/\/worldofflowerpots.com\/de\/wp-json\/wp\/v2\/media\/58638"}],"wp:attachment":[{"href":"https:\/\/worldofflowerpots.com\/de\/wp-json\/wp\/v2\/media?parent=52793"}],"wp:term":[{"taxonomy":"product_brand","embeddable":true,"href":"https:\/\/worldofflowerpots.com\/de\/wp-json\/wp\/v2\/product_brand?post=52793"},{"taxonomy":"product_cat","embeddable":true,"href":"https:\/\/worldofflowerpots.com\/de\/wp-json\/wp\/v2\/product_cat?post=52793"},{"taxonomy":"product_tag","embeddable":true,"href":"https:\/\/worldofflowerpots.com\/de\/wp-json\/wp\/v2\/product_tag?post=52793"}],"curies":[{"name":"wp","href":"https:\/\/api.w.org\/{rel}","templated":true}]}}