{"id":52802,"date":"2019-01-18T15:06:22","date_gmt":"2019-01-18T14:06:22","guid":{"rendered":"https:\/\/worldofflowerpots.com\/sklep\/unkategorisiert\/blumenkubel-aus-cortenstahl-vaso-5\/"},"modified":"2019-04-11T14:13:35","modified_gmt":"2019-04-11T12:13:35","slug":"blumenkubel-aus-cortenstahl-vaso-5","status":"publish","type":"product","link":"https:\/\/worldofflowerpots.com\/de\/sortiment\/blumenkubel-aus-cortenstahl-vaso-5\/","title":{"rendered":"Blumenk\u00fcbel aus cortenstahl Vaso 5"},"content":{"rendered":"<h2>Blumenk\u00fcbel aus cortenstahl f\u00fcr drau\u00dfen f\u00fcr einen harmonischen Gesamteindruck<\/h2>\n<p>Eine der wichtigsten Regeln, die bei der Gestaltung des Gartens beachtet werden sollte, ist, dass der Charakter der Au\u00dfenbereichs sich dem des Wohnhauses angleicht. Nur so entsteht ein harmonisches Gesamtbild. Ob man sich letztendlich f\u00fcr Blumenk\u00fcbel aus cortenstahl oder etwas kleiner entscheidet, ist nicht unbedingt wichtig. Auch ob die Pflanztrog rund oder eckig sind, sollte je nach Geschmack und abgestimmt auf das restliche Grundst\u00fcck gew\u00e4hlt werden. Die Form der Blument\u00f6pfe f\u00fcr drau\u00dfen sollte idealerweise so gew\u00e4hlt werden, dass sie sich der restlichen Gartengliederung anpassen. Eine Vorlage sind beispielsweise die Form der Wege, Beete und der Rasenfl\u00e4che. Um ein wirklich \u00e4sthetisches Bild entstehen zu lassen, m\u00fcssen alle Komponenten besten aufeinander abgestimmt sein. Gerade in den modernen G\u00e4rten ist, was Pflanzen angeht, weniger mehr. Da die Pflanzen somit oft nur an einzelnen Stellen zu finden sind, sollten die Pflanzgef\u00e4\u00dfe gro\u00df ausfallen, damit mehrere unterschiedliche Pflanzen an einem Ort gepflanzt werden k\u00f6nnen.<\/p>\n<h2>Es handelt sich um einen ausgezeichnet verarbeiteten und wundervoll gestalteten Pflanztrog<\/h2>\n<p>Wer \u00fcber keinen eigenen Garten verf\u00fcgt, der kann mit ausgew\u00e4hlten Blument\u00f6pfen auch den Innenbereich oder den Balkon versch\u00f6nern und somit eine kleine, gr\u00fcne Oase gestalten. Die Pflanzent\u00f6pfe k\u00f6nnen hierbei ganz speziell der Gr\u00f6\u00dfe der Umgebung bzw. des Raums angepasst werden. Das Selbe gilt auch f\u00fcr die Farben der Blumenk\u00fcbel aus cortenstahl, die sich ebenfalls der umgebenden, bereits bestehenden Gestaltung anpassen sollte.<\/p>\n<h2>Viel Erde passt in Vaso 5<\/h2>\n<p>Bei dem angebotenen Produkt handelt es sich um das Vaso 5. Das Pflanztrog wiegt 40kg, kann maximal 280L an Erde fassen und ist in einem Rostfarbton erh\u00e4ltlich. Mit dem Vaso 5 k\u00f6nnen vor allem gro\u00dfe Pflanzen gez\u00fcchtet werden, da diese, dank seiner Gr\u00f6\u00dfe, viel Platz bekommen. Die Innenseite des Produkts ist in einem strahlenden Wei\u00df gehalten und sticht daher optisch hervor. Neben dem Vaso 5 gibt es noch weitere VASO Produkte, welche allesamt verschiedene Gr\u00f6\u00dfen haben.<\/p>\n","protected":false},"excerpt":{"rendered":"<p>Material : 2 mm Cortenstahl<br \/>\nIsoliert mit Styropor<br \/>\nGewicht :40kg<br \/>\nAbmessungen \u2205800mm H780mm<br \/>\nRobust und Stabil<br \/>\nWetterfest<br \/>\nFrostbest\u00e4ndig bei gew\u00e4hrleistetem Wasserablauf<\/p>\n","protected":false},"featured_media":58568,"template":"","meta":{"_acf_changed":false},"product_brand":[],"product_cat":[270],"product_tag":[],"class_list":{"0":"post-52802","1":"product","2":"type-product","3":"status-publish","4":"has-post-thumbnail","6":"product_cat-pflanzkuebel-cortenstahl","7":"description-off","8":"tm-has-options","10":"first","11":"instock","12":"shipping-taxable","13":"purchasable","14":"product-type-simple"},"acf":[],"yoast_head":"<!-- This site is optimized with the Yoast SEO plugin v27.5 - https:\/\/yoast.com\/product\/yoast-seo-wordpress\/ -->\n<title>Blumenk\u00fcbel aus cortenstahl f\u00fcr einen harmonischen Gesamteindruck<\/title>\n<meta name=\"description\" content=\"Ob man sich letztendlich f\u00fcr Blumenk\u00fcbel aus cortenstahl rund oder eckig. Wer \u00fcber keinen eigenen Garten verf\u00fcgt, kann auch den Innenbereich versch\u00f6nern\" \/>\n<meta name=\"robots\" content=\"index, follow, max-snippet:-1, max-image-preview:large, max-video-preview:-1\" \/>\n<link rel=\"canonical\" href=\"https:\/\/worldofflowerpots.com\/sklep\/blumenkubel-aus-cortenstahl-vaso-5\/\" \/>\n<meta property=\"og:locale\" content=\"de_DE\" \/>\n<meta property=\"og:type\" content=\"article\" \/>\n<meta property=\"og:title\" content=\"Blumenk\u00fcbel aus cortenstahl f\u00fcr einen harmonischen Gesamteindruck\" \/>\n<meta property=\"og:description\" content=\"Ob man sich letztendlich f\u00fcr Blumenk\u00fcbel aus cortenstahl rund oder eckig. Wer \u00fcber keinen eigenen Garten verf\u00fcgt, kann auch den Innenbereich versch\u00f6nern\" \/>\n<meta property=\"og:url\" content=\"https:\/\/worldofflowerpots.com\/sklep\/blumenkubel-aus-cortenstahl-vaso-5\/\" \/>\n<meta property=\"og:site_name\" content=\"Blumenk\u00fcbel World of Flowerpots\" \/>\n<meta property=\"article:modified_time\" content=\"2019-04-11T12:13:35+00:00\" \/>\n<meta property=\"og:image\" content=\"https:\/\/worldofflowerpots.com\/wp-content\/uploads\/2019\/01\/blumenk\u00fcbel-aus-cortenstahl-Vaso-5.jpg\" \/>\n\t<meta property=\"og:image:width\" content=\"2280\" \/>\n\t<meta property=\"og:image:height\" content=\"1612\" \/>\n\t<meta property=\"og:image:type\" content=\"image\/jpeg\" \/>\n<meta name=\"twitter:card\" content=\"summary_large_image\" \/>\n<meta name=\"twitter:label1\" content=\"Gesch\u00e4tzte Lesezeit\" \/>\n\t<meta name=\"twitter:data1\" content=\"2\u00a0Minuten\" \/>\n<script type=\"application\/ld+json\" class=\"yoast-schema-graph\">{\"@context\":\"https:\\\/\\\/schema.org\",\"@graph\":[{\"@type\":\"WebPage\",\"@id\":\"https:\\\/\\\/worldofflowerpots.com\\\/sklep\\\/blumenkubel-aus-cortenstahl-vaso-5\\\/\",\"url\":\"https:\\\/\\\/worldofflowerpots.com\\\/sklep\\\/blumenkubel-aus-cortenstahl-vaso-5\\\/\",\"name\":\"Blumenk\u00fcbel aus cortenstahl f\u00fcr einen harmonischen Gesamteindruck\",\"isPartOf\":{\"@id\":\"https:\\\/\\\/worldofflowerpots.com\\\/#website\"},\"primaryImageOfPage\":{\"@id\":\"https:\\\/\\\/worldofflowerpots.com\\\/sklep\\\/blumenkubel-aus-cortenstahl-vaso-5\\\/#primaryimage\"},\"image\":{\"@id\":\"https:\\\/\\\/worldofflowerpots.com\\\/sklep\\\/blumenkubel-aus-cortenstahl-vaso-5\\\/#primaryimage\"},\"thumbnailUrl\":\"https:\\\/\\\/worldofflowerpots.com\\\/wp-content\\\/uploads\\\/2019\\\/01\\\/blumenk\u00fcbel-aus-cortenstahl-Vaso-5.jpg\",\"datePublished\":\"2019-01-18T14:06:22+00:00\",\"dateModified\":\"2019-04-11T12:13:35+00:00\",\"description\":\"Ob man sich letztendlich f\u00fcr Blumenk\u00fcbel aus cortenstahl rund oder eckig. Wer \u00fcber keinen eigenen Garten verf\u00fcgt, kann auch den Innenbereich versch\u00f6nern\",\"breadcrumb\":{\"@id\":\"https:\\\/\\\/worldofflowerpots.com\\\/sklep\\\/blumenkubel-aus-cortenstahl-vaso-5\\\/#breadcrumb\"},\"inLanguage\":\"de\",\"potentialAction\":[{\"@type\":\"ReadAction\",\"target\":[\"https:\\\/\\\/worldofflowerpots.com\\\/sklep\\\/blumenkubel-aus-cortenstahl-vaso-5\\\/\"]}]},{\"@type\":\"ImageObject\",\"inLanguage\":\"de\",\"@id\":\"https:\\\/\\\/worldofflowerpots.com\\\/sklep\\\/blumenkubel-aus-cortenstahl-vaso-5\\\/#primaryimage\",\"url\":\"https:\\\/\\\/worldofflowerpots.com\\\/wp-content\\\/uploads\\\/2019\\\/01\\\/blumenk\u00fcbel-aus-cortenstahl-Vaso-5.jpg\",\"contentUrl\":\"https:\\\/\\\/worldofflowerpots.com\\\/wp-content\\\/uploads\\\/2019\\\/01\\\/blumenk\u00fcbel-aus-cortenstahl-Vaso-5.jpg\",\"width\":2280,\"height\":1612},{\"@type\":\"BreadcrumbList\",\"@id\":\"https:\\\/\\\/worldofflowerpots.com\\\/sklep\\\/blumenkubel-aus-cortenstahl-vaso-5\\\/#breadcrumb\",\"itemListElement\":[{\"@type\":\"ListItem\",\"position\":1,\"name\":\"Strona g\u0142\u00f3wna\",\"item\":\"https:\\\/\\\/worldofflowerpots.com\\\/blumenkuebel-grosse-auswahl\\\/\"},{\"@type\":\"ListItem\",\"position\":2,\"name\":\"Shop\",\"item\":\"https:\\\/\\\/worldofflowerpots.com\\\/sortiment\\\/\"},{\"@type\":\"ListItem\",\"position\":3,\"name\":\"Blumenk\u00fcbel aus cortenstahl Vaso 5\"}]},{\"@type\":\"WebSite\",\"@id\":\"https:\\\/\\\/worldofflowerpots.com\\\/#website\",\"url\":\"https:\\\/\\\/worldofflowerpots.com\\\/\",\"name\":\"Blumenk\u00fcbel World of Flowerpots\",\"description\":\"Pflanzk\u00fcbel beton, blumentr\u00f6ge, blumenk\u00fcbel gro\u00df, cortenstahl, fiberglas\",\"potentialAction\":[{\"@type\":\"SearchAction\",\"target\":{\"@type\":\"EntryPoint\",\"urlTemplate\":\"https:\\\/\\\/worldofflowerpots.com\\\/?s={search_term_string}\"},\"query-input\":{\"@type\":\"PropertyValueSpecification\",\"valueRequired\":true,\"valueName\":\"search_term_string\"}}],\"inLanguage\":\"de\"}]}<\/script>\n<!-- \/ Yoast SEO plugin. -->","yoast_head_json":{"title":"Blumenk\u00fcbel aus cortenstahl f\u00fcr einen harmonischen Gesamteindruck","description":"Ob man sich letztendlich f\u00fcr Blumenk\u00fcbel aus cortenstahl rund oder eckig. Wer \u00fcber keinen eigenen Garten verf\u00fcgt, kann auch den Innenbereich versch\u00f6nern","robots":{"index":"index","follow":"follow","max-snippet":"max-snippet:-1","max-image-preview":"max-image-preview:large","max-video-preview":"max-video-preview:-1"},"canonical":"https:\/\/worldofflowerpots.com\/sklep\/blumenkubel-aus-cortenstahl-vaso-5\/","og_locale":"de_DE","og_type":"article","og_title":"Blumenk\u00fcbel aus cortenstahl f\u00fcr einen harmonischen Gesamteindruck","og_description":"Ob man sich letztendlich f\u00fcr Blumenk\u00fcbel aus cortenstahl rund oder eckig. Wer \u00fcber keinen eigenen Garten verf\u00fcgt, kann auch den Innenbereich versch\u00f6nern","og_url":"https:\/\/worldofflowerpots.com\/sklep\/blumenkubel-aus-cortenstahl-vaso-5\/","og_site_name":"Blumenk\u00fcbel World of Flowerpots","article_modified_time":"2019-04-11T12:13:35+00:00","og_image":[{"width":2280,"height":1612,"url":"https:\/\/worldofflowerpots.com\/wp-content\/uploads\/2019\/01\/blumenk\u00fcbel-aus-cortenstahl-Vaso-5.jpg","type":"image\/jpeg"}],"twitter_card":"summary_large_image","twitter_misc":{"Gesch\u00e4tzte Lesezeit":"2\u00a0Minuten"},"schema":{"@context":"https:\/\/schema.org","@graph":[{"@type":"WebPage","@id":"https:\/\/worldofflowerpots.com\/sklep\/blumenkubel-aus-cortenstahl-vaso-5\/","url":"https:\/\/worldofflowerpots.com\/sklep\/blumenkubel-aus-cortenstahl-vaso-5\/","name":"Blumenk\u00fcbel aus cortenstahl f\u00fcr einen harmonischen Gesamteindruck","isPartOf":{"@id":"https:\/\/worldofflowerpots.com\/#website"},"primaryImageOfPage":{"@id":"https:\/\/worldofflowerpots.com\/sklep\/blumenkubel-aus-cortenstahl-vaso-5\/#primaryimage"},"image":{"@id":"https:\/\/worldofflowerpots.com\/sklep\/blumenkubel-aus-cortenstahl-vaso-5\/#primaryimage"},"thumbnailUrl":"https:\/\/worldofflowerpots.com\/wp-content\/uploads\/2019\/01\/blumenk\u00fcbel-aus-cortenstahl-Vaso-5.jpg","datePublished":"2019-01-18T14:06:22+00:00","dateModified":"2019-04-11T12:13:35+00:00","description":"Ob man sich letztendlich f\u00fcr Blumenk\u00fcbel aus cortenstahl rund oder eckig. Wer \u00fcber keinen eigenen Garten verf\u00fcgt, kann auch den Innenbereich versch\u00f6nern","breadcrumb":{"@id":"https:\/\/worldofflowerpots.com\/sklep\/blumenkubel-aus-cortenstahl-vaso-5\/#breadcrumb"},"inLanguage":"de","potentialAction":[{"@type":"ReadAction","target":["https:\/\/worldofflowerpots.com\/sklep\/blumenkubel-aus-cortenstahl-vaso-5\/"]}]},{"@type":"ImageObject","inLanguage":"de","@id":"https:\/\/worldofflowerpots.com\/sklep\/blumenkubel-aus-cortenstahl-vaso-5\/#primaryimage","url":"https:\/\/worldofflowerpots.com\/wp-content\/uploads\/2019\/01\/blumenk\u00fcbel-aus-cortenstahl-Vaso-5.jpg","contentUrl":"https:\/\/worldofflowerpots.com\/wp-content\/uploads\/2019\/01\/blumenk\u00fcbel-aus-cortenstahl-Vaso-5.jpg","width":2280,"height":1612},{"@type":"BreadcrumbList","@id":"https:\/\/worldofflowerpots.com\/sklep\/blumenkubel-aus-cortenstahl-vaso-5\/#breadcrumb","itemListElement":[{"@type":"ListItem","position":1,"name":"Strona g\u0142\u00f3wna","item":"https:\/\/worldofflowerpots.com\/blumenkuebel-grosse-auswahl\/"},{"@type":"ListItem","position":2,"name":"Shop","item":"https:\/\/worldofflowerpots.com\/sortiment\/"},{"@type":"ListItem","position":3,"name":"Blumenk\u00fcbel aus cortenstahl Vaso 5"}]},{"@type":"WebSite","@id":"https:\/\/worldofflowerpots.com\/#website","url":"https:\/\/worldofflowerpots.com\/","name":"Blumenk\u00fcbel World of Flowerpots","description":"Pflanzk\u00fcbel beton, blumentr\u00f6ge, blumenk\u00fcbel gro\u00df, cortenstahl, fiberglas","potentialAction":[{"@type":"SearchAction","target":{"@type":"EntryPoint","urlTemplate":"https:\/\/worldofflowerpots.com\/?s={search_term_string}"},"query-input":{"@type":"PropertyValueSpecification","valueRequired":true,"valueName":"search_term_string"}}],"inLanguage":"de"}]}},"_links":{"self":[{"href":"https:\/\/worldofflowerpots.com\/de\/wp-json\/wp\/v2\/product\/52802","targetHints":{"allow":["GET"]}}],"collection":[{"href":"https:\/\/worldofflowerpots.com\/de\/wp-json\/wp\/v2\/product"}],"about":[{"href":"https:\/\/worldofflowerpots.com\/de\/wp-json\/wp\/v2\/types\/product"}],"wp:featuredmedia":[{"embeddable":true,"href":"https:\/\/worldofflowerpots.com\/de\/wp-json\/wp\/v2\/media\/58568"}],"wp:attachment":[{"href":"https:\/\/worldofflowerpots.com\/de\/wp-json\/wp\/v2\/media?parent=52802"}],"wp:term":[{"taxonomy":"product_brand","embeddable":true,"href":"https:\/\/worldofflowerpots.com\/de\/wp-json\/wp\/v2\/product_brand?post=52802"},{"taxonomy":"product_cat","embeddable":true,"href":"https:\/\/worldofflowerpots.com\/de\/wp-json\/wp\/v2\/product_cat?post=52802"},{"taxonomy":"product_tag","embeddable":true,"href":"https:\/\/worldofflowerpots.com\/de\/wp-json\/wp\/v2\/product_tag?post=52802"}],"curies":[{"name":"wp","href":"https:\/\/api.w.org\/{rel}","templated":true}]}}