{"id":52805,"date":"2019-01-18T15:06:21","date_gmt":"2019-01-18T14:06:21","guid":{"rendered":"https:\/\/worldofflowerpots.com\/sklep\/unkategorisiert\/cortenstahl-pflanztrog-vaso-6\/"},"modified":"2019-04-11T14:36:50","modified_gmt":"2019-04-11T12:36:50","slug":"cortenstahl-pflanztrog-vaso-6","status":"publish","type":"product","link":"https:\/\/worldofflowerpots.com\/de\/sortiment\/cortenstahl-pflanztrog-vaso-6\/","title":{"rendered":"cortenstahl pflanztrog Vaso 6"},"content":{"rendered":"<h2>Vaso 6 ein pflanzk\u00fcbel\u00a0 aus Corten Stahl<\/h2>\n<p>Vaso 6 Cortenstahl Pflanztrog wurden nicht f\u00fcr die Fensterbank, sondern f\u00fcr die Verwendung im Au\u00dfenbereich und in Winterg\u00e4rten konzipiert. Mit einem Volumen von 500 Litern bietet der Pflanztrog rund auch gro\u00dfen Solit\u00e4rpflanzen optimale Wachstumsbedingungen. Mit seiner charakteristischen Patina wirken Pflanzgef\u00e4\u00dfe gro\u00df aus Corten-Stahl besonders dekorativ. Bedingt durch die Witterung bildet sich auf der Oberfl\u00e4che der dekorativen Pflanzgef\u00e4\u00dfe gro\u00df eine sogenannte Sperrschicht, welche dem Pflanzk\u00fcbel rund eine edle Optik verleiht und den Blumenk\u00fcbel Vaso 6 gleichzeitig vor Korrosion sch\u00fctzt.<\/p>\n<h2>Gro\u00df und h\u00fcbsch anzusehen, so ist der Pflanzk\u00fcbel Vaso 6<\/h2>\n<p>Cortenstahl pflanztrog lassen sich vielseitig einsetzen, um wundersch\u00f6ne Dekorationen zu gestalten. Die witterungsbest\u00e4ndigen Pflanzk\u00fcbel rund d\u00fcrfen ganzj\u00e4hrig im Freien stehen, da Blumentr\u00f6ge aus Metall wesentlich widerstandsf\u00e4higer als Pflanztr\u00f6ge aus Fiberglas, Terrakotta oder sonstigen Materialien sind. Durch das Nebeneinanderstellen mehrerer Blumenk\u00fcbel lassen sich Fl\u00e4chen in verschiedene Bereiche unterteilen. Corten Stahl ist ein sehr stabiler Werkstoff, sodass die Seitenw\u00e4nde des gro\u00dfen Pflanzgef\u00e4\u00dfes dem Druck gro\u00dfer Erdmassen standhalten, ohne sich zu verformen. Der Pflanzk\u00fcbel Vaso 6 begeistert Kunden durch Langlebigkeit, Funktionalit\u00e4t, Design und ein gro\u00dfartiges Preis-Leistungs-Verh\u00e4ltnis.<\/p>\n<h2>Mit einem dekorativen Pflanztrog Vaso 6 zu einem betonen Innen-, Garten- und Landschaftsarchitekten ihren guten Geschmack<\/h2>\n<p>Bei diesem Cortenstahl Pflanztrog handelt es sich ganz gewiss nicht um einen kleinen Topf f\u00fcr die Fensterbank. Es ist ein sehr gro\u00dfer Pflanzk\u00fcbel, der eher f\u00fcr den Au\u00dfenbereich gedacht ist. Damit bietet er seinem Nutzer die M\u00f6glichkeit h\u00fcbsche kleine Pflanzen in gro\u00dfer Anzahl hineinzusetzen oder einer gro\u00dfen Pflanze Raum zu geben.<\/p>\n<p>Der Durchmesser ist nicht unwesentlich. Vom Innenraum her gemessen hat der Vaso 6 einen Durchmesser von etwa 890 mm. Komplett mit Au\u00dfenrand bietet der Pflanztrog einen Durchmesser von stolzen 950 mm. Die H\u00f6he des K\u00fcbels betr\u00e4gt 1000 mm. Es darf also in der Tat eine gro\u00dfe Pflanze hineingetopft werden.<\/p>\n<p>Der Innenbereich des Blumenk\u00fcbels ist mit Kunststoff (Styropor) versehen. Dies sch\u00fctzt den eigentlichen K\u00fcbel vor Feuchtigkeit, die durch das Gie\u00dfen der Pflanze entsteht. Der Blumentopf an sich ist aus Metall(Corten Stahl) hergestellt und nur in Rostfarbe erh\u00e4ltlich.<\/p>\n","protected":false},"excerpt":{"rendered":"<p>Material : 2 mm Cortenstahl<br \/>\nIsoliert mit Styropor<br \/>\nGewicht :55kg<br \/>\nAbmessungen \u2205950mm H1000mm<br \/>\nRobust und Stabil<br \/>\nWetterfest<br \/>\nFrostbest\u00e4ndig bei gew\u00e4hrleistetem Wasserablauf<\/p>\n","protected":false},"featured_media":58668,"template":"","meta":{"_acf_changed":false},"product_brand":[],"product_cat":[270],"product_tag":[],"class_list":{"0":"post-52805","1":"product","2":"type-product","3":"status-publish","4":"has-post-thumbnail","6":"product_cat-pflanzkuebel-cortenstahl","7":"description-off","8":"tm-has-options","10":"first","11":"instock","12":"shipping-taxable","13":"purchasable","14":"product-type-simple"},"acf":[],"yoast_head":"<!-- This site is optimized with the Yoast SEO plugin v27.5 - https:\/\/yoast.com\/product\/yoast-seo-wordpress\/ -->\n<title>Cortenstahl pflanztrog lassen sich vielseitig einsetzen<\/title>\n<meta name=\"description\" content=\"Bei diesem Cortenstahl Pflanztrog handelt es sich ganz gewiss nicht um einen kleinen Topf f\u00fcr die Fensterbank. Es ist ein sehr gro\u00dfer Pflanzk\u00fcbel\" \/>\n<meta name=\"robots\" content=\"index, follow, max-snippet:-1, max-image-preview:large, max-video-preview:-1\" \/>\n<link rel=\"canonical\" href=\"https:\/\/worldofflowerpots.com\/sklep\/cortenstahl-pflanztrog-vaso-6\/\" \/>\n<meta property=\"og:locale\" content=\"de_DE\" \/>\n<meta property=\"og:type\" content=\"article\" \/>\n<meta property=\"og:title\" content=\"Cortenstahl pflanztrog lassen sich vielseitig einsetzen\" \/>\n<meta property=\"og:description\" content=\"Bei diesem Cortenstahl Pflanztrog handelt es sich ganz gewiss nicht um einen kleinen Topf f\u00fcr die Fensterbank. Es ist ein sehr gro\u00dfer Pflanzk\u00fcbel\" \/>\n<meta property=\"og:url\" content=\"https:\/\/worldofflowerpots.com\/sklep\/cortenstahl-pflanztrog-vaso-6\/\" \/>\n<meta property=\"og:site_name\" content=\"Blumenk\u00fcbel World of Flowerpots\" \/>\n<meta property=\"article:modified_time\" content=\"2019-04-11T12:36:50+00:00\" \/>\n<meta property=\"og:image\" content=\"https:\/\/worldofflowerpots.com\/wp-content\/uploads\/2019\/01\/cortenstahl-pflanztrog-Vaso-6.jpg\" \/>\n\t<meta property=\"og:image:width\" content=\"2280\" \/>\n\t<meta property=\"og:image:height\" content=\"1612\" \/>\n\t<meta property=\"og:image:type\" content=\"image\/jpeg\" \/>\n<meta name=\"twitter:card\" content=\"summary_large_image\" \/>\n<meta name=\"twitter:label1\" content=\"Gesch\u00e4tzte Lesezeit\" \/>\n\t<meta name=\"twitter:data1\" content=\"2\u00a0Minuten\" \/>\n<script type=\"application\/ld+json\" class=\"yoast-schema-graph\">{\"@context\":\"https:\\\/\\\/schema.org\",\"@graph\":[{\"@type\":\"WebPage\",\"@id\":\"https:\\\/\\\/worldofflowerpots.com\\\/sklep\\\/cortenstahl-pflanztrog-vaso-6\\\/\",\"url\":\"https:\\\/\\\/worldofflowerpots.com\\\/sklep\\\/cortenstahl-pflanztrog-vaso-6\\\/\",\"name\":\"Cortenstahl pflanztrog lassen sich vielseitig einsetzen\",\"isPartOf\":{\"@id\":\"https:\\\/\\\/worldofflowerpots.com\\\/#website\"},\"primaryImageOfPage\":{\"@id\":\"https:\\\/\\\/worldofflowerpots.com\\\/sklep\\\/cortenstahl-pflanztrog-vaso-6\\\/#primaryimage\"},\"image\":{\"@id\":\"https:\\\/\\\/worldofflowerpots.com\\\/sklep\\\/cortenstahl-pflanztrog-vaso-6\\\/#primaryimage\"},\"thumbnailUrl\":\"https:\\\/\\\/worldofflowerpots.com\\\/wp-content\\\/uploads\\\/2019\\\/01\\\/cortenstahl-pflanztrog-Vaso-6.jpg\",\"datePublished\":\"2019-01-18T14:06:21+00:00\",\"dateModified\":\"2019-04-11T12:36:50+00:00\",\"description\":\"Bei diesem Cortenstahl Pflanztrog handelt es sich ganz gewiss nicht um einen kleinen Topf f\u00fcr die Fensterbank. Es ist ein sehr gro\u00dfer Pflanzk\u00fcbel\",\"breadcrumb\":{\"@id\":\"https:\\\/\\\/worldofflowerpots.com\\\/sklep\\\/cortenstahl-pflanztrog-vaso-6\\\/#breadcrumb\"},\"inLanguage\":\"de\",\"potentialAction\":[{\"@type\":\"ReadAction\",\"target\":[\"https:\\\/\\\/worldofflowerpots.com\\\/sklep\\\/cortenstahl-pflanztrog-vaso-6\\\/\"]}]},{\"@type\":\"ImageObject\",\"inLanguage\":\"de\",\"@id\":\"https:\\\/\\\/worldofflowerpots.com\\\/sklep\\\/cortenstahl-pflanztrog-vaso-6\\\/#primaryimage\",\"url\":\"https:\\\/\\\/worldofflowerpots.com\\\/wp-content\\\/uploads\\\/2019\\\/01\\\/cortenstahl-pflanztrog-Vaso-6.jpg\",\"contentUrl\":\"https:\\\/\\\/worldofflowerpots.com\\\/wp-content\\\/uploads\\\/2019\\\/01\\\/cortenstahl-pflanztrog-Vaso-6.jpg\",\"width\":2280,\"height\":1612},{\"@type\":\"BreadcrumbList\",\"@id\":\"https:\\\/\\\/worldofflowerpots.com\\\/sklep\\\/cortenstahl-pflanztrog-vaso-6\\\/#breadcrumb\",\"itemListElement\":[{\"@type\":\"ListItem\",\"position\":1,\"name\":\"Strona g\u0142\u00f3wna\",\"item\":\"https:\\\/\\\/worldofflowerpots.com\\\/blumenkuebel-grosse-auswahl\\\/\"},{\"@type\":\"ListItem\",\"position\":2,\"name\":\"Shop\",\"item\":\"https:\\\/\\\/worldofflowerpots.com\\\/sortiment\\\/\"},{\"@type\":\"ListItem\",\"position\":3,\"name\":\"cortenstahl pflanztrog Vaso 6\"}]},{\"@type\":\"WebSite\",\"@id\":\"https:\\\/\\\/worldofflowerpots.com\\\/#website\",\"url\":\"https:\\\/\\\/worldofflowerpots.com\\\/\",\"name\":\"Blumenk\u00fcbel World of Flowerpots\",\"description\":\"Pflanzk\u00fcbel beton, blumentr\u00f6ge, blumenk\u00fcbel gro\u00df, cortenstahl, fiberglas\",\"potentialAction\":[{\"@type\":\"SearchAction\",\"target\":{\"@type\":\"EntryPoint\",\"urlTemplate\":\"https:\\\/\\\/worldofflowerpots.com\\\/?s={search_term_string}\"},\"query-input\":{\"@type\":\"PropertyValueSpecification\",\"valueRequired\":true,\"valueName\":\"search_term_string\"}}],\"inLanguage\":\"de\"}]}<\/script>\n<!-- \/ Yoast SEO plugin. -->","yoast_head_json":{"title":"Cortenstahl pflanztrog lassen sich vielseitig einsetzen","description":"Bei diesem Cortenstahl Pflanztrog handelt es sich ganz gewiss nicht um einen kleinen Topf f\u00fcr die Fensterbank. Es ist ein sehr gro\u00dfer Pflanzk\u00fcbel","robots":{"index":"index","follow":"follow","max-snippet":"max-snippet:-1","max-image-preview":"max-image-preview:large","max-video-preview":"max-video-preview:-1"},"canonical":"https:\/\/worldofflowerpots.com\/sklep\/cortenstahl-pflanztrog-vaso-6\/","og_locale":"de_DE","og_type":"article","og_title":"Cortenstahl pflanztrog lassen sich vielseitig einsetzen","og_description":"Bei diesem Cortenstahl Pflanztrog handelt es sich ganz gewiss nicht um einen kleinen Topf f\u00fcr die Fensterbank. Es ist ein sehr gro\u00dfer Pflanzk\u00fcbel","og_url":"https:\/\/worldofflowerpots.com\/sklep\/cortenstahl-pflanztrog-vaso-6\/","og_site_name":"Blumenk\u00fcbel World of Flowerpots","article_modified_time":"2019-04-11T12:36:50+00:00","og_image":[{"width":2280,"height":1612,"url":"https:\/\/worldofflowerpots.com\/wp-content\/uploads\/2019\/01\/cortenstahl-pflanztrog-Vaso-6.jpg","type":"image\/jpeg"}],"twitter_card":"summary_large_image","twitter_misc":{"Gesch\u00e4tzte Lesezeit":"2\u00a0Minuten"},"schema":{"@context":"https:\/\/schema.org","@graph":[{"@type":"WebPage","@id":"https:\/\/worldofflowerpots.com\/sklep\/cortenstahl-pflanztrog-vaso-6\/","url":"https:\/\/worldofflowerpots.com\/sklep\/cortenstahl-pflanztrog-vaso-6\/","name":"Cortenstahl pflanztrog lassen sich vielseitig einsetzen","isPartOf":{"@id":"https:\/\/worldofflowerpots.com\/#website"},"primaryImageOfPage":{"@id":"https:\/\/worldofflowerpots.com\/sklep\/cortenstahl-pflanztrog-vaso-6\/#primaryimage"},"image":{"@id":"https:\/\/worldofflowerpots.com\/sklep\/cortenstahl-pflanztrog-vaso-6\/#primaryimage"},"thumbnailUrl":"https:\/\/worldofflowerpots.com\/wp-content\/uploads\/2019\/01\/cortenstahl-pflanztrog-Vaso-6.jpg","datePublished":"2019-01-18T14:06:21+00:00","dateModified":"2019-04-11T12:36:50+00:00","description":"Bei diesem Cortenstahl Pflanztrog handelt es sich ganz gewiss nicht um einen kleinen Topf f\u00fcr die Fensterbank. Es ist ein sehr gro\u00dfer Pflanzk\u00fcbel","breadcrumb":{"@id":"https:\/\/worldofflowerpots.com\/sklep\/cortenstahl-pflanztrog-vaso-6\/#breadcrumb"},"inLanguage":"de","potentialAction":[{"@type":"ReadAction","target":["https:\/\/worldofflowerpots.com\/sklep\/cortenstahl-pflanztrog-vaso-6\/"]}]},{"@type":"ImageObject","inLanguage":"de","@id":"https:\/\/worldofflowerpots.com\/sklep\/cortenstahl-pflanztrog-vaso-6\/#primaryimage","url":"https:\/\/worldofflowerpots.com\/wp-content\/uploads\/2019\/01\/cortenstahl-pflanztrog-Vaso-6.jpg","contentUrl":"https:\/\/worldofflowerpots.com\/wp-content\/uploads\/2019\/01\/cortenstahl-pflanztrog-Vaso-6.jpg","width":2280,"height":1612},{"@type":"BreadcrumbList","@id":"https:\/\/worldofflowerpots.com\/sklep\/cortenstahl-pflanztrog-vaso-6\/#breadcrumb","itemListElement":[{"@type":"ListItem","position":1,"name":"Strona g\u0142\u00f3wna","item":"https:\/\/worldofflowerpots.com\/blumenkuebel-grosse-auswahl\/"},{"@type":"ListItem","position":2,"name":"Shop","item":"https:\/\/worldofflowerpots.com\/sortiment\/"},{"@type":"ListItem","position":3,"name":"cortenstahl pflanztrog Vaso 6"}]},{"@type":"WebSite","@id":"https:\/\/worldofflowerpots.com\/#website","url":"https:\/\/worldofflowerpots.com\/","name":"Blumenk\u00fcbel World of Flowerpots","description":"Pflanzk\u00fcbel beton, blumentr\u00f6ge, blumenk\u00fcbel gro\u00df, cortenstahl, fiberglas","potentialAction":[{"@type":"SearchAction","target":{"@type":"EntryPoint","urlTemplate":"https:\/\/worldofflowerpots.com\/?s={search_term_string}"},"query-input":{"@type":"PropertyValueSpecification","valueRequired":true,"valueName":"search_term_string"}}],"inLanguage":"de"}]}},"_links":{"self":[{"href":"https:\/\/worldofflowerpots.com\/de\/wp-json\/wp\/v2\/product\/52805","targetHints":{"allow":["GET"]}}],"collection":[{"href":"https:\/\/worldofflowerpots.com\/de\/wp-json\/wp\/v2\/product"}],"about":[{"href":"https:\/\/worldofflowerpots.com\/de\/wp-json\/wp\/v2\/types\/product"}],"wp:featuredmedia":[{"embeddable":true,"href":"https:\/\/worldofflowerpots.com\/de\/wp-json\/wp\/v2\/media\/58668"}],"wp:attachment":[{"href":"https:\/\/worldofflowerpots.com\/de\/wp-json\/wp\/v2\/media?parent=52805"}],"wp:term":[{"taxonomy":"product_brand","embeddable":true,"href":"https:\/\/worldofflowerpots.com\/de\/wp-json\/wp\/v2\/product_brand?post=52805"},{"taxonomy":"product_cat","embeddable":true,"href":"https:\/\/worldofflowerpots.com\/de\/wp-json\/wp\/v2\/product_cat?post=52805"},{"taxonomy":"product_tag","embeddable":true,"href":"https:\/\/worldofflowerpots.com\/de\/wp-json\/wp\/v2\/product_tag?post=52805"}],"curies":[{"name":"wp","href":"https:\/\/api.w.org\/{rel}","templated":true}]}}