{"id":55708,"date":"2019-03-14T12:19:10","date_gmt":"2019-03-14T11:19:10","guid":{"rendered":"https:\/\/worldofflowerpots.com\/sklep\/doniczki-ogrodowe-betonowe-claudia\/"},"modified":"2019-04-16T10:00:17","modified_gmt":"2019-04-16T08:00:17","slug":"terrassenkuebel-in-betonoptik-claudia","status":"publish","type":"product","link":"https:\/\/worldofflowerpots.com\/de\/sortiment\/terrassenkuebel-in-betonoptik-claudia\/","title":{"rendered":"Terrassenk\u00fcbel in Betonoptik Claudia"},"content":{"rendered":"<div id=\"text_highlighted\">\n<h3><b>Terrassenk\u00fcbel in Betonoptik &#8211; beste Bedingungen f\u00fcr viele Pflanzen <\/b><\/h3>\n<div>\n<div class=\"preview\">\n<p>Gartenpflanzen brauchen sch\u00f6ne Pflanzgef\u00e4\u00dfe. Der rechteckige Terrassenk\u00fcbel Claudia begeistert durch die moderne Optik und perfekte Gr\u00f6\u00dfe f\u00fcr gr\u00f6\u00dfere Pflanzen. Der Pflanzk\u00fcbel Betonoptik ist ein Pflanzgef\u00e4\u00df von bester Qualit\u00e4t und sorgt f\u00fcr ausreichend Platz f\u00fcr die verschiedensten, dekorativen Bepflanzungen.<\/p>\n<h3>Moderne Pflanzk\u00fcbel Betonoptik f\u00fcr Terrasse und Garten<\/h3>\n<p>Mit den Ma\u00dfen von 80 cm Breite und L\u00e4nge sowie 60 cm H\u00f6he eignet sich das Modell perfekt als Terrassenk\u00fcbel. Sie k\u00f6nnen den gro\u00dfen Pflanztopf einzeln aufstellen oder in der Reihe f\u00fcr eine elegante Terrassenbegrenzung. Ebenso sch\u00f6n k\u00f6nnen Sie mit diesem Pflanzk\u00fcbel einen Sitzplatz im Garten dekorieren oder bepflanzte K\u00fcbel am Hauseingang aufstellen. Die komfortable H\u00f6he bietet genug Platz f\u00fcr Pflanzen, die viel Raum f\u00fcr ihre Wurzeln brauchen. Ganz nach eigenem Geschmack k\u00f6nnen Sie den schicken Terrassenk\u00fcbel mit hohen Gr\u00fcn- oder Bl\u00fchpflanzen, mit h\u00e4ngenden Ranken oder einer Berankung am Rankgitter bepflanzen. Mit bl\u00fchenden Stauden k\u00f6nnen die Pflanzk\u00fcbel Betonoptik einen dekorativen Sichtschutz bieten. Bef\u00fcllen Sie den Boden des Blumenk\u00fcbels am besten mit Bl\u00e4hton oder Sand, um Wasserabfluss und Bel\u00fcftung des Erdreichs zu erh\u00f6hen.<\/p>\n<h3>Hochwertiges Fiberglas, beste Eigenschaft f\u00fcr Au\u00dfenbereiche<\/h3>\n<p>Der Terrassenk\u00fcbel Claudia ist aus best\u00e4ndigem, sehr widerstandsf\u00e4higen Fiberglas hergestellt. Die Oberfl\u00e4che aus Quarzstein ist enorm stabil gegen Au\u00dfeneinfl\u00fcsse. Mit 22 kg hat der Pflanzk\u00fcbel ein geringes Eigengewicht. Der robuste K\u00fcbel ist ganzj\u00e4hrig wetter- und frostfest und hat einen Wasserablauf zur Vermeidung von Staun\u00e4sse. Sie k\u00f6nnen den h\u00fcbschen Pflanztopf in den Farben Grau, Schwarz, Braun oder Wei\u00df online bestellen. Neben einheitlich gef\u00e4rbten Oberfl\u00e4chen bieten wir Ihnen in diesen Farben auch schraffierte und gewolkte Oberfl\u00e4chen f\u00fcr den Pflanzk\u00fcbel an. Sie haben somit viele M\u00f6glichkeiten eine Farbe und ein Muster passend zur Gartengestaltung und der Terrasse auszuw\u00e4hlen. Die Oberfl\u00e4chen eignen sich f\u00fcr einen Anstrich mit \u00fcblicher Fassadenfarbe. So k\u00f6nnen Sie Ihrem Pflanzk\u00fcbel Betonoptik sp\u00e4ter auch ein neues Outfit verpassen. Mit diesem Pflanztopf entscheiden Sie sich f\u00fcr ein hochwertiges Produkt von langer Lebensdauer und besonders guten Bedingungen f\u00fcr Ihre Pflanzen.<\/p>\n<\/div>\n<\/div>\n<\/div>\n","protected":false},"excerpt":{"rendered":"<p>Material: Kern Fiberglas Oberfl\u00e4che Quarz- Stein<br \/>\nFarben: wei\u00df, grau, schwarz und 2 braune Farbt\u00f6ne<br \/>\nUV-resistent<\/p>\n<p>Gewicht :22 kg<br \/>\nAbmessungen B800mm H600mm L800mm<br \/>\nWetterfest<\/p>\n<p>Robust und Stabil<br \/>\nFrostbest\u00e4ndig bei gew\u00e4hrleistetem Wasserablauf<\/p>\n","protected":false},"featured_media":59385,"template":"","meta":{"_acf_changed":false},"product_brand":[],"product_cat":[386],"product_tag":[],"class_list":{"0":"post-55708","1":"product","2":"type-product","3":"status-publish","4":"has-post-thumbnail","6":"product_cat-pflanzkuebel-fiberglas-stone","7":"description-off","8":"tm-has-options","10":"first","11":"instock","12":"shipping-taxable","13":"purchasable","14":"product-type-simple"},"acf":[],"yoast_head":"<!-- This site is optimized with the Yoast SEO plugin v27.5 - https:\/\/yoast.com\/product\/yoast-seo-wordpress\/ -->\n<title>Terrassenk\u00fcbel in Betonoptik - beste Bedingungen f\u00fcr viele Pflanzen<\/title>\n<meta name=\"description\" content=\"Der Pflanzk\u00fcbel Betonoptik ist ein Pflanzgef\u00e4\u00df von bester Qualit\u00e4t und sorgt f\u00fcr ausreichend Platz f\u00fcr die verschiedensten, dekorativen Bepflanzungen\" \/>\n<meta name=\"robots\" content=\"index, follow, max-snippet:-1, max-image-preview:large, max-video-preview:-1\" \/>\n<link rel=\"canonical\" href=\"https:\/\/worldofflowerpots.com\/sklep\/terrassenkuebel-in-betonoptik-claudia\/\" \/>\n<meta property=\"og:locale\" content=\"de_DE\" \/>\n<meta property=\"og:type\" content=\"article\" \/>\n<meta property=\"og:title\" content=\"Terrassenk\u00fcbel in Betonoptik - beste Bedingungen f\u00fcr viele Pflanzen\" \/>\n<meta property=\"og:description\" content=\"Der Pflanzk\u00fcbel Betonoptik ist ein Pflanzgef\u00e4\u00df von bester Qualit\u00e4t und sorgt f\u00fcr ausreichend Platz f\u00fcr die verschiedensten, dekorativen Bepflanzungen\" \/>\n<meta property=\"og:url\" content=\"https:\/\/worldofflowerpots.com\/sklep\/terrassenkuebel-in-betonoptik-claudia\/\" \/>\n<meta property=\"og:site_name\" content=\"Blumenk\u00fcbel World of Flowerpots\" \/>\n<meta property=\"article:modified_time\" content=\"2019-04-16T08:00:17+00:00\" \/>\n<meta property=\"og:image\" content=\"https:\/\/worldofflowerpots.com\/wp-content\/uploads\/2019\/03\/terrassenk\u00fcbel-Claudia.jpg\" \/>\n\t<meta property=\"og:image:width\" content=\"2280\" \/>\n\t<meta property=\"og:image:height\" content=\"1612\" \/>\n\t<meta property=\"og:image:type\" content=\"image\/jpeg\" \/>\n<meta name=\"twitter:card\" content=\"summary_large_image\" \/>\n<meta name=\"twitter:label1\" content=\"Gesch\u00e4tzte Lesezeit\" \/>\n\t<meta name=\"twitter:data1\" content=\"2\u00a0Minuten\" \/>\n<script type=\"application\/ld+json\" class=\"yoast-schema-graph\">{\"@context\":\"https:\\\/\\\/schema.org\",\"@graph\":[{\"@type\":\"WebPage\",\"@id\":\"https:\\\/\\\/worldofflowerpots.com\\\/sklep\\\/terrassenkuebel-in-betonoptik-claudia\\\/\",\"url\":\"https:\\\/\\\/worldofflowerpots.com\\\/sklep\\\/terrassenkuebel-in-betonoptik-claudia\\\/\",\"name\":\"Terrassenk\u00fcbel in Betonoptik - beste Bedingungen f\u00fcr viele Pflanzen\",\"isPartOf\":{\"@id\":\"https:\\\/\\\/worldofflowerpots.com\\\/#website\"},\"primaryImageOfPage\":{\"@id\":\"https:\\\/\\\/worldofflowerpots.com\\\/sklep\\\/terrassenkuebel-in-betonoptik-claudia\\\/#primaryimage\"},\"image\":{\"@id\":\"https:\\\/\\\/worldofflowerpots.com\\\/sklep\\\/terrassenkuebel-in-betonoptik-claudia\\\/#primaryimage\"},\"thumbnailUrl\":\"https:\\\/\\\/worldofflowerpots.com\\\/wp-content\\\/uploads\\\/2019\\\/03\\\/terrassenk\u00fcbel-Claudia.jpg\",\"datePublished\":\"2019-03-14T11:19:10+00:00\",\"dateModified\":\"2019-04-16T08:00:17+00:00\",\"description\":\"Der Pflanzk\u00fcbel Betonoptik ist ein Pflanzgef\u00e4\u00df von bester Qualit\u00e4t und sorgt f\u00fcr ausreichend Platz f\u00fcr die verschiedensten, dekorativen Bepflanzungen\",\"breadcrumb\":{\"@id\":\"https:\\\/\\\/worldofflowerpots.com\\\/sklep\\\/terrassenkuebel-in-betonoptik-claudia\\\/#breadcrumb\"},\"inLanguage\":\"de\",\"potentialAction\":[{\"@type\":\"ReadAction\",\"target\":[\"https:\\\/\\\/worldofflowerpots.com\\\/sklep\\\/terrassenkuebel-in-betonoptik-claudia\\\/\"]}]},{\"@type\":\"ImageObject\",\"inLanguage\":\"de\",\"@id\":\"https:\\\/\\\/worldofflowerpots.com\\\/sklep\\\/terrassenkuebel-in-betonoptik-claudia\\\/#primaryimage\",\"url\":\"https:\\\/\\\/worldofflowerpots.com\\\/wp-content\\\/uploads\\\/2019\\\/03\\\/terrassenk\u00fcbel-Claudia.jpg\",\"contentUrl\":\"https:\\\/\\\/worldofflowerpots.com\\\/wp-content\\\/uploads\\\/2019\\\/03\\\/terrassenk\u00fcbel-Claudia.jpg\",\"width\":2280,\"height\":1612},{\"@type\":\"BreadcrumbList\",\"@id\":\"https:\\\/\\\/worldofflowerpots.com\\\/sklep\\\/terrassenkuebel-in-betonoptik-claudia\\\/#breadcrumb\",\"itemListElement\":[{\"@type\":\"ListItem\",\"position\":1,\"name\":\"Strona g\u0142\u00f3wna\",\"item\":\"https:\\\/\\\/worldofflowerpots.com\\\/blumenkuebel-grosse-auswahl\\\/\"},{\"@type\":\"ListItem\",\"position\":2,\"name\":\"Shop\",\"item\":\"https:\\\/\\\/worldofflowerpots.com\\\/sortiment\\\/\"},{\"@type\":\"ListItem\",\"position\":3,\"name\":\"Terrassenk\u00fcbel in Betonoptik Claudia\"}]},{\"@type\":\"WebSite\",\"@id\":\"https:\\\/\\\/worldofflowerpots.com\\\/#website\",\"url\":\"https:\\\/\\\/worldofflowerpots.com\\\/\",\"name\":\"Blumenk\u00fcbel World of Flowerpots\",\"description\":\"Pflanzk\u00fcbel beton, blumentr\u00f6ge, blumenk\u00fcbel gro\u00df, cortenstahl, fiberglas\",\"potentialAction\":[{\"@type\":\"SearchAction\",\"target\":{\"@type\":\"EntryPoint\",\"urlTemplate\":\"https:\\\/\\\/worldofflowerpots.com\\\/?s={search_term_string}\"},\"query-input\":{\"@type\":\"PropertyValueSpecification\",\"valueRequired\":true,\"valueName\":\"search_term_string\"}}],\"inLanguage\":\"de\"}]}<\/script>\n<!-- \/ Yoast SEO plugin. -->","yoast_head_json":{"title":"Terrassenk\u00fcbel in Betonoptik - beste Bedingungen f\u00fcr viele Pflanzen","description":"Der Pflanzk\u00fcbel Betonoptik ist ein Pflanzgef\u00e4\u00df von bester Qualit\u00e4t und sorgt f\u00fcr ausreichend Platz f\u00fcr die verschiedensten, dekorativen Bepflanzungen","robots":{"index":"index","follow":"follow","max-snippet":"max-snippet:-1","max-image-preview":"max-image-preview:large","max-video-preview":"max-video-preview:-1"},"canonical":"https:\/\/worldofflowerpots.com\/sklep\/terrassenkuebel-in-betonoptik-claudia\/","og_locale":"de_DE","og_type":"article","og_title":"Terrassenk\u00fcbel in Betonoptik - beste Bedingungen f\u00fcr viele Pflanzen","og_description":"Der Pflanzk\u00fcbel Betonoptik ist ein Pflanzgef\u00e4\u00df von bester Qualit\u00e4t und sorgt f\u00fcr ausreichend Platz f\u00fcr die verschiedensten, dekorativen Bepflanzungen","og_url":"https:\/\/worldofflowerpots.com\/sklep\/terrassenkuebel-in-betonoptik-claudia\/","og_site_name":"Blumenk\u00fcbel World of Flowerpots","article_modified_time":"2019-04-16T08:00:17+00:00","og_image":[{"width":2280,"height":1612,"url":"https:\/\/worldofflowerpots.com\/wp-content\/uploads\/2019\/03\/terrassenk\u00fcbel-Claudia.jpg","type":"image\/jpeg"}],"twitter_card":"summary_large_image","twitter_misc":{"Gesch\u00e4tzte Lesezeit":"2\u00a0Minuten"},"schema":{"@context":"https:\/\/schema.org","@graph":[{"@type":"WebPage","@id":"https:\/\/worldofflowerpots.com\/sklep\/terrassenkuebel-in-betonoptik-claudia\/","url":"https:\/\/worldofflowerpots.com\/sklep\/terrassenkuebel-in-betonoptik-claudia\/","name":"Terrassenk\u00fcbel in Betonoptik - beste Bedingungen f\u00fcr viele Pflanzen","isPartOf":{"@id":"https:\/\/worldofflowerpots.com\/#website"},"primaryImageOfPage":{"@id":"https:\/\/worldofflowerpots.com\/sklep\/terrassenkuebel-in-betonoptik-claudia\/#primaryimage"},"image":{"@id":"https:\/\/worldofflowerpots.com\/sklep\/terrassenkuebel-in-betonoptik-claudia\/#primaryimage"},"thumbnailUrl":"https:\/\/worldofflowerpots.com\/wp-content\/uploads\/2019\/03\/terrassenk\u00fcbel-Claudia.jpg","datePublished":"2019-03-14T11:19:10+00:00","dateModified":"2019-04-16T08:00:17+00:00","description":"Der Pflanzk\u00fcbel Betonoptik ist ein Pflanzgef\u00e4\u00df von bester Qualit\u00e4t und sorgt f\u00fcr ausreichend Platz f\u00fcr die verschiedensten, dekorativen Bepflanzungen","breadcrumb":{"@id":"https:\/\/worldofflowerpots.com\/sklep\/terrassenkuebel-in-betonoptik-claudia\/#breadcrumb"},"inLanguage":"de","potentialAction":[{"@type":"ReadAction","target":["https:\/\/worldofflowerpots.com\/sklep\/terrassenkuebel-in-betonoptik-claudia\/"]}]},{"@type":"ImageObject","inLanguage":"de","@id":"https:\/\/worldofflowerpots.com\/sklep\/terrassenkuebel-in-betonoptik-claudia\/#primaryimage","url":"https:\/\/worldofflowerpots.com\/wp-content\/uploads\/2019\/03\/terrassenk\u00fcbel-Claudia.jpg","contentUrl":"https:\/\/worldofflowerpots.com\/wp-content\/uploads\/2019\/03\/terrassenk\u00fcbel-Claudia.jpg","width":2280,"height":1612},{"@type":"BreadcrumbList","@id":"https:\/\/worldofflowerpots.com\/sklep\/terrassenkuebel-in-betonoptik-claudia\/#breadcrumb","itemListElement":[{"@type":"ListItem","position":1,"name":"Strona g\u0142\u00f3wna","item":"https:\/\/worldofflowerpots.com\/blumenkuebel-grosse-auswahl\/"},{"@type":"ListItem","position":2,"name":"Shop","item":"https:\/\/worldofflowerpots.com\/sortiment\/"},{"@type":"ListItem","position":3,"name":"Terrassenk\u00fcbel in Betonoptik Claudia"}]},{"@type":"WebSite","@id":"https:\/\/worldofflowerpots.com\/#website","url":"https:\/\/worldofflowerpots.com\/","name":"Blumenk\u00fcbel World of Flowerpots","description":"Pflanzk\u00fcbel beton, blumentr\u00f6ge, blumenk\u00fcbel gro\u00df, cortenstahl, fiberglas","potentialAction":[{"@type":"SearchAction","target":{"@type":"EntryPoint","urlTemplate":"https:\/\/worldofflowerpots.com\/?s={search_term_string}"},"query-input":{"@type":"PropertyValueSpecification","valueRequired":true,"valueName":"search_term_string"}}],"inLanguage":"de"}]}},"_links":{"self":[{"href":"https:\/\/worldofflowerpots.com\/de\/wp-json\/wp\/v2\/product\/55708","targetHints":{"allow":["GET"]}}],"collection":[{"href":"https:\/\/worldofflowerpots.com\/de\/wp-json\/wp\/v2\/product"}],"about":[{"href":"https:\/\/worldofflowerpots.com\/de\/wp-json\/wp\/v2\/types\/product"}],"wp:featuredmedia":[{"embeddable":true,"href":"https:\/\/worldofflowerpots.com\/de\/wp-json\/wp\/v2\/media\/59385"}],"wp:attachment":[{"href":"https:\/\/worldofflowerpots.com\/de\/wp-json\/wp\/v2\/media?parent=55708"}],"wp:term":[{"taxonomy":"product_brand","embeddable":true,"href":"https:\/\/worldofflowerpots.com\/de\/wp-json\/wp\/v2\/product_brand?post=55708"},{"taxonomy":"product_cat","embeddable":true,"href":"https:\/\/worldofflowerpots.com\/de\/wp-json\/wp\/v2\/product_cat?post=55708"},{"taxonomy":"product_tag","embeddable":true,"href":"https:\/\/worldofflowerpots.com\/de\/wp-json\/wp\/v2\/product_tag?post=55708"}],"curies":[{"name":"wp","href":"https:\/\/api.w.org\/{rel}","templated":true}]}}