{"id":55709,"date":"2019-03-14T11:54:41","date_gmt":"2019-03-14T10:54:41","guid":{"rendered":"https:\/\/worldofflowerpots.com\/sklep\/lekkie-donice-ogrodowe-elena\/"},"modified":"2019-04-16T10:02:38","modified_gmt":"2019-04-16T08:02:38","slug":"blumentoepfe-fuer-draussen-anthrazit","status":"publish","type":"product","link":"https:\/\/worldofflowerpots.com\/de\/sortiment\/blumentoepfe-fuer-draussen-anthrazit\/","title":{"rendered":"Blument\u00f6pfe f\u00fcr drau\u00dfen in anthrazit Model Elena"},"content":{"rendered":"<p>Dieser Pflanzk\u00fcbel Betonoptik Elena in W\u00fcrfelform bietet mit 70 cm Tiefe auch langen, gro\u00dfen Wurzelballen ausreichend Raum. Der Pflanztopf ist aus hochwertigem Fiberglas, mit Glasfasern verst\u00e4rktem Kunststoff gefertigt. Das Material mit der Quarzstein-Oberfl\u00e4che sichert Ihren Pflanzen optimales Gedeihen in einem guten Topfklima ohne Staun\u00e4sse. Diese Blument\u00f6pfe f\u00fcr drau\u00dfen anthrazit eignen sich exzellent f\u00fcr die Garten- und Terrassengestaltung.<\/p>\n<h3>Blument\u00f6pfe f\u00fcr drau\u00dfen anthrazit &#8211; tolle Optik f\u00fcr gro\u00dfe Pflanzen<\/h3>\n<p>In dem schicken anthrazitfarbenen Pflanzk\u00fcbel Betonoptik Elena kommen gro\u00dfe Bl\u00fchpflanzen oder eine Palme bestens zur Geltung. Der W\u00fcrfel von 70 cm f\u00fcr alle Ma\u00dfe bietet viel Raum zur Entfaltung der Wurzeln. Das erspart Ihnen h\u00e4ufiges Umtopfen w\u00e4hrend des Pflanzenwachstums. Fiberglas hat ausgezeichnete Eigenschaften f\u00fcr Au\u00dfenbereiche. Das Material ist undurchl\u00e4ssig f\u00fcr UV-Strahlen, sehr wetterbest\u00e4ndig und von hoher Dauerhaftigkeit. Fiberglas ist frostsicher. Dennoch sollten Sie empfindliche Pflanzen wie z.B. den Oleander im Haus \u00fcberwintern lassen. In der eleganten Betonoptik anthrazit wirkt der Pflanzw\u00fcrfel aus Fiberglas im Haus so dekorativ wie im Garten. Es gibt diese schicken Blument\u00f6pfe f\u00fcr drau\u00dfen Anthrazit, in Wei\u00df, Grau und Braun. So k\u00f6nnen Sie den Pflanzk\u00fcbel perfekt Ihrer Terrassen- und Gartengestaltung und den Pflanzen anpassen.<\/p>\n<h3>Sch\u00f6n zu bepflanzen &#8211; Pflanzk\u00fcbel Betonoptik Elena<\/h3>\n<p>Der schlichte, stabile W\u00fcrfel Elena in Betonoptik l\u00e4sst sich mit den verschiedensten Pflanzen dekorativ gestalten. Mit hochw\u00fcchsigen Gr\u00fcnpflanzen geben zwei dieser Blument\u00f6pfe f\u00fcr drau\u00dfen anthrazit eine elegante Eingangsrahmung ab. Hier k\u00f6nnen Sie sich f\u00fcr immergr\u00fcne Buchsb\u00e4ume oder Koniferen entscheiden. Auf einer Rasenfl\u00e4che nimmt sich eine bl\u00fchende Dekoration im gro\u00dfen W\u00fcrfeltopf sehr sch\u00f6n aus. Der tiefe K\u00fcbel ist auch sehr gut f\u00fcr eine sch\u00f6ne, bl\u00fchende Staude geeignet. Schaffen Sie auf der Terrasse einen Hingucker mit einer Palme im K\u00fcbel oder einem bl\u00fchenden Oleander. Auch f\u00fcr einen gro\u00dfr\u00e4umigen Balkon eignet sich der elegante Pflanzk\u00fcbel Betonoptik Elena sehr gut. Ein Wasserablauf sorgt daf\u00fcr, dass sich in dem K\u00fcbel niemals Staun\u00e4sse entwickelt. Dieser sch\u00f6ne K\u00fcbel ist ein dekoratives Plus f\u00fcr Ihre Gartengestaltung.<\/p>\n","protected":false},"excerpt":{"rendered":"<p>Material: Kern Fiberglas Oberfl\u00e4che Quarz- Stein<br \/>\nFarben: wei\u00df, grau, schwarz und 2 braune Farbt\u00f6ne<br \/>\nUV-resistent<\/p>\n<p>Gewicht: 20 kg<br \/>\nAbmessungen: B700mm H700mm L700mm<br \/>\nWetterfest<\/p>\n<p>Robust und Stabil<br \/>\nFrostbest\u00e4ndig bei gew\u00e4hrleistetem Wasserablauf<\/p>\n","protected":false},"featured_media":59395,"template":"","meta":{"_acf_changed":false},"product_brand":[],"product_cat":[386],"product_tag":[],"class_list":{"0":"post-55709","1":"product","2":"type-product","3":"status-publish","4":"has-post-thumbnail","6":"product_cat-pflanzkuebel-fiberglas-stone","7":"description-off","8":"tm-has-options","10":"first","11":"instock","12":"shipping-taxable","13":"purchasable","14":"product-type-simple"},"acf":[],"yoast_head":"<!-- This site is optimized with the Yoast SEO plugin v27.5 - https:\/\/yoast.com\/product\/yoast-seo-wordpress\/ -->\n<title>Blument\u00f6pfe f\u00fcr drau\u00dfen in anthrazit unsere Model Elena<\/title>\n<meta name=\"description\" content=\"Blument\u00f6pfe f\u00fcr drau\u00dfen in anthrazit eignen sich exzellent f\u00fcr die Garten- und Terrasse.Das Material mit der Quarzstein-Oberfl\u00e4che sichert Ihren Pflanzen.\" \/>\n<meta name=\"robots\" content=\"index, follow, max-snippet:-1, max-image-preview:large, max-video-preview:-1\" \/>\n<link rel=\"canonical\" href=\"https:\/\/worldofflowerpots.com\/sklep\/blumentoepfe-fuer-draussen-anthrazit\/\" \/>\n<meta property=\"og:locale\" content=\"de_DE\" \/>\n<meta property=\"og:type\" content=\"article\" \/>\n<meta property=\"og:title\" content=\"Blument\u00f6pfe f\u00fcr drau\u00dfen in anthrazit unsere Model Elena\" \/>\n<meta property=\"og:description\" content=\"Blument\u00f6pfe f\u00fcr drau\u00dfen in anthrazit eignen sich exzellent f\u00fcr die Garten- und Terrasse.Das Material mit der Quarzstein-Oberfl\u00e4che sichert Ihren Pflanzen.\" \/>\n<meta property=\"og:url\" content=\"https:\/\/worldofflowerpots.com\/sklep\/blumentoepfe-fuer-draussen-anthrazit\/\" \/>\n<meta property=\"og:site_name\" content=\"Blumenk\u00fcbel World of Flowerpots\" \/>\n<meta property=\"article:modified_time\" content=\"2019-04-16T08:02:38+00:00\" \/>\n<meta property=\"og:image\" content=\"https:\/\/worldofflowerpots.com\/wp-content\/uploads\/2019\/03\/blument\u00f6pfe-f\u00fcr-drau\u00dfen-anthrazit-Elena.jpg\" \/>\n\t<meta property=\"og:image:width\" content=\"2280\" \/>\n\t<meta property=\"og:image:height\" content=\"1612\" \/>\n\t<meta property=\"og:image:type\" content=\"image\/jpeg\" \/>\n<meta name=\"twitter:card\" content=\"summary_large_image\" \/>\n<meta name=\"twitter:label1\" content=\"Gesch\u00e4tzte Lesezeit\" \/>\n\t<meta name=\"twitter:data1\" content=\"2\u00a0Minuten\" \/>\n<script type=\"application\/ld+json\" class=\"yoast-schema-graph\">{\"@context\":\"https:\\\/\\\/schema.org\",\"@graph\":[{\"@type\":\"WebPage\",\"@id\":\"https:\\\/\\\/worldofflowerpots.com\\\/sklep\\\/blumentoepfe-fuer-draussen-anthrazit\\\/\",\"url\":\"https:\\\/\\\/worldofflowerpots.com\\\/sklep\\\/blumentoepfe-fuer-draussen-anthrazit\\\/\",\"name\":\"Blument\u00f6pfe f\u00fcr drau\u00dfen in anthrazit unsere Model Elena\",\"isPartOf\":{\"@id\":\"https:\\\/\\\/worldofflowerpots.com\\\/#website\"},\"primaryImageOfPage\":{\"@id\":\"https:\\\/\\\/worldofflowerpots.com\\\/sklep\\\/blumentoepfe-fuer-draussen-anthrazit\\\/#primaryimage\"},\"image\":{\"@id\":\"https:\\\/\\\/worldofflowerpots.com\\\/sklep\\\/blumentoepfe-fuer-draussen-anthrazit\\\/#primaryimage\"},\"thumbnailUrl\":\"https:\\\/\\\/worldofflowerpots.com\\\/wp-content\\\/uploads\\\/2019\\\/03\\\/blument\u00f6pfe-f\u00fcr-drau\u00dfen-anthrazit-Elena.jpg\",\"datePublished\":\"2019-03-14T10:54:41+00:00\",\"dateModified\":\"2019-04-16T08:02:38+00:00\",\"description\":\"Blument\u00f6pfe f\u00fcr drau\u00dfen in anthrazit eignen sich exzellent f\u00fcr die Garten- und Terrasse.Das Material mit der Quarzstein-Oberfl\u00e4che sichert Ihren Pflanzen.\",\"breadcrumb\":{\"@id\":\"https:\\\/\\\/worldofflowerpots.com\\\/sklep\\\/blumentoepfe-fuer-draussen-anthrazit\\\/#breadcrumb\"},\"inLanguage\":\"de\",\"potentialAction\":[{\"@type\":\"ReadAction\",\"target\":[\"https:\\\/\\\/worldofflowerpots.com\\\/sklep\\\/blumentoepfe-fuer-draussen-anthrazit\\\/\"]}]},{\"@type\":\"ImageObject\",\"inLanguage\":\"de\",\"@id\":\"https:\\\/\\\/worldofflowerpots.com\\\/sklep\\\/blumentoepfe-fuer-draussen-anthrazit\\\/#primaryimage\",\"url\":\"https:\\\/\\\/worldofflowerpots.com\\\/wp-content\\\/uploads\\\/2019\\\/03\\\/blument\u00f6pfe-f\u00fcr-drau\u00dfen-anthrazit-Elena.jpg\",\"contentUrl\":\"https:\\\/\\\/worldofflowerpots.com\\\/wp-content\\\/uploads\\\/2019\\\/03\\\/blument\u00f6pfe-f\u00fcr-drau\u00dfen-anthrazit-Elena.jpg\",\"width\":2280,\"height\":1612},{\"@type\":\"BreadcrumbList\",\"@id\":\"https:\\\/\\\/worldofflowerpots.com\\\/sklep\\\/blumentoepfe-fuer-draussen-anthrazit\\\/#breadcrumb\",\"itemListElement\":[{\"@type\":\"ListItem\",\"position\":1,\"name\":\"Strona g\u0142\u00f3wna\",\"item\":\"https:\\\/\\\/worldofflowerpots.com\\\/blumenkuebel-grosse-auswahl\\\/\"},{\"@type\":\"ListItem\",\"position\":2,\"name\":\"Shop\",\"item\":\"https:\\\/\\\/worldofflowerpots.com\\\/sortiment\\\/\"},{\"@type\":\"ListItem\",\"position\":3,\"name\":\"Blument\u00f6pfe f\u00fcr drau\u00dfen in anthrazit Model Elena\"}]},{\"@type\":\"WebSite\",\"@id\":\"https:\\\/\\\/worldofflowerpots.com\\\/#website\",\"url\":\"https:\\\/\\\/worldofflowerpots.com\\\/\",\"name\":\"Blumenk\u00fcbel World of Flowerpots\",\"description\":\"Pflanzk\u00fcbel beton, blumentr\u00f6ge, blumenk\u00fcbel gro\u00df, cortenstahl, fiberglas\",\"potentialAction\":[{\"@type\":\"SearchAction\",\"target\":{\"@type\":\"EntryPoint\",\"urlTemplate\":\"https:\\\/\\\/worldofflowerpots.com\\\/?s={search_term_string}\"},\"query-input\":{\"@type\":\"PropertyValueSpecification\",\"valueRequired\":true,\"valueName\":\"search_term_string\"}}],\"inLanguage\":\"de\"}]}<\/script>\n<!-- \/ Yoast SEO plugin. -->","yoast_head_json":{"title":"Blument\u00f6pfe f\u00fcr drau\u00dfen in anthrazit unsere Model Elena","description":"Blument\u00f6pfe f\u00fcr drau\u00dfen in anthrazit eignen sich exzellent f\u00fcr die Garten- und Terrasse.Das Material mit der Quarzstein-Oberfl\u00e4che sichert Ihren Pflanzen.","robots":{"index":"index","follow":"follow","max-snippet":"max-snippet:-1","max-image-preview":"max-image-preview:large","max-video-preview":"max-video-preview:-1"},"canonical":"https:\/\/worldofflowerpots.com\/sklep\/blumentoepfe-fuer-draussen-anthrazit\/","og_locale":"de_DE","og_type":"article","og_title":"Blument\u00f6pfe f\u00fcr drau\u00dfen in anthrazit unsere Model Elena","og_description":"Blument\u00f6pfe f\u00fcr drau\u00dfen in anthrazit eignen sich exzellent f\u00fcr die Garten- und Terrasse.Das Material mit der Quarzstein-Oberfl\u00e4che sichert Ihren Pflanzen.","og_url":"https:\/\/worldofflowerpots.com\/sklep\/blumentoepfe-fuer-draussen-anthrazit\/","og_site_name":"Blumenk\u00fcbel World of Flowerpots","article_modified_time":"2019-04-16T08:02:38+00:00","og_image":[{"width":2280,"height":1612,"url":"https:\/\/worldofflowerpots.com\/wp-content\/uploads\/2019\/03\/blument\u00f6pfe-f\u00fcr-drau\u00dfen-anthrazit-Elena.jpg","type":"image\/jpeg"}],"twitter_card":"summary_large_image","twitter_misc":{"Gesch\u00e4tzte Lesezeit":"2\u00a0Minuten"},"schema":{"@context":"https:\/\/schema.org","@graph":[{"@type":"WebPage","@id":"https:\/\/worldofflowerpots.com\/sklep\/blumentoepfe-fuer-draussen-anthrazit\/","url":"https:\/\/worldofflowerpots.com\/sklep\/blumentoepfe-fuer-draussen-anthrazit\/","name":"Blument\u00f6pfe f\u00fcr drau\u00dfen in anthrazit unsere Model Elena","isPartOf":{"@id":"https:\/\/worldofflowerpots.com\/#website"},"primaryImageOfPage":{"@id":"https:\/\/worldofflowerpots.com\/sklep\/blumentoepfe-fuer-draussen-anthrazit\/#primaryimage"},"image":{"@id":"https:\/\/worldofflowerpots.com\/sklep\/blumentoepfe-fuer-draussen-anthrazit\/#primaryimage"},"thumbnailUrl":"https:\/\/worldofflowerpots.com\/wp-content\/uploads\/2019\/03\/blument\u00f6pfe-f\u00fcr-drau\u00dfen-anthrazit-Elena.jpg","datePublished":"2019-03-14T10:54:41+00:00","dateModified":"2019-04-16T08:02:38+00:00","description":"Blument\u00f6pfe f\u00fcr drau\u00dfen in anthrazit eignen sich exzellent f\u00fcr die Garten- und Terrasse.Das Material mit der Quarzstein-Oberfl\u00e4che sichert Ihren Pflanzen.","breadcrumb":{"@id":"https:\/\/worldofflowerpots.com\/sklep\/blumentoepfe-fuer-draussen-anthrazit\/#breadcrumb"},"inLanguage":"de","potentialAction":[{"@type":"ReadAction","target":["https:\/\/worldofflowerpots.com\/sklep\/blumentoepfe-fuer-draussen-anthrazit\/"]}]},{"@type":"ImageObject","inLanguage":"de","@id":"https:\/\/worldofflowerpots.com\/sklep\/blumentoepfe-fuer-draussen-anthrazit\/#primaryimage","url":"https:\/\/worldofflowerpots.com\/wp-content\/uploads\/2019\/03\/blument\u00f6pfe-f\u00fcr-drau\u00dfen-anthrazit-Elena.jpg","contentUrl":"https:\/\/worldofflowerpots.com\/wp-content\/uploads\/2019\/03\/blument\u00f6pfe-f\u00fcr-drau\u00dfen-anthrazit-Elena.jpg","width":2280,"height":1612},{"@type":"BreadcrumbList","@id":"https:\/\/worldofflowerpots.com\/sklep\/blumentoepfe-fuer-draussen-anthrazit\/#breadcrumb","itemListElement":[{"@type":"ListItem","position":1,"name":"Strona g\u0142\u00f3wna","item":"https:\/\/worldofflowerpots.com\/blumenkuebel-grosse-auswahl\/"},{"@type":"ListItem","position":2,"name":"Shop","item":"https:\/\/worldofflowerpots.com\/sortiment\/"},{"@type":"ListItem","position":3,"name":"Blument\u00f6pfe f\u00fcr drau\u00dfen in anthrazit Model Elena"}]},{"@type":"WebSite","@id":"https:\/\/worldofflowerpots.com\/#website","url":"https:\/\/worldofflowerpots.com\/","name":"Blumenk\u00fcbel World of Flowerpots","description":"Pflanzk\u00fcbel beton, blumentr\u00f6ge, blumenk\u00fcbel gro\u00df, cortenstahl, fiberglas","potentialAction":[{"@type":"SearchAction","target":{"@type":"EntryPoint","urlTemplate":"https:\/\/worldofflowerpots.com\/?s={search_term_string}"},"query-input":{"@type":"PropertyValueSpecification","valueRequired":true,"valueName":"search_term_string"}}],"inLanguage":"de"}]}},"_links":{"self":[{"href":"https:\/\/worldofflowerpots.com\/de\/wp-json\/wp\/v2\/product\/55709","targetHints":{"allow":["GET"]}}],"collection":[{"href":"https:\/\/worldofflowerpots.com\/de\/wp-json\/wp\/v2\/product"}],"about":[{"href":"https:\/\/worldofflowerpots.com\/de\/wp-json\/wp\/v2\/types\/product"}],"wp:featuredmedia":[{"embeddable":true,"href":"https:\/\/worldofflowerpots.com\/de\/wp-json\/wp\/v2\/media\/59395"}],"wp:attachment":[{"href":"https:\/\/worldofflowerpots.com\/de\/wp-json\/wp\/v2\/media?parent=55709"}],"wp:term":[{"taxonomy":"product_brand","embeddable":true,"href":"https:\/\/worldofflowerpots.com\/de\/wp-json\/wp\/v2\/product_brand?post=55709"},{"taxonomy":"product_cat","embeddable":true,"href":"https:\/\/worldofflowerpots.com\/de\/wp-json\/wp\/v2\/product_cat?post=55709"},{"taxonomy":"product_tag","embeddable":true,"href":"https:\/\/worldofflowerpots.com\/de\/wp-json\/wp\/v2\/product_tag?post=55709"}],"curies":[{"name":"wp","href":"https:\/\/api.w.org\/{rel}","templated":true}]}}