{"id":55748,"date":"2019-03-13T13:28:07","date_gmt":"2019-03-13T12:28:07","guid":{"rendered":"https:\/\/worldofflowerpots.com\/sklep\/manuel\/"},"modified":"2019-04-18T11:12:19","modified_gmt":"2019-04-18T09:12:19","slug":"blumenkuebel-fiberglas-grau-manuel","status":"publish","type":"product","link":"https:\/\/worldofflowerpots.com\/de\/sortiment\/blumenkuebel-fiberglas-grau-manuel\/","title":{"rendered":"Blumenk\u00fcbel aus Fiberglas in grau: das Modell &#8222;Manuel&#8220;"},"content":{"rendered":"<p>Sie suchen einen robusten und formsch\u00f6nen Pflanzk\u00fcbel aus Betonoptik? dann ist der Blumenk\u00fcbel aus Fiberglas in grau, das Modell &#8222;Manuel&#8220; genau perfekt f\u00fcr Sie. Das Modell &#8222;Manuel&#8220; ist aus der Serie &#8222;Stone&#8220; und diese wird Sie durch die Robustheit und Stabilit\u00e4t begeistern. Der Kern ist aus GFK und au\u00dfen ist der Blumenk\u00fcbel Fiberglas grau aus Quarz. Auf dem Pflanzk\u00fcbel &#8222;Manuel&#8220; wird bei der Herstellung das Material \u00e4hnlich wie Putz auf eine Fassade aufgetragen. Das Modell &#8222;Manuel&#8220; ist Ihr Begleiter, wenn es um einen formsch\u00f6nen Pflanzk\u00fcbel in Betonoptik geht.<\/p>\n<h3>Langlebig und formsch\u00f6n!<\/h3>\n<p>In seiner quadratischen Form ist der Pflanzk\u00fcbel &#8222;Manuel&#8220; besonders formsch\u00f6n und schlicht. Die robuste Oberfl\u00e4che garantiert Ihnen Langlebigkeit. Der Blumenk\u00fcbel aus Fiberglas in grau kann auch in der von Ihnen gew\u00fcnschten Fassadenfarbe gestrichen und somit an Ihr Haus oder Ihre Gartenwand farblich angepasst werden. So passt sich der Pflanzk\u00fcbel in Betonoptik an Ihre individuelle Umgebung an. Der Kern ist aus Fiberglas und die Oberfl\u00e4che aus stabilem Quarz-Stein, dadurch ist die Stabilit\u00e4t garantiert. Sie k\u00f6nnen den Pflanzk\u00fcbel in den Farben grau, wei\u00df, schwarz und in zwei verschiedenen Braunt\u00f6nen kaufen.<\/p>\n<h3>Weitere Vorteile der Pflanzk\u00fcbel in Betonoptik<\/h3>\n<p>Der Pflanztrog &#8222;Manuel&#8220; wiegt 15 Kilogramm und hat die Ma\u00dfe Breite 300 mm, H\u00f6he 800 mm und L\u00e4nge 1000 mm. Er ist au\u00dferdem UV-resistent und damit perfekt f\u00fcr den Outdoor Bereich geeignet. Das quadratische, stabile und robuste Modell ist zudem wetterfest und bereitet Ihnen somit lange Freude in Ihrem Garten. Sorgen Sie f\u00fcr einen Wasserablauf, dann ist eine Forstbest\u00e4ndigkeit im Winter au\u00dferdem garantiert.<\/p>\n<h3>Perfekt f\u00fcr Ihre individuellen Gegebenheiten: der Betonpflanzk\u00fcbel &#8222;Manuel&#8220;<\/h3>\n<p>Der Pflanzk\u00fcbel passt sich Ihren individuellen Gegebenheiten im Garten, am Haus oder vor der Garage an. Sie k\u00f6nnen den Pflanztrog auch in gewerblichen R\u00e4umen wie beispielsweise im Empfangsbereich oder im B\u00fcro einsetzen. Durch die klassische Form passt sich der Pflanzk\u00fcbel an die jeweilige Umgebung perfekt an.<\/p>\n","protected":false},"excerpt":{"rendered":"<p>Material: Kern Fiberglas Oberfl\u00e4che Quarz- Stein<br \/>\nFarben: wei\u00df, grau, schwarz und 2 braune Farbt\u00f6ne<br \/>\nUV-resistent<\/p>\n<p>Gewicht: 15 kg<br \/>\nAbmessungen: B300mm H800mm L1000mm<br \/>\nWetterfest<\/p>\n<p>Robust und Stabil<br \/>\nFrostbest\u00e4ndig bei gew\u00e4hrleistetem Wasserablauf<\/p>\n","protected":false},"featured_media":59478,"template":"","meta":{"_acf_changed":false},"product_brand":[],"product_cat":[386],"product_tag":[],"class_list":{"0":"post-55748","1":"product","2":"type-product","3":"status-publish","4":"has-post-thumbnail","6":"product_cat-pflanzkuebel-fiberglas-stone","7":"description-off","8":"tm-has-options","10":"first","11":"instock","12":"shipping-taxable","13":"purchasable","14":"product-type-simple"},"acf":[],"yoast_head":"<!-- This site is optimized with the Yoast SEO plugin v27.5 - https:\/\/yoast.com\/product\/yoast-seo-wordpress\/ -->\n<title>Blumenk\u00fcbel Fiberglas grau mit robiste Quarz Oberfl\u00e4che<\/title>\n<meta name=\"description\" content=\"Der Blumenk\u00fcbel aus Fiberglas in grau kann auch in der von Ihnen gew\u00fcnschten Fassadenfarbe gestrichen und somit an Ihr Haus farblich angepasst werden.\" \/>\n<meta name=\"robots\" content=\"index, follow, max-snippet:-1, max-image-preview:large, max-video-preview:-1\" \/>\n<link rel=\"canonical\" href=\"https:\/\/worldofflowerpots.com\/sklep\/blumenkuebel-fiberglas-grau-manuel\/\" \/>\n<meta property=\"og:locale\" content=\"de_DE\" \/>\n<meta property=\"og:type\" content=\"article\" \/>\n<meta property=\"og:title\" content=\"Blumenk\u00fcbel Fiberglas grau mit robiste Quarz Oberfl\u00e4che\" \/>\n<meta property=\"og:description\" content=\"Der Blumenk\u00fcbel aus Fiberglas in grau kann auch in der von Ihnen gew\u00fcnschten Fassadenfarbe gestrichen und somit an Ihr Haus farblich angepasst werden.\" \/>\n<meta property=\"og:url\" content=\"https:\/\/worldofflowerpots.com\/sklep\/blumenkuebel-fiberglas-grau-manuel\/\" \/>\n<meta property=\"og:site_name\" content=\"Blumenk\u00fcbel World of Flowerpots\" \/>\n<meta property=\"article:modified_time\" content=\"2019-04-18T09:12:19+00:00\" \/>\n<meta property=\"og:image\" content=\"https:\/\/worldofflowerpots.com\/wp-content\/uploads\/2019\/03\/blumenk\u00fcbel-fiberglas-grau-Manuel.jpg\" \/>\n\t<meta property=\"og:image:width\" content=\"2280\" \/>\n\t<meta property=\"og:image:height\" content=\"1612\" \/>\n\t<meta property=\"og:image:type\" content=\"image\/jpeg\" \/>\n<meta name=\"twitter:card\" content=\"summary_large_image\" \/>\n<meta name=\"twitter:label1\" content=\"Gesch\u00e4tzte Lesezeit\" \/>\n\t<meta name=\"twitter:data1\" content=\"2\u00a0Minuten\" \/>\n<script type=\"application\/ld+json\" class=\"yoast-schema-graph\">{\"@context\":\"https:\\\/\\\/schema.org\",\"@graph\":[{\"@type\":\"WebPage\",\"@id\":\"https:\\\/\\\/worldofflowerpots.com\\\/sklep\\\/blumenkuebel-fiberglas-grau-manuel\\\/\",\"url\":\"https:\\\/\\\/worldofflowerpots.com\\\/sklep\\\/blumenkuebel-fiberglas-grau-manuel\\\/\",\"name\":\"Blumenk\u00fcbel Fiberglas grau mit robiste Quarz Oberfl\u00e4che\",\"isPartOf\":{\"@id\":\"https:\\\/\\\/worldofflowerpots.com\\\/#website\"},\"primaryImageOfPage\":{\"@id\":\"https:\\\/\\\/worldofflowerpots.com\\\/sklep\\\/blumenkuebel-fiberglas-grau-manuel\\\/#primaryimage\"},\"image\":{\"@id\":\"https:\\\/\\\/worldofflowerpots.com\\\/sklep\\\/blumenkuebel-fiberglas-grau-manuel\\\/#primaryimage\"},\"thumbnailUrl\":\"https:\\\/\\\/worldofflowerpots.com\\\/wp-content\\\/uploads\\\/2019\\\/03\\\/blumenk\u00fcbel-fiberglas-grau-Manuel.jpg\",\"datePublished\":\"2019-03-13T12:28:07+00:00\",\"dateModified\":\"2019-04-18T09:12:19+00:00\",\"description\":\"Der Blumenk\u00fcbel aus Fiberglas in grau kann auch in der von Ihnen gew\u00fcnschten Fassadenfarbe gestrichen und somit an Ihr Haus farblich angepasst werden.\",\"breadcrumb\":{\"@id\":\"https:\\\/\\\/worldofflowerpots.com\\\/sklep\\\/blumenkuebel-fiberglas-grau-manuel\\\/#breadcrumb\"},\"inLanguage\":\"de\",\"potentialAction\":[{\"@type\":\"ReadAction\",\"target\":[\"https:\\\/\\\/worldofflowerpots.com\\\/sklep\\\/blumenkuebel-fiberglas-grau-manuel\\\/\"]}]},{\"@type\":\"ImageObject\",\"inLanguage\":\"de\",\"@id\":\"https:\\\/\\\/worldofflowerpots.com\\\/sklep\\\/blumenkuebel-fiberglas-grau-manuel\\\/#primaryimage\",\"url\":\"https:\\\/\\\/worldofflowerpots.com\\\/wp-content\\\/uploads\\\/2019\\\/03\\\/blumenk\u00fcbel-fiberglas-grau-Manuel.jpg\",\"contentUrl\":\"https:\\\/\\\/worldofflowerpots.com\\\/wp-content\\\/uploads\\\/2019\\\/03\\\/blumenk\u00fcbel-fiberglas-grau-Manuel.jpg\",\"width\":2280,\"height\":1612},{\"@type\":\"BreadcrumbList\",\"@id\":\"https:\\\/\\\/worldofflowerpots.com\\\/sklep\\\/blumenkuebel-fiberglas-grau-manuel\\\/#breadcrumb\",\"itemListElement\":[{\"@type\":\"ListItem\",\"position\":1,\"name\":\"Strona g\u0142\u00f3wna\",\"item\":\"https:\\\/\\\/worldofflowerpots.com\\\/blumenkuebel-grosse-auswahl\\\/\"},{\"@type\":\"ListItem\",\"position\":2,\"name\":\"Shop\",\"item\":\"https:\\\/\\\/worldofflowerpots.com\\\/sortiment\\\/\"},{\"@type\":\"ListItem\",\"position\":3,\"name\":\"Blumenk\u00fcbel aus Fiberglas in grau: das Modell &#8220;Manuel&#8221;\"}]},{\"@type\":\"WebSite\",\"@id\":\"https:\\\/\\\/worldofflowerpots.com\\\/#website\",\"url\":\"https:\\\/\\\/worldofflowerpots.com\\\/\",\"name\":\"Blumenk\u00fcbel World of Flowerpots\",\"description\":\"Pflanzk\u00fcbel beton, blumentr\u00f6ge, blumenk\u00fcbel gro\u00df, cortenstahl, fiberglas\",\"potentialAction\":[{\"@type\":\"SearchAction\",\"target\":{\"@type\":\"EntryPoint\",\"urlTemplate\":\"https:\\\/\\\/worldofflowerpots.com\\\/?s={search_term_string}\"},\"query-input\":{\"@type\":\"PropertyValueSpecification\",\"valueRequired\":true,\"valueName\":\"search_term_string\"}}],\"inLanguage\":\"de\"}]}<\/script>\n<!-- \/ Yoast SEO plugin. -->","yoast_head_json":{"title":"Blumenk\u00fcbel Fiberglas grau mit robiste Quarz Oberfl\u00e4che","description":"Der Blumenk\u00fcbel aus Fiberglas in grau kann auch in der von Ihnen gew\u00fcnschten Fassadenfarbe gestrichen und somit an Ihr Haus farblich angepasst werden.","robots":{"index":"index","follow":"follow","max-snippet":"max-snippet:-1","max-image-preview":"max-image-preview:large","max-video-preview":"max-video-preview:-1"},"canonical":"https:\/\/worldofflowerpots.com\/sklep\/blumenkuebel-fiberglas-grau-manuel\/","og_locale":"de_DE","og_type":"article","og_title":"Blumenk\u00fcbel Fiberglas grau mit robiste Quarz Oberfl\u00e4che","og_description":"Der Blumenk\u00fcbel aus Fiberglas in grau kann auch in der von Ihnen gew\u00fcnschten Fassadenfarbe gestrichen und somit an Ihr Haus farblich angepasst werden.","og_url":"https:\/\/worldofflowerpots.com\/sklep\/blumenkuebel-fiberglas-grau-manuel\/","og_site_name":"Blumenk\u00fcbel World of Flowerpots","article_modified_time":"2019-04-18T09:12:19+00:00","og_image":[{"width":2280,"height":1612,"url":"https:\/\/worldofflowerpots.com\/wp-content\/uploads\/2019\/03\/blumenk\u00fcbel-fiberglas-grau-Manuel.jpg","type":"image\/jpeg"}],"twitter_card":"summary_large_image","twitter_misc":{"Gesch\u00e4tzte Lesezeit":"2\u00a0Minuten"},"schema":{"@context":"https:\/\/schema.org","@graph":[{"@type":"WebPage","@id":"https:\/\/worldofflowerpots.com\/sklep\/blumenkuebel-fiberglas-grau-manuel\/","url":"https:\/\/worldofflowerpots.com\/sklep\/blumenkuebel-fiberglas-grau-manuel\/","name":"Blumenk\u00fcbel Fiberglas grau mit robiste Quarz Oberfl\u00e4che","isPartOf":{"@id":"https:\/\/worldofflowerpots.com\/#website"},"primaryImageOfPage":{"@id":"https:\/\/worldofflowerpots.com\/sklep\/blumenkuebel-fiberglas-grau-manuel\/#primaryimage"},"image":{"@id":"https:\/\/worldofflowerpots.com\/sklep\/blumenkuebel-fiberglas-grau-manuel\/#primaryimage"},"thumbnailUrl":"https:\/\/worldofflowerpots.com\/wp-content\/uploads\/2019\/03\/blumenk\u00fcbel-fiberglas-grau-Manuel.jpg","datePublished":"2019-03-13T12:28:07+00:00","dateModified":"2019-04-18T09:12:19+00:00","description":"Der Blumenk\u00fcbel aus Fiberglas in grau kann auch in der von Ihnen gew\u00fcnschten Fassadenfarbe gestrichen und somit an Ihr Haus farblich angepasst werden.","breadcrumb":{"@id":"https:\/\/worldofflowerpots.com\/sklep\/blumenkuebel-fiberglas-grau-manuel\/#breadcrumb"},"inLanguage":"de","potentialAction":[{"@type":"ReadAction","target":["https:\/\/worldofflowerpots.com\/sklep\/blumenkuebel-fiberglas-grau-manuel\/"]}]},{"@type":"ImageObject","inLanguage":"de","@id":"https:\/\/worldofflowerpots.com\/sklep\/blumenkuebel-fiberglas-grau-manuel\/#primaryimage","url":"https:\/\/worldofflowerpots.com\/wp-content\/uploads\/2019\/03\/blumenk\u00fcbel-fiberglas-grau-Manuel.jpg","contentUrl":"https:\/\/worldofflowerpots.com\/wp-content\/uploads\/2019\/03\/blumenk\u00fcbel-fiberglas-grau-Manuel.jpg","width":2280,"height":1612},{"@type":"BreadcrumbList","@id":"https:\/\/worldofflowerpots.com\/sklep\/blumenkuebel-fiberglas-grau-manuel\/#breadcrumb","itemListElement":[{"@type":"ListItem","position":1,"name":"Strona g\u0142\u00f3wna","item":"https:\/\/worldofflowerpots.com\/blumenkuebel-grosse-auswahl\/"},{"@type":"ListItem","position":2,"name":"Shop","item":"https:\/\/worldofflowerpots.com\/sortiment\/"},{"@type":"ListItem","position":3,"name":"Blumenk\u00fcbel aus Fiberglas in grau: das Modell &#8220;Manuel&#8221;"}]},{"@type":"WebSite","@id":"https:\/\/worldofflowerpots.com\/#website","url":"https:\/\/worldofflowerpots.com\/","name":"Blumenk\u00fcbel World of Flowerpots","description":"Pflanzk\u00fcbel beton, blumentr\u00f6ge, blumenk\u00fcbel gro\u00df, cortenstahl, fiberglas","potentialAction":[{"@type":"SearchAction","target":{"@type":"EntryPoint","urlTemplate":"https:\/\/worldofflowerpots.com\/?s={search_term_string}"},"query-input":{"@type":"PropertyValueSpecification","valueRequired":true,"valueName":"search_term_string"}}],"inLanguage":"de"}]}},"_links":{"self":[{"href":"https:\/\/worldofflowerpots.com\/de\/wp-json\/wp\/v2\/product\/55748","targetHints":{"allow":["GET"]}}],"collection":[{"href":"https:\/\/worldofflowerpots.com\/de\/wp-json\/wp\/v2\/product"}],"about":[{"href":"https:\/\/worldofflowerpots.com\/de\/wp-json\/wp\/v2\/types\/product"}],"wp:featuredmedia":[{"embeddable":true,"href":"https:\/\/worldofflowerpots.com\/de\/wp-json\/wp\/v2\/media\/59478"}],"wp:attachment":[{"href":"https:\/\/worldofflowerpots.com\/de\/wp-json\/wp\/v2\/media?parent=55748"}],"wp:term":[{"taxonomy":"product_brand","embeddable":true,"href":"https:\/\/worldofflowerpots.com\/de\/wp-json\/wp\/v2\/product_brand?post=55748"},{"taxonomy":"product_cat","embeddable":true,"href":"https:\/\/worldofflowerpots.com\/de\/wp-json\/wp\/v2\/product_cat?post=55748"},{"taxonomy":"product_tag","embeddable":true,"href":"https:\/\/worldofflowerpots.com\/de\/wp-json\/wp\/v2\/product_tag?post=55748"}],"curies":[{"name":"wp","href":"https:\/\/api.w.org\/{rel}","templated":true}]}}