{"id":55749,"date":"2019-03-13T13:43:55","date_gmt":"2019-03-13T12:43:55","guid":{"rendered":"https:\/\/worldofflowerpots.com\/sklep\/lorenzo\/"},"modified":"2019-04-17T21:41:39","modified_gmt":"2019-04-17T19:41:39","slug":"pflanzkuebel-fiberglas-in-betonoptik-lorenzo","status":"publish","type":"product","link":"https:\/\/worldofflowerpots.com\/de\/sortiment\/pflanzkuebel-fiberglas-in-betonoptik-lorenzo\/","title":{"rendered":"Pflanzk\u00fcbel fiberglas betonoptik Model Lorenzo"},"content":{"rendered":"<h3>Modern, stylish und funktional &#8211; den Pflanzk\u00fcbel Lorenzo g\u00fcnstig online bestellen<\/h3>\n<div>\n<p class=\"preview\">Lorenzo, der hochwertige Pflanzk\u00fcbel aus Fiberglas ist mit seiner Betonoptik ein wundersch\u00f6ner Blickfang auf Terrassen, Balkonen, in G\u00e4rten und Innenr\u00e4umen! Das sch\u00f6ne Wohnaccessoire gef\u00e4llt mit seinem \u00e4u\u00dferst geradlinigen Design, das schn\u00f6rkellos und schlicht daher kommt. Hier dominiert eine geometrische Linienf\u00fchrung, die den Pflanzk\u00fcbel in Betonoptikbesonders vielseitig kombinierbar macht. Er harmoniert zu de unterschiedlichsten Einrichtungsstilen und kann mit einer Oberfl\u00e4chengestaltung Ihrer Wahl bestellt werden!<\/p>\n<h3>Moderner Look, Wetterfestigkeit und Funktionalit\u00e4t gehen Hand in Hand<\/h3>\n<p>Lorenzo besitzt einen stabilen Kern aus Fiberglas und eine robuste Oberfl\u00e4che aus Quarz-Stein. Hierbei k\u00f6nnen Sie den Pflanzk\u00fcbel in Betonoptik in etlichen modernen Farben kaufen. Suchen Sie einen wei\u00dfen, grauen, schwarzen oder braunen Blumentopf f\u00fcr Ihre Terrasse? Zudem pr\u00e4sentieren wir Ihnen den Pflanzk\u00fcbel aus Fiberglas in Betonoptik mit unterschiedlichen Oberfl\u00e4chen-Strukturen, die sehr dekorativ und stylish wirken. Damit der Blumenk\u00fcbel das ganze Jahr \u00fcber im Freien stehen kann, ohne Schaden zu nehmen, ist sein Material besonders witterungs-, frost- und UV-best\u00e4ndig. Zudem ist Lorenzo atmungsaktiv, sodass sich Wurzeln, Blattwerk und Bl\u00fcten pr\u00e4chtig entwickeln k\u00f6nnen. Nicht zuletzt verf\u00fcgt das Wohnaccessoire \u00fcber praktische Ma\u00dfe mit einer Breite von 250mm, einer H\u00f6he von 800mm und einer L\u00e4nge von 900mm.<\/p>\n<h3>Eine herrlich begr\u00fcnte Umgebung mit Lorenzo schaffen<\/h3>\n<p>Nutzen Sie diesen attraktiven Pflanzk\u00fcbel aus Fiberglas in Betonoptik, um alle Ihre Lieblingspflanzen darin zu pr\u00e4sentieren! Lorenzo kann zum Beispiel mit Sukkulenten, Kakteen und anderen W\u00fcstenpflanzen best\u00fcckt werden. So schaffen Sie eine Erinnerung an Urlaub in sonnige Regionen dieser Erde! M\u00f6chten Sie den Pflanzk\u00fcbel in Betonoptik mit jahreszeitlichen Gestaltungen bepflanzen? Dann w\u00e4hlen Sie im Fr\u00fchling bunte Tulpen, strahlende Narzissen und duftende Hyazinthen! Im Sommer hingegen macht sich ein Miniatur-Rosenst\u00f6ckchen sehr gut in dem Blumenk\u00fcbel. Herbstliche Arrangements umfassen zum Beispiel Heidekraut, Zierkohl, Herbstastern oder die Strauchveronika. In der Vorweihnachtszeit kann der Pflanzk\u00fcbel aus Fiberglas in Betonoptik super f\u00fcr ein Gesteck mit Tannenzweigen, Stechpalme und schimmernden Glaskugeln verwendet werden. Haben Sie sich in diesem erstklassigen Pflanzk\u00fcbel in Betonoptik verliebt? Dann bestellen Sie das sch\u00f6ne Teil noch heute mit wenigen Klicks!<\/p>\n<\/div>\n","protected":false},"excerpt":{"rendered":"<p>Material: Kern Fiberglas Oberfl\u00e4che Quarz- Stein<br \/>\nFarben: wei\u00df, grau, schwarz und 2 braune Farbt\u00f6ne<br \/>\nUV-resistent<\/p>\n<p>Gewicht: 19 kg<br \/>\nAbmessungen: B250mm H800mm L900mm<br \/>\nWetterfest<\/p>\n<p>Robust und Stabil<br \/>\nFrostbest\u00e4ndig bei gew\u00e4hrleistetem Wasserablauf<\/p>\n","protected":false},"featured_media":59355,"template":"","meta":{"_acf_changed":false},"product_brand":[],"product_cat":[386],"product_tag":[],"class_list":{"0":"post-55749","1":"product","2":"type-product","3":"status-publish","4":"has-post-thumbnail","6":"product_cat-pflanzkuebel-fiberglas-stone","7":"description-off","8":"tm-has-options","10":"first","11":"instock","12":"shipping-taxable","13":"purchasable","14":"product-type-simple"},"acf":[],"yoast_head":"<!-- This site is optimized with the Yoast SEO plugin v27.5 - https:\/\/yoast.com\/product\/yoast-seo-wordpress\/ -->\n<title>Pflanzk\u00fcbel Fiberglas in Betonoptik im Kern Glasfaserverst\u00e4rkter Kunststoff<\/title>\n<meta name=\"description\" content=\"Quarz verleiht dem Pflanzk\u00fcbel in Betonoptik eine sehr robuste und wetterfeste Oberfl\u00e4che sehr widerstandsf\u00e4hig gegen UV-Strahlung\" \/>\n<meta name=\"robots\" content=\"index, follow, max-snippet:-1, max-image-preview:large, max-video-preview:-1\" \/>\n<link rel=\"canonical\" href=\"https:\/\/worldofflowerpots.com\/sklep\/pflanzkuebel-fiberglas-in-betonoptik-lorenzo\/\" \/>\n<meta property=\"og:locale\" content=\"de_DE\" \/>\n<meta property=\"og:type\" content=\"article\" \/>\n<meta property=\"og:title\" content=\"Pflanzk\u00fcbel Fiberglas in Betonoptik im Kern Glasfaserverst\u00e4rkter Kunststoff\" \/>\n<meta property=\"og:description\" content=\"Quarz verleiht dem Pflanzk\u00fcbel in Betonoptik eine sehr robuste und wetterfeste Oberfl\u00e4che sehr widerstandsf\u00e4hig gegen UV-Strahlung\" \/>\n<meta property=\"og:url\" content=\"https:\/\/worldofflowerpots.com\/sklep\/pflanzkuebel-fiberglas-in-betonoptik-lorenzo\/\" \/>\n<meta property=\"og:site_name\" content=\"Blumenk\u00fcbel World of Flowerpots\" \/>\n<meta property=\"article:modified_time\" content=\"2019-04-17T19:41:39+00:00\" \/>\n<meta property=\"og:image\" content=\"https:\/\/worldofflowerpots.com\/wp-content\/uploads\/2019\/03\/pflanzk\u00fcbel-fiberglas-betonoptik-Lorenzo.jpg\" \/>\n\t<meta property=\"og:image:width\" content=\"2280\" \/>\n\t<meta property=\"og:image:height\" content=\"1612\" \/>\n\t<meta property=\"og:image:type\" content=\"image\/jpeg\" \/>\n<meta name=\"twitter:card\" content=\"summary_large_image\" \/>\n<meta name=\"twitter:label1\" content=\"Gesch\u00e4tzte Lesezeit\" \/>\n\t<meta name=\"twitter:data1\" content=\"2\u00a0Minuten\" \/>\n<script type=\"application\/ld+json\" class=\"yoast-schema-graph\">{\"@context\":\"https:\\\/\\\/schema.org\",\"@graph\":[{\"@type\":\"WebPage\",\"@id\":\"https:\\\/\\\/worldofflowerpots.com\\\/sklep\\\/pflanzkuebel-fiberglas-in-betonoptik-lorenzo\\\/\",\"url\":\"https:\\\/\\\/worldofflowerpots.com\\\/sklep\\\/pflanzkuebel-fiberglas-in-betonoptik-lorenzo\\\/\",\"name\":\"Pflanzk\u00fcbel Fiberglas in Betonoptik im Kern Glasfaserverst\u00e4rkter Kunststoff\",\"isPartOf\":{\"@id\":\"https:\\\/\\\/worldofflowerpots.com\\\/#website\"},\"primaryImageOfPage\":{\"@id\":\"https:\\\/\\\/worldofflowerpots.com\\\/sklep\\\/pflanzkuebel-fiberglas-in-betonoptik-lorenzo\\\/#primaryimage\"},\"image\":{\"@id\":\"https:\\\/\\\/worldofflowerpots.com\\\/sklep\\\/pflanzkuebel-fiberglas-in-betonoptik-lorenzo\\\/#primaryimage\"},\"thumbnailUrl\":\"https:\\\/\\\/worldofflowerpots.com\\\/wp-content\\\/uploads\\\/2019\\\/03\\\/pflanzk\u00fcbel-fiberglas-betonoptik-Lorenzo.jpg\",\"datePublished\":\"2019-03-13T12:43:55+00:00\",\"dateModified\":\"2019-04-17T19:41:39+00:00\",\"description\":\"Quarz verleiht dem Pflanzk\u00fcbel in Betonoptik eine sehr robuste und wetterfeste Oberfl\u00e4che sehr widerstandsf\u00e4hig gegen UV-Strahlung\",\"breadcrumb\":{\"@id\":\"https:\\\/\\\/worldofflowerpots.com\\\/sklep\\\/pflanzkuebel-fiberglas-in-betonoptik-lorenzo\\\/#breadcrumb\"},\"inLanguage\":\"de\",\"potentialAction\":[{\"@type\":\"ReadAction\",\"target\":[\"https:\\\/\\\/worldofflowerpots.com\\\/sklep\\\/pflanzkuebel-fiberglas-in-betonoptik-lorenzo\\\/\"]}]},{\"@type\":\"ImageObject\",\"inLanguage\":\"de\",\"@id\":\"https:\\\/\\\/worldofflowerpots.com\\\/sklep\\\/pflanzkuebel-fiberglas-in-betonoptik-lorenzo\\\/#primaryimage\",\"url\":\"https:\\\/\\\/worldofflowerpots.com\\\/wp-content\\\/uploads\\\/2019\\\/03\\\/pflanzk\u00fcbel-fiberglas-betonoptik-Lorenzo.jpg\",\"contentUrl\":\"https:\\\/\\\/worldofflowerpots.com\\\/wp-content\\\/uploads\\\/2019\\\/03\\\/pflanzk\u00fcbel-fiberglas-betonoptik-Lorenzo.jpg\",\"width\":2280,\"height\":1612},{\"@type\":\"BreadcrumbList\",\"@id\":\"https:\\\/\\\/worldofflowerpots.com\\\/sklep\\\/pflanzkuebel-fiberglas-in-betonoptik-lorenzo\\\/#breadcrumb\",\"itemListElement\":[{\"@type\":\"ListItem\",\"position\":1,\"name\":\"Strona g\u0142\u00f3wna\",\"item\":\"https:\\\/\\\/worldofflowerpots.com\\\/blumenkuebel-grosse-auswahl\\\/\"},{\"@type\":\"ListItem\",\"position\":2,\"name\":\"Shop\",\"item\":\"https:\\\/\\\/worldofflowerpots.com\\\/sortiment\\\/\"},{\"@type\":\"ListItem\",\"position\":3,\"name\":\"Pflanzk\u00fcbel fiberglas betonoptik Model Lorenzo\"}]},{\"@type\":\"WebSite\",\"@id\":\"https:\\\/\\\/worldofflowerpots.com\\\/#website\",\"url\":\"https:\\\/\\\/worldofflowerpots.com\\\/\",\"name\":\"Blumenk\u00fcbel World of Flowerpots\",\"description\":\"Pflanzk\u00fcbel beton, blumentr\u00f6ge, blumenk\u00fcbel gro\u00df, cortenstahl, fiberglas\",\"potentialAction\":[{\"@type\":\"SearchAction\",\"target\":{\"@type\":\"EntryPoint\",\"urlTemplate\":\"https:\\\/\\\/worldofflowerpots.com\\\/?s={search_term_string}\"},\"query-input\":{\"@type\":\"PropertyValueSpecification\",\"valueRequired\":true,\"valueName\":\"search_term_string\"}}],\"inLanguage\":\"de\"}]}<\/script>\n<!-- \/ Yoast SEO plugin. -->","yoast_head_json":{"title":"Pflanzk\u00fcbel Fiberglas in Betonoptik im Kern Glasfaserverst\u00e4rkter Kunststoff","description":"Quarz verleiht dem Pflanzk\u00fcbel in Betonoptik eine sehr robuste und wetterfeste Oberfl\u00e4che sehr widerstandsf\u00e4hig gegen UV-Strahlung","robots":{"index":"index","follow":"follow","max-snippet":"max-snippet:-1","max-image-preview":"max-image-preview:large","max-video-preview":"max-video-preview:-1"},"canonical":"https:\/\/worldofflowerpots.com\/sklep\/pflanzkuebel-fiberglas-in-betonoptik-lorenzo\/","og_locale":"de_DE","og_type":"article","og_title":"Pflanzk\u00fcbel Fiberglas in Betonoptik im Kern Glasfaserverst\u00e4rkter Kunststoff","og_description":"Quarz verleiht dem Pflanzk\u00fcbel in Betonoptik eine sehr robuste und wetterfeste Oberfl\u00e4che sehr widerstandsf\u00e4hig gegen UV-Strahlung","og_url":"https:\/\/worldofflowerpots.com\/sklep\/pflanzkuebel-fiberglas-in-betonoptik-lorenzo\/","og_site_name":"Blumenk\u00fcbel World of Flowerpots","article_modified_time":"2019-04-17T19:41:39+00:00","og_image":[{"width":2280,"height":1612,"url":"https:\/\/worldofflowerpots.com\/wp-content\/uploads\/2019\/03\/pflanzk\u00fcbel-fiberglas-betonoptik-Lorenzo.jpg","type":"image\/jpeg"}],"twitter_card":"summary_large_image","twitter_misc":{"Gesch\u00e4tzte Lesezeit":"2\u00a0Minuten"},"schema":{"@context":"https:\/\/schema.org","@graph":[{"@type":"WebPage","@id":"https:\/\/worldofflowerpots.com\/sklep\/pflanzkuebel-fiberglas-in-betonoptik-lorenzo\/","url":"https:\/\/worldofflowerpots.com\/sklep\/pflanzkuebel-fiberglas-in-betonoptik-lorenzo\/","name":"Pflanzk\u00fcbel Fiberglas in Betonoptik im Kern Glasfaserverst\u00e4rkter Kunststoff","isPartOf":{"@id":"https:\/\/worldofflowerpots.com\/#website"},"primaryImageOfPage":{"@id":"https:\/\/worldofflowerpots.com\/sklep\/pflanzkuebel-fiberglas-in-betonoptik-lorenzo\/#primaryimage"},"image":{"@id":"https:\/\/worldofflowerpots.com\/sklep\/pflanzkuebel-fiberglas-in-betonoptik-lorenzo\/#primaryimage"},"thumbnailUrl":"https:\/\/worldofflowerpots.com\/wp-content\/uploads\/2019\/03\/pflanzk\u00fcbel-fiberglas-betonoptik-Lorenzo.jpg","datePublished":"2019-03-13T12:43:55+00:00","dateModified":"2019-04-17T19:41:39+00:00","description":"Quarz verleiht dem Pflanzk\u00fcbel in Betonoptik eine sehr robuste und wetterfeste Oberfl\u00e4che sehr widerstandsf\u00e4hig gegen UV-Strahlung","breadcrumb":{"@id":"https:\/\/worldofflowerpots.com\/sklep\/pflanzkuebel-fiberglas-in-betonoptik-lorenzo\/#breadcrumb"},"inLanguage":"de","potentialAction":[{"@type":"ReadAction","target":["https:\/\/worldofflowerpots.com\/sklep\/pflanzkuebel-fiberglas-in-betonoptik-lorenzo\/"]}]},{"@type":"ImageObject","inLanguage":"de","@id":"https:\/\/worldofflowerpots.com\/sklep\/pflanzkuebel-fiberglas-in-betonoptik-lorenzo\/#primaryimage","url":"https:\/\/worldofflowerpots.com\/wp-content\/uploads\/2019\/03\/pflanzk\u00fcbel-fiberglas-betonoptik-Lorenzo.jpg","contentUrl":"https:\/\/worldofflowerpots.com\/wp-content\/uploads\/2019\/03\/pflanzk\u00fcbel-fiberglas-betonoptik-Lorenzo.jpg","width":2280,"height":1612},{"@type":"BreadcrumbList","@id":"https:\/\/worldofflowerpots.com\/sklep\/pflanzkuebel-fiberglas-in-betonoptik-lorenzo\/#breadcrumb","itemListElement":[{"@type":"ListItem","position":1,"name":"Strona g\u0142\u00f3wna","item":"https:\/\/worldofflowerpots.com\/blumenkuebel-grosse-auswahl\/"},{"@type":"ListItem","position":2,"name":"Shop","item":"https:\/\/worldofflowerpots.com\/sortiment\/"},{"@type":"ListItem","position":3,"name":"Pflanzk\u00fcbel fiberglas betonoptik Model Lorenzo"}]},{"@type":"WebSite","@id":"https:\/\/worldofflowerpots.com\/#website","url":"https:\/\/worldofflowerpots.com\/","name":"Blumenk\u00fcbel World of Flowerpots","description":"Pflanzk\u00fcbel beton, blumentr\u00f6ge, blumenk\u00fcbel gro\u00df, cortenstahl, fiberglas","potentialAction":[{"@type":"SearchAction","target":{"@type":"EntryPoint","urlTemplate":"https:\/\/worldofflowerpots.com\/?s={search_term_string}"},"query-input":{"@type":"PropertyValueSpecification","valueRequired":true,"valueName":"search_term_string"}}],"inLanguage":"de"}]}},"_links":{"self":[{"href":"https:\/\/worldofflowerpots.com\/de\/wp-json\/wp\/v2\/product\/55749","targetHints":{"allow":["GET"]}}],"collection":[{"href":"https:\/\/worldofflowerpots.com\/de\/wp-json\/wp\/v2\/product"}],"about":[{"href":"https:\/\/worldofflowerpots.com\/de\/wp-json\/wp\/v2\/types\/product"}],"wp:featuredmedia":[{"embeddable":true,"href":"https:\/\/worldofflowerpots.com\/de\/wp-json\/wp\/v2\/media\/59355"}],"wp:attachment":[{"href":"https:\/\/worldofflowerpots.com\/de\/wp-json\/wp\/v2\/media?parent=55749"}],"wp:term":[{"taxonomy":"product_brand","embeddable":true,"href":"https:\/\/worldofflowerpots.com\/de\/wp-json\/wp\/v2\/product_brand?post=55749"},{"taxonomy":"product_cat","embeddable":true,"href":"https:\/\/worldofflowerpots.com\/de\/wp-json\/wp\/v2\/product_cat?post=55749"},{"taxonomy":"product_tag","embeddable":true,"href":"https:\/\/worldofflowerpots.com\/de\/wp-json\/wp\/v2\/product_tag?post=55749"}],"curies":[{"name":"wp","href":"https:\/\/api.w.org\/{rel}","templated":true}]}}