{"id":55750,"date":"2019-03-13T14:17:25","date_gmt":"2019-03-13T13:17:25","guid":{"rendered":"https:\/\/worldofflowerpots.com\/sklep\/luigi\/"},"modified":"2019-04-16T10:19:26","modified_gmt":"2019-04-16T08:19:26","slug":"blumentoepfe-in-betonoptik","status":"publish","type":"product","link":"https:\/\/worldofflowerpots.com\/de\/sortiment\/blumentoepfe-in-betonoptik\/","title":{"rendered":"Blument\u00f6pfe in Betonoptik &#8211; das Modell Luigi"},"content":{"rendered":"<p>Blument\u00f6pfe und Pflanzk\u00fcbel in Betonoptik sind aktuell sehr angesagt, denn sie f\u00fcgen sich durch ihre Farbgebung aus Schwarz, wei\u00df, grau sowie zwei braunen Farbt\u00f6nen harmonisch in jede Umgebung ein. Mit einem Kern aus Fiberglas und einer Oberfl\u00e4che aus Quarzstein sind sie trotz ihrer Gr\u00f6\u00dfe noch relativ leicht aber dennoch \u00e4u\u00dferst stabil und UV best\u00e4ndig. Wenn \u00fcbersch\u00fcssiges Wasser daraus ablaufen kann, sind sie au\u00dferdem zu einhundert Prozent frostfest. Der Pflanzk\u00fcbel Luigi ist 40 x 40 Zentimeter breit beziehungsweise tief und wiegt 16 Kilogramm. Die H\u00f6he von 80 Zentimetern bietet Ihnen eine komfortable Pflanzh\u00f6he, vor allem f\u00fcr wechselnde Bepflanzungen.<\/p>\n<h3><strong>Der Pflanzk\u00fcbel in Betonoptik Luigi ist vielseitig einsetzbar<\/strong><\/h3>\n<p>Blument\u00f6pfe mit Betonoptik machen \u00fcberall eine gute Figur, egal ob in Einzelstellung oder paarweise vor dem Hauseingang platziert, auf Balkon, Terrasse oder Vorgarten mit dem Blumenk\u00fcbel Luigi setzen Sie Akzente. Die Bepflanzung ist durch die H\u00f6he sehr einfach und auch f\u00fcr viel Besch\u00e4ftigte oder \u00e4ltere Menschen recht pflegeleicht. Sie k\u00f6nnen den K\u00fcbel mit Buchsbaumkugeln oder Pyramiden bepflanzen oder rankende Bl\u00fchpflanzen hineinsetzen, Blument\u00f6pfe in Betonoptik eignen sich f\u00fcr Vieles. Selbst kleine Hortensien oder Koniferen sehen h\u00fcbsch darin aus. Sie brauchen nur regelm\u00e4\u00dfig einen geeigneten D\u00fcnger und etwas Wasser.<\/p>\n<h3><strong>Der schicke Pflanzk\u00fcbel Luigi passt in jede Umgebung<\/strong><\/h3>\n<p>Egal, ob moderne Architektur, Backsteingeb\u00e4ude, Fachwerk oder Schieferhaus, der quaderf\u00f6rmige Pflanzk\u00fcbel in BetonoptikLuigi versch\u00f6nert \u00fcberall die Hauseing\u00e4nge. Selbst Vorg\u00e4rten, die f\u00fcr eine gro\u00dfz\u00fcgigere Bepflanzung zu klein sind, erstrahlen mit einem Pflanzk\u00fcbel in Betonoptik und sch\u00f6nen K\u00fcbelpflanzen im neuen Glanz. Sie k\u00f6nnen Blument\u00f6pfe in Betonoptikallein oder paarweise aufstellen oder mehrere auf Ihrer Terrasse anordnen, ganz wie es Ihnen gef\u00e4llt. Au\u00dferdem harmoniert die Betonoptik mit jeder Art von Pflaster oder Terrassenbelag, egal ob aus hochwertigem Holz, WPC-Platten, Polygonal- oder Schieferplatten. Wenn Ihnen die Betonoptik nicht mehr gef\u00e4llt, k\u00f6nnen Sie die Pflanzt\u00f6pfe in Betonoptik auch mit einer geeigneten Fassadenfarbe streichen in einem Farbton Ihrer Wahl.<\/p>\n","protected":false},"excerpt":{"rendered":"<p>Material: Kern Fiberglas Oberfl\u00e4che Quarz- Stein<br \/>\nFarben: wei\u00df, grau, schwarz und 2 braune Farbt\u00f6ne<br \/>\nUV-resistent<\/p>\n<p>Gewicht: 16 kg<br \/>\nAbmessungen: B400mm H800mm L400mm<br \/>\nWetterfest<\/p>\n<p>Robust und Stabil<br \/>\nFrostbest\u00e4ndig bei gew\u00e4hrleistetem Wasserablauf<\/p>\n","protected":false},"featured_media":59468,"template":"","meta":{"_acf_changed":false},"product_brand":[],"product_cat":[386],"product_tag":[],"class_list":{"0":"post-55750","1":"product","2":"type-product","3":"status-publish","4":"has-post-thumbnail","6":"product_cat-pflanzkuebel-fiberglas-stone","7":"description-off","8":"tm-has-options","10":"first","11":"instock","12":"shipping-taxable","13":"purchasable","14":"product-type-simple"},"acf":[],"yoast_head":"<!-- This site is optimized with the Yoast SEO plugin v27.5 - https:\/\/yoast.com\/product\/yoast-seo-wordpress\/ -->\n<title>Blument\u00f6pfe mit Betonoptik machen \u00fcberall eine gute Figur<\/title>\n<meta name=\"description\" content=\"Mit einem Kern aus Fiberglas und einer Oberfl\u00e4che aus Quarzstein sind sie Blument\u00f6pfe in Betonoptik trotz ihrer Gr\u00f6\u00dfe noch relativ leicht\" \/>\n<meta name=\"robots\" content=\"index, follow, max-snippet:-1, max-image-preview:large, max-video-preview:-1\" \/>\n<link rel=\"canonical\" href=\"https:\/\/worldofflowerpots.com\/sklep\/blumentoepfe-in-betonoptik\/\" \/>\n<meta property=\"og:locale\" content=\"de_DE\" \/>\n<meta property=\"og:type\" content=\"article\" \/>\n<meta property=\"og:title\" content=\"Blument\u00f6pfe mit Betonoptik machen \u00fcberall eine gute Figur\" \/>\n<meta property=\"og:description\" content=\"Mit einem Kern aus Fiberglas und einer Oberfl\u00e4che aus Quarzstein sind sie Blument\u00f6pfe in Betonoptik trotz ihrer Gr\u00f6\u00dfe noch relativ leicht\" \/>\n<meta property=\"og:url\" content=\"https:\/\/worldofflowerpots.com\/sklep\/blumentoepfe-in-betonoptik\/\" \/>\n<meta property=\"og:site_name\" content=\"Blumenk\u00fcbel World of Flowerpots\" \/>\n<meta property=\"article:modified_time\" content=\"2019-04-16T08:19:26+00:00\" \/>\n<meta property=\"og:image\" content=\"https:\/\/worldofflowerpots.com\/wp-content\/uploads\/2019\/03\/blument\u00f6pfe-betonoptik-Luigi.jpg\" \/>\n\t<meta property=\"og:image:width\" content=\"2280\" \/>\n\t<meta property=\"og:image:height\" content=\"1612\" \/>\n\t<meta property=\"og:image:type\" content=\"image\/jpeg\" \/>\n<meta name=\"twitter:card\" content=\"summary_large_image\" \/>\n<meta name=\"twitter:label1\" content=\"Gesch\u00e4tzte Lesezeit\" \/>\n\t<meta name=\"twitter:data1\" content=\"2\u00a0Minuten\" \/>\n<script type=\"application\/ld+json\" class=\"yoast-schema-graph\">{\"@context\":\"https:\\\/\\\/schema.org\",\"@graph\":[{\"@type\":\"WebPage\",\"@id\":\"https:\\\/\\\/worldofflowerpots.com\\\/sklep\\\/blumentoepfe-in-betonoptik\\\/\",\"url\":\"https:\\\/\\\/worldofflowerpots.com\\\/sklep\\\/blumentoepfe-in-betonoptik\\\/\",\"name\":\"Blument\u00f6pfe mit Betonoptik machen \u00fcberall eine gute Figur\",\"isPartOf\":{\"@id\":\"https:\\\/\\\/worldofflowerpots.com\\\/#website\"},\"primaryImageOfPage\":{\"@id\":\"https:\\\/\\\/worldofflowerpots.com\\\/sklep\\\/blumentoepfe-in-betonoptik\\\/#primaryimage\"},\"image\":{\"@id\":\"https:\\\/\\\/worldofflowerpots.com\\\/sklep\\\/blumentoepfe-in-betonoptik\\\/#primaryimage\"},\"thumbnailUrl\":\"https:\\\/\\\/worldofflowerpots.com\\\/wp-content\\\/uploads\\\/2019\\\/03\\\/blument\u00f6pfe-betonoptik-Luigi.jpg\",\"datePublished\":\"2019-03-13T13:17:25+00:00\",\"dateModified\":\"2019-04-16T08:19:26+00:00\",\"description\":\"Mit einem Kern aus Fiberglas und einer Oberfl\u00e4che aus Quarzstein sind sie Blument\u00f6pfe in Betonoptik trotz ihrer Gr\u00f6\u00dfe noch relativ leicht\",\"breadcrumb\":{\"@id\":\"https:\\\/\\\/worldofflowerpots.com\\\/sklep\\\/blumentoepfe-in-betonoptik\\\/#breadcrumb\"},\"inLanguage\":\"de\",\"potentialAction\":[{\"@type\":\"ReadAction\",\"target\":[\"https:\\\/\\\/worldofflowerpots.com\\\/sklep\\\/blumentoepfe-in-betonoptik\\\/\"]}]},{\"@type\":\"ImageObject\",\"inLanguage\":\"de\",\"@id\":\"https:\\\/\\\/worldofflowerpots.com\\\/sklep\\\/blumentoepfe-in-betonoptik\\\/#primaryimage\",\"url\":\"https:\\\/\\\/worldofflowerpots.com\\\/wp-content\\\/uploads\\\/2019\\\/03\\\/blument\u00f6pfe-betonoptik-Luigi.jpg\",\"contentUrl\":\"https:\\\/\\\/worldofflowerpots.com\\\/wp-content\\\/uploads\\\/2019\\\/03\\\/blument\u00f6pfe-betonoptik-Luigi.jpg\",\"width\":2280,\"height\":1612},{\"@type\":\"BreadcrumbList\",\"@id\":\"https:\\\/\\\/worldofflowerpots.com\\\/sklep\\\/blumentoepfe-in-betonoptik\\\/#breadcrumb\",\"itemListElement\":[{\"@type\":\"ListItem\",\"position\":1,\"name\":\"Strona g\u0142\u00f3wna\",\"item\":\"https:\\\/\\\/worldofflowerpots.com\\\/blumenkuebel-grosse-auswahl\\\/\"},{\"@type\":\"ListItem\",\"position\":2,\"name\":\"Shop\",\"item\":\"https:\\\/\\\/worldofflowerpots.com\\\/sortiment\\\/\"},{\"@type\":\"ListItem\",\"position\":3,\"name\":\"Blument\u00f6pfe in Betonoptik &#8211; das Modell Luigi\"}]},{\"@type\":\"WebSite\",\"@id\":\"https:\\\/\\\/worldofflowerpots.com\\\/#website\",\"url\":\"https:\\\/\\\/worldofflowerpots.com\\\/\",\"name\":\"Blumenk\u00fcbel World of Flowerpots\",\"description\":\"Pflanzk\u00fcbel beton, blumentr\u00f6ge, blumenk\u00fcbel gro\u00df, cortenstahl, fiberglas\",\"potentialAction\":[{\"@type\":\"SearchAction\",\"target\":{\"@type\":\"EntryPoint\",\"urlTemplate\":\"https:\\\/\\\/worldofflowerpots.com\\\/?s={search_term_string}\"},\"query-input\":{\"@type\":\"PropertyValueSpecification\",\"valueRequired\":true,\"valueName\":\"search_term_string\"}}],\"inLanguage\":\"de\"}]}<\/script>\n<!-- \/ Yoast SEO plugin. -->","yoast_head_json":{"title":"Blument\u00f6pfe mit Betonoptik machen \u00fcberall eine gute Figur","description":"Mit einem Kern aus Fiberglas und einer Oberfl\u00e4che aus Quarzstein sind sie Blument\u00f6pfe in Betonoptik trotz ihrer Gr\u00f6\u00dfe noch relativ leicht","robots":{"index":"index","follow":"follow","max-snippet":"max-snippet:-1","max-image-preview":"max-image-preview:large","max-video-preview":"max-video-preview:-1"},"canonical":"https:\/\/worldofflowerpots.com\/sklep\/blumentoepfe-in-betonoptik\/","og_locale":"de_DE","og_type":"article","og_title":"Blument\u00f6pfe mit Betonoptik machen \u00fcberall eine gute Figur","og_description":"Mit einem Kern aus Fiberglas und einer Oberfl\u00e4che aus Quarzstein sind sie Blument\u00f6pfe in Betonoptik trotz ihrer Gr\u00f6\u00dfe noch relativ leicht","og_url":"https:\/\/worldofflowerpots.com\/sklep\/blumentoepfe-in-betonoptik\/","og_site_name":"Blumenk\u00fcbel World of Flowerpots","article_modified_time":"2019-04-16T08:19:26+00:00","og_image":[{"width":2280,"height":1612,"url":"https:\/\/worldofflowerpots.com\/wp-content\/uploads\/2019\/03\/blument\u00f6pfe-betonoptik-Luigi.jpg","type":"image\/jpeg"}],"twitter_card":"summary_large_image","twitter_misc":{"Gesch\u00e4tzte Lesezeit":"2\u00a0Minuten"},"schema":{"@context":"https:\/\/schema.org","@graph":[{"@type":"WebPage","@id":"https:\/\/worldofflowerpots.com\/sklep\/blumentoepfe-in-betonoptik\/","url":"https:\/\/worldofflowerpots.com\/sklep\/blumentoepfe-in-betonoptik\/","name":"Blument\u00f6pfe mit Betonoptik machen \u00fcberall eine gute Figur","isPartOf":{"@id":"https:\/\/worldofflowerpots.com\/#website"},"primaryImageOfPage":{"@id":"https:\/\/worldofflowerpots.com\/sklep\/blumentoepfe-in-betonoptik\/#primaryimage"},"image":{"@id":"https:\/\/worldofflowerpots.com\/sklep\/blumentoepfe-in-betonoptik\/#primaryimage"},"thumbnailUrl":"https:\/\/worldofflowerpots.com\/wp-content\/uploads\/2019\/03\/blument\u00f6pfe-betonoptik-Luigi.jpg","datePublished":"2019-03-13T13:17:25+00:00","dateModified":"2019-04-16T08:19:26+00:00","description":"Mit einem Kern aus Fiberglas und einer Oberfl\u00e4che aus Quarzstein sind sie Blument\u00f6pfe in Betonoptik trotz ihrer Gr\u00f6\u00dfe noch relativ leicht","breadcrumb":{"@id":"https:\/\/worldofflowerpots.com\/sklep\/blumentoepfe-in-betonoptik\/#breadcrumb"},"inLanguage":"de","potentialAction":[{"@type":"ReadAction","target":["https:\/\/worldofflowerpots.com\/sklep\/blumentoepfe-in-betonoptik\/"]}]},{"@type":"ImageObject","inLanguage":"de","@id":"https:\/\/worldofflowerpots.com\/sklep\/blumentoepfe-in-betonoptik\/#primaryimage","url":"https:\/\/worldofflowerpots.com\/wp-content\/uploads\/2019\/03\/blument\u00f6pfe-betonoptik-Luigi.jpg","contentUrl":"https:\/\/worldofflowerpots.com\/wp-content\/uploads\/2019\/03\/blument\u00f6pfe-betonoptik-Luigi.jpg","width":2280,"height":1612},{"@type":"BreadcrumbList","@id":"https:\/\/worldofflowerpots.com\/sklep\/blumentoepfe-in-betonoptik\/#breadcrumb","itemListElement":[{"@type":"ListItem","position":1,"name":"Strona g\u0142\u00f3wna","item":"https:\/\/worldofflowerpots.com\/blumenkuebel-grosse-auswahl\/"},{"@type":"ListItem","position":2,"name":"Shop","item":"https:\/\/worldofflowerpots.com\/sortiment\/"},{"@type":"ListItem","position":3,"name":"Blument\u00f6pfe in Betonoptik &#8211; das Modell Luigi"}]},{"@type":"WebSite","@id":"https:\/\/worldofflowerpots.com\/#website","url":"https:\/\/worldofflowerpots.com\/","name":"Blumenk\u00fcbel World of Flowerpots","description":"Pflanzk\u00fcbel beton, blumentr\u00f6ge, blumenk\u00fcbel gro\u00df, cortenstahl, fiberglas","potentialAction":[{"@type":"SearchAction","target":{"@type":"EntryPoint","urlTemplate":"https:\/\/worldofflowerpots.com\/?s={search_term_string}"},"query-input":{"@type":"PropertyValueSpecification","valueRequired":true,"valueName":"search_term_string"}}],"inLanguage":"de"}]}},"_links":{"self":[{"href":"https:\/\/worldofflowerpots.com\/de\/wp-json\/wp\/v2\/product\/55750","targetHints":{"allow":["GET"]}}],"collection":[{"href":"https:\/\/worldofflowerpots.com\/de\/wp-json\/wp\/v2\/product"}],"about":[{"href":"https:\/\/worldofflowerpots.com\/de\/wp-json\/wp\/v2\/types\/product"}],"wp:featuredmedia":[{"embeddable":true,"href":"https:\/\/worldofflowerpots.com\/de\/wp-json\/wp\/v2\/media\/59468"}],"wp:attachment":[{"href":"https:\/\/worldofflowerpots.com\/de\/wp-json\/wp\/v2\/media?parent=55750"}],"wp:term":[{"taxonomy":"product_brand","embeddable":true,"href":"https:\/\/worldofflowerpots.com\/de\/wp-json\/wp\/v2\/product_brand?post=55750"},{"taxonomy":"product_cat","embeddable":true,"href":"https:\/\/worldofflowerpots.com\/de\/wp-json\/wp\/v2\/product_cat?post=55750"},{"taxonomy":"product_tag","embeddable":true,"href":"https:\/\/worldofflowerpots.com\/de\/wp-json\/wp\/v2\/product_tag?post=55750"}],"curies":[{"name":"wp","href":"https:\/\/api.w.org\/{rel}","templated":true}]}}