{"id":55751,"date":"2019-03-13T14:46:57","date_gmt":"2019-03-13T13:46:57","guid":{"rendered":"https:\/\/worldofflowerpots.com\/sklep\/filippo\/"},"modified":"2019-04-16T10:17:49","modified_gmt":"2019-04-16T08:17:49","slug":"pflanzkuebel-in-anthrazit-fuer-aussen","status":"publish","type":"product","link":"https:\/\/worldofflowerpots.com\/de\/sortiment\/pflanzkuebel-in-anthrazit-fuer-aussen\/","title":{"rendered":"Filippo Pflanzk\u00fcbel in anthrazit f\u00fcr au\u00dfen"},"content":{"rendered":"<p>Neben klassischen Braunt\u00f6nen sind Pflanzk\u00fcbel in anthrazit f\u00fcr au\u00dfen und auch innen zurzeit sehr beliebt. Zu unseren Pflanzk\u00fcbeln in Betonoptik geh\u00f6rt auch Filippo, der sich durch viele Farbausf\u00fchrungen optimal seinem Umfeld und Ihren Vorlieben anpassen kann. Der Fillipo Pflanzk\u00fcbel bringt im Gegensatz zu den quadratischen Modellen der Stone Serie eine gewisse optische Leichtigkeit mit sich. In seiner dezent geschwungenen V-Form kommt das Filippo Modell vor allem bei eingesetzten kleineren B\u00e4umchen aus dem s\u00fcdl\u00e4ndischen Raum, wie etwa Oliven- oder Orangenb\u00e4umchen, optimal zur Geltung. In der Sonne wirkt der Pflanzk\u00fcbel malerisch an der Hauswand platziert, er bringt aber auch eine mediterrane Atmosph\u00e4re in den Wintergarten. Pflanzk\u00fcbel in Betonoptik aus Fiberglas sehen aber nicht nur super aus, sondern sind sowohl UV- als auch frostgesch\u00fctzt.<\/p>\n<p>Daher k\u00f6nnen unsere Pflanzk\u00fcbel in anthrazit au\u00dfen und innen platziert werden, und das zu jeder Jahreszeit. Beim Austesten verschiedener Dekorationsideen bietet sich zudem das geringe Eigengewicht unserer Pflanzk\u00fcbel in Betonoptik an. So k\u00f6nnen T\u00f6pfe wie das Filippo Modell dank der Leichtigkeit des Fiberglases ganz einfach transportiert werden. Unsere Blumenk\u00fcbel in Betonoptik weisen durch das Fiberglas zudem ein geringes Korrosionsverhalten auf. Das macht die Pflanzk\u00fcbel in anthrazit f\u00fcr au\u00dfen und innen sowohl in ihrer Beschaffenheit als auch Optik so langlebig. Unsere Pflanzk\u00fcbel in Betonoptik aus der Serie Stone sind zudem mit einem Quarzgrundstoff verputzt, die den Fiberglaskern noch einmal ummantelt. Die Oberfl\u00e4che unserer Pflanzk\u00fcbel in anthrazit f\u00fcr au\u00dfen und innen ist dadurch noch einmal robuster und besitzt eine matte, raue Struktur. Im Gegensatz zu den Fiberglast\u00f6pfen in Hochglanzausf\u00fchrung macht die Quarzstruktur unserer Stone Serie die Pflanzk\u00fcbel in Betonoptik so nat\u00fcrlich. Sie passen daher wunderbar sowohl in eine Sitzecke am Teich im Garten als auch vor die Fenster-Jalousie im B\u00fcroraum. Auch hier w\u00fcrde sich Filippo hervorragend einf\u00fcgen. Dank seiner rauen und naturellen Oberfl\u00e4che passt er aber auch gut neben die kleine Holzlagerstelle vor der Fensterbank an der Au\u00dfenwand des Hauses.<\/p>\n","protected":false},"excerpt":{"rendered":"<p>Material: Kern Fiberglas Oberfl\u00e4che Quarz- Stein<br \/>\nFarben: wei\u00df, grau, schwarz und 2 braune Farbt\u00f6ne<br \/>\nUV-resistent<\/p>\n<p>Gewicht: 8 kg<br \/>\nAbmessungen: B440mm H640mm L440mm<br \/>\nWetterfest<\/p>\n<p>Robust und Stabil<br \/>\nFrostbest\u00e4ndig bei gew\u00e4hrleistetem Wasserablauf<\/p>\n","protected":false},"featured_media":59457,"template":"","meta":{"_acf_changed":false},"product_brand":[],"product_cat":[386],"product_tag":[],"class_list":{"0":"post-55751","1":"product","2":"type-product","3":"status-publish","4":"has-post-thumbnail","6":"product_cat-pflanzkuebel-fiberglas-stone","7":"description-off","8":"tm-has-options","10":"first","11":"instock","12":"shipping-taxable","13":"purchasable","14":"product-type-simple"},"acf":[],"yoast_head":"<!-- This site is optimized with the Yoast SEO plugin v27.5 - https:\/\/yoast.com\/product\/yoast-seo-wordpress\/ -->\n<title>Pflanzk\u00fcbel in anthrazit f\u00fcr au\u00dfen mit rauen und naturellen Oberfl\u00e4che<\/title>\n<meta name=\"description\" content=\"Pflanzk\u00fcbel in anthrazit f\u00fcr au\u00dfen und innen sowohl in ihrer Beschaffenheit als auch Optik dank seiner rauen und naturellen Oberfl\u00e4che\" \/>\n<meta name=\"robots\" content=\"index, follow, max-snippet:-1, max-image-preview:large, max-video-preview:-1\" \/>\n<link rel=\"canonical\" href=\"https:\/\/worldofflowerpots.com\/sklep\/pflanzkuebel-in-anthrazit-fuer-aussen\/\" \/>\n<meta property=\"og:locale\" content=\"de_DE\" \/>\n<meta property=\"og:type\" content=\"article\" \/>\n<meta property=\"og:title\" content=\"Pflanzk\u00fcbel in anthrazit f\u00fcr au\u00dfen mit rauen und naturellen Oberfl\u00e4che\" \/>\n<meta property=\"og:description\" content=\"Pflanzk\u00fcbel in anthrazit f\u00fcr au\u00dfen und innen sowohl in ihrer Beschaffenheit als auch Optik dank seiner rauen und naturellen Oberfl\u00e4che\" \/>\n<meta property=\"og:url\" content=\"https:\/\/worldofflowerpots.com\/sklep\/pflanzkuebel-in-anthrazit-fuer-aussen\/\" \/>\n<meta property=\"og:site_name\" content=\"Blumenk\u00fcbel World of Flowerpots\" \/>\n<meta property=\"article:modified_time\" content=\"2019-04-16T08:17:49+00:00\" \/>\n<meta property=\"og:image\" content=\"https:\/\/worldofflowerpots.com\/wp-content\/uploads\/2019\/03\/pflanzk\u00fcbel-anthrazit-au\u00dfen-Filippo.jpg\" \/>\n\t<meta property=\"og:image:width\" content=\"2280\" \/>\n\t<meta property=\"og:image:height\" content=\"1612\" \/>\n\t<meta property=\"og:image:type\" content=\"image\/jpeg\" \/>\n<meta name=\"twitter:card\" content=\"summary_large_image\" \/>\n<meta name=\"twitter:label1\" content=\"Gesch\u00e4tzte Lesezeit\" \/>\n\t<meta name=\"twitter:data1\" content=\"2\u00a0Minuten\" \/>\n<script type=\"application\/ld+json\" class=\"yoast-schema-graph\">{\"@context\":\"https:\\\/\\\/schema.org\",\"@graph\":[{\"@type\":\"WebPage\",\"@id\":\"https:\\\/\\\/worldofflowerpots.com\\\/sklep\\\/pflanzkuebel-in-anthrazit-fuer-aussen\\\/\",\"url\":\"https:\\\/\\\/worldofflowerpots.com\\\/sklep\\\/pflanzkuebel-in-anthrazit-fuer-aussen\\\/\",\"name\":\"Pflanzk\u00fcbel in anthrazit f\u00fcr au\u00dfen mit rauen und naturellen Oberfl\u00e4che\",\"isPartOf\":{\"@id\":\"https:\\\/\\\/worldofflowerpots.com\\\/#website\"},\"primaryImageOfPage\":{\"@id\":\"https:\\\/\\\/worldofflowerpots.com\\\/sklep\\\/pflanzkuebel-in-anthrazit-fuer-aussen\\\/#primaryimage\"},\"image\":{\"@id\":\"https:\\\/\\\/worldofflowerpots.com\\\/sklep\\\/pflanzkuebel-in-anthrazit-fuer-aussen\\\/#primaryimage\"},\"thumbnailUrl\":\"https:\\\/\\\/worldofflowerpots.com\\\/wp-content\\\/uploads\\\/2019\\\/03\\\/pflanzk\u00fcbel-anthrazit-au\u00dfen-Filippo.jpg\",\"datePublished\":\"2019-03-13T13:46:57+00:00\",\"dateModified\":\"2019-04-16T08:17:49+00:00\",\"description\":\"Pflanzk\u00fcbel in anthrazit f\u00fcr au\u00dfen und innen sowohl in ihrer Beschaffenheit als auch Optik dank seiner rauen und naturellen Oberfl\u00e4che\",\"breadcrumb\":{\"@id\":\"https:\\\/\\\/worldofflowerpots.com\\\/sklep\\\/pflanzkuebel-in-anthrazit-fuer-aussen\\\/#breadcrumb\"},\"inLanguage\":\"de\",\"potentialAction\":[{\"@type\":\"ReadAction\",\"target\":[\"https:\\\/\\\/worldofflowerpots.com\\\/sklep\\\/pflanzkuebel-in-anthrazit-fuer-aussen\\\/\"]}]},{\"@type\":\"ImageObject\",\"inLanguage\":\"de\",\"@id\":\"https:\\\/\\\/worldofflowerpots.com\\\/sklep\\\/pflanzkuebel-in-anthrazit-fuer-aussen\\\/#primaryimage\",\"url\":\"https:\\\/\\\/worldofflowerpots.com\\\/wp-content\\\/uploads\\\/2019\\\/03\\\/pflanzk\u00fcbel-anthrazit-au\u00dfen-Filippo.jpg\",\"contentUrl\":\"https:\\\/\\\/worldofflowerpots.com\\\/wp-content\\\/uploads\\\/2019\\\/03\\\/pflanzk\u00fcbel-anthrazit-au\u00dfen-Filippo.jpg\",\"width\":2280,\"height\":1612},{\"@type\":\"BreadcrumbList\",\"@id\":\"https:\\\/\\\/worldofflowerpots.com\\\/sklep\\\/pflanzkuebel-in-anthrazit-fuer-aussen\\\/#breadcrumb\",\"itemListElement\":[{\"@type\":\"ListItem\",\"position\":1,\"name\":\"Strona g\u0142\u00f3wna\",\"item\":\"https:\\\/\\\/worldofflowerpots.com\\\/blumenkuebel-grosse-auswahl\\\/\"},{\"@type\":\"ListItem\",\"position\":2,\"name\":\"Shop\",\"item\":\"https:\\\/\\\/worldofflowerpots.com\\\/sortiment\\\/\"},{\"@type\":\"ListItem\",\"position\":3,\"name\":\"Filippo Pflanzk\u00fcbel in anthrazit f\u00fcr au\u00dfen\"}]},{\"@type\":\"WebSite\",\"@id\":\"https:\\\/\\\/worldofflowerpots.com\\\/#website\",\"url\":\"https:\\\/\\\/worldofflowerpots.com\\\/\",\"name\":\"Blumenk\u00fcbel World of Flowerpots\",\"description\":\"Pflanzk\u00fcbel beton, blumentr\u00f6ge, blumenk\u00fcbel gro\u00df, cortenstahl, fiberglas\",\"potentialAction\":[{\"@type\":\"SearchAction\",\"target\":{\"@type\":\"EntryPoint\",\"urlTemplate\":\"https:\\\/\\\/worldofflowerpots.com\\\/?s={search_term_string}\"},\"query-input\":{\"@type\":\"PropertyValueSpecification\",\"valueRequired\":true,\"valueName\":\"search_term_string\"}}],\"inLanguage\":\"de\"}]}<\/script>\n<!-- \/ Yoast SEO plugin. -->","yoast_head_json":{"title":"Pflanzk\u00fcbel in anthrazit f\u00fcr au\u00dfen mit rauen und naturellen Oberfl\u00e4che","description":"Pflanzk\u00fcbel in anthrazit f\u00fcr au\u00dfen und innen sowohl in ihrer Beschaffenheit als auch Optik dank seiner rauen und naturellen Oberfl\u00e4che","robots":{"index":"index","follow":"follow","max-snippet":"max-snippet:-1","max-image-preview":"max-image-preview:large","max-video-preview":"max-video-preview:-1"},"canonical":"https:\/\/worldofflowerpots.com\/sklep\/pflanzkuebel-in-anthrazit-fuer-aussen\/","og_locale":"de_DE","og_type":"article","og_title":"Pflanzk\u00fcbel in anthrazit f\u00fcr au\u00dfen mit rauen und naturellen Oberfl\u00e4che","og_description":"Pflanzk\u00fcbel in anthrazit f\u00fcr au\u00dfen und innen sowohl in ihrer Beschaffenheit als auch Optik dank seiner rauen und naturellen Oberfl\u00e4che","og_url":"https:\/\/worldofflowerpots.com\/sklep\/pflanzkuebel-in-anthrazit-fuer-aussen\/","og_site_name":"Blumenk\u00fcbel World of Flowerpots","article_modified_time":"2019-04-16T08:17:49+00:00","og_image":[{"width":2280,"height":1612,"url":"https:\/\/worldofflowerpots.com\/wp-content\/uploads\/2019\/03\/pflanzk\u00fcbel-anthrazit-au\u00dfen-Filippo.jpg","type":"image\/jpeg"}],"twitter_card":"summary_large_image","twitter_misc":{"Gesch\u00e4tzte Lesezeit":"2\u00a0Minuten"},"schema":{"@context":"https:\/\/schema.org","@graph":[{"@type":"WebPage","@id":"https:\/\/worldofflowerpots.com\/sklep\/pflanzkuebel-in-anthrazit-fuer-aussen\/","url":"https:\/\/worldofflowerpots.com\/sklep\/pflanzkuebel-in-anthrazit-fuer-aussen\/","name":"Pflanzk\u00fcbel in anthrazit f\u00fcr au\u00dfen mit rauen und naturellen Oberfl\u00e4che","isPartOf":{"@id":"https:\/\/worldofflowerpots.com\/#website"},"primaryImageOfPage":{"@id":"https:\/\/worldofflowerpots.com\/sklep\/pflanzkuebel-in-anthrazit-fuer-aussen\/#primaryimage"},"image":{"@id":"https:\/\/worldofflowerpots.com\/sklep\/pflanzkuebel-in-anthrazit-fuer-aussen\/#primaryimage"},"thumbnailUrl":"https:\/\/worldofflowerpots.com\/wp-content\/uploads\/2019\/03\/pflanzk\u00fcbel-anthrazit-au\u00dfen-Filippo.jpg","datePublished":"2019-03-13T13:46:57+00:00","dateModified":"2019-04-16T08:17:49+00:00","description":"Pflanzk\u00fcbel in anthrazit f\u00fcr au\u00dfen und innen sowohl in ihrer Beschaffenheit als auch Optik dank seiner rauen und naturellen Oberfl\u00e4che","breadcrumb":{"@id":"https:\/\/worldofflowerpots.com\/sklep\/pflanzkuebel-in-anthrazit-fuer-aussen\/#breadcrumb"},"inLanguage":"de","potentialAction":[{"@type":"ReadAction","target":["https:\/\/worldofflowerpots.com\/sklep\/pflanzkuebel-in-anthrazit-fuer-aussen\/"]}]},{"@type":"ImageObject","inLanguage":"de","@id":"https:\/\/worldofflowerpots.com\/sklep\/pflanzkuebel-in-anthrazit-fuer-aussen\/#primaryimage","url":"https:\/\/worldofflowerpots.com\/wp-content\/uploads\/2019\/03\/pflanzk\u00fcbel-anthrazit-au\u00dfen-Filippo.jpg","contentUrl":"https:\/\/worldofflowerpots.com\/wp-content\/uploads\/2019\/03\/pflanzk\u00fcbel-anthrazit-au\u00dfen-Filippo.jpg","width":2280,"height":1612},{"@type":"BreadcrumbList","@id":"https:\/\/worldofflowerpots.com\/sklep\/pflanzkuebel-in-anthrazit-fuer-aussen\/#breadcrumb","itemListElement":[{"@type":"ListItem","position":1,"name":"Strona g\u0142\u00f3wna","item":"https:\/\/worldofflowerpots.com\/blumenkuebel-grosse-auswahl\/"},{"@type":"ListItem","position":2,"name":"Shop","item":"https:\/\/worldofflowerpots.com\/sortiment\/"},{"@type":"ListItem","position":3,"name":"Filippo Pflanzk\u00fcbel in anthrazit f\u00fcr au\u00dfen"}]},{"@type":"WebSite","@id":"https:\/\/worldofflowerpots.com\/#website","url":"https:\/\/worldofflowerpots.com\/","name":"Blumenk\u00fcbel World of Flowerpots","description":"Pflanzk\u00fcbel beton, blumentr\u00f6ge, blumenk\u00fcbel gro\u00df, cortenstahl, fiberglas","potentialAction":[{"@type":"SearchAction","target":{"@type":"EntryPoint","urlTemplate":"https:\/\/worldofflowerpots.com\/?s={search_term_string}"},"query-input":{"@type":"PropertyValueSpecification","valueRequired":true,"valueName":"search_term_string"}}],"inLanguage":"de"}]}},"_links":{"self":[{"href":"https:\/\/worldofflowerpots.com\/de\/wp-json\/wp\/v2\/product\/55751","targetHints":{"allow":["GET"]}}],"collection":[{"href":"https:\/\/worldofflowerpots.com\/de\/wp-json\/wp\/v2\/product"}],"about":[{"href":"https:\/\/worldofflowerpots.com\/de\/wp-json\/wp\/v2\/types\/product"}],"wp:featuredmedia":[{"embeddable":true,"href":"https:\/\/worldofflowerpots.com\/de\/wp-json\/wp\/v2\/media\/59457"}],"wp:attachment":[{"href":"https:\/\/worldofflowerpots.com\/de\/wp-json\/wp\/v2\/media?parent=55751"}],"wp:term":[{"taxonomy":"product_brand","embeddable":true,"href":"https:\/\/worldofflowerpots.com\/de\/wp-json\/wp\/v2\/product_brand?post=55751"},{"taxonomy":"product_cat","embeddable":true,"href":"https:\/\/worldofflowerpots.com\/de\/wp-json\/wp\/v2\/product_cat?post=55751"},{"taxonomy":"product_tag","embeddable":true,"href":"https:\/\/worldofflowerpots.com\/de\/wp-json\/wp\/v2\/product_tag?post=55751"}],"curies":[{"name":"wp","href":"https:\/\/api.w.org\/{rel}","templated":true}]}}