{"id":55752,"date":"2019-03-13T14:57:46","date_gmt":"2019-03-13T13:57:46","guid":{"rendered":"https:\/\/worldofflowerpots.com\/sklep\/mattia\/"},"modified":"2019-04-16T10:15:59","modified_gmt":"2019-04-16T08:15:59","slug":"pflanztrog-in-betonoptik-mattia","status":"publish","type":"product","link":"https:\/\/worldofflowerpots.com\/de\/sortiment\/pflanztrog-in-betonoptik-mattia\/","title":{"rendered":"Pflanztrog in Betonoptik Model Mattia"},"content":{"rendered":"<div id=\"text_highlighted\">\n<p><b>Pflanzk\u00fcbel in Betonoptik als Blickfang auf Terrasse und Balkon <\/b><\/p>\n<div>\n<div class=\"preview\">\n<p>Das Fr\u00fchjahr ist da und Terrasse und Garten warten auf die Gestaltung f\u00fcr eine sch\u00f6ne, lange Sommerzeit. Gro\u00dfpflanzen und Stauden erobern jetzt die G\u00e4rten und Terrassen. Und sie sollen zu einem eindrucksvollen Blickfang an jedem Standort werden. Dazu brauchen Sie einen passenden Pflanztrog oder Pflanzk\u00fcbel in einer f\u00fcr die Pflanze passenden Gr\u00f6\u00dfe und Form. Die elegante und perfekte L\u00f6sung ist Mattia, ein Pflanzk\u00fcbel in Betonoptik, der jedem Anspruch gerecht wird. Um sich in jede Umgebung perfekt einzuf\u00fcgen, ist das Modell Mattia in unterschiedlichen Farben erh\u00e4ltlich.<\/p>\n<h3>Eleganter Blickfang an jedem Standort<\/h3>\n<p>Wenn Sie in Ihrem Garten schlichte und schn\u00f6rkellose Eleganz lieben, ist ein Pflanzk\u00fcbel oder Pflanztrog in Betonoptik die richtige Wahl. Diese K\u00fcbel und Tr\u00f6ge faszinieren durch ihre bezaubernde Schlichtheit und Eleganz. Die Pflanzk\u00fcbel sind nicht nur praktisch, sie sind auch ein anziehender Blickfang auf der Terrasse, dem Balkon und im Garten. Das Modell Mattia ist ein Pflanzk\u00fcbel in Betonoptik, der selbst abgeschiedenen Bereichen Sch\u00f6nheit verleiht. In diesem Pflanzk\u00fcbel zieht die Pracht der Pflanzen in Verbindung mit der eleganten Form des Pflanztrog in Betonoptik die Blicke magisch an.<\/p>\n<h3>Der Pflanztrog in Betonoptik ist eine robuste Sch\u00f6nheit<\/h3>\n<p>Das Modell Mattia ist absolut wind- und wetterfest. Der Kern des Pflanztrogs in Betonoptik ist aus Fiberglas, w\u00e4hrend die Oberfl\u00e4che mit Quarz beschichtet wurde. Die Quarzschicht wird aufgetragen, so wie auch Putz auf eine Wand aufgetragen wird. So erh\u00e4lt der Pflanztrog Mattia seine robuste Oberfl\u00e4che, eine klassische Ausstrahlung und er ist unzerbrechlich. Das sind unschlagbare Vorz\u00fcge. Und wenn Sie in den n\u00e4chsten Jahren Ihre Terrasse in einer anderen Farbe erstrahlen lassen m\u00f6chten, m\u00fcssen Sie sich keine neuen K\u00fcbel und Tr\u00f6ge kaufen. Sie k\u00f6nnen die Pflanzk\u00fcbel in Betonoptik mit einfacher Fassadenfarbe Ihrer Wahl streichen. Detaillierte Informationen zu dem Pflanztrog in Betonoptik erhalten Sie im Internet unter https:\/\/worldofflowerpots.de\/sklep\/mattia\/. Sie werden Ihren Pflanzk\u00fcbel in Betonoptik nicht mehr missen wollen.<\/p>\n<\/div>\n<\/div>\n<\/div>\n","protected":false},"excerpt":{"rendered":"<p>Material: Kern Fiberglas Oberfl\u00e4che Quarz- Stein<br \/>\nFarben: wei\u00df, grau, schwarz und 2 braune Farbt\u00f6ne<br \/>\nUV-resistent<\/p>\n<p>Gewicht: 15 kg<br \/>\nAbmessungen: \u2300420mm, H1000mm<\/p>\n<p>Wetterfest<\/p>\n<p>Robust und Stabil<br \/>\nFrostbest\u00e4ndig bei gew\u00e4hrleistetem Wasserablauf<\/p>\n","protected":false},"featured_media":59447,"template":"","meta":{"_acf_changed":false},"product_brand":[],"product_cat":[386],"product_tag":[],"class_list":{"0":"post-55752","1":"product","2":"type-product","3":"status-publish","4":"has-post-thumbnail","6":"product_cat-pflanzkuebel-fiberglas-stone","7":"description-off","8":"tm-has-options","10":"first","11":"instock","12":"shipping-taxable","13":"purchasable","14":"product-type-simple"},"acf":[],"yoast_head":"<!-- This site is optimized with the Yoast SEO plugin v27.5 - https:\/\/yoast.com\/product\/yoast-seo-wordpress\/ -->\n<title>Pflanztrog in Betonoptik ist eine robuste Sch\u00f6nheit<\/title>\n<meta name=\"description\" content=\"Der Kern des Pflanztrogs in Betonoptik ist aus Fiberglas, w\u00e4hrend seine robuste Oberfl\u00e4che mit Quarzschicht beschichtet wurde.\" \/>\n<meta name=\"robots\" content=\"index, follow, max-snippet:-1, max-image-preview:large, max-video-preview:-1\" \/>\n<link rel=\"canonical\" href=\"https:\/\/worldofflowerpots.com\/sklep\/pflanztrog-in-betonoptik-mattia\/\" \/>\n<meta property=\"og:locale\" content=\"de_DE\" \/>\n<meta property=\"og:type\" content=\"article\" \/>\n<meta property=\"og:title\" content=\"Pflanztrog in Betonoptik ist eine robuste Sch\u00f6nheit\" \/>\n<meta property=\"og:description\" content=\"Der Kern des Pflanztrogs in Betonoptik ist aus Fiberglas, w\u00e4hrend seine robuste Oberfl\u00e4che mit Quarzschicht beschichtet wurde.\" \/>\n<meta property=\"og:url\" content=\"https:\/\/worldofflowerpots.com\/sklep\/pflanztrog-in-betonoptik-mattia\/\" \/>\n<meta property=\"og:site_name\" content=\"Blumenk\u00fcbel World of Flowerpots\" \/>\n<meta property=\"article:modified_time\" content=\"2019-04-16T08:15:59+00:00\" \/>\n<meta property=\"og:image\" content=\"https:\/\/worldofflowerpots.com\/wp-content\/uploads\/2019\/03\/pflanztrog-betonoptik-Mattia.jpg\" \/>\n\t<meta property=\"og:image:width\" content=\"2280\" \/>\n\t<meta property=\"og:image:height\" content=\"1612\" \/>\n\t<meta property=\"og:image:type\" content=\"image\/jpeg\" \/>\n<meta name=\"twitter:card\" content=\"summary_large_image\" \/>\n<meta name=\"twitter:label1\" content=\"Gesch\u00e4tzte Lesezeit\" \/>\n\t<meta name=\"twitter:data1\" content=\"2\u00a0Minuten\" \/>\n<script type=\"application\/ld+json\" class=\"yoast-schema-graph\">{\"@context\":\"https:\\\/\\\/schema.org\",\"@graph\":[{\"@type\":\"WebPage\",\"@id\":\"https:\\\/\\\/worldofflowerpots.com\\\/sklep\\\/pflanztrog-in-betonoptik-mattia\\\/\",\"url\":\"https:\\\/\\\/worldofflowerpots.com\\\/sklep\\\/pflanztrog-in-betonoptik-mattia\\\/\",\"name\":\"Pflanztrog in Betonoptik ist eine robuste Sch\u00f6nheit\",\"isPartOf\":{\"@id\":\"https:\\\/\\\/worldofflowerpots.com\\\/#website\"},\"primaryImageOfPage\":{\"@id\":\"https:\\\/\\\/worldofflowerpots.com\\\/sklep\\\/pflanztrog-in-betonoptik-mattia\\\/#primaryimage\"},\"image\":{\"@id\":\"https:\\\/\\\/worldofflowerpots.com\\\/sklep\\\/pflanztrog-in-betonoptik-mattia\\\/#primaryimage\"},\"thumbnailUrl\":\"https:\\\/\\\/worldofflowerpots.com\\\/wp-content\\\/uploads\\\/2019\\\/03\\\/pflanztrog-betonoptik-Mattia.jpg\",\"datePublished\":\"2019-03-13T13:57:46+00:00\",\"dateModified\":\"2019-04-16T08:15:59+00:00\",\"description\":\"Der Kern des Pflanztrogs in Betonoptik ist aus Fiberglas, w\u00e4hrend seine robuste Oberfl\u00e4che mit Quarzschicht beschichtet wurde.\",\"breadcrumb\":{\"@id\":\"https:\\\/\\\/worldofflowerpots.com\\\/sklep\\\/pflanztrog-in-betonoptik-mattia\\\/#breadcrumb\"},\"inLanguage\":\"de\",\"potentialAction\":[{\"@type\":\"ReadAction\",\"target\":[\"https:\\\/\\\/worldofflowerpots.com\\\/sklep\\\/pflanztrog-in-betonoptik-mattia\\\/\"]}]},{\"@type\":\"ImageObject\",\"inLanguage\":\"de\",\"@id\":\"https:\\\/\\\/worldofflowerpots.com\\\/sklep\\\/pflanztrog-in-betonoptik-mattia\\\/#primaryimage\",\"url\":\"https:\\\/\\\/worldofflowerpots.com\\\/wp-content\\\/uploads\\\/2019\\\/03\\\/pflanztrog-betonoptik-Mattia.jpg\",\"contentUrl\":\"https:\\\/\\\/worldofflowerpots.com\\\/wp-content\\\/uploads\\\/2019\\\/03\\\/pflanztrog-betonoptik-Mattia.jpg\",\"width\":2280,\"height\":1612},{\"@type\":\"BreadcrumbList\",\"@id\":\"https:\\\/\\\/worldofflowerpots.com\\\/sklep\\\/pflanztrog-in-betonoptik-mattia\\\/#breadcrumb\",\"itemListElement\":[{\"@type\":\"ListItem\",\"position\":1,\"name\":\"Strona g\u0142\u00f3wna\",\"item\":\"https:\\\/\\\/worldofflowerpots.com\\\/blumenkuebel-grosse-auswahl\\\/\"},{\"@type\":\"ListItem\",\"position\":2,\"name\":\"Shop\",\"item\":\"https:\\\/\\\/worldofflowerpots.com\\\/sortiment\\\/\"},{\"@type\":\"ListItem\",\"position\":3,\"name\":\"Pflanztrog in Betonoptik Model Mattia\"}]},{\"@type\":\"WebSite\",\"@id\":\"https:\\\/\\\/worldofflowerpots.com\\\/#website\",\"url\":\"https:\\\/\\\/worldofflowerpots.com\\\/\",\"name\":\"Blumenk\u00fcbel World of Flowerpots\",\"description\":\"Pflanzk\u00fcbel beton, blumentr\u00f6ge, blumenk\u00fcbel gro\u00df, cortenstahl, fiberglas\",\"potentialAction\":[{\"@type\":\"SearchAction\",\"target\":{\"@type\":\"EntryPoint\",\"urlTemplate\":\"https:\\\/\\\/worldofflowerpots.com\\\/?s={search_term_string}\"},\"query-input\":{\"@type\":\"PropertyValueSpecification\",\"valueRequired\":true,\"valueName\":\"search_term_string\"}}],\"inLanguage\":\"de\"}]}<\/script>\n<!-- \/ Yoast SEO plugin. -->","yoast_head_json":{"title":"Pflanztrog in Betonoptik ist eine robuste Sch\u00f6nheit","description":"Der Kern des Pflanztrogs in Betonoptik ist aus Fiberglas, w\u00e4hrend seine robuste Oberfl\u00e4che mit Quarzschicht beschichtet wurde.","robots":{"index":"index","follow":"follow","max-snippet":"max-snippet:-1","max-image-preview":"max-image-preview:large","max-video-preview":"max-video-preview:-1"},"canonical":"https:\/\/worldofflowerpots.com\/sklep\/pflanztrog-in-betonoptik-mattia\/","og_locale":"de_DE","og_type":"article","og_title":"Pflanztrog in Betonoptik ist eine robuste Sch\u00f6nheit","og_description":"Der Kern des Pflanztrogs in Betonoptik ist aus Fiberglas, w\u00e4hrend seine robuste Oberfl\u00e4che mit Quarzschicht beschichtet wurde.","og_url":"https:\/\/worldofflowerpots.com\/sklep\/pflanztrog-in-betonoptik-mattia\/","og_site_name":"Blumenk\u00fcbel World of Flowerpots","article_modified_time":"2019-04-16T08:15:59+00:00","og_image":[{"width":2280,"height":1612,"url":"https:\/\/worldofflowerpots.com\/wp-content\/uploads\/2019\/03\/pflanztrog-betonoptik-Mattia.jpg","type":"image\/jpeg"}],"twitter_card":"summary_large_image","twitter_misc":{"Gesch\u00e4tzte Lesezeit":"2\u00a0Minuten"},"schema":{"@context":"https:\/\/schema.org","@graph":[{"@type":"WebPage","@id":"https:\/\/worldofflowerpots.com\/sklep\/pflanztrog-in-betonoptik-mattia\/","url":"https:\/\/worldofflowerpots.com\/sklep\/pflanztrog-in-betonoptik-mattia\/","name":"Pflanztrog in Betonoptik ist eine robuste Sch\u00f6nheit","isPartOf":{"@id":"https:\/\/worldofflowerpots.com\/#website"},"primaryImageOfPage":{"@id":"https:\/\/worldofflowerpots.com\/sklep\/pflanztrog-in-betonoptik-mattia\/#primaryimage"},"image":{"@id":"https:\/\/worldofflowerpots.com\/sklep\/pflanztrog-in-betonoptik-mattia\/#primaryimage"},"thumbnailUrl":"https:\/\/worldofflowerpots.com\/wp-content\/uploads\/2019\/03\/pflanztrog-betonoptik-Mattia.jpg","datePublished":"2019-03-13T13:57:46+00:00","dateModified":"2019-04-16T08:15:59+00:00","description":"Der Kern des Pflanztrogs in Betonoptik ist aus Fiberglas, w\u00e4hrend seine robuste Oberfl\u00e4che mit Quarzschicht beschichtet wurde.","breadcrumb":{"@id":"https:\/\/worldofflowerpots.com\/sklep\/pflanztrog-in-betonoptik-mattia\/#breadcrumb"},"inLanguage":"de","potentialAction":[{"@type":"ReadAction","target":["https:\/\/worldofflowerpots.com\/sklep\/pflanztrog-in-betonoptik-mattia\/"]}]},{"@type":"ImageObject","inLanguage":"de","@id":"https:\/\/worldofflowerpots.com\/sklep\/pflanztrog-in-betonoptik-mattia\/#primaryimage","url":"https:\/\/worldofflowerpots.com\/wp-content\/uploads\/2019\/03\/pflanztrog-betonoptik-Mattia.jpg","contentUrl":"https:\/\/worldofflowerpots.com\/wp-content\/uploads\/2019\/03\/pflanztrog-betonoptik-Mattia.jpg","width":2280,"height":1612},{"@type":"BreadcrumbList","@id":"https:\/\/worldofflowerpots.com\/sklep\/pflanztrog-in-betonoptik-mattia\/#breadcrumb","itemListElement":[{"@type":"ListItem","position":1,"name":"Strona g\u0142\u00f3wna","item":"https:\/\/worldofflowerpots.com\/blumenkuebel-grosse-auswahl\/"},{"@type":"ListItem","position":2,"name":"Shop","item":"https:\/\/worldofflowerpots.com\/sortiment\/"},{"@type":"ListItem","position":3,"name":"Pflanztrog in Betonoptik Model Mattia"}]},{"@type":"WebSite","@id":"https:\/\/worldofflowerpots.com\/#website","url":"https:\/\/worldofflowerpots.com\/","name":"Blumenk\u00fcbel World of Flowerpots","description":"Pflanzk\u00fcbel beton, blumentr\u00f6ge, blumenk\u00fcbel gro\u00df, cortenstahl, fiberglas","potentialAction":[{"@type":"SearchAction","target":{"@type":"EntryPoint","urlTemplate":"https:\/\/worldofflowerpots.com\/?s={search_term_string}"},"query-input":{"@type":"PropertyValueSpecification","valueRequired":true,"valueName":"search_term_string"}}],"inLanguage":"de"}]}},"_links":{"self":[{"href":"https:\/\/worldofflowerpots.com\/de\/wp-json\/wp\/v2\/product\/55752","targetHints":{"allow":["GET"]}}],"collection":[{"href":"https:\/\/worldofflowerpots.com\/de\/wp-json\/wp\/v2\/product"}],"about":[{"href":"https:\/\/worldofflowerpots.com\/de\/wp-json\/wp\/v2\/types\/product"}],"wp:featuredmedia":[{"embeddable":true,"href":"https:\/\/worldofflowerpots.com\/de\/wp-json\/wp\/v2\/media\/59447"}],"wp:attachment":[{"href":"https:\/\/worldofflowerpots.com\/de\/wp-json\/wp\/v2\/media?parent=55752"}],"wp:term":[{"taxonomy":"product_brand","embeddable":true,"href":"https:\/\/worldofflowerpots.com\/de\/wp-json\/wp\/v2\/product_brand?post=55752"},{"taxonomy":"product_cat","embeddable":true,"href":"https:\/\/worldofflowerpots.com\/de\/wp-json\/wp\/v2\/product_cat?post=55752"},{"taxonomy":"product_tag","embeddable":true,"href":"https:\/\/worldofflowerpots.com\/de\/wp-json\/wp\/v2\/product_tag?post=55752"}],"curies":[{"name":"wp","href":"https:\/\/api.w.org\/{rel}","templated":true}]}}