{"id":55753,"date":"2019-03-14T09:16:13","date_gmt":"2019-03-14T08:16:13","guid":{"rendered":"https:\/\/worldofflowerpots.com\/sklep\/andrea\/"},"modified":"2019-04-16T10:14:29","modified_gmt":"2019-04-16T08:14:29","slug":"blumenkaesten-in-betonoptik-andrea","status":"publish","type":"product","link":"https:\/\/worldofflowerpots.com\/de\/sortiment\/blumenkaesten-in-betonoptik-andrea\/","title":{"rendered":"Blumenk\u00e4sten in Betonoptik: Modell &#8222;Andrea&#8220;"},"content":{"rendered":"<p>Das Modell &#8222;Andrea&#8220; ist einer der Pflanzk\u00fcbel in Betonoptik aus der Serie &#8222;Stone&#8220;. Die Serie &#8222;Stone&#8220; wird Sie begeistern durch die Robustheit, da der Kern komplett aus GFK hergestellt ist und die Oberfl\u00e4che besteht aus Quarz. Das Material wurde beim Modell &#8222;Andrea&#8220; und bei allen anderen Varianten aus der Serie &#8222;Stone&#8220; wie ein Putz auf die Fassade aufgetragen. Sie k\u00f6nnen die Blumenk\u00e4sten in Betonoptik f\u00fcr alle Bl\u00fchpflanzen oder auch Gr\u00fcnpflanzen benutzen.<\/p>\n<h3>Pflanzk\u00fcbel in Betonoptik: formsch\u00f6n und robust!<\/h3>\n<p>Der Pflanzk\u00fcbel &#8222;Andrea&#8220; aus der Serie &#8222;Stone&#8220; hat eine \u00e4u\u00dferst robuste Oberfl\u00e4che und ist dennoch formsch\u00f6n. Der Vorteil ist, dass Sie das den Pflanzk\u00fcbel in Betonoptik in der von Ihnen gew\u00fcnschten Fassadenfarbe streichen und somit an Ihre jeweilige Umgebung anpassen k\u00f6nnen. Die Oberfl\u00e4che ist aus Quarz-Stein und er Kern aus Fiberglas, was Ihnen einen Pflanzk\u00fcbel in Betonoptik garantiert, der langlebig und stabil ist. Der Pflanzk\u00fcbel &#8222;Andrea&#8220; ist in folgenden Farben erh\u00e4ltlich: wei\u00df, grau, schwarz und in zwei unterschiedlichen braunen Farbt\u00f6nen<\/p>\n<h3>Blumenk\u00e4sten in Betonoptik: viele Vorteile!<\/h3>\n<p>Ein weiterer Vorteil des Pflanzk\u00fcbels in Betonoptik ist die UV-Resistenz. Der Pflanztrog wiegt 8 Kilogramm und hat einen Durchmesser von 470 Millimeter und eine H\u00f6he von 640 Millimeter. Beim Kauf des Blumenkasten in Betonoptik &#8222;Andrea2 entscheiden Sie sich au\u00dferdem f\u00fcr ein sehr stabiles und robustes Modell, das au\u00dferdem wetterfest ist. wenn Sie im Winter f\u00fcr einen perfekten Wassserablauf sorgen, k\u00f6nnen sie au\u00dferdem mit Frostbest\u00e4ndigkeit rechnen.<\/p>\n<h3>Blumenk\u00e4sten in Betonoptik: zeitlos und anpassungsf\u00e4hig!<\/h3>\n<p>Der Blumenkasten &#8222;Andrea&#8220; ist einerseits zeitlos und passt sich doch perfekt an Ihre individuellen Gegebenheiten auf der Terrasse, im Garten, vor dem Haus, im Garagenbereich oder auch sogar in den Innenr\u00e4umen an. Ob modern oder klassisch: Der Pflanztrog &#8222;Andrea&#8220; ist vielseitig einsetzbar im Outdoor- und Indoor-Bereich. Auch in gewerblichen R\u00e4umen kann er wegen seiner Schlichtheit und dem zeitlosen Design optimal dekoriert werden. Ob im Empfangsbereich oder im B\u00fcro: Der Blumenkasten &#8222;Andrea&#8220; setzt attraktive Kontraste.<\/p>\n","protected":false},"excerpt":{"rendered":"<p>Material: Kern Fiberglas Oberfl\u00e4che Quarz- Stein<br \/>\nFarben: wei\u00df, grau, schwarz und 2 braune Farbt\u00f6ne<br \/>\nUV-resistent<\/p>\n<p>Gewicht: 8 kg<br \/>\nAbmessungen: \u2300470mm, H640mm<\/p>\n<p>Wetterfest<\/p>\n<p>Robust und Stabil<br \/>\nFrostbest\u00e4ndig bei gew\u00e4hrleistetem Wasserablauf<\/p>\n","protected":false},"featured_media":59437,"template":"","meta":{"_acf_changed":false},"product_brand":[],"product_cat":[386],"product_tag":[],"class_list":{"0":"post-55753","1":"product","2":"type-product","3":"status-publish","4":"has-post-thumbnail","6":"product_cat-pflanzkuebel-fiberglas-stone","7":"description-off","8":"tm-has-options","10":"first","11":"instock","12":"shipping-taxable","13":"purchasable","14":"product-type-simple"},"acf":[],"yoast_head":"<!-- This site is optimized with the Yoast SEO plugin v27.5 - https:\/\/yoast.com\/product\/yoast-seo-wordpress\/ -->\n<title>Blumenk\u00e4sten in Betonoptik sind zeitlos und anpassungsf\u00e4hig<\/title>\n<meta name=\"description\" content=\"Die Oberfl\u00e4che ist aus Quarz-Stein und der Kern aus Fiberglas, garantiert Ihnen das die Blumenk\u00e4sten in Betonoptik langlebig und stabil ist.\" \/>\n<meta name=\"robots\" content=\"index, follow, max-snippet:-1, max-image-preview:large, max-video-preview:-1\" \/>\n<link rel=\"canonical\" href=\"https:\/\/worldofflowerpots.com\/sklep\/blumenkaesten-in-betonoptik-andrea\/\" \/>\n<meta property=\"og:locale\" content=\"de_DE\" \/>\n<meta property=\"og:type\" content=\"article\" \/>\n<meta property=\"og:title\" content=\"Blumenk\u00e4sten in Betonoptik sind zeitlos und anpassungsf\u00e4hig\" \/>\n<meta property=\"og:description\" content=\"Die Oberfl\u00e4che ist aus Quarz-Stein und der Kern aus Fiberglas, garantiert Ihnen das die Blumenk\u00e4sten in Betonoptik langlebig und stabil ist.\" \/>\n<meta property=\"og:url\" content=\"https:\/\/worldofflowerpots.com\/sklep\/blumenkaesten-in-betonoptik-andrea\/\" \/>\n<meta property=\"og:site_name\" content=\"Blumenk\u00fcbel World of Flowerpots\" \/>\n<meta property=\"article:modified_time\" content=\"2019-04-16T08:14:29+00:00\" \/>\n<meta property=\"og:image\" content=\"https:\/\/worldofflowerpots.com\/wp-content\/uploads\/2019\/03\/blumenk\u00e4sten-betonoptik-Andrea.jpg\" \/>\n\t<meta property=\"og:image:width\" content=\"2280\" \/>\n\t<meta property=\"og:image:height\" content=\"1612\" \/>\n\t<meta property=\"og:image:type\" content=\"image\/jpeg\" \/>\n<meta name=\"twitter:card\" content=\"summary_large_image\" \/>\n<meta name=\"twitter:label1\" content=\"Gesch\u00e4tzte Lesezeit\" \/>\n\t<meta name=\"twitter:data1\" content=\"2\u00a0Minuten\" \/>\n<script type=\"application\/ld+json\" class=\"yoast-schema-graph\">{\"@context\":\"https:\\\/\\\/schema.org\",\"@graph\":[{\"@type\":\"WebPage\",\"@id\":\"https:\\\/\\\/worldofflowerpots.com\\\/sklep\\\/blumenkaesten-in-betonoptik-andrea\\\/\",\"url\":\"https:\\\/\\\/worldofflowerpots.com\\\/sklep\\\/blumenkaesten-in-betonoptik-andrea\\\/\",\"name\":\"Blumenk\u00e4sten in Betonoptik sind zeitlos und anpassungsf\u00e4hig\",\"isPartOf\":{\"@id\":\"https:\\\/\\\/worldofflowerpots.com\\\/#website\"},\"primaryImageOfPage\":{\"@id\":\"https:\\\/\\\/worldofflowerpots.com\\\/sklep\\\/blumenkaesten-in-betonoptik-andrea\\\/#primaryimage\"},\"image\":{\"@id\":\"https:\\\/\\\/worldofflowerpots.com\\\/sklep\\\/blumenkaesten-in-betonoptik-andrea\\\/#primaryimage\"},\"thumbnailUrl\":\"https:\\\/\\\/worldofflowerpots.com\\\/wp-content\\\/uploads\\\/2019\\\/03\\\/blumenk\u00e4sten-betonoptik-Andrea.jpg\",\"datePublished\":\"2019-03-14T08:16:13+00:00\",\"dateModified\":\"2019-04-16T08:14:29+00:00\",\"description\":\"Die Oberfl\u00e4che ist aus Quarz-Stein und der Kern aus Fiberglas, garantiert Ihnen das die Blumenk\u00e4sten in Betonoptik langlebig und stabil ist.\",\"breadcrumb\":{\"@id\":\"https:\\\/\\\/worldofflowerpots.com\\\/sklep\\\/blumenkaesten-in-betonoptik-andrea\\\/#breadcrumb\"},\"inLanguage\":\"de\",\"potentialAction\":[{\"@type\":\"ReadAction\",\"target\":[\"https:\\\/\\\/worldofflowerpots.com\\\/sklep\\\/blumenkaesten-in-betonoptik-andrea\\\/\"]}]},{\"@type\":\"ImageObject\",\"inLanguage\":\"de\",\"@id\":\"https:\\\/\\\/worldofflowerpots.com\\\/sklep\\\/blumenkaesten-in-betonoptik-andrea\\\/#primaryimage\",\"url\":\"https:\\\/\\\/worldofflowerpots.com\\\/wp-content\\\/uploads\\\/2019\\\/03\\\/blumenk\u00e4sten-betonoptik-Andrea.jpg\",\"contentUrl\":\"https:\\\/\\\/worldofflowerpots.com\\\/wp-content\\\/uploads\\\/2019\\\/03\\\/blumenk\u00e4sten-betonoptik-Andrea.jpg\",\"width\":2280,\"height\":1612},{\"@type\":\"BreadcrumbList\",\"@id\":\"https:\\\/\\\/worldofflowerpots.com\\\/sklep\\\/blumenkaesten-in-betonoptik-andrea\\\/#breadcrumb\",\"itemListElement\":[{\"@type\":\"ListItem\",\"position\":1,\"name\":\"Strona g\u0142\u00f3wna\",\"item\":\"https:\\\/\\\/worldofflowerpots.com\\\/blumenkuebel-grosse-auswahl\\\/\"},{\"@type\":\"ListItem\",\"position\":2,\"name\":\"Shop\",\"item\":\"https:\\\/\\\/worldofflowerpots.com\\\/sortiment\\\/\"},{\"@type\":\"ListItem\",\"position\":3,\"name\":\"Blumenk\u00e4sten in Betonoptik: Modell &#8220;Andrea&#8221;\"}]},{\"@type\":\"WebSite\",\"@id\":\"https:\\\/\\\/worldofflowerpots.com\\\/#website\",\"url\":\"https:\\\/\\\/worldofflowerpots.com\\\/\",\"name\":\"Blumenk\u00fcbel World of Flowerpots\",\"description\":\"Pflanzk\u00fcbel beton, blumentr\u00f6ge, blumenk\u00fcbel gro\u00df, cortenstahl, fiberglas\",\"potentialAction\":[{\"@type\":\"SearchAction\",\"target\":{\"@type\":\"EntryPoint\",\"urlTemplate\":\"https:\\\/\\\/worldofflowerpots.com\\\/?s={search_term_string}\"},\"query-input\":{\"@type\":\"PropertyValueSpecification\",\"valueRequired\":true,\"valueName\":\"search_term_string\"}}],\"inLanguage\":\"de\"}]}<\/script>\n<!-- \/ Yoast SEO plugin. -->","yoast_head_json":{"title":"Blumenk\u00e4sten in Betonoptik sind zeitlos und anpassungsf\u00e4hig","description":"Die Oberfl\u00e4che ist aus Quarz-Stein und der Kern aus Fiberglas, garantiert Ihnen das die Blumenk\u00e4sten in Betonoptik langlebig und stabil ist.","robots":{"index":"index","follow":"follow","max-snippet":"max-snippet:-1","max-image-preview":"max-image-preview:large","max-video-preview":"max-video-preview:-1"},"canonical":"https:\/\/worldofflowerpots.com\/sklep\/blumenkaesten-in-betonoptik-andrea\/","og_locale":"de_DE","og_type":"article","og_title":"Blumenk\u00e4sten in Betonoptik sind zeitlos und anpassungsf\u00e4hig","og_description":"Die Oberfl\u00e4che ist aus Quarz-Stein und der Kern aus Fiberglas, garantiert Ihnen das die Blumenk\u00e4sten in Betonoptik langlebig und stabil ist.","og_url":"https:\/\/worldofflowerpots.com\/sklep\/blumenkaesten-in-betonoptik-andrea\/","og_site_name":"Blumenk\u00fcbel World of Flowerpots","article_modified_time":"2019-04-16T08:14:29+00:00","og_image":[{"width":2280,"height":1612,"url":"https:\/\/worldofflowerpots.com\/wp-content\/uploads\/2019\/03\/blumenk\u00e4sten-betonoptik-Andrea.jpg","type":"image\/jpeg"}],"twitter_card":"summary_large_image","twitter_misc":{"Gesch\u00e4tzte Lesezeit":"2\u00a0Minuten"},"schema":{"@context":"https:\/\/schema.org","@graph":[{"@type":"WebPage","@id":"https:\/\/worldofflowerpots.com\/sklep\/blumenkaesten-in-betonoptik-andrea\/","url":"https:\/\/worldofflowerpots.com\/sklep\/blumenkaesten-in-betonoptik-andrea\/","name":"Blumenk\u00e4sten in Betonoptik sind zeitlos und anpassungsf\u00e4hig","isPartOf":{"@id":"https:\/\/worldofflowerpots.com\/#website"},"primaryImageOfPage":{"@id":"https:\/\/worldofflowerpots.com\/sklep\/blumenkaesten-in-betonoptik-andrea\/#primaryimage"},"image":{"@id":"https:\/\/worldofflowerpots.com\/sklep\/blumenkaesten-in-betonoptik-andrea\/#primaryimage"},"thumbnailUrl":"https:\/\/worldofflowerpots.com\/wp-content\/uploads\/2019\/03\/blumenk\u00e4sten-betonoptik-Andrea.jpg","datePublished":"2019-03-14T08:16:13+00:00","dateModified":"2019-04-16T08:14:29+00:00","description":"Die Oberfl\u00e4che ist aus Quarz-Stein und der Kern aus Fiberglas, garantiert Ihnen das die Blumenk\u00e4sten in Betonoptik langlebig und stabil ist.","breadcrumb":{"@id":"https:\/\/worldofflowerpots.com\/sklep\/blumenkaesten-in-betonoptik-andrea\/#breadcrumb"},"inLanguage":"de","potentialAction":[{"@type":"ReadAction","target":["https:\/\/worldofflowerpots.com\/sklep\/blumenkaesten-in-betonoptik-andrea\/"]}]},{"@type":"ImageObject","inLanguage":"de","@id":"https:\/\/worldofflowerpots.com\/sklep\/blumenkaesten-in-betonoptik-andrea\/#primaryimage","url":"https:\/\/worldofflowerpots.com\/wp-content\/uploads\/2019\/03\/blumenk\u00e4sten-betonoptik-Andrea.jpg","contentUrl":"https:\/\/worldofflowerpots.com\/wp-content\/uploads\/2019\/03\/blumenk\u00e4sten-betonoptik-Andrea.jpg","width":2280,"height":1612},{"@type":"BreadcrumbList","@id":"https:\/\/worldofflowerpots.com\/sklep\/blumenkaesten-in-betonoptik-andrea\/#breadcrumb","itemListElement":[{"@type":"ListItem","position":1,"name":"Strona g\u0142\u00f3wna","item":"https:\/\/worldofflowerpots.com\/blumenkuebel-grosse-auswahl\/"},{"@type":"ListItem","position":2,"name":"Shop","item":"https:\/\/worldofflowerpots.com\/sortiment\/"},{"@type":"ListItem","position":3,"name":"Blumenk\u00e4sten in Betonoptik: Modell &#8220;Andrea&#8221;"}]},{"@type":"WebSite","@id":"https:\/\/worldofflowerpots.com\/#website","url":"https:\/\/worldofflowerpots.com\/","name":"Blumenk\u00fcbel World of Flowerpots","description":"Pflanzk\u00fcbel beton, blumentr\u00f6ge, blumenk\u00fcbel gro\u00df, cortenstahl, fiberglas","potentialAction":[{"@type":"SearchAction","target":{"@type":"EntryPoint","urlTemplate":"https:\/\/worldofflowerpots.com\/?s={search_term_string}"},"query-input":{"@type":"PropertyValueSpecification","valueRequired":true,"valueName":"search_term_string"}}],"inLanguage":"de"}]}},"_links":{"self":[{"href":"https:\/\/worldofflowerpots.com\/de\/wp-json\/wp\/v2\/product\/55753","targetHints":{"allow":["GET"]}}],"collection":[{"href":"https:\/\/worldofflowerpots.com\/de\/wp-json\/wp\/v2\/product"}],"about":[{"href":"https:\/\/worldofflowerpots.com\/de\/wp-json\/wp\/v2\/types\/product"}],"wp:featuredmedia":[{"embeddable":true,"href":"https:\/\/worldofflowerpots.com\/de\/wp-json\/wp\/v2\/media\/59437"}],"wp:attachment":[{"href":"https:\/\/worldofflowerpots.com\/de\/wp-json\/wp\/v2\/media?parent=55753"}],"wp:term":[{"taxonomy":"product_brand","embeddable":true,"href":"https:\/\/worldofflowerpots.com\/de\/wp-json\/wp\/v2\/product_brand?post=55753"},{"taxonomy":"product_cat","embeddable":true,"href":"https:\/\/worldofflowerpots.com\/de\/wp-json\/wp\/v2\/product_cat?post=55753"},{"taxonomy":"product_tag","embeddable":true,"href":"https:\/\/worldofflowerpots.com\/de\/wp-json\/wp\/v2\/product_tag?post=55753"}],"curies":[{"name":"wp","href":"https:\/\/api.w.org\/{rel}","templated":true}]}}