{"id":55755,"date":"2019-03-14T11:34:46","date_gmt":"2019-03-14T10:34:46","guid":{"rendered":"https:\/\/worldofflowerpots.com\/sklep\/cloe\/"},"modified":"2019-04-16T10:06:08","modified_gmt":"2019-04-16T08:06:08","slug":"pflanzkuebel-aus-stein-in-anthrazit-cloe","status":"publish","type":"product","link":"https:\/\/worldofflowerpots.com\/de\/sortiment\/pflanzkuebel-aus-stein-in-anthrazit-cloe\/","title":{"rendered":"Pflanzk\u00fcbel aus Stein in Anthrazit Model Cloe"},"content":{"rendered":"<h3>Wetterfest, modern und funktional &#8211; der Blumentopf Cloe<\/h3>\n<div>\n<div class=\"preview\">\n<p>Mit klarer Formgebung, die an den geometrischen Grundformen orientiert ist, \u00fcberzeugt dieser Pflanzk\u00fcbel aus Stein in Anthrazit. Mit dem Blumentopf Cloe stehen Ihre Pflanzen immer an erster Stelle! Sein geradlinige Design und seine schlichte Eleganz lenkt nicht von Ihren Lieblingspflanzen ab, sondern setzt sie stilvoll in Szene. Zudem passt der quadratische Pflanzk\u00fcbel in Betonoptik hervorragend zu jeglichen Innen- und Au\u00dfenbereichen. Cloe verf\u00fcgt \u00fcber ein puristische Gestaltung, die problemlos zu vielen unterschiedlichen Einrichtungsstilen harmoniert. Begr\u00fcnen Sie mit diesem modernen Wohnaccessoire Ihre Terrasse, den Balkon, den Wintergarten oder Ihren Wohnbereich!<\/p>\n<h3>Optisch ansprechend und sehr funktional<\/h3>\n<p>Dieser Pflanzk\u00fcbel in Betonoptik besteht innen aus glasfaserverst\u00e4rktem Kunststoff und verf\u00fcgt \u00fcber eine Oberfl\u00e4che aus hochwertigem Quarz-Stein. F\u00fcr seine Herstellung wurden Materialien ausgew\u00e4hlt, die f\u00fcr die Verwendung in Innen- und Au\u00dfenbereichen gleicherma\u00dfen geeignet sind. So ist der Pflanzk\u00fcbel aus Stein in Anthrazit \u00e4u\u00dferst unempfindlich gegen jegliche Witterungsbedigungen. Zudem ist der Pflanzk\u00fcbel in Betonoptik sehr stabil, robust und langlebig. Gegen\u00fcber Frost und UV-Strahlung zeigt sich Cloe unempfindlich. Hei\u00dfe Sommertage und eisige Minustemperaturen k\u00f6nnen dem Blumentopf nichts anhaben. Schadensfrei k\u00f6nnen Sie das sch\u00f6ne St\u00fcck das ganze Jahr \u00fcber drau\u00dfen stehen lassen! Au\u00dferdem besteht der Pflanzk\u00fcbel aus Stein in Anthrazit aus atmungsaktiven Materialien, sodass sich die Wurzeln und die gesamte Pflanze pr\u00e4chtig entwickeln kann. Nicht nur mit bester Funktionalit\u00e4t begeistert Cloe Pflanzenfreunde! Auch optisch hat der Blumentopf jede Menge zu bieten. Sie k\u00f6nnen Ihn in f\u00fcnf unterschiedlichen Farben und schicken Oberfl\u00e4chen-Designs bestellen. Bevorzugen Sie einen wei\u00dfen, grauen, schwarzen oder brauen Pflanztopf? W\u00e4hlen Sie den Pflanzk\u00fcbel aus Stein in Anthrazit mit strukturierter Oberfl\u00e4che, avanciert Cleo zu einem echten Blickfang!<\/p>\n<h3>Ein wunderbar gr\u00fcnes Flair mit einem Pflanzk\u00fcbel in Betonoptik schaffen<\/h3>\n<p>Das Gr\u00fcn von Pflanzen l\u00e4sst unsere Augen ausruhen und gibt ihnen eine wohlverdiente Pause von t\u00e4glicher Bildschirmarbeit. Zudem reinigen Pflanzen die Luft und sorgen rundherum f\u00fcr ein Wohlf\u00fchlambiente Schaffen Sie deshalb mit dem quadratischen Blumentopf Cleo und weiteren Pflanzk\u00fcbeln aus unserem gut sortierten Shop ein begr\u00fcntes Zuhause! Der Pflanzk\u00fcbel in Betonoptik macht sich ebenso gut auf der Terrasse, wie auf dem Balkon, in einer Gartenecke, im Wintergarten oder im Wohnzimmer. Er ist f\u00fcr die vielseitige Nutzung in Ihren privaten und gesch\u00e4ftlichen R\u00e4umen bestens geeignet. Best\u00fccken Sie den Pflanzk\u00fcbel aus Stein in Anthrazit nach Herzenslust mit bunten Fr\u00fchbl\u00fchern, wie Tulpen, Narzissen und Hyazinthen! Im Sommer machen sich darin zum Beispiel hitzeunempflindliche Rosenst\u00f6cken sehr gut. Winterliche Arrangements mit duftenden Tannenzweigen und Weihnachtsschmuck verleihen Cloe wieder einen neuen Anstrich. Im Herbst kann der Steintopf beispielsweise mit Heidekraut oder Zierkohl bepflanzt werden.<\/p>\n<h3>Einen Pflanzk\u00fcbel aus Stein in Anthrazit bei worldofflowerpots.de kaufen<\/h3>\n<p>M\u00f6chten Sie den puristischen Blumentopf Cleo gern bestellen? Dann bestellen Sie das hochwertige Produkt mit wenigen Klicks und freue sich \u00fcber eine baldige Lieferung direkt zu Ihnen nach Hause! Wir versenden alle unsre Pflanzk\u00fcbel in Betonoptik mit hochwertiger Verpackung, Besch\u00e4digungen zu vermeiden. Bei aufkommenden Fragen zur Bestellung, Lieferung oder zu geschmackvollen Kombinationsm\u00f6glichkeiten erreichen Sie unsere freundlichen Mitarbeiter telefonisch oder per E-Mail.<\/p>\n<\/div>\n<\/div>\n","protected":false},"excerpt":{"rendered":"<p>Material: Kern Fiberglas Oberfl\u00e4che Quarz- Stein<br \/>\nFarben: wei\u00df, grau, schwarz und 2 braune Farbt\u00f6ne<br \/>\nUV-resistent<\/p>\n<p>Gewicht: 15 kg<br \/>\nAbmessungen: B500mm H500mm L500mm<br \/>\nWetterfest<\/p>\n<p>Robust und Stabil<br \/>\nFrostbest\u00e4ndig bei gew\u00e4hrleistetem Wasserablauf<\/p>\n","protected":false},"featured_media":59415,"template":"","meta":{"_acf_changed":false},"product_brand":[],"product_cat":[386],"product_tag":[],"class_list":{"0":"post-55755","1":"product","2":"type-product","3":"status-publish","4":"has-post-thumbnail","6":"product_cat-pflanzkuebel-fiberglas-stone","7":"description-off","8":"tm-has-options","10":"first","11":"instock","12":"shipping-taxable","13":"purchasable","14":"product-type-simple"},"acf":[],"yoast_head":"<!-- This site is optimized with the Yoast SEO plugin v27.5 - https:\/\/yoast.com\/product\/yoast-seo-wordpress\/ -->\n<title>Pflanzk\u00fcbel aus Stein in Anthrazit \u00e4u\u00dferst unempfindlich<\/title>\n<meta name=\"description\" content=\"Pflanzk\u00fcbel aus Stein in Anthrazit mit strukturierter Oberfl\u00e4che f\u00fcr die Verwendung in Innen- und Au\u00dfenbereichen gleicherma\u00dfen geeignet sind.\" \/>\n<meta name=\"robots\" content=\"index, follow, max-snippet:-1, max-image-preview:large, max-video-preview:-1\" \/>\n<link rel=\"canonical\" href=\"https:\/\/worldofflowerpots.com\/sklep\/pflanzkuebel-aus-stein-in-anthrazit-cloe\/\" \/>\n<meta property=\"og:locale\" content=\"de_DE\" \/>\n<meta property=\"og:type\" content=\"article\" \/>\n<meta property=\"og:title\" content=\"Pflanzk\u00fcbel aus Stein in Anthrazit \u00e4u\u00dferst unempfindlich\" \/>\n<meta property=\"og:description\" content=\"Pflanzk\u00fcbel aus Stein in Anthrazit mit strukturierter Oberfl\u00e4che f\u00fcr die Verwendung in Innen- und Au\u00dfenbereichen gleicherma\u00dfen geeignet sind.\" \/>\n<meta property=\"og:url\" content=\"https:\/\/worldofflowerpots.com\/sklep\/pflanzkuebel-aus-stein-in-anthrazit-cloe\/\" \/>\n<meta property=\"og:site_name\" content=\"Blumenk\u00fcbel World of Flowerpots\" \/>\n<meta property=\"article:modified_time\" content=\"2019-04-16T08:06:08+00:00\" \/>\n<meta property=\"og:image\" content=\"https:\/\/worldofflowerpots.com\/wp-content\/uploads\/2019\/03\/pflanzk\u00fcbel-stein-anthrazit-Cloe.jpg\" \/>\n\t<meta property=\"og:image:width\" content=\"2280\" \/>\n\t<meta property=\"og:image:height\" content=\"1612\" \/>\n\t<meta property=\"og:image:type\" content=\"image\/jpeg\" \/>\n<meta name=\"twitter:card\" content=\"summary_large_image\" \/>\n<meta name=\"twitter:label1\" content=\"Gesch\u00e4tzte Lesezeit\" \/>\n\t<meta name=\"twitter:data1\" content=\"3\u00a0Minuten\" \/>\n<script type=\"application\/ld+json\" class=\"yoast-schema-graph\">{\"@context\":\"https:\\\/\\\/schema.org\",\"@graph\":[{\"@type\":\"WebPage\",\"@id\":\"https:\\\/\\\/worldofflowerpots.com\\\/sklep\\\/pflanzkuebel-aus-stein-in-anthrazit-cloe\\\/\",\"url\":\"https:\\\/\\\/worldofflowerpots.com\\\/sklep\\\/pflanzkuebel-aus-stein-in-anthrazit-cloe\\\/\",\"name\":\"Pflanzk\u00fcbel aus Stein in Anthrazit \u00e4u\u00dferst unempfindlich\",\"isPartOf\":{\"@id\":\"https:\\\/\\\/worldofflowerpots.com\\\/#website\"},\"primaryImageOfPage\":{\"@id\":\"https:\\\/\\\/worldofflowerpots.com\\\/sklep\\\/pflanzkuebel-aus-stein-in-anthrazit-cloe\\\/#primaryimage\"},\"image\":{\"@id\":\"https:\\\/\\\/worldofflowerpots.com\\\/sklep\\\/pflanzkuebel-aus-stein-in-anthrazit-cloe\\\/#primaryimage\"},\"thumbnailUrl\":\"https:\\\/\\\/worldofflowerpots.com\\\/wp-content\\\/uploads\\\/2019\\\/03\\\/pflanzk\u00fcbel-stein-anthrazit-Cloe.jpg\",\"datePublished\":\"2019-03-14T10:34:46+00:00\",\"dateModified\":\"2019-04-16T08:06:08+00:00\",\"description\":\"Pflanzk\u00fcbel aus Stein in Anthrazit mit strukturierter Oberfl\u00e4che f\u00fcr die Verwendung in Innen- und Au\u00dfenbereichen gleicherma\u00dfen geeignet sind.\",\"breadcrumb\":{\"@id\":\"https:\\\/\\\/worldofflowerpots.com\\\/sklep\\\/pflanzkuebel-aus-stein-in-anthrazit-cloe\\\/#breadcrumb\"},\"inLanguage\":\"de\",\"potentialAction\":[{\"@type\":\"ReadAction\",\"target\":[\"https:\\\/\\\/worldofflowerpots.com\\\/sklep\\\/pflanzkuebel-aus-stein-in-anthrazit-cloe\\\/\"]}]},{\"@type\":\"ImageObject\",\"inLanguage\":\"de\",\"@id\":\"https:\\\/\\\/worldofflowerpots.com\\\/sklep\\\/pflanzkuebel-aus-stein-in-anthrazit-cloe\\\/#primaryimage\",\"url\":\"https:\\\/\\\/worldofflowerpots.com\\\/wp-content\\\/uploads\\\/2019\\\/03\\\/pflanzk\u00fcbel-stein-anthrazit-Cloe.jpg\",\"contentUrl\":\"https:\\\/\\\/worldofflowerpots.com\\\/wp-content\\\/uploads\\\/2019\\\/03\\\/pflanzk\u00fcbel-stein-anthrazit-Cloe.jpg\",\"width\":2280,\"height\":1612},{\"@type\":\"BreadcrumbList\",\"@id\":\"https:\\\/\\\/worldofflowerpots.com\\\/sklep\\\/pflanzkuebel-aus-stein-in-anthrazit-cloe\\\/#breadcrumb\",\"itemListElement\":[{\"@type\":\"ListItem\",\"position\":1,\"name\":\"Strona g\u0142\u00f3wna\",\"item\":\"https:\\\/\\\/worldofflowerpots.com\\\/blumenkuebel-grosse-auswahl\\\/\"},{\"@type\":\"ListItem\",\"position\":2,\"name\":\"Shop\",\"item\":\"https:\\\/\\\/worldofflowerpots.com\\\/sortiment\\\/\"},{\"@type\":\"ListItem\",\"position\":3,\"name\":\"Pflanzk\u00fcbel aus Stein in Anthrazit Model Cloe\"}]},{\"@type\":\"WebSite\",\"@id\":\"https:\\\/\\\/worldofflowerpots.com\\\/#website\",\"url\":\"https:\\\/\\\/worldofflowerpots.com\\\/\",\"name\":\"Blumenk\u00fcbel World of Flowerpots\",\"description\":\"Pflanzk\u00fcbel beton, blumentr\u00f6ge, blumenk\u00fcbel gro\u00df, cortenstahl, fiberglas\",\"potentialAction\":[{\"@type\":\"SearchAction\",\"target\":{\"@type\":\"EntryPoint\",\"urlTemplate\":\"https:\\\/\\\/worldofflowerpots.com\\\/?s={search_term_string}\"},\"query-input\":{\"@type\":\"PropertyValueSpecification\",\"valueRequired\":true,\"valueName\":\"search_term_string\"}}],\"inLanguage\":\"de\"}]}<\/script>\n<!-- \/ Yoast SEO plugin. -->","yoast_head_json":{"title":"Pflanzk\u00fcbel aus Stein in Anthrazit \u00e4u\u00dferst unempfindlich","description":"Pflanzk\u00fcbel aus Stein in Anthrazit mit strukturierter Oberfl\u00e4che f\u00fcr die Verwendung in Innen- und Au\u00dfenbereichen gleicherma\u00dfen geeignet sind.","robots":{"index":"index","follow":"follow","max-snippet":"max-snippet:-1","max-image-preview":"max-image-preview:large","max-video-preview":"max-video-preview:-1"},"canonical":"https:\/\/worldofflowerpots.com\/sklep\/pflanzkuebel-aus-stein-in-anthrazit-cloe\/","og_locale":"de_DE","og_type":"article","og_title":"Pflanzk\u00fcbel aus Stein in Anthrazit \u00e4u\u00dferst unempfindlich","og_description":"Pflanzk\u00fcbel aus Stein in Anthrazit mit strukturierter Oberfl\u00e4che f\u00fcr die Verwendung in Innen- und Au\u00dfenbereichen gleicherma\u00dfen geeignet sind.","og_url":"https:\/\/worldofflowerpots.com\/sklep\/pflanzkuebel-aus-stein-in-anthrazit-cloe\/","og_site_name":"Blumenk\u00fcbel World of Flowerpots","article_modified_time":"2019-04-16T08:06:08+00:00","og_image":[{"width":2280,"height":1612,"url":"https:\/\/worldofflowerpots.com\/wp-content\/uploads\/2019\/03\/pflanzk\u00fcbel-stein-anthrazit-Cloe.jpg","type":"image\/jpeg"}],"twitter_card":"summary_large_image","twitter_misc":{"Gesch\u00e4tzte Lesezeit":"3\u00a0Minuten"},"schema":{"@context":"https:\/\/schema.org","@graph":[{"@type":"WebPage","@id":"https:\/\/worldofflowerpots.com\/sklep\/pflanzkuebel-aus-stein-in-anthrazit-cloe\/","url":"https:\/\/worldofflowerpots.com\/sklep\/pflanzkuebel-aus-stein-in-anthrazit-cloe\/","name":"Pflanzk\u00fcbel aus Stein in Anthrazit \u00e4u\u00dferst unempfindlich","isPartOf":{"@id":"https:\/\/worldofflowerpots.com\/#website"},"primaryImageOfPage":{"@id":"https:\/\/worldofflowerpots.com\/sklep\/pflanzkuebel-aus-stein-in-anthrazit-cloe\/#primaryimage"},"image":{"@id":"https:\/\/worldofflowerpots.com\/sklep\/pflanzkuebel-aus-stein-in-anthrazit-cloe\/#primaryimage"},"thumbnailUrl":"https:\/\/worldofflowerpots.com\/wp-content\/uploads\/2019\/03\/pflanzk\u00fcbel-stein-anthrazit-Cloe.jpg","datePublished":"2019-03-14T10:34:46+00:00","dateModified":"2019-04-16T08:06:08+00:00","description":"Pflanzk\u00fcbel aus Stein in Anthrazit mit strukturierter Oberfl\u00e4che f\u00fcr die Verwendung in Innen- und Au\u00dfenbereichen gleicherma\u00dfen geeignet sind.","breadcrumb":{"@id":"https:\/\/worldofflowerpots.com\/sklep\/pflanzkuebel-aus-stein-in-anthrazit-cloe\/#breadcrumb"},"inLanguage":"de","potentialAction":[{"@type":"ReadAction","target":["https:\/\/worldofflowerpots.com\/sklep\/pflanzkuebel-aus-stein-in-anthrazit-cloe\/"]}]},{"@type":"ImageObject","inLanguage":"de","@id":"https:\/\/worldofflowerpots.com\/sklep\/pflanzkuebel-aus-stein-in-anthrazit-cloe\/#primaryimage","url":"https:\/\/worldofflowerpots.com\/wp-content\/uploads\/2019\/03\/pflanzk\u00fcbel-stein-anthrazit-Cloe.jpg","contentUrl":"https:\/\/worldofflowerpots.com\/wp-content\/uploads\/2019\/03\/pflanzk\u00fcbel-stein-anthrazit-Cloe.jpg","width":2280,"height":1612},{"@type":"BreadcrumbList","@id":"https:\/\/worldofflowerpots.com\/sklep\/pflanzkuebel-aus-stein-in-anthrazit-cloe\/#breadcrumb","itemListElement":[{"@type":"ListItem","position":1,"name":"Strona g\u0142\u00f3wna","item":"https:\/\/worldofflowerpots.com\/blumenkuebel-grosse-auswahl\/"},{"@type":"ListItem","position":2,"name":"Shop","item":"https:\/\/worldofflowerpots.com\/sortiment\/"},{"@type":"ListItem","position":3,"name":"Pflanzk\u00fcbel aus Stein in Anthrazit Model Cloe"}]},{"@type":"WebSite","@id":"https:\/\/worldofflowerpots.com\/#website","url":"https:\/\/worldofflowerpots.com\/","name":"Blumenk\u00fcbel World of Flowerpots","description":"Pflanzk\u00fcbel beton, blumentr\u00f6ge, blumenk\u00fcbel gro\u00df, cortenstahl, fiberglas","potentialAction":[{"@type":"SearchAction","target":{"@type":"EntryPoint","urlTemplate":"https:\/\/worldofflowerpots.com\/?s={search_term_string}"},"query-input":{"@type":"PropertyValueSpecification","valueRequired":true,"valueName":"search_term_string"}}],"inLanguage":"de"}]}},"_links":{"self":[{"href":"https:\/\/worldofflowerpots.com\/de\/wp-json\/wp\/v2\/product\/55755","targetHints":{"allow":["GET"]}}],"collection":[{"href":"https:\/\/worldofflowerpots.com\/de\/wp-json\/wp\/v2\/product"}],"about":[{"href":"https:\/\/worldofflowerpots.com\/de\/wp-json\/wp\/v2\/types\/product"}],"wp:featuredmedia":[{"embeddable":true,"href":"https:\/\/worldofflowerpots.com\/de\/wp-json\/wp\/v2\/media\/59415"}],"wp:attachment":[{"href":"https:\/\/worldofflowerpots.com\/de\/wp-json\/wp\/v2\/media?parent=55755"}],"wp:term":[{"taxonomy":"product_brand","embeddable":true,"href":"https:\/\/worldofflowerpots.com\/de\/wp-json\/wp\/v2\/product_brand?post=55755"},{"taxonomy":"product_cat","embeddable":true,"href":"https:\/\/worldofflowerpots.com\/de\/wp-json\/wp\/v2\/product_cat?post=55755"},{"taxonomy":"product_tag","embeddable":true,"href":"https:\/\/worldofflowerpots.com\/de\/wp-json\/wp\/v2\/product_tag?post=55755"}],"curies":[{"name":"wp","href":"https:\/\/api.w.org\/{rel}","templated":true}]}}