{"id":55756,"date":"2019-03-14T11:47:38","date_gmt":"2019-03-14T10:47:38","guid":{"rendered":"https:\/\/worldofflowerpots.com\/sklep\/anna\/"},"modified":"2019-04-16T10:04:15","modified_gmt":"2019-04-16T08:04:15","slug":"pflanzkuebel-anthrazit-aus-fiberglas-anna","status":"publish","type":"product","link":"https:\/\/worldofflowerpots.com\/de\/sortiment\/pflanzkuebel-anthrazit-aus-fiberglas-anna\/","title":{"rendered":"Pflanzk\u00fcbel Anthrazit aus Fiberglas Anna"},"content":{"rendered":"<h3>Der Pflanzk\u00fcbel Anthrazit aus Fiberglas bietet \u00fcberragende Qualit\u00e4t<\/h3>\n<p>Der Pflanzk\u00fcbel Anna in Betonoptik trotzt nicht nur Wind und Wetter, sondern beh\u00e4lt seine hohe Qualit\u00e4t auch bei Minusgrade. Egal welche Temperaturtiefs er im Winter erleiden muss, Sie k\u00f6nnen sich auf seine Frostbest\u00e4ndigkeit verlassen. Denn ein st\u00e4ndiger Wasserablauf ist gew\u00e4hrleistet und so kann Eis diesem Pflanzk\u00fcbel in Betonoptik nichts anhaben. Auch intensive Sonnenstrahlen im Sommer mindern dank UV-Resistenz nicht die Qualit\u00e4t. Denn grunds\u00e4tzlich werden nur beste Materialien f\u00fcr den Pflanzk\u00fcbel Anna verwendet. Der Kern besteht aus Fiberglas. Dieses Material sorgt daf\u00fcr, dass der Pflanzk\u00fcbel in Betonoptik robust und stabil ist. F\u00fcr Sie gilt demzufolge, dass Sie sich nur Gedanken machen m\u00fcssen, mit welcher Pflanze Sie den Pflanzk\u00fcbel Anthrazit aus Fiberglas best\u00fccken und sich auf seine Langlebigkeit verlassen k\u00f6nnen.<\/p>\n<h3>Der Pflanzk\u00fcbel in Betonoptik steht f\u00fcr zeitloses Design<\/h3>\n<p>Sie suchen nach zeitlosem Design? Sie sind \u00fcberzeugt, dass Funktionalit\u00e4t nicht der Form folgen muss? Sondern Sie wollen keine Kompromisse eingehen, wenn es um die Sch\u00f6nheit eines Gegenstands geht? Dann ist dieser Pflanzk\u00fcbel Anthrazit aus Fiberglas genau der richtige f\u00fcr Sie. Mit seiner Quarzoberfl\u00e4che signalisiert er schon von weitem Stil und Geschmack. Seine Form erf\u00fcllt nicht nur die Aufgabe eines Pflanzk\u00fcbels, sondern erfreut auch das Auge. Die gleichm\u00e4\u00dfigen Abmessungen von 600 mm x 600 mm x 600 mm machen ihn zu einem wahren Hingucker. Und auch nach Jahren der Nutzung beh\u00e4lt die sehr robuste Oberfl\u00e4che ihr stilvolles, sauberes Aussehen.<\/p>\n<h3>Der Pflanzk\u00fcbel Anthrazit aus Fiberglas ist wandelbar<\/h3>\n<p>Der Quarz auf der Oberfl\u00e4che wird wie der Putz an einer Fassade aufgetragen. Das verschafft Ihnen die M\u00f6glichkeit, den Pflanzk\u00fcbel jederzeit in einer neuen Farbe erstrahlen zu lassen. Einfach die gew\u00fcnschte Fassadenfarbe w\u00e4hlen und nach einem kurzen Anstrich hat sich der Pflanzk\u00fcbel in Betonoptik schon Ihren W\u00fcnschen angepasst. Somit ist die Gefahr gebannt, dass er in einigen Jahren nicht mehr zu Ihrer gew\u00e4hlten Farbpalette im Garten oder auf dem Balkon passt.<\/p>\n","protected":false},"excerpt":{"rendered":"<p>Material: Kern Fiberglas Oberfl\u00e4che Quarz- Stein<br \/>\nFarben: wei\u00df, grau, schwarz und 2 braune Farbt\u00f6ne<br \/>\nUV-resistent<\/p>\n<p>Gewicht: 18 kg<br \/>\nAbmessungen: B600mm H600mm L600mm<br \/>\nWetterfest<\/p>\n<p>Robust und Stabil<br \/>\nFrostbest\u00e4ndig bei gew\u00e4hrleistetem Wasserablauf<\/p>\n","protected":false},"featured_media":59405,"template":"","meta":{"_acf_changed":false},"product_brand":[],"product_cat":[386],"product_tag":[],"class_list":{"0":"post-55756","1":"product","2":"type-product","3":"status-publish","4":"has-post-thumbnail","6":"product_cat-pflanzkuebel-fiberglas-stone","7":"description-off","8":"tm-has-options","10":"first","11":"instock","12":"shipping-taxable","13":"purchasable","14":"product-type-simple"},"acf":[],"yoast_head":"<!-- This site is optimized with the Yoast SEO plugin v27.5 - https:\/\/yoast.com\/product\/yoast-seo-wordpress\/ -->\n<title>Pflanzk\u00fcbel Anthrazit aus Fiberglas mit seiner Quarzoberfl\u00e4che<\/title>\n<meta name=\"description\" content=\"Pflanzk\u00fcbel Anthrazit aus Fiberglas bietet \u00fcberragende Qualit\u00e4t, seine Frostbest\u00e4ndigkeit UV-Resistenz durch Quarzoberfl\u00e4che\" \/>\n<meta name=\"robots\" content=\"index, follow, max-snippet:-1, max-image-preview:large, max-video-preview:-1\" \/>\n<link rel=\"canonical\" href=\"https:\/\/worldofflowerpots.com\/sklep\/pflanzkuebel-anthrazit-aus-fiberglas-anna\/\" \/>\n<meta property=\"og:locale\" content=\"de_DE\" \/>\n<meta property=\"og:type\" content=\"article\" \/>\n<meta property=\"og:title\" content=\"Pflanzk\u00fcbel Anthrazit aus Fiberglas mit seiner Quarzoberfl\u00e4che\" \/>\n<meta property=\"og:description\" content=\"Pflanzk\u00fcbel Anthrazit aus Fiberglas bietet \u00fcberragende Qualit\u00e4t, seine Frostbest\u00e4ndigkeit UV-Resistenz durch Quarzoberfl\u00e4che\" \/>\n<meta property=\"og:url\" content=\"https:\/\/worldofflowerpots.com\/sklep\/pflanzkuebel-anthrazit-aus-fiberglas-anna\/\" \/>\n<meta property=\"og:site_name\" content=\"Blumenk\u00fcbel World of Flowerpots\" \/>\n<meta property=\"article:modified_time\" content=\"2019-04-16T08:04:15+00:00\" \/>\n<meta property=\"og:image\" content=\"https:\/\/worldofflowerpots.com\/wp-content\/uploads\/2019\/03\/pflanzk\u00fcbel-anthrazit-fiberglas-Anna.jpg\" \/>\n\t<meta property=\"og:image:width\" content=\"2280\" \/>\n\t<meta property=\"og:image:height\" content=\"1612\" \/>\n\t<meta property=\"og:image:type\" content=\"image\/jpeg\" \/>\n<meta name=\"twitter:card\" content=\"summary_large_image\" \/>\n<meta name=\"twitter:label1\" content=\"Gesch\u00e4tzte Lesezeit\" \/>\n\t<meta name=\"twitter:data1\" content=\"2\u00a0Minuten\" \/>\n<script type=\"application\/ld+json\" class=\"yoast-schema-graph\">{\"@context\":\"https:\\\/\\\/schema.org\",\"@graph\":[{\"@type\":\"WebPage\",\"@id\":\"https:\\\/\\\/worldofflowerpots.com\\\/sklep\\\/pflanzkuebel-anthrazit-aus-fiberglas-anna\\\/\",\"url\":\"https:\\\/\\\/worldofflowerpots.com\\\/sklep\\\/pflanzkuebel-anthrazit-aus-fiberglas-anna\\\/\",\"name\":\"Pflanzk\u00fcbel Anthrazit aus Fiberglas mit seiner Quarzoberfl\u00e4che\",\"isPartOf\":{\"@id\":\"https:\\\/\\\/worldofflowerpots.com\\\/#website\"},\"primaryImageOfPage\":{\"@id\":\"https:\\\/\\\/worldofflowerpots.com\\\/sklep\\\/pflanzkuebel-anthrazit-aus-fiberglas-anna\\\/#primaryimage\"},\"image\":{\"@id\":\"https:\\\/\\\/worldofflowerpots.com\\\/sklep\\\/pflanzkuebel-anthrazit-aus-fiberglas-anna\\\/#primaryimage\"},\"thumbnailUrl\":\"https:\\\/\\\/worldofflowerpots.com\\\/wp-content\\\/uploads\\\/2019\\\/03\\\/pflanzk\u00fcbel-anthrazit-fiberglas-Anna.jpg\",\"datePublished\":\"2019-03-14T10:47:38+00:00\",\"dateModified\":\"2019-04-16T08:04:15+00:00\",\"description\":\"Pflanzk\u00fcbel Anthrazit aus Fiberglas bietet \u00fcberragende Qualit\u00e4t, seine Frostbest\u00e4ndigkeit UV-Resistenz durch Quarzoberfl\u00e4che\",\"breadcrumb\":{\"@id\":\"https:\\\/\\\/worldofflowerpots.com\\\/sklep\\\/pflanzkuebel-anthrazit-aus-fiberglas-anna\\\/#breadcrumb\"},\"inLanguage\":\"de\",\"potentialAction\":[{\"@type\":\"ReadAction\",\"target\":[\"https:\\\/\\\/worldofflowerpots.com\\\/sklep\\\/pflanzkuebel-anthrazit-aus-fiberglas-anna\\\/\"]}]},{\"@type\":\"ImageObject\",\"inLanguage\":\"de\",\"@id\":\"https:\\\/\\\/worldofflowerpots.com\\\/sklep\\\/pflanzkuebel-anthrazit-aus-fiberglas-anna\\\/#primaryimage\",\"url\":\"https:\\\/\\\/worldofflowerpots.com\\\/wp-content\\\/uploads\\\/2019\\\/03\\\/pflanzk\u00fcbel-anthrazit-fiberglas-Anna.jpg\",\"contentUrl\":\"https:\\\/\\\/worldofflowerpots.com\\\/wp-content\\\/uploads\\\/2019\\\/03\\\/pflanzk\u00fcbel-anthrazit-fiberglas-Anna.jpg\",\"width\":2280,\"height\":1612},{\"@type\":\"BreadcrumbList\",\"@id\":\"https:\\\/\\\/worldofflowerpots.com\\\/sklep\\\/pflanzkuebel-anthrazit-aus-fiberglas-anna\\\/#breadcrumb\",\"itemListElement\":[{\"@type\":\"ListItem\",\"position\":1,\"name\":\"Strona g\u0142\u00f3wna\",\"item\":\"https:\\\/\\\/worldofflowerpots.com\\\/blumenkuebel-grosse-auswahl\\\/\"},{\"@type\":\"ListItem\",\"position\":2,\"name\":\"Shop\",\"item\":\"https:\\\/\\\/worldofflowerpots.com\\\/sortiment\\\/\"},{\"@type\":\"ListItem\",\"position\":3,\"name\":\"Pflanzk\u00fcbel Anthrazit aus Fiberglas Anna\"}]},{\"@type\":\"WebSite\",\"@id\":\"https:\\\/\\\/worldofflowerpots.com\\\/#website\",\"url\":\"https:\\\/\\\/worldofflowerpots.com\\\/\",\"name\":\"Blumenk\u00fcbel World of Flowerpots\",\"description\":\"Pflanzk\u00fcbel beton, blumentr\u00f6ge, blumenk\u00fcbel gro\u00df, cortenstahl, fiberglas\",\"potentialAction\":[{\"@type\":\"SearchAction\",\"target\":{\"@type\":\"EntryPoint\",\"urlTemplate\":\"https:\\\/\\\/worldofflowerpots.com\\\/?s={search_term_string}\"},\"query-input\":{\"@type\":\"PropertyValueSpecification\",\"valueRequired\":true,\"valueName\":\"search_term_string\"}}],\"inLanguage\":\"de\"}]}<\/script>\n<!-- \/ Yoast SEO plugin. -->","yoast_head_json":{"title":"Pflanzk\u00fcbel Anthrazit aus Fiberglas mit seiner Quarzoberfl\u00e4che","description":"Pflanzk\u00fcbel Anthrazit aus Fiberglas bietet \u00fcberragende Qualit\u00e4t, seine Frostbest\u00e4ndigkeit UV-Resistenz durch Quarzoberfl\u00e4che","robots":{"index":"index","follow":"follow","max-snippet":"max-snippet:-1","max-image-preview":"max-image-preview:large","max-video-preview":"max-video-preview:-1"},"canonical":"https:\/\/worldofflowerpots.com\/sklep\/pflanzkuebel-anthrazit-aus-fiberglas-anna\/","og_locale":"de_DE","og_type":"article","og_title":"Pflanzk\u00fcbel Anthrazit aus Fiberglas mit seiner Quarzoberfl\u00e4che","og_description":"Pflanzk\u00fcbel Anthrazit aus Fiberglas bietet \u00fcberragende Qualit\u00e4t, seine Frostbest\u00e4ndigkeit UV-Resistenz durch Quarzoberfl\u00e4che","og_url":"https:\/\/worldofflowerpots.com\/sklep\/pflanzkuebel-anthrazit-aus-fiberglas-anna\/","og_site_name":"Blumenk\u00fcbel World of Flowerpots","article_modified_time":"2019-04-16T08:04:15+00:00","og_image":[{"width":2280,"height":1612,"url":"https:\/\/worldofflowerpots.com\/wp-content\/uploads\/2019\/03\/pflanzk\u00fcbel-anthrazit-fiberglas-Anna.jpg","type":"image\/jpeg"}],"twitter_card":"summary_large_image","twitter_misc":{"Gesch\u00e4tzte Lesezeit":"2\u00a0Minuten"},"schema":{"@context":"https:\/\/schema.org","@graph":[{"@type":"WebPage","@id":"https:\/\/worldofflowerpots.com\/sklep\/pflanzkuebel-anthrazit-aus-fiberglas-anna\/","url":"https:\/\/worldofflowerpots.com\/sklep\/pflanzkuebel-anthrazit-aus-fiberglas-anna\/","name":"Pflanzk\u00fcbel Anthrazit aus Fiberglas mit seiner Quarzoberfl\u00e4che","isPartOf":{"@id":"https:\/\/worldofflowerpots.com\/#website"},"primaryImageOfPage":{"@id":"https:\/\/worldofflowerpots.com\/sklep\/pflanzkuebel-anthrazit-aus-fiberglas-anna\/#primaryimage"},"image":{"@id":"https:\/\/worldofflowerpots.com\/sklep\/pflanzkuebel-anthrazit-aus-fiberglas-anna\/#primaryimage"},"thumbnailUrl":"https:\/\/worldofflowerpots.com\/wp-content\/uploads\/2019\/03\/pflanzk\u00fcbel-anthrazit-fiberglas-Anna.jpg","datePublished":"2019-03-14T10:47:38+00:00","dateModified":"2019-04-16T08:04:15+00:00","description":"Pflanzk\u00fcbel Anthrazit aus Fiberglas bietet \u00fcberragende Qualit\u00e4t, seine Frostbest\u00e4ndigkeit UV-Resistenz durch Quarzoberfl\u00e4che","breadcrumb":{"@id":"https:\/\/worldofflowerpots.com\/sklep\/pflanzkuebel-anthrazit-aus-fiberglas-anna\/#breadcrumb"},"inLanguage":"de","potentialAction":[{"@type":"ReadAction","target":["https:\/\/worldofflowerpots.com\/sklep\/pflanzkuebel-anthrazit-aus-fiberglas-anna\/"]}]},{"@type":"ImageObject","inLanguage":"de","@id":"https:\/\/worldofflowerpots.com\/sklep\/pflanzkuebel-anthrazit-aus-fiberglas-anna\/#primaryimage","url":"https:\/\/worldofflowerpots.com\/wp-content\/uploads\/2019\/03\/pflanzk\u00fcbel-anthrazit-fiberglas-Anna.jpg","contentUrl":"https:\/\/worldofflowerpots.com\/wp-content\/uploads\/2019\/03\/pflanzk\u00fcbel-anthrazit-fiberglas-Anna.jpg","width":2280,"height":1612},{"@type":"BreadcrumbList","@id":"https:\/\/worldofflowerpots.com\/sklep\/pflanzkuebel-anthrazit-aus-fiberglas-anna\/#breadcrumb","itemListElement":[{"@type":"ListItem","position":1,"name":"Strona g\u0142\u00f3wna","item":"https:\/\/worldofflowerpots.com\/blumenkuebel-grosse-auswahl\/"},{"@type":"ListItem","position":2,"name":"Shop","item":"https:\/\/worldofflowerpots.com\/sortiment\/"},{"@type":"ListItem","position":3,"name":"Pflanzk\u00fcbel Anthrazit aus Fiberglas Anna"}]},{"@type":"WebSite","@id":"https:\/\/worldofflowerpots.com\/#website","url":"https:\/\/worldofflowerpots.com\/","name":"Blumenk\u00fcbel World of Flowerpots","description":"Pflanzk\u00fcbel beton, blumentr\u00f6ge, blumenk\u00fcbel gro\u00df, cortenstahl, fiberglas","potentialAction":[{"@type":"SearchAction","target":{"@type":"EntryPoint","urlTemplate":"https:\/\/worldofflowerpots.com\/?s={search_term_string}"},"query-input":{"@type":"PropertyValueSpecification","valueRequired":true,"valueName":"search_term_string"}}],"inLanguage":"de"}]}},"_links":{"self":[{"href":"https:\/\/worldofflowerpots.com\/de\/wp-json\/wp\/v2\/product\/55756","targetHints":{"allow":["GET"]}}],"collection":[{"href":"https:\/\/worldofflowerpots.com\/de\/wp-json\/wp\/v2\/product"}],"about":[{"href":"https:\/\/worldofflowerpots.com\/de\/wp-json\/wp\/v2\/types\/product"}],"wp:featuredmedia":[{"embeddable":true,"href":"https:\/\/worldofflowerpots.com\/de\/wp-json\/wp\/v2\/media\/59405"}],"wp:attachment":[{"href":"https:\/\/worldofflowerpots.com\/de\/wp-json\/wp\/v2\/media?parent=55756"}],"wp:term":[{"taxonomy":"product_brand","embeddable":true,"href":"https:\/\/worldofflowerpots.com\/de\/wp-json\/wp\/v2\/product_brand?post=55756"},{"taxonomy":"product_cat","embeddable":true,"href":"https:\/\/worldofflowerpots.com\/de\/wp-json\/wp\/v2\/product_cat?post=55756"},{"taxonomy":"product_tag","embeddable":true,"href":"https:\/\/worldofflowerpots.com\/de\/wp-json\/wp\/v2\/product_tag?post=55756"}],"curies":[{"name":"wp","href":"https:\/\/api.w.org\/{rel}","templated":true}]}}