{"id":55757,"date":"2019-03-14T13:33:22","date_gmt":"2019-03-14T12:33:22","guid":{"rendered":"https:\/\/worldofflowerpots.com\/sklep\/laura\/"},"modified":"2019-04-16T09:58:40","modified_gmt":"2019-04-16T07:58:40","slug":"pflanzgefaesse-leichtbeton-laura","status":"publish","type":"product","link":"https:\/\/worldofflowerpots.com\/de\/sortiment\/pflanzgefaesse-leichtbeton-laura\/","title":{"rendered":"Pflanzgef\u00e4\u00dfe Leichtbeton Laura"},"content":{"rendered":"<h3>Pflanzk\u00fcbel Laura in Betonoptik f\u00fcr gro\u00dfe Pflanzen<\/h3>\n<p>&nbsp;<\/p>\n<div>\n<div class=\"preview\">\n<p>Aus der Serie Stone stellen wir Ihnen hier &#8222;Laura&#8220;, eines unserer eleganten Pflanzgef\u00e4\u00dfe Leichtbeton vor. Der kompakte W\u00fcrfel in Betonoptik mit dem Seitenma\u00df 80 cm eignet sich besonders gut f\u00fcr die verschiedensten Gro\u00dfpflanzen wie Palmen, Bambus, hochw\u00fcchsige Passionsblumen oder japanischen Ahorn. Sie k\u00f6nnen mit diesem Pflanzgef\u00e4\u00df einen wundersch\u00f6nen Hingucker auf Ihrer Terrasse oder auf einer Rasenfl\u00e4che schaffen. Alternativ k\u00f6nnen Sie mehrere hoch bepflanzte Pflanzk\u00fcbel Betonoptik als Sichtschutz um Ihren Sitzbereich gruppieren.<\/p>\n<h3>Pflanzgef\u00e4\u00dfe Leichtbeton f\u00fcr bestes Pflanzenwachstum<\/h3>\n<p>Dieser schicke Pflanzk\u00fcbel Betonoptik &#8222;Laura&#8220; sorgt f\u00fcr optimales Klima zum Gedeihen Ihrer Gro\u00dfpflanzen im Freien. Unsere Pflanzgef\u00e4\u00dfe Leichtbeton sind aus Fiberglas gefertigt. Fiberglas ist ein sehr widerstandsf\u00e4higes, frostfestes Material aus besonderem Kunststoff mit Glasfasern. Die Au\u00dfenschicht in der trendigen Betonoptik besteht aus Quarz-Stein und kann mit Fassadefarbe gestrichen werden. Das Material sorgt f\u00fcr hohen UV-Schutz und bietet sehr gute Klimaverh\u00e4ltnisse f\u00fcr das Erdreich und somit f\u00fcr die Wurzelentwicklung. Unsere Pflanzgef\u00e4\u00dfe Leichtbeton verf\u00fcgen grunds\u00e4tzlich \u00fcber einen Wasserablauf. So sind Ihre Pflanzen vor Staun\u00e4sse gut gesch\u00fctzt. Dennoch empfehlen wir, den Topfboden mit Sand oder Bl\u00e4hton zu bestreuen, bevor sie Erde auff\u00fcllen und die Gro\u00dfpflanze in den Topf einsetzen. Pflanzk\u00fcbel aus Leichtbeton eignen sich f\u00fcr die Aufstellung in Innenbereichen und f\u00fcr die ganzj\u00e4hrige Aufstellung im Garten, auf der Terrasse oder auf einem Balkon oder Dachgarten.<\/p>\n<h3>Bl\u00fchende Augenweide im dekorativen K\u00fcbel<\/h3>\n<p>Passend zur Terrasse oder zu den geplanten Pflanzen k\u00f6nnen Sie die eleganten Pflanzk\u00fcbel Betonoptik in verschiedenen Farben bestellen. Wir bieten Ihnen die K\u00fcbel in Grau, Wei\u00df, Schwarz oder Braun. Dabei k\u00f6nnen Sie unter Oberfl\u00e4chengestaltungen mit glatter F\u00e4rbung oder mit dekorativen Mustern w\u00e4hlen. Als Muster werden eine helle Marmorierung oder Schraffierung angeboten. Das schlichte Design bildet den passenden Rahmen f\u00fcr farbenfrohe Bl\u00fcten oder gro\u00dfbl\u00e4ttrige Gr\u00fcnpflanzen. Sehr gut eignen sich die Pflanzk\u00fcbel Betonoptik f\u00fcr Palmen oder dekorative Stamm-Hortensien. W\u00e4hlen Sie Ihren sch\u00f6nen Gartenk\u00fcbel &#8222;Laura&#8220; aus Fiberglas einfach online aus. Mit h\u00fcbschen Pflanzen schaffen Sei eine tolle Augenweiden im Garten.<\/p>\n<\/div>\n<\/div>\n","protected":false},"excerpt":{"rendered":"<p>Material: Kern Fiberglas Oberfl\u00e4che Quarz- Stein<br \/>\nFarben: wei\u00df, grau, schwarz und 2 braune Farbt\u00f6ne<br \/>\nUV-resistent<\/p>\n<p>Gewicht: 30 kg<br \/>\nAbmessungen: B800mm H800mm L800mm<br \/>\nWetterfest<\/p>\n<p>Robust und Stabil<br \/>\nFrostbest\u00e4ndig bei gew\u00e4hrleistetem Wasserablauf<\/p>\n","protected":false},"featured_media":59375,"template":"","meta":{"_acf_changed":false},"product_brand":[],"product_cat":[386],"product_tag":[],"class_list":{"0":"post-55757","1":"product","2":"type-product","3":"status-publish","4":"has-post-thumbnail","6":"product_cat-pflanzkuebel-fiberglas-stone","7":"description-off","8":"tm-has-options","10":"first","11":"instock","12":"shipping-taxable","13":"purchasable","14":"product-type-simple"},"acf":[],"yoast_head":"<!-- This site is optimized with the Yoast SEO plugin v27.5 - https:\/\/yoast.com\/product\/yoast-seo-wordpress\/ -->\n<title>Pflanzk\u00fcbel Betonoptik in verschiedenen Farben Grau, Anthrazit, Weiss<\/title>\n<meta name=\"description\" content=\"Unsere Pflanzgef\u00e4\u00dfe Leichtbeton sind aus Fiberglas gefertigt. Die Au\u00dfenschicht in der trendigen Betonoptik besteht aus Quarz-Stein\" \/>\n<meta name=\"robots\" content=\"index, follow, max-snippet:-1, max-image-preview:large, max-video-preview:-1\" \/>\n<link rel=\"canonical\" href=\"https:\/\/worldofflowerpots.com\/sklep\/pflanzgefaesse-leichtbeton-laura\/\" \/>\n<meta property=\"og:locale\" content=\"de_DE\" \/>\n<meta property=\"og:type\" content=\"article\" \/>\n<meta property=\"og:title\" content=\"Pflanzk\u00fcbel Betonoptik in verschiedenen Farben Grau, Anthrazit, Weiss\" \/>\n<meta property=\"og:description\" content=\"Unsere Pflanzgef\u00e4\u00dfe Leichtbeton sind aus Fiberglas gefertigt. Die Au\u00dfenschicht in der trendigen Betonoptik besteht aus Quarz-Stein\" \/>\n<meta property=\"og:url\" content=\"https:\/\/worldofflowerpots.com\/sklep\/pflanzgefaesse-leichtbeton-laura\/\" \/>\n<meta property=\"og:site_name\" content=\"Blumenk\u00fcbel World of Flowerpots\" \/>\n<meta property=\"article:modified_time\" content=\"2019-04-16T07:58:40+00:00\" \/>\n<meta property=\"og:image\" content=\"https:\/\/worldofflowerpots.com\/wp-content\/uploads\/2019\/03\/pflanzgef\u00e4\u00dfe-leichtbeton-Laura.jpg\" \/>\n\t<meta property=\"og:image:width\" content=\"2280\" \/>\n\t<meta property=\"og:image:height\" content=\"1612\" \/>\n\t<meta property=\"og:image:type\" content=\"image\/jpeg\" \/>\n<meta name=\"twitter:card\" content=\"summary_large_image\" \/>\n<meta name=\"twitter:label1\" content=\"Gesch\u00e4tzte Lesezeit\" \/>\n\t<meta name=\"twitter:data1\" content=\"2\u00a0Minuten\" \/>\n<script type=\"application\/ld+json\" class=\"yoast-schema-graph\">{\"@context\":\"https:\\\/\\\/schema.org\",\"@graph\":[{\"@type\":\"WebPage\",\"@id\":\"https:\\\/\\\/worldofflowerpots.com\\\/sklep\\\/pflanzgefaesse-leichtbeton-laura\\\/\",\"url\":\"https:\\\/\\\/worldofflowerpots.com\\\/sklep\\\/pflanzgefaesse-leichtbeton-laura\\\/\",\"name\":\"Pflanzk\u00fcbel Betonoptik in verschiedenen Farben Grau, Anthrazit, Weiss\",\"isPartOf\":{\"@id\":\"https:\\\/\\\/worldofflowerpots.com\\\/#website\"},\"primaryImageOfPage\":{\"@id\":\"https:\\\/\\\/worldofflowerpots.com\\\/sklep\\\/pflanzgefaesse-leichtbeton-laura\\\/#primaryimage\"},\"image\":{\"@id\":\"https:\\\/\\\/worldofflowerpots.com\\\/sklep\\\/pflanzgefaesse-leichtbeton-laura\\\/#primaryimage\"},\"thumbnailUrl\":\"https:\\\/\\\/worldofflowerpots.com\\\/wp-content\\\/uploads\\\/2019\\\/03\\\/pflanzgef\u00e4\u00dfe-leichtbeton-Laura.jpg\",\"datePublished\":\"2019-03-14T12:33:22+00:00\",\"dateModified\":\"2019-04-16T07:58:40+00:00\",\"description\":\"Unsere Pflanzgef\u00e4\u00dfe Leichtbeton sind aus Fiberglas gefertigt. Die Au\u00dfenschicht in der trendigen Betonoptik besteht aus Quarz-Stein\",\"breadcrumb\":{\"@id\":\"https:\\\/\\\/worldofflowerpots.com\\\/sklep\\\/pflanzgefaesse-leichtbeton-laura\\\/#breadcrumb\"},\"inLanguage\":\"de\",\"potentialAction\":[{\"@type\":\"ReadAction\",\"target\":[\"https:\\\/\\\/worldofflowerpots.com\\\/sklep\\\/pflanzgefaesse-leichtbeton-laura\\\/\"]}]},{\"@type\":\"ImageObject\",\"inLanguage\":\"de\",\"@id\":\"https:\\\/\\\/worldofflowerpots.com\\\/sklep\\\/pflanzgefaesse-leichtbeton-laura\\\/#primaryimage\",\"url\":\"https:\\\/\\\/worldofflowerpots.com\\\/wp-content\\\/uploads\\\/2019\\\/03\\\/pflanzgef\u00e4\u00dfe-leichtbeton-Laura.jpg\",\"contentUrl\":\"https:\\\/\\\/worldofflowerpots.com\\\/wp-content\\\/uploads\\\/2019\\\/03\\\/pflanzgef\u00e4\u00dfe-leichtbeton-Laura.jpg\",\"width\":2280,\"height\":1612},{\"@type\":\"BreadcrumbList\",\"@id\":\"https:\\\/\\\/worldofflowerpots.com\\\/sklep\\\/pflanzgefaesse-leichtbeton-laura\\\/#breadcrumb\",\"itemListElement\":[{\"@type\":\"ListItem\",\"position\":1,\"name\":\"Strona g\u0142\u00f3wna\",\"item\":\"https:\\\/\\\/worldofflowerpots.com\\\/blumenkuebel-grosse-auswahl\\\/\"},{\"@type\":\"ListItem\",\"position\":2,\"name\":\"Shop\",\"item\":\"https:\\\/\\\/worldofflowerpots.com\\\/sortiment\\\/\"},{\"@type\":\"ListItem\",\"position\":3,\"name\":\"Pflanzgef\u00e4\u00dfe Leichtbeton Laura\"}]},{\"@type\":\"WebSite\",\"@id\":\"https:\\\/\\\/worldofflowerpots.com\\\/#website\",\"url\":\"https:\\\/\\\/worldofflowerpots.com\\\/\",\"name\":\"Blumenk\u00fcbel World of Flowerpots\",\"description\":\"Pflanzk\u00fcbel beton, blumentr\u00f6ge, blumenk\u00fcbel gro\u00df, cortenstahl, fiberglas\",\"potentialAction\":[{\"@type\":\"SearchAction\",\"target\":{\"@type\":\"EntryPoint\",\"urlTemplate\":\"https:\\\/\\\/worldofflowerpots.com\\\/?s={search_term_string}\"},\"query-input\":{\"@type\":\"PropertyValueSpecification\",\"valueRequired\":true,\"valueName\":\"search_term_string\"}}],\"inLanguage\":\"de\"}]}<\/script>\n<!-- \/ Yoast SEO plugin. -->","yoast_head_json":{"title":"Pflanzk\u00fcbel Betonoptik in verschiedenen Farben Grau, Anthrazit, Weiss","description":"Unsere Pflanzgef\u00e4\u00dfe Leichtbeton sind aus Fiberglas gefertigt. Die Au\u00dfenschicht in der trendigen Betonoptik besteht aus Quarz-Stein","robots":{"index":"index","follow":"follow","max-snippet":"max-snippet:-1","max-image-preview":"max-image-preview:large","max-video-preview":"max-video-preview:-1"},"canonical":"https:\/\/worldofflowerpots.com\/sklep\/pflanzgefaesse-leichtbeton-laura\/","og_locale":"de_DE","og_type":"article","og_title":"Pflanzk\u00fcbel Betonoptik in verschiedenen Farben Grau, Anthrazit, Weiss","og_description":"Unsere Pflanzgef\u00e4\u00dfe Leichtbeton sind aus Fiberglas gefertigt. Die Au\u00dfenschicht in der trendigen Betonoptik besteht aus Quarz-Stein","og_url":"https:\/\/worldofflowerpots.com\/sklep\/pflanzgefaesse-leichtbeton-laura\/","og_site_name":"Blumenk\u00fcbel World of Flowerpots","article_modified_time":"2019-04-16T07:58:40+00:00","og_image":[{"width":2280,"height":1612,"url":"https:\/\/worldofflowerpots.com\/wp-content\/uploads\/2019\/03\/pflanzgef\u00e4\u00dfe-leichtbeton-Laura.jpg","type":"image\/jpeg"}],"twitter_card":"summary_large_image","twitter_misc":{"Gesch\u00e4tzte Lesezeit":"2\u00a0Minuten"},"schema":{"@context":"https:\/\/schema.org","@graph":[{"@type":"WebPage","@id":"https:\/\/worldofflowerpots.com\/sklep\/pflanzgefaesse-leichtbeton-laura\/","url":"https:\/\/worldofflowerpots.com\/sklep\/pflanzgefaesse-leichtbeton-laura\/","name":"Pflanzk\u00fcbel Betonoptik in verschiedenen Farben Grau, Anthrazit, Weiss","isPartOf":{"@id":"https:\/\/worldofflowerpots.com\/#website"},"primaryImageOfPage":{"@id":"https:\/\/worldofflowerpots.com\/sklep\/pflanzgefaesse-leichtbeton-laura\/#primaryimage"},"image":{"@id":"https:\/\/worldofflowerpots.com\/sklep\/pflanzgefaesse-leichtbeton-laura\/#primaryimage"},"thumbnailUrl":"https:\/\/worldofflowerpots.com\/wp-content\/uploads\/2019\/03\/pflanzgef\u00e4\u00dfe-leichtbeton-Laura.jpg","datePublished":"2019-03-14T12:33:22+00:00","dateModified":"2019-04-16T07:58:40+00:00","description":"Unsere Pflanzgef\u00e4\u00dfe Leichtbeton sind aus Fiberglas gefertigt. Die Au\u00dfenschicht in der trendigen Betonoptik besteht aus Quarz-Stein","breadcrumb":{"@id":"https:\/\/worldofflowerpots.com\/sklep\/pflanzgefaesse-leichtbeton-laura\/#breadcrumb"},"inLanguage":"de","potentialAction":[{"@type":"ReadAction","target":["https:\/\/worldofflowerpots.com\/sklep\/pflanzgefaesse-leichtbeton-laura\/"]}]},{"@type":"ImageObject","inLanguage":"de","@id":"https:\/\/worldofflowerpots.com\/sklep\/pflanzgefaesse-leichtbeton-laura\/#primaryimage","url":"https:\/\/worldofflowerpots.com\/wp-content\/uploads\/2019\/03\/pflanzgef\u00e4\u00dfe-leichtbeton-Laura.jpg","contentUrl":"https:\/\/worldofflowerpots.com\/wp-content\/uploads\/2019\/03\/pflanzgef\u00e4\u00dfe-leichtbeton-Laura.jpg","width":2280,"height":1612},{"@type":"BreadcrumbList","@id":"https:\/\/worldofflowerpots.com\/sklep\/pflanzgefaesse-leichtbeton-laura\/#breadcrumb","itemListElement":[{"@type":"ListItem","position":1,"name":"Strona g\u0142\u00f3wna","item":"https:\/\/worldofflowerpots.com\/blumenkuebel-grosse-auswahl\/"},{"@type":"ListItem","position":2,"name":"Shop","item":"https:\/\/worldofflowerpots.com\/sortiment\/"},{"@type":"ListItem","position":3,"name":"Pflanzgef\u00e4\u00dfe Leichtbeton Laura"}]},{"@type":"WebSite","@id":"https:\/\/worldofflowerpots.com\/#website","url":"https:\/\/worldofflowerpots.com\/","name":"Blumenk\u00fcbel World of Flowerpots","description":"Pflanzk\u00fcbel beton, blumentr\u00f6ge, blumenk\u00fcbel gro\u00df, cortenstahl, fiberglas","potentialAction":[{"@type":"SearchAction","target":{"@type":"EntryPoint","urlTemplate":"https:\/\/worldofflowerpots.com\/?s={search_term_string}"},"query-input":{"@type":"PropertyValueSpecification","valueRequired":true,"valueName":"search_term_string"}}],"inLanguage":"de"}]}},"_links":{"self":[{"href":"https:\/\/worldofflowerpots.com\/de\/wp-json\/wp\/v2\/product\/55757","targetHints":{"allow":["GET"]}}],"collection":[{"href":"https:\/\/worldofflowerpots.com\/de\/wp-json\/wp\/v2\/product"}],"about":[{"href":"https:\/\/worldofflowerpots.com\/de\/wp-json\/wp\/v2\/types\/product"}],"wp:featuredmedia":[{"embeddable":true,"href":"https:\/\/worldofflowerpots.com\/de\/wp-json\/wp\/v2\/media\/59375"}],"wp:attachment":[{"href":"https:\/\/worldofflowerpots.com\/de\/wp-json\/wp\/v2\/media?parent=55757"}],"wp:term":[{"taxonomy":"product_brand","embeddable":true,"href":"https:\/\/worldofflowerpots.com\/de\/wp-json\/wp\/v2\/product_brand?post=55757"},{"taxonomy":"product_cat","embeddable":true,"href":"https:\/\/worldofflowerpots.com\/de\/wp-json\/wp\/v2\/product_cat?post=55757"},{"taxonomy":"product_tag","embeddable":true,"href":"https:\/\/worldofflowerpots.com\/de\/wp-json\/wp\/v2\/product_tag?post=55757"}],"curies":[{"name":"wp","href":"https:\/\/api.w.org\/{rel}","templated":true}]}}