{"id":55758,"date":"2019-03-14T13:54:23","date_gmt":"2019-03-14T12:54:23","guid":{"rendered":"https:\/\/worldofflowerpots.com\/sklep\/sara\/"},"modified":"2019-04-16T09:55:26","modified_gmt":"2019-04-16T07:55:26","slug":"pflanzkuebel-dunkelgrau-sara","status":"publish","type":"product","link":"https:\/\/worldofflowerpots.com\/de\/sortiment\/pflanzkuebel-dunkelgrau-sara\/","title":{"rendered":"Pflanzk\u00fcbel dunkelgrau Oberfl\u00e4chen aus Quarzstein Sara"},"content":{"rendered":"<div id=\"text_highlighted\">\n<div>\n<div class=\"preview\">\n<p>Sie m\u00f6chten f\u00fcr Ihre Terrasse oder den Hauseingang einen dekorativen bl\u00fchenden Rahmen schaffen? Dann k\u00f6nnte der schicke Pflanzk\u00fcbel Betonoptik &#8222;Sara&#8220; genau zu Ihren Bed\u00fcrfnissen passen. Das schlichte, moderne Beton-Design sorgt daf\u00fcr, dass dekorative Gro\u00dfpflanzen exzellent zur Geltung kommen. Die hohe Qualit\u00e4t unserer Pflanzgef\u00e4\u00dfe sorgt f\u00fcr Langlebigkeit und gute Wachstumsbedingungen verschiedenster K\u00fcbelpflanzen.<\/p>\n<h3>Frostfester Pflanzk\u00fcbel Betonoptik &#8211; moderne Farben und Muster<\/h3>\n<p>Betonoptik ist f\u00fcr Terrasse und Garten heute sehr gefragt. Wir bieten Ihnen unsere Pflanzk\u00fcbel dunkelgrau, braun, wei\u00df und schwarz an. Mit tollen Mustern werden die Farben zus\u00e4tzlich belebt. Die Oberfl\u00e4che k\u00f6nnen Sie hell schraffiert oder gewolkt im Marmormuster bestellen oder sich f\u00fcr eine einfache Oberfl\u00e4chenf\u00e4rbung entscheiden. Das Modell &#8222;Sara&#8220; eignet sich mit den Abmessungen von 1m f\u00fcr Breite und L\u00e4nge und einer H\u00f6he von 80 cm ausgezeichnet f\u00fcr gro\u00dfe Pflanzen. Der Pflanzk\u00fcbel Betonoptik ist aus sehr belastbarem Fiberglas gefertigt, einem von Gasfasern durchzogenen Kunststoff. Zusammen mit den Oberfl\u00e4chen aus Quarzstein ist der K\u00fcbel frostfest, hitzebest\u00e4ndig, verf\u00fcgt \u00fcber UV-Schutz und ist sehr stabil und robust. Sie k\u00f6nnen den Pflanzk\u00fcbel dunkelgrau oder in anderen Farben ganzj\u00e4hrig im Garten aufstellen. M\u00fcssen empfindliche Gro\u00dfpflanzen im Haus \u00fcberwintern, nimmt sich der sch\u00f6ne Blumenk\u00fcbel im Wohnzimmer oder Wintergarten ebenso elegant aus.<\/p>\n<h3>Pflanzk\u00fcbel dunkelgrau, schwarz, wei\u00df oder braun toll bepflanzen<\/h3>\n<p>Ob Sie Ihren Pflanzk\u00fcbel dunkelgrau oder in einer sch\u00f6nen Farbe w\u00e4hlen, er macht Ihre K\u00fcbelpflanzen zum Hingucker. Pflanzen Sie um Beispiel in den h\u00fcbschen K\u00fcbel einen hohen Oleander, eine h\u00fcbsche F\u00e4cherpalme, einen roten japanischen Ahorn oder sch\u00f6ne Bambusgew\u00e4chse. Auch gro\u00dfe Hortensien, eine Forsythie, Schneeball und sch\u00f6n bl\u00fchender Hibiskus werden sich pr\u00e4chtig in dem gro\u00dfen Pflanzenk\u00fcbel entwickeln. Das leichte, hochwertige Material schafft ein gutes Erdklima f\u00fcr die Wurzeln, ein Wasserablauf verhindert das Entstehen von Staun\u00e4sse nach Dauer- oder Starkregen und das Klima ist gut temperiert. M\u00f6chten Sie Ihren Pflanzk\u00fcbel Betonoptik sp\u00e4ter farblich ver\u00e4ndern, k\u00f6nnen Sie ihn einfach mit Fassadenfarbe \u00fcberstreichen.<\/p>\n<\/div>\n<\/div>\n<\/div>\n","protected":false},"excerpt":{"rendered":"<p>Material: Kern Fiberglas Oberfl\u00e4che Quarz- Stein<br \/>\nFarben: wei\u00df, grau, schwarz und 2 braune Farbt\u00f6ne<br \/>\nUV-resistent<\/p>\n<p>Gewicht: 26 kg<br \/>\nAbmessungen: B1000mm H800mm L1000mm<br \/>\nWetterfest<\/p>\n<p>Robust und Stabil<br \/>\nFrostbest\u00e4ndig bei gew\u00e4hrleistetem Wasserablauf<\/p>\n","protected":false},"featured_media":59365,"template":"","meta":{"_acf_changed":false},"product_brand":[],"product_cat":[386],"product_tag":[],"class_list":{"0":"post-55758","1":"product","2":"type-product","3":"status-publish","4":"has-post-thumbnail","6":"product_cat-pflanzkuebel-fiberglas-stone","7":"description-off","8":"tm-has-options","10":"first","11":"instock","12":"shipping-taxable","13":"purchasable","14":"product-type-simple"},"acf":[],"yoast_head":"<!-- This site is optimized with the Yoast SEO plugin v27.5 - https:\/\/yoast.com\/product\/yoast-seo-wordpress\/ -->\n<title>Pflanzk\u00fcbel dunkelgrau Oberfl\u00e4chen aus Quarzstein Sara<\/title>\n<meta name=\"description\" content=\"Wir bieten Ihnen unsere Pflanzk\u00fcbel dunkelgrau, braun, wei\u00df und schwarz an. Sehr belastbarem Fiberglas mit den Oberfl\u00e4chen aus Quarzstein ist frostfest\" \/>\n<meta name=\"robots\" content=\"index, follow, max-snippet:-1, max-image-preview:large, max-video-preview:-1\" \/>\n<link rel=\"canonical\" href=\"https:\/\/worldofflowerpots.com\/sklep\/pflanzkuebel-dunkelgrau-sara\/\" \/>\n<meta property=\"og:locale\" content=\"de_DE\" \/>\n<meta property=\"og:type\" content=\"article\" \/>\n<meta property=\"og:title\" content=\"Pflanzk\u00fcbel dunkelgrau Oberfl\u00e4chen aus Quarzstein Sara\" \/>\n<meta property=\"og:description\" content=\"Wir bieten Ihnen unsere Pflanzk\u00fcbel dunkelgrau, braun, wei\u00df und schwarz an. Sehr belastbarem Fiberglas mit den Oberfl\u00e4chen aus Quarzstein ist frostfest\" \/>\n<meta property=\"og:url\" content=\"https:\/\/worldofflowerpots.com\/sklep\/pflanzkuebel-dunkelgrau-sara\/\" \/>\n<meta property=\"og:site_name\" content=\"Blumenk\u00fcbel World of Flowerpots\" \/>\n<meta property=\"article:modified_time\" content=\"2019-04-16T07:55:26+00:00\" \/>\n<meta property=\"og:image\" content=\"https:\/\/worldofflowerpots.com\/wp-content\/uploads\/2019\/03\/pflanzk\u00fcbel-dunkelgrau-Sara.jpg\" \/>\n\t<meta property=\"og:image:width\" content=\"2280\" \/>\n\t<meta property=\"og:image:height\" content=\"1612\" \/>\n\t<meta property=\"og:image:type\" content=\"image\/jpeg\" \/>\n<meta name=\"twitter:card\" content=\"summary_large_image\" \/>\n<meta name=\"twitter:label1\" content=\"Gesch\u00e4tzte Lesezeit\" \/>\n\t<meta name=\"twitter:data1\" content=\"2\u00a0Minuten\" \/>\n<script type=\"application\/ld+json\" class=\"yoast-schema-graph\">{\"@context\":\"https:\\\/\\\/schema.org\",\"@graph\":[{\"@type\":\"WebPage\",\"@id\":\"https:\\\/\\\/worldofflowerpots.com\\\/sklep\\\/pflanzkuebel-dunkelgrau-sara\\\/\",\"url\":\"https:\\\/\\\/worldofflowerpots.com\\\/sklep\\\/pflanzkuebel-dunkelgrau-sara\\\/\",\"name\":\"Pflanzk\u00fcbel dunkelgrau Oberfl\u00e4chen aus Quarzstein Sara\",\"isPartOf\":{\"@id\":\"https:\\\/\\\/worldofflowerpots.com\\\/#website\"},\"primaryImageOfPage\":{\"@id\":\"https:\\\/\\\/worldofflowerpots.com\\\/sklep\\\/pflanzkuebel-dunkelgrau-sara\\\/#primaryimage\"},\"image\":{\"@id\":\"https:\\\/\\\/worldofflowerpots.com\\\/sklep\\\/pflanzkuebel-dunkelgrau-sara\\\/#primaryimage\"},\"thumbnailUrl\":\"https:\\\/\\\/worldofflowerpots.com\\\/wp-content\\\/uploads\\\/2019\\\/03\\\/pflanzk\u00fcbel-dunkelgrau-Sara.jpg\",\"datePublished\":\"2019-03-14T12:54:23+00:00\",\"dateModified\":\"2019-04-16T07:55:26+00:00\",\"description\":\"Wir bieten Ihnen unsere Pflanzk\u00fcbel dunkelgrau, braun, wei\u00df und schwarz an. Sehr belastbarem Fiberglas mit den Oberfl\u00e4chen aus Quarzstein ist frostfest\",\"breadcrumb\":{\"@id\":\"https:\\\/\\\/worldofflowerpots.com\\\/sklep\\\/pflanzkuebel-dunkelgrau-sara\\\/#breadcrumb\"},\"inLanguage\":\"de\",\"potentialAction\":[{\"@type\":\"ReadAction\",\"target\":[\"https:\\\/\\\/worldofflowerpots.com\\\/sklep\\\/pflanzkuebel-dunkelgrau-sara\\\/\"]}]},{\"@type\":\"ImageObject\",\"inLanguage\":\"de\",\"@id\":\"https:\\\/\\\/worldofflowerpots.com\\\/sklep\\\/pflanzkuebel-dunkelgrau-sara\\\/#primaryimage\",\"url\":\"https:\\\/\\\/worldofflowerpots.com\\\/wp-content\\\/uploads\\\/2019\\\/03\\\/pflanzk\u00fcbel-dunkelgrau-Sara.jpg\",\"contentUrl\":\"https:\\\/\\\/worldofflowerpots.com\\\/wp-content\\\/uploads\\\/2019\\\/03\\\/pflanzk\u00fcbel-dunkelgrau-Sara.jpg\",\"width\":2280,\"height\":1612},{\"@type\":\"BreadcrumbList\",\"@id\":\"https:\\\/\\\/worldofflowerpots.com\\\/sklep\\\/pflanzkuebel-dunkelgrau-sara\\\/#breadcrumb\",\"itemListElement\":[{\"@type\":\"ListItem\",\"position\":1,\"name\":\"Strona g\u0142\u00f3wna\",\"item\":\"https:\\\/\\\/worldofflowerpots.com\\\/blumenkuebel-grosse-auswahl\\\/\"},{\"@type\":\"ListItem\",\"position\":2,\"name\":\"Shop\",\"item\":\"https:\\\/\\\/worldofflowerpots.com\\\/sortiment\\\/\"},{\"@type\":\"ListItem\",\"position\":3,\"name\":\"Pflanzk\u00fcbel dunkelgrau Oberfl\u00e4chen aus Quarzstein Sara\"}]},{\"@type\":\"WebSite\",\"@id\":\"https:\\\/\\\/worldofflowerpots.com\\\/#website\",\"url\":\"https:\\\/\\\/worldofflowerpots.com\\\/\",\"name\":\"Blumenk\u00fcbel World of Flowerpots\",\"description\":\"Pflanzk\u00fcbel beton, blumentr\u00f6ge, blumenk\u00fcbel gro\u00df, cortenstahl, fiberglas\",\"potentialAction\":[{\"@type\":\"SearchAction\",\"target\":{\"@type\":\"EntryPoint\",\"urlTemplate\":\"https:\\\/\\\/worldofflowerpots.com\\\/?s={search_term_string}\"},\"query-input\":{\"@type\":\"PropertyValueSpecification\",\"valueRequired\":true,\"valueName\":\"search_term_string\"}}],\"inLanguage\":\"de\"}]}<\/script>\n<!-- \/ Yoast SEO plugin. -->","yoast_head_json":{"title":"Pflanzk\u00fcbel dunkelgrau Oberfl\u00e4chen aus Quarzstein Sara","description":"Wir bieten Ihnen unsere Pflanzk\u00fcbel dunkelgrau, braun, wei\u00df und schwarz an. Sehr belastbarem Fiberglas mit den Oberfl\u00e4chen aus Quarzstein ist frostfest","robots":{"index":"index","follow":"follow","max-snippet":"max-snippet:-1","max-image-preview":"max-image-preview:large","max-video-preview":"max-video-preview:-1"},"canonical":"https:\/\/worldofflowerpots.com\/sklep\/pflanzkuebel-dunkelgrau-sara\/","og_locale":"de_DE","og_type":"article","og_title":"Pflanzk\u00fcbel dunkelgrau Oberfl\u00e4chen aus Quarzstein Sara","og_description":"Wir bieten Ihnen unsere Pflanzk\u00fcbel dunkelgrau, braun, wei\u00df und schwarz an. Sehr belastbarem Fiberglas mit den Oberfl\u00e4chen aus Quarzstein ist frostfest","og_url":"https:\/\/worldofflowerpots.com\/sklep\/pflanzkuebel-dunkelgrau-sara\/","og_site_name":"Blumenk\u00fcbel World of Flowerpots","article_modified_time":"2019-04-16T07:55:26+00:00","og_image":[{"width":2280,"height":1612,"url":"https:\/\/worldofflowerpots.com\/wp-content\/uploads\/2019\/03\/pflanzk\u00fcbel-dunkelgrau-Sara.jpg","type":"image\/jpeg"}],"twitter_card":"summary_large_image","twitter_misc":{"Gesch\u00e4tzte Lesezeit":"2\u00a0Minuten"},"schema":{"@context":"https:\/\/schema.org","@graph":[{"@type":"WebPage","@id":"https:\/\/worldofflowerpots.com\/sklep\/pflanzkuebel-dunkelgrau-sara\/","url":"https:\/\/worldofflowerpots.com\/sklep\/pflanzkuebel-dunkelgrau-sara\/","name":"Pflanzk\u00fcbel dunkelgrau Oberfl\u00e4chen aus Quarzstein Sara","isPartOf":{"@id":"https:\/\/worldofflowerpots.com\/#website"},"primaryImageOfPage":{"@id":"https:\/\/worldofflowerpots.com\/sklep\/pflanzkuebel-dunkelgrau-sara\/#primaryimage"},"image":{"@id":"https:\/\/worldofflowerpots.com\/sklep\/pflanzkuebel-dunkelgrau-sara\/#primaryimage"},"thumbnailUrl":"https:\/\/worldofflowerpots.com\/wp-content\/uploads\/2019\/03\/pflanzk\u00fcbel-dunkelgrau-Sara.jpg","datePublished":"2019-03-14T12:54:23+00:00","dateModified":"2019-04-16T07:55:26+00:00","description":"Wir bieten Ihnen unsere Pflanzk\u00fcbel dunkelgrau, braun, wei\u00df und schwarz an. Sehr belastbarem Fiberglas mit den Oberfl\u00e4chen aus Quarzstein ist frostfest","breadcrumb":{"@id":"https:\/\/worldofflowerpots.com\/sklep\/pflanzkuebel-dunkelgrau-sara\/#breadcrumb"},"inLanguage":"de","potentialAction":[{"@type":"ReadAction","target":["https:\/\/worldofflowerpots.com\/sklep\/pflanzkuebel-dunkelgrau-sara\/"]}]},{"@type":"ImageObject","inLanguage":"de","@id":"https:\/\/worldofflowerpots.com\/sklep\/pflanzkuebel-dunkelgrau-sara\/#primaryimage","url":"https:\/\/worldofflowerpots.com\/wp-content\/uploads\/2019\/03\/pflanzk\u00fcbel-dunkelgrau-Sara.jpg","contentUrl":"https:\/\/worldofflowerpots.com\/wp-content\/uploads\/2019\/03\/pflanzk\u00fcbel-dunkelgrau-Sara.jpg","width":2280,"height":1612},{"@type":"BreadcrumbList","@id":"https:\/\/worldofflowerpots.com\/sklep\/pflanzkuebel-dunkelgrau-sara\/#breadcrumb","itemListElement":[{"@type":"ListItem","position":1,"name":"Strona g\u0142\u00f3wna","item":"https:\/\/worldofflowerpots.com\/blumenkuebel-grosse-auswahl\/"},{"@type":"ListItem","position":2,"name":"Shop","item":"https:\/\/worldofflowerpots.com\/sortiment\/"},{"@type":"ListItem","position":3,"name":"Pflanzk\u00fcbel dunkelgrau Oberfl\u00e4chen aus Quarzstein Sara"}]},{"@type":"WebSite","@id":"https:\/\/worldofflowerpots.com\/#website","url":"https:\/\/worldofflowerpots.com\/","name":"Blumenk\u00fcbel World of Flowerpots","description":"Pflanzk\u00fcbel beton, blumentr\u00f6ge, blumenk\u00fcbel gro\u00df, cortenstahl, fiberglas","potentialAction":[{"@type":"SearchAction","target":{"@type":"EntryPoint","urlTemplate":"https:\/\/worldofflowerpots.com\/?s={search_term_string}"},"query-input":{"@type":"PropertyValueSpecification","valueRequired":true,"valueName":"search_term_string"}}],"inLanguage":"de"}]}},"_links":{"self":[{"href":"https:\/\/worldofflowerpots.com\/de\/wp-json\/wp\/v2\/product\/55758","targetHints":{"allow":["GET"]}}],"collection":[{"href":"https:\/\/worldofflowerpots.com\/de\/wp-json\/wp\/v2\/product"}],"about":[{"href":"https:\/\/worldofflowerpots.com\/de\/wp-json\/wp\/v2\/types\/product"}],"wp:featuredmedia":[{"embeddable":true,"href":"https:\/\/worldofflowerpots.com\/de\/wp-json\/wp\/v2\/media\/59365"}],"wp:attachment":[{"href":"https:\/\/worldofflowerpots.com\/de\/wp-json\/wp\/v2\/media?parent=55758"}],"wp:term":[{"taxonomy":"product_brand","embeddable":true,"href":"https:\/\/worldofflowerpots.com\/de\/wp-json\/wp\/v2\/product_brand?post=55758"},{"taxonomy":"product_cat","embeddable":true,"href":"https:\/\/worldofflowerpots.com\/de\/wp-json\/wp\/v2\/product_cat?post=55758"},{"taxonomy":"product_tag","embeddable":true,"href":"https:\/\/worldofflowerpots.com\/de\/wp-json\/wp\/v2\/product_tag?post=55758"}],"curies":[{"name":"wp","href":"https:\/\/api.w.org\/{rel}","templated":true}]}}