{"id":55759,"date":"2019-03-14T14:15:13","date_gmt":"2019-03-14T13:15:13","guid":{"rendered":"https:\/\/worldofflowerpots.com\/sklep\/stefano\/"},"modified":"2019-04-16T09:52:06","modified_gmt":"2019-04-16T07:52:06","slug":"blumentopf-in-betonoptik-stefano","status":"publish","type":"product","link":"https:\/\/worldofflowerpots.com\/de\/sortiment\/blumentopf-in-betonoptik-stefano\/","title":{"rendered":"Blumentopf in Betonoptik Model Stefano"},"content":{"rendered":"<div id=\"text_highlighted\">\n<h3>Mit geradlinigem Design \u00fcberzeugt der Blumenkasten Stefano<\/h3>\n<div>\n<div class=\"preview\">\n<p>In dem Blumenkasten Stefano setzen Sie Ihre Pflanzen stilvoll und modern in Szene. Der Blumentopf in Betonoptik gef\u00e4llt mit seiner geometrischen Optik, die jeglichen Innen- und Au\u00dfenr\u00e4umen einen zeitgem\u00e4\u00dfen Anstrich verleiht. Das zur\u00fcckgenommene Design des Wohnaccessoires l\u00e4sst Tulpen, Efeu, Ziergras und Co. im Vordergrund stehen. Best\u00fccken Sie den attraktiven Pflanzk\u00fcbel in Betonoptik mit Ihren Lieblingspflanzen, um die Terrasse, den Garten und das Haus zu begr\u00fcnen!<\/p>\n<h3>Stefano &#8211; \u00e4sthetisch ansprechend, hochwertig und funktional<\/h3>\n<p>Stefano ist ein toller Blickfang und verspr\u00fcht schlichte Eleganz. Der Blumentopf in Betonoptik besteht innen aus glasfaserverst\u00e4rktem Kunststoff. Seine langlebige und attraktive Oberfl\u00e4che besteht aus hochwertigem Quarz-Stein. Alle diese Materialien sind f\u00fcr die Nutzung unter freiem Himmel einfach pr\u00e4destiniert. Sie sind sehr witterungsbest\u00e4ndig, robust, stabil, sowie unempfindlich gegen\u00fcber Frost- und UV-Strahlung. An hei\u00dfen Sonnentagen nimmt der Pflanzk\u00fcbel in Betonoptikebenso keinen Schaden, wie durch eisige Minusgrade. Hinsichtlich des Designs k\u00f6nnen Sie zwischen unterschiedlichen Farben und schicken Oberfl\u00e4chen-Gestaltungen ausw\u00e4hlen. W\u00fcnschen Sie die Farbe Wei\u00df, Grau, Schwarz oder einen sch\u00f6nen Braunton? Auch ein Blumenkasten mit modern strukturierter Oberfl\u00e4che ist eine wahre Augenweide auf Ihren Balkon oder der Terrasse. Bestellen Sie Stefano in einer gew\u00fcnschten Gr\u00f6\u00dfe! Das Model ist in f\u00fcnf Varianten von einer L\u00e4nge von 1000 cm bis zu einer L\u00e4nge von 2000 cm verf\u00fcgbar.<\/p>\n<h3>Herrliche Pflanzen-Arrangements mit einem Pflanzk\u00fcbel in Betonoptik kreieren<\/h3>\n<p>Da der Anblick von Pflanzen unserer Seele gut tut, sollten wir uns mit m\u00f6glichst viel Gr\u00fcn umgeben! Mit einem Blumentopf in Betonoptik, wie Stefano, f\u00e4llt das Ausschm\u00fccken des Balkons, der Terrasse und des Hauses kinderleicht. Bestellen Sie das sch\u00f6ne St\u00fcck in einer passenden Gr\u00f6\u00dfe und einem Design Ihrer Wahl! Wer Pflanzen liebt, entscheidet sich gleich f\u00fcr mehrere dieser Pflanzk\u00fcbel in Betonoptik. Schaffen Sie mit Stefano ein naturnahes Ambiente auf der Terrasse. Hausw\u00e4nde, Z\u00e4une, Mauern und Terrassenecken werden mit den schicken Balkonk\u00e4sten begr\u00fcnt. Pflanzen Sie im Fr\u00fchling Osterglocken, Tulpen und andere bunte Fr\u00fchbl\u00fcher in die Pflanzk\u00fcbel in Betonoptik! Im Sommer sind dekorative K\u00fcbelpflanzen, wie Oleander, Sternjasmin und Wandelr\u00f6schen, in diesem Blumentopf in Betonoptik eine wahre Augenweide. Wer das ganze Jahr \u00fcber sch\u00f6ne Pflanzen-Arrangements im Freien liebt, entscheidet sich f\u00fcr frostharte Buchb\u00e4umchen, Stechpalmen und wucherndes Efeu. Zu jedem jahreszeitlichen Anlass macht der Balkonkasten Stefano einen guten Eindruck. So kann er in der Weihnachtszeit mit duftenden Tannenzweigen, rot leuchtender Stechpalme und Festschmuck versehen werden. Herbstliches Flair bringen Sie mit Heidepflanzen, Zierkohl, Silberblatt und Purpurgl\u00f6ckchen in Ihren Au\u00dfenbereich.<\/p>\n<h3>Einen Blumentopf in Betonoptik bei worldofflowerpots.de bestellen<\/h3>\n<p>Haben Sie Ihr Herz an Stefano verloren und m\u00f6chten den schicken Pflanzk\u00fcbel in Betonoptik gern bestellen? Dann legen Sie alle gew\u00fcnschten Produkte mit wenigen Klicks in den Warenkorb. Bei dem Versand achten wir auf eine hochwertige Verpackung, sodass unsere Blumenk\u00e4sten ohne Besch\u00e4digung bei Ihnen ankommen. Haben Sie Fragen zur Bestellung, Lieferung oder zu stilvollen Kombinationsm\u00f6glichkeiten unserer Produkte? In diesem Falle erreichen Sie unsere freundlichen Mitarbeiter telefonisch oder per E-Mail.<\/p>\n<\/div>\n<\/div>\n<\/div>\n","protected":false},"excerpt":{"rendered":"<p>Material: Kern Fiberglas Oberfl\u00e4che Quarz- Stein<br \/>\nFarben: wei\u00df, grau, schwarz und 2 braune Farbt\u00f6ne<br \/>\nUV-resistent<\/p>\n<p>Wetterfest<\/p>\n<p>Robust und Stabil<br \/>\nFrostbest\u00e4ndig bei gew\u00e4hrleistetem Wasserablauf<\/p>\n<p>Verf\u00fcgbare Topfvarianten:<\/p>\n<p>Stefano 1000 mit Abmessungen 1000x400xh:400, Gewicht 20 kg, Kapazit\u00e4t 123 l<\/p>\n<p>Stefano 1200 mit Abmessungen 1200x400xh:400, Gewicht 23 kg, Kapazit\u00e4t 149 l<\/p>\n<p>Stefano 1500 mit Abmessungen 1500x400xh:400, Gewicht 26 kg, Kapazit\u00e4t 187 l<\/p>\n<p>Stefano 1800 mit Abmessungen 1800x400xh:400, Gewicht 30 kg, Kapazit\u00e4t 220 l<\/p>\n<p>Stefano 2000 mit Abmessungen 2000x400xh:400, Gewicht 36 kg, Kapazit\u00e4t 252 l<\/p>\n","protected":false},"featured_media":59349,"template":"","meta":{"_acf_changed":false},"product_brand":[],"product_cat":[386],"product_tag":[],"class_list":{"0":"post-55759","1":"product","2":"type-product","3":"status-publish","4":"has-post-thumbnail","6":"product_cat-pflanzkuebel-fiberglas-stone","7":"description-off","8":"tm-has-options","10":"first","11":"instock","12":"shipping-taxable","13":"purchasable","14":"product-type-simple"},"acf":[],"yoast_head":"<!-- This site is optimized with the Yoast SEO plugin v27.5 - https:\/\/yoast.com\/product\/yoast-seo-wordpress\/ -->\n<title>Blumentopf in Betonoptik eine wahre Augenweide f\u00fcr Ihnen und Aussen<\/title>\n<meta name=\"description\" content=\"Der Blumentopf in Betonoptik besteht innen aus glasfaserverst\u00e4rktem Kunststoff.Seine langlebige und attraktive Oberfl\u00e4che besteht aus Quarz-Stein\" \/>\n<meta name=\"robots\" content=\"index, follow, max-snippet:-1, max-image-preview:large, max-video-preview:-1\" \/>\n<link rel=\"canonical\" href=\"https:\/\/worldofflowerpots.com\/sklep\/blumentopf-in-betonoptik-stefano\/\" \/>\n<meta property=\"og:locale\" content=\"de_DE\" \/>\n<meta property=\"og:type\" content=\"article\" \/>\n<meta property=\"og:title\" content=\"Blumentopf in Betonoptik eine wahre Augenweide f\u00fcr Ihnen und Aussen\" \/>\n<meta property=\"og:description\" content=\"Der Blumentopf in Betonoptik besteht innen aus glasfaserverst\u00e4rktem Kunststoff.Seine langlebige und attraktive Oberfl\u00e4che besteht aus Quarz-Stein\" \/>\n<meta property=\"og:url\" content=\"https:\/\/worldofflowerpots.com\/sklep\/blumentopf-in-betonoptik-stefano\/\" \/>\n<meta property=\"og:site_name\" content=\"Blumenk\u00fcbel World of Flowerpots\" \/>\n<meta property=\"article:modified_time\" content=\"2019-04-16T07:52:06+00:00\" \/>\n<meta property=\"og:image\" content=\"https:\/\/worldofflowerpots.com\/wp-content\/uploads\/2019\/03\/blumentopf-betonoptik-Stefano-1000.jpg\" \/>\n\t<meta property=\"og:image:width\" content=\"2280\" \/>\n\t<meta property=\"og:image:height\" content=\"1612\" \/>\n\t<meta property=\"og:image:type\" content=\"image\/jpeg\" \/>\n<meta name=\"twitter:card\" content=\"summary_large_image\" \/>\n<meta name=\"twitter:label1\" content=\"Gesch\u00e4tzte Lesezeit\" \/>\n\t<meta name=\"twitter:data1\" content=\"3\u00a0Minuten\" \/>\n<script type=\"application\/ld+json\" class=\"yoast-schema-graph\">{\"@context\":\"https:\\\/\\\/schema.org\",\"@graph\":[{\"@type\":\"WebPage\",\"@id\":\"https:\\\/\\\/worldofflowerpots.com\\\/sklep\\\/blumentopf-in-betonoptik-stefano\\\/\",\"url\":\"https:\\\/\\\/worldofflowerpots.com\\\/sklep\\\/blumentopf-in-betonoptik-stefano\\\/\",\"name\":\"Blumentopf in Betonoptik eine wahre Augenweide f\u00fcr Ihnen und Aussen\",\"isPartOf\":{\"@id\":\"https:\\\/\\\/worldofflowerpots.com\\\/#website\"},\"primaryImageOfPage\":{\"@id\":\"https:\\\/\\\/worldofflowerpots.com\\\/sklep\\\/blumentopf-in-betonoptik-stefano\\\/#primaryimage\"},\"image\":{\"@id\":\"https:\\\/\\\/worldofflowerpots.com\\\/sklep\\\/blumentopf-in-betonoptik-stefano\\\/#primaryimage\"},\"thumbnailUrl\":\"https:\\\/\\\/worldofflowerpots.com\\\/wp-content\\\/uploads\\\/2019\\\/03\\\/blumentopf-betonoptik-Stefano-1000.jpg\",\"datePublished\":\"2019-03-14T13:15:13+00:00\",\"dateModified\":\"2019-04-16T07:52:06+00:00\",\"description\":\"Der Blumentopf in Betonoptik besteht innen aus glasfaserverst\u00e4rktem Kunststoff.Seine langlebige und attraktive Oberfl\u00e4che besteht aus Quarz-Stein\",\"breadcrumb\":{\"@id\":\"https:\\\/\\\/worldofflowerpots.com\\\/sklep\\\/blumentopf-in-betonoptik-stefano\\\/#breadcrumb\"},\"inLanguage\":\"de\",\"potentialAction\":[{\"@type\":\"ReadAction\",\"target\":[\"https:\\\/\\\/worldofflowerpots.com\\\/sklep\\\/blumentopf-in-betonoptik-stefano\\\/\"]}]},{\"@type\":\"ImageObject\",\"inLanguage\":\"de\",\"@id\":\"https:\\\/\\\/worldofflowerpots.com\\\/sklep\\\/blumentopf-in-betonoptik-stefano\\\/#primaryimage\",\"url\":\"https:\\\/\\\/worldofflowerpots.com\\\/wp-content\\\/uploads\\\/2019\\\/03\\\/blumentopf-betonoptik-Stefano-1000.jpg\",\"contentUrl\":\"https:\\\/\\\/worldofflowerpots.com\\\/wp-content\\\/uploads\\\/2019\\\/03\\\/blumentopf-betonoptik-Stefano-1000.jpg\",\"width\":2280,\"height\":1612},{\"@type\":\"BreadcrumbList\",\"@id\":\"https:\\\/\\\/worldofflowerpots.com\\\/sklep\\\/blumentopf-in-betonoptik-stefano\\\/#breadcrumb\",\"itemListElement\":[{\"@type\":\"ListItem\",\"position\":1,\"name\":\"Strona g\u0142\u00f3wna\",\"item\":\"https:\\\/\\\/worldofflowerpots.com\\\/blumenkuebel-grosse-auswahl\\\/\"},{\"@type\":\"ListItem\",\"position\":2,\"name\":\"Shop\",\"item\":\"https:\\\/\\\/worldofflowerpots.com\\\/sortiment\\\/\"},{\"@type\":\"ListItem\",\"position\":3,\"name\":\"Blumentopf in Betonoptik Model Stefano\"}]},{\"@type\":\"WebSite\",\"@id\":\"https:\\\/\\\/worldofflowerpots.com\\\/#website\",\"url\":\"https:\\\/\\\/worldofflowerpots.com\\\/\",\"name\":\"Blumenk\u00fcbel World of Flowerpots\",\"description\":\"Pflanzk\u00fcbel beton, blumentr\u00f6ge, blumenk\u00fcbel gro\u00df, cortenstahl, fiberglas\",\"potentialAction\":[{\"@type\":\"SearchAction\",\"target\":{\"@type\":\"EntryPoint\",\"urlTemplate\":\"https:\\\/\\\/worldofflowerpots.com\\\/?s={search_term_string}\"},\"query-input\":{\"@type\":\"PropertyValueSpecification\",\"valueRequired\":true,\"valueName\":\"search_term_string\"}}],\"inLanguage\":\"de\"}]}<\/script>\n<!-- \/ Yoast SEO plugin. -->","yoast_head_json":{"title":"Blumentopf in Betonoptik eine wahre Augenweide f\u00fcr Ihnen und Aussen","description":"Der Blumentopf in Betonoptik besteht innen aus glasfaserverst\u00e4rktem Kunststoff.Seine langlebige und attraktive Oberfl\u00e4che besteht aus Quarz-Stein","robots":{"index":"index","follow":"follow","max-snippet":"max-snippet:-1","max-image-preview":"max-image-preview:large","max-video-preview":"max-video-preview:-1"},"canonical":"https:\/\/worldofflowerpots.com\/sklep\/blumentopf-in-betonoptik-stefano\/","og_locale":"de_DE","og_type":"article","og_title":"Blumentopf in Betonoptik eine wahre Augenweide f\u00fcr Ihnen und Aussen","og_description":"Der Blumentopf in Betonoptik besteht innen aus glasfaserverst\u00e4rktem Kunststoff.Seine langlebige und attraktive Oberfl\u00e4che besteht aus Quarz-Stein","og_url":"https:\/\/worldofflowerpots.com\/sklep\/blumentopf-in-betonoptik-stefano\/","og_site_name":"Blumenk\u00fcbel World of Flowerpots","article_modified_time":"2019-04-16T07:52:06+00:00","og_image":[{"width":2280,"height":1612,"url":"https:\/\/worldofflowerpots.com\/wp-content\/uploads\/2019\/03\/blumentopf-betonoptik-Stefano-1000.jpg","type":"image\/jpeg"}],"twitter_card":"summary_large_image","twitter_misc":{"Gesch\u00e4tzte Lesezeit":"3\u00a0Minuten"},"schema":{"@context":"https:\/\/schema.org","@graph":[{"@type":"WebPage","@id":"https:\/\/worldofflowerpots.com\/sklep\/blumentopf-in-betonoptik-stefano\/","url":"https:\/\/worldofflowerpots.com\/sklep\/blumentopf-in-betonoptik-stefano\/","name":"Blumentopf in Betonoptik eine wahre Augenweide f\u00fcr Ihnen und Aussen","isPartOf":{"@id":"https:\/\/worldofflowerpots.com\/#website"},"primaryImageOfPage":{"@id":"https:\/\/worldofflowerpots.com\/sklep\/blumentopf-in-betonoptik-stefano\/#primaryimage"},"image":{"@id":"https:\/\/worldofflowerpots.com\/sklep\/blumentopf-in-betonoptik-stefano\/#primaryimage"},"thumbnailUrl":"https:\/\/worldofflowerpots.com\/wp-content\/uploads\/2019\/03\/blumentopf-betonoptik-Stefano-1000.jpg","datePublished":"2019-03-14T13:15:13+00:00","dateModified":"2019-04-16T07:52:06+00:00","description":"Der Blumentopf in Betonoptik besteht innen aus glasfaserverst\u00e4rktem Kunststoff.Seine langlebige und attraktive Oberfl\u00e4che besteht aus Quarz-Stein","breadcrumb":{"@id":"https:\/\/worldofflowerpots.com\/sklep\/blumentopf-in-betonoptik-stefano\/#breadcrumb"},"inLanguage":"de","potentialAction":[{"@type":"ReadAction","target":["https:\/\/worldofflowerpots.com\/sklep\/blumentopf-in-betonoptik-stefano\/"]}]},{"@type":"ImageObject","inLanguage":"de","@id":"https:\/\/worldofflowerpots.com\/sklep\/blumentopf-in-betonoptik-stefano\/#primaryimage","url":"https:\/\/worldofflowerpots.com\/wp-content\/uploads\/2019\/03\/blumentopf-betonoptik-Stefano-1000.jpg","contentUrl":"https:\/\/worldofflowerpots.com\/wp-content\/uploads\/2019\/03\/blumentopf-betonoptik-Stefano-1000.jpg","width":2280,"height":1612},{"@type":"BreadcrumbList","@id":"https:\/\/worldofflowerpots.com\/sklep\/blumentopf-in-betonoptik-stefano\/#breadcrumb","itemListElement":[{"@type":"ListItem","position":1,"name":"Strona g\u0142\u00f3wna","item":"https:\/\/worldofflowerpots.com\/blumenkuebel-grosse-auswahl\/"},{"@type":"ListItem","position":2,"name":"Shop","item":"https:\/\/worldofflowerpots.com\/sortiment\/"},{"@type":"ListItem","position":3,"name":"Blumentopf in Betonoptik Model Stefano"}]},{"@type":"WebSite","@id":"https:\/\/worldofflowerpots.com\/#website","url":"https:\/\/worldofflowerpots.com\/","name":"Blumenk\u00fcbel World of Flowerpots","description":"Pflanzk\u00fcbel beton, blumentr\u00f6ge, blumenk\u00fcbel gro\u00df, cortenstahl, fiberglas","potentialAction":[{"@type":"SearchAction","target":{"@type":"EntryPoint","urlTemplate":"https:\/\/worldofflowerpots.com\/?s={search_term_string}"},"query-input":{"@type":"PropertyValueSpecification","valueRequired":true,"valueName":"search_term_string"}}],"inLanguage":"de"}]}},"_links":{"self":[{"href":"https:\/\/worldofflowerpots.com\/de\/wp-json\/wp\/v2\/product\/55759","targetHints":{"allow":["GET"]}}],"collection":[{"href":"https:\/\/worldofflowerpots.com\/de\/wp-json\/wp\/v2\/product"}],"about":[{"href":"https:\/\/worldofflowerpots.com\/de\/wp-json\/wp\/v2\/types\/product"}],"wp:featuredmedia":[{"embeddable":true,"href":"https:\/\/worldofflowerpots.com\/de\/wp-json\/wp\/v2\/media\/59349"}],"wp:attachment":[{"href":"https:\/\/worldofflowerpots.com\/de\/wp-json\/wp\/v2\/media?parent=55759"}],"wp:term":[{"taxonomy":"product_brand","embeddable":true,"href":"https:\/\/worldofflowerpots.com\/de\/wp-json\/wp\/v2\/product_brand?post=55759"},{"taxonomy":"product_cat","embeddable":true,"href":"https:\/\/worldofflowerpots.com\/de\/wp-json\/wp\/v2\/product_cat?post=55759"},{"taxonomy":"product_tag","embeddable":true,"href":"https:\/\/worldofflowerpots.com\/de\/wp-json\/wp\/v2\/product_tag?post=55759"}],"curies":[{"name":"wp","href":"https:\/\/api.w.org\/{rel}","templated":true}]}}