{"id":55760,"date":"2019-03-13T11:16:07","date_gmt":"2019-03-13T10:16:07","guid":{"rendered":"https:\/\/worldofflowerpots.com\/sklep\/luca\/"},"modified":"2019-04-16T10:27:24","modified_gmt":"2019-04-16T08:27:24","slug":"pflanzgefaesse-in-betonoptik-luca","status":"publish","type":"product","link":"https:\/\/worldofflowerpots.com\/de\/sortiment\/pflanzgefaesse-in-betonoptik-luca\/","title":{"rendered":"Pflanzgef\u00e4\u00dfe in Betonoptik Model Luca"},"content":{"rendered":"<p>Pflanzgef\u00e4\u00dfe in Betonoptik sind sehr vielseitig und liegen im Trend. Unsere Pflanzgef\u00e4\u00dfe bestehen aus einem Fiberglaskern und die sch\u00f6ne Betonoptik wird dadurch erreicht, dass au\u00dfen ein Quarzsteingemisch aufgetragen wird, wie vergleichsweise Betonputz auf eine Mauer. Zur Verf\u00fcgung stehen die Farben wei\u00df, grau, zwei verschiedene Braunt\u00f6ne und schwarz. Dar\u00fcber hinaus gibt es den Pflanzk\u00fcbel in Betonoptik Modell Luca auch in unterschiedlichen Musterungen, sodass Sie eine gro\u00dfe Auswahl an Designs vorfinden. Wenn Ihnen die Farbe trotzdem einmal nicht mehr gef\u00e4llt, kann er problemlos mit Fassadenfarbe in Ihrem Wunschfarbton gestrichen werden.<\/p>\n<h3>Pflanzgef\u00e4\u00dfe in Betonoptik f\u00fcr einen sch\u00f6nen Garten<\/h3>\n<p>Der Pflanzk\u00fcbel Luca ist ganze zwei Meter lang und 50 Zentimeter breit und wiegt trotzdem nur etwa 42 Kilogramm. In einer bequemen Pflanzh\u00f6he von 50 Zentimetern k\u00f6nnen Sie sehr viele Gr\u00fcnpflanzen oder Blumen unterbringen. Der Pflanzk\u00fcbel Luca ist perfekt als Terrassenbegrenzung oder zur Abtrennung oder Flankierung von Sitzpl\u00e4tzen im Freien geeignet. Aufgrund der attraktiven Designauswahl f\u00fcr den Pflanzk\u00fcbel Luca finden Sie f\u00fcr jeden Gartenstil den passenden Pflanzk\u00fcbel. Schwarz und Wei\u00df passt besonders sch\u00f6n zu Terrassenplatten aus Schiefer und die Braunt\u00f6ne zu Polygonalplatten, WPC Platten oder Holzdielen. So k\u00f6nnen Sie die Pflanzgef\u00e4\u00dfe in Betonoptik nach Herzenslust kombinieren.<\/p>\n<h3>Vorteile der Pflanzk\u00fcbel in Betonoptik<\/h3>\n<p>Pflanzk\u00fcbel, wie das Modell Luca sind UV-best\u00e4ndig, wetterfest, robust und \u00e4u\u00dferst stabil. Wenn der Ablauf von \u00fcbersch\u00fcssigem Wasser gew\u00e4hrleistet ist, sind diese Pflanzgef\u00e4\u00dfe zudem frostfest. Trotz der enormen Gr\u00f6\u00dfe des Pflanzk\u00fcbels Luca ist er durch das Fiberglasmaterial im Kern relativ leicht. Dadurch l\u00e4sst er sich leicht an einen anderen Ort transportieren, wenn sich keine Erde darin befindet. So haben Sie die M\u00f6glichkeit den Standort zu wechseln, falls dies einmal erforderlich sein sollte. Pflanzk\u00fcbel in Betonoptik passen sich an jeden Architekturstil an und bei uns finden Sie garantiert das passende Design f\u00fcr Ihr Haus oder Ihren Garten, und wenn es nicht mehr passt, k\u00f6nnen Sie die Pflanzgef\u00e4\u00dfe in Betonoptik \u00fcberstreichen.<\/p>\n","protected":false},"excerpt":{"rendered":"<p>Material: Kern Fiberglas Oberfl\u00e4che Quarz- Stein<br \/>\nFarben: wei\u00df, grau, schwarz und 2 braune Farbt\u00f6ne<br \/>\nUV-resistent<\/p>\n<p>Gewicht: 42 kg<br \/>\nAbmessungen: B500mm H500mm L2000mm<br \/>\nWetterfest<\/p>\n<p>Robust und Stabil<br \/>\nFrostbest\u00e4ndig bei gew\u00e4hrleistetem Wasserablauf<\/p>\n","protected":false},"featured_media":59518,"template":"","meta":{"_acf_changed":false},"product_brand":[],"product_cat":[386],"product_tag":[],"class_list":{"0":"post-55760","1":"product","2":"type-product","3":"status-publish","4":"has-post-thumbnail","6":"product_cat-pflanzkuebel-fiberglas-stone","7":"description-off","8":"tm-has-options","10":"first","11":"instock","12":"shipping-taxable","13":"purchasable","14":"product-type-simple"},"acf":[],"yoast_head":"<!-- This site is optimized with the Yoast SEO plugin v27.5 - https:\/\/yoast.com\/product\/yoast-seo-wordpress\/ -->\n<title>Pflanzgef\u00e4\u00dfe in Betonoptik sind sehr vielseitig und liegen im Trend<\/title>\n<meta name=\"description\" content=\"Pflanzk\u00fcbel, wie das Modell Luca sind UV-best\u00e4ndig, wetterfest, robust und \u00e4u\u00dferst stabil.Durch das Fiberglasmaterial im Kern relativ leicht.\" \/>\n<meta name=\"robots\" content=\"index, follow, max-snippet:-1, max-image-preview:large, max-video-preview:-1\" \/>\n<link rel=\"canonical\" href=\"https:\/\/worldofflowerpots.com\/sklep\/pflanzgefaesse-in-betonoptik-luca\/\" \/>\n<meta property=\"og:locale\" content=\"de_DE\" \/>\n<meta property=\"og:type\" content=\"article\" \/>\n<meta property=\"og:title\" content=\"Pflanzgef\u00e4\u00dfe in Betonoptik sind sehr vielseitig und liegen im Trend\" \/>\n<meta property=\"og:description\" content=\"Pflanzk\u00fcbel, wie das Modell Luca sind UV-best\u00e4ndig, wetterfest, robust und \u00e4u\u00dferst stabil.Durch das Fiberglasmaterial im Kern relativ leicht.\" \/>\n<meta property=\"og:url\" content=\"https:\/\/worldofflowerpots.com\/sklep\/pflanzgefaesse-in-betonoptik-luca\/\" \/>\n<meta property=\"og:site_name\" content=\"Blumenk\u00fcbel World of Flowerpots\" \/>\n<meta property=\"article:modified_time\" content=\"2019-04-16T08:27:24+00:00\" \/>\n<meta property=\"og:image\" content=\"https:\/\/worldofflowerpots.com\/wp-content\/uploads\/2019\/03\/pflanzgef\u00e4\u00dfe-betonoptik-Luca.jpg\" \/>\n\t<meta property=\"og:image:width\" content=\"2280\" \/>\n\t<meta property=\"og:image:height\" content=\"1612\" \/>\n\t<meta property=\"og:image:type\" content=\"image\/jpeg\" \/>\n<meta name=\"twitter:card\" content=\"summary_large_image\" \/>\n<meta name=\"twitter:label1\" content=\"Gesch\u00e4tzte Lesezeit\" \/>\n\t<meta name=\"twitter:data1\" content=\"2\u00a0Minuten\" \/>\n<script type=\"application\/ld+json\" class=\"yoast-schema-graph\">{\"@context\":\"https:\\\/\\\/schema.org\",\"@graph\":[{\"@type\":\"WebPage\",\"@id\":\"https:\\\/\\\/worldofflowerpots.com\\\/sklep\\\/pflanzgefaesse-in-betonoptik-luca\\\/\",\"url\":\"https:\\\/\\\/worldofflowerpots.com\\\/sklep\\\/pflanzgefaesse-in-betonoptik-luca\\\/\",\"name\":\"Pflanzgef\u00e4\u00dfe in Betonoptik sind sehr vielseitig und liegen im Trend\",\"isPartOf\":{\"@id\":\"https:\\\/\\\/worldofflowerpots.com\\\/#website\"},\"primaryImageOfPage\":{\"@id\":\"https:\\\/\\\/worldofflowerpots.com\\\/sklep\\\/pflanzgefaesse-in-betonoptik-luca\\\/#primaryimage\"},\"image\":{\"@id\":\"https:\\\/\\\/worldofflowerpots.com\\\/sklep\\\/pflanzgefaesse-in-betonoptik-luca\\\/#primaryimage\"},\"thumbnailUrl\":\"https:\\\/\\\/worldofflowerpots.com\\\/wp-content\\\/uploads\\\/2019\\\/03\\\/pflanzgef\u00e4\u00dfe-betonoptik-Luca.jpg\",\"datePublished\":\"2019-03-13T10:16:07+00:00\",\"dateModified\":\"2019-04-16T08:27:24+00:00\",\"description\":\"Pflanzk\u00fcbel, wie das Modell Luca sind UV-best\u00e4ndig, wetterfest, robust und \u00e4u\u00dferst stabil.Durch das Fiberglasmaterial im Kern relativ leicht.\",\"breadcrumb\":{\"@id\":\"https:\\\/\\\/worldofflowerpots.com\\\/sklep\\\/pflanzgefaesse-in-betonoptik-luca\\\/#breadcrumb\"},\"inLanguage\":\"de\",\"potentialAction\":[{\"@type\":\"ReadAction\",\"target\":[\"https:\\\/\\\/worldofflowerpots.com\\\/sklep\\\/pflanzgefaesse-in-betonoptik-luca\\\/\"]}]},{\"@type\":\"ImageObject\",\"inLanguage\":\"de\",\"@id\":\"https:\\\/\\\/worldofflowerpots.com\\\/sklep\\\/pflanzgefaesse-in-betonoptik-luca\\\/#primaryimage\",\"url\":\"https:\\\/\\\/worldofflowerpots.com\\\/wp-content\\\/uploads\\\/2019\\\/03\\\/pflanzgef\u00e4\u00dfe-betonoptik-Luca.jpg\",\"contentUrl\":\"https:\\\/\\\/worldofflowerpots.com\\\/wp-content\\\/uploads\\\/2019\\\/03\\\/pflanzgef\u00e4\u00dfe-betonoptik-Luca.jpg\",\"width\":2280,\"height\":1612},{\"@type\":\"BreadcrumbList\",\"@id\":\"https:\\\/\\\/worldofflowerpots.com\\\/sklep\\\/pflanzgefaesse-in-betonoptik-luca\\\/#breadcrumb\",\"itemListElement\":[{\"@type\":\"ListItem\",\"position\":1,\"name\":\"Strona g\u0142\u00f3wna\",\"item\":\"https:\\\/\\\/worldofflowerpots.com\\\/blumenkuebel-grosse-auswahl\\\/\"},{\"@type\":\"ListItem\",\"position\":2,\"name\":\"Shop\",\"item\":\"https:\\\/\\\/worldofflowerpots.com\\\/sortiment\\\/\"},{\"@type\":\"ListItem\",\"position\":3,\"name\":\"Pflanzgef\u00e4\u00dfe in Betonoptik Model Luca\"}]},{\"@type\":\"WebSite\",\"@id\":\"https:\\\/\\\/worldofflowerpots.com\\\/#website\",\"url\":\"https:\\\/\\\/worldofflowerpots.com\\\/\",\"name\":\"Blumenk\u00fcbel World of Flowerpots\",\"description\":\"Pflanzk\u00fcbel beton, blumentr\u00f6ge, blumenk\u00fcbel gro\u00df, cortenstahl, fiberglas\",\"potentialAction\":[{\"@type\":\"SearchAction\",\"target\":{\"@type\":\"EntryPoint\",\"urlTemplate\":\"https:\\\/\\\/worldofflowerpots.com\\\/?s={search_term_string}\"},\"query-input\":{\"@type\":\"PropertyValueSpecification\",\"valueRequired\":true,\"valueName\":\"search_term_string\"}}],\"inLanguage\":\"de\"}]}<\/script>\n<!-- \/ Yoast SEO plugin. -->","yoast_head_json":{"title":"Pflanzgef\u00e4\u00dfe in Betonoptik sind sehr vielseitig und liegen im Trend","description":"Pflanzk\u00fcbel, wie das Modell Luca sind UV-best\u00e4ndig, wetterfest, robust und \u00e4u\u00dferst stabil.Durch das Fiberglasmaterial im Kern relativ leicht.","robots":{"index":"index","follow":"follow","max-snippet":"max-snippet:-1","max-image-preview":"max-image-preview:large","max-video-preview":"max-video-preview:-1"},"canonical":"https:\/\/worldofflowerpots.com\/sklep\/pflanzgefaesse-in-betonoptik-luca\/","og_locale":"de_DE","og_type":"article","og_title":"Pflanzgef\u00e4\u00dfe in Betonoptik sind sehr vielseitig und liegen im Trend","og_description":"Pflanzk\u00fcbel, wie das Modell Luca sind UV-best\u00e4ndig, wetterfest, robust und \u00e4u\u00dferst stabil.Durch das Fiberglasmaterial im Kern relativ leicht.","og_url":"https:\/\/worldofflowerpots.com\/sklep\/pflanzgefaesse-in-betonoptik-luca\/","og_site_name":"Blumenk\u00fcbel World of Flowerpots","article_modified_time":"2019-04-16T08:27:24+00:00","og_image":[{"width":2280,"height":1612,"url":"https:\/\/worldofflowerpots.com\/wp-content\/uploads\/2019\/03\/pflanzgef\u00e4\u00dfe-betonoptik-Luca.jpg","type":"image\/jpeg"}],"twitter_card":"summary_large_image","twitter_misc":{"Gesch\u00e4tzte Lesezeit":"2\u00a0Minuten"},"schema":{"@context":"https:\/\/schema.org","@graph":[{"@type":"WebPage","@id":"https:\/\/worldofflowerpots.com\/sklep\/pflanzgefaesse-in-betonoptik-luca\/","url":"https:\/\/worldofflowerpots.com\/sklep\/pflanzgefaesse-in-betonoptik-luca\/","name":"Pflanzgef\u00e4\u00dfe in Betonoptik sind sehr vielseitig und liegen im Trend","isPartOf":{"@id":"https:\/\/worldofflowerpots.com\/#website"},"primaryImageOfPage":{"@id":"https:\/\/worldofflowerpots.com\/sklep\/pflanzgefaesse-in-betonoptik-luca\/#primaryimage"},"image":{"@id":"https:\/\/worldofflowerpots.com\/sklep\/pflanzgefaesse-in-betonoptik-luca\/#primaryimage"},"thumbnailUrl":"https:\/\/worldofflowerpots.com\/wp-content\/uploads\/2019\/03\/pflanzgef\u00e4\u00dfe-betonoptik-Luca.jpg","datePublished":"2019-03-13T10:16:07+00:00","dateModified":"2019-04-16T08:27:24+00:00","description":"Pflanzk\u00fcbel, wie das Modell Luca sind UV-best\u00e4ndig, wetterfest, robust und \u00e4u\u00dferst stabil.Durch das Fiberglasmaterial im Kern relativ leicht.","breadcrumb":{"@id":"https:\/\/worldofflowerpots.com\/sklep\/pflanzgefaesse-in-betonoptik-luca\/#breadcrumb"},"inLanguage":"de","potentialAction":[{"@type":"ReadAction","target":["https:\/\/worldofflowerpots.com\/sklep\/pflanzgefaesse-in-betonoptik-luca\/"]}]},{"@type":"ImageObject","inLanguage":"de","@id":"https:\/\/worldofflowerpots.com\/sklep\/pflanzgefaesse-in-betonoptik-luca\/#primaryimage","url":"https:\/\/worldofflowerpots.com\/wp-content\/uploads\/2019\/03\/pflanzgef\u00e4\u00dfe-betonoptik-Luca.jpg","contentUrl":"https:\/\/worldofflowerpots.com\/wp-content\/uploads\/2019\/03\/pflanzgef\u00e4\u00dfe-betonoptik-Luca.jpg","width":2280,"height":1612},{"@type":"BreadcrumbList","@id":"https:\/\/worldofflowerpots.com\/sklep\/pflanzgefaesse-in-betonoptik-luca\/#breadcrumb","itemListElement":[{"@type":"ListItem","position":1,"name":"Strona g\u0142\u00f3wna","item":"https:\/\/worldofflowerpots.com\/blumenkuebel-grosse-auswahl\/"},{"@type":"ListItem","position":2,"name":"Shop","item":"https:\/\/worldofflowerpots.com\/sortiment\/"},{"@type":"ListItem","position":3,"name":"Pflanzgef\u00e4\u00dfe in Betonoptik Model Luca"}]},{"@type":"WebSite","@id":"https:\/\/worldofflowerpots.com\/#website","url":"https:\/\/worldofflowerpots.com\/","name":"Blumenk\u00fcbel World of Flowerpots","description":"Pflanzk\u00fcbel beton, blumentr\u00f6ge, blumenk\u00fcbel gro\u00df, cortenstahl, fiberglas","potentialAction":[{"@type":"SearchAction","target":{"@type":"EntryPoint","urlTemplate":"https:\/\/worldofflowerpots.com\/?s={search_term_string}"},"query-input":{"@type":"PropertyValueSpecification","valueRequired":true,"valueName":"search_term_string"}}],"inLanguage":"de"}]}},"_links":{"self":[{"href":"https:\/\/worldofflowerpots.com\/de\/wp-json\/wp\/v2\/product\/55760","targetHints":{"allow":["GET"]}}],"collection":[{"href":"https:\/\/worldofflowerpots.com\/de\/wp-json\/wp\/v2\/product"}],"about":[{"href":"https:\/\/worldofflowerpots.com\/de\/wp-json\/wp\/v2\/types\/product"}],"wp:featuredmedia":[{"embeddable":true,"href":"https:\/\/worldofflowerpots.com\/de\/wp-json\/wp\/v2\/media\/59518"}],"wp:attachment":[{"href":"https:\/\/worldofflowerpots.com\/de\/wp-json\/wp\/v2\/media?parent=55760"}],"wp:term":[{"taxonomy":"product_brand","embeddable":true,"href":"https:\/\/worldofflowerpots.com\/de\/wp-json\/wp\/v2\/product_brand?post=55760"},{"taxonomy":"product_cat","embeddable":true,"href":"https:\/\/worldofflowerpots.com\/de\/wp-json\/wp\/v2\/product_cat?post=55760"},{"taxonomy":"product_tag","embeddable":true,"href":"https:\/\/worldofflowerpots.com\/de\/wp-json\/wp\/v2\/product_tag?post=55760"}],"curies":[{"name":"wp","href":"https:\/\/api.w.org\/{rel}","templated":true}]}}